{"id":171336,"date":"2022-12-11T01:26:10","date_gmt":"2022-12-11T00:26:10","guid":{"rendered":"https:\/\/marktxxl.de\/markt\/produkt\/m-asam-clear-skin-set-gesichtsreinigungs-set-gegen-pickel-hautunreinheiten-beinhaltet-reinigungsgel-200ml-klaerungstonic-200ml-24h-effect-cream-100ml-reinigungsmaske-10\/"},"modified":"2023-04-11T04:58:31","modified_gmt":"2023-04-11T02:58:31","slug":"m-asam-clear-skin-set-gesichtsreinigungs-set-gegen-pickel-hautunreinheiten-beinhaltet-reinigungsgel-200ml-klaerungstonic-200ml-24h-effect-cream-100ml-reinigungsmaske-10","status":"publish","type":"product","link":"https:\/\/marktxxl.de\/markt\/produkt\/m-asam-clear-skin-set-gesichtsreinigungs-set-gegen-pickel-hautunreinheiten-beinhaltet-reinigungsgel-200ml-klaerungstonic-200ml-24h-effect-cream-100ml-reinigungsmaske-10\/","title":{"rendered":"M. Asam CLEAR SKIN Set \u2013 Gesichtsreinigungs-Set gegen Pickel &amp; Hautunreinheiten beinhaltet Reinigungsgel (200ml\u2026"},"content":{"rendered":"<p>SCHLUSS MIT PICKELN &amp; UNREINER HAUT IN 4 SCHRITTEN: Das CLEAR SKIN Set aus dem asambeauty Sortiment besteht aus vier perfekt aufeinander abgestimmten Produkten gegen unreine Haut. Ihre Wirksamkeit und Vertr\u00e4glichkeit sind dermatologisch best\u00e4tigt. Die vier veganen Power-Produkte erzielen maximale Ergebnisse, reduzieren Unreinheiten sichtbar und verfeinern das Porenbild. F\u00fcr eine reine, sch\u00f6ne und frische Haut!<br \/>\nSCHRITT 1 &#8211; REINIGUNGSGEL: Erfrischendes Reinigungsgel entfernt Unreinheiten, Talg und Schmutz, wodurch die Haut porentief gereinigt wird. Somit wird eine erneute Bildung von Pickeln &amp; Mitessern vorgebeugt und das Porenbild verfeinert. Das Reinigungsgel beinhaltet AHA &amp; BHA in milder Konzentration. Morgens und abends auf das Gesicht einmassieren und mit lauwarmem Wasser gr\u00fcndlich abnehmen.<br \/>\nSCHRITT 2 &#8211; KL\u00c4RUNGSTONIC: Das 4-in-1 Gesichtswasser wirkt gegen Pickel, Mitesser und reguliert die Talgproduktion. Zudem spendet es Feuchtigkeit mit Aloe Vera und kl\u00e4rt mit Vitamin B3, Rosskastanie und Biotin \u2013 f\u00fcr eine beruhigende und erfrischende Wirkung. Morgens und abends nach der Reinigung mit einem Wattepad auf das Gesicht auftragen.<br \/>\nSCHRITT 3 &#8211; 24H EFFECT CREAM: Mattierende Feuchtigkeitscreme gegen Pickel und Unreinheiten mit antibakteriellem wirkendem Teebaum\u00f6l und entz\u00fcndungshemmender Formulierung. Sie sch\u00fctzt vor externen Einfl\u00fcssen, wirkt ausgleichend und beruhigend und verbessert das Hautbild. Morgens und abends auf das Gesicht auftragen und sanft einmassieren.<br \/>\nSCHRITT 4 &#8211; REINIGUNGSMASKE: Die irritierte Haut wird mit der balancierende Tonerde-Gesichtsmaske beruhigt. Gleichzeitig wirkt das aktive Ton-Mineral mattierend und das kaltgepresste Traubenkern\u00f6l entspannt die Haut. Es werden Pickel und Mitesser bek\u00e4mpft und das Porenbild verfeinert. 1\u20132 Mal w\u00f6chentlich auf das Gesicht auftragen und nach ca. 10 Minuten mit lauwarmem Wasser abnehmen.<br \/>\n<div class=\"main-cross-sell\" data-asin=\"B00M7CVWPQ\">\n\n\t<div class=\"WooZone-cross-sell-loader\">\n\t\t<div>\n\t\t\t<div id=\"floatingBarsG\">\n\t\t\t\t<div class=\"blockG\" id=\"rotateG_01\"><\/div>\n\t\t\t\t<div class=\"blockG\" id=\"rotateG_02\"><\/div>\n\t\t\t\t<div class=\"blockG\" id=\"rotateG_03\"><\/div>\n\t\t\t\t<div class=\"blockG\" id=\"rotateG_04\"><\/div>\n\t\t\t\t<div class=\"blockG\" id=\"rotateG_05\"><\/div>\n\t\t\t\t<div class=\"blockG\" id=\"rotateG_06\"><\/div>\n\t\t\t\t<div class=\"blockG\" id=\"rotateG_07\"><\/div>\n\t\t\t\t<div class=\"blockG\" id=\"rotateG_08\"><\/div>\n\t\t\t<\/div>\n\t\t\t<div class=\"WooZone-cross-sell-loader-text\"><\/div>\n\t\t<\/div>\n\t<\/div>\n\n\t\t\n<\/div>\n<div style=\"clear:both;\"><\/div><\/p>\n","protected":false},"excerpt":{"rendered":"<p>SCHLUSS MIT PICKELN &amp; UNREINER HAUT IN 4 SCHRITTEN: Das CLEAR SKIN Set aus dem asambeauty Sortiment besteht aus vier perfekt aufeinander abgestimmten Produkten gegen unreine Haut. Ihre Wirksamkeit und Vertr\u00e4glichkeit sind dermatologisch best\u00e4tigt. Die vier veganen Power-Produkte erzielen maximale Ergebnisse, reduzieren Unreinheiten sichtbar und verfeinern das Porenbild. F\u00fcr eine reine, sch\u00f6ne und frische Haut!<br \/>\nSCHRITT 1 &#8211; REINIGUNGSGEL: Erfrischendes Reinigungsgel entfernt Unreinheiten, Talg und Schmutz, wodurch die Haut porentief gereinigt wird. Somit wird eine erneute Bildung von Pickeln &amp; Mitessern vorgebeugt und das Porenbild verfeinert. Das Reinigungsgel beinhaltet AHA &amp; BHA in milder Konzentration. Morgens und abends auf das Gesicht einmassieren und mit lauwarmem Wasser gr\u00fcndlich abnehmen.<br \/>\nSCHRITT 2 &#8211; KL\u00c4RUNGSTONIC: Das 4-in-1 Gesichtswasser wirkt gegen Pickel, Mitesser und reguliert die Talgproduktion. Zudem spendet es Feuchtigkeit mit Aloe Vera und kl\u00e4rt mit Vitamin B3, Rosskastanie und Biotin \u2013 f\u00fcr eine beruhigende und erfrischende Wirkung. Morgens und abends nach der Reinigung mit einem Wattepad auf das Gesicht auftragen.<\/p>\n","protected":false},"featured_media":171337,"comment_status":"open","ping_status":"closed","template":"","meta":[],"product_brand":[],"product_cat":[2858,6632],"product_tag":[],"class_list":{"0":"post-171336","1":"product","2":"type-product","3":"status-publish","4":"has-post-thumbnail","6":"product_cat-beauty","7":"product_cat-beauty-pflegesets","8":"pa_binding-misc","9":"pa_brand-m-asam","11":"first","12":"instock","13":"shipping-taxable","14":"purchasable","15":"product-type-simple","16":"customify-col","17":"product-has-gallery"},"yoast_head":"<!-- This site is optimized with the Yoast SEO plugin v27.4 - https:\/\/yoast.com\/product\/yoast-seo-wordpress\/ -->\n<title>M. Asam CLEAR SKIN Set \u2013 Gesichtsreinigungs-Set gegen Pickel &amp; Hautunreinheiten beinhaltet Reinigungsgel (200ml\u2026 - Markt-XXL<\/title>\n<meta name=\"description\" content=\"Markt-XXL M. Asam CLEAR SKIN Set \u2013 Gesichtsreinigungs-Set gegen Pickel &amp; Hautunreinheiten beinhaltet Reinigungsgel (200ml\u2026\" \/>\n<meta name=\"robots\" content=\"index, follow, max-snippet:-1, max-image-preview:large, max-video-preview:-1\" \/>\n<link rel=\"canonical\" href=\"https:\/\/marktxxl.de\/markt\/produkt\/m-asam-clear-skin-set-gesichtsreinigungs-set-gegen-pickel-hautunreinheiten-beinhaltet-reinigungsgel-200ml-klaerungstonic-200ml-24h-effect-cream-100ml-reinigungsmaske-10\/\" \/>\n<meta property=\"og:locale\" content=\"de_DE\" \/>\n<meta property=\"og:type\" content=\"article\" \/>\n<meta property=\"og:title\" content=\"M. Asam CLEAR SKIN Set \u2013 Gesichtsreinigungs-Set gegen Pickel &amp; Hautunreinheiten beinhaltet Reinigungsgel (200ml\u2026 - Markt-XXL\" \/>\n<meta property=\"og:description\" content=\"Markt-XXL M. Asam CLEAR SKIN Set \u2013 Gesichtsreinigungs-Set gegen Pickel &amp; Hautunreinheiten beinhaltet Reinigungsgel (200ml\u2026\" \/>\n<meta property=\"og:url\" content=\"https:\/\/marktxxl.de\/markt\/produkt\/m-asam-clear-skin-set-gesichtsreinigungs-set-gegen-pickel-hautunreinheiten-beinhaltet-reinigungsgel-200ml-klaerungstonic-200ml-24h-effect-cream-100ml-reinigungsmaske-10\/\" \/>\n<meta property=\"og:site_name\" content=\"Markt-XXL\" \/>\n<meta property=\"article:modified_time\" content=\"2023-04-11T02:58:31+00:00\" \/>\n<meta property=\"og:image\" content=\"https:\/\/m.media-amazon.com\/images\/I\/31Q3tiQY6TL._SL500_.jpg\" \/>\n\t<meta property=\"og:image:width\" content=\"500\" \/>\n\t<meta property=\"og:image:height\" content=\"500\" \/>\n\t<meta property=\"og:image:type\" content=\"image\/jpeg\" \/>\n<meta name=\"twitter:card\" content=\"summary_large_image\" \/>\n<meta name=\"twitter:label1\" content=\"Gesch\u00e4tzte Lesezeit\" \/>\n\t<meta name=\"twitter:data1\" content=\"1\u00a0Minute\" \/>\n<script type=\"application\/ld+json\" class=\"yoast-schema-graph\">{\"@context\":\"https:\\\/\\\/schema.org\",\"@graph\":[{\"@type\":\"WebPage\",\"@id\":\"https:\\\/\\\/marktxxl.de\\\/markt\\\/produkt\\\/m-asam-clear-skin-set-gesichtsreinigungs-set-gegen-pickel-hautunreinheiten-beinhaltet-reinigungsgel-200ml-klaerungstonic-200ml-24h-effect-cream-100ml-reinigungsmaske-10\\\/\",\"url\":\"https:\\\/\\\/marktxxl.de\\\/markt\\\/produkt\\\/m-asam-clear-skin-set-gesichtsreinigungs-set-gegen-pickel-hautunreinheiten-beinhaltet-reinigungsgel-200ml-klaerungstonic-200ml-24h-effect-cream-100ml-reinigungsmaske-10\\\/\",\"name\":\"M. Asam CLEAR SKIN Set \u2013 Gesichtsreinigungs-Set gegen Pickel &amp; Hautunreinheiten beinhaltet Reinigungsgel (200ml\u2026 - Markt-XXL\",\"isPartOf\":{\"@id\":\"https:\\\/\\\/marktxxl.de\\\/markt\\\/#website\"},\"primaryImageOfPage\":{\"@id\":\"https:\\\/\\\/marktxxl.de\\\/markt\\\/produkt\\\/m-asam-clear-skin-set-gesichtsreinigungs-set-gegen-pickel-hautunreinheiten-beinhaltet-reinigungsgel-200ml-klaerungstonic-200ml-24h-effect-cream-100ml-reinigungsmaske-10\\\/#primaryimage\"},\"image\":{\"@id\":\"https:\\\/\\\/marktxxl.de\\\/markt\\\/produkt\\\/m-asam-clear-skin-set-gesichtsreinigungs-set-gegen-pickel-hautunreinheiten-beinhaltet-reinigungsgel-200ml-klaerungstonic-200ml-24h-effect-cream-100ml-reinigungsmaske-10\\\/#primaryimage\"},\"thumbnailUrl\":\"https:\\\/\\\/m.media-amazon.com\\\/images\\\/I\\\/31Q3tiQY6TL._SL500_.jpg\",\"datePublished\":\"2022-12-11T00:26:10+00:00\",\"dateModified\":\"2023-04-11T02:58:31+00:00\",\"description\":\"Markt-XXL M. Asam CLEAR SKIN Set \u2013 Gesichtsreinigungs-Set gegen Pickel &amp; Hautunreinheiten beinhaltet Reinigungsgel (200ml\u2026\",\"breadcrumb\":{\"@id\":\"https:\\\/\\\/marktxxl.de\\\/markt\\\/produkt\\\/m-asam-clear-skin-set-gesichtsreinigungs-set-gegen-pickel-hautunreinheiten-beinhaltet-reinigungsgel-200ml-klaerungstonic-200ml-24h-effect-cream-100ml-reinigungsmaske-10\\\/#breadcrumb\"},\"inLanguage\":\"de\",\"potentialAction\":[{\"@type\":\"ReadAction\",\"target\":[\"https:\\\/\\\/marktxxl.de\\\/markt\\\/produkt\\\/m-asam-clear-skin-set-gesichtsreinigungs-set-gegen-pickel-hautunreinheiten-beinhaltet-reinigungsgel-200ml-klaerungstonic-200ml-24h-effect-cream-100ml-reinigungsmaske-10\\\/\"]}]},{\"@type\":\"ImageObject\",\"inLanguage\":\"de\",\"@id\":\"https:\\\/\\\/marktxxl.de\\\/markt\\\/produkt\\\/m-asam-clear-skin-set-gesichtsreinigungs-set-gegen-pickel-hautunreinheiten-beinhaltet-reinigungsgel-200ml-klaerungstonic-200ml-24h-effect-cream-100ml-reinigungsmaske-10\\\/#primaryimage\",\"url\":\"https:\\\/\\\/m.media-amazon.com\\\/images\\\/I\\\/31Q3tiQY6TL._SL500_.jpg\",\"contentUrl\":\"https:\\\/\\\/m.media-amazon.com\\\/images\\\/I\\\/31Q3tiQY6TL._SL500_.jpg\",\"width\":500,\"height\":500},{\"@type\":\"BreadcrumbList\",\"@id\":\"https:\\\/\\\/marktxxl.de\\\/markt\\\/produkt\\\/m-asam-clear-skin-set-gesichtsreinigungs-set-gegen-pickel-hautunreinheiten-beinhaltet-reinigungsgel-200ml-klaerungstonic-200ml-24h-effect-cream-100ml-reinigungsmaske-10\\\/#breadcrumb\",\"itemListElement\":[{\"@type\":\"ListItem\",\"position\":1,\"name\":\"Startseite\",\"item\":\"https:\\\/\\\/marktxxl.de\\\/markt\\\/\"},{\"@type\":\"ListItem\",\"position\":2,\"name\":\"Markt\",\"item\":\"https:\\\/\\\/marktxxl.de\\\/markt\\\/\"},{\"@type\":\"ListItem\",\"position\":3,\"name\":\"M. Asam CLEAR SKIN Set \u2013 Gesichtsreinigungs-Set gegen Pickel &amp; Hautunreinheiten beinhaltet Reinigungsgel (200ml\u2026\"}]},{\"@type\":\"WebSite\",\"@id\":\"https:\\\/\\\/marktxxl.de\\\/markt\\\/#website\",\"url\":\"https:\\\/\\\/marktxxl.de\\\/markt\\\/\",\"name\":\"Markt-XXL\",\"description\":\"Ihr Markt Online\",\"publisher\":{\"@id\":\"https:\\\/\\\/marktxxl.de\\\/markt\\\/#organization\"},\"potentialAction\":[{\"@type\":\"SearchAction\",\"target\":{\"@type\":\"EntryPoint\",\"urlTemplate\":\"https:\\\/\\\/marktxxl.de\\\/markt\\\/?s={search_term_string}\"},\"query-input\":{\"@type\":\"PropertyValueSpecification\",\"valueRequired\":true,\"valueName\":\"search_term_string\"}}],\"inLanguage\":\"de\"},{\"@type\":\"Organization\",\"@id\":\"https:\\\/\\\/marktxxl.de\\\/markt\\\/#organization\",\"name\":\"Markt-XXL\",\"url\":\"https:\\\/\\\/marktxxl.de\\\/markt\\\/\",\"logo\":{\"@type\":\"ImageObject\",\"inLanguage\":\"de\",\"@id\":\"https:\\\/\\\/marktxxl.de\\\/markt\\\/#\\\/schema\\\/logo\\\/image\\\/\",\"url\":\"https:\\\/\\\/marktxxl.de\\\/markt\\\/wp-content\\\/uploads\\\/sites\\\/3\\\/2020\\\/12\\\/logo.png\",\"contentUrl\":\"https:\\\/\\\/marktxxl.de\\\/markt\\\/wp-content\\\/uploads\\\/sites\\\/3\\\/2020\\\/12\\\/logo.png\",\"width\":200,\"height\":70,\"caption\":\"Markt-XXL\"},\"image\":{\"@id\":\"https:\\\/\\\/marktxxl.de\\\/markt\\\/#\\\/schema\\\/logo\\\/image\\\/\"}}]}<\/script>\n<!-- \/ Yoast SEO plugin. -->","yoast_head_json":{"title":"M. Asam CLEAR SKIN Set \u2013 Gesichtsreinigungs-Set gegen Pickel &amp; Hautunreinheiten beinhaltet Reinigungsgel (200ml\u2026 - Markt-XXL","description":"Markt-XXL M. Asam CLEAR SKIN Set \u2013 Gesichtsreinigungs-Set gegen Pickel &amp; Hautunreinheiten beinhaltet Reinigungsgel (200ml\u2026","robots":{"index":"index","follow":"follow","max-snippet":"max-snippet:-1","max-image-preview":"max-image-preview:large","max-video-preview":"max-video-preview:-1"},"canonical":"https:\/\/marktxxl.de\/markt\/produkt\/m-asam-clear-skin-set-gesichtsreinigungs-set-gegen-pickel-hautunreinheiten-beinhaltet-reinigungsgel-200ml-klaerungstonic-200ml-24h-effect-cream-100ml-reinigungsmaske-10\/","og_locale":"de_DE","og_type":"article","og_title":"M. Asam CLEAR SKIN Set \u2013 Gesichtsreinigungs-Set gegen Pickel &amp; Hautunreinheiten beinhaltet Reinigungsgel (200ml\u2026 - Markt-XXL","og_description":"Markt-XXL M. Asam CLEAR SKIN Set \u2013 Gesichtsreinigungs-Set gegen Pickel &amp; Hautunreinheiten beinhaltet Reinigungsgel (200ml\u2026","og_url":"https:\/\/marktxxl.de\/markt\/produkt\/m-asam-clear-skin-set-gesichtsreinigungs-set-gegen-pickel-hautunreinheiten-beinhaltet-reinigungsgel-200ml-klaerungstonic-200ml-24h-effect-cream-100ml-reinigungsmaske-10\/","og_site_name":"Markt-XXL","article_modified_time":"2023-04-11T02:58:31+00:00","og_image":[{"width":500,"height":500,"url":"https:\/\/m.media-amazon.com\/images\/I\/31Q3tiQY6TL._SL500_.jpg","type":"image\/jpeg"}],"twitter_card":"summary_large_image","twitter_misc":{"Gesch\u00e4tzte Lesezeit":"1\u00a0Minute"},"schema":{"@context":"https:\/\/schema.org","@graph":[{"@type":"WebPage","@id":"https:\/\/marktxxl.de\/markt\/produkt\/m-asam-clear-skin-set-gesichtsreinigungs-set-gegen-pickel-hautunreinheiten-beinhaltet-reinigungsgel-200ml-klaerungstonic-200ml-24h-effect-cream-100ml-reinigungsmaske-10\/","url":"https:\/\/marktxxl.de\/markt\/produkt\/m-asam-clear-skin-set-gesichtsreinigungs-set-gegen-pickel-hautunreinheiten-beinhaltet-reinigungsgel-200ml-klaerungstonic-200ml-24h-effect-cream-100ml-reinigungsmaske-10\/","name":"M. Asam CLEAR SKIN Set \u2013 Gesichtsreinigungs-Set gegen Pickel &amp; Hautunreinheiten beinhaltet Reinigungsgel (200ml\u2026 - Markt-XXL","isPartOf":{"@id":"https:\/\/marktxxl.de\/markt\/#website"},"primaryImageOfPage":{"@id":"https:\/\/marktxxl.de\/markt\/produkt\/m-asam-clear-skin-set-gesichtsreinigungs-set-gegen-pickel-hautunreinheiten-beinhaltet-reinigungsgel-200ml-klaerungstonic-200ml-24h-effect-cream-100ml-reinigungsmaske-10\/#primaryimage"},"image":{"@id":"https:\/\/marktxxl.de\/markt\/produkt\/m-asam-clear-skin-set-gesichtsreinigungs-set-gegen-pickel-hautunreinheiten-beinhaltet-reinigungsgel-200ml-klaerungstonic-200ml-24h-effect-cream-100ml-reinigungsmaske-10\/#primaryimage"},"thumbnailUrl":"https:\/\/m.media-amazon.com\/images\/I\/31Q3tiQY6TL._SL500_.jpg","datePublished":"2022-12-11T00:26:10+00:00","dateModified":"2023-04-11T02:58:31+00:00","description":"Markt-XXL M. Asam CLEAR SKIN Set \u2013 Gesichtsreinigungs-Set gegen Pickel &amp; Hautunreinheiten beinhaltet Reinigungsgel (200ml\u2026","breadcrumb":{"@id":"https:\/\/marktxxl.de\/markt\/produkt\/m-asam-clear-skin-set-gesichtsreinigungs-set-gegen-pickel-hautunreinheiten-beinhaltet-reinigungsgel-200ml-klaerungstonic-200ml-24h-effect-cream-100ml-reinigungsmaske-10\/#breadcrumb"},"inLanguage":"de","potentialAction":[{"@type":"ReadAction","target":["https:\/\/marktxxl.de\/markt\/produkt\/m-asam-clear-skin-set-gesichtsreinigungs-set-gegen-pickel-hautunreinheiten-beinhaltet-reinigungsgel-200ml-klaerungstonic-200ml-24h-effect-cream-100ml-reinigungsmaske-10\/"]}]},{"@type":"ImageObject","inLanguage":"de","@id":"https:\/\/marktxxl.de\/markt\/produkt\/m-asam-clear-skin-set-gesichtsreinigungs-set-gegen-pickel-hautunreinheiten-beinhaltet-reinigungsgel-200ml-klaerungstonic-200ml-24h-effect-cream-100ml-reinigungsmaske-10\/#primaryimage","url":"https:\/\/m.media-amazon.com\/images\/I\/31Q3tiQY6TL._SL500_.jpg","contentUrl":"https:\/\/m.media-amazon.com\/images\/I\/31Q3tiQY6TL._SL500_.jpg","width":500,"height":500},{"@type":"BreadcrumbList","@id":"https:\/\/marktxxl.de\/markt\/produkt\/m-asam-clear-skin-set-gesichtsreinigungs-set-gegen-pickel-hautunreinheiten-beinhaltet-reinigungsgel-200ml-klaerungstonic-200ml-24h-effect-cream-100ml-reinigungsmaske-10\/#breadcrumb","itemListElement":[{"@type":"ListItem","position":1,"name":"Startseite","item":"https:\/\/marktxxl.de\/markt\/"},{"@type":"ListItem","position":2,"name":"Markt","item":"https:\/\/marktxxl.de\/markt\/"},{"@type":"ListItem","position":3,"name":"M. Asam CLEAR SKIN Set \u2013 Gesichtsreinigungs-Set gegen Pickel &amp; Hautunreinheiten beinhaltet Reinigungsgel (200ml\u2026"}]},{"@type":"WebSite","@id":"https:\/\/marktxxl.de\/markt\/#website","url":"https:\/\/marktxxl.de\/markt\/","name":"Markt-XXL","description":"Ihr Markt Online","publisher":{"@id":"https:\/\/marktxxl.de\/markt\/#organization"},"potentialAction":[{"@type":"SearchAction","target":{"@type":"EntryPoint","urlTemplate":"https:\/\/marktxxl.de\/markt\/?s={search_term_string}"},"query-input":{"@type":"PropertyValueSpecification","valueRequired":true,"valueName":"search_term_string"}}],"inLanguage":"de"},{"@type":"Organization","@id":"https:\/\/marktxxl.de\/markt\/#organization","name":"Markt-XXL","url":"https:\/\/marktxxl.de\/markt\/","logo":{"@type":"ImageObject","inLanguage":"de","@id":"https:\/\/marktxxl.de\/markt\/#\/schema\/logo\/image\/","url":"https:\/\/marktxxl.de\/markt\/wp-content\/uploads\/sites\/3\/2020\/12\/logo.png","contentUrl":"https:\/\/marktxxl.de\/markt\/wp-content\/uploads\/sites\/3\/2020\/12\/logo.png","width":200,"height":70,"caption":"Markt-XXL"},"image":{"@id":"https:\/\/marktxxl.de\/markt\/#\/schema\/logo\/image\/"}}]}},"_links":{"self":[{"href":"https:\/\/marktxxl.de\/markt\/wp-json\/wp\/v2\/product\/171336","targetHints":{"allow":["GET"]}}],"collection":[{"href":"https:\/\/marktxxl.de\/markt\/wp-json\/wp\/v2\/product"}],"about":[{"href":"https:\/\/marktxxl.de\/markt\/wp-json\/wp\/v2\/types\/product"}],"replies":[{"embeddable":true,"href":"https:\/\/marktxxl.de\/markt\/wp-json\/wp\/v2\/comments?post=171336"}],"wp:featuredmedia":[{"embeddable":true,"href":"https:\/\/marktxxl.de\/markt\/wp-json\/wp\/v2\/media\/171337"}],"wp:attachment":[{"href":"https:\/\/marktxxl.de\/markt\/wp-json\/wp\/v2\/media?parent=171336"}],"wp:term":[{"taxonomy":"product_brand","embeddable":true,"href":"https:\/\/marktxxl.de\/markt\/wp-json\/wp\/v2\/product_brand?post=171336"},{"taxonomy":"product_cat","embeddable":true,"href":"https:\/\/marktxxl.de\/markt\/wp-json\/wp\/v2\/product_cat?post=171336"},{"taxonomy":"product_tag","embeddable":true,"href":"https:\/\/marktxxl.de\/markt\/wp-json\/wp\/v2\/product_tag?post=171336"}],"curies":[{"name":"wp","href":"https:\/\/api.w.org\/{rel}","templated":true}]}}