{"id":171321,"date":"2022-12-11T01:25:57","date_gmt":"2022-12-11T00:25:57","guid":{"rendered":"https:\/\/marktxxl.de\/markt\/produkt\/beauty-adventskalender-2022-24-ausgewaehlte-einzigartige-hautpflege-kosmetik-adventskalender-ueberraschungs-weihnachtskalender-fuer-frauen-erwachsene-kinder-make-up-sets-geschenke-fuer-die-adventsze\/"},"modified":"2023-04-11T04:58:30","modified_gmt":"2023-04-11T02:58:30","slug":"beauty-adventskalender-2022-24-ausgewaehlte-einzigartige-hautpflege-kosmetik-adventskalender-ueberraschungs-weihnachtskalender-fuer-frauen-erwachsene-kinder-make-up-sets-geschenke-fuer-die-adventsze","status":"publish","type":"product","link":"https:\/\/marktxxl.de\/markt\/produkt\/beauty-adventskalender-2022-24-ausgewaehlte-einzigartige-hautpflege-kosmetik-adventskalender-ueberraschungs-weihnachtskalender-fuer-frauen-erwachsene-kinder-make-up-sets-geschenke-fuer-die-adventsze\/","title":{"rendered":"Beauty Adventskalender 2022-24 ausgew\u00e4hlte einzigartige Hautpflege Kosmetik Adventskalender, \u00dcberraschungs\u2026"},"content":{"rendered":"<p>\ud83c\udf8524-Tage-Adventskalender: Unsere Beauty Adventskalender enth\u00e4lt 24 kleine Geschenke, darunter K\u00f6rperlotion, Handcreme, Gesichtsmaske, Lidschatten, Nagellack, Lippenstift, Parf\u00fcm, Mascara, Augenbrauenstift, Eyeliner, Schminkpinsel usw.<br \/>\n\ud83c\udf84\u00dcberraschung und Spa\u00df: Unser Advent Kalender wird 2022 aktualisiert. Der Adventskalender hat 24 T\u00fcren und jede T\u00fcr der Box steckt voller kleiner \u00dcberraschungen\u2013von Advent bis Heiligabend steigern 24 kleine Geschenke die Vorfreude auf Weihnachten. Im Gegensatz zu herk\u00f6mmlichen Weihnachtskalender produkten (wie Schokolade, Kuchen) kann Ihnen unser Weihnachtskalender immer wieder Inspirationen und \u00dcberraschungen bieten.<br \/>\n\ud83c\udf85Weihnachtsgeschenke: Unser Beauty Adventskalender 2022 Weihnachtskalender ist ein tolles Weihnachtsgeschenk f\u00fcr Familie (Tochter, Mutter, Verliebte), Freunde, Kollegen, Mitbewohner oder sich selbst. Teilen Sie mit der Mutter oder anderen Familienmitgliedern. Genie\u00dfen Sie die Adventszeit Weihnachten.<br \/>\n\ud83e\udd47Hochwertige praktische Makeup Set: Wir liefern sichere, gesunde und hochwertige Inhaltsstoffe, um Ihre Haut weich und zart zu machen und Ihnen einen sch\u00f6nen Teint zu verleihen. Wir Kosmetik Adventskalender haben f\u00fcr Sie exquisites Festtags-Make-up, farbenfrohes Party- und Dinner-Make-up vorbereitet, damit Sie den Advent in den Festtagen genie\u00dfen k\u00f6nnen. Es ist ein Geschenk f\u00fcr M\u00e4dchen, Frauen, Mutter, Teenager und Kinder.<br \/>\n\ud83c\udf81Surprise Advents Kalender+ Zufriedenheitsgarantie: Adventskalender 2022 f\u00fcr Frauen mit 24 \u00dcberraschungsprodukten, 24 T\u00fcren, jeden Tag ist das \u00d6ffnen eine neue \u00dcberraschung, die Weihnachten und Neujahr gl\u00fccklich macht. \ud83d\ude0a Bei Fragen k\u00f6nnen Sie uns gerne kontaktieren. Wir stehen Ihnen 24 Stunden am Tag zur Verf\u00fcgung und helfen Ihnen aktiv bei der L\u00f6sung Ihrer Probleme.<br \/>\n<div class=\"main-cross-sell\" data-asin=\"B09BZ728VS\">\n\n\t<div class=\"WooZone-cross-sell-loader\">\n\t\t<div>\n\t\t\t<div id=\"floatingBarsG\">\n\t\t\t\t<div class=\"blockG\" id=\"rotateG_01\"><\/div>\n\t\t\t\t<div class=\"blockG\" id=\"rotateG_02\"><\/div>\n\t\t\t\t<div class=\"blockG\" id=\"rotateG_03\"><\/div>\n\t\t\t\t<div class=\"blockG\" id=\"rotateG_04\"><\/div>\n\t\t\t\t<div class=\"blockG\" id=\"rotateG_05\"><\/div>\n\t\t\t\t<div class=\"blockG\" id=\"rotateG_06\"><\/div>\n\t\t\t\t<div class=\"blockG\" id=\"rotateG_07\"><\/div>\n\t\t\t\t<div class=\"blockG\" id=\"rotateG_08\"><\/div>\n\t\t\t<\/div>\n\t\t\t<div class=\"WooZone-cross-sell-loader-text\"><\/div>\n\t\t<\/div>\n\t<\/div>\n\n\t\t\n<\/div>\n<div style=\"clear:both;\"><\/div><\/p>\n","protected":false},"excerpt":{"rendered":"<p>\ud83c\udf8524-Tage-Adventskalender: Unsere Beauty Adventskalender enth\u00e4lt 24 kleine Geschenke, darunter K\u00f6rperlotion, Handcreme, Gesichtsmaske, Lidschatten, Nagellack, Lippenstift, Parf\u00fcm, Mascara, Augenbrauenstift, Eyeliner, Schminkpinsel usw.<br \/>\n\ud83c\udf84\u00dcberraschung und Spa\u00df: Unser Advent Kalender wird 2022 aktualisiert. Der Adventskalender hat 24 T\u00fcren und jede T\u00fcr der Box steckt voller kleiner \u00dcberraschungen\u2013von Advent bis Heiligabend steigern 24 kleine Geschenke die Vorfreude auf Weihnachten. Im Gegensatz zu herk\u00f6mmlichen Weihnachtskalender produkten (wie Schokolade, Kuchen) kann Ihnen unser Weihnachtskalender immer wieder Inspirationen und \u00dcberraschungen bieten.<br \/>\n\ud83c\udf85Weihnachtsgeschenke: Unser Beauty Adventskalender 2022 Weihnachtskalender ist ein tolles Weihnachtsgeschenk f\u00fcr Familie (Tochter, Mutter, Verliebte), Freunde, Kollegen, Mitbewohner oder sich selbst. Teilen Sie mit der Mutter oder anderen Familienmitgliedern. Genie\u00dfen Sie die Adventszeit Weihnachten.<\/p>\n","protected":false},"featured_media":171322,"comment_status":"open","ping_status":"closed","template":"","meta":[],"product_brand":[],"product_cat":[2858,6632],"product_tag":[],"class_list":{"0":"post-171321","1":"product","2":"type-product","3":"status-publish","4":"has-post-thumbnail","6":"product_cat-beauty","7":"product_cat-beauty-pflegesets","8":"pa_binding-badartikel","9":"pa_brand-aifanciey","10":"pa_color-schwarz","11":"pa_manufacturer-aifanciey","12":"pa_size-24pcs","14":"first","15":"instock","16":"shipping-taxable","17":"purchasable","18":"product-type-simple","19":"customify-col","20":"product-has-gallery"},"yoast_head":"<!-- This site is optimized with the Yoast SEO plugin v27.4 - https:\/\/yoast.com\/product\/yoast-seo-wordpress\/ -->\n<title>Beauty Adventskalender 2022-24 ausgew\u00e4hlte einzigartige Hautpflege Kosmetik Adventskalender, \u00dcberraschungs\u2026 - Markt-XXL<\/title>\n<meta name=\"description\" content=\"Markt-XXL Beauty Adventskalender 2022-24 ausgew\u00e4hlte einzigartige Hautpflege Kosmetik Adventskalender, \u00dcberraschungs\u2026\" \/>\n<meta name=\"robots\" content=\"index, follow, max-snippet:-1, max-image-preview:large, max-video-preview:-1\" \/>\n<link rel=\"canonical\" href=\"https:\/\/marktxxl.de\/markt\/produkt\/beauty-adventskalender-2022-24-ausgewaehlte-einzigartige-hautpflege-kosmetik-adventskalender-ueberraschungs-weihnachtskalender-fuer-frauen-erwachsene-kinder-make-up-sets-geschenke-fuer-die-adventsze\/\" \/>\n<meta property=\"og:locale\" content=\"de_DE\" \/>\n<meta property=\"og:type\" content=\"article\" \/>\n<meta property=\"og:title\" content=\"Beauty Adventskalender 2022-24 ausgew\u00e4hlte einzigartige Hautpflege Kosmetik Adventskalender, \u00dcberraschungs\u2026 - Markt-XXL\" \/>\n<meta property=\"og:description\" content=\"Markt-XXL Beauty Adventskalender 2022-24 ausgew\u00e4hlte einzigartige Hautpflege Kosmetik Adventskalender, \u00dcberraschungs\u2026\" \/>\n<meta property=\"og:url\" content=\"https:\/\/marktxxl.de\/markt\/produkt\/beauty-adventskalender-2022-24-ausgewaehlte-einzigartige-hautpflege-kosmetik-adventskalender-ueberraschungs-weihnachtskalender-fuer-frauen-erwachsene-kinder-make-up-sets-geschenke-fuer-die-adventsze\/\" \/>\n<meta property=\"og:site_name\" content=\"Markt-XXL\" \/>\n<meta property=\"article:modified_time\" content=\"2023-04-11T02:58:30+00:00\" \/>\n<meta property=\"og:image\" content=\"https:\/\/m.media-amazon.com\/images\/I\/51Bs2nnvBjL._SL500_.jpg\" \/>\n\t<meta property=\"og:image:width\" content=\"500\" \/>\n\t<meta property=\"og:image:height\" content=\"500\" \/>\n\t<meta property=\"og:image:type\" content=\"image\/jpeg\" \/>\n<meta name=\"twitter:card\" content=\"summary_large_image\" \/>\n<meta name=\"twitter:label1\" content=\"Gesch\u00e4tzte Lesezeit\" \/>\n\t<meta name=\"twitter:data1\" content=\"1\u00a0Minute\" \/>\n<script type=\"application\/ld+json\" class=\"yoast-schema-graph\">{\"@context\":\"https:\\\/\\\/schema.org\",\"@graph\":[{\"@type\":\"WebPage\",\"@id\":\"https:\\\/\\\/marktxxl.de\\\/markt\\\/produkt\\\/beauty-adventskalender-2022-24-ausgewaehlte-einzigartige-hautpflege-kosmetik-adventskalender-ueberraschungs-weihnachtskalender-fuer-frauen-erwachsene-kinder-make-up-sets-geschenke-fuer-die-adventsze\\\/\",\"url\":\"https:\\\/\\\/marktxxl.de\\\/markt\\\/produkt\\\/beauty-adventskalender-2022-24-ausgewaehlte-einzigartige-hautpflege-kosmetik-adventskalender-ueberraschungs-weihnachtskalender-fuer-frauen-erwachsene-kinder-make-up-sets-geschenke-fuer-die-adventsze\\\/\",\"name\":\"Beauty Adventskalender 2022-24 ausgew\u00e4hlte einzigartige Hautpflege Kosmetik Adventskalender, \u00dcberraschungs\u2026 - Markt-XXL\",\"isPartOf\":{\"@id\":\"https:\\\/\\\/marktxxl.de\\\/markt\\\/#website\"},\"primaryImageOfPage\":{\"@id\":\"https:\\\/\\\/marktxxl.de\\\/markt\\\/produkt\\\/beauty-adventskalender-2022-24-ausgewaehlte-einzigartige-hautpflege-kosmetik-adventskalender-ueberraschungs-weihnachtskalender-fuer-frauen-erwachsene-kinder-make-up-sets-geschenke-fuer-die-adventsze\\\/#primaryimage\"},\"image\":{\"@id\":\"https:\\\/\\\/marktxxl.de\\\/markt\\\/produkt\\\/beauty-adventskalender-2022-24-ausgewaehlte-einzigartige-hautpflege-kosmetik-adventskalender-ueberraschungs-weihnachtskalender-fuer-frauen-erwachsene-kinder-make-up-sets-geschenke-fuer-die-adventsze\\\/#primaryimage\"},\"thumbnailUrl\":\"https:\\\/\\\/m.media-amazon.com\\\/images\\\/I\\\/51Bs2nnvBjL._SL500_.jpg\",\"datePublished\":\"2022-12-11T00:25:57+00:00\",\"dateModified\":\"2023-04-11T02:58:30+00:00\",\"description\":\"Markt-XXL Beauty Adventskalender 2022-24 ausgew\u00e4hlte einzigartige Hautpflege Kosmetik Adventskalender, \u00dcberraschungs\u2026\",\"breadcrumb\":{\"@id\":\"https:\\\/\\\/marktxxl.de\\\/markt\\\/produkt\\\/beauty-adventskalender-2022-24-ausgewaehlte-einzigartige-hautpflege-kosmetik-adventskalender-ueberraschungs-weihnachtskalender-fuer-frauen-erwachsene-kinder-make-up-sets-geschenke-fuer-die-adventsze\\\/#breadcrumb\"},\"inLanguage\":\"de\",\"potentialAction\":[{\"@type\":\"ReadAction\",\"target\":[\"https:\\\/\\\/marktxxl.de\\\/markt\\\/produkt\\\/beauty-adventskalender-2022-24-ausgewaehlte-einzigartige-hautpflege-kosmetik-adventskalender-ueberraschungs-weihnachtskalender-fuer-frauen-erwachsene-kinder-make-up-sets-geschenke-fuer-die-adventsze\\\/\"]}]},{\"@type\":\"ImageObject\",\"inLanguage\":\"de\",\"@id\":\"https:\\\/\\\/marktxxl.de\\\/markt\\\/produkt\\\/beauty-adventskalender-2022-24-ausgewaehlte-einzigartige-hautpflege-kosmetik-adventskalender-ueberraschungs-weihnachtskalender-fuer-frauen-erwachsene-kinder-make-up-sets-geschenke-fuer-die-adventsze\\\/#primaryimage\",\"url\":\"https:\\\/\\\/m.media-amazon.com\\\/images\\\/I\\\/51Bs2nnvBjL._SL500_.jpg\",\"contentUrl\":\"https:\\\/\\\/m.media-amazon.com\\\/images\\\/I\\\/51Bs2nnvBjL._SL500_.jpg\",\"width\":500,\"height\":500},{\"@type\":\"BreadcrumbList\",\"@id\":\"https:\\\/\\\/marktxxl.de\\\/markt\\\/produkt\\\/beauty-adventskalender-2022-24-ausgewaehlte-einzigartige-hautpflege-kosmetik-adventskalender-ueberraschungs-weihnachtskalender-fuer-frauen-erwachsene-kinder-make-up-sets-geschenke-fuer-die-adventsze\\\/#breadcrumb\",\"itemListElement\":[{\"@type\":\"ListItem\",\"position\":1,\"name\":\"Startseite\",\"item\":\"https:\\\/\\\/marktxxl.de\\\/markt\\\/\"},{\"@type\":\"ListItem\",\"position\":2,\"name\":\"Markt\",\"item\":\"https:\\\/\\\/marktxxl.de\\\/markt\\\/\"},{\"@type\":\"ListItem\",\"position\":3,\"name\":\"Beauty Adventskalender 2022-24 ausgew\u00e4hlte einzigartige Hautpflege Kosmetik Adventskalender, \u00dcberraschungs\u2026\"}]},{\"@type\":\"WebSite\",\"@id\":\"https:\\\/\\\/marktxxl.de\\\/markt\\\/#website\",\"url\":\"https:\\\/\\\/marktxxl.de\\\/markt\\\/\",\"name\":\"Markt-XXL\",\"description\":\"Ihr Markt Online\",\"publisher\":{\"@id\":\"https:\\\/\\\/marktxxl.de\\\/markt\\\/#organization\"},\"potentialAction\":[{\"@type\":\"SearchAction\",\"target\":{\"@type\":\"EntryPoint\",\"urlTemplate\":\"https:\\\/\\\/marktxxl.de\\\/markt\\\/?s={search_term_string}\"},\"query-input\":{\"@type\":\"PropertyValueSpecification\",\"valueRequired\":true,\"valueName\":\"search_term_string\"}}],\"inLanguage\":\"de\"},{\"@type\":\"Organization\",\"@id\":\"https:\\\/\\\/marktxxl.de\\\/markt\\\/#organization\",\"name\":\"Markt-XXL\",\"url\":\"https:\\\/\\\/marktxxl.de\\\/markt\\\/\",\"logo\":{\"@type\":\"ImageObject\",\"inLanguage\":\"de\",\"@id\":\"https:\\\/\\\/marktxxl.de\\\/markt\\\/#\\\/schema\\\/logo\\\/image\\\/\",\"url\":\"https:\\\/\\\/marktxxl.de\\\/markt\\\/wp-content\\\/uploads\\\/sites\\\/3\\\/2020\\\/12\\\/logo.png\",\"contentUrl\":\"https:\\\/\\\/marktxxl.de\\\/markt\\\/wp-content\\\/uploads\\\/sites\\\/3\\\/2020\\\/12\\\/logo.png\",\"width\":200,\"height\":70,\"caption\":\"Markt-XXL\"},\"image\":{\"@id\":\"https:\\\/\\\/marktxxl.de\\\/markt\\\/#\\\/schema\\\/logo\\\/image\\\/\"}}]}<\/script>\n<!-- \/ Yoast SEO plugin. -->","yoast_head_json":{"title":"Beauty Adventskalender 2022-24 ausgew\u00e4hlte einzigartige Hautpflege Kosmetik Adventskalender, \u00dcberraschungs\u2026 - Markt-XXL","description":"Markt-XXL Beauty Adventskalender 2022-24 ausgew\u00e4hlte einzigartige Hautpflege Kosmetik Adventskalender, \u00dcberraschungs\u2026","robots":{"index":"index","follow":"follow","max-snippet":"max-snippet:-1","max-image-preview":"max-image-preview:large","max-video-preview":"max-video-preview:-1"},"canonical":"https:\/\/marktxxl.de\/markt\/produkt\/beauty-adventskalender-2022-24-ausgewaehlte-einzigartige-hautpflege-kosmetik-adventskalender-ueberraschungs-weihnachtskalender-fuer-frauen-erwachsene-kinder-make-up-sets-geschenke-fuer-die-adventsze\/","og_locale":"de_DE","og_type":"article","og_title":"Beauty Adventskalender 2022-24 ausgew\u00e4hlte einzigartige Hautpflege Kosmetik Adventskalender, \u00dcberraschungs\u2026 - Markt-XXL","og_description":"Markt-XXL Beauty Adventskalender 2022-24 ausgew\u00e4hlte einzigartige Hautpflege Kosmetik Adventskalender, \u00dcberraschungs\u2026","og_url":"https:\/\/marktxxl.de\/markt\/produkt\/beauty-adventskalender-2022-24-ausgewaehlte-einzigartige-hautpflege-kosmetik-adventskalender-ueberraschungs-weihnachtskalender-fuer-frauen-erwachsene-kinder-make-up-sets-geschenke-fuer-die-adventsze\/","og_site_name":"Markt-XXL","article_modified_time":"2023-04-11T02:58:30+00:00","og_image":[{"width":500,"height":500,"url":"https:\/\/m.media-amazon.com\/images\/I\/51Bs2nnvBjL._SL500_.jpg","type":"image\/jpeg"}],"twitter_card":"summary_large_image","twitter_misc":{"Gesch\u00e4tzte Lesezeit":"1\u00a0Minute"},"schema":{"@context":"https:\/\/schema.org","@graph":[{"@type":"WebPage","@id":"https:\/\/marktxxl.de\/markt\/produkt\/beauty-adventskalender-2022-24-ausgewaehlte-einzigartige-hautpflege-kosmetik-adventskalender-ueberraschungs-weihnachtskalender-fuer-frauen-erwachsene-kinder-make-up-sets-geschenke-fuer-die-adventsze\/","url":"https:\/\/marktxxl.de\/markt\/produkt\/beauty-adventskalender-2022-24-ausgewaehlte-einzigartige-hautpflege-kosmetik-adventskalender-ueberraschungs-weihnachtskalender-fuer-frauen-erwachsene-kinder-make-up-sets-geschenke-fuer-die-adventsze\/","name":"Beauty Adventskalender 2022-24 ausgew\u00e4hlte einzigartige Hautpflege Kosmetik Adventskalender, \u00dcberraschungs\u2026 - Markt-XXL","isPartOf":{"@id":"https:\/\/marktxxl.de\/markt\/#website"},"primaryImageOfPage":{"@id":"https:\/\/marktxxl.de\/markt\/produkt\/beauty-adventskalender-2022-24-ausgewaehlte-einzigartige-hautpflege-kosmetik-adventskalender-ueberraschungs-weihnachtskalender-fuer-frauen-erwachsene-kinder-make-up-sets-geschenke-fuer-die-adventsze\/#primaryimage"},"image":{"@id":"https:\/\/marktxxl.de\/markt\/produkt\/beauty-adventskalender-2022-24-ausgewaehlte-einzigartige-hautpflege-kosmetik-adventskalender-ueberraschungs-weihnachtskalender-fuer-frauen-erwachsene-kinder-make-up-sets-geschenke-fuer-die-adventsze\/#primaryimage"},"thumbnailUrl":"https:\/\/m.media-amazon.com\/images\/I\/51Bs2nnvBjL._SL500_.jpg","datePublished":"2022-12-11T00:25:57+00:00","dateModified":"2023-04-11T02:58:30+00:00","description":"Markt-XXL Beauty Adventskalender 2022-24 ausgew\u00e4hlte einzigartige Hautpflege Kosmetik Adventskalender, \u00dcberraschungs\u2026","breadcrumb":{"@id":"https:\/\/marktxxl.de\/markt\/produkt\/beauty-adventskalender-2022-24-ausgewaehlte-einzigartige-hautpflege-kosmetik-adventskalender-ueberraschungs-weihnachtskalender-fuer-frauen-erwachsene-kinder-make-up-sets-geschenke-fuer-die-adventsze\/#breadcrumb"},"inLanguage":"de","potentialAction":[{"@type":"ReadAction","target":["https:\/\/marktxxl.de\/markt\/produkt\/beauty-adventskalender-2022-24-ausgewaehlte-einzigartige-hautpflege-kosmetik-adventskalender-ueberraschungs-weihnachtskalender-fuer-frauen-erwachsene-kinder-make-up-sets-geschenke-fuer-die-adventsze\/"]}]},{"@type":"ImageObject","inLanguage":"de","@id":"https:\/\/marktxxl.de\/markt\/produkt\/beauty-adventskalender-2022-24-ausgewaehlte-einzigartige-hautpflege-kosmetik-adventskalender-ueberraschungs-weihnachtskalender-fuer-frauen-erwachsene-kinder-make-up-sets-geschenke-fuer-die-adventsze\/#primaryimage","url":"https:\/\/m.media-amazon.com\/images\/I\/51Bs2nnvBjL._SL500_.jpg","contentUrl":"https:\/\/m.media-amazon.com\/images\/I\/51Bs2nnvBjL._SL500_.jpg","width":500,"height":500},{"@type":"BreadcrumbList","@id":"https:\/\/marktxxl.de\/markt\/produkt\/beauty-adventskalender-2022-24-ausgewaehlte-einzigartige-hautpflege-kosmetik-adventskalender-ueberraschungs-weihnachtskalender-fuer-frauen-erwachsene-kinder-make-up-sets-geschenke-fuer-die-adventsze\/#breadcrumb","itemListElement":[{"@type":"ListItem","position":1,"name":"Startseite","item":"https:\/\/marktxxl.de\/markt\/"},{"@type":"ListItem","position":2,"name":"Markt","item":"https:\/\/marktxxl.de\/markt\/"},{"@type":"ListItem","position":3,"name":"Beauty Adventskalender 2022-24 ausgew\u00e4hlte einzigartige Hautpflege Kosmetik Adventskalender, \u00dcberraschungs\u2026"}]},{"@type":"WebSite","@id":"https:\/\/marktxxl.de\/markt\/#website","url":"https:\/\/marktxxl.de\/markt\/","name":"Markt-XXL","description":"Ihr Markt Online","publisher":{"@id":"https:\/\/marktxxl.de\/markt\/#organization"},"potentialAction":[{"@type":"SearchAction","target":{"@type":"EntryPoint","urlTemplate":"https:\/\/marktxxl.de\/markt\/?s={search_term_string}"},"query-input":{"@type":"PropertyValueSpecification","valueRequired":true,"valueName":"search_term_string"}}],"inLanguage":"de"},{"@type":"Organization","@id":"https:\/\/marktxxl.de\/markt\/#organization","name":"Markt-XXL","url":"https:\/\/marktxxl.de\/markt\/","logo":{"@type":"ImageObject","inLanguage":"de","@id":"https:\/\/marktxxl.de\/markt\/#\/schema\/logo\/image\/","url":"https:\/\/marktxxl.de\/markt\/wp-content\/uploads\/sites\/3\/2020\/12\/logo.png","contentUrl":"https:\/\/marktxxl.de\/markt\/wp-content\/uploads\/sites\/3\/2020\/12\/logo.png","width":200,"height":70,"caption":"Markt-XXL"},"image":{"@id":"https:\/\/marktxxl.de\/markt\/#\/schema\/logo\/image\/"}}]}},"_links":{"self":[{"href":"https:\/\/marktxxl.de\/markt\/wp-json\/wp\/v2\/product\/171321","targetHints":{"allow":["GET"]}}],"collection":[{"href":"https:\/\/marktxxl.de\/markt\/wp-json\/wp\/v2\/product"}],"about":[{"href":"https:\/\/marktxxl.de\/markt\/wp-json\/wp\/v2\/types\/product"}],"replies":[{"embeddable":true,"href":"https:\/\/marktxxl.de\/markt\/wp-json\/wp\/v2\/comments?post=171321"}],"wp:featuredmedia":[{"embeddable":true,"href":"https:\/\/marktxxl.de\/markt\/wp-json\/wp\/v2\/media\/171322"}],"wp:attachment":[{"href":"https:\/\/marktxxl.de\/markt\/wp-json\/wp\/v2\/media?parent=171321"}],"wp:term":[{"taxonomy":"product_brand","embeddable":true,"href":"https:\/\/marktxxl.de\/markt\/wp-json\/wp\/v2\/product_brand?post=171321"},{"taxonomy":"product_cat","embeddable":true,"href":"https:\/\/marktxxl.de\/markt\/wp-json\/wp\/v2\/product_cat?post=171321"},{"taxonomy":"product_tag","embeddable":true,"href":"https:\/\/marktxxl.de\/markt\/wp-json\/wp\/v2\/product_tag?post=171321"}],"curies":[{"name":"wp","href":"https:\/\/api.w.org\/{rel}","templated":true}]}}