{"id":171186,"date":"2022-12-11T01:16:24","date_gmt":"2022-12-11T00:16:24","guid":{"rendered":"https:\/\/marktxxl.de\/markt\/produkt\/tangle-teezer-wet-detangler-raspberry-rouge-eine-haarbuerste-fuer-nasses-haar-mit-flachem-griff-fuer-idealen-halt\/"},"modified":"2023-04-11T04:58:28","modified_gmt":"2023-04-11T02:58:28","slug":"tangle-teezer-wet-detangler-raspberry-rouge-eine-haarbuerste-fuer-nasses-haar-mit-flachem-griff-fuer-idealen-halt","status":"publish","type":"product","link":"https:\/\/marktxxl.de\/markt\/produkt\/tangle-teezer-wet-detangler-raspberry-rouge-eine-haarbuerste-fuer-nasses-haar-mit-flachem-griff-fuer-idealen-halt\/","title":{"rendered":"Tangle Teezer Haarb\u00fcrste Wet Detangler Raspberry Rouge, Eine Wet Brush f\u00fcr nasses Haar mit flachem Griff f\u00fcr idealen\u2026"},"content":{"rendered":"<p>Tangle Teezer Wet Datangler erleichtert die Haarpflege und das K\u00e4mmen der nassen Haare in und nach der Dusche &#8211; die Haarb\u00fcrste ist au\u00dferdem bestens dazu geeignet Conditioner gleichm\u00e4\u00dfig zu verteilen.<br \/>\nDie Haarb\u00fcrste wurde speziell f\u00fcr das entwirren von nassem und empfindlichem Haar entwickelt &#8211; Die 325 l\u00e4ngeren, biegsamen Borsten der Haarb\u00fcrste entknoten ohne zu ziepen und beugen Haarbruch vor.<br \/>\nDer ergonomische Griff des Wet Detanglers liegt auch bei N\u00e4sse richtig gut in der Hand und sorgt f\u00fcr sicheren Halt und einfache Handhabung beim B\u00fcrsten der Haare in der Dusche und danach.<br \/>\nDie Tangle Teezer Haarb\u00fcrsten bestehen aus Recyclebarem Kunststoff und sind daher auch noch Umweltfreundlich &#8211; Jeder Tangle Teezer besitzt ein eigenes innovatives und individuelles Borstensystem.<br \/>\nEntdecke die innovativen Entwirrungsb\u00fcrsten Wet Detangler von Tangle Teezer in rosigem Millennial Pink sowie den klassischen Wet Detangler Midnight Black.<br \/>\n<div class=\"main-cross-sell\" data-asin=\"B082DGJQCL\">\n\n\t<div class=\"WooZone-cross-sell-loader\">\n\t\t<div>\n\t\t\t<div id=\"floatingBarsG\">\n\t\t\t\t<div class=\"blockG\" id=\"rotateG_01\"><\/div>\n\t\t\t\t<div class=\"blockG\" id=\"rotateG_02\"><\/div>\n\t\t\t\t<div class=\"blockG\" id=\"rotateG_03\"><\/div>\n\t\t\t\t<div class=\"blockG\" id=\"rotateG_04\"><\/div>\n\t\t\t\t<div class=\"blockG\" id=\"rotateG_05\"><\/div>\n\t\t\t\t<div class=\"blockG\" id=\"rotateG_06\"><\/div>\n\t\t\t\t<div class=\"blockG\" id=\"rotateG_07\"><\/div>\n\t\t\t\t<div class=\"blockG\" id=\"rotateG_08\"><\/div>\n\t\t\t<\/div>\n\t\t\t<div class=\"WooZone-cross-sell-loader-text\"><\/div>\n\t\t<\/div>\n\t<\/div>\n\n\t\t\n<\/div>\n<div style=\"clear:both;\"><\/div><\/p>\n","protected":false},"excerpt":{"rendered":"<p>Tangle Teezer Wet Datangler erleichtert die Haarpflege und das K\u00e4mmen der nassen Haare in und nach der Dusche &#8211; die Haarb\u00fcrste ist au\u00dferdem bestens dazu geeignet Conditioner gleichm\u00e4\u00dfig zu verteilen.<br \/>\nDie Haarb\u00fcrste wurde speziell f\u00fcr das entwirren von nassem und empfindlichem Haar entwickelt &#8211; Die 325 l\u00e4ngeren, biegsamen Borsten der Haarb\u00fcrste entknoten ohne zu ziepen und beugen Haarbruch vor.<br \/>\nDer ergonomische Griff des Wet Detanglers liegt auch bei N\u00e4sse richtig gut in der Hand und sorgt f\u00fcr sicheren Halt und einfache Handhabung beim B\u00fcrsten der Haare in der Dusche und danach.<\/p>\n","protected":false},"featured_media":171187,"comment_status":"open","ping_status":"closed","template":"","meta":[],"product_brand":[],"product_cat":[2858,6994],"product_tag":[],"class_list":{"0":"post-171186","1":"product","2":"type-product","3":"status-publish","4":"has-post-thumbnail","6":"product_cat-beauty","7":"product_cat-haarpflege-styling","8":"pa_binding-badartikel","9":"pa_brand-tangle-teezer","10":"pa_color-himbeerrot","11":"pa_height-1-574803148-zoll","12":"pa_languages-unbekannt-englisch","13":"pa_length-2-5590551155-zoll","14":"pa_manufacturer-tangle-teezer","15":"pa_model-twd-mdp-010320","16":"pa_size-1-stueck-1er-pack","17":"pa_warranty-2-year-manufacturer","18":"pa_weight-0-1984160358-pfund","19":"pa_width-8-661417314-zoll","21":"first","22":"instock","23":"shipping-taxable","24":"purchasable","25":"product-type-simple","26":"customify-col","27":"product-has-gallery"},"yoast_head":"<!-- This site is optimized with the Yoast SEO plugin v27.4 - https:\/\/yoast.com\/product\/yoast-seo-wordpress\/ -->\n<title>Tangle Teezer Haarb\u00fcrste Wet Detangler Raspberry Rouge, Eine Wet Brush f\u00fcr nasses Haar mit flachem Griff f\u00fcr idealen\u2026 - Markt-XXL<\/title>\n<meta name=\"description\" content=\"Markt-XXL Tangle Teezer Haarb\u00fcrste Wet Detangler Raspberry Rouge, Eine Wet Brush f\u00fcr nasses Haar mit flachem Griff f\u00fcr idealen\u2026\" \/>\n<meta name=\"robots\" content=\"index, follow, max-snippet:-1, max-image-preview:large, max-video-preview:-1\" \/>\n<link rel=\"canonical\" href=\"https:\/\/marktxxl.de\/markt\/produkt\/tangle-teezer-wet-detangler-raspberry-rouge-eine-haarbuerste-fuer-nasses-haar-mit-flachem-griff-fuer-idealen-halt\/\" \/>\n<meta property=\"og:locale\" content=\"de_DE\" \/>\n<meta property=\"og:type\" content=\"article\" \/>\n<meta property=\"og:title\" content=\"Tangle Teezer Haarb\u00fcrste Wet Detangler Raspberry Rouge, Eine Wet Brush f\u00fcr nasses Haar mit flachem Griff f\u00fcr idealen\u2026 - Markt-XXL\" \/>\n<meta property=\"og:description\" content=\"Markt-XXL Tangle Teezer Haarb\u00fcrste Wet Detangler Raspberry Rouge, Eine Wet Brush f\u00fcr nasses Haar mit flachem Griff f\u00fcr idealen\u2026\" \/>\n<meta property=\"og:url\" content=\"https:\/\/marktxxl.de\/markt\/produkt\/tangle-teezer-wet-detangler-raspberry-rouge-eine-haarbuerste-fuer-nasses-haar-mit-flachem-griff-fuer-idealen-halt\/\" \/>\n<meta property=\"og:site_name\" content=\"Markt-XXL\" \/>\n<meta property=\"article:modified_time\" content=\"2023-04-11T02:58:28+00:00\" \/>\n<meta property=\"og:image\" content=\"https:\/\/m.media-amazon.com\/images\/I\/31Utmyoz-jL._SL500_.jpg\" \/>\n\t<meta property=\"og:image:width\" content=\"500\" \/>\n\t<meta property=\"og:image:height\" content=\"500\" \/>\n\t<meta property=\"og:image:type\" content=\"image\/jpeg\" \/>\n<meta name=\"twitter:card\" content=\"summary_large_image\" \/>\n<meta name=\"twitter:label1\" content=\"Gesch\u00e4tzte Lesezeit\" \/>\n\t<meta name=\"twitter:data1\" content=\"1\u00a0Minute\" \/>\n<script type=\"application\/ld+json\" class=\"yoast-schema-graph\">{\"@context\":\"https:\\\/\\\/schema.org\",\"@graph\":[{\"@type\":\"WebPage\",\"@id\":\"https:\\\/\\\/marktxxl.de\\\/markt\\\/produkt\\\/tangle-teezer-wet-detangler-raspberry-rouge-eine-haarbuerste-fuer-nasses-haar-mit-flachem-griff-fuer-idealen-halt\\\/\",\"url\":\"https:\\\/\\\/marktxxl.de\\\/markt\\\/produkt\\\/tangle-teezer-wet-detangler-raspberry-rouge-eine-haarbuerste-fuer-nasses-haar-mit-flachem-griff-fuer-idealen-halt\\\/\",\"name\":\"Tangle Teezer Haarb\u00fcrste Wet Detangler Raspberry Rouge, Eine Wet Brush f\u00fcr nasses Haar mit flachem Griff f\u00fcr idealen\u2026 - Markt-XXL\",\"isPartOf\":{\"@id\":\"https:\\\/\\\/marktxxl.de\\\/markt\\\/#website\"},\"primaryImageOfPage\":{\"@id\":\"https:\\\/\\\/marktxxl.de\\\/markt\\\/produkt\\\/tangle-teezer-wet-detangler-raspberry-rouge-eine-haarbuerste-fuer-nasses-haar-mit-flachem-griff-fuer-idealen-halt\\\/#primaryimage\"},\"image\":{\"@id\":\"https:\\\/\\\/marktxxl.de\\\/markt\\\/produkt\\\/tangle-teezer-wet-detangler-raspberry-rouge-eine-haarbuerste-fuer-nasses-haar-mit-flachem-griff-fuer-idealen-halt\\\/#primaryimage\"},\"thumbnailUrl\":\"https:\\\/\\\/m.media-amazon.com\\\/images\\\/I\\\/31Utmyoz-jL._SL500_.jpg\",\"datePublished\":\"2022-12-11T00:16:24+00:00\",\"dateModified\":\"2023-04-11T02:58:28+00:00\",\"description\":\"Markt-XXL Tangle Teezer Haarb\u00fcrste Wet Detangler Raspberry Rouge, Eine Wet Brush f\u00fcr nasses Haar mit flachem Griff f\u00fcr idealen\u2026\",\"breadcrumb\":{\"@id\":\"https:\\\/\\\/marktxxl.de\\\/markt\\\/produkt\\\/tangle-teezer-wet-detangler-raspberry-rouge-eine-haarbuerste-fuer-nasses-haar-mit-flachem-griff-fuer-idealen-halt\\\/#breadcrumb\"},\"inLanguage\":\"de\",\"potentialAction\":[{\"@type\":\"ReadAction\",\"target\":[\"https:\\\/\\\/marktxxl.de\\\/markt\\\/produkt\\\/tangle-teezer-wet-detangler-raspberry-rouge-eine-haarbuerste-fuer-nasses-haar-mit-flachem-griff-fuer-idealen-halt\\\/\"]}]},{\"@type\":\"ImageObject\",\"inLanguage\":\"de\",\"@id\":\"https:\\\/\\\/marktxxl.de\\\/markt\\\/produkt\\\/tangle-teezer-wet-detangler-raspberry-rouge-eine-haarbuerste-fuer-nasses-haar-mit-flachem-griff-fuer-idealen-halt\\\/#primaryimage\",\"url\":\"https:\\\/\\\/m.media-amazon.com\\\/images\\\/I\\\/31Utmyoz-jL._SL500_.jpg\",\"contentUrl\":\"https:\\\/\\\/m.media-amazon.com\\\/images\\\/I\\\/31Utmyoz-jL._SL500_.jpg\",\"width\":500,\"height\":500},{\"@type\":\"BreadcrumbList\",\"@id\":\"https:\\\/\\\/marktxxl.de\\\/markt\\\/produkt\\\/tangle-teezer-wet-detangler-raspberry-rouge-eine-haarbuerste-fuer-nasses-haar-mit-flachem-griff-fuer-idealen-halt\\\/#breadcrumb\",\"itemListElement\":[{\"@type\":\"ListItem\",\"position\":1,\"name\":\"Startseite\",\"item\":\"https:\\\/\\\/marktxxl.de\\\/markt\\\/\"},{\"@type\":\"ListItem\",\"position\":2,\"name\":\"Markt\",\"item\":\"https:\\\/\\\/marktxxl.de\\\/markt\\\/\"},{\"@type\":\"ListItem\",\"position\":3,\"name\":\"Tangle Teezer Haarb\u00fcrste Wet Detangler Raspberry Rouge, Eine Wet Brush f\u00fcr nasses Haar mit flachem Griff f\u00fcr idealen\u2026\"}]},{\"@type\":\"WebSite\",\"@id\":\"https:\\\/\\\/marktxxl.de\\\/markt\\\/#website\",\"url\":\"https:\\\/\\\/marktxxl.de\\\/markt\\\/\",\"name\":\"Markt-XXL\",\"description\":\"Ihr Markt Online\",\"publisher\":{\"@id\":\"https:\\\/\\\/marktxxl.de\\\/markt\\\/#organization\"},\"potentialAction\":[{\"@type\":\"SearchAction\",\"target\":{\"@type\":\"EntryPoint\",\"urlTemplate\":\"https:\\\/\\\/marktxxl.de\\\/markt\\\/?s={search_term_string}\"},\"query-input\":{\"@type\":\"PropertyValueSpecification\",\"valueRequired\":true,\"valueName\":\"search_term_string\"}}],\"inLanguage\":\"de\"},{\"@type\":\"Organization\",\"@id\":\"https:\\\/\\\/marktxxl.de\\\/markt\\\/#organization\",\"name\":\"Markt-XXL\",\"url\":\"https:\\\/\\\/marktxxl.de\\\/markt\\\/\",\"logo\":{\"@type\":\"ImageObject\",\"inLanguage\":\"de\",\"@id\":\"https:\\\/\\\/marktxxl.de\\\/markt\\\/#\\\/schema\\\/logo\\\/image\\\/\",\"url\":\"https:\\\/\\\/marktxxl.de\\\/markt\\\/wp-content\\\/uploads\\\/sites\\\/3\\\/2020\\\/12\\\/logo.png\",\"contentUrl\":\"https:\\\/\\\/marktxxl.de\\\/markt\\\/wp-content\\\/uploads\\\/sites\\\/3\\\/2020\\\/12\\\/logo.png\",\"width\":200,\"height\":70,\"caption\":\"Markt-XXL\"},\"image\":{\"@id\":\"https:\\\/\\\/marktxxl.de\\\/markt\\\/#\\\/schema\\\/logo\\\/image\\\/\"}}]}<\/script>\n<!-- \/ Yoast SEO plugin. -->","yoast_head_json":{"title":"Tangle Teezer Haarb\u00fcrste Wet Detangler Raspberry Rouge, Eine Wet Brush f\u00fcr nasses Haar mit flachem Griff f\u00fcr idealen\u2026 - Markt-XXL","description":"Markt-XXL Tangle Teezer Haarb\u00fcrste Wet Detangler Raspberry Rouge, Eine Wet Brush f\u00fcr nasses Haar mit flachem Griff f\u00fcr idealen\u2026","robots":{"index":"index","follow":"follow","max-snippet":"max-snippet:-1","max-image-preview":"max-image-preview:large","max-video-preview":"max-video-preview:-1"},"canonical":"https:\/\/marktxxl.de\/markt\/produkt\/tangle-teezer-wet-detangler-raspberry-rouge-eine-haarbuerste-fuer-nasses-haar-mit-flachem-griff-fuer-idealen-halt\/","og_locale":"de_DE","og_type":"article","og_title":"Tangle Teezer Haarb\u00fcrste Wet Detangler Raspberry Rouge, Eine Wet Brush f\u00fcr nasses Haar mit flachem Griff f\u00fcr idealen\u2026 - Markt-XXL","og_description":"Markt-XXL Tangle Teezer Haarb\u00fcrste Wet Detangler Raspberry Rouge, Eine Wet Brush f\u00fcr nasses Haar mit flachem Griff f\u00fcr idealen\u2026","og_url":"https:\/\/marktxxl.de\/markt\/produkt\/tangle-teezer-wet-detangler-raspberry-rouge-eine-haarbuerste-fuer-nasses-haar-mit-flachem-griff-fuer-idealen-halt\/","og_site_name":"Markt-XXL","article_modified_time":"2023-04-11T02:58:28+00:00","og_image":[{"width":500,"height":500,"url":"https:\/\/m.media-amazon.com\/images\/I\/31Utmyoz-jL._SL500_.jpg","type":"image\/jpeg"}],"twitter_card":"summary_large_image","twitter_misc":{"Gesch\u00e4tzte Lesezeit":"1\u00a0Minute"},"schema":{"@context":"https:\/\/schema.org","@graph":[{"@type":"WebPage","@id":"https:\/\/marktxxl.de\/markt\/produkt\/tangle-teezer-wet-detangler-raspberry-rouge-eine-haarbuerste-fuer-nasses-haar-mit-flachem-griff-fuer-idealen-halt\/","url":"https:\/\/marktxxl.de\/markt\/produkt\/tangle-teezer-wet-detangler-raspberry-rouge-eine-haarbuerste-fuer-nasses-haar-mit-flachem-griff-fuer-idealen-halt\/","name":"Tangle Teezer Haarb\u00fcrste Wet Detangler Raspberry Rouge, Eine Wet Brush f\u00fcr nasses Haar mit flachem Griff f\u00fcr idealen\u2026 - Markt-XXL","isPartOf":{"@id":"https:\/\/marktxxl.de\/markt\/#website"},"primaryImageOfPage":{"@id":"https:\/\/marktxxl.de\/markt\/produkt\/tangle-teezer-wet-detangler-raspberry-rouge-eine-haarbuerste-fuer-nasses-haar-mit-flachem-griff-fuer-idealen-halt\/#primaryimage"},"image":{"@id":"https:\/\/marktxxl.de\/markt\/produkt\/tangle-teezer-wet-detangler-raspberry-rouge-eine-haarbuerste-fuer-nasses-haar-mit-flachem-griff-fuer-idealen-halt\/#primaryimage"},"thumbnailUrl":"https:\/\/m.media-amazon.com\/images\/I\/31Utmyoz-jL._SL500_.jpg","datePublished":"2022-12-11T00:16:24+00:00","dateModified":"2023-04-11T02:58:28+00:00","description":"Markt-XXL Tangle Teezer Haarb\u00fcrste Wet Detangler Raspberry Rouge, Eine Wet Brush f\u00fcr nasses Haar mit flachem Griff f\u00fcr idealen\u2026","breadcrumb":{"@id":"https:\/\/marktxxl.de\/markt\/produkt\/tangle-teezer-wet-detangler-raspberry-rouge-eine-haarbuerste-fuer-nasses-haar-mit-flachem-griff-fuer-idealen-halt\/#breadcrumb"},"inLanguage":"de","potentialAction":[{"@type":"ReadAction","target":["https:\/\/marktxxl.de\/markt\/produkt\/tangle-teezer-wet-detangler-raspberry-rouge-eine-haarbuerste-fuer-nasses-haar-mit-flachem-griff-fuer-idealen-halt\/"]}]},{"@type":"ImageObject","inLanguage":"de","@id":"https:\/\/marktxxl.de\/markt\/produkt\/tangle-teezer-wet-detangler-raspberry-rouge-eine-haarbuerste-fuer-nasses-haar-mit-flachem-griff-fuer-idealen-halt\/#primaryimage","url":"https:\/\/m.media-amazon.com\/images\/I\/31Utmyoz-jL._SL500_.jpg","contentUrl":"https:\/\/m.media-amazon.com\/images\/I\/31Utmyoz-jL._SL500_.jpg","width":500,"height":500},{"@type":"BreadcrumbList","@id":"https:\/\/marktxxl.de\/markt\/produkt\/tangle-teezer-wet-detangler-raspberry-rouge-eine-haarbuerste-fuer-nasses-haar-mit-flachem-griff-fuer-idealen-halt\/#breadcrumb","itemListElement":[{"@type":"ListItem","position":1,"name":"Startseite","item":"https:\/\/marktxxl.de\/markt\/"},{"@type":"ListItem","position":2,"name":"Markt","item":"https:\/\/marktxxl.de\/markt\/"},{"@type":"ListItem","position":3,"name":"Tangle Teezer Haarb\u00fcrste Wet Detangler Raspberry Rouge, Eine Wet Brush f\u00fcr nasses Haar mit flachem Griff f\u00fcr idealen\u2026"}]},{"@type":"WebSite","@id":"https:\/\/marktxxl.de\/markt\/#website","url":"https:\/\/marktxxl.de\/markt\/","name":"Markt-XXL","description":"Ihr Markt Online","publisher":{"@id":"https:\/\/marktxxl.de\/markt\/#organization"},"potentialAction":[{"@type":"SearchAction","target":{"@type":"EntryPoint","urlTemplate":"https:\/\/marktxxl.de\/markt\/?s={search_term_string}"},"query-input":{"@type":"PropertyValueSpecification","valueRequired":true,"valueName":"search_term_string"}}],"inLanguage":"de"},{"@type":"Organization","@id":"https:\/\/marktxxl.de\/markt\/#organization","name":"Markt-XXL","url":"https:\/\/marktxxl.de\/markt\/","logo":{"@type":"ImageObject","inLanguage":"de","@id":"https:\/\/marktxxl.de\/markt\/#\/schema\/logo\/image\/","url":"https:\/\/marktxxl.de\/markt\/wp-content\/uploads\/sites\/3\/2020\/12\/logo.png","contentUrl":"https:\/\/marktxxl.de\/markt\/wp-content\/uploads\/sites\/3\/2020\/12\/logo.png","width":200,"height":70,"caption":"Markt-XXL"},"image":{"@id":"https:\/\/marktxxl.de\/markt\/#\/schema\/logo\/image\/"}}]}},"_links":{"self":[{"href":"https:\/\/marktxxl.de\/markt\/wp-json\/wp\/v2\/product\/171186","targetHints":{"allow":["GET"]}}],"collection":[{"href":"https:\/\/marktxxl.de\/markt\/wp-json\/wp\/v2\/product"}],"about":[{"href":"https:\/\/marktxxl.de\/markt\/wp-json\/wp\/v2\/types\/product"}],"replies":[{"embeddable":true,"href":"https:\/\/marktxxl.de\/markt\/wp-json\/wp\/v2\/comments?post=171186"}],"wp:featuredmedia":[{"embeddable":true,"href":"https:\/\/marktxxl.de\/markt\/wp-json\/wp\/v2\/media\/171187"}],"wp:attachment":[{"href":"https:\/\/marktxxl.de\/markt\/wp-json\/wp\/v2\/media?parent=171186"}],"wp:term":[{"taxonomy":"product_brand","embeddable":true,"href":"https:\/\/marktxxl.de\/markt\/wp-json\/wp\/v2\/product_brand?post=171186"},{"taxonomy":"product_cat","embeddable":true,"href":"https:\/\/marktxxl.de\/markt\/wp-json\/wp\/v2\/product_cat?post=171186"},{"taxonomy":"product_tag","embeddable":true,"href":"https:\/\/marktxxl.de\/markt\/wp-json\/wp\/v2\/product_tag?post=171186"}],"curies":[{"name":"wp","href":"https:\/\/api.w.org\/{rel}","templated":true}]}}