{"id":170990,"date":"2022-12-11T00:55:28","date_gmt":"2022-12-10T23:55:28","guid":{"rendered":"https:\/\/marktxxl.de\/markt\/produkt\/make-up-pinselset-luvia-prime-vegan-pro-candy-7-schminkpinsel-inkl-pinselaufbewahrung-blender-schwamm-reinigungsmatte-fuer-kosmetikpinsel-in-perlmutt-perl-rosa\/"},"modified":"2023-04-11T04:58:24","modified_gmt":"2023-04-11T02:58:24","slug":"make-up-pinselset-luvia-prime-vegan-pro-candy-7-schminkpinsel-inkl-pinselaufbewahrung-blender-schwamm-reinigungsmatte-fuer-kosmetikpinsel-in-perlmutt-perl-rosa","status":"publish","type":"product","link":"https:\/\/marktxxl.de\/markt\/produkt\/make-up-pinselset-luvia-prime-vegan-pro-candy-7-schminkpinsel-inkl-pinselaufbewahrung-blender-schwamm-reinigungsmatte-fuer-kosmetikpinsel-in-perlmutt-perl-rosa\/","title":{"rendered":"Make-up Pinselset Luvia, Prime Vegan Pro &#8211; Candy, 7 Schminkpinsel inkl. Pinselaufbewahrung, Blender Schwamm\u2026"},"content":{"rendered":"<p>ALL IN ONE MAKE UP BRUSH SET: Das 10-teilige Kosmetik-Pinselset enth\u00e4lt alle essentiellen Beauty-Tools f\u00fcr ein Full Face Make-up. Vom klassischen Daily-Look bis hin zu echter Make-up-Kunst \u2013 mit den Luvia Pinseln gelingt dein Look immer &amp; \u00fcberall.<br \/>\nVON MAKE-UP ARTISTS EMPFOHLEN: Bei den Luvia Beauty-Pinseln trifft Pr\u00e4zision auf Geschmeidigkeit. Mit unserem Pinselset tr\u00e4gst du Foundation, Puder, Rouge oder Lidschatten gleichm\u00e4\u00dfig und gezielt auf. Kreiere jetzt deine sch\u00f6nsten Looks!<br \/>\nSAMTIG-WEICH &amp; HAUTFREUNDLICH: Das vegane Nurai-Haar ist extra sanft zu sensibler Haut. Im Vergleich zu Echthaar ist es zudem besonders langlebig, ultraweich und leicht zu reinigen. Schenke deinen Liebsten oder dir ein streichelzartes Hautgef\u00fchl!<br \/>\nDAS GESCHENK F\u00dcR MAKE-UP-LOVER Belohne deine Lieblingsmenschen mit diesem Premium-Set! Edle Pinselgriffe in Pelmuttwei\u00df und glanzvolle Zwingen in Candy Pink machen die Profi-Pinsel zum perfekten Geschenk f\u00fcr Frauen und kosmetikaffine M\u00e4nner.<br \/>\nEXKLUSIVE EXTRAS: Im eleganten Pinselhalter bewahrst du deine Make-up-Tools sicher und stilvoll auf. Mit dem praktischen Reinigungspad bekommst du Pinsel &amp; Make-up-Schwamm schnell und hygienisch sauber!<br \/>\n<div class=\"main-cross-sell\" data-asin=\"B08G53Z51Q\">\n\n\t<div class=\"WooZone-cross-sell-loader\">\n\t\t<div>\n\t\t\t<div id=\"floatingBarsG\">\n\t\t\t\t<div class=\"blockG\" id=\"rotateG_01\"><\/div>\n\t\t\t\t<div class=\"blockG\" id=\"rotateG_02\"><\/div>\n\t\t\t\t<div class=\"blockG\" id=\"rotateG_03\"><\/div>\n\t\t\t\t<div class=\"blockG\" id=\"rotateG_04\"><\/div>\n\t\t\t\t<div class=\"blockG\" id=\"rotateG_05\"><\/div>\n\t\t\t\t<div class=\"blockG\" id=\"rotateG_06\"><\/div>\n\t\t\t\t<div class=\"blockG\" id=\"rotateG_07\"><\/div>\n\t\t\t\t<div class=\"blockG\" id=\"rotateG_08\"><\/div>\n\t\t\t<\/div>\n\t\t\t<div class=\"WooZone-cross-sell-loader-text\"><\/div>\n\t\t<\/div>\n\t<\/div>\n\n\t\t\n<\/div>\n<div style=\"clear:both;\"><\/div><\/p>\n","protected":false},"excerpt":{"rendered":"<p>ALL IN ONE MAKE UP BRUSH SET: Das 10-teilige Kosmetik-Pinselset enth\u00e4lt alle essentiellen Beauty-Tools f\u00fcr ein Full Face Make-up. Vom klassischen Daily-Look bis hin zu echter Make-up-Kunst \u2013 mit den Luvia Pinseln gelingt dein Look immer &amp; \u00fcberall.<br \/>\nVON MAKE-UP ARTISTS EMPFOHLEN: Bei den Luvia Beauty-Pinseln trifft Pr\u00e4zision auf Geschmeidigkeit. Mit unserem Pinselset tr\u00e4gst du Foundation, Puder, Rouge oder Lidschatten gleichm\u00e4\u00dfig und gezielt auf. Kreiere jetzt deine sch\u00f6nsten Looks!<br \/>\nSAMTIG-WEICH &amp; HAUTFREUNDLICH: Das vegane Nurai-Haar ist extra sanft zu sensibler Haut. Im Vergleich zu Echthaar ist es zudem besonders langlebig, ultraweich und leicht zu reinigen. Schenke deinen Liebsten oder dir ein streichelzartes Hautgef\u00fchl!<\/p>\n","protected":false},"featured_media":170991,"comment_status":"open","ping_status":"closed","template":"","meta":[],"product_brand":[],"product_cat":[2858,7575],"product_tag":[],"class_list":{"0":"post-170990","1":"product","2":"type-product","3":"status-publish","4":"has-post-thumbnail","6":"product_cat-beauty","7":"product_cat-make-up","8":"pa_binding-badartikel","9":"pa_brand-luvia-cosmetics","10":"pa_color-rosa","11":"pa_languages-uebersetzung-englisch-uebersetzung-franzoesisch-originalsprache-deutsch","12":"pa_manufacturer-vico-gmbh","13":"pa_model-lc-pv-cy","14":"pa_size-10-stueck-1er-pack","15":"pa_warranty-2-jahre-herstellergarantie","17":"first","18":"instock","19":"shipping-taxable","20":"purchasable","21":"product-type-simple","22":"customify-col","23":"product-has-gallery"},"yoast_head":"<!-- This site is optimized with the Yoast SEO plugin v27.3 - https:\/\/yoast.com\/product\/yoast-seo-wordpress\/ -->\n<title>Make-up Pinselset Luvia, Prime Vegan Pro - Candy, 7 Schminkpinsel inkl. Pinselaufbewahrung, Blender Schwamm\u2026 - Markt-XXL<\/title>\n<meta name=\"description\" content=\"Markt-XXL Make-up Pinselset Luvia, Prime Vegan Pro - Candy, 7 Schminkpinsel inkl. Pinselaufbewahrung, Blender Schwamm\u2026\" \/>\n<meta name=\"robots\" content=\"index, follow, max-snippet:-1, max-image-preview:large, max-video-preview:-1\" \/>\n<link rel=\"canonical\" href=\"https:\/\/marktxxl.de\/markt\/produkt\/make-up-pinselset-luvia-prime-vegan-pro-candy-7-schminkpinsel-inkl-pinselaufbewahrung-blender-schwamm-reinigungsmatte-fuer-kosmetikpinsel-in-perlmutt-perl-rosa\/\" \/>\n<meta property=\"og:locale\" content=\"de_DE\" \/>\n<meta property=\"og:type\" content=\"article\" \/>\n<meta property=\"og:title\" content=\"Make-up Pinselset Luvia, Prime Vegan Pro - Candy, 7 Schminkpinsel inkl. Pinselaufbewahrung, Blender Schwamm\u2026 - Markt-XXL\" \/>\n<meta property=\"og:description\" content=\"Markt-XXL Make-up Pinselset Luvia, Prime Vegan Pro - Candy, 7 Schminkpinsel inkl. Pinselaufbewahrung, Blender Schwamm\u2026\" \/>\n<meta property=\"og:url\" content=\"https:\/\/marktxxl.de\/markt\/produkt\/make-up-pinselset-luvia-prime-vegan-pro-candy-7-schminkpinsel-inkl-pinselaufbewahrung-blender-schwamm-reinigungsmatte-fuer-kosmetikpinsel-in-perlmutt-perl-rosa\/\" \/>\n<meta property=\"og:site_name\" content=\"Markt-XXL\" \/>\n<meta property=\"article:modified_time\" content=\"2023-04-11T02:58:24+00:00\" \/>\n<meta property=\"og:image\" content=\"https:\/\/m.media-amazon.com\/images\/I\/41EeaJ9JgEL._SL500_.jpg\" \/>\n\t<meta property=\"og:image:width\" content=\"445\" \/>\n\t<meta property=\"og:image:height\" content=\"500\" \/>\n\t<meta property=\"og:image:type\" content=\"image\/jpeg\" \/>\n<meta name=\"twitter:card\" content=\"summary_large_image\" \/>\n<meta name=\"twitter:label1\" content=\"Gesch\u00e4tzte Lesezeit\" \/>\n\t<meta name=\"twitter:data1\" content=\"1\u00a0Minute\" \/>\n<script type=\"application\/ld+json\" class=\"yoast-schema-graph\">{\"@context\":\"https:\\\/\\\/schema.org\",\"@graph\":[{\"@type\":\"WebPage\",\"@id\":\"https:\\\/\\\/marktxxl.de\\\/markt\\\/produkt\\\/make-up-pinselset-luvia-prime-vegan-pro-candy-7-schminkpinsel-inkl-pinselaufbewahrung-blender-schwamm-reinigungsmatte-fuer-kosmetikpinsel-in-perlmutt-perl-rosa\\\/\",\"url\":\"https:\\\/\\\/marktxxl.de\\\/markt\\\/produkt\\\/make-up-pinselset-luvia-prime-vegan-pro-candy-7-schminkpinsel-inkl-pinselaufbewahrung-blender-schwamm-reinigungsmatte-fuer-kosmetikpinsel-in-perlmutt-perl-rosa\\\/\",\"name\":\"Make-up Pinselset Luvia, Prime Vegan Pro - Candy, 7 Schminkpinsel inkl. Pinselaufbewahrung, Blender Schwamm\u2026 - Markt-XXL\",\"isPartOf\":{\"@id\":\"https:\\\/\\\/marktxxl.de\\\/markt\\\/#website\"},\"primaryImageOfPage\":{\"@id\":\"https:\\\/\\\/marktxxl.de\\\/markt\\\/produkt\\\/make-up-pinselset-luvia-prime-vegan-pro-candy-7-schminkpinsel-inkl-pinselaufbewahrung-blender-schwamm-reinigungsmatte-fuer-kosmetikpinsel-in-perlmutt-perl-rosa\\\/#primaryimage\"},\"image\":{\"@id\":\"https:\\\/\\\/marktxxl.de\\\/markt\\\/produkt\\\/make-up-pinselset-luvia-prime-vegan-pro-candy-7-schminkpinsel-inkl-pinselaufbewahrung-blender-schwamm-reinigungsmatte-fuer-kosmetikpinsel-in-perlmutt-perl-rosa\\\/#primaryimage\"},\"thumbnailUrl\":\"https:\\\/\\\/m.media-amazon.com\\\/images\\\/I\\\/41EeaJ9JgEL._SL500_.jpg\",\"datePublished\":\"2022-12-10T23:55:28+00:00\",\"dateModified\":\"2023-04-11T02:58:24+00:00\",\"description\":\"Markt-XXL Make-up Pinselset Luvia, Prime Vegan Pro - Candy, 7 Schminkpinsel inkl. Pinselaufbewahrung, Blender Schwamm\u2026\",\"breadcrumb\":{\"@id\":\"https:\\\/\\\/marktxxl.de\\\/markt\\\/produkt\\\/make-up-pinselset-luvia-prime-vegan-pro-candy-7-schminkpinsel-inkl-pinselaufbewahrung-blender-schwamm-reinigungsmatte-fuer-kosmetikpinsel-in-perlmutt-perl-rosa\\\/#breadcrumb\"},\"inLanguage\":\"de\",\"potentialAction\":[{\"@type\":\"ReadAction\",\"target\":[\"https:\\\/\\\/marktxxl.de\\\/markt\\\/produkt\\\/make-up-pinselset-luvia-prime-vegan-pro-candy-7-schminkpinsel-inkl-pinselaufbewahrung-blender-schwamm-reinigungsmatte-fuer-kosmetikpinsel-in-perlmutt-perl-rosa\\\/\"]}]},{\"@type\":\"ImageObject\",\"inLanguage\":\"de\",\"@id\":\"https:\\\/\\\/marktxxl.de\\\/markt\\\/produkt\\\/make-up-pinselset-luvia-prime-vegan-pro-candy-7-schminkpinsel-inkl-pinselaufbewahrung-blender-schwamm-reinigungsmatte-fuer-kosmetikpinsel-in-perlmutt-perl-rosa\\\/#primaryimage\",\"url\":\"https:\\\/\\\/m.media-amazon.com\\\/images\\\/I\\\/41EeaJ9JgEL._SL500_.jpg\",\"contentUrl\":\"https:\\\/\\\/m.media-amazon.com\\\/images\\\/I\\\/41EeaJ9JgEL._SL500_.jpg\",\"width\":445,\"height\":500},{\"@type\":\"BreadcrumbList\",\"@id\":\"https:\\\/\\\/marktxxl.de\\\/markt\\\/produkt\\\/make-up-pinselset-luvia-prime-vegan-pro-candy-7-schminkpinsel-inkl-pinselaufbewahrung-blender-schwamm-reinigungsmatte-fuer-kosmetikpinsel-in-perlmutt-perl-rosa\\\/#breadcrumb\",\"itemListElement\":[{\"@type\":\"ListItem\",\"position\":1,\"name\":\"Startseite\",\"item\":\"https:\\\/\\\/marktxxl.de\\\/markt\\\/\"},{\"@type\":\"ListItem\",\"position\":2,\"name\":\"Markt\",\"item\":\"https:\\\/\\\/marktxxl.de\\\/markt\\\/\"},{\"@type\":\"ListItem\",\"position\":3,\"name\":\"Make-up Pinselset Luvia, Prime Vegan Pro &#8211; Candy, 7 Schminkpinsel inkl. Pinselaufbewahrung, Blender Schwamm\u2026\"}]},{\"@type\":\"WebSite\",\"@id\":\"https:\\\/\\\/marktxxl.de\\\/markt\\\/#website\",\"url\":\"https:\\\/\\\/marktxxl.de\\\/markt\\\/\",\"name\":\"Markt-XXL\",\"description\":\"Ihr Markt Online\",\"publisher\":{\"@id\":\"https:\\\/\\\/marktxxl.de\\\/markt\\\/#organization\"},\"potentialAction\":[{\"@type\":\"SearchAction\",\"target\":{\"@type\":\"EntryPoint\",\"urlTemplate\":\"https:\\\/\\\/marktxxl.de\\\/markt\\\/?s={search_term_string}\"},\"query-input\":{\"@type\":\"PropertyValueSpecification\",\"valueRequired\":true,\"valueName\":\"search_term_string\"}}],\"inLanguage\":\"de\"},{\"@type\":\"Organization\",\"@id\":\"https:\\\/\\\/marktxxl.de\\\/markt\\\/#organization\",\"name\":\"Markt-XXL\",\"url\":\"https:\\\/\\\/marktxxl.de\\\/markt\\\/\",\"logo\":{\"@type\":\"ImageObject\",\"inLanguage\":\"de\",\"@id\":\"https:\\\/\\\/marktxxl.de\\\/markt\\\/#\\\/schema\\\/logo\\\/image\\\/\",\"url\":\"https:\\\/\\\/marktxxl.de\\\/markt\\\/wp-content\\\/uploads\\\/sites\\\/3\\\/2020\\\/12\\\/logo.png\",\"contentUrl\":\"https:\\\/\\\/marktxxl.de\\\/markt\\\/wp-content\\\/uploads\\\/sites\\\/3\\\/2020\\\/12\\\/logo.png\",\"width\":200,\"height\":70,\"caption\":\"Markt-XXL\"},\"image\":{\"@id\":\"https:\\\/\\\/marktxxl.de\\\/markt\\\/#\\\/schema\\\/logo\\\/image\\\/\"}}]}<\/script>\n<!-- \/ Yoast SEO plugin. -->","yoast_head_json":{"title":"Make-up Pinselset Luvia, Prime Vegan Pro - Candy, 7 Schminkpinsel inkl. Pinselaufbewahrung, Blender Schwamm\u2026 - Markt-XXL","description":"Markt-XXL Make-up Pinselset Luvia, Prime Vegan Pro - Candy, 7 Schminkpinsel inkl. Pinselaufbewahrung, Blender Schwamm\u2026","robots":{"index":"index","follow":"follow","max-snippet":"max-snippet:-1","max-image-preview":"max-image-preview:large","max-video-preview":"max-video-preview:-1"},"canonical":"https:\/\/marktxxl.de\/markt\/produkt\/make-up-pinselset-luvia-prime-vegan-pro-candy-7-schminkpinsel-inkl-pinselaufbewahrung-blender-schwamm-reinigungsmatte-fuer-kosmetikpinsel-in-perlmutt-perl-rosa\/","og_locale":"de_DE","og_type":"article","og_title":"Make-up Pinselset Luvia, Prime Vegan Pro - Candy, 7 Schminkpinsel inkl. Pinselaufbewahrung, Blender Schwamm\u2026 - Markt-XXL","og_description":"Markt-XXL Make-up Pinselset Luvia, Prime Vegan Pro - Candy, 7 Schminkpinsel inkl. Pinselaufbewahrung, Blender Schwamm\u2026","og_url":"https:\/\/marktxxl.de\/markt\/produkt\/make-up-pinselset-luvia-prime-vegan-pro-candy-7-schminkpinsel-inkl-pinselaufbewahrung-blender-schwamm-reinigungsmatte-fuer-kosmetikpinsel-in-perlmutt-perl-rosa\/","og_site_name":"Markt-XXL","article_modified_time":"2023-04-11T02:58:24+00:00","og_image":[{"width":445,"height":500,"url":"https:\/\/m.media-amazon.com\/images\/I\/41EeaJ9JgEL._SL500_.jpg","type":"image\/jpeg"}],"twitter_card":"summary_large_image","twitter_misc":{"Gesch\u00e4tzte Lesezeit":"1\u00a0Minute"},"schema":{"@context":"https:\/\/schema.org","@graph":[{"@type":"WebPage","@id":"https:\/\/marktxxl.de\/markt\/produkt\/make-up-pinselset-luvia-prime-vegan-pro-candy-7-schminkpinsel-inkl-pinselaufbewahrung-blender-schwamm-reinigungsmatte-fuer-kosmetikpinsel-in-perlmutt-perl-rosa\/","url":"https:\/\/marktxxl.de\/markt\/produkt\/make-up-pinselset-luvia-prime-vegan-pro-candy-7-schminkpinsel-inkl-pinselaufbewahrung-blender-schwamm-reinigungsmatte-fuer-kosmetikpinsel-in-perlmutt-perl-rosa\/","name":"Make-up Pinselset Luvia, Prime Vegan Pro - Candy, 7 Schminkpinsel inkl. Pinselaufbewahrung, Blender Schwamm\u2026 - Markt-XXL","isPartOf":{"@id":"https:\/\/marktxxl.de\/markt\/#website"},"primaryImageOfPage":{"@id":"https:\/\/marktxxl.de\/markt\/produkt\/make-up-pinselset-luvia-prime-vegan-pro-candy-7-schminkpinsel-inkl-pinselaufbewahrung-blender-schwamm-reinigungsmatte-fuer-kosmetikpinsel-in-perlmutt-perl-rosa\/#primaryimage"},"image":{"@id":"https:\/\/marktxxl.de\/markt\/produkt\/make-up-pinselset-luvia-prime-vegan-pro-candy-7-schminkpinsel-inkl-pinselaufbewahrung-blender-schwamm-reinigungsmatte-fuer-kosmetikpinsel-in-perlmutt-perl-rosa\/#primaryimage"},"thumbnailUrl":"https:\/\/m.media-amazon.com\/images\/I\/41EeaJ9JgEL._SL500_.jpg","datePublished":"2022-12-10T23:55:28+00:00","dateModified":"2023-04-11T02:58:24+00:00","description":"Markt-XXL Make-up Pinselset Luvia, Prime Vegan Pro - Candy, 7 Schminkpinsel inkl. Pinselaufbewahrung, Blender Schwamm\u2026","breadcrumb":{"@id":"https:\/\/marktxxl.de\/markt\/produkt\/make-up-pinselset-luvia-prime-vegan-pro-candy-7-schminkpinsel-inkl-pinselaufbewahrung-blender-schwamm-reinigungsmatte-fuer-kosmetikpinsel-in-perlmutt-perl-rosa\/#breadcrumb"},"inLanguage":"de","potentialAction":[{"@type":"ReadAction","target":["https:\/\/marktxxl.de\/markt\/produkt\/make-up-pinselset-luvia-prime-vegan-pro-candy-7-schminkpinsel-inkl-pinselaufbewahrung-blender-schwamm-reinigungsmatte-fuer-kosmetikpinsel-in-perlmutt-perl-rosa\/"]}]},{"@type":"ImageObject","inLanguage":"de","@id":"https:\/\/marktxxl.de\/markt\/produkt\/make-up-pinselset-luvia-prime-vegan-pro-candy-7-schminkpinsel-inkl-pinselaufbewahrung-blender-schwamm-reinigungsmatte-fuer-kosmetikpinsel-in-perlmutt-perl-rosa\/#primaryimage","url":"https:\/\/m.media-amazon.com\/images\/I\/41EeaJ9JgEL._SL500_.jpg","contentUrl":"https:\/\/m.media-amazon.com\/images\/I\/41EeaJ9JgEL._SL500_.jpg","width":445,"height":500},{"@type":"BreadcrumbList","@id":"https:\/\/marktxxl.de\/markt\/produkt\/make-up-pinselset-luvia-prime-vegan-pro-candy-7-schminkpinsel-inkl-pinselaufbewahrung-blender-schwamm-reinigungsmatte-fuer-kosmetikpinsel-in-perlmutt-perl-rosa\/#breadcrumb","itemListElement":[{"@type":"ListItem","position":1,"name":"Startseite","item":"https:\/\/marktxxl.de\/markt\/"},{"@type":"ListItem","position":2,"name":"Markt","item":"https:\/\/marktxxl.de\/markt\/"},{"@type":"ListItem","position":3,"name":"Make-up Pinselset Luvia, Prime Vegan Pro &#8211; Candy, 7 Schminkpinsel inkl. Pinselaufbewahrung, Blender Schwamm\u2026"}]},{"@type":"WebSite","@id":"https:\/\/marktxxl.de\/markt\/#website","url":"https:\/\/marktxxl.de\/markt\/","name":"Markt-XXL","description":"Ihr Markt Online","publisher":{"@id":"https:\/\/marktxxl.de\/markt\/#organization"},"potentialAction":[{"@type":"SearchAction","target":{"@type":"EntryPoint","urlTemplate":"https:\/\/marktxxl.de\/markt\/?s={search_term_string}"},"query-input":{"@type":"PropertyValueSpecification","valueRequired":true,"valueName":"search_term_string"}}],"inLanguage":"de"},{"@type":"Organization","@id":"https:\/\/marktxxl.de\/markt\/#organization","name":"Markt-XXL","url":"https:\/\/marktxxl.de\/markt\/","logo":{"@type":"ImageObject","inLanguage":"de","@id":"https:\/\/marktxxl.de\/markt\/#\/schema\/logo\/image\/","url":"https:\/\/marktxxl.de\/markt\/wp-content\/uploads\/sites\/3\/2020\/12\/logo.png","contentUrl":"https:\/\/marktxxl.de\/markt\/wp-content\/uploads\/sites\/3\/2020\/12\/logo.png","width":200,"height":70,"caption":"Markt-XXL"},"image":{"@id":"https:\/\/marktxxl.de\/markt\/#\/schema\/logo\/image\/"}}]}},"_links":{"self":[{"href":"https:\/\/marktxxl.de\/markt\/wp-json\/wp\/v2\/product\/170990","targetHints":{"allow":["GET"]}}],"collection":[{"href":"https:\/\/marktxxl.de\/markt\/wp-json\/wp\/v2\/product"}],"about":[{"href":"https:\/\/marktxxl.de\/markt\/wp-json\/wp\/v2\/types\/product"}],"replies":[{"embeddable":true,"href":"https:\/\/marktxxl.de\/markt\/wp-json\/wp\/v2\/comments?post=170990"}],"wp:featuredmedia":[{"embeddable":true,"href":"https:\/\/marktxxl.de\/markt\/wp-json\/wp\/v2\/media\/170991"}],"wp:attachment":[{"href":"https:\/\/marktxxl.de\/markt\/wp-json\/wp\/v2\/media?parent=170990"}],"wp:term":[{"taxonomy":"product_brand","embeddable":true,"href":"https:\/\/marktxxl.de\/markt\/wp-json\/wp\/v2\/product_brand?post=170990"},{"taxonomy":"product_cat","embeddable":true,"href":"https:\/\/marktxxl.de\/markt\/wp-json\/wp\/v2\/product_cat?post=170990"},{"taxonomy":"product_tag","embeddable":true,"href":"https:\/\/marktxxl.de\/markt\/wp-json\/wp\/v2\/product_tag?post=170990"}],"curies":[{"name":"wp","href":"https:\/\/api.w.org\/{rel}","templated":true}]}}