{"id":170964,"date":"2022-12-11T00:55:08","date_gmt":"2022-12-10T23:55:08","guid":{"rendered":"https:\/\/marktxxl.de\/markt\/produkt\/wet-n-wild-max-volume-plus-mascara-volumen-wimperntusche-definierte-wimpern-anti-oxidative-formel-macadamia-nuesse-jojoba-olivenoel-angereichert-mit-d-panthenol-ohne-klumpen-ampd-black\/"},"modified":"2023-04-11T04:58:23","modified_gmt":"2023-04-11T02:58:23","slug":"wet-n-wild-max-volume-plus-mascara-volumen-wimperntusche-definierte-wimpern-anti-oxidative-formel-macadamia-nuesse-jojoba-olivenoel-angereichert-mit-d-panthenol-ohne-klumpen-ampd-black","status":"publish","type":"product","link":"https:\/\/marktxxl.de\/markt\/produkt\/wet-n-wild-max-volume-plus-mascara-volumen-wimperntusche-definierte-wimpern-anti-oxidative-formel-macadamia-nuesse-jojoba-olivenoel-angereichert-mit-d-panthenol-ohne-klumpen-ampd-black\/","title":{"rendered":"wet n wild, Max Volume Plus Mascara, Volumen Wimperntusche, definierte Wimpern, anti-oxidative Formel, Macadamia N\u00fcsse\u2026"},"content":{"rendered":"<p>ANTI-OXIDATIVE FORMEL: Die Formel dieser Mascara enth\u00e4lt Antioxidantien und ist mit Macadamia N\u00fcssen, Jojoba, Oliven\u00f6l und D-Pantenolo angereichert<br \/>\nSPEZIELLER KAMM: Dieser gro\u00dfartige Mascara-Kamm hebt die Wimpern an und trennt und verl\u00e4ngert sie zugleich. F\u00fcr mehr Volumen ohne Klumpen<br \/>\nSICHER UND NICHT AN TIEREN GETESTET: wet n wild hat schon immer Wert auf die Sicherheit seiner Produkte gelegt, diese sind dermatologisch getestet<br \/>\nERFAHRUNG: Seit 1979 widmet sich Wet n Wild der Entwicklung von hochqualitativen Produkten f\u00fcr Kosmetik-Liebhaber, egal welcher Hautton, ohne je einen Hauttyp zu vernachl\u00e4ssigen<br \/>\nEINE VIELFALT VON PRODUKTEN &#8211; Entdecke die Qualit\u00e4t und Vielfalt der wet n wild Kosmetik-Produkte! Sei du selbst und entdecke deine wilde Seite mit unseren Lippenstiften, Lidschatten und mehr!<br \/>\n<div class=\"main-cross-sell\" data-asin=\"B011LN2PMU\">\n\n\t<div class=\"WooZone-cross-sell-loader\">\n\t\t<div>\n\t\t\t<div id=\"floatingBarsG\">\n\t\t\t\t<div class=\"blockG\" id=\"rotateG_01\"><\/div>\n\t\t\t\t<div class=\"blockG\" id=\"rotateG_02\"><\/div>\n\t\t\t\t<div class=\"blockG\" id=\"rotateG_03\"><\/div>\n\t\t\t\t<div class=\"blockG\" id=\"rotateG_04\"><\/div>\n\t\t\t\t<div class=\"blockG\" id=\"rotateG_05\"><\/div>\n\t\t\t\t<div class=\"blockG\" id=\"rotateG_06\"><\/div>\n\t\t\t\t<div class=\"blockG\" id=\"rotateG_07\"><\/div>\n\t\t\t\t<div class=\"blockG\" id=\"rotateG_08\"><\/div>\n\t\t\t<\/div>\n\t\t\t<div class=\"WooZone-cross-sell-loader-text\"><\/div>\n\t\t<\/div>\n\t<\/div>\n\n\t\t\n<\/div>\n<div style=\"clear:both;\"><\/div><\/p>\n","protected":false},"excerpt":{"rendered":"<p>ANTI-OXIDATIVE FORMEL: Die Formel dieser Mascara enth\u00e4lt Antioxidantien und ist mit Macadamia N\u00fcssen, Jojoba, Oliven\u00f6l und D-Pantenolo angereichert<br \/>\nSPEZIELLER KAMM: Dieser gro\u00dfartige Mascara-Kamm hebt die Wimpern an und trennt und verl\u00e4ngert sie zugleich. F\u00fcr mehr Volumen ohne Klumpen<br \/>\nSICHER UND NICHT AN TIEREN GETESTET: wet n wild hat schon immer Wert auf die Sicherheit seiner Produkte gelegt, diese sind dermatologisch getestet<\/p>\n","protected":false},"featured_media":170965,"comment_status":"open","ping_status":"closed","template":"","meta":[],"product_brand":[],"product_cat":[2858,7575],"product_tag":[],"class_list":{"0":"post-170964","1":"product","2":"type-product","3":"status-publish","4":"has-post-thumbnail","6":"product_cat-beauty","7":"product_cat-make-up","8":"pa_binding-badartikel","9":"pa_brand-wet-n-wild","10":"pa_color-ampd-black","11":"pa_height-5-905511805-zoll","12":"pa_languages-unbekannt-franzoesisch","13":"pa_length-2-755905509-zoll","14":"pa_manufacturer-pro-art-beauty-europe-s-r-l","15":"pa_model-e1501","16":"pa_size-1-stueck-1er-pack","17":"pa_weight-0-0440924524-pfund","18":"pa_width-0-8661417314-zoll","20":"first","21":"instock","22":"shipping-taxable","23":"purchasable","24":"product-type-simple","25":"customify-col","26":"product-has-gallery"},"yoast_head":"<!-- This site is optimized with the Yoast SEO plugin v27.4 - https:\/\/yoast.com\/product\/yoast-seo-wordpress\/ -->\n<title>wet n wild, Max Volume Plus Mascara, Volumen Wimperntusche, definierte Wimpern, anti-oxidative Formel, Macadamia N\u00fcsse\u2026 - Markt-XXL<\/title>\n<meta name=\"description\" content=\"Markt-XXL wet n wild, Max Volume Plus Mascara, Volumen Wimperntusche, definierte Wimpern, anti-oxidative Formel, Macadamia N\u00fcsse\u2026\" \/>\n<meta name=\"robots\" content=\"index, follow, max-snippet:-1, max-image-preview:large, max-video-preview:-1\" \/>\n<link rel=\"canonical\" href=\"https:\/\/marktxxl.de\/markt\/produkt\/wet-n-wild-max-volume-plus-mascara-volumen-wimperntusche-definierte-wimpern-anti-oxidative-formel-macadamia-nuesse-jojoba-olivenoel-angereichert-mit-d-panthenol-ohne-klumpen-ampd-black\/\" \/>\n<meta property=\"og:locale\" content=\"de_DE\" \/>\n<meta property=\"og:type\" content=\"article\" \/>\n<meta property=\"og:title\" content=\"wet n wild, Max Volume Plus Mascara, Volumen Wimperntusche, definierte Wimpern, anti-oxidative Formel, Macadamia N\u00fcsse\u2026 - Markt-XXL\" \/>\n<meta property=\"og:description\" content=\"Markt-XXL wet n wild, Max Volume Plus Mascara, Volumen Wimperntusche, definierte Wimpern, anti-oxidative Formel, Macadamia N\u00fcsse\u2026\" \/>\n<meta property=\"og:url\" content=\"https:\/\/marktxxl.de\/markt\/produkt\/wet-n-wild-max-volume-plus-mascara-volumen-wimperntusche-definierte-wimpern-anti-oxidative-formel-macadamia-nuesse-jojoba-olivenoel-angereichert-mit-d-panthenol-ohne-klumpen-ampd-black\/\" \/>\n<meta property=\"og:site_name\" content=\"Markt-XXL\" \/>\n<meta property=\"article:modified_time\" content=\"2023-04-11T02:58:23+00:00\" \/>\n<meta property=\"og:image\" content=\"https:\/\/m.media-amazon.com\/images\/I\/41sPN+8GyvL._SL500_.jpg\" \/>\n\t<meta property=\"og:image:width\" content=\"500\" \/>\n\t<meta property=\"og:image:height\" content=\"500\" \/>\n\t<meta property=\"og:image:type\" content=\"image\/jpeg\" \/>\n<meta name=\"twitter:card\" content=\"summary_large_image\" \/>\n<meta name=\"twitter:label1\" content=\"Gesch\u00e4tzte Lesezeit\" \/>\n\t<meta name=\"twitter:data1\" content=\"1\u00a0Minute\" \/>\n<script type=\"application\/ld+json\" class=\"yoast-schema-graph\">{\"@context\":\"https:\\\/\\\/schema.org\",\"@graph\":[{\"@type\":\"WebPage\",\"@id\":\"https:\\\/\\\/marktxxl.de\\\/markt\\\/produkt\\\/wet-n-wild-max-volume-plus-mascara-volumen-wimperntusche-definierte-wimpern-anti-oxidative-formel-macadamia-nuesse-jojoba-olivenoel-angereichert-mit-d-panthenol-ohne-klumpen-ampd-black\\\/\",\"url\":\"https:\\\/\\\/marktxxl.de\\\/markt\\\/produkt\\\/wet-n-wild-max-volume-plus-mascara-volumen-wimperntusche-definierte-wimpern-anti-oxidative-formel-macadamia-nuesse-jojoba-olivenoel-angereichert-mit-d-panthenol-ohne-klumpen-ampd-black\\\/\",\"name\":\"wet n wild, Max Volume Plus Mascara, Volumen Wimperntusche, definierte Wimpern, anti-oxidative Formel, Macadamia N\u00fcsse\u2026 - Markt-XXL\",\"isPartOf\":{\"@id\":\"https:\\\/\\\/marktxxl.de\\\/markt\\\/#website\"},\"primaryImageOfPage\":{\"@id\":\"https:\\\/\\\/marktxxl.de\\\/markt\\\/produkt\\\/wet-n-wild-max-volume-plus-mascara-volumen-wimperntusche-definierte-wimpern-anti-oxidative-formel-macadamia-nuesse-jojoba-olivenoel-angereichert-mit-d-panthenol-ohne-klumpen-ampd-black\\\/#primaryimage\"},\"image\":{\"@id\":\"https:\\\/\\\/marktxxl.de\\\/markt\\\/produkt\\\/wet-n-wild-max-volume-plus-mascara-volumen-wimperntusche-definierte-wimpern-anti-oxidative-formel-macadamia-nuesse-jojoba-olivenoel-angereichert-mit-d-panthenol-ohne-klumpen-ampd-black\\\/#primaryimage\"},\"thumbnailUrl\":\"https:\\\/\\\/m.media-amazon.com\\\/images\\\/I\\\/41sPN+8GyvL._SL500_.jpg\",\"datePublished\":\"2022-12-10T23:55:08+00:00\",\"dateModified\":\"2023-04-11T02:58:23+00:00\",\"description\":\"Markt-XXL wet n wild, Max Volume Plus Mascara, Volumen Wimperntusche, definierte Wimpern, anti-oxidative Formel, Macadamia N\u00fcsse\u2026\",\"breadcrumb\":{\"@id\":\"https:\\\/\\\/marktxxl.de\\\/markt\\\/produkt\\\/wet-n-wild-max-volume-plus-mascara-volumen-wimperntusche-definierte-wimpern-anti-oxidative-formel-macadamia-nuesse-jojoba-olivenoel-angereichert-mit-d-panthenol-ohne-klumpen-ampd-black\\\/#breadcrumb\"},\"inLanguage\":\"de\",\"potentialAction\":[{\"@type\":\"ReadAction\",\"target\":[\"https:\\\/\\\/marktxxl.de\\\/markt\\\/produkt\\\/wet-n-wild-max-volume-plus-mascara-volumen-wimperntusche-definierte-wimpern-anti-oxidative-formel-macadamia-nuesse-jojoba-olivenoel-angereichert-mit-d-panthenol-ohne-klumpen-ampd-black\\\/\"]}]},{\"@type\":\"ImageObject\",\"inLanguage\":\"de\",\"@id\":\"https:\\\/\\\/marktxxl.de\\\/markt\\\/produkt\\\/wet-n-wild-max-volume-plus-mascara-volumen-wimperntusche-definierte-wimpern-anti-oxidative-formel-macadamia-nuesse-jojoba-olivenoel-angereichert-mit-d-panthenol-ohne-klumpen-ampd-black\\\/#primaryimage\",\"url\":\"https:\\\/\\\/m.media-amazon.com\\\/images\\\/I\\\/41sPN+8GyvL._SL500_.jpg\",\"contentUrl\":\"https:\\\/\\\/m.media-amazon.com\\\/images\\\/I\\\/41sPN+8GyvL._SL500_.jpg\",\"width\":500,\"height\":500},{\"@type\":\"BreadcrumbList\",\"@id\":\"https:\\\/\\\/marktxxl.de\\\/markt\\\/produkt\\\/wet-n-wild-max-volume-plus-mascara-volumen-wimperntusche-definierte-wimpern-anti-oxidative-formel-macadamia-nuesse-jojoba-olivenoel-angereichert-mit-d-panthenol-ohne-klumpen-ampd-black\\\/#breadcrumb\",\"itemListElement\":[{\"@type\":\"ListItem\",\"position\":1,\"name\":\"Startseite\",\"item\":\"https:\\\/\\\/marktxxl.de\\\/markt\\\/\"},{\"@type\":\"ListItem\",\"position\":2,\"name\":\"Markt\",\"item\":\"https:\\\/\\\/marktxxl.de\\\/markt\\\/\"},{\"@type\":\"ListItem\",\"position\":3,\"name\":\"wet n wild, Max Volume Plus Mascara, Volumen Wimperntusche, definierte Wimpern, anti-oxidative Formel, Macadamia N\u00fcsse\u2026\"}]},{\"@type\":\"WebSite\",\"@id\":\"https:\\\/\\\/marktxxl.de\\\/markt\\\/#website\",\"url\":\"https:\\\/\\\/marktxxl.de\\\/markt\\\/\",\"name\":\"Markt-XXL\",\"description\":\"Ihr Markt Online\",\"publisher\":{\"@id\":\"https:\\\/\\\/marktxxl.de\\\/markt\\\/#organization\"},\"potentialAction\":[{\"@type\":\"SearchAction\",\"target\":{\"@type\":\"EntryPoint\",\"urlTemplate\":\"https:\\\/\\\/marktxxl.de\\\/markt\\\/?s={search_term_string}\"},\"query-input\":{\"@type\":\"PropertyValueSpecification\",\"valueRequired\":true,\"valueName\":\"search_term_string\"}}],\"inLanguage\":\"de\"},{\"@type\":\"Organization\",\"@id\":\"https:\\\/\\\/marktxxl.de\\\/markt\\\/#organization\",\"name\":\"Markt-XXL\",\"url\":\"https:\\\/\\\/marktxxl.de\\\/markt\\\/\",\"logo\":{\"@type\":\"ImageObject\",\"inLanguage\":\"de\",\"@id\":\"https:\\\/\\\/marktxxl.de\\\/markt\\\/#\\\/schema\\\/logo\\\/image\\\/\",\"url\":\"https:\\\/\\\/marktxxl.de\\\/markt\\\/wp-content\\\/uploads\\\/sites\\\/3\\\/2020\\\/12\\\/logo.png\",\"contentUrl\":\"https:\\\/\\\/marktxxl.de\\\/markt\\\/wp-content\\\/uploads\\\/sites\\\/3\\\/2020\\\/12\\\/logo.png\",\"width\":200,\"height\":70,\"caption\":\"Markt-XXL\"},\"image\":{\"@id\":\"https:\\\/\\\/marktxxl.de\\\/markt\\\/#\\\/schema\\\/logo\\\/image\\\/\"}}]}<\/script>\n<!-- \/ Yoast SEO plugin. -->","yoast_head_json":{"title":"wet n wild, Max Volume Plus Mascara, Volumen Wimperntusche, definierte Wimpern, anti-oxidative Formel, Macadamia N\u00fcsse\u2026 - Markt-XXL","description":"Markt-XXL wet n wild, Max Volume Plus Mascara, Volumen Wimperntusche, definierte Wimpern, anti-oxidative Formel, Macadamia N\u00fcsse\u2026","robots":{"index":"index","follow":"follow","max-snippet":"max-snippet:-1","max-image-preview":"max-image-preview:large","max-video-preview":"max-video-preview:-1"},"canonical":"https:\/\/marktxxl.de\/markt\/produkt\/wet-n-wild-max-volume-plus-mascara-volumen-wimperntusche-definierte-wimpern-anti-oxidative-formel-macadamia-nuesse-jojoba-olivenoel-angereichert-mit-d-panthenol-ohne-klumpen-ampd-black\/","og_locale":"de_DE","og_type":"article","og_title":"wet n wild, Max Volume Plus Mascara, Volumen Wimperntusche, definierte Wimpern, anti-oxidative Formel, Macadamia N\u00fcsse\u2026 - Markt-XXL","og_description":"Markt-XXL wet n wild, Max Volume Plus Mascara, Volumen Wimperntusche, definierte Wimpern, anti-oxidative Formel, Macadamia N\u00fcsse\u2026","og_url":"https:\/\/marktxxl.de\/markt\/produkt\/wet-n-wild-max-volume-plus-mascara-volumen-wimperntusche-definierte-wimpern-anti-oxidative-formel-macadamia-nuesse-jojoba-olivenoel-angereichert-mit-d-panthenol-ohne-klumpen-ampd-black\/","og_site_name":"Markt-XXL","article_modified_time":"2023-04-11T02:58:23+00:00","og_image":[{"width":500,"height":500,"url":"https:\/\/m.media-amazon.com\/images\/I\/41sPN+8GyvL._SL500_.jpg","type":"image\/jpeg"}],"twitter_card":"summary_large_image","twitter_misc":{"Gesch\u00e4tzte Lesezeit":"1\u00a0Minute"},"schema":{"@context":"https:\/\/schema.org","@graph":[{"@type":"WebPage","@id":"https:\/\/marktxxl.de\/markt\/produkt\/wet-n-wild-max-volume-plus-mascara-volumen-wimperntusche-definierte-wimpern-anti-oxidative-formel-macadamia-nuesse-jojoba-olivenoel-angereichert-mit-d-panthenol-ohne-klumpen-ampd-black\/","url":"https:\/\/marktxxl.de\/markt\/produkt\/wet-n-wild-max-volume-plus-mascara-volumen-wimperntusche-definierte-wimpern-anti-oxidative-formel-macadamia-nuesse-jojoba-olivenoel-angereichert-mit-d-panthenol-ohne-klumpen-ampd-black\/","name":"wet n wild, Max Volume Plus Mascara, Volumen Wimperntusche, definierte Wimpern, anti-oxidative Formel, Macadamia N\u00fcsse\u2026 - Markt-XXL","isPartOf":{"@id":"https:\/\/marktxxl.de\/markt\/#website"},"primaryImageOfPage":{"@id":"https:\/\/marktxxl.de\/markt\/produkt\/wet-n-wild-max-volume-plus-mascara-volumen-wimperntusche-definierte-wimpern-anti-oxidative-formel-macadamia-nuesse-jojoba-olivenoel-angereichert-mit-d-panthenol-ohne-klumpen-ampd-black\/#primaryimage"},"image":{"@id":"https:\/\/marktxxl.de\/markt\/produkt\/wet-n-wild-max-volume-plus-mascara-volumen-wimperntusche-definierte-wimpern-anti-oxidative-formel-macadamia-nuesse-jojoba-olivenoel-angereichert-mit-d-panthenol-ohne-klumpen-ampd-black\/#primaryimage"},"thumbnailUrl":"https:\/\/m.media-amazon.com\/images\/I\/41sPN+8GyvL._SL500_.jpg","datePublished":"2022-12-10T23:55:08+00:00","dateModified":"2023-04-11T02:58:23+00:00","description":"Markt-XXL wet n wild, Max Volume Plus Mascara, Volumen Wimperntusche, definierte Wimpern, anti-oxidative Formel, Macadamia N\u00fcsse\u2026","breadcrumb":{"@id":"https:\/\/marktxxl.de\/markt\/produkt\/wet-n-wild-max-volume-plus-mascara-volumen-wimperntusche-definierte-wimpern-anti-oxidative-formel-macadamia-nuesse-jojoba-olivenoel-angereichert-mit-d-panthenol-ohne-klumpen-ampd-black\/#breadcrumb"},"inLanguage":"de","potentialAction":[{"@type":"ReadAction","target":["https:\/\/marktxxl.de\/markt\/produkt\/wet-n-wild-max-volume-plus-mascara-volumen-wimperntusche-definierte-wimpern-anti-oxidative-formel-macadamia-nuesse-jojoba-olivenoel-angereichert-mit-d-panthenol-ohne-klumpen-ampd-black\/"]}]},{"@type":"ImageObject","inLanguage":"de","@id":"https:\/\/marktxxl.de\/markt\/produkt\/wet-n-wild-max-volume-plus-mascara-volumen-wimperntusche-definierte-wimpern-anti-oxidative-formel-macadamia-nuesse-jojoba-olivenoel-angereichert-mit-d-panthenol-ohne-klumpen-ampd-black\/#primaryimage","url":"https:\/\/m.media-amazon.com\/images\/I\/41sPN+8GyvL._SL500_.jpg","contentUrl":"https:\/\/m.media-amazon.com\/images\/I\/41sPN+8GyvL._SL500_.jpg","width":500,"height":500},{"@type":"BreadcrumbList","@id":"https:\/\/marktxxl.de\/markt\/produkt\/wet-n-wild-max-volume-plus-mascara-volumen-wimperntusche-definierte-wimpern-anti-oxidative-formel-macadamia-nuesse-jojoba-olivenoel-angereichert-mit-d-panthenol-ohne-klumpen-ampd-black\/#breadcrumb","itemListElement":[{"@type":"ListItem","position":1,"name":"Startseite","item":"https:\/\/marktxxl.de\/markt\/"},{"@type":"ListItem","position":2,"name":"Markt","item":"https:\/\/marktxxl.de\/markt\/"},{"@type":"ListItem","position":3,"name":"wet n wild, Max Volume Plus Mascara, Volumen Wimperntusche, definierte Wimpern, anti-oxidative Formel, Macadamia N\u00fcsse\u2026"}]},{"@type":"WebSite","@id":"https:\/\/marktxxl.de\/markt\/#website","url":"https:\/\/marktxxl.de\/markt\/","name":"Markt-XXL","description":"Ihr Markt Online","publisher":{"@id":"https:\/\/marktxxl.de\/markt\/#organization"},"potentialAction":[{"@type":"SearchAction","target":{"@type":"EntryPoint","urlTemplate":"https:\/\/marktxxl.de\/markt\/?s={search_term_string}"},"query-input":{"@type":"PropertyValueSpecification","valueRequired":true,"valueName":"search_term_string"}}],"inLanguage":"de"},{"@type":"Organization","@id":"https:\/\/marktxxl.de\/markt\/#organization","name":"Markt-XXL","url":"https:\/\/marktxxl.de\/markt\/","logo":{"@type":"ImageObject","inLanguage":"de","@id":"https:\/\/marktxxl.de\/markt\/#\/schema\/logo\/image\/","url":"https:\/\/marktxxl.de\/markt\/wp-content\/uploads\/sites\/3\/2020\/12\/logo.png","contentUrl":"https:\/\/marktxxl.de\/markt\/wp-content\/uploads\/sites\/3\/2020\/12\/logo.png","width":200,"height":70,"caption":"Markt-XXL"},"image":{"@id":"https:\/\/marktxxl.de\/markt\/#\/schema\/logo\/image\/"}}]}},"_links":{"self":[{"href":"https:\/\/marktxxl.de\/markt\/wp-json\/wp\/v2\/product\/170964","targetHints":{"allow":["GET"]}}],"collection":[{"href":"https:\/\/marktxxl.de\/markt\/wp-json\/wp\/v2\/product"}],"about":[{"href":"https:\/\/marktxxl.de\/markt\/wp-json\/wp\/v2\/types\/product"}],"replies":[{"embeddable":true,"href":"https:\/\/marktxxl.de\/markt\/wp-json\/wp\/v2\/comments?post=170964"}],"wp:featuredmedia":[{"embeddable":true,"href":"https:\/\/marktxxl.de\/markt\/wp-json\/wp\/v2\/media\/170965"}],"wp:attachment":[{"href":"https:\/\/marktxxl.de\/markt\/wp-json\/wp\/v2\/media?parent=170964"}],"wp:term":[{"taxonomy":"product_brand","embeddable":true,"href":"https:\/\/marktxxl.de\/markt\/wp-json\/wp\/v2\/product_brand?post=170964"},{"taxonomy":"product_cat","embeddable":true,"href":"https:\/\/marktxxl.de\/markt\/wp-json\/wp\/v2\/product_cat?post=170964"},{"taxonomy":"product_tag","embeddable":true,"href":"https:\/\/marktxxl.de\/markt\/wp-json\/wp\/v2\/product_tag?post=170964"}],"curies":[{"name":"wp","href":"https:\/\/api.w.org\/{rel}","templated":true}]}}