{"id":170941,"date":"2022-12-11T00:32:23","date_gmt":"2022-12-10T23:32:23","guid":{"rendered":"https:\/\/marktxxl.de\/markt\/produkt\/pinkiou-augenbrauenstift-set-abziehbarer-wasserfester-augenbrauenstift-schwarz-grau-braun-fuer-frauen-natuerliche-augenbrauenform-make-up-5-stueck\/"},"modified":"2023-04-11T04:58:23","modified_gmt":"2023-04-11T02:58:23","slug":"pinkiou-augenbrauenstift-set-abziehbarer-wasserfester-augenbrauenstift-schwarz-grau-braun-fuer-frauen-natuerliche-augenbrauenform-make-up-5-stueck","status":"publish","type":"product","link":"https:\/\/marktxxl.de\/markt\/produkt\/pinkiou-augenbrauenstift-set-abziehbarer-wasserfester-augenbrauenstift-schwarz-grau-braun-fuer-frauen-natuerliche-augenbrauenform-make-up-5-stueck\/","title":{"rendered":"Pinkiou Augenbrauenstift-Set abziehbarer wasserfester Augenbrauenstift schwarz grau braun f\u00fcr Frauen nat\u00fcrliche\u2026"},"content":{"rendered":"<p>5-in-1-Augenbrauenstift-Set: Das Paket enth\u00e4lt 5 Farben: Schwarz, Grau, Braun, Dunkelbraun und Hellbraun.<br \/>\nWasserdicht und langlebig: Der Augenbrauenstift kann die Augenbrauenform zeichnen und die Augenbrauen schnell f\u00e4rben, kein Verblassen, die Farbe den ganzen Tag behalten.<br \/>\nPeel-Off-Design: Sparen Sie Zeit beim Anspitzen des Bleistifts, ziehen Sie einfach die Schnur auf die Seite und ziehen Sie den \u00dcberschuss ab, und verwenden Sie dann eine kleine Spitzerklinge und schnitzen Sie die Spitzen des Bleistifts.<br \/>\nAugenbrauen-Make-up: Zum Markieren, F\u00fcllen und Konturieren, einfach zu f\u00e4rben und die nat\u00fcrliche Augenbrauenform darzustellen, gleichm\u00e4\u00dfig und akribisch, langanhaltend und ohne Halo-F\u00e4rbung.<br \/>\nKomplettes Set: Praktisch f\u00fcr Sie, um Ihre Augenbrauenfarbe zu schminken, Sie nat\u00fcrlich charmant und elegant aussehen zu lassen, und es ist auch ein gutes Geschenk f\u00fcr Freundinnen.<br \/>\n<div class=\"main-cross-sell\" data-asin=\"B0772CRTTD\">\n\n\t<div class=\"WooZone-cross-sell-loader\">\n\t\t<div>\n\t\t\t<div id=\"floatingBarsG\">\n\t\t\t\t<div class=\"blockG\" id=\"rotateG_01\"><\/div>\n\t\t\t\t<div class=\"blockG\" id=\"rotateG_02\"><\/div>\n\t\t\t\t<div class=\"blockG\" id=\"rotateG_03\"><\/div>\n\t\t\t\t<div class=\"blockG\" id=\"rotateG_04\"><\/div>\n\t\t\t\t<div class=\"blockG\" id=\"rotateG_05\"><\/div>\n\t\t\t\t<div class=\"blockG\" id=\"rotateG_06\"><\/div>\n\t\t\t\t<div class=\"blockG\" id=\"rotateG_07\"><\/div>\n\t\t\t\t<div class=\"blockG\" id=\"rotateG_08\"><\/div>\n\t\t\t<\/div>\n\t\t\t<div class=\"WooZone-cross-sell-loader-text\"><\/div>\n\t\t<\/div>\n\t<\/div>\n\n\t\t\n<\/div>\n<div style=\"clear:both;\"><\/div><\/p>\n","protected":false},"excerpt":{"rendered":"<p>5-in-1-Augenbrauenstift-Set: Das Paket enth\u00e4lt 5 Farben: Schwarz, Grau, Braun, Dunkelbraun und Hellbraun.<br \/>\nWasserdicht und langlebig: Der Augenbrauenstift kann die Augenbrauenform zeichnen und die Augenbrauen schnell f\u00e4rben, kein Verblassen, die Farbe den ganzen Tag behalten.<br \/>\nPeel-Off-Design: Sparen Sie Zeit beim Anspitzen des Bleistifts, ziehen Sie einfach die Schnur auf die Seite und ziehen Sie den \u00dcberschuss ab, und verwenden Sie dann eine kleine Spitzerklinge und schnitzen Sie die Spitzen des Bleistifts.<\/p>\n","protected":false},"featured_media":170942,"comment_status":"open","ping_status":"closed","template":"","meta":[],"product_brand":[],"product_cat":[2858,7575],"product_tag":[],"class_list":{"0":"post-170941","1":"product","2":"type-product","3":"status-publish","4":"has-post-thumbnail","6":"product_cat-beauty","7":"product_cat-make-up","8":"pa_binding-badartikel","9":"pa_brand-pinkiou","10":"pa_color-10-0141","11":"pa_manufacturer-augenbrauenstift","12":"pa_size-5-stueck-1er-pack","14":"first","15":"instock","16":"shipping-taxable","17":"purchasable","18":"product-type-simple","19":"customify-col","20":"product-has-gallery"},"yoast_head":"<!-- This site is optimized with the Yoast SEO plugin v27.3 - https:\/\/yoast.com\/product\/yoast-seo-wordpress\/ -->\n<title>Pinkiou Augenbrauenstift-Set abziehbarer wasserfester Augenbrauenstift schwarz grau braun f\u00fcr Frauen nat\u00fcrliche\u2026 - Markt-XXL<\/title>\n<meta name=\"description\" content=\"Markt-XXL Pinkiou Augenbrauenstift-Set abziehbarer wasserfester Augenbrauenstift schwarz grau braun f\u00fcr Frauen nat\u00fcrliche\u2026\" \/>\n<meta name=\"robots\" content=\"index, follow, max-snippet:-1, max-image-preview:large, max-video-preview:-1\" \/>\n<link rel=\"canonical\" href=\"https:\/\/marktxxl.de\/markt\/produkt\/pinkiou-augenbrauenstift-set-abziehbarer-wasserfester-augenbrauenstift-schwarz-grau-braun-fuer-frauen-natuerliche-augenbrauenform-make-up-5-stueck\/\" \/>\n<meta property=\"og:locale\" content=\"de_DE\" \/>\n<meta property=\"og:type\" content=\"article\" \/>\n<meta property=\"og:title\" content=\"Pinkiou Augenbrauenstift-Set abziehbarer wasserfester Augenbrauenstift schwarz grau braun f\u00fcr Frauen nat\u00fcrliche\u2026 - Markt-XXL\" \/>\n<meta property=\"og:description\" content=\"Markt-XXL Pinkiou Augenbrauenstift-Set abziehbarer wasserfester Augenbrauenstift schwarz grau braun f\u00fcr Frauen nat\u00fcrliche\u2026\" \/>\n<meta property=\"og:url\" content=\"https:\/\/marktxxl.de\/markt\/produkt\/pinkiou-augenbrauenstift-set-abziehbarer-wasserfester-augenbrauenstift-schwarz-grau-braun-fuer-frauen-natuerliche-augenbrauenform-make-up-5-stueck\/\" \/>\n<meta property=\"og:site_name\" content=\"Markt-XXL\" \/>\n<meta property=\"article:modified_time\" content=\"2023-04-11T02:58:23+00:00\" \/>\n<meta property=\"og:image\" content=\"https:\/\/m.media-amazon.com\/images\/I\/41pydj8oksL._SL500_.jpg\" \/>\n\t<meta property=\"og:image:width\" content=\"500\" \/>\n\t<meta property=\"og:image:height\" content=\"500\" \/>\n\t<meta property=\"og:image:type\" content=\"image\/jpeg\" \/>\n<meta name=\"twitter:card\" content=\"summary_large_image\" \/>\n<meta name=\"twitter:label1\" content=\"Gesch\u00e4tzte Lesezeit\" \/>\n\t<meta name=\"twitter:data1\" content=\"1\u00a0Minute\" \/>\n<script type=\"application\/ld+json\" class=\"yoast-schema-graph\">{\"@context\":\"https:\\\/\\\/schema.org\",\"@graph\":[{\"@type\":\"WebPage\",\"@id\":\"https:\\\/\\\/marktxxl.de\\\/markt\\\/produkt\\\/pinkiou-augenbrauenstift-set-abziehbarer-wasserfester-augenbrauenstift-schwarz-grau-braun-fuer-frauen-natuerliche-augenbrauenform-make-up-5-stueck\\\/\",\"url\":\"https:\\\/\\\/marktxxl.de\\\/markt\\\/produkt\\\/pinkiou-augenbrauenstift-set-abziehbarer-wasserfester-augenbrauenstift-schwarz-grau-braun-fuer-frauen-natuerliche-augenbrauenform-make-up-5-stueck\\\/\",\"name\":\"Pinkiou Augenbrauenstift-Set abziehbarer wasserfester Augenbrauenstift schwarz grau braun f\u00fcr Frauen nat\u00fcrliche\u2026 - Markt-XXL\",\"isPartOf\":{\"@id\":\"https:\\\/\\\/marktxxl.de\\\/markt\\\/#website\"},\"primaryImageOfPage\":{\"@id\":\"https:\\\/\\\/marktxxl.de\\\/markt\\\/produkt\\\/pinkiou-augenbrauenstift-set-abziehbarer-wasserfester-augenbrauenstift-schwarz-grau-braun-fuer-frauen-natuerliche-augenbrauenform-make-up-5-stueck\\\/#primaryimage\"},\"image\":{\"@id\":\"https:\\\/\\\/marktxxl.de\\\/markt\\\/produkt\\\/pinkiou-augenbrauenstift-set-abziehbarer-wasserfester-augenbrauenstift-schwarz-grau-braun-fuer-frauen-natuerliche-augenbrauenform-make-up-5-stueck\\\/#primaryimage\"},\"thumbnailUrl\":\"https:\\\/\\\/m.media-amazon.com\\\/images\\\/I\\\/41pydj8oksL._SL500_.jpg\",\"datePublished\":\"2022-12-10T23:32:23+00:00\",\"dateModified\":\"2023-04-11T02:58:23+00:00\",\"description\":\"Markt-XXL Pinkiou Augenbrauenstift-Set abziehbarer wasserfester Augenbrauenstift schwarz grau braun f\u00fcr Frauen nat\u00fcrliche\u2026\",\"breadcrumb\":{\"@id\":\"https:\\\/\\\/marktxxl.de\\\/markt\\\/produkt\\\/pinkiou-augenbrauenstift-set-abziehbarer-wasserfester-augenbrauenstift-schwarz-grau-braun-fuer-frauen-natuerliche-augenbrauenform-make-up-5-stueck\\\/#breadcrumb\"},\"inLanguage\":\"de\",\"potentialAction\":[{\"@type\":\"ReadAction\",\"target\":[\"https:\\\/\\\/marktxxl.de\\\/markt\\\/produkt\\\/pinkiou-augenbrauenstift-set-abziehbarer-wasserfester-augenbrauenstift-schwarz-grau-braun-fuer-frauen-natuerliche-augenbrauenform-make-up-5-stueck\\\/\"]}]},{\"@type\":\"ImageObject\",\"inLanguage\":\"de\",\"@id\":\"https:\\\/\\\/marktxxl.de\\\/markt\\\/produkt\\\/pinkiou-augenbrauenstift-set-abziehbarer-wasserfester-augenbrauenstift-schwarz-grau-braun-fuer-frauen-natuerliche-augenbrauenform-make-up-5-stueck\\\/#primaryimage\",\"url\":\"https:\\\/\\\/m.media-amazon.com\\\/images\\\/I\\\/41pydj8oksL._SL500_.jpg\",\"contentUrl\":\"https:\\\/\\\/m.media-amazon.com\\\/images\\\/I\\\/41pydj8oksL._SL500_.jpg\",\"width\":500,\"height\":500},{\"@type\":\"BreadcrumbList\",\"@id\":\"https:\\\/\\\/marktxxl.de\\\/markt\\\/produkt\\\/pinkiou-augenbrauenstift-set-abziehbarer-wasserfester-augenbrauenstift-schwarz-grau-braun-fuer-frauen-natuerliche-augenbrauenform-make-up-5-stueck\\\/#breadcrumb\",\"itemListElement\":[{\"@type\":\"ListItem\",\"position\":1,\"name\":\"Startseite\",\"item\":\"https:\\\/\\\/marktxxl.de\\\/markt\\\/\"},{\"@type\":\"ListItem\",\"position\":2,\"name\":\"Markt\",\"item\":\"https:\\\/\\\/marktxxl.de\\\/markt\\\/\"},{\"@type\":\"ListItem\",\"position\":3,\"name\":\"Pinkiou Augenbrauenstift-Set abziehbarer wasserfester Augenbrauenstift schwarz grau braun f\u00fcr Frauen nat\u00fcrliche\u2026\"}]},{\"@type\":\"WebSite\",\"@id\":\"https:\\\/\\\/marktxxl.de\\\/markt\\\/#website\",\"url\":\"https:\\\/\\\/marktxxl.de\\\/markt\\\/\",\"name\":\"Markt-XXL\",\"description\":\"Ihr Markt Online\",\"publisher\":{\"@id\":\"https:\\\/\\\/marktxxl.de\\\/markt\\\/#organization\"},\"potentialAction\":[{\"@type\":\"SearchAction\",\"target\":{\"@type\":\"EntryPoint\",\"urlTemplate\":\"https:\\\/\\\/marktxxl.de\\\/markt\\\/?s={search_term_string}\"},\"query-input\":{\"@type\":\"PropertyValueSpecification\",\"valueRequired\":true,\"valueName\":\"search_term_string\"}}],\"inLanguage\":\"de\"},{\"@type\":\"Organization\",\"@id\":\"https:\\\/\\\/marktxxl.de\\\/markt\\\/#organization\",\"name\":\"Markt-XXL\",\"url\":\"https:\\\/\\\/marktxxl.de\\\/markt\\\/\",\"logo\":{\"@type\":\"ImageObject\",\"inLanguage\":\"de\",\"@id\":\"https:\\\/\\\/marktxxl.de\\\/markt\\\/#\\\/schema\\\/logo\\\/image\\\/\",\"url\":\"https:\\\/\\\/marktxxl.de\\\/markt\\\/wp-content\\\/uploads\\\/sites\\\/3\\\/2020\\\/12\\\/logo.png\",\"contentUrl\":\"https:\\\/\\\/marktxxl.de\\\/markt\\\/wp-content\\\/uploads\\\/sites\\\/3\\\/2020\\\/12\\\/logo.png\",\"width\":200,\"height\":70,\"caption\":\"Markt-XXL\"},\"image\":{\"@id\":\"https:\\\/\\\/marktxxl.de\\\/markt\\\/#\\\/schema\\\/logo\\\/image\\\/\"}}]}<\/script>\n<!-- \/ Yoast SEO plugin. -->","yoast_head_json":{"title":"Pinkiou Augenbrauenstift-Set abziehbarer wasserfester Augenbrauenstift schwarz grau braun f\u00fcr Frauen nat\u00fcrliche\u2026 - Markt-XXL","description":"Markt-XXL Pinkiou Augenbrauenstift-Set abziehbarer wasserfester Augenbrauenstift schwarz grau braun f\u00fcr Frauen nat\u00fcrliche\u2026","robots":{"index":"index","follow":"follow","max-snippet":"max-snippet:-1","max-image-preview":"max-image-preview:large","max-video-preview":"max-video-preview:-1"},"canonical":"https:\/\/marktxxl.de\/markt\/produkt\/pinkiou-augenbrauenstift-set-abziehbarer-wasserfester-augenbrauenstift-schwarz-grau-braun-fuer-frauen-natuerliche-augenbrauenform-make-up-5-stueck\/","og_locale":"de_DE","og_type":"article","og_title":"Pinkiou Augenbrauenstift-Set abziehbarer wasserfester Augenbrauenstift schwarz grau braun f\u00fcr Frauen nat\u00fcrliche\u2026 - Markt-XXL","og_description":"Markt-XXL Pinkiou Augenbrauenstift-Set abziehbarer wasserfester Augenbrauenstift schwarz grau braun f\u00fcr Frauen nat\u00fcrliche\u2026","og_url":"https:\/\/marktxxl.de\/markt\/produkt\/pinkiou-augenbrauenstift-set-abziehbarer-wasserfester-augenbrauenstift-schwarz-grau-braun-fuer-frauen-natuerliche-augenbrauenform-make-up-5-stueck\/","og_site_name":"Markt-XXL","article_modified_time":"2023-04-11T02:58:23+00:00","og_image":[{"width":500,"height":500,"url":"https:\/\/m.media-amazon.com\/images\/I\/41pydj8oksL._SL500_.jpg","type":"image\/jpeg"}],"twitter_card":"summary_large_image","twitter_misc":{"Gesch\u00e4tzte Lesezeit":"1\u00a0Minute"},"schema":{"@context":"https:\/\/schema.org","@graph":[{"@type":"WebPage","@id":"https:\/\/marktxxl.de\/markt\/produkt\/pinkiou-augenbrauenstift-set-abziehbarer-wasserfester-augenbrauenstift-schwarz-grau-braun-fuer-frauen-natuerliche-augenbrauenform-make-up-5-stueck\/","url":"https:\/\/marktxxl.de\/markt\/produkt\/pinkiou-augenbrauenstift-set-abziehbarer-wasserfester-augenbrauenstift-schwarz-grau-braun-fuer-frauen-natuerliche-augenbrauenform-make-up-5-stueck\/","name":"Pinkiou Augenbrauenstift-Set abziehbarer wasserfester Augenbrauenstift schwarz grau braun f\u00fcr Frauen nat\u00fcrliche\u2026 - Markt-XXL","isPartOf":{"@id":"https:\/\/marktxxl.de\/markt\/#website"},"primaryImageOfPage":{"@id":"https:\/\/marktxxl.de\/markt\/produkt\/pinkiou-augenbrauenstift-set-abziehbarer-wasserfester-augenbrauenstift-schwarz-grau-braun-fuer-frauen-natuerliche-augenbrauenform-make-up-5-stueck\/#primaryimage"},"image":{"@id":"https:\/\/marktxxl.de\/markt\/produkt\/pinkiou-augenbrauenstift-set-abziehbarer-wasserfester-augenbrauenstift-schwarz-grau-braun-fuer-frauen-natuerliche-augenbrauenform-make-up-5-stueck\/#primaryimage"},"thumbnailUrl":"https:\/\/m.media-amazon.com\/images\/I\/41pydj8oksL._SL500_.jpg","datePublished":"2022-12-10T23:32:23+00:00","dateModified":"2023-04-11T02:58:23+00:00","description":"Markt-XXL Pinkiou Augenbrauenstift-Set abziehbarer wasserfester Augenbrauenstift schwarz grau braun f\u00fcr Frauen nat\u00fcrliche\u2026","breadcrumb":{"@id":"https:\/\/marktxxl.de\/markt\/produkt\/pinkiou-augenbrauenstift-set-abziehbarer-wasserfester-augenbrauenstift-schwarz-grau-braun-fuer-frauen-natuerliche-augenbrauenform-make-up-5-stueck\/#breadcrumb"},"inLanguage":"de","potentialAction":[{"@type":"ReadAction","target":["https:\/\/marktxxl.de\/markt\/produkt\/pinkiou-augenbrauenstift-set-abziehbarer-wasserfester-augenbrauenstift-schwarz-grau-braun-fuer-frauen-natuerliche-augenbrauenform-make-up-5-stueck\/"]}]},{"@type":"ImageObject","inLanguage":"de","@id":"https:\/\/marktxxl.de\/markt\/produkt\/pinkiou-augenbrauenstift-set-abziehbarer-wasserfester-augenbrauenstift-schwarz-grau-braun-fuer-frauen-natuerliche-augenbrauenform-make-up-5-stueck\/#primaryimage","url":"https:\/\/m.media-amazon.com\/images\/I\/41pydj8oksL._SL500_.jpg","contentUrl":"https:\/\/m.media-amazon.com\/images\/I\/41pydj8oksL._SL500_.jpg","width":500,"height":500},{"@type":"BreadcrumbList","@id":"https:\/\/marktxxl.de\/markt\/produkt\/pinkiou-augenbrauenstift-set-abziehbarer-wasserfester-augenbrauenstift-schwarz-grau-braun-fuer-frauen-natuerliche-augenbrauenform-make-up-5-stueck\/#breadcrumb","itemListElement":[{"@type":"ListItem","position":1,"name":"Startseite","item":"https:\/\/marktxxl.de\/markt\/"},{"@type":"ListItem","position":2,"name":"Markt","item":"https:\/\/marktxxl.de\/markt\/"},{"@type":"ListItem","position":3,"name":"Pinkiou Augenbrauenstift-Set abziehbarer wasserfester Augenbrauenstift schwarz grau braun f\u00fcr Frauen nat\u00fcrliche\u2026"}]},{"@type":"WebSite","@id":"https:\/\/marktxxl.de\/markt\/#website","url":"https:\/\/marktxxl.de\/markt\/","name":"Markt-XXL","description":"Ihr Markt Online","publisher":{"@id":"https:\/\/marktxxl.de\/markt\/#organization"},"potentialAction":[{"@type":"SearchAction","target":{"@type":"EntryPoint","urlTemplate":"https:\/\/marktxxl.de\/markt\/?s={search_term_string}"},"query-input":{"@type":"PropertyValueSpecification","valueRequired":true,"valueName":"search_term_string"}}],"inLanguage":"de"},{"@type":"Organization","@id":"https:\/\/marktxxl.de\/markt\/#organization","name":"Markt-XXL","url":"https:\/\/marktxxl.de\/markt\/","logo":{"@type":"ImageObject","inLanguage":"de","@id":"https:\/\/marktxxl.de\/markt\/#\/schema\/logo\/image\/","url":"https:\/\/marktxxl.de\/markt\/wp-content\/uploads\/sites\/3\/2020\/12\/logo.png","contentUrl":"https:\/\/marktxxl.de\/markt\/wp-content\/uploads\/sites\/3\/2020\/12\/logo.png","width":200,"height":70,"caption":"Markt-XXL"},"image":{"@id":"https:\/\/marktxxl.de\/markt\/#\/schema\/logo\/image\/"}}]}},"_links":{"self":[{"href":"https:\/\/marktxxl.de\/markt\/wp-json\/wp\/v2\/product\/170941","targetHints":{"allow":["GET"]}}],"collection":[{"href":"https:\/\/marktxxl.de\/markt\/wp-json\/wp\/v2\/product"}],"about":[{"href":"https:\/\/marktxxl.de\/markt\/wp-json\/wp\/v2\/types\/product"}],"replies":[{"embeddable":true,"href":"https:\/\/marktxxl.de\/markt\/wp-json\/wp\/v2\/comments?post=170941"}],"wp:featuredmedia":[{"embeddable":true,"href":"https:\/\/marktxxl.de\/markt\/wp-json\/wp\/v2\/media\/170942"}],"wp:attachment":[{"href":"https:\/\/marktxxl.de\/markt\/wp-json\/wp\/v2\/media?parent=170941"}],"wp:term":[{"taxonomy":"product_brand","embeddable":true,"href":"https:\/\/marktxxl.de\/markt\/wp-json\/wp\/v2\/product_brand?post=170941"},{"taxonomy":"product_cat","embeddable":true,"href":"https:\/\/marktxxl.de\/markt\/wp-json\/wp\/v2\/product_cat?post=170941"},{"taxonomy":"product_tag","embeddable":true,"href":"https:\/\/marktxxl.de\/markt\/wp-json\/wp\/v2\/product_tag?post=170941"}],"curies":[{"name":"wp","href":"https:\/\/api.w.org\/{rel}","templated":true}]}}