{"id":170910,"date":"2022-12-11T00:31:48","date_gmt":"2022-12-10T23:31:48","guid":{"rendered":"https:\/\/marktxxl.de\/markt\/produkt\/bodymark-by-bic-temporaere-tattoos-in-8-farben-geruchsarme-schnell-trocknende-tattoo-stifte-fuer-die-haut-mit-3-schablonen\/"},"modified":"2023-04-11T04:58:22","modified_gmt":"2023-04-11T02:58:22","slug":"bodymark-by-bic-temporaere-tattoos-in-8-farben-geruchsarme-schnell-trocknende-tattoo-stifte-fuer-die-haut-mit-3-schablonen","status":"publish","type":"product","link":"https:\/\/marktxxl.de\/markt\/produkt\/bodymark-by-bic-temporaere-tattoos-in-8-farben-geruchsarme-schnell-trocknende-tattoo-stifte-fuer-die-haut-mit-3-schablonen\/","title":{"rendered":"BodyMark by BIC, tempor\u00e4re Tattoos in 8 Farben, geruchsarme &amp; schnell trocknende Tattoo Stifte f\u00fcr die Haut mit 3\u2026"},"content":{"rendered":"<p>Lassen Sie Ihrer Fantasie mit diesem Tattoo Pen Set mit 8 BodyMark by BIC Markern und 3 Schablonenbl\u00e4ttern f\u00fcr tempor\u00e4re Tattoos freien Lauf<br \/>\nHautvertr\u00e4gliche Marker mit geruchsarmer und schnell trocknender Tinte, Warnhinweise und Anweisungen befolgen, nicht auf empfindlicher Haut getestet<br \/>\nEnth\u00e4lt 8 lebendige Tintenfarben, die tagelang halten: Hellblau, Braun, Schwarz, Rot, Rosa, Blau, Gr\u00fcn und Lila<br \/>\nGriff und flexible Pinselspitze erleichtern den Umgang mit den Schablonen (Pfeil, Noten, Rose, Diamant, Henna) oder eigenen Designs<br \/>\nPlanen Sie mit diesem Tattoo Stift ein neues Tattoo? Schauen Sie eine Nacht oder ein Wochenende lang wie gut Ihnen Ihr Entwurf gef\u00e4llt, bevor Sie Ihre Entscheidung treffen. Auch ideal als Festival Zubeh\u00f6r oder Geschenk.<br \/>\n<div class=\"main-cross-sell\" data-asin=\"B07WLFGWT7\">\n\n\t<div class=\"WooZone-cross-sell-loader\">\n\t\t<div>\n\t\t\t<div id=\"floatingBarsG\">\n\t\t\t\t<div class=\"blockG\" id=\"rotateG_01\"><\/div>\n\t\t\t\t<div class=\"blockG\" id=\"rotateG_02\"><\/div>\n\t\t\t\t<div class=\"blockG\" id=\"rotateG_03\"><\/div>\n\t\t\t\t<div class=\"blockG\" id=\"rotateG_04\"><\/div>\n\t\t\t\t<div class=\"blockG\" id=\"rotateG_05\"><\/div>\n\t\t\t\t<div class=\"blockG\" id=\"rotateG_06\"><\/div>\n\t\t\t\t<div class=\"blockG\" id=\"rotateG_07\"><\/div>\n\t\t\t\t<div class=\"blockG\" id=\"rotateG_08\"><\/div>\n\t\t\t<\/div>\n\t\t\t<div class=\"WooZone-cross-sell-loader-text\"><\/div>\n\t\t<\/div>\n\t<\/div>\n\n\t\t\n<\/div>\n<div style=\"clear:both;\"><\/div><\/p>\n","protected":false},"excerpt":{"rendered":"<p>Lassen Sie Ihrer Fantasie mit diesem Tattoo Pen Set mit 8 BodyMark by BIC Markern und 3 Schablonenbl\u00e4ttern f\u00fcr tempor\u00e4re Tattoos freien Lauf<br \/>\nHautvertr\u00e4gliche Marker mit geruchsarmer und schnell trocknender Tinte, Warnhinweise und Anweisungen befolgen, nicht auf empfindlicher Haut getestet<br \/>\nEnth\u00e4lt 8 lebendige Tintenfarben, die tagelang halten: Hellblau, Braun, Schwarz, Rot, Rosa, Blau, Gr\u00fcn und Lila<\/p>\n","protected":false},"featured_media":170911,"comment_status":"open","ping_status":"closed","template":"","meta":[],"product_brand":[],"product_cat":[2858,7575],"product_tag":[],"class_list":{"0":"post-170910","1":"product","2":"type-product","3":"status-publish","4":"has-post-thumbnail","6":"product_cat-beauty","7":"product_cat-make-up","8":"pa_binding-buerobedarf-schreibwaren","9":"pa_brand-bic","10":"pa_color-verschiedene","11":"pa_height-7-7559055039-zoll","12":"pa_length-0-5905511805-zoll","13":"pa_manufacturer-bic","14":"pa_model-45569","15":"pa_size-pack-of-8-plus-3-stencils","16":"pa_warranty-nein","17":"pa_width-4-9999999949-zoll","19":"first","20":"instock","21":"shipping-taxable","22":"purchasable","23":"product-type-simple","24":"customify-col","25":"product-has-gallery"},"yoast_head":"<!-- This site is optimized with the Yoast SEO plugin v27.3 - https:\/\/yoast.com\/product\/yoast-seo-wordpress\/ -->\n<title>BodyMark by BIC, tempor\u00e4re Tattoos in 8 Farben, geruchsarme &amp; schnell trocknende Tattoo Stifte f\u00fcr die Haut mit 3\u2026 - Markt-XXL<\/title>\n<meta name=\"description\" content=\"Markt-XXL BodyMark by BIC, tempor\u00e4re Tattoos in 8 Farben, geruchsarme &amp; schnell trocknende Tattoo Stifte f\u00fcr die Haut mit 3\u2026\" \/>\n<meta name=\"robots\" content=\"index, follow, max-snippet:-1, max-image-preview:large, max-video-preview:-1\" \/>\n<link rel=\"canonical\" href=\"https:\/\/marktxxl.de\/markt\/produkt\/bodymark-by-bic-temporaere-tattoos-in-8-farben-geruchsarme-schnell-trocknende-tattoo-stifte-fuer-die-haut-mit-3-schablonen\/\" \/>\n<meta property=\"og:locale\" content=\"de_DE\" \/>\n<meta property=\"og:type\" content=\"article\" \/>\n<meta property=\"og:title\" content=\"BodyMark by BIC, tempor\u00e4re Tattoos in 8 Farben, geruchsarme &amp; schnell trocknende Tattoo Stifte f\u00fcr die Haut mit 3\u2026 - Markt-XXL\" \/>\n<meta property=\"og:description\" content=\"Markt-XXL BodyMark by BIC, tempor\u00e4re Tattoos in 8 Farben, geruchsarme &amp; schnell trocknende Tattoo Stifte f\u00fcr die Haut mit 3\u2026\" \/>\n<meta property=\"og:url\" content=\"https:\/\/marktxxl.de\/markt\/produkt\/bodymark-by-bic-temporaere-tattoos-in-8-farben-geruchsarme-schnell-trocknende-tattoo-stifte-fuer-die-haut-mit-3-schablonen\/\" \/>\n<meta property=\"og:site_name\" content=\"Markt-XXL\" \/>\n<meta property=\"article:modified_time\" content=\"2023-04-11T02:58:22+00:00\" \/>\n<meta property=\"og:image\" content=\"https:\/\/m.media-amazon.com\/images\/I\/51XW0ss2FcL._SL500_.jpg\" \/>\n\t<meta property=\"og:image:width\" content=\"500\" \/>\n\t<meta property=\"og:image:height\" content=\"500\" \/>\n\t<meta property=\"og:image:type\" content=\"image\/jpeg\" \/>\n<meta name=\"twitter:card\" content=\"summary_large_image\" \/>\n<meta name=\"twitter:label1\" content=\"Gesch\u00e4tzte Lesezeit\" \/>\n\t<meta name=\"twitter:data1\" content=\"1\u00a0Minute\" \/>\n<script type=\"application\/ld+json\" class=\"yoast-schema-graph\">{\"@context\":\"https:\\\/\\\/schema.org\",\"@graph\":[{\"@type\":\"WebPage\",\"@id\":\"https:\\\/\\\/marktxxl.de\\\/markt\\\/produkt\\\/bodymark-by-bic-temporaere-tattoos-in-8-farben-geruchsarme-schnell-trocknende-tattoo-stifte-fuer-die-haut-mit-3-schablonen\\\/\",\"url\":\"https:\\\/\\\/marktxxl.de\\\/markt\\\/produkt\\\/bodymark-by-bic-temporaere-tattoos-in-8-farben-geruchsarme-schnell-trocknende-tattoo-stifte-fuer-die-haut-mit-3-schablonen\\\/\",\"name\":\"BodyMark by BIC, tempor\u00e4re Tattoos in 8 Farben, geruchsarme &amp; schnell trocknende Tattoo Stifte f\u00fcr die Haut mit 3\u2026 - Markt-XXL\",\"isPartOf\":{\"@id\":\"https:\\\/\\\/marktxxl.de\\\/markt\\\/#website\"},\"primaryImageOfPage\":{\"@id\":\"https:\\\/\\\/marktxxl.de\\\/markt\\\/produkt\\\/bodymark-by-bic-temporaere-tattoos-in-8-farben-geruchsarme-schnell-trocknende-tattoo-stifte-fuer-die-haut-mit-3-schablonen\\\/#primaryimage\"},\"image\":{\"@id\":\"https:\\\/\\\/marktxxl.de\\\/markt\\\/produkt\\\/bodymark-by-bic-temporaere-tattoos-in-8-farben-geruchsarme-schnell-trocknende-tattoo-stifte-fuer-die-haut-mit-3-schablonen\\\/#primaryimage\"},\"thumbnailUrl\":\"https:\\\/\\\/m.media-amazon.com\\\/images\\\/I\\\/51XW0ss2FcL._SL500_.jpg\",\"datePublished\":\"2022-12-10T23:31:48+00:00\",\"dateModified\":\"2023-04-11T02:58:22+00:00\",\"description\":\"Markt-XXL BodyMark by BIC, tempor\u00e4re Tattoos in 8 Farben, geruchsarme &amp; schnell trocknende Tattoo Stifte f\u00fcr die Haut mit 3\u2026\",\"breadcrumb\":{\"@id\":\"https:\\\/\\\/marktxxl.de\\\/markt\\\/produkt\\\/bodymark-by-bic-temporaere-tattoos-in-8-farben-geruchsarme-schnell-trocknende-tattoo-stifte-fuer-die-haut-mit-3-schablonen\\\/#breadcrumb\"},\"inLanguage\":\"de\",\"potentialAction\":[{\"@type\":\"ReadAction\",\"target\":[\"https:\\\/\\\/marktxxl.de\\\/markt\\\/produkt\\\/bodymark-by-bic-temporaere-tattoos-in-8-farben-geruchsarme-schnell-trocknende-tattoo-stifte-fuer-die-haut-mit-3-schablonen\\\/\"]}]},{\"@type\":\"ImageObject\",\"inLanguage\":\"de\",\"@id\":\"https:\\\/\\\/marktxxl.de\\\/markt\\\/produkt\\\/bodymark-by-bic-temporaere-tattoos-in-8-farben-geruchsarme-schnell-trocknende-tattoo-stifte-fuer-die-haut-mit-3-schablonen\\\/#primaryimage\",\"url\":\"https:\\\/\\\/m.media-amazon.com\\\/images\\\/I\\\/51XW0ss2FcL._SL500_.jpg\",\"contentUrl\":\"https:\\\/\\\/m.media-amazon.com\\\/images\\\/I\\\/51XW0ss2FcL._SL500_.jpg\",\"width\":500,\"height\":500},{\"@type\":\"BreadcrumbList\",\"@id\":\"https:\\\/\\\/marktxxl.de\\\/markt\\\/produkt\\\/bodymark-by-bic-temporaere-tattoos-in-8-farben-geruchsarme-schnell-trocknende-tattoo-stifte-fuer-die-haut-mit-3-schablonen\\\/#breadcrumb\",\"itemListElement\":[{\"@type\":\"ListItem\",\"position\":1,\"name\":\"Startseite\",\"item\":\"https:\\\/\\\/marktxxl.de\\\/markt\\\/\"},{\"@type\":\"ListItem\",\"position\":2,\"name\":\"Markt\",\"item\":\"https:\\\/\\\/marktxxl.de\\\/markt\\\/\"},{\"@type\":\"ListItem\",\"position\":3,\"name\":\"BodyMark by BIC, tempor\u00e4re Tattoos in 8 Farben, geruchsarme &amp; schnell trocknende Tattoo Stifte f\u00fcr die Haut mit 3\u2026\"}]},{\"@type\":\"WebSite\",\"@id\":\"https:\\\/\\\/marktxxl.de\\\/markt\\\/#website\",\"url\":\"https:\\\/\\\/marktxxl.de\\\/markt\\\/\",\"name\":\"Markt-XXL\",\"description\":\"Ihr Markt Online\",\"publisher\":{\"@id\":\"https:\\\/\\\/marktxxl.de\\\/markt\\\/#organization\"},\"potentialAction\":[{\"@type\":\"SearchAction\",\"target\":{\"@type\":\"EntryPoint\",\"urlTemplate\":\"https:\\\/\\\/marktxxl.de\\\/markt\\\/?s={search_term_string}\"},\"query-input\":{\"@type\":\"PropertyValueSpecification\",\"valueRequired\":true,\"valueName\":\"search_term_string\"}}],\"inLanguage\":\"de\"},{\"@type\":\"Organization\",\"@id\":\"https:\\\/\\\/marktxxl.de\\\/markt\\\/#organization\",\"name\":\"Markt-XXL\",\"url\":\"https:\\\/\\\/marktxxl.de\\\/markt\\\/\",\"logo\":{\"@type\":\"ImageObject\",\"inLanguage\":\"de\",\"@id\":\"https:\\\/\\\/marktxxl.de\\\/markt\\\/#\\\/schema\\\/logo\\\/image\\\/\",\"url\":\"https:\\\/\\\/marktxxl.de\\\/markt\\\/wp-content\\\/uploads\\\/sites\\\/3\\\/2020\\\/12\\\/logo.png\",\"contentUrl\":\"https:\\\/\\\/marktxxl.de\\\/markt\\\/wp-content\\\/uploads\\\/sites\\\/3\\\/2020\\\/12\\\/logo.png\",\"width\":200,\"height\":70,\"caption\":\"Markt-XXL\"},\"image\":{\"@id\":\"https:\\\/\\\/marktxxl.de\\\/markt\\\/#\\\/schema\\\/logo\\\/image\\\/\"}}]}<\/script>\n<!-- \/ Yoast SEO plugin. -->","yoast_head_json":{"title":"BodyMark by BIC, tempor\u00e4re Tattoos in 8 Farben, geruchsarme &amp; schnell trocknende Tattoo Stifte f\u00fcr die Haut mit 3\u2026 - Markt-XXL","description":"Markt-XXL BodyMark by BIC, tempor\u00e4re Tattoos in 8 Farben, geruchsarme &amp; schnell trocknende Tattoo Stifte f\u00fcr die Haut mit 3\u2026","robots":{"index":"index","follow":"follow","max-snippet":"max-snippet:-1","max-image-preview":"max-image-preview:large","max-video-preview":"max-video-preview:-1"},"canonical":"https:\/\/marktxxl.de\/markt\/produkt\/bodymark-by-bic-temporaere-tattoos-in-8-farben-geruchsarme-schnell-trocknende-tattoo-stifte-fuer-die-haut-mit-3-schablonen\/","og_locale":"de_DE","og_type":"article","og_title":"BodyMark by BIC, tempor\u00e4re Tattoos in 8 Farben, geruchsarme &amp; schnell trocknende Tattoo Stifte f\u00fcr die Haut mit 3\u2026 - Markt-XXL","og_description":"Markt-XXL BodyMark by BIC, tempor\u00e4re Tattoos in 8 Farben, geruchsarme &amp; schnell trocknende Tattoo Stifte f\u00fcr die Haut mit 3\u2026","og_url":"https:\/\/marktxxl.de\/markt\/produkt\/bodymark-by-bic-temporaere-tattoos-in-8-farben-geruchsarme-schnell-trocknende-tattoo-stifte-fuer-die-haut-mit-3-schablonen\/","og_site_name":"Markt-XXL","article_modified_time":"2023-04-11T02:58:22+00:00","og_image":[{"width":500,"height":500,"url":"https:\/\/m.media-amazon.com\/images\/I\/51XW0ss2FcL._SL500_.jpg","type":"image\/jpeg"}],"twitter_card":"summary_large_image","twitter_misc":{"Gesch\u00e4tzte Lesezeit":"1\u00a0Minute"},"schema":{"@context":"https:\/\/schema.org","@graph":[{"@type":"WebPage","@id":"https:\/\/marktxxl.de\/markt\/produkt\/bodymark-by-bic-temporaere-tattoos-in-8-farben-geruchsarme-schnell-trocknende-tattoo-stifte-fuer-die-haut-mit-3-schablonen\/","url":"https:\/\/marktxxl.de\/markt\/produkt\/bodymark-by-bic-temporaere-tattoos-in-8-farben-geruchsarme-schnell-trocknende-tattoo-stifte-fuer-die-haut-mit-3-schablonen\/","name":"BodyMark by BIC, tempor\u00e4re Tattoos in 8 Farben, geruchsarme &amp; schnell trocknende Tattoo Stifte f\u00fcr die Haut mit 3\u2026 - Markt-XXL","isPartOf":{"@id":"https:\/\/marktxxl.de\/markt\/#website"},"primaryImageOfPage":{"@id":"https:\/\/marktxxl.de\/markt\/produkt\/bodymark-by-bic-temporaere-tattoos-in-8-farben-geruchsarme-schnell-trocknende-tattoo-stifte-fuer-die-haut-mit-3-schablonen\/#primaryimage"},"image":{"@id":"https:\/\/marktxxl.de\/markt\/produkt\/bodymark-by-bic-temporaere-tattoos-in-8-farben-geruchsarme-schnell-trocknende-tattoo-stifte-fuer-die-haut-mit-3-schablonen\/#primaryimage"},"thumbnailUrl":"https:\/\/m.media-amazon.com\/images\/I\/51XW0ss2FcL._SL500_.jpg","datePublished":"2022-12-10T23:31:48+00:00","dateModified":"2023-04-11T02:58:22+00:00","description":"Markt-XXL BodyMark by BIC, tempor\u00e4re Tattoos in 8 Farben, geruchsarme &amp; schnell trocknende Tattoo Stifte f\u00fcr die Haut mit 3\u2026","breadcrumb":{"@id":"https:\/\/marktxxl.de\/markt\/produkt\/bodymark-by-bic-temporaere-tattoos-in-8-farben-geruchsarme-schnell-trocknende-tattoo-stifte-fuer-die-haut-mit-3-schablonen\/#breadcrumb"},"inLanguage":"de","potentialAction":[{"@type":"ReadAction","target":["https:\/\/marktxxl.de\/markt\/produkt\/bodymark-by-bic-temporaere-tattoos-in-8-farben-geruchsarme-schnell-trocknende-tattoo-stifte-fuer-die-haut-mit-3-schablonen\/"]}]},{"@type":"ImageObject","inLanguage":"de","@id":"https:\/\/marktxxl.de\/markt\/produkt\/bodymark-by-bic-temporaere-tattoos-in-8-farben-geruchsarme-schnell-trocknende-tattoo-stifte-fuer-die-haut-mit-3-schablonen\/#primaryimage","url":"https:\/\/m.media-amazon.com\/images\/I\/51XW0ss2FcL._SL500_.jpg","contentUrl":"https:\/\/m.media-amazon.com\/images\/I\/51XW0ss2FcL._SL500_.jpg","width":500,"height":500},{"@type":"BreadcrumbList","@id":"https:\/\/marktxxl.de\/markt\/produkt\/bodymark-by-bic-temporaere-tattoos-in-8-farben-geruchsarme-schnell-trocknende-tattoo-stifte-fuer-die-haut-mit-3-schablonen\/#breadcrumb","itemListElement":[{"@type":"ListItem","position":1,"name":"Startseite","item":"https:\/\/marktxxl.de\/markt\/"},{"@type":"ListItem","position":2,"name":"Markt","item":"https:\/\/marktxxl.de\/markt\/"},{"@type":"ListItem","position":3,"name":"BodyMark by BIC, tempor\u00e4re Tattoos in 8 Farben, geruchsarme &amp; schnell trocknende Tattoo Stifte f\u00fcr die Haut mit 3\u2026"}]},{"@type":"WebSite","@id":"https:\/\/marktxxl.de\/markt\/#website","url":"https:\/\/marktxxl.de\/markt\/","name":"Markt-XXL","description":"Ihr Markt Online","publisher":{"@id":"https:\/\/marktxxl.de\/markt\/#organization"},"potentialAction":[{"@type":"SearchAction","target":{"@type":"EntryPoint","urlTemplate":"https:\/\/marktxxl.de\/markt\/?s={search_term_string}"},"query-input":{"@type":"PropertyValueSpecification","valueRequired":true,"valueName":"search_term_string"}}],"inLanguage":"de"},{"@type":"Organization","@id":"https:\/\/marktxxl.de\/markt\/#organization","name":"Markt-XXL","url":"https:\/\/marktxxl.de\/markt\/","logo":{"@type":"ImageObject","inLanguage":"de","@id":"https:\/\/marktxxl.de\/markt\/#\/schema\/logo\/image\/","url":"https:\/\/marktxxl.de\/markt\/wp-content\/uploads\/sites\/3\/2020\/12\/logo.png","contentUrl":"https:\/\/marktxxl.de\/markt\/wp-content\/uploads\/sites\/3\/2020\/12\/logo.png","width":200,"height":70,"caption":"Markt-XXL"},"image":{"@id":"https:\/\/marktxxl.de\/markt\/#\/schema\/logo\/image\/"}}]}},"_links":{"self":[{"href":"https:\/\/marktxxl.de\/markt\/wp-json\/wp\/v2\/product\/170910","targetHints":{"allow":["GET"]}}],"collection":[{"href":"https:\/\/marktxxl.de\/markt\/wp-json\/wp\/v2\/product"}],"about":[{"href":"https:\/\/marktxxl.de\/markt\/wp-json\/wp\/v2\/types\/product"}],"replies":[{"embeddable":true,"href":"https:\/\/marktxxl.de\/markt\/wp-json\/wp\/v2\/comments?post=170910"}],"wp:featuredmedia":[{"embeddable":true,"href":"https:\/\/marktxxl.de\/markt\/wp-json\/wp\/v2\/media\/170911"}],"wp:attachment":[{"href":"https:\/\/marktxxl.de\/markt\/wp-json\/wp\/v2\/media?parent=170910"}],"wp:term":[{"taxonomy":"product_brand","embeddable":true,"href":"https:\/\/marktxxl.de\/markt\/wp-json\/wp\/v2\/product_brand?post=170910"},{"taxonomy":"product_cat","embeddable":true,"href":"https:\/\/marktxxl.de\/markt\/wp-json\/wp\/v2\/product_cat?post=170910"},{"taxonomy":"product_tag","embeddable":true,"href":"https:\/\/marktxxl.de\/markt\/wp-json\/wp\/v2\/product_tag?post=170910"}],"curies":[{"name":"wp","href":"https:\/\/api.w.org\/{rel}","templated":true}]}}