{"id":170871,"date":"2022-12-11T00:19:17","date_gmt":"2022-12-10T23:19:17","guid":{"rendered":"https:\/\/marktxxl.de\/markt\/produkt\/grenintol-8-zoll-mini-kettensaege-mit-akku-mini-kettensaege-elektro1000w-kettensaege-mit-der-scharfen-ketteeinhand-kettensaege-mit-24v-akkumit-schnellladegeraetfuer-gartenholz-und-astscheren\/"},"modified":"2023-04-11T04:58:22","modified_gmt":"2023-04-11T02:58:22","slug":"grenintol-8-zoll-mini-kettensaege-mit-akku-mini-kettensaege-elektro1000w-kettensaege-mit-der-scharfen-ketteeinhand-kettensaege-mit-24v-akkumit-schnellladegeraetfuer-gartenholz-und-astscheren","status":"publish","type":"product","link":"https:\/\/marktxxl.de\/markt\/produkt\/grenintol-8-zoll-mini-kettensaege-mit-akku-mini-kettensaege-elektro1000w-kettensaege-mit-der-scharfen-ketteeinhand-kettensaege-mit-24v-akkumit-schnellladegeraetfuer-gartenholz-und-astscheren\/","title":{"rendered":"Grenintol Mini Kettens\u00e4ge mit Akku,8 Zoll Mini Kettens\u00e4ge Elektro,2000mAh*2 Kettens\u00e4ge mit der scharfen Kette,Einhand\u2026"},"content":{"rendered":"<p>1.Hohe Effizienz und Energieeinsparung:1000W Mini-Kettens\u00e4ge mit starker Leistung ist langlebiger.Schneideffizienz ist hoch,die Geschwindigkeit ist schnell,die Kette wird durch Luft- und Raumfahrttechnologie abgeschreckt,und das doppelseitige Klingendesign kann Holz mit einem Durchmesser von 10cm in 10S,ist nicht leicht zu brechen.Starke Abriebfestigkeit und Schlagfestigkeit.Das einteilige Bedienfeld ist druck- und verschlei\u00dffest und erh\u00f6ht die Lebensdauer der Akku-Kettens\u00e4ge.<br \/>\n2.Konfigurations-Upgrade:Die Mini-Kettens\u00e4ge ist mit 8-Zoll-und 6-Zoll-Ketten ausgestattet,sodass ihr Anwendungsbereich breiter ist. Die Elektro-Kettens\u00e4ge kann Holz bis zu einem Durchmesser von 15cm schneiden.Effiziente W\u00e4rmeableitung, hervorragende Ger\u00e4uschreduzierung,integrierte Aufbewahrungsbox,Anti-S\u00e4gestaub-Design,Hochfrequenz\u00fcbertragung,35000 U\/min,effiziente Ausgangsleistung.Die Mini-Kettens\u00e4ge ist mit zwei Lithium-Akkus mit gro\u00dfer Kapazit\u00e4t ausgestattet,um die Arbeitszeit zu verl\u00e4ngern.<br \/>\n3.Breites Anwendungsspektrum:Tragbare Kettens\u00e4gen k\u00f6nnen problemlos mit vers Schneiden im Freien,Innendekoration,Schneiden von Brennholz und S\u00e4gen von B\u00e4umen,Beschneiden von \u00c4sten und B\u00e4umen sowie einfaches Schneiden verschiedener Materialien.Die Akku-Kettens\u00e4ge ist mit zwei 24V-Li-Ion-Akkus ausgestattet,ein Akku kann bis zu 15-20 Minuten laufen.Die Kettens\u00e4ge hat eine lange Akkulaufzeit mit \u00dcberstrom-\/\u00dcbertemperatur-\/\u00dcberspannungsschutz.Eingebauter \u00d6ltopf,Press\u00f6lschmierung.<br \/>\n4.Ergonomisches Design:Die Mini-Kettens\u00e4ge hat ein schwarzes gummiertes Griffdesign,das sto\u00dfd\u00e4mpfend und rutschfest ist.Das Ger\u00e4t verf\u00fcgt auch \u00fcber eine Kindersicherung,die eine doppelte Schutzfunktion hat und sicher funktioniert.Das Design des Batteriek\u00fchllochs kann die W\u00e4rmeableitung beschleunigen und ist mit LED-Lampenperlen ausgestattet,die f\u00fcr Nachtarbeiten geeignet sind. Elektro-Kettens\u00e4gen sind mit einer Sicherheitsabdeckung versehen,um das Herumfliegen von S\u00e4gemehl zu verhindern.<br \/>\n5.Geschenkoptionen:Die kleine multifunktionale Mini-Kettens\u00e4ge ist sicher und effizient und einfach zu bedienen.Es ist das perfekte Geschenk f\u00fcr V\u00e4ter,Ehem\u00e4nner und Freunde!Sie erhalten noch: 1*Mini-Kettens\u00e4ge,2*Akku, 2*Kette,1*Steckschl\u00fcssel,1*EU-Adapter, 1*Paar Handschuhe,1*Bedienungsanleitung,1*Profi-Werkzeugkasten. Bei Fragen wenden Sie sich bitte an unsere After-Sales-Mailbox.Tipp: Bevor Sie Zubeh\u00f6r austauschen, entfernen Sie bitte den Akku!<br \/>\n6. Gebrauchsanweisung: Bitte \u00fcberpr\u00fcfen Sie den Akkustand vor dem Gebrauch, laden Sie ihn bitte f\u00fcr den Gebrauch auf. Bitte bewahren Sie es nach Gebrauch an einem sicheren Ort au\u00dferhalb der Reichweite von Kindern auf. Bitte \u00fcberpr\u00fcfen Sie die Festigkeit der Kette nach l\u00e4ngerem Gebrauch und tauschen Sie das Schmier\u00f6l rechtzeitig aus, um eine Alterung der Kette zu verhindern.<br \/>\n7. Bitte beachten Sie,wenn der Durchmesser des zu schneidenden Holzes gr\u00f6\u00dfer als 20cm ist, der Akku keine Langzeitarbeit unterst\u00fctzt,die Maschine und Batterie kann sich erw\u00e4rmen,zur Sicherheit kann sich der \u00dcberhitzungsschutz aktivieren und die Maschine schaltet sich ab.Dann muss die Batterie entfernt werden,um abzuk\u00fchlen.Es wird nicht empfohlen,Holz und andere Materialien mit einem Durchmesser gr\u00f6\u00dfer 20cm zu schneiden.<br \/>\n<div class=\"main-cross-sell\" data-asin=\"B0BHJ4GJ1X\">\n\n\t<div class=\"WooZone-cross-sell-loader\">\n\t\t<div>\n\t\t\t<div id=\"floatingBarsG\">\n\t\t\t\t<div class=\"blockG\" id=\"rotateG_01\"><\/div>\n\t\t\t\t<div class=\"blockG\" id=\"rotateG_02\"><\/div>\n\t\t\t\t<div class=\"blockG\" id=\"rotateG_03\"><\/div>\n\t\t\t\t<div class=\"blockG\" id=\"rotateG_04\"><\/div>\n\t\t\t\t<div class=\"blockG\" id=\"rotateG_05\"><\/div>\n\t\t\t\t<div class=\"blockG\" id=\"rotateG_06\"><\/div>\n\t\t\t\t<div class=\"blockG\" id=\"rotateG_07\"><\/div>\n\t\t\t\t<div class=\"blockG\" id=\"rotateG_08\"><\/div>\n\t\t\t<\/div>\n\t\t\t<div class=\"WooZone-cross-sell-loader-text\"><\/div>\n\t\t<\/div>\n\t<\/div>\n\n\t\t\n<\/div>\n<div style=\"clear:both;\"><\/div><\/p>\n","protected":false},"excerpt":{"rendered":"<p>1.Hohe Effizienz und Energieeinsparung:1000W Mini-Kettens\u00e4ge mit starker Leistung ist langlebiger.Schneideffizienz ist hoch,die Geschwindigkeit ist schnell,die Kette wird durch Luft- und Raumfahrttechnologie abgeschreckt,und das doppelseitige Klingendesign kann Holz mit einem Durchmesser von 10cm in 10S,ist nicht leicht zu brechen.Starke Abriebfestigkeit und Schlagfestigkeit.Das einteilige Bedienfeld ist druck- und verschlei\u00dffest und erh\u00f6ht die Lebensdauer der Akku-Kettens\u00e4ge.<br \/>\n2.Konfigurations-Upgrade:Die Mini-Kettens\u00e4ge ist mit 8-Zoll-und 6-Zoll-Ketten ausgestattet,sodass ihr Anwendungsbereich breiter ist. Die Elektro-Kettens\u00e4ge kann Holz bis zu einem Durchmesser von 15cm schneiden.Effiziente W\u00e4rmeableitung, hervorragende Ger\u00e4uschreduzierung,integrierte Aufbewahrungsbox,Anti-S\u00e4gestaub-Design,Hochfrequenz\u00fcbertragung,35000 U\/min,effiziente Ausgangsleistung.Die Mini-Kettens\u00e4ge ist mit zwei Lithium-Akkus mit gro\u00dfer Kapazit\u00e4t ausgestattet,um die Arbeitszeit zu verl\u00e4ngern.<br \/>\n3.Breites Anwendungsspektrum:Tragbare Kettens\u00e4gen k\u00f6nnen problemlos mit vers Schneiden im Freien,Innendekoration,Schneiden von Brennholz und S\u00e4gen von B\u00e4umen,Beschneiden von \u00c4sten und B\u00e4umen sowie einfaches Schneiden verschiedener Materialien.Die Akku-Kettens\u00e4ge ist mit zwei 24V-Li-Ion-Akkus ausgestattet,ein Akku kann bis zu 15-20 Minuten laufen.Die Kettens\u00e4ge hat eine lange Akkulaufzeit mit \u00dcberstrom-\/\u00dcbertemperatur-\/\u00dcberspannungsschutz.Eingebauter \u00d6ltopf,Press\u00f6lschmierung.<\/p>\n","protected":false},"featured_media":170872,"comment_status":"open","ping_status":"closed","template":"","meta":[],"product_brand":[],"product_cat":[1983,11235],"product_tag":[],"class_list":{"0":"post-170871","1":"product","2":"type-product","3":"status-publish","4":"has-post-thumbnail","6":"product_cat-baumarkt","7":"product_cat-rasenmaeher-elektrische-gartenwerkzeuge","8":"pa_brand-grenintol","9":"pa_color-orange","10":"pa_manufacturer-grenintol","11":"pa_weight-3-kilogramm","13":"first","14":"instock","15":"shipping-taxable","16":"purchasable","17":"product-type-simple","18":"customify-col","19":"product-has-gallery"},"yoast_head":"<!-- This site is optimized with the Yoast SEO plugin v27.4 - https:\/\/yoast.com\/product\/yoast-seo-wordpress\/ -->\n<title>Grenintol Mini Kettens\u00e4ge mit Akku,8 Zoll Mini Kettens\u00e4ge Elektro,2000mAh*2 Kettens\u00e4ge mit der scharfen Kette,Einhand\u2026 - Markt-XXL<\/title>\n<meta name=\"description\" content=\"Markt-XXL Grenintol Mini Kettens\u00e4ge mit Akku,8 Zoll Mini Kettens\u00e4ge Elektro,2000mAh*2 Kettens\u00e4ge mit der scharfen Kette,Einhand\u2026\" \/>\n<meta name=\"robots\" content=\"index, follow, max-snippet:-1, max-image-preview:large, max-video-preview:-1\" \/>\n<link rel=\"canonical\" href=\"https:\/\/marktxxl.de\/markt\/produkt\/grenintol-8-zoll-mini-kettensaege-mit-akku-mini-kettensaege-elektro1000w-kettensaege-mit-der-scharfen-ketteeinhand-kettensaege-mit-24v-akkumit-schnellladegeraetfuer-gartenholz-und-astscheren\/\" \/>\n<meta property=\"og:locale\" content=\"de_DE\" \/>\n<meta property=\"og:type\" content=\"article\" \/>\n<meta property=\"og:title\" content=\"Grenintol Mini Kettens\u00e4ge mit Akku,8 Zoll Mini Kettens\u00e4ge Elektro,2000mAh*2 Kettens\u00e4ge mit der scharfen Kette,Einhand\u2026 - Markt-XXL\" \/>\n<meta property=\"og:description\" content=\"Markt-XXL Grenintol Mini Kettens\u00e4ge mit Akku,8 Zoll Mini Kettens\u00e4ge Elektro,2000mAh*2 Kettens\u00e4ge mit der scharfen Kette,Einhand\u2026\" \/>\n<meta property=\"og:url\" content=\"https:\/\/marktxxl.de\/markt\/produkt\/grenintol-8-zoll-mini-kettensaege-mit-akku-mini-kettensaege-elektro1000w-kettensaege-mit-der-scharfen-ketteeinhand-kettensaege-mit-24v-akkumit-schnellladegeraetfuer-gartenholz-und-astscheren\/\" \/>\n<meta property=\"og:site_name\" content=\"Markt-XXL\" \/>\n<meta property=\"article:modified_time\" content=\"2023-04-11T02:58:22+00:00\" \/>\n<meta property=\"og:image\" content=\"https:\/\/m.media-amazon.com\/images\/I\/41W68E54fbL._SL500_.jpg\" \/>\n\t<meta property=\"og:image:width\" content=\"500\" \/>\n\t<meta property=\"og:image:height\" content=\"500\" \/>\n\t<meta property=\"og:image:type\" content=\"image\/jpeg\" \/>\n<meta name=\"twitter:card\" content=\"summary_large_image\" \/>\n<meta name=\"twitter:label1\" content=\"Gesch\u00e4tzte Lesezeit\" \/>\n\t<meta name=\"twitter:data1\" content=\"2\u00a0Minuten\" \/>\n<script type=\"application\/ld+json\" class=\"yoast-schema-graph\">{\"@context\":\"https:\\\/\\\/schema.org\",\"@graph\":[{\"@type\":\"WebPage\",\"@id\":\"https:\\\/\\\/marktxxl.de\\\/markt\\\/produkt\\\/grenintol-8-zoll-mini-kettensaege-mit-akku-mini-kettensaege-elektro1000w-kettensaege-mit-der-scharfen-ketteeinhand-kettensaege-mit-24v-akkumit-schnellladegeraetfuer-gartenholz-und-astscheren\\\/\",\"url\":\"https:\\\/\\\/marktxxl.de\\\/markt\\\/produkt\\\/grenintol-8-zoll-mini-kettensaege-mit-akku-mini-kettensaege-elektro1000w-kettensaege-mit-der-scharfen-ketteeinhand-kettensaege-mit-24v-akkumit-schnellladegeraetfuer-gartenholz-und-astscheren\\\/\",\"name\":\"Grenintol Mini Kettens\u00e4ge mit Akku,8 Zoll Mini Kettens\u00e4ge Elektro,2000mAh*2 Kettens\u00e4ge mit der scharfen Kette,Einhand\u2026 - Markt-XXL\",\"isPartOf\":{\"@id\":\"https:\\\/\\\/marktxxl.de\\\/markt\\\/#website\"},\"primaryImageOfPage\":{\"@id\":\"https:\\\/\\\/marktxxl.de\\\/markt\\\/produkt\\\/grenintol-8-zoll-mini-kettensaege-mit-akku-mini-kettensaege-elektro1000w-kettensaege-mit-der-scharfen-ketteeinhand-kettensaege-mit-24v-akkumit-schnellladegeraetfuer-gartenholz-und-astscheren\\\/#primaryimage\"},\"image\":{\"@id\":\"https:\\\/\\\/marktxxl.de\\\/markt\\\/produkt\\\/grenintol-8-zoll-mini-kettensaege-mit-akku-mini-kettensaege-elektro1000w-kettensaege-mit-der-scharfen-ketteeinhand-kettensaege-mit-24v-akkumit-schnellladegeraetfuer-gartenholz-und-astscheren\\\/#primaryimage\"},\"thumbnailUrl\":\"https:\\\/\\\/m.media-amazon.com\\\/images\\\/I\\\/41W68E54fbL._SL500_.jpg\",\"datePublished\":\"2022-12-10T23:19:17+00:00\",\"dateModified\":\"2023-04-11T02:58:22+00:00\",\"description\":\"Markt-XXL Grenintol Mini Kettens\u00e4ge mit Akku,8 Zoll Mini Kettens\u00e4ge Elektro,2000mAh*2 Kettens\u00e4ge mit der scharfen Kette,Einhand\u2026\",\"breadcrumb\":{\"@id\":\"https:\\\/\\\/marktxxl.de\\\/markt\\\/produkt\\\/grenintol-8-zoll-mini-kettensaege-mit-akku-mini-kettensaege-elektro1000w-kettensaege-mit-der-scharfen-ketteeinhand-kettensaege-mit-24v-akkumit-schnellladegeraetfuer-gartenholz-und-astscheren\\\/#breadcrumb\"},\"inLanguage\":\"de\",\"potentialAction\":[{\"@type\":\"ReadAction\",\"target\":[\"https:\\\/\\\/marktxxl.de\\\/markt\\\/produkt\\\/grenintol-8-zoll-mini-kettensaege-mit-akku-mini-kettensaege-elektro1000w-kettensaege-mit-der-scharfen-ketteeinhand-kettensaege-mit-24v-akkumit-schnellladegeraetfuer-gartenholz-und-astscheren\\\/\"]}]},{\"@type\":\"ImageObject\",\"inLanguage\":\"de\",\"@id\":\"https:\\\/\\\/marktxxl.de\\\/markt\\\/produkt\\\/grenintol-8-zoll-mini-kettensaege-mit-akku-mini-kettensaege-elektro1000w-kettensaege-mit-der-scharfen-ketteeinhand-kettensaege-mit-24v-akkumit-schnellladegeraetfuer-gartenholz-und-astscheren\\\/#primaryimage\",\"url\":\"https:\\\/\\\/m.media-amazon.com\\\/images\\\/I\\\/41W68E54fbL._SL500_.jpg\",\"contentUrl\":\"https:\\\/\\\/m.media-amazon.com\\\/images\\\/I\\\/41W68E54fbL._SL500_.jpg\",\"width\":500,\"height\":500},{\"@type\":\"BreadcrumbList\",\"@id\":\"https:\\\/\\\/marktxxl.de\\\/markt\\\/produkt\\\/grenintol-8-zoll-mini-kettensaege-mit-akku-mini-kettensaege-elektro1000w-kettensaege-mit-der-scharfen-ketteeinhand-kettensaege-mit-24v-akkumit-schnellladegeraetfuer-gartenholz-und-astscheren\\\/#breadcrumb\",\"itemListElement\":[{\"@type\":\"ListItem\",\"position\":1,\"name\":\"Startseite\",\"item\":\"https:\\\/\\\/marktxxl.de\\\/markt\\\/\"},{\"@type\":\"ListItem\",\"position\":2,\"name\":\"Markt\",\"item\":\"https:\\\/\\\/marktxxl.de\\\/markt\\\/\"},{\"@type\":\"ListItem\",\"position\":3,\"name\":\"Grenintol Mini Kettens\u00e4ge mit Akku,8 Zoll Mini Kettens\u00e4ge Elektro,2000mAh*2 Kettens\u00e4ge mit der scharfen Kette,Einhand\u2026\"}]},{\"@type\":\"WebSite\",\"@id\":\"https:\\\/\\\/marktxxl.de\\\/markt\\\/#website\",\"url\":\"https:\\\/\\\/marktxxl.de\\\/markt\\\/\",\"name\":\"Markt-XXL\",\"description\":\"Ihr Markt Online\",\"publisher\":{\"@id\":\"https:\\\/\\\/marktxxl.de\\\/markt\\\/#organization\"},\"potentialAction\":[{\"@type\":\"SearchAction\",\"target\":{\"@type\":\"EntryPoint\",\"urlTemplate\":\"https:\\\/\\\/marktxxl.de\\\/markt\\\/?s={search_term_string}\"},\"query-input\":{\"@type\":\"PropertyValueSpecification\",\"valueRequired\":true,\"valueName\":\"search_term_string\"}}],\"inLanguage\":\"de\"},{\"@type\":\"Organization\",\"@id\":\"https:\\\/\\\/marktxxl.de\\\/markt\\\/#organization\",\"name\":\"Markt-XXL\",\"url\":\"https:\\\/\\\/marktxxl.de\\\/markt\\\/\",\"logo\":{\"@type\":\"ImageObject\",\"inLanguage\":\"de\",\"@id\":\"https:\\\/\\\/marktxxl.de\\\/markt\\\/#\\\/schema\\\/logo\\\/image\\\/\",\"url\":\"https:\\\/\\\/marktxxl.de\\\/markt\\\/wp-content\\\/uploads\\\/sites\\\/3\\\/2020\\\/12\\\/logo.png\",\"contentUrl\":\"https:\\\/\\\/marktxxl.de\\\/markt\\\/wp-content\\\/uploads\\\/sites\\\/3\\\/2020\\\/12\\\/logo.png\",\"width\":200,\"height\":70,\"caption\":\"Markt-XXL\"},\"image\":{\"@id\":\"https:\\\/\\\/marktxxl.de\\\/markt\\\/#\\\/schema\\\/logo\\\/image\\\/\"}}]}<\/script>\n<!-- \/ Yoast SEO plugin. -->","yoast_head_json":{"title":"Grenintol Mini Kettens\u00e4ge mit Akku,8 Zoll Mini Kettens\u00e4ge Elektro,2000mAh*2 Kettens\u00e4ge mit der scharfen Kette,Einhand\u2026 - Markt-XXL","description":"Markt-XXL Grenintol Mini Kettens\u00e4ge mit Akku,8 Zoll Mini Kettens\u00e4ge Elektro,2000mAh*2 Kettens\u00e4ge mit der scharfen Kette,Einhand\u2026","robots":{"index":"index","follow":"follow","max-snippet":"max-snippet:-1","max-image-preview":"max-image-preview:large","max-video-preview":"max-video-preview:-1"},"canonical":"https:\/\/marktxxl.de\/markt\/produkt\/grenintol-8-zoll-mini-kettensaege-mit-akku-mini-kettensaege-elektro1000w-kettensaege-mit-der-scharfen-ketteeinhand-kettensaege-mit-24v-akkumit-schnellladegeraetfuer-gartenholz-und-astscheren\/","og_locale":"de_DE","og_type":"article","og_title":"Grenintol Mini Kettens\u00e4ge mit Akku,8 Zoll Mini Kettens\u00e4ge Elektro,2000mAh*2 Kettens\u00e4ge mit der scharfen Kette,Einhand\u2026 - Markt-XXL","og_description":"Markt-XXL Grenintol Mini Kettens\u00e4ge mit Akku,8 Zoll Mini Kettens\u00e4ge Elektro,2000mAh*2 Kettens\u00e4ge mit der scharfen Kette,Einhand\u2026","og_url":"https:\/\/marktxxl.de\/markt\/produkt\/grenintol-8-zoll-mini-kettensaege-mit-akku-mini-kettensaege-elektro1000w-kettensaege-mit-der-scharfen-ketteeinhand-kettensaege-mit-24v-akkumit-schnellladegeraetfuer-gartenholz-und-astscheren\/","og_site_name":"Markt-XXL","article_modified_time":"2023-04-11T02:58:22+00:00","og_image":[{"width":500,"height":500,"url":"https:\/\/m.media-amazon.com\/images\/I\/41W68E54fbL._SL500_.jpg","type":"image\/jpeg"}],"twitter_card":"summary_large_image","twitter_misc":{"Gesch\u00e4tzte Lesezeit":"2\u00a0Minuten"},"schema":{"@context":"https:\/\/schema.org","@graph":[{"@type":"WebPage","@id":"https:\/\/marktxxl.de\/markt\/produkt\/grenintol-8-zoll-mini-kettensaege-mit-akku-mini-kettensaege-elektro1000w-kettensaege-mit-der-scharfen-ketteeinhand-kettensaege-mit-24v-akkumit-schnellladegeraetfuer-gartenholz-und-astscheren\/","url":"https:\/\/marktxxl.de\/markt\/produkt\/grenintol-8-zoll-mini-kettensaege-mit-akku-mini-kettensaege-elektro1000w-kettensaege-mit-der-scharfen-ketteeinhand-kettensaege-mit-24v-akkumit-schnellladegeraetfuer-gartenholz-und-astscheren\/","name":"Grenintol Mini Kettens\u00e4ge mit Akku,8 Zoll Mini Kettens\u00e4ge Elektro,2000mAh*2 Kettens\u00e4ge mit der scharfen Kette,Einhand\u2026 - Markt-XXL","isPartOf":{"@id":"https:\/\/marktxxl.de\/markt\/#website"},"primaryImageOfPage":{"@id":"https:\/\/marktxxl.de\/markt\/produkt\/grenintol-8-zoll-mini-kettensaege-mit-akku-mini-kettensaege-elektro1000w-kettensaege-mit-der-scharfen-ketteeinhand-kettensaege-mit-24v-akkumit-schnellladegeraetfuer-gartenholz-und-astscheren\/#primaryimage"},"image":{"@id":"https:\/\/marktxxl.de\/markt\/produkt\/grenintol-8-zoll-mini-kettensaege-mit-akku-mini-kettensaege-elektro1000w-kettensaege-mit-der-scharfen-ketteeinhand-kettensaege-mit-24v-akkumit-schnellladegeraetfuer-gartenholz-und-astscheren\/#primaryimage"},"thumbnailUrl":"https:\/\/m.media-amazon.com\/images\/I\/41W68E54fbL._SL500_.jpg","datePublished":"2022-12-10T23:19:17+00:00","dateModified":"2023-04-11T02:58:22+00:00","description":"Markt-XXL Grenintol Mini Kettens\u00e4ge mit Akku,8 Zoll Mini Kettens\u00e4ge Elektro,2000mAh*2 Kettens\u00e4ge mit der scharfen Kette,Einhand\u2026","breadcrumb":{"@id":"https:\/\/marktxxl.de\/markt\/produkt\/grenintol-8-zoll-mini-kettensaege-mit-akku-mini-kettensaege-elektro1000w-kettensaege-mit-der-scharfen-ketteeinhand-kettensaege-mit-24v-akkumit-schnellladegeraetfuer-gartenholz-und-astscheren\/#breadcrumb"},"inLanguage":"de","potentialAction":[{"@type":"ReadAction","target":["https:\/\/marktxxl.de\/markt\/produkt\/grenintol-8-zoll-mini-kettensaege-mit-akku-mini-kettensaege-elektro1000w-kettensaege-mit-der-scharfen-ketteeinhand-kettensaege-mit-24v-akkumit-schnellladegeraetfuer-gartenholz-und-astscheren\/"]}]},{"@type":"ImageObject","inLanguage":"de","@id":"https:\/\/marktxxl.de\/markt\/produkt\/grenintol-8-zoll-mini-kettensaege-mit-akku-mini-kettensaege-elektro1000w-kettensaege-mit-der-scharfen-ketteeinhand-kettensaege-mit-24v-akkumit-schnellladegeraetfuer-gartenholz-und-astscheren\/#primaryimage","url":"https:\/\/m.media-amazon.com\/images\/I\/41W68E54fbL._SL500_.jpg","contentUrl":"https:\/\/m.media-amazon.com\/images\/I\/41W68E54fbL._SL500_.jpg","width":500,"height":500},{"@type":"BreadcrumbList","@id":"https:\/\/marktxxl.de\/markt\/produkt\/grenintol-8-zoll-mini-kettensaege-mit-akku-mini-kettensaege-elektro1000w-kettensaege-mit-der-scharfen-ketteeinhand-kettensaege-mit-24v-akkumit-schnellladegeraetfuer-gartenholz-und-astscheren\/#breadcrumb","itemListElement":[{"@type":"ListItem","position":1,"name":"Startseite","item":"https:\/\/marktxxl.de\/markt\/"},{"@type":"ListItem","position":2,"name":"Markt","item":"https:\/\/marktxxl.de\/markt\/"},{"@type":"ListItem","position":3,"name":"Grenintol Mini Kettens\u00e4ge mit Akku,8 Zoll Mini Kettens\u00e4ge Elektro,2000mAh*2 Kettens\u00e4ge mit der scharfen Kette,Einhand\u2026"}]},{"@type":"WebSite","@id":"https:\/\/marktxxl.de\/markt\/#website","url":"https:\/\/marktxxl.de\/markt\/","name":"Markt-XXL","description":"Ihr Markt Online","publisher":{"@id":"https:\/\/marktxxl.de\/markt\/#organization"},"potentialAction":[{"@type":"SearchAction","target":{"@type":"EntryPoint","urlTemplate":"https:\/\/marktxxl.de\/markt\/?s={search_term_string}"},"query-input":{"@type":"PropertyValueSpecification","valueRequired":true,"valueName":"search_term_string"}}],"inLanguage":"de"},{"@type":"Organization","@id":"https:\/\/marktxxl.de\/markt\/#organization","name":"Markt-XXL","url":"https:\/\/marktxxl.de\/markt\/","logo":{"@type":"ImageObject","inLanguage":"de","@id":"https:\/\/marktxxl.de\/markt\/#\/schema\/logo\/image\/","url":"https:\/\/marktxxl.de\/markt\/wp-content\/uploads\/sites\/3\/2020\/12\/logo.png","contentUrl":"https:\/\/marktxxl.de\/markt\/wp-content\/uploads\/sites\/3\/2020\/12\/logo.png","width":200,"height":70,"caption":"Markt-XXL"},"image":{"@id":"https:\/\/marktxxl.de\/markt\/#\/schema\/logo\/image\/"}}]}},"_links":{"self":[{"href":"https:\/\/marktxxl.de\/markt\/wp-json\/wp\/v2\/product\/170871","targetHints":{"allow":["GET"]}}],"collection":[{"href":"https:\/\/marktxxl.de\/markt\/wp-json\/wp\/v2\/product"}],"about":[{"href":"https:\/\/marktxxl.de\/markt\/wp-json\/wp\/v2\/types\/product"}],"replies":[{"embeddable":true,"href":"https:\/\/marktxxl.de\/markt\/wp-json\/wp\/v2\/comments?post=170871"}],"wp:featuredmedia":[{"embeddable":true,"href":"https:\/\/marktxxl.de\/markt\/wp-json\/wp\/v2\/media\/170872"}],"wp:attachment":[{"href":"https:\/\/marktxxl.de\/markt\/wp-json\/wp\/v2\/media?parent=170871"}],"wp:term":[{"taxonomy":"product_brand","embeddable":true,"href":"https:\/\/marktxxl.de\/markt\/wp-json\/wp\/v2\/product_brand?post=170871"},{"taxonomy":"product_cat","embeddable":true,"href":"https:\/\/marktxxl.de\/markt\/wp-json\/wp\/v2\/product_cat?post=170871"},{"taxonomy":"product_tag","embeddable":true,"href":"https:\/\/marktxxl.de\/markt\/wp-json\/wp\/v2\/product_tag?post=170871"}],"curies":[{"name":"wp","href":"https:\/\/api.w.org\/{rel}","templated":true}]}}