{"id":170782,"date":"2022-12-11T00:05:17","date_gmt":"2022-12-10T23:05:17","guid":{"rendered":"https:\/\/marktxxl.de\/markt\/produkt\/anfil-4mm%c2%b2-12awg-solarpanel-verlaengerungskabel-mit-buchsen-und-steckern\/"},"modified":"2023-04-11T04:57:44","modified_gmt":"2023-04-11T02:57:44","slug":"anfil-4mm%c2%b2-12awg-solarpanel-verlaengerungskabel-mit-buchsen-und-steckern","status":"publish","type":"product","link":"https:\/\/marktxxl.de\/markt\/produkt\/anfil-4mm%c2%b2-12awg-solarpanel-verlaengerungskabel-mit-buchsen-und-steckern\/","title":{"rendered":"ANFIL 4mm\u00b2 \/ 12AWG Solarpanel-Verl\u00e4ngerungskabel mit Buchsen und Steckern (3m rot + 3m schwarz)"},"content":{"rendered":"<p>ANFIL 6 m 4 mm\u00b2 \/ 12 AWG Solarpanel-Verl\u00e4ngerungskabel mit weiblichen und m\u00e4nnlichen Steckern (3 m rot + 3 m schwarz) ist ein hochwertiges Produkt, das speziell f\u00fcr die professionelle Installation von Solarzellen f\u00fcr netz- und netzunabh\u00e4ngige Systeme entwickelt wurde<br \/>\nMinimaler Verlust: Solar-Verl\u00e4ngerungskabel wird in der Regel in 14, 12 und 10 AWG Gr\u00f6\u00dfen verkauft. Das in diesem Angebot angebotene Solarkabel ist 12 AWG und es hat eine der beiden gr\u00f6\u00dften Gr\u00f6\u00dfen. Die Verwendung von Kabeln mit gro\u00dfem Durchmesser minimiert den Energieverlust in Ihrem Solarmodul-System<br \/>\nZwei Kabel mit weiblichen und m\u00e4nnlichen Steckern, die ein stabiles selbstsperrendes System haben, und es ist einfach einzulegen und zu entfernen. Schnelle &amp; einfache Montage Verarbeitung<br \/>\nDie Verkabelung ist wetterfest und h\u00e4lt extremer Hitze und K\u00e4lte stand<br \/>\nMaterial: verzinntes Kupfer, garantiert gute Leitf\u00e4higkeit<br \/>\n<div class=\"main-cross-sell\" data-asin=\"B09WLHM28W\">\n\n\t<div class=\"WooZone-cross-sell-loader\">\n\t\t<div>\n\t\t\t<div id=\"floatingBarsG\">\n\t\t\t\t<div class=\"blockG\" id=\"rotateG_01\"><\/div>\n\t\t\t\t<div class=\"blockG\" id=\"rotateG_02\"><\/div>\n\t\t\t\t<div class=\"blockG\" id=\"rotateG_03\"><\/div>\n\t\t\t\t<div class=\"blockG\" id=\"rotateG_04\"><\/div>\n\t\t\t\t<div class=\"blockG\" id=\"rotateG_05\"><\/div>\n\t\t\t\t<div class=\"blockG\" id=\"rotateG_06\"><\/div>\n\t\t\t\t<div class=\"blockG\" id=\"rotateG_07\"><\/div>\n\t\t\t\t<div class=\"blockG\" id=\"rotateG_08\"><\/div>\n\t\t\t<\/div>\n\t\t\t<div class=\"WooZone-cross-sell-loader-text\"><\/div>\n\t\t<\/div>\n\t<\/div>\n\n\t\t\n<\/div>\n<div style=\"clear:both;\"><\/div><\/p>\n","protected":false},"excerpt":{"rendered":"<p>ANFIL 6 m 4 mm\u00b2 \/ 12 AWG Solarpanel-Verl\u00e4ngerungskabel mit weiblichen und m\u00e4nnlichen Steckern (3 m rot + 3 m schwarz) ist ein hochwertiges Produkt, das speziell f\u00fcr die professionelle Installation von Solarzellen f\u00fcr netz- und netzunabh\u00e4ngige Systeme entwickelt wurde<br \/>\nMinimaler Verlust: Solar-Verl\u00e4ngerungskabel wird in der Regel in 14, 12 und 10 AWG Gr\u00f6\u00dfen verkauft. Das in diesem Angebot angebotene Solarkabel ist 12 AWG und es hat eine der beiden gr\u00f6\u00dften Gr\u00f6\u00dfen. Die Verwendung von Kabeln mit gro\u00dfem Durchmesser minimiert den Energieverlust in Ihrem Solarmodul-System<br \/>\nZwei Kabel mit weiblichen und m\u00e4nnlichen Steckern, die ein stabiles selbstsperrendes System haben, und es ist einfach einzulegen und zu entfernen. Schnelle &amp; einfache Montage Verarbeitung<\/p>\n","protected":false},"featured_media":170783,"comment_status":"open","ping_status":"closed","template":"","meta":[],"product_brand":[],"product_cat":[1983,11009],"product_tag":[],"class_list":{"0":"post-170782","1":"product","2":"type-product","3":"status-publish","4":"has-post-thumbnail","6":"product_cat-baumarkt","7":"product_cat-elektroinstallation","8":"pa_brand-anfil-solar-technology","9":"pa_brand-thames-hudson","10":"pa_manufacturer-anfil-limited","12":"first","13":"instock","14":"shipping-taxable","15":"purchasable","16":"product-type-simple","17":"customify-col","18":"product-has-gallery"},"yoast_head":"<!-- This site is optimized with the Yoast SEO plugin v27.3 - https:\/\/yoast.com\/product\/yoast-seo-wordpress\/ -->\n<title>ANFIL 4mm\u00b2 \/ 12AWG Solarpanel-Verl\u00e4ngerungskabel mit Buchsen und Steckern (3m rot + 3m schwarz) - Markt-XXL<\/title>\n<meta name=\"description\" content=\"Markt-XXL ANFIL 4mm\u00b2 \/ 12AWG Solarpanel-Verl\u00e4ngerungskabel mit Buchsen und Steckern (3m rot + 3m schwarz)\" \/>\n<meta name=\"robots\" content=\"index, follow, max-snippet:-1, max-image-preview:large, max-video-preview:-1\" \/>\n<link rel=\"canonical\" href=\"https:\/\/marktxxl.de\/markt\/produkt\/anfil-4mm\u00b2-12awg-solarpanel-verlaengerungskabel-mit-buchsen-und-steckern\/\" \/>\n<meta property=\"og:locale\" content=\"de_DE\" \/>\n<meta property=\"og:type\" content=\"article\" \/>\n<meta property=\"og:title\" content=\"ANFIL 4mm\u00b2 \/ 12AWG Solarpanel-Verl\u00e4ngerungskabel mit Buchsen und Steckern (3m rot + 3m schwarz) - Markt-XXL\" \/>\n<meta property=\"og:description\" content=\"Markt-XXL ANFIL 4mm\u00b2 \/ 12AWG Solarpanel-Verl\u00e4ngerungskabel mit Buchsen und Steckern (3m rot + 3m schwarz)\" \/>\n<meta property=\"og:url\" content=\"https:\/\/marktxxl.de\/markt\/produkt\/anfil-4mm\u00b2-12awg-solarpanel-verlaengerungskabel-mit-buchsen-und-steckern\/\" \/>\n<meta property=\"og:site_name\" content=\"Markt-XXL\" \/>\n<meta property=\"article:modified_time\" content=\"2023-04-11T02:57:44+00:00\" \/>\n<meta property=\"og:image\" content=\"https:\/\/m.media-amazon.com\/images\/I\/412PPxmDigL._SL500_.jpg\" \/>\n\t<meta property=\"og:image:width\" content=\"412\" \/>\n\t<meta property=\"og:image:height\" content=\"500\" \/>\n\t<meta property=\"og:image:type\" content=\"image\/jpeg\" \/>\n<meta name=\"twitter:card\" content=\"summary_large_image\" \/>\n<meta name=\"twitter:label1\" content=\"Gesch\u00e4tzte Lesezeit\" \/>\n\t<meta name=\"twitter:data1\" content=\"1\u00a0Minute\" \/>\n<script type=\"application\/ld+json\" class=\"yoast-schema-graph\">{\"@context\":\"https:\\\/\\\/schema.org\",\"@graph\":[{\"@type\":\"WebPage\",\"@id\":\"https:\\\/\\\/marktxxl.de\\\/markt\\\/produkt\\\/anfil-4mm%c2%b2-12awg-solarpanel-verlaengerungskabel-mit-buchsen-und-steckern\\\/\",\"url\":\"https:\\\/\\\/marktxxl.de\\\/markt\\\/produkt\\\/anfil-4mm%c2%b2-12awg-solarpanel-verlaengerungskabel-mit-buchsen-und-steckern\\\/\",\"name\":\"ANFIL 4mm\u00b2 \\\/ 12AWG Solarpanel-Verl\u00e4ngerungskabel mit Buchsen und Steckern (3m rot + 3m schwarz) - Markt-XXL\",\"isPartOf\":{\"@id\":\"https:\\\/\\\/marktxxl.de\\\/markt\\\/#website\"},\"primaryImageOfPage\":{\"@id\":\"https:\\\/\\\/marktxxl.de\\\/markt\\\/produkt\\\/anfil-4mm%c2%b2-12awg-solarpanel-verlaengerungskabel-mit-buchsen-und-steckern\\\/#primaryimage\"},\"image\":{\"@id\":\"https:\\\/\\\/marktxxl.de\\\/markt\\\/produkt\\\/anfil-4mm%c2%b2-12awg-solarpanel-verlaengerungskabel-mit-buchsen-und-steckern\\\/#primaryimage\"},\"thumbnailUrl\":\"https:\\\/\\\/m.media-amazon.com\\\/images\\\/I\\\/412PPxmDigL._SL500_.jpg\",\"datePublished\":\"2022-12-10T23:05:17+00:00\",\"dateModified\":\"2023-04-11T02:57:44+00:00\",\"description\":\"Markt-XXL ANFIL 4mm\u00b2 \\\/ 12AWG Solarpanel-Verl\u00e4ngerungskabel mit Buchsen und Steckern (3m rot + 3m schwarz)\",\"breadcrumb\":{\"@id\":\"https:\\\/\\\/marktxxl.de\\\/markt\\\/produkt\\\/anfil-4mm%c2%b2-12awg-solarpanel-verlaengerungskabel-mit-buchsen-und-steckern\\\/#breadcrumb\"},\"inLanguage\":\"de\",\"potentialAction\":[{\"@type\":\"ReadAction\",\"target\":[\"https:\\\/\\\/marktxxl.de\\\/markt\\\/produkt\\\/anfil-4mm%c2%b2-12awg-solarpanel-verlaengerungskabel-mit-buchsen-und-steckern\\\/\"]}]},{\"@type\":\"ImageObject\",\"inLanguage\":\"de\",\"@id\":\"https:\\\/\\\/marktxxl.de\\\/markt\\\/produkt\\\/anfil-4mm%c2%b2-12awg-solarpanel-verlaengerungskabel-mit-buchsen-und-steckern\\\/#primaryimage\",\"url\":\"https:\\\/\\\/m.media-amazon.com\\\/images\\\/I\\\/412PPxmDigL._SL500_.jpg\",\"contentUrl\":\"https:\\\/\\\/m.media-amazon.com\\\/images\\\/I\\\/412PPxmDigL._SL500_.jpg\",\"width\":412,\"height\":500},{\"@type\":\"BreadcrumbList\",\"@id\":\"https:\\\/\\\/marktxxl.de\\\/markt\\\/produkt\\\/anfil-4mm%c2%b2-12awg-solarpanel-verlaengerungskabel-mit-buchsen-und-steckern\\\/#breadcrumb\",\"itemListElement\":[{\"@type\":\"ListItem\",\"position\":1,\"name\":\"Startseite\",\"item\":\"https:\\\/\\\/marktxxl.de\\\/markt\\\/\"},{\"@type\":\"ListItem\",\"position\":2,\"name\":\"Markt\",\"item\":\"https:\\\/\\\/marktxxl.de\\\/markt\\\/\"},{\"@type\":\"ListItem\",\"position\":3,\"name\":\"ANFIL 4mm\u00b2 \\\/ 12AWG Solarpanel-Verl\u00e4ngerungskabel mit Buchsen und Steckern (3m rot + 3m schwarz)\"}]},{\"@type\":\"WebSite\",\"@id\":\"https:\\\/\\\/marktxxl.de\\\/markt\\\/#website\",\"url\":\"https:\\\/\\\/marktxxl.de\\\/markt\\\/\",\"name\":\"Markt-XXL\",\"description\":\"Ihr Markt Online\",\"publisher\":{\"@id\":\"https:\\\/\\\/marktxxl.de\\\/markt\\\/#organization\"},\"potentialAction\":[{\"@type\":\"SearchAction\",\"target\":{\"@type\":\"EntryPoint\",\"urlTemplate\":\"https:\\\/\\\/marktxxl.de\\\/markt\\\/?s={search_term_string}\"},\"query-input\":{\"@type\":\"PropertyValueSpecification\",\"valueRequired\":true,\"valueName\":\"search_term_string\"}}],\"inLanguage\":\"de\"},{\"@type\":\"Organization\",\"@id\":\"https:\\\/\\\/marktxxl.de\\\/markt\\\/#organization\",\"name\":\"Markt-XXL\",\"url\":\"https:\\\/\\\/marktxxl.de\\\/markt\\\/\",\"logo\":{\"@type\":\"ImageObject\",\"inLanguage\":\"de\",\"@id\":\"https:\\\/\\\/marktxxl.de\\\/markt\\\/#\\\/schema\\\/logo\\\/image\\\/\",\"url\":\"https:\\\/\\\/marktxxl.de\\\/markt\\\/wp-content\\\/uploads\\\/sites\\\/3\\\/2020\\\/12\\\/logo.png\",\"contentUrl\":\"https:\\\/\\\/marktxxl.de\\\/markt\\\/wp-content\\\/uploads\\\/sites\\\/3\\\/2020\\\/12\\\/logo.png\",\"width\":200,\"height\":70,\"caption\":\"Markt-XXL\"},\"image\":{\"@id\":\"https:\\\/\\\/marktxxl.de\\\/markt\\\/#\\\/schema\\\/logo\\\/image\\\/\"}}]}<\/script>\n<!-- \/ Yoast SEO plugin. -->","yoast_head_json":{"title":"ANFIL 4mm\u00b2 \/ 12AWG Solarpanel-Verl\u00e4ngerungskabel mit Buchsen und Steckern (3m rot + 3m schwarz) - Markt-XXL","description":"Markt-XXL ANFIL 4mm\u00b2 \/ 12AWG Solarpanel-Verl\u00e4ngerungskabel mit Buchsen und Steckern (3m rot + 3m schwarz)","robots":{"index":"index","follow":"follow","max-snippet":"max-snippet:-1","max-image-preview":"max-image-preview:large","max-video-preview":"max-video-preview:-1"},"canonical":"https:\/\/marktxxl.de\/markt\/produkt\/anfil-4mm\u00b2-12awg-solarpanel-verlaengerungskabel-mit-buchsen-und-steckern\/","og_locale":"de_DE","og_type":"article","og_title":"ANFIL 4mm\u00b2 \/ 12AWG Solarpanel-Verl\u00e4ngerungskabel mit Buchsen und Steckern (3m rot + 3m schwarz) - Markt-XXL","og_description":"Markt-XXL ANFIL 4mm\u00b2 \/ 12AWG Solarpanel-Verl\u00e4ngerungskabel mit Buchsen und Steckern (3m rot + 3m schwarz)","og_url":"https:\/\/marktxxl.de\/markt\/produkt\/anfil-4mm\u00b2-12awg-solarpanel-verlaengerungskabel-mit-buchsen-und-steckern\/","og_site_name":"Markt-XXL","article_modified_time":"2023-04-11T02:57:44+00:00","og_image":[{"width":412,"height":500,"url":"https:\/\/m.media-amazon.com\/images\/I\/412PPxmDigL._SL500_.jpg","type":"image\/jpeg"}],"twitter_card":"summary_large_image","twitter_misc":{"Gesch\u00e4tzte Lesezeit":"1\u00a0Minute"},"schema":{"@context":"https:\/\/schema.org","@graph":[{"@type":"WebPage","@id":"https:\/\/marktxxl.de\/markt\/produkt\/anfil-4mm%c2%b2-12awg-solarpanel-verlaengerungskabel-mit-buchsen-und-steckern\/","url":"https:\/\/marktxxl.de\/markt\/produkt\/anfil-4mm%c2%b2-12awg-solarpanel-verlaengerungskabel-mit-buchsen-und-steckern\/","name":"ANFIL 4mm\u00b2 \/ 12AWG Solarpanel-Verl\u00e4ngerungskabel mit Buchsen und Steckern (3m rot + 3m schwarz) - Markt-XXL","isPartOf":{"@id":"https:\/\/marktxxl.de\/markt\/#website"},"primaryImageOfPage":{"@id":"https:\/\/marktxxl.de\/markt\/produkt\/anfil-4mm%c2%b2-12awg-solarpanel-verlaengerungskabel-mit-buchsen-und-steckern\/#primaryimage"},"image":{"@id":"https:\/\/marktxxl.de\/markt\/produkt\/anfil-4mm%c2%b2-12awg-solarpanel-verlaengerungskabel-mit-buchsen-und-steckern\/#primaryimage"},"thumbnailUrl":"https:\/\/m.media-amazon.com\/images\/I\/412PPxmDigL._SL500_.jpg","datePublished":"2022-12-10T23:05:17+00:00","dateModified":"2023-04-11T02:57:44+00:00","description":"Markt-XXL ANFIL 4mm\u00b2 \/ 12AWG Solarpanel-Verl\u00e4ngerungskabel mit Buchsen und Steckern (3m rot + 3m schwarz)","breadcrumb":{"@id":"https:\/\/marktxxl.de\/markt\/produkt\/anfil-4mm%c2%b2-12awg-solarpanel-verlaengerungskabel-mit-buchsen-und-steckern\/#breadcrumb"},"inLanguage":"de","potentialAction":[{"@type":"ReadAction","target":["https:\/\/marktxxl.de\/markt\/produkt\/anfil-4mm%c2%b2-12awg-solarpanel-verlaengerungskabel-mit-buchsen-und-steckern\/"]}]},{"@type":"ImageObject","inLanguage":"de","@id":"https:\/\/marktxxl.de\/markt\/produkt\/anfil-4mm%c2%b2-12awg-solarpanel-verlaengerungskabel-mit-buchsen-und-steckern\/#primaryimage","url":"https:\/\/m.media-amazon.com\/images\/I\/412PPxmDigL._SL500_.jpg","contentUrl":"https:\/\/m.media-amazon.com\/images\/I\/412PPxmDigL._SL500_.jpg","width":412,"height":500},{"@type":"BreadcrumbList","@id":"https:\/\/marktxxl.de\/markt\/produkt\/anfil-4mm%c2%b2-12awg-solarpanel-verlaengerungskabel-mit-buchsen-und-steckern\/#breadcrumb","itemListElement":[{"@type":"ListItem","position":1,"name":"Startseite","item":"https:\/\/marktxxl.de\/markt\/"},{"@type":"ListItem","position":2,"name":"Markt","item":"https:\/\/marktxxl.de\/markt\/"},{"@type":"ListItem","position":3,"name":"ANFIL 4mm\u00b2 \/ 12AWG Solarpanel-Verl\u00e4ngerungskabel mit Buchsen und Steckern (3m rot + 3m schwarz)"}]},{"@type":"WebSite","@id":"https:\/\/marktxxl.de\/markt\/#website","url":"https:\/\/marktxxl.de\/markt\/","name":"Markt-XXL","description":"Ihr Markt Online","publisher":{"@id":"https:\/\/marktxxl.de\/markt\/#organization"},"potentialAction":[{"@type":"SearchAction","target":{"@type":"EntryPoint","urlTemplate":"https:\/\/marktxxl.de\/markt\/?s={search_term_string}"},"query-input":{"@type":"PropertyValueSpecification","valueRequired":true,"valueName":"search_term_string"}}],"inLanguage":"de"},{"@type":"Organization","@id":"https:\/\/marktxxl.de\/markt\/#organization","name":"Markt-XXL","url":"https:\/\/marktxxl.de\/markt\/","logo":{"@type":"ImageObject","inLanguage":"de","@id":"https:\/\/marktxxl.de\/markt\/#\/schema\/logo\/image\/","url":"https:\/\/marktxxl.de\/markt\/wp-content\/uploads\/sites\/3\/2020\/12\/logo.png","contentUrl":"https:\/\/marktxxl.de\/markt\/wp-content\/uploads\/sites\/3\/2020\/12\/logo.png","width":200,"height":70,"caption":"Markt-XXL"},"image":{"@id":"https:\/\/marktxxl.de\/markt\/#\/schema\/logo\/image\/"}}]}},"_links":{"self":[{"href":"https:\/\/marktxxl.de\/markt\/wp-json\/wp\/v2\/product\/170782","targetHints":{"allow":["GET"]}}],"collection":[{"href":"https:\/\/marktxxl.de\/markt\/wp-json\/wp\/v2\/product"}],"about":[{"href":"https:\/\/marktxxl.de\/markt\/wp-json\/wp\/v2\/types\/product"}],"replies":[{"embeddable":true,"href":"https:\/\/marktxxl.de\/markt\/wp-json\/wp\/v2\/comments?post=170782"}],"wp:featuredmedia":[{"embeddable":true,"href":"https:\/\/marktxxl.de\/markt\/wp-json\/wp\/v2\/media\/170783"}],"wp:attachment":[{"href":"https:\/\/marktxxl.de\/markt\/wp-json\/wp\/v2\/media?parent=170782"}],"wp:term":[{"taxonomy":"product_brand","embeddable":true,"href":"https:\/\/marktxxl.de\/markt\/wp-json\/wp\/v2\/product_brand?post=170782"},{"taxonomy":"product_cat","embeddable":true,"href":"https:\/\/marktxxl.de\/markt\/wp-json\/wp\/v2\/product_cat?post=170782"},{"taxonomy":"product_tag","embeddable":true,"href":"https:\/\/marktxxl.de\/markt\/wp-json\/wp\/v2\/product_tag?post=170782"}],"curies":[{"name":"wp","href":"https:\/\/api.w.org\/{rel}","templated":true}]}}