{"id":170642,"date":"2022-12-10T23:59:29","date_gmt":"2022-12-10T22:59:29","guid":{"rendered":"https:\/\/marktxxl.de\/markt\/produkt\/fischer-duoline-in-der-handlichen-l-boxx-770-x-duopower-45-x-duoblade-und-18-x-duotec-in-verschiedenen-groessen-die-innovative-duebel-linie-fuer-mehr-funktion-leistung-und-sicherheit-grau-rot\/"},"modified":"2023-04-11T04:57:42","modified_gmt":"2023-04-11T02:57:42","slug":"fischer-duoline-in-der-handlichen-l-boxx-770-x-duopower-45-x-duoblade-und-18-x-duotec-in-verschiedenen-groessen-die-innovative-duebel-linie-fuer-mehr-funktion-leistung-und-sicherheit-grau-rot","status":"publish","type":"product","link":"https:\/\/marktxxl.de\/markt\/produkt\/fischer-duoline-in-der-handlichen-l-boxx-770-x-duopower-45-x-duoblade-und-18-x-duotec-in-verschiedenen-groessen-die-innovative-duebel-linie-fuer-mehr-funktion-leistung-und-sicherheit-grau-rot\/","title":{"rendered":"fischer DuoLine in der handlichen L-BOXX, 770 x DuoPower, 45 x DuoBlade und 18 x DuoTec in verschiedenen Gr\u00f6\u00dfen, die\u2026"},"content":{"rendered":"<p>Das ist drin: DUOPOWER, DUOTEC, DUOBLADE in einer praktischen L-Boxx ist alles, was zur Montage von Leuchten, Spiegeln, Garderoben, Blumenampeln uvm. in vielf\u00e4ltigen Baustoffen, wie u.a. Beton, Naturstein und Stahlplatten notwendig ist.<br \/>\nEin D\u00fcbel f\u00fcr alle Baustoffe: Der enthaltene DUOPOWER ist der erste D\u00fcbel, der selbst entscheidet, ob er spreizt, klappt oder knotet \u2013 so passt er sich automatisch den Erfordernissen aller Baustoffe an, erreicht h\u00f6chste Lastwerte und kann universell verwendet werden.<br \/>\nAbsolut leistungsstark: Der DUOTEC Kippd\u00fcbel eignet sich mit geringem Bohrloch-Durchmesser (10 mm) und kurzem Kippelement f\u00fcr die Verwendung in engen, ged\u00e4mmten Hohlr\u00e4umen und sorgt f\u00fcr die Aufnahme hoher Zug- und Querlasten in Plattenbaustoffen.<br \/>\nEinfache Montage &amp; starke Performance: Der selbstbohrende DUOBLADE ist ein innovativer D\u00fcbel, der sich dank Mehrkomponententechnologie mit seiner scharfen Metallspitze genau ansetzen l\u00e4sst, ganz ohne Spezialwerkzeug und Vorbohren, f\u00fcr einen effektiven Bohrvorgang und eine sichere Installation.<br \/>\nLieferumfang: 1 x L-Boxx DUO-Line (Art.-Nr. 558626), Kiste mit insgesamt 833 Teilen, 18 x DUOTEC 10, 45 x DUOBLADE und 770 x DUOPOWER D\u00fcbel (400 Stk. 6 x 30, 80 Stk. 6 x 50, 170 Stk. 8 x 40, 45 Stk. 8 x 65, 50 Stk. 10 x 50, 25 Stk. 10 x 80) von fischer<br \/>\n<div class=\"main-cross-sell\" data-asin=\"B08GQ7XNZX\">\n\n\t<div class=\"WooZone-cross-sell-loader\">\n\t\t<div>\n\t\t\t<div id=\"floatingBarsG\">\n\t\t\t\t<div class=\"blockG\" id=\"rotateG_01\"><\/div>\n\t\t\t\t<div class=\"blockG\" id=\"rotateG_02\"><\/div>\n\t\t\t\t<div class=\"blockG\" id=\"rotateG_03\"><\/div>\n\t\t\t\t<div class=\"blockG\" id=\"rotateG_04\"><\/div>\n\t\t\t\t<div class=\"blockG\" id=\"rotateG_05\"><\/div>\n\t\t\t\t<div class=\"blockG\" id=\"rotateG_06\"><\/div>\n\t\t\t\t<div class=\"blockG\" id=\"rotateG_07\"><\/div>\n\t\t\t\t<div class=\"blockG\" id=\"rotateG_08\"><\/div>\n\t\t\t<\/div>\n\t\t\t<div class=\"WooZone-cross-sell-loader-text\"><\/div>\n\t\t<\/div>\n\t<\/div>\n\n\t\t\n<\/div>\n<div style=\"clear:both;\"><\/div><\/p>\n","protected":false},"excerpt":{"rendered":"<p>Das ist drin: DUOPOWER, DUOTEC, DUOBLADE in einer praktischen L-Boxx ist alles, was zur Montage von Leuchten, Spiegeln, Garderoben, Blumenampeln uvm. in vielf\u00e4ltigen Baustoffen, wie u.a. Beton, Naturstein und Stahlplatten notwendig ist.<br \/>\nEin D\u00fcbel f\u00fcr alle Baustoffe: Der enthaltene DUOPOWER ist der erste D\u00fcbel, der selbst entscheidet, ob er spreizt, klappt oder knotet \u2013 so passt er sich automatisch den Erfordernissen aller Baustoffe an, erreicht h\u00f6chste Lastwerte und kann universell verwendet werden.<br \/>\nAbsolut leistungsstark: Der DUOTEC Kippd\u00fcbel eignet sich mit geringem Bohrloch-Durchmesser (10 mm) und kurzem Kippelement f\u00fcr die Verwendung in engen, ged\u00e4mmten Hohlr\u00e4umen und sorgt f\u00fcr die Aufnahme hoher Zug- und Querlasten in Plattenbaustoffen.<\/p>\n","protected":false},"featured_media":170643,"comment_status":"open","ping_status":"closed","template":"","meta":[],"product_brand":[],"product_cat":[1983,11179],"product_tag":[],"class_list":{"0":"post-170642","1":"product","2":"type-product","3":"status-publish","4":"has-post-thumbnail","6":"product_cat-baumarkt","7":"product_cat-lagersysteme","8":"pa_binding-werkzeug","9":"pa_brand-fischer","10":"pa_color-grau","11":"pa_height-5-70865-zoll","12":"pa_length-18-1102-zoll","13":"pa_manufacturer-fischerwerke-gmbh-co-kg","14":"pa_model-45514","15":"pa_size-l-boxx","16":"pa_weight-8-81849048-pfund","17":"pa_width-14-5669-zoll","19":"first","20":"instock","21":"shipping-taxable","22":"purchasable","23":"product-type-simple","24":"customify-col","25":"product-has-gallery"},"yoast_head":"<!-- This site is optimized with the Yoast SEO plugin v27.4 - https:\/\/yoast.com\/product\/yoast-seo-wordpress\/ -->\n<title>fischer DuoLine in der handlichen L-BOXX, 770 x DuoPower, 45 x DuoBlade und 18 x DuoTec in verschiedenen Gr\u00f6\u00dfen, die\u2026 - Markt-XXL<\/title>\n<meta name=\"description\" content=\"Markt-XXL fischer DuoLine in der handlichen L-BOXX, 770 x DuoPower, 45 x DuoBlade und 18 x DuoTec in verschiedenen Gr\u00f6\u00dfen, die\u2026\" \/>\n<meta name=\"robots\" content=\"index, follow, max-snippet:-1, max-image-preview:large, max-video-preview:-1\" \/>\n<link rel=\"canonical\" href=\"https:\/\/marktxxl.de\/markt\/produkt\/fischer-duoline-in-der-handlichen-l-boxx-770-x-duopower-45-x-duoblade-und-18-x-duotec-in-verschiedenen-groessen-die-innovative-duebel-linie-fuer-mehr-funktion-leistung-und-sicherheit-grau-rot\/\" \/>\n<meta property=\"og:locale\" content=\"de_DE\" \/>\n<meta property=\"og:type\" content=\"article\" \/>\n<meta property=\"og:title\" content=\"fischer DuoLine in der handlichen L-BOXX, 770 x DuoPower, 45 x DuoBlade und 18 x DuoTec in verschiedenen Gr\u00f6\u00dfen, die\u2026 - Markt-XXL\" \/>\n<meta property=\"og:description\" content=\"Markt-XXL fischer DuoLine in der handlichen L-BOXX, 770 x DuoPower, 45 x DuoBlade und 18 x DuoTec in verschiedenen Gr\u00f6\u00dfen, die\u2026\" \/>\n<meta property=\"og:url\" content=\"https:\/\/marktxxl.de\/markt\/produkt\/fischer-duoline-in-der-handlichen-l-boxx-770-x-duopower-45-x-duoblade-und-18-x-duotec-in-verschiedenen-groessen-die-innovative-duebel-linie-fuer-mehr-funktion-leistung-und-sicherheit-grau-rot\/\" \/>\n<meta property=\"og:site_name\" content=\"Markt-XXL\" \/>\n<meta property=\"article:modified_time\" content=\"2023-04-11T02:57:42+00:00\" \/>\n<meta property=\"og:image\" content=\"https:\/\/m.media-amazon.com\/images\/I\/41dnnzyPVWL._SL500_.jpg\" \/>\n\t<meta property=\"og:image:width\" content=\"500\" \/>\n\t<meta property=\"og:image:height\" content=\"500\" \/>\n\t<meta property=\"og:image:type\" content=\"image\/jpeg\" \/>\n<meta name=\"twitter:card\" content=\"summary_large_image\" \/>\n<meta name=\"twitter:label1\" content=\"Gesch\u00e4tzte Lesezeit\" \/>\n\t<meta name=\"twitter:data1\" content=\"1\u00a0Minute\" \/>\n<script type=\"application\/ld+json\" class=\"yoast-schema-graph\">{\"@context\":\"https:\\\/\\\/schema.org\",\"@graph\":[{\"@type\":\"WebPage\",\"@id\":\"https:\\\/\\\/marktxxl.de\\\/markt\\\/produkt\\\/fischer-duoline-in-der-handlichen-l-boxx-770-x-duopower-45-x-duoblade-und-18-x-duotec-in-verschiedenen-groessen-die-innovative-duebel-linie-fuer-mehr-funktion-leistung-und-sicherheit-grau-rot\\\/\",\"url\":\"https:\\\/\\\/marktxxl.de\\\/markt\\\/produkt\\\/fischer-duoline-in-der-handlichen-l-boxx-770-x-duopower-45-x-duoblade-und-18-x-duotec-in-verschiedenen-groessen-die-innovative-duebel-linie-fuer-mehr-funktion-leistung-und-sicherheit-grau-rot\\\/\",\"name\":\"fischer DuoLine in der handlichen L-BOXX, 770 x DuoPower, 45 x DuoBlade und 18 x DuoTec in verschiedenen Gr\u00f6\u00dfen, die\u2026 - Markt-XXL\",\"isPartOf\":{\"@id\":\"https:\\\/\\\/marktxxl.de\\\/markt\\\/#website\"},\"primaryImageOfPage\":{\"@id\":\"https:\\\/\\\/marktxxl.de\\\/markt\\\/produkt\\\/fischer-duoline-in-der-handlichen-l-boxx-770-x-duopower-45-x-duoblade-und-18-x-duotec-in-verschiedenen-groessen-die-innovative-duebel-linie-fuer-mehr-funktion-leistung-und-sicherheit-grau-rot\\\/#primaryimage\"},\"image\":{\"@id\":\"https:\\\/\\\/marktxxl.de\\\/markt\\\/produkt\\\/fischer-duoline-in-der-handlichen-l-boxx-770-x-duopower-45-x-duoblade-und-18-x-duotec-in-verschiedenen-groessen-die-innovative-duebel-linie-fuer-mehr-funktion-leistung-und-sicherheit-grau-rot\\\/#primaryimage\"},\"thumbnailUrl\":\"https:\\\/\\\/m.media-amazon.com\\\/images\\\/I\\\/41dnnzyPVWL._SL500_.jpg\",\"datePublished\":\"2022-12-10T22:59:29+00:00\",\"dateModified\":\"2023-04-11T02:57:42+00:00\",\"description\":\"Markt-XXL fischer DuoLine in der handlichen L-BOXX, 770 x DuoPower, 45 x DuoBlade und 18 x DuoTec in verschiedenen Gr\u00f6\u00dfen, die\u2026\",\"breadcrumb\":{\"@id\":\"https:\\\/\\\/marktxxl.de\\\/markt\\\/produkt\\\/fischer-duoline-in-der-handlichen-l-boxx-770-x-duopower-45-x-duoblade-und-18-x-duotec-in-verschiedenen-groessen-die-innovative-duebel-linie-fuer-mehr-funktion-leistung-und-sicherheit-grau-rot\\\/#breadcrumb\"},\"inLanguage\":\"de\",\"potentialAction\":[{\"@type\":\"ReadAction\",\"target\":[\"https:\\\/\\\/marktxxl.de\\\/markt\\\/produkt\\\/fischer-duoline-in-der-handlichen-l-boxx-770-x-duopower-45-x-duoblade-und-18-x-duotec-in-verschiedenen-groessen-die-innovative-duebel-linie-fuer-mehr-funktion-leistung-und-sicherheit-grau-rot\\\/\"]}]},{\"@type\":\"ImageObject\",\"inLanguage\":\"de\",\"@id\":\"https:\\\/\\\/marktxxl.de\\\/markt\\\/produkt\\\/fischer-duoline-in-der-handlichen-l-boxx-770-x-duopower-45-x-duoblade-und-18-x-duotec-in-verschiedenen-groessen-die-innovative-duebel-linie-fuer-mehr-funktion-leistung-und-sicherheit-grau-rot\\\/#primaryimage\",\"url\":\"https:\\\/\\\/m.media-amazon.com\\\/images\\\/I\\\/41dnnzyPVWL._SL500_.jpg\",\"contentUrl\":\"https:\\\/\\\/m.media-amazon.com\\\/images\\\/I\\\/41dnnzyPVWL._SL500_.jpg\",\"width\":500,\"height\":500},{\"@type\":\"BreadcrumbList\",\"@id\":\"https:\\\/\\\/marktxxl.de\\\/markt\\\/produkt\\\/fischer-duoline-in-der-handlichen-l-boxx-770-x-duopower-45-x-duoblade-und-18-x-duotec-in-verschiedenen-groessen-die-innovative-duebel-linie-fuer-mehr-funktion-leistung-und-sicherheit-grau-rot\\\/#breadcrumb\",\"itemListElement\":[{\"@type\":\"ListItem\",\"position\":1,\"name\":\"Startseite\",\"item\":\"https:\\\/\\\/marktxxl.de\\\/markt\\\/\"},{\"@type\":\"ListItem\",\"position\":2,\"name\":\"Markt\",\"item\":\"https:\\\/\\\/marktxxl.de\\\/markt\\\/\"},{\"@type\":\"ListItem\",\"position\":3,\"name\":\"fischer DuoLine in der handlichen L-BOXX, 770 x DuoPower, 45 x DuoBlade und 18 x DuoTec in verschiedenen Gr\u00f6\u00dfen, die\u2026\"}]},{\"@type\":\"WebSite\",\"@id\":\"https:\\\/\\\/marktxxl.de\\\/markt\\\/#website\",\"url\":\"https:\\\/\\\/marktxxl.de\\\/markt\\\/\",\"name\":\"Markt-XXL\",\"description\":\"Ihr Markt Online\",\"publisher\":{\"@id\":\"https:\\\/\\\/marktxxl.de\\\/markt\\\/#organization\"},\"potentialAction\":[{\"@type\":\"SearchAction\",\"target\":{\"@type\":\"EntryPoint\",\"urlTemplate\":\"https:\\\/\\\/marktxxl.de\\\/markt\\\/?s={search_term_string}\"},\"query-input\":{\"@type\":\"PropertyValueSpecification\",\"valueRequired\":true,\"valueName\":\"search_term_string\"}}],\"inLanguage\":\"de\"},{\"@type\":\"Organization\",\"@id\":\"https:\\\/\\\/marktxxl.de\\\/markt\\\/#organization\",\"name\":\"Markt-XXL\",\"url\":\"https:\\\/\\\/marktxxl.de\\\/markt\\\/\",\"logo\":{\"@type\":\"ImageObject\",\"inLanguage\":\"de\",\"@id\":\"https:\\\/\\\/marktxxl.de\\\/markt\\\/#\\\/schema\\\/logo\\\/image\\\/\",\"url\":\"https:\\\/\\\/marktxxl.de\\\/markt\\\/wp-content\\\/uploads\\\/sites\\\/3\\\/2020\\\/12\\\/logo.png\",\"contentUrl\":\"https:\\\/\\\/marktxxl.de\\\/markt\\\/wp-content\\\/uploads\\\/sites\\\/3\\\/2020\\\/12\\\/logo.png\",\"width\":200,\"height\":70,\"caption\":\"Markt-XXL\"},\"image\":{\"@id\":\"https:\\\/\\\/marktxxl.de\\\/markt\\\/#\\\/schema\\\/logo\\\/image\\\/\"}}]}<\/script>\n<!-- \/ Yoast SEO plugin. -->","yoast_head_json":{"title":"fischer DuoLine in der handlichen L-BOXX, 770 x DuoPower, 45 x DuoBlade und 18 x DuoTec in verschiedenen Gr\u00f6\u00dfen, die\u2026 - Markt-XXL","description":"Markt-XXL fischer DuoLine in der handlichen L-BOXX, 770 x DuoPower, 45 x DuoBlade und 18 x DuoTec in verschiedenen Gr\u00f6\u00dfen, die\u2026","robots":{"index":"index","follow":"follow","max-snippet":"max-snippet:-1","max-image-preview":"max-image-preview:large","max-video-preview":"max-video-preview:-1"},"canonical":"https:\/\/marktxxl.de\/markt\/produkt\/fischer-duoline-in-der-handlichen-l-boxx-770-x-duopower-45-x-duoblade-und-18-x-duotec-in-verschiedenen-groessen-die-innovative-duebel-linie-fuer-mehr-funktion-leistung-und-sicherheit-grau-rot\/","og_locale":"de_DE","og_type":"article","og_title":"fischer DuoLine in der handlichen L-BOXX, 770 x DuoPower, 45 x DuoBlade und 18 x DuoTec in verschiedenen Gr\u00f6\u00dfen, die\u2026 - Markt-XXL","og_description":"Markt-XXL fischer DuoLine in der handlichen L-BOXX, 770 x DuoPower, 45 x DuoBlade und 18 x DuoTec in verschiedenen Gr\u00f6\u00dfen, die\u2026","og_url":"https:\/\/marktxxl.de\/markt\/produkt\/fischer-duoline-in-der-handlichen-l-boxx-770-x-duopower-45-x-duoblade-und-18-x-duotec-in-verschiedenen-groessen-die-innovative-duebel-linie-fuer-mehr-funktion-leistung-und-sicherheit-grau-rot\/","og_site_name":"Markt-XXL","article_modified_time":"2023-04-11T02:57:42+00:00","og_image":[{"width":500,"height":500,"url":"https:\/\/m.media-amazon.com\/images\/I\/41dnnzyPVWL._SL500_.jpg","type":"image\/jpeg"}],"twitter_card":"summary_large_image","twitter_misc":{"Gesch\u00e4tzte Lesezeit":"1\u00a0Minute"},"schema":{"@context":"https:\/\/schema.org","@graph":[{"@type":"WebPage","@id":"https:\/\/marktxxl.de\/markt\/produkt\/fischer-duoline-in-der-handlichen-l-boxx-770-x-duopower-45-x-duoblade-und-18-x-duotec-in-verschiedenen-groessen-die-innovative-duebel-linie-fuer-mehr-funktion-leistung-und-sicherheit-grau-rot\/","url":"https:\/\/marktxxl.de\/markt\/produkt\/fischer-duoline-in-der-handlichen-l-boxx-770-x-duopower-45-x-duoblade-und-18-x-duotec-in-verschiedenen-groessen-die-innovative-duebel-linie-fuer-mehr-funktion-leistung-und-sicherheit-grau-rot\/","name":"fischer DuoLine in der handlichen L-BOXX, 770 x DuoPower, 45 x DuoBlade und 18 x DuoTec in verschiedenen Gr\u00f6\u00dfen, die\u2026 - Markt-XXL","isPartOf":{"@id":"https:\/\/marktxxl.de\/markt\/#website"},"primaryImageOfPage":{"@id":"https:\/\/marktxxl.de\/markt\/produkt\/fischer-duoline-in-der-handlichen-l-boxx-770-x-duopower-45-x-duoblade-und-18-x-duotec-in-verschiedenen-groessen-die-innovative-duebel-linie-fuer-mehr-funktion-leistung-und-sicherheit-grau-rot\/#primaryimage"},"image":{"@id":"https:\/\/marktxxl.de\/markt\/produkt\/fischer-duoline-in-der-handlichen-l-boxx-770-x-duopower-45-x-duoblade-und-18-x-duotec-in-verschiedenen-groessen-die-innovative-duebel-linie-fuer-mehr-funktion-leistung-und-sicherheit-grau-rot\/#primaryimage"},"thumbnailUrl":"https:\/\/m.media-amazon.com\/images\/I\/41dnnzyPVWL._SL500_.jpg","datePublished":"2022-12-10T22:59:29+00:00","dateModified":"2023-04-11T02:57:42+00:00","description":"Markt-XXL fischer DuoLine in der handlichen L-BOXX, 770 x DuoPower, 45 x DuoBlade und 18 x DuoTec in verschiedenen Gr\u00f6\u00dfen, die\u2026","breadcrumb":{"@id":"https:\/\/marktxxl.de\/markt\/produkt\/fischer-duoline-in-der-handlichen-l-boxx-770-x-duopower-45-x-duoblade-und-18-x-duotec-in-verschiedenen-groessen-die-innovative-duebel-linie-fuer-mehr-funktion-leistung-und-sicherheit-grau-rot\/#breadcrumb"},"inLanguage":"de","potentialAction":[{"@type":"ReadAction","target":["https:\/\/marktxxl.de\/markt\/produkt\/fischer-duoline-in-der-handlichen-l-boxx-770-x-duopower-45-x-duoblade-und-18-x-duotec-in-verschiedenen-groessen-die-innovative-duebel-linie-fuer-mehr-funktion-leistung-und-sicherheit-grau-rot\/"]}]},{"@type":"ImageObject","inLanguage":"de","@id":"https:\/\/marktxxl.de\/markt\/produkt\/fischer-duoline-in-der-handlichen-l-boxx-770-x-duopower-45-x-duoblade-und-18-x-duotec-in-verschiedenen-groessen-die-innovative-duebel-linie-fuer-mehr-funktion-leistung-und-sicherheit-grau-rot\/#primaryimage","url":"https:\/\/m.media-amazon.com\/images\/I\/41dnnzyPVWL._SL500_.jpg","contentUrl":"https:\/\/m.media-amazon.com\/images\/I\/41dnnzyPVWL._SL500_.jpg","width":500,"height":500},{"@type":"BreadcrumbList","@id":"https:\/\/marktxxl.de\/markt\/produkt\/fischer-duoline-in-der-handlichen-l-boxx-770-x-duopower-45-x-duoblade-und-18-x-duotec-in-verschiedenen-groessen-die-innovative-duebel-linie-fuer-mehr-funktion-leistung-und-sicherheit-grau-rot\/#breadcrumb","itemListElement":[{"@type":"ListItem","position":1,"name":"Startseite","item":"https:\/\/marktxxl.de\/markt\/"},{"@type":"ListItem","position":2,"name":"Markt","item":"https:\/\/marktxxl.de\/markt\/"},{"@type":"ListItem","position":3,"name":"fischer DuoLine in der handlichen L-BOXX, 770 x DuoPower, 45 x DuoBlade und 18 x DuoTec in verschiedenen Gr\u00f6\u00dfen, die\u2026"}]},{"@type":"WebSite","@id":"https:\/\/marktxxl.de\/markt\/#website","url":"https:\/\/marktxxl.de\/markt\/","name":"Markt-XXL","description":"Ihr Markt Online","publisher":{"@id":"https:\/\/marktxxl.de\/markt\/#organization"},"potentialAction":[{"@type":"SearchAction","target":{"@type":"EntryPoint","urlTemplate":"https:\/\/marktxxl.de\/markt\/?s={search_term_string}"},"query-input":{"@type":"PropertyValueSpecification","valueRequired":true,"valueName":"search_term_string"}}],"inLanguage":"de"},{"@type":"Organization","@id":"https:\/\/marktxxl.de\/markt\/#organization","name":"Markt-XXL","url":"https:\/\/marktxxl.de\/markt\/","logo":{"@type":"ImageObject","inLanguage":"de","@id":"https:\/\/marktxxl.de\/markt\/#\/schema\/logo\/image\/","url":"https:\/\/marktxxl.de\/markt\/wp-content\/uploads\/sites\/3\/2020\/12\/logo.png","contentUrl":"https:\/\/marktxxl.de\/markt\/wp-content\/uploads\/sites\/3\/2020\/12\/logo.png","width":200,"height":70,"caption":"Markt-XXL"},"image":{"@id":"https:\/\/marktxxl.de\/markt\/#\/schema\/logo\/image\/"}}]}},"_links":{"self":[{"href":"https:\/\/marktxxl.de\/markt\/wp-json\/wp\/v2\/product\/170642","targetHints":{"allow":["GET"]}}],"collection":[{"href":"https:\/\/marktxxl.de\/markt\/wp-json\/wp\/v2\/product"}],"about":[{"href":"https:\/\/marktxxl.de\/markt\/wp-json\/wp\/v2\/types\/product"}],"replies":[{"embeddable":true,"href":"https:\/\/marktxxl.de\/markt\/wp-json\/wp\/v2\/comments?post=170642"}],"wp:featuredmedia":[{"embeddable":true,"href":"https:\/\/marktxxl.de\/markt\/wp-json\/wp\/v2\/media\/170643"}],"wp:attachment":[{"href":"https:\/\/marktxxl.de\/markt\/wp-json\/wp\/v2\/media?parent=170642"}],"wp:term":[{"taxonomy":"product_brand","embeddable":true,"href":"https:\/\/marktxxl.de\/markt\/wp-json\/wp\/v2\/product_brand?post=170642"},{"taxonomy":"product_cat","embeddable":true,"href":"https:\/\/marktxxl.de\/markt\/wp-json\/wp\/v2\/product_cat?post=170642"},{"taxonomy":"product_tag","embeddable":true,"href":"https:\/\/marktxxl.de\/markt\/wp-json\/wp\/v2\/product_tag?post=170642"}],"curies":[{"name":"wp","href":"https:\/\/api.w.org\/{rel}","templated":true}]}}