{"id":170467,"date":"2022-12-10T23:52:59","date_gmt":"2022-12-10T22:52:59","guid":{"rendered":"https:\/\/marktxxl.de\/markt\/produkt\/hkb-10-stueck-bumms-tuerstopper-tuerpuffer-o-60-mm-hoehe-15-mm-weiss-aus-kunststoff-mit-klebeflaeche-originalprodukt-von-hersteller-hansi-siebert-artikel-nr-50357\/"},"modified":"2023-04-11T04:57:38","modified_gmt":"2023-04-11T02:57:38","slug":"hkb-10-stueck-bumms-tuerstopper-tuerpuffer-o-60-mm-hoehe-15-mm-weiss-aus-kunststoff-mit-klebeflaeche-originalprodukt-von-hersteller-hansi-siebert-artikel-nr-50357","status":"publish","type":"product","link":"https:\/\/marktxxl.de\/markt\/produkt\/hkb-10-stueck-bumms-tuerstopper-tuerpuffer-o-60-mm-hoehe-15-mm-weiss-aus-kunststoff-mit-klebeflaeche-originalprodukt-von-hersteller-hansi-siebert-artikel-nr-50357\/","title":{"rendered":"HKB \u00ae 10 St\u00fcck BUMMS T\u00fcrstopper, T\u00fcrpuffer, \u00d8 60 mm H\u00f6he: 15 mm, weiss, aus Kunststoff, mit Klebefl\u00e4che, Originalprodukt\u2026"},"content":{"rendered":"<p>Mit den praktischen T\u00fcrstoppern von HKB bremsen Sie T\u00fcr, T\u00fcrklinken, Toilettendeckel, Fenster uvm. schonend und effektiv ab. Die selbstklebenden T\u00fcrstopper kleben nahezu auf allen Untergr\u00fcnden. Sollte der Untergrund mal etwas uneben sein, k\u00f6nnen Sie den 2-teiligen T\u00fcrstopper auch festschrauben.<br \/>\nUnsere selbstklebenden T\u00fcrstopper auch Wandpuffer oder Anschlagd\u00e4mpfer genannt, k\u00f6nnen einfach und schnell an den gew\u00fcnschten Stellen angebracht werden. Zus\u00e4tzlich ist es m\u00f6glich, die T\u00fcrstopper auf unebenen Fl\u00e4chen festzuschrauben, um so optimalen Halt und damit beste Sicherheit f\u00fcr Ihre T\u00fcren, Fenster und Toilettendeckel, zu erhalten.<br \/>\nWenn Sie die Stopper anschrauben m\u00f6chten, ziehen Sie Deckel und Unterteil auseinander. Bringen Sie dann das Unterteil mit Schraube und D\u00fcbel an der Wand an (Schraube &amp; D\u00fcbel sind nicht enthalten). Nachdem Sie das Unterteil befestigt haben einfach das Oberteil wieder aufstecken. Fertig.<br \/>\nWenn sie die Stopper ankleben m\u00f6chten, einfach die Folie abziehen<br \/>\nAchtung: Klebestelle vor dem Andr\u00fccken staubfrei machen!<br \/>\n<div class=\"main-cross-sell\" data-asin=\"B0784GRLNJ\">\n\n\t<div class=\"WooZone-cross-sell-loader\">\n\t\t<div>\n\t\t\t<div id=\"floatingBarsG\">\n\t\t\t\t<div class=\"blockG\" id=\"rotateG_01\"><\/div>\n\t\t\t\t<div class=\"blockG\" id=\"rotateG_02\"><\/div>\n\t\t\t\t<div class=\"blockG\" id=\"rotateG_03\"><\/div>\n\t\t\t\t<div class=\"blockG\" id=\"rotateG_04\"><\/div>\n\t\t\t\t<div class=\"blockG\" id=\"rotateG_05\"><\/div>\n\t\t\t\t<div class=\"blockG\" id=\"rotateG_06\"><\/div>\n\t\t\t\t<div class=\"blockG\" id=\"rotateG_07\"><\/div>\n\t\t\t\t<div class=\"blockG\" id=\"rotateG_08\"><\/div>\n\t\t\t<\/div>\n\t\t\t<div class=\"WooZone-cross-sell-loader-text\"><\/div>\n\t\t<\/div>\n\t<\/div>\n\n\t\t\n<\/div>\n<div style=\"clear:both;\"><\/div><\/p>\n","protected":false},"excerpt":{"rendered":"<p>Mit den praktischen T\u00fcrstoppern von HKB bremsen Sie T\u00fcr, T\u00fcrklinken, Toilettendeckel, Fenster uvm. schonend und effektiv ab. Die selbstklebenden T\u00fcrstopper kleben nahezu auf allen Untergr\u00fcnden. Sollte der Untergrund mal etwas uneben sein, k\u00f6nnen Sie den 2-teiligen T\u00fcrstopper auch festschrauben.<br \/>\nUnsere selbstklebenden T\u00fcrstopper auch Wandpuffer oder Anschlagd\u00e4mpfer genannt, k\u00f6nnen einfach und schnell an den gew\u00fcnschten Stellen angebracht werden. Zus\u00e4tzlich ist es m\u00f6glich, die T\u00fcrstopper auf unebenen Fl\u00e4chen festzuschrauben, um so optimalen Halt und damit beste Sicherheit f\u00fcr Ihre T\u00fcren, Fenster und Toilettendeckel, zu erhalten.<br \/>\nWenn Sie die Stopper anschrauben m\u00f6chten, ziehen Sie Deckel und Unterteil auseinander. Bringen Sie dann das Unterteil mit Schraube und D\u00fcbel an der Wand an (Schraube &amp; D\u00fcbel sind nicht enthalten). Nachdem Sie das Unterteil befestigt haben einfach das Oberteil wieder aufstecken. Fertig.<\/p>\n","protected":false},"featured_media":170468,"comment_status":"open","ping_status":"closed","template":"","meta":[],"product_brand":[],"product_cat":[1983,10865],"product_tag":[],"class_list":{"0":"post-170467","1":"product","2":"type-product","3":"status-publish","4":"has-post-thumbnail","6":"product_cat-baumarkt","7":"product_cat-eisenwaren","8":"pa_binding-werkzeug","9":"pa_brand-hkb","10":"pa_color-weiss","11":"pa_manufacturer-hansi-siebert","12":"pa_model-13315","13":"pa_width-60-millimeter","15":"first","16":"instock","17":"shipping-taxable","18":"purchasable","19":"product-type-simple","20":"customify-col","21":"product-has-gallery"},"yoast_head":"<!-- This site is optimized with the Yoast SEO plugin v27.4 - https:\/\/yoast.com\/product\/yoast-seo-wordpress\/ -->\n<title>HKB \u00ae 10 St\u00fcck BUMMS T\u00fcrstopper, T\u00fcrpuffer, \u00d8 60 mm H\u00f6he: 15 mm, weiss, aus Kunststoff, mit Klebefl\u00e4che, Originalprodukt\u2026 - Markt-XXL<\/title>\n<meta name=\"description\" content=\"Markt-XXL HKB \u00ae 10 St\u00fcck BUMMS T\u00fcrstopper, T\u00fcrpuffer, \u00d8 60 mm H\u00f6he: 15 mm, weiss, aus Kunststoff, mit Klebefl\u00e4che, Originalprodukt\u2026\" \/>\n<meta name=\"robots\" content=\"index, follow, max-snippet:-1, max-image-preview:large, max-video-preview:-1\" \/>\n<link rel=\"canonical\" href=\"https:\/\/marktxxl.de\/markt\/produkt\/hkb-10-stueck-bumms-tuerstopper-tuerpuffer-o-60-mm-hoehe-15-mm-weiss-aus-kunststoff-mit-klebeflaeche-originalprodukt-von-hersteller-hansi-siebert-artikel-nr-50357\/\" \/>\n<meta property=\"og:locale\" content=\"de_DE\" \/>\n<meta property=\"og:type\" content=\"article\" \/>\n<meta property=\"og:title\" content=\"HKB \u00ae 10 St\u00fcck BUMMS T\u00fcrstopper, T\u00fcrpuffer, \u00d8 60 mm H\u00f6he: 15 mm, weiss, aus Kunststoff, mit Klebefl\u00e4che, Originalprodukt\u2026 - Markt-XXL\" \/>\n<meta property=\"og:description\" content=\"Markt-XXL HKB \u00ae 10 St\u00fcck BUMMS T\u00fcrstopper, T\u00fcrpuffer, \u00d8 60 mm H\u00f6he: 15 mm, weiss, aus Kunststoff, mit Klebefl\u00e4che, Originalprodukt\u2026\" \/>\n<meta property=\"og:url\" content=\"https:\/\/marktxxl.de\/markt\/produkt\/hkb-10-stueck-bumms-tuerstopper-tuerpuffer-o-60-mm-hoehe-15-mm-weiss-aus-kunststoff-mit-klebeflaeche-originalprodukt-von-hersteller-hansi-siebert-artikel-nr-50357\/\" \/>\n<meta property=\"og:site_name\" content=\"Markt-XXL\" \/>\n<meta property=\"article:modified_time\" content=\"2023-04-11T02:57:38+00:00\" \/>\n<meta property=\"og:image\" content=\"https:\/\/m.media-amazon.com\/images\/I\/21RpDlho9sL._SL500_.jpg\" \/>\n\t<meta property=\"og:image:width\" content=\"500\" \/>\n\t<meta property=\"og:image:height\" content=\"234\" \/>\n\t<meta property=\"og:image:type\" content=\"image\/jpeg\" \/>\n<meta name=\"twitter:card\" content=\"summary_large_image\" \/>\n<meta name=\"twitter:label1\" content=\"Gesch\u00e4tzte Lesezeit\" \/>\n\t<meta name=\"twitter:data1\" content=\"1\u00a0Minute\" \/>\n<script type=\"application\/ld+json\" class=\"yoast-schema-graph\">{\"@context\":\"https:\\\/\\\/schema.org\",\"@graph\":[{\"@type\":\"WebPage\",\"@id\":\"https:\\\/\\\/marktxxl.de\\\/markt\\\/produkt\\\/hkb-10-stueck-bumms-tuerstopper-tuerpuffer-o-60-mm-hoehe-15-mm-weiss-aus-kunststoff-mit-klebeflaeche-originalprodukt-von-hersteller-hansi-siebert-artikel-nr-50357\\\/\",\"url\":\"https:\\\/\\\/marktxxl.de\\\/markt\\\/produkt\\\/hkb-10-stueck-bumms-tuerstopper-tuerpuffer-o-60-mm-hoehe-15-mm-weiss-aus-kunststoff-mit-klebeflaeche-originalprodukt-von-hersteller-hansi-siebert-artikel-nr-50357\\\/\",\"name\":\"HKB \u00ae 10 St\u00fcck BUMMS T\u00fcrstopper, T\u00fcrpuffer, \u00d8 60 mm H\u00f6he: 15 mm, weiss, aus Kunststoff, mit Klebefl\u00e4che, Originalprodukt\u2026 - Markt-XXL\",\"isPartOf\":{\"@id\":\"https:\\\/\\\/marktxxl.de\\\/markt\\\/#website\"},\"primaryImageOfPage\":{\"@id\":\"https:\\\/\\\/marktxxl.de\\\/markt\\\/produkt\\\/hkb-10-stueck-bumms-tuerstopper-tuerpuffer-o-60-mm-hoehe-15-mm-weiss-aus-kunststoff-mit-klebeflaeche-originalprodukt-von-hersteller-hansi-siebert-artikel-nr-50357\\\/#primaryimage\"},\"image\":{\"@id\":\"https:\\\/\\\/marktxxl.de\\\/markt\\\/produkt\\\/hkb-10-stueck-bumms-tuerstopper-tuerpuffer-o-60-mm-hoehe-15-mm-weiss-aus-kunststoff-mit-klebeflaeche-originalprodukt-von-hersteller-hansi-siebert-artikel-nr-50357\\\/#primaryimage\"},\"thumbnailUrl\":\"https:\\\/\\\/m.media-amazon.com\\\/images\\\/I\\\/21RpDlho9sL._SL500_.jpg\",\"datePublished\":\"2022-12-10T22:52:59+00:00\",\"dateModified\":\"2023-04-11T02:57:38+00:00\",\"description\":\"Markt-XXL HKB \u00ae 10 St\u00fcck BUMMS T\u00fcrstopper, T\u00fcrpuffer, \u00d8 60 mm H\u00f6he: 15 mm, weiss, aus Kunststoff, mit Klebefl\u00e4che, Originalprodukt\u2026\",\"breadcrumb\":{\"@id\":\"https:\\\/\\\/marktxxl.de\\\/markt\\\/produkt\\\/hkb-10-stueck-bumms-tuerstopper-tuerpuffer-o-60-mm-hoehe-15-mm-weiss-aus-kunststoff-mit-klebeflaeche-originalprodukt-von-hersteller-hansi-siebert-artikel-nr-50357\\\/#breadcrumb\"},\"inLanguage\":\"de\",\"potentialAction\":[{\"@type\":\"ReadAction\",\"target\":[\"https:\\\/\\\/marktxxl.de\\\/markt\\\/produkt\\\/hkb-10-stueck-bumms-tuerstopper-tuerpuffer-o-60-mm-hoehe-15-mm-weiss-aus-kunststoff-mit-klebeflaeche-originalprodukt-von-hersteller-hansi-siebert-artikel-nr-50357\\\/\"]}]},{\"@type\":\"ImageObject\",\"inLanguage\":\"de\",\"@id\":\"https:\\\/\\\/marktxxl.de\\\/markt\\\/produkt\\\/hkb-10-stueck-bumms-tuerstopper-tuerpuffer-o-60-mm-hoehe-15-mm-weiss-aus-kunststoff-mit-klebeflaeche-originalprodukt-von-hersteller-hansi-siebert-artikel-nr-50357\\\/#primaryimage\",\"url\":\"https:\\\/\\\/m.media-amazon.com\\\/images\\\/I\\\/21RpDlho9sL._SL500_.jpg\",\"contentUrl\":\"https:\\\/\\\/m.media-amazon.com\\\/images\\\/I\\\/21RpDlho9sL._SL500_.jpg\",\"width\":500,\"height\":234},{\"@type\":\"BreadcrumbList\",\"@id\":\"https:\\\/\\\/marktxxl.de\\\/markt\\\/produkt\\\/hkb-10-stueck-bumms-tuerstopper-tuerpuffer-o-60-mm-hoehe-15-mm-weiss-aus-kunststoff-mit-klebeflaeche-originalprodukt-von-hersteller-hansi-siebert-artikel-nr-50357\\\/#breadcrumb\",\"itemListElement\":[{\"@type\":\"ListItem\",\"position\":1,\"name\":\"Startseite\",\"item\":\"https:\\\/\\\/marktxxl.de\\\/markt\\\/\"},{\"@type\":\"ListItem\",\"position\":2,\"name\":\"Markt\",\"item\":\"https:\\\/\\\/marktxxl.de\\\/markt\\\/\"},{\"@type\":\"ListItem\",\"position\":3,\"name\":\"HKB \u00ae 10 St\u00fcck BUMMS T\u00fcrstopper, T\u00fcrpuffer, \u00d8 60 mm H\u00f6he: 15 mm, weiss, aus Kunststoff, mit Klebefl\u00e4che, Originalprodukt\u2026\"}]},{\"@type\":\"WebSite\",\"@id\":\"https:\\\/\\\/marktxxl.de\\\/markt\\\/#website\",\"url\":\"https:\\\/\\\/marktxxl.de\\\/markt\\\/\",\"name\":\"Markt-XXL\",\"description\":\"Ihr Markt Online\",\"publisher\":{\"@id\":\"https:\\\/\\\/marktxxl.de\\\/markt\\\/#organization\"},\"potentialAction\":[{\"@type\":\"SearchAction\",\"target\":{\"@type\":\"EntryPoint\",\"urlTemplate\":\"https:\\\/\\\/marktxxl.de\\\/markt\\\/?s={search_term_string}\"},\"query-input\":{\"@type\":\"PropertyValueSpecification\",\"valueRequired\":true,\"valueName\":\"search_term_string\"}}],\"inLanguage\":\"de\"},{\"@type\":\"Organization\",\"@id\":\"https:\\\/\\\/marktxxl.de\\\/markt\\\/#organization\",\"name\":\"Markt-XXL\",\"url\":\"https:\\\/\\\/marktxxl.de\\\/markt\\\/\",\"logo\":{\"@type\":\"ImageObject\",\"inLanguage\":\"de\",\"@id\":\"https:\\\/\\\/marktxxl.de\\\/markt\\\/#\\\/schema\\\/logo\\\/image\\\/\",\"url\":\"https:\\\/\\\/marktxxl.de\\\/markt\\\/wp-content\\\/uploads\\\/sites\\\/3\\\/2020\\\/12\\\/logo.png\",\"contentUrl\":\"https:\\\/\\\/marktxxl.de\\\/markt\\\/wp-content\\\/uploads\\\/sites\\\/3\\\/2020\\\/12\\\/logo.png\",\"width\":200,\"height\":70,\"caption\":\"Markt-XXL\"},\"image\":{\"@id\":\"https:\\\/\\\/marktxxl.de\\\/markt\\\/#\\\/schema\\\/logo\\\/image\\\/\"}}]}<\/script>\n<!-- \/ Yoast SEO plugin. -->","yoast_head_json":{"title":"HKB \u00ae 10 St\u00fcck BUMMS T\u00fcrstopper, T\u00fcrpuffer, \u00d8 60 mm H\u00f6he: 15 mm, weiss, aus Kunststoff, mit Klebefl\u00e4che, Originalprodukt\u2026 - Markt-XXL","description":"Markt-XXL HKB \u00ae 10 St\u00fcck BUMMS T\u00fcrstopper, T\u00fcrpuffer, \u00d8 60 mm H\u00f6he: 15 mm, weiss, aus Kunststoff, mit Klebefl\u00e4che, Originalprodukt\u2026","robots":{"index":"index","follow":"follow","max-snippet":"max-snippet:-1","max-image-preview":"max-image-preview:large","max-video-preview":"max-video-preview:-1"},"canonical":"https:\/\/marktxxl.de\/markt\/produkt\/hkb-10-stueck-bumms-tuerstopper-tuerpuffer-o-60-mm-hoehe-15-mm-weiss-aus-kunststoff-mit-klebeflaeche-originalprodukt-von-hersteller-hansi-siebert-artikel-nr-50357\/","og_locale":"de_DE","og_type":"article","og_title":"HKB \u00ae 10 St\u00fcck BUMMS T\u00fcrstopper, T\u00fcrpuffer, \u00d8 60 mm H\u00f6he: 15 mm, weiss, aus Kunststoff, mit Klebefl\u00e4che, Originalprodukt\u2026 - Markt-XXL","og_description":"Markt-XXL HKB \u00ae 10 St\u00fcck BUMMS T\u00fcrstopper, T\u00fcrpuffer, \u00d8 60 mm H\u00f6he: 15 mm, weiss, aus Kunststoff, mit Klebefl\u00e4che, Originalprodukt\u2026","og_url":"https:\/\/marktxxl.de\/markt\/produkt\/hkb-10-stueck-bumms-tuerstopper-tuerpuffer-o-60-mm-hoehe-15-mm-weiss-aus-kunststoff-mit-klebeflaeche-originalprodukt-von-hersteller-hansi-siebert-artikel-nr-50357\/","og_site_name":"Markt-XXL","article_modified_time":"2023-04-11T02:57:38+00:00","og_image":[{"width":500,"height":234,"url":"https:\/\/m.media-amazon.com\/images\/I\/21RpDlho9sL._SL500_.jpg","type":"image\/jpeg"}],"twitter_card":"summary_large_image","twitter_misc":{"Gesch\u00e4tzte Lesezeit":"1\u00a0Minute"},"schema":{"@context":"https:\/\/schema.org","@graph":[{"@type":"WebPage","@id":"https:\/\/marktxxl.de\/markt\/produkt\/hkb-10-stueck-bumms-tuerstopper-tuerpuffer-o-60-mm-hoehe-15-mm-weiss-aus-kunststoff-mit-klebeflaeche-originalprodukt-von-hersteller-hansi-siebert-artikel-nr-50357\/","url":"https:\/\/marktxxl.de\/markt\/produkt\/hkb-10-stueck-bumms-tuerstopper-tuerpuffer-o-60-mm-hoehe-15-mm-weiss-aus-kunststoff-mit-klebeflaeche-originalprodukt-von-hersteller-hansi-siebert-artikel-nr-50357\/","name":"HKB \u00ae 10 St\u00fcck BUMMS T\u00fcrstopper, T\u00fcrpuffer, \u00d8 60 mm H\u00f6he: 15 mm, weiss, aus Kunststoff, mit Klebefl\u00e4che, Originalprodukt\u2026 - Markt-XXL","isPartOf":{"@id":"https:\/\/marktxxl.de\/markt\/#website"},"primaryImageOfPage":{"@id":"https:\/\/marktxxl.de\/markt\/produkt\/hkb-10-stueck-bumms-tuerstopper-tuerpuffer-o-60-mm-hoehe-15-mm-weiss-aus-kunststoff-mit-klebeflaeche-originalprodukt-von-hersteller-hansi-siebert-artikel-nr-50357\/#primaryimage"},"image":{"@id":"https:\/\/marktxxl.de\/markt\/produkt\/hkb-10-stueck-bumms-tuerstopper-tuerpuffer-o-60-mm-hoehe-15-mm-weiss-aus-kunststoff-mit-klebeflaeche-originalprodukt-von-hersteller-hansi-siebert-artikel-nr-50357\/#primaryimage"},"thumbnailUrl":"https:\/\/m.media-amazon.com\/images\/I\/21RpDlho9sL._SL500_.jpg","datePublished":"2022-12-10T22:52:59+00:00","dateModified":"2023-04-11T02:57:38+00:00","description":"Markt-XXL HKB \u00ae 10 St\u00fcck BUMMS T\u00fcrstopper, T\u00fcrpuffer, \u00d8 60 mm H\u00f6he: 15 mm, weiss, aus Kunststoff, mit Klebefl\u00e4che, Originalprodukt\u2026","breadcrumb":{"@id":"https:\/\/marktxxl.de\/markt\/produkt\/hkb-10-stueck-bumms-tuerstopper-tuerpuffer-o-60-mm-hoehe-15-mm-weiss-aus-kunststoff-mit-klebeflaeche-originalprodukt-von-hersteller-hansi-siebert-artikel-nr-50357\/#breadcrumb"},"inLanguage":"de","potentialAction":[{"@type":"ReadAction","target":["https:\/\/marktxxl.de\/markt\/produkt\/hkb-10-stueck-bumms-tuerstopper-tuerpuffer-o-60-mm-hoehe-15-mm-weiss-aus-kunststoff-mit-klebeflaeche-originalprodukt-von-hersteller-hansi-siebert-artikel-nr-50357\/"]}]},{"@type":"ImageObject","inLanguage":"de","@id":"https:\/\/marktxxl.de\/markt\/produkt\/hkb-10-stueck-bumms-tuerstopper-tuerpuffer-o-60-mm-hoehe-15-mm-weiss-aus-kunststoff-mit-klebeflaeche-originalprodukt-von-hersteller-hansi-siebert-artikel-nr-50357\/#primaryimage","url":"https:\/\/m.media-amazon.com\/images\/I\/21RpDlho9sL._SL500_.jpg","contentUrl":"https:\/\/m.media-amazon.com\/images\/I\/21RpDlho9sL._SL500_.jpg","width":500,"height":234},{"@type":"BreadcrumbList","@id":"https:\/\/marktxxl.de\/markt\/produkt\/hkb-10-stueck-bumms-tuerstopper-tuerpuffer-o-60-mm-hoehe-15-mm-weiss-aus-kunststoff-mit-klebeflaeche-originalprodukt-von-hersteller-hansi-siebert-artikel-nr-50357\/#breadcrumb","itemListElement":[{"@type":"ListItem","position":1,"name":"Startseite","item":"https:\/\/marktxxl.de\/markt\/"},{"@type":"ListItem","position":2,"name":"Markt","item":"https:\/\/marktxxl.de\/markt\/"},{"@type":"ListItem","position":3,"name":"HKB \u00ae 10 St\u00fcck BUMMS T\u00fcrstopper, T\u00fcrpuffer, \u00d8 60 mm H\u00f6he: 15 mm, weiss, aus Kunststoff, mit Klebefl\u00e4che, Originalprodukt\u2026"}]},{"@type":"WebSite","@id":"https:\/\/marktxxl.de\/markt\/#website","url":"https:\/\/marktxxl.de\/markt\/","name":"Markt-XXL","description":"Ihr Markt Online","publisher":{"@id":"https:\/\/marktxxl.de\/markt\/#organization"},"potentialAction":[{"@type":"SearchAction","target":{"@type":"EntryPoint","urlTemplate":"https:\/\/marktxxl.de\/markt\/?s={search_term_string}"},"query-input":{"@type":"PropertyValueSpecification","valueRequired":true,"valueName":"search_term_string"}}],"inLanguage":"de"},{"@type":"Organization","@id":"https:\/\/marktxxl.de\/markt\/#organization","name":"Markt-XXL","url":"https:\/\/marktxxl.de\/markt\/","logo":{"@type":"ImageObject","inLanguage":"de","@id":"https:\/\/marktxxl.de\/markt\/#\/schema\/logo\/image\/","url":"https:\/\/marktxxl.de\/markt\/wp-content\/uploads\/sites\/3\/2020\/12\/logo.png","contentUrl":"https:\/\/marktxxl.de\/markt\/wp-content\/uploads\/sites\/3\/2020\/12\/logo.png","width":200,"height":70,"caption":"Markt-XXL"},"image":{"@id":"https:\/\/marktxxl.de\/markt\/#\/schema\/logo\/image\/"}}]}},"_links":{"self":[{"href":"https:\/\/marktxxl.de\/markt\/wp-json\/wp\/v2\/product\/170467","targetHints":{"allow":["GET"]}}],"collection":[{"href":"https:\/\/marktxxl.de\/markt\/wp-json\/wp\/v2\/product"}],"about":[{"href":"https:\/\/marktxxl.de\/markt\/wp-json\/wp\/v2\/types\/product"}],"replies":[{"embeddable":true,"href":"https:\/\/marktxxl.de\/markt\/wp-json\/wp\/v2\/comments?post=170467"}],"wp:featuredmedia":[{"embeddable":true,"href":"https:\/\/marktxxl.de\/markt\/wp-json\/wp\/v2\/media\/170468"}],"wp:attachment":[{"href":"https:\/\/marktxxl.de\/markt\/wp-json\/wp\/v2\/media?parent=170467"}],"wp:term":[{"taxonomy":"product_brand","embeddable":true,"href":"https:\/\/marktxxl.de\/markt\/wp-json\/wp\/v2\/product_brand?post=170467"},{"taxonomy":"product_cat","embeddable":true,"href":"https:\/\/marktxxl.de\/markt\/wp-json\/wp\/v2\/product_cat?post=170467"},{"taxonomy":"product_tag","embeddable":true,"href":"https:\/\/marktxxl.de\/markt\/wp-json\/wp\/v2\/product_tag?post=170467"}],"curies":[{"name":"wp","href":"https:\/\/api.w.org\/{rel}","templated":true}]}}