{"id":170394,"date":"2022-12-10T23:50:04","date_gmt":"2022-12-10T22:50:04","guid":{"rendered":"https:\/\/marktxxl.de\/markt\/produkt\/armaflex-armacell-original-xg-kautschuk-platten-selbstklebend\/"},"modified":"2023-04-11T04:57:37","modified_gmt":"2023-04-11T02:57:37","slug":"armaflex-armacell-original-xg-kautschuk-platten-selbstklebend","status":"publish","type":"product","link":"https:\/\/marktxxl.de\/markt\/produkt\/armaflex-armacell-original-xg-kautschuk-platten-selbstklebend\/","title":{"rendered":"Armaflex\u00ae Armacell\u00ae original XG Kautschuk Platten selbstklebend (Isolierst\u00e4rke 13 mm 1000 x 8000 mm = 8 m\u00b2)"},"content":{"rendered":"<p>ORIGINALE selbstklebende Armaflex Kautschuk Platte XG<br \/>\nAnwendungsbereich: -50\u00b0C &#8211; +110\u00b0C Pr\u00fcfung nach EN14706, EN14707 und EN14304<br \/>\nW\u00e4rmeleitf\u00e4higkeit: Platten 6-25 mm Isolierst\u00e4rke, Band &lt;0,035 W\/(mK), Platten 32-40 mm Isolierst\u00e4rke  1.0000 \u00b5, Platten 32-40 mm Isolierst\u00e4rke &gt; 7.000 \u00b5<br \/>\nBaustoffklasse: B-s3,dO (RF 2(cr) \/ Schutz gegen UV-Strahlung ist notwendig<br \/>\n<div class=\"main-cross-sell\" data-asin=\"B095K6VM3V\">\n\n\t<div class=\"WooZone-cross-sell-loader\">\n\t\t<div>\n\t\t\t<div id=\"floatingBarsG\">\n\t\t\t\t<div class=\"blockG\" id=\"rotateG_01\"><\/div>\n\t\t\t\t<div class=\"blockG\" id=\"rotateG_02\"><\/div>\n\t\t\t\t<div class=\"blockG\" id=\"rotateG_03\"><\/div>\n\t\t\t\t<div class=\"blockG\" id=\"rotateG_04\"><\/div>\n\t\t\t\t<div class=\"blockG\" id=\"rotateG_05\"><\/div>\n\t\t\t\t<div class=\"blockG\" id=\"rotateG_06\"><\/div>\n\t\t\t\t<div class=\"blockG\" id=\"rotateG_07\"><\/div>\n\t\t\t\t<div class=\"blockG\" id=\"rotateG_08\"><\/div>\n\t\t\t<\/div>\n\t\t\t<div class=\"WooZone-cross-sell-loader-text\"><\/div>\n\t\t<\/div>\n\t<\/div>\n\n\t\t\n<\/div>\n<div style=\"clear:both;\"><\/div><\/p>\n","protected":false},"excerpt":{"rendered":"<p>ORIGINALE selbstklebende Armaflex Kautschuk Platte XG<br \/>\nAnwendungsbereich: -50\u00b0C &#8211; +110\u00b0C Pr\u00fcfung nach EN14706, EN14707 und EN14304<br \/>\nW\u00e4rmeleitf\u00e4higkeit: Platten 6-25 mm Isolierst\u00e4rke, Band  7.000 \u00b5<\/p>\n","protected":false},"featured_media":170395,"comment_status":"open","ping_status":"closed","template":"","meta":[],"product_brand":[],"product_cat":[10704,1983],"product_tag":[],"class_list":{"0":"post-170394","1":"product","2":"type-product","3":"status-publish","4":"has-post-thumbnail","6":"product_cat-baubedarf","7":"product_cat-baumarkt","8":"pa_brand-scorprotect","9":"pa_color-schwarz","10":"pa_manufacturer-armaflex","12":"first","13":"instock","14":"shipping-taxable","15":"purchasable","16":"product-type-simple","17":"customify-col","18":"product-has-gallery"},"yoast_head":"<!-- This site is optimized with the Yoast SEO plugin v27.4 - https:\/\/yoast.com\/product\/yoast-seo-wordpress\/ -->\n<title>Armaflex\u00ae Armacell\u00ae original XG Kautschuk Platten selbstklebend (Isolierst\u00e4rke 13 mm 1000 x 8000 mm = 8 m\u00b2) - Markt-XXL<\/title>\n<meta name=\"description\" content=\"Markt-XXL Armaflex\u00ae Armacell\u00ae original XG Kautschuk Platten selbstklebend (Isolierst\u00e4rke 13 mm 1000 x 8000 mm = 8 m\u00b2)\" \/>\n<meta name=\"robots\" content=\"index, follow, max-snippet:-1, max-image-preview:large, max-video-preview:-1\" \/>\n<link rel=\"canonical\" href=\"https:\/\/marktxxl.de\/markt\/produkt\/armaflex-armacell-original-xg-kautschuk-platten-selbstklebend\/\" \/>\n<meta property=\"og:locale\" content=\"de_DE\" \/>\n<meta property=\"og:type\" content=\"article\" \/>\n<meta property=\"og:title\" content=\"Armaflex\u00ae Armacell\u00ae original XG Kautschuk Platten selbstklebend (Isolierst\u00e4rke 13 mm 1000 x 8000 mm = 8 m\u00b2) - Markt-XXL\" \/>\n<meta property=\"og:description\" content=\"Markt-XXL Armaflex\u00ae Armacell\u00ae original XG Kautschuk Platten selbstklebend (Isolierst\u00e4rke 13 mm 1000 x 8000 mm = 8 m\u00b2)\" \/>\n<meta property=\"og:url\" content=\"https:\/\/marktxxl.de\/markt\/produkt\/armaflex-armacell-original-xg-kautschuk-platten-selbstklebend\/\" \/>\n<meta property=\"og:site_name\" content=\"Markt-XXL\" \/>\n<meta property=\"article:modified_time\" content=\"2023-04-11T02:57:37+00:00\" \/>\n<meta property=\"og:image\" content=\"https:\/\/m.media-amazon.com\/images\/I\/41G-LEOTdnS._SL500_.jpg\" \/>\n\t<meta property=\"og:image:width\" content=\"500\" \/>\n\t<meta property=\"og:image:height\" content=\"500\" \/>\n\t<meta property=\"og:image:type\" content=\"image\/jpeg\" \/>\n<meta name=\"twitter:card\" content=\"summary_large_image\" \/>\n<script type=\"application\/ld+json\" class=\"yoast-schema-graph\">{\"@context\":\"https:\\\/\\\/schema.org\",\"@graph\":[{\"@type\":\"WebPage\",\"@id\":\"https:\\\/\\\/marktxxl.de\\\/markt\\\/produkt\\\/armaflex-armacell-original-xg-kautschuk-platten-selbstklebend\\\/\",\"url\":\"https:\\\/\\\/marktxxl.de\\\/markt\\\/produkt\\\/armaflex-armacell-original-xg-kautschuk-platten-selbstklebend\\\/\",\"name\":\"Armaflex\u00ae Armacell\u00ae original XG Kautschuk Platten selbstklebend (Isolierst\u00e4rke 13 mm 1000 x 8000 mm = 8 m\u00b2) - Markt-XXL\",\"isPartOf\":{\"@id\":\"https:\\\/\\\/marktxxl.de\\\/markt\\\/#website\"},\"primaryImageOfPage\":{\"@id\":\"https:\\\/\\\/marktxxl.de\\\/markt\\\/produkt\\\/armaflex-armacell-original-xg-kautschuk-platten-selbstklebend\\\/#primaryimage\"},\"image\":{\"@id\":\"https:\\\/\\\/marktxxl.de\\\/markt\\\/produkt\\\/armaflex-armacell-original-xg-kautschuk-platten-selbstklebend\\\/#primaryimage\"},\"thumbnailUrl\":\"https:\\\/\\\/m.media-amazon.com\\\/images\\\/I\\\/41G-LEOTdnS._SL500_.jpg\",\"datePublished\":\"2022-12-10T22:50:04+00:00\",\"dateModified\":\"2023-04-11T02:57:37+00:00\",\"description\":\"Markt-XXL Armaflex\u00ae Armacell\u00ae original XG Kautschuk Platten selbstklebend (Isolierst\u00e4rke 13 mm 1000 x 8000 mm = 8 m\u00b2)\",\"breadcrumb\":{\"@id\":\"https:\\\/\\\/marktxxl.de\\\/markt\\\/produkt\\\/armaflex-armacell-original-xg-kautschuk-platten-selbstklebend\\\/#breadcrumb\"},\"inLanguage\":\"de\",\"potentialAction\":[{\"@type\":\"ReadAction\",\"target\":[\"https:\\\/\\\/marktxxl.de\\\/markt\\\/produkt\\\/armaflex-armacell-original-xg-kautschuk-platten-selbstklebend\\\/\"]}]},{\"@type\":\"ImageObject\",\"inLanguage\":\"de\",\"@id\":\"https:\\\/\\\/marktxxl.de\\\/markt\\\/produkt\\\/armaflex-armacell-original-xg-kautschuk-platten-selbstklebend\\\/#primaryimage\",\"url\":\"https:\\\/\\\/m.media-amazon.com\\\/images\\\/I\\\/41G-LEOTdnS._SL500_.jpg\",\"contentUrl\":\"https:\\\/\\\/m.media-amazon.com\\\/images\\\/I\\\/41G-LEOTdnS._SL500_.jpg\",\"width\":500,\"height\":500},{\"@type\":\"BreadcrumbList\",\"@id\":\"https:\\\/\\\/marktxxl.de\\\/markt\\\/produkt\\\/armaflex-armacell-original-xg-kautschuk-platten-selbstklebend\\\/#breadcrumb\",\"itemListElement\":[{\"@type\":\"ListItem\",\"position\":1,\"name\":\"Startseite\",\"item\":\"https:\\\/\\\/marktxxl.de\\\/markt\\\/\"},{\"@type\":\"ListItem\",\"position\":2,\"name\":\"Markt\",\"item\":\"https:\\\/\\\/marktxxl.de\\\/markt\\\/\"},{\"@type\":\"ListItem\",\"position\":3,\"name\":\"Armaflex\u00ae Armacell\u00ae original XG Kautschuk Platten selbstklebend (Isolierst\u00e4rke 13 mm 1000 x 8000 mm = 8 m\u00b2)\"}]},{\"@type\":\"WebSite\",\"@id\":\"https:\\\/\\\/marktxxl.de\\\/markt\\\/#website\",\"url\":\"https:\\\/\\\/marktxxl.de\\\/markt\\\/\",\"name\":\"Markt-XXL\",\"description\":\"Ihr Markt Online\",\"publisher\":{\"@id\":\"https:\\\/\\\/marktxxl.de\\\/markt\\\/#organization\"},\"potentialAction\":[{\"@type\":\"SearchAction\",\"target\":{\"@type\":\"EntryPoint\",\"urlTemplate\":\"https:\\\/\\\/marktxxl.de\\\/markt\\\/?s={search_term_string}\"},\"query-input\":{\"@type\":\"PropertyValueSpecification\",\"valueRequired\":true,\"valueName\":\"search_term_string\"}}],\"inLanguage\":\"de\"},{\"@type\":\"Organization\",\"@id\":\"https:\\\/\\\/marktxxl.de\\\/markt\\\/#organization\",\"name\":\"Markt-XXL\",\"url\":\"https:\\\/\\\/marktxxl.de\\\/markt\\\/\",\"logo\":{\"@type\":\"ImageObject\",\"inLanguage\":\"de\",\"@id\":\"https:\\\/\\\/marktxxl.de\\\/markt\\\/#\\\/schema\\\/logo\\\/image\\\/\",\"url\":\"https:\\\/\\\/marktxxl.de\\\/markt\\\/wp-content\\\/uploads\\\/sites\\\/3\\\/2020\\\/12\\\/logo.png\",\"contentUrl\":\"https:\\\/\\\/marktxxl.de\\\/markt\\\/wp-content\\\/uploads\\\/sites\\\/3\\\/2020\\\/12\\\/logo.png\",\"width\":200,\"height\":70,\"caption\":\"Markt-XXL\"},\"image\":{\"@id\":\"https:\\\/\\\/marktxxl.de\\\/markt\\\/#\\\/schema\\\/logo\\\/image\\\/\"}}]}<\/script>\n<!-- \/ Yoast SEO plugin. -->","yoast_head_json":{"title":"Armaflex\u00ae Armacell\u00ae original XG Kautschuk Platten selbstklebend (Isolierst\u00e4rke 13 mm 1000 x 8000 mm = 8 m\u00b2) - Markt-XXL","description":"Markt-XXL Armaflex\u00ae Armacell\u00ae original XG Kautschuk Platten selbstklebend (Isolierst\u00e4rke 13 mm 1000 x 8000 mm = 8 m\u00b2)","robots":{"index":"index","follow":"follow","max-snippet":"max-snippet:-1","max-image-preview":"max-image-preview:large","max-video-preview":"max-video-preview:-1"},"canonical":"https:\/\/marktxxl.de\/markt\/produkt\/armaflex-armacell-original-xg-kautschuk-platten-selbstklebend\/","og_locale":"de_DE","og_type":"article","og_title":"Armaflex\u00ae Armacell\u00ae original XG Kautschuk Platten selbstklebend (Isolierst\u00e4rke 13 mm 1000 x 8000 mm = 8 m\u00b2) - Markt-XXL","og_description":"Markt-XXL Armaflex\u00ae Armacell\u00ae original XG Kautschuk Platten selbstklebend (Isolierst\u00e4rke 13 mm 1000 x 8000 mm = 8 m\u00b2)","og_url":"https:\/\/marktxxl.de\/markt\/produkt\/armaflex-armacell-original-xg-kautschuk-platten-selbstklebend\/","og_site_name":"Markt-XXL","article_modified_time":"2023-04-11T02:57:37+00:00","og_image":[{"width":500,"height":500,"url":"https:\/\/m.media-amazon.com\/images\/I\/41G-LEOTdnS._SL500_.jpg","type":"image\/jpeg"}],"twitter_card":"summary_large_image","schema":{"@context":"https:\/\/schema.org","@graph":[{"@type":"WebPage","@id":"https:\/\/marktxxl.de\/markt\/produkt\/armaflex-armacell-original-xg-kautschuk-platten-selbstklebend\/","url":"https:\/\/marktxxl.de\/markt\/produkt\/armaflex-armacell-original-xg-kautschuk-platten-selbstklebend\/","name":"Armaflex\u00ae Armacell\u00ae original XG Kautschuk Platten selbstklebend (Isolierst\u00e4rke 13 mm 1000 x 8000 mm = 8 m\u00b2) - Markt-XXL","isPartOf":{"@id":"https:\/\/marktxxl.de\/markt\/#website"},"primaryImageOfPage":{"@id":"https:\/\/marktxxl.de\/markt\/produkt\/armaflex-armacell-original-xg-kautschuk-platten-selbstklebend\/#primaryimage"},"image":{"@id":"https:\/\/marktxxl.de\/markt\/produkt\/armaflex-armacell-original-xg-kautschuk-platten-selbstklebend\/#primaryimage"},"thumbnailUrl":"https:\/\/m.media-amazon.com\/images\/I\/41G-LEOTdnS._SL500_.jpg","datePublished":"2022-12-10T22:50:04+00:00","dateModified":"2023-04-11T02:57:37+00:00","description":"Markt-XXL Armaflex\u00ae Armacell\u00ae original XG Kautschuk Platten selbstklebend (Isolierst\u00e4rke 13 mm 1000 x 8000 mm = 8 m\u00b2)","breadcrumb":{"@id":"https:\/\/marktxxl.de\/markt\/produkt\/armaflex-armacell-original-xg-kautschuk-platten-selbstklebend\/#breadcrumb"},"inLanguage":"de","potentialAction":[{"@type":"ReadAction","target":["https:\/\/marktxxl.de\/markt\/produkt\/armaflex-armacell-original-xg-kautschuk-platten-selbstklebend\/"]}]},{"@type":"ImageObject","inLanguage":"de","@id":"https:\/\/marktxxl.de\/markt\/produkt\/armaflex-armacell-original-xg-kautschuk-platten-selbstklebend\/#primaryimage","url":"https:\/\/m.media-amazon.com\/images\/I\/41G-LEOTdnS._SL500_.jpg","contentUrl":"https:\/\/m.media-amazon.com\/images\/I\/41G-LEOTdnS._SL500_.jpg","width":500,"height":500},{"@type":"BreadcrumbList","@id":"https:\/\/marktxxl.de\/markt\/produkt\/armaflex-armacell-original-xg-kautschuk-platten-selbstklebend\/#breadcrumb","itemListElement":[{"@type":"ListItem","position":1,"name":"Startseite","item":"https:\/\/marktxxl.de\/markt\/"},{"@type":"ListItem","position":2,"name":"Markt","item":"https:\/\/marktxxl.de\/markt\/"},{"@type":"ListItem","position":3,"name":"Armaflex\u00ae Armacell\u00ae original XG Kautschuk Platten selbstklebend (Isolierst\u00e4rke 13 mm 1000 x 8000 mm = 8 m\u00b2)"}]},{"@type":"WebSite","@id":"https:\/\/marktxxl.de\/markt\/#website","url":"https:\/\/marktxxl.de\/markt\/","name":"Markt-XXL","description":"Ihr Markt Online","publisher":{"@id":"https:\/\/marktxxl.de\/markt\/#organization"},"potentialAction":[{"@type":"SearchAction","target":{"@type":"EntryPoint","urlTemplate":"https:\/\/marktxxl.de\/markt\/?s={search_term_string}"},"query-input":{"@type":"PropertyValueSpecification","valueRequired":true,"valueName":"search_term_string"}}],"inLanguage":"de"},{"@type":"Organization","@id":"https:\/\/marktxxl.de\/markt\/#organization","name":"Markt-XXL","url":"https:\/\/marktxxl.de\/markt\/","logo":{"@type":"ImageObject","inLanguage":"de","@id":"https:\/\/marktxxl.de\/markt\/#\/schema\/logo\/image\/","url":"https:\/\/marktxxl.de\/markt\/wp-content\/uploads\/sites\/3\/2020\/12\/logo.png","contentUrl":"https:\/\/marktxxl.de\/markt\/wp-content\/uploads\/sites\/3\/2020\/12\/logo.png","width":200,"height":70,"caption":"Markt-XXL"},"image":{"@id":"https:\/\/marktxxl.de\/markt\/#\/schema\/logo\/image\/"}}]}},"_links":{"self":[{"href":"https:\/\/marktxxl.de\/markt\/wp-json\/wp\/v2\/product\/170394","targetHints":{"allow":["GET"]}}],"collection":[{"href":"https:\/\/marktxxl.de\/markt\/wp-json\/wp\/v2\/product"}],"about":[{"href":"https:\/\/marktxxl.de\/markt\/wp-json\/wp\/v2\/types\/product"}],"replies":[{"embeddable":true,"href":"https:\/\/marktxxl.de\/markt\/wp-json\/wp\/v2\/comments?post=170394"}],"wp:featuredmedia":[{"embeddable":true,"href":"https:\/\/marktxxl.de\/markt\/wp-json\/wp\/v2\/media\/170395"}],"wp:attachment":[{"href":"https:\/\/marktxxl.de\/markt\/wp-json\/wp\/v2\/media?parent=170394"}],"wp:term":[{"taxonomy":"product_brand","embeddable":true,"href":"https:\/\/marktxxl.de\/markt\/wp-json\/wp\/v2\/product_brand?post=170394"},{"taxonomy":"product_cat","embeddable":true,"href":"https:\/\/marktxxl.de\/markt\/wp-json\/wp\/v2\/product_cat?post=170394"},{"taxonomy":"product_tag","embeddable":true,"href":"https:\/\/marktxxl.de\/markt\/wp-json\/wp\/v2\/product_tag?post=170394"}],"curies":[{"name":"wp","href":"https:\/\/api.w.org\/{rel}","templated":true}]}}