{"id":170373,"date":"2022-12-10T23:49:16","date_gmt":"2022-12-10T22:49:16","guid":{"rendered":"https:\/\/marktxxl.de\/markt\/produkt\/pallit-hubwagen-five-r-2500-kg-tragkraft-1150-mm-gabellaenge-gummi-rollen-palettenwagen-gabelhubwagen-handhubwagen\/"},"modified":"2023-04-11T04:57:37","modified_gmt":"2023-04-11T02:57:37","slug":"pallit-hubwagen-five-r-2500-kg-tragkraft-1150-mm-gabellaenge-gummi-rollen-palettenwagen-gabelhubwagen-handhubwagen","status":"publish","type":"product","link":"https:\/\/marktxxl.de\/markt\/produkt\/pallit-hubwagen-five-r-2500-kg-tragkraft-1150-mm-gabellaenge-gummi-rollen-palettenwagen-gabelhubwagen-handhubwagen\/","title":{"rendered":"Pallit Hubwagen FIVE-R | 2500 kg Tragkraft | 1150 mm Gabell\u00e4nge | Gummi Rollen | Palettenwagen Gabelhubwagen\u2026"},"content":{"rendered":"<p>\u2705 STARKE TRAGKRAFT &#8211; Der Hubwagen FIVE-R kann problemlos schwere Lasten bis zu 2500 kg \/ 2,5t heben und senken und ist damit perfekt f\u00fcr den t\u00e4glichen Einsatz geeignet<br \/>\n\u2705 EINFACHE BENUTZUNG &#8211; Die ergonomisch geformte Deichsel in Verbindung mit dem hydraulischen Hub erzeugt eine benutzerfreundliche Bedienung, welche den Bediener vor k\u00f6rperlichen Anstrengungen schont<br \/>\n\u2705 VIELSEITIG EINSETZBAR &#8211; Durch eine Gabell\u00e4nge von 1150 mm und einer Hubh\u00f6he von 195 mm kann der Hubwagen in diversen Arbeitsumfeldern \u00fcberzeugen<br \/>\n\u2705 AUSGEZEICHNETE QUALIT\u00c4T &#8211; Der verwindungssteife Industrie-Stahlrahmen und die verschlei\u00dfarme und leichtlaufende Gummi \/ Polyurethan (PU) Bereifung erm\u00f6glichen ein leichtg\u00e4ngiges und stets sicheres Fahren<br \/>\n\u2705 LANGLEBIG &#8211; Die verbaute Hochleistungshydraulikpumpe und Schmiernippel erm\u00f6glichen einen verschlei\u00dfarmen und wartungsarmen Gebrauch<br \/>\n<div class=\"main-cross-sell\" data-asin=\"B07NG9BCVQ\">\n\n\t<div class=\"WooZone-cross-sell-loader\">\n\t\t<div>\n\t\t\t<div id=\"floatingBarsG\">\n\t\t\t\t<div class=\"blockG\" id=\"rotateG_01\"><\/div>\n\t\t\t\t<div class=\"blockG\" id=\"rotateG_02\"><\/div>\n\t\t\t\t<div class=\"blockG\" id=\"rotateG_03\"><\/div>\n\t\t\t\t<div class=\"blockG\" id=\"rotateG_04\"><\/div>\n\t\t\t\t<div class=\"blockG\" id=\"rotateG_05\"><\/div>\n\t\t\t\t<div class=\"blockG\" id=\"rotateG_06\"><\/div>\n\t\t\t\t<div class=\"blockG\" id=\"rotateG_07\"><\/div>\n\t\t\t\t<div class=\"blockG\" id=\"rotateG_08\"><\/div>\n\t\t\t<\/div>\n\t\t\t<div class=\"WooZone-cross-sell-loader-text\"><\/div>\n\t\t<\/div>\n\t<\/div>\n\n\t\t\n<\/div>\n<div style=\"clear:both;\"><\/div><\/p>\n","protected":false},"excerpt":{"rendered":"<p>\u2705 STARKE TRAGKRAFT &#8211; Der Hubwagen FIVE-R kann problemlos schwere Lasten bis zu 2500 kg \/ 2,5t heben und senken und ist damit perfekt f\u00fcr den t\u00e4glichen Einsatz geeignet<br \/>\n\u2705 EINFACHE BENUTZUNG &#8211; Die ergonomisch geformte Deichsel in Verbindung mit dem hydraulischen Hub erzeugt eine benutzerfreundliche Bedienung, welche den Bediener vor k\u00f6rperlichen Anstrengungen schont<br \/>\n\u2705 VIELSEITIG EINSETZBAR &#8211; Durch eine Gabell\u00e4nge von 1150 mm und einer Hubh\u00f6he von 195 mm kann der Hubwagen in diversen Arbeitsumfeldern \u00fcberzeugen<\/p>\n","protected":false},"featured_media":170374,"comment_status":"open","ping_status":"closed","template":"","meta":[],"product_brand":[],"product_cat":[10704,1983],"product_tag":[],"class_list":{"0":"post-170373","1":"product","2":"type-product","3":"status-publish","4":"has-post-thumbnail","6":"product_cat-baubedarf","7":"product_cat-baumarkt","8":"pa_brand-pallit","9":"pa_color-ultramarinblau","10":"pa_height-17-716535415-zoll","11":"pa_length-59-8818897027-zoll","12":"pa_manufacturer-pallit","13":"pa_size-1150-mm","14":"pa_weight-148-81202685-pfund","15":"pa_width-21-259842498-zoll","17":"first","18":"instock","19":"shipping-taxable","20":"purchasable","21":"product-type-simple","22":"customify-col","23":"product-has-gallery"},"yoast_head":"<!-- This site is optimized with the Yoast SEO plugin v27.4 - https:\/\/yoast.com\/product\/yoast-seo-wordpress\/ -->\n<title>Pallit Hubwagen FIVE-R | 2500 kg Tragkraft | 1150 mm Gabell\u00e4nge | Gummi Rollen | Palettenwagen Gabelhubwagen\u2026 - Markt-XXL<\/title>\n<meta name=\"description\" content=\"Markt-XXL Pallit Hubwagen FIVE-R | 2500 kg Tragkraft | 1150 mm Gabell\u00e4nge | Gummi Rollen | Palettenwagen Gabelhubwagen\u2026\" \/>\n<meta name=\"robots\" content=\"index, follow, max-snippet:-1, max-image-preview:large, max-video-preview:-1\" \/>\n<link rel=\"canonical\" href=\"https:\/\/marktxxl.de\/markt\/produkt\/pallit-hubwagen-five-r-2500-kg-tragkraft-1150-mm-gabellaenge-gummi-rollen-palettenwagen-gabelhubwagen-handhubwagen\/\" \/>\n<meta property=\"og:locale\" content=\"de_DE\" \/>\n<meta property=\"og:type\" content=\"article\" \/>\n<meta property=\"og:title\" content=\"Pallit Hubwagen FIVE-R | 2500 kg Tragkraft | 1150 mm Gabell\u00e4nge | Gummi Rollen | Palettenwagen Gabelhubwagen\u2026 - Markt-XXL\" \/>\n<meta property=\"og:description\" content=\"Markt-XXL Pallit Hubwagen FIVE-R | 2500 kg Tragkraft | 1150 mm Gabell\u00e4nge | Gummi Rollen | Palettenwagen Gabelhubwagen\u2026\" \/>\n<meta property=\"og:url\" content=\"https:\/\/marktxxl.de\/markt\/produkt\/pallit-hubwagen-five-r-2500-kg-tragkraft-1150-mm-gabellaenge-gummi-rollen-palettenwagen-gabelhubwagen-handhubwagen\/\" \/>\n<meta property=\"og:site_name\" content=\"Markt-XXL\" \/>\n<meta property=\"article:modified_time\" content=\"2023-04-11T02:57:37+00:00\" \/>\n<meta property=\"og:image\" content=\"https:\/\/m.media-amazon.com\/images\/I\/31yrEm7LSjL._SL500_.jpg\" \/>\n\t<meta property=\"og:image:width\" content=\"500\" \/>\n\t<meta property=\"og:image:height\" content=\"500\" \/>\n\t<meta property=\"og:image:type\" content=\"image\/jpeg\" \/>\n<meta name=\"twitter:card\" content=\"summary_large_image\" \/>\n<meta name=\"twitter:label1\" content=\"Gesch\u00e4tzte Lesezeit\" \/>\n\t<meta name=\"twitter:data1\" content=\"1\u00a0Minute\" \/>\n<script type=\"application\/ld+json\" class=\"yoast-schema-graph\">{\"@context\":\"https:\\\/\\\/schema.org\",\"@graph\":[{\"@type\":\"WebPage\",\"@id\":\"https:\\\/\\\/marktxxl.de\\\/markt\\\/produkt\\\/pallit-hubwagen-five-r-2500-kg-tragkraft-1150-mm-gabellaenge-gummi-rollen-palettenwagen-gabelhubwagen-handhubwagen\\\/\",\"url\":\"https:\\\/\\\/marktxxl.de\\\/markt\\\/produkt\\\/pallit-hubwagen-five-r-2500-kg-tragkraft-1150-mm-gabellaenge-gummi-rollen-palettenwagen-gabelhubwagen-handhubwagen\\\/\",\"name\":\"Pallit Hubwagen FIVE-R | 2500 kg Tragkraft | 1150 mm Gabell\u00e4nge | Gummi Rollen | Palettenwagen Gabelhubwagen\u2026 - Markt-XXL\",\"isPartOf\":{\"@id\":\"https:\\\/\\\/marktxxl.de\\\/markt\\\/#website\"},\"primaryImageOfPage\":{\"@id\":\"https:\\\/\\\/marktxxl.de\\\/markt\\\/produkt\\\/pallit-hubwagen-five-r-2500-kg-tragkraft-1150-mm-gabellaenge-gummi-rollen-palettenwagen-gabelhubwagen-handhubwagen\\\/#primaryimage\"},\"image\":{\"@id\":\"https:\\\/\\\/marktxxl.de\\\/markt\\\/produkt\\\/pallit-hubwagen-five-r-2500-kg-tragkraft-1150-mm-gabellaenge-gummi-rollen-palettenwagen-gabelhubwagen-handhubwagen\\\/#primaryimage\"},\"thumbnailUrl\":\"https:\\\/\\\/m.media-amazon.com\\\/images\\\/I\\\/31yrEm7LSjL._SL500_.jpg\",\"datePublished\":\"2022-12-10T22:49:16+00:00\",\"dateModified\":\"2023-04-11T02:57:37+00:00\",\"description\":\"Markt-XXL Pallit Hubwagen FIVE-R | 2500 kg Tragkraft | 1150 mm Gabell\u00e4nge | Gummi Rollen | Palettenwagen Gabelhubwagen\u2026\",\"breadcrumb\":{\"@id\":\"https:\\\/\\\/marktxxl.de\\\/markt\\\/produkt\\\/pallit-hubwagen-five-r-2500-kg-tragkraft-1150-mm-gabellaenge-gummi-rollen-palettenwagen-gabelhubwagen-handhubwagen\\\/#breadcrumb\"},\"inLanguage\":\"de\",\"potentialAction\":[{\"@type\":\"ReadAction\",\"target\":[\"https:\\\/\\\/marktxxl.de\\\/markt\\\/produkt\\\/pallit-hubwagen-five-r-2500-kg-tragkraft-1150-mm-gabellaenge-gummi-rollen-palettenwagen-gabelhubwagen-handhubwagen\\\/\"]}]},{\"@type\":\"ImageObject\",\"inLanguage\":\"de\",\"@id\":\"https:\\\/\\\/marktxxl.de\\\/markt\\\/produkt\\\/pallit-hubwagen-five-r-2500-kg-tragkraft-1150-mm-gabellaenge-gummi-rollen-palettenwagen-gabelhubwagen-handhubwagen\\\/#primaryimage\",\"url\":\"https:\\\/\\\/m.media-amazon.com\\\/images\\\/I\\\/31yrEm7LSjL._SL500_.jpg\",\"contentUrl\":\"https:\\\/\\\/m.media-amazon.com\\\/images\\\/I\\\/31yrEm7LSjL._SL500_.jpg\",\"width\":500,\"height\":500},{\"@type\":\"BreadcrumbList\",\"@id\":\"https:\\\/\\\/marktxxl.de\\\/markt\\\/produkt\\\/pallit-hubwagen-five-r-2500-kg-tragkraft-1150-mm-gabellaenge-gummi-rollen-palettenwagen-gabelhubwagen-handhubwagen\\\/#breadcrumb\",\"itemListElement\":[{\"@type\":\"ListItem\",\"position\":1,\"name\":\"Startseite\",\"item\":\"https:\\\/\\\/marktxxl.de\\\/markt\\\/\"},{\"@type\":\"ListItem\",\"position\":2,\"name\":\"Markt\",\"item\":\"https:\\\/\\\/marktxxl.de\\\/markt\\\/\"},{\"@type\":\"ListItem\",\"position\":3,\"name\":\"Pallit Hubwagen FIVE-R | 2500 kg Tragkraft | 1150 mm Gabell\u00e4nge | Gummi Rollen | Palettenwagen Gabelhubwagen\u2026\"}]},{\"@type\":\"WebSite\",\"@id\":\"https:\\\/\\\/marktxxl.de\\\/markt\\\/#website\",\"url\":\"https:\\\/\\\/marktxxl.de\\\/markt\\\/\",\"name\":\"Markt-XXL\",\"description\":\"Ihr Markt Online\",\"publisher\":{\"@id\":\"https:\\\/\\\/marktxxl.de\\\/markt\\\/#organization\"},\"potentialAction\":[{\"@type\":\"SearchAction\",\"target\":{\"@type\":\"EntryPoint\",\"urlTemplate\":\"https:\\\/\\\/marktxxl.de\\\/markt\\\/?s={search_term_string}\"},\"query-input\":{\"@type\":\"PropertyValueSpecification\",\"valueRequired\":true,\"valueName\":\"search_term_string\"}}],\"inLanguage\":\"de\"},{\"@type\":\"Organization\",\"@id\":\"https:\\\/\\\/marktxxl.de\\\/markt\\\/#organization\",\"name\":\"Markt-XXL\",\"url\":\"https:\\\/\\\/marktxxl.de\\\/markt\\\/\",\"logo\":{\"@type\":\"ImageObject\",\"inLanguage\":\"de\",\"@id\":\"https:\\\/\\\/marktxxl.de\\\/markt\\\/#\\\/schema\\\/logo\\\/image\\\/\",\"url\":\"https:\\\/\\\/marktxxl.de\\\/markt\\\/wp-content\\\/uploads\\\/sites\\\/3\\\/2020\\\/12\\\/logo.png\",\"contentUrl\":\"https:\\\/\\\/marktxxl.de\\\/markt\\\/wp-content\\\/uploads\\\/sites\\\/3\\\/2020\\\/12\\\/logo.png\",\"width\":200,\"height\":70,\"caption\":\"Markt-XXL\"},\"image\":{\"@id\":\"https:\\\/\\\/marktxxl.de\\\/markt\\\/#\\\/schema\\\/logo\\\/image\\\/\"}}]}<\/script>\n<!-- \/ Yoast SEO plugin. -->","yoast_head_json":{"title":"Pallit Hubwagen FIVE-R | 2500 kg Tragkraft | 1150 mm Gabell\u00e4nge | Gummi Rollen | Palettenwagen Gabelhubwagen\u2026 - Markt-XXL","description":"Markt-XXL Pallit Hubwagen FIVE-R | 2500 kg Tragkraft | 1150 mm Gabell\u00e4nge | Gummi Rollen | Palettenwagen Gabelhubwagen\u2026","robots":{"index":"index","follow":"follow","max-snippet":"max-snippet:-1","max-image-preview":"max-image-preview:large","max-video-preview":"max-video-preview:-1"},"canonical":"https:\/\/marktxxl.de\/markt\/produkt\/pallit-hubwagen-five-r-2500-kg-tragkraft-1150-mm-gabellaenge-gummi-rollen-palettenwagen-gabelhubwagen-handhubwagen\/","og_locale":"de_DE","og_type":"article","og_title":"Pallit Hubwagen FIVE-R | 2500 kg Tragkraft | 1150 mm Gabell\u00e4nge | Gummi Rollen | Palettenwagen Gabelhubwagen\u2026 - Markt-XXL","og_description":"Markt-XXL Pallit Hubwagen FIVE-R | 2500 kg Tragkraft | 1150 mm Gabell\u00e4nge | Gummi Rollen | Palettenwagen Gabelhubwagen\u2026","og_url":"https:\/\/marktxxl.de\/markt\/produkt\/pallit-hubwagen-five-r-2500-kg-tragkraft-1150-mm-gabellaenge-gummi-rollen-palettenwagen-gabelhubwagen-handhubwagen\/","og_site_name":"Markt-XXL","article_modified_time":"2023-04-11T02:57:37+00:00","og_image":[{"width":500,"height":500,"url":"https:\/\/m.media-amazon.com\/images\/I\/31yrEm7LSjL._SL500_.jpg","type":"image\/jpeg"}],"twitter_card":"summary_large_image","twitter_misc":{"Gesch\u00e4tzte Lesezeit":"1\u00a0Minute"},"schema":{"@context":"https:\/\/schema.org","@graph":[{"@type":"WebPage","@id":"https:\/\/marktxxl.de\/markt\/produkt\/pallit-hubwagen-five-r-2500-kg-tragkraft-1150-mm-gabellaenge-gummi-rollen-palettenwagen-gabelhubwagen-handhubwagen\/","url":"https:\/\/marktxxl.de\/markt\/produkt\/pallit-hubwagen-five-r-2500-kg-tragkraft-1150-mm-gabellaenge-gummi-rollen-palettenwagen-gabelhubwagen-handhubwagen\/","name":"Pallit Hubwagen FIVE-R | 2500 kg Tragkraft | 1150 mm Gabell\u00e4nge | Gummi Rollen | Palettenwagen Gabelhubwagen\u2026 - Markt-XXL","isPartOf":{"@id":"https:\/\/marktxxl.de\/markt\/#website"},"primaryImageOfPage":{"@id":"https:\/\/marktxxl.de\/markt\/produkt\/pallit-hubwagen-five-r-2500-kg-tragkraft-1150-mm-gabellaenge-gummi-rollen-palettenwagen-gabelhubwagen-handhubwagen\/#primaryimage"},"image":{"@id":"https:\/\/marktxxl.de\/markt\/produkt\/pallit-hubwagen-five-r-2500-kg-tragkraft-1150-mm-gabellaenge-gummi-rollen-palettenwagen-gabelhubwagen-handhubwagen\/#primaryimage"},"thumbnailUrl":"https:\/\/m.media-amazon.com\/images\/I\/31yrEm7LSjL._SL500_.jpg","datePublished":"2022-12-10T22:49:16+00:00","dateModified":"2023-04-11T02:57:37+00:00","description":"Markt-XXL Pallit Hubwagen FIVE-R | 2500 kg Tragkraft | 1150 mm Gabell\u00e4nge | Gummi Rollen | Palettenwagen Gabelhubwagen\u2026","breadcrumb":{"@id":"https:\/\/marktxxl.de\/markt\/produkt\/pallit-hubwagen-five-r-2500-kg-tragkraft-1150-mm-gabellaenge-gummi-rollen-palettenwagen-gabelhubwagen-handhubwagen\/#breadcrumb"},"inLanguage":"de","potentialAction":[{"@type":"ReadAction","target":["https:\/\/marktxxl.de\/markt\/produkt\/pallit-hubwagen-five-r-2500-kg-tragkraft-1150-mm-gabellaenge-gummi-rollen-palettenwagen-gabelhubwagen-handhubwagen\/"]}]},{"@type":"ImageObject","inLanguage":"de","@id":"https:\/\/marktxxl.de\/markt\/produkt\/pallit-hubwagen-five-r-2500-kg-tragkraft-1150-mm-gabellaenge-gummi-rollen-palettenwagen-gabelhubwagen-handhubwagen\/#primaryimage","url":"https:\/\/m.media-amazon.com\/images\/I\/31yrEm7LSjL._SL500_.jpg","contentUrl":"https:\/\/m.media-amazon.com\/images\/I\/31yrEm7LSjL._SL500_.jpg","width":500,"height":500},{"@type":"BreadcrumbList","@id":"https:\/\/marktxxl.de\/markt\/produkt\/pallit-hubwagen-five-r-2500-kg-tragkraft-1150-mm-gabellaenge-gummi-rollen-palettenwagen-gabelhubwagen-handhubwagen\/#breadcrumb","itemListElement":[{"@type":"ListItem","position":1,"name":"Startseite","item":"https:\/\/marktxxl.de\/markt\/"},{"@type":"ListItem","position":2,"name":"Markt","item":"https:\/\/marktxxl.de\/markt\/"},{"@type":"ListItem","position":3,"name":"Pallit Hubwagen FIVE-R | 2500 kg Tragkraft | 1150 mm Gabell\u00e4nge | Gummi Rollen | Palettenwagen Gabelhubwagen\u2026"}]},{"@type":"WebSite","@id":"https:\/\/marktxxl.de\/markt\/#website","url":"https:\/\/marktxxl.de\/markt\/","name":"Markt-XXL","description":"Ihr Markt Online","publisher":{"@id":"https:\/\/marktxxl.de\/markt\/#organization"},"potentialAction":[{"@type":"SearchAction","target":{"@type":"EntryPoint","urlTemplate":"https:\/\/marktxxl.de\/markt\/?s={search_term_string}"},"query-input":{"@type":"PropertyValueSpecification","valueRequired":true,"valueName":"search_term_string"}}],"inLanguage":"de"},{"@type":"Organization","@id":"https:\/\/marktxxl.de\/markt\/#organization","name":"Markt-XXL","url":"https:\/\/marktxxl.de\/markt\/","logo":{"@type":"ImageObject","inLanguage":"de","@id":"https:\/\/marktxxl.de\/markt\/#\/schema\/logo\/image\/","url":"https:\/\/marktxxl.de\/markt\/wp-content\/uploads\/sites\/3\/2020\/12\/logo.png","contentUrl":"https:\/\/marktxxl.de\/markt\/wp-content\/uploads\/sites\/3\/2020\/12\/logo.png","width":200,"height":70,"caption":"Markt-XXL"},"image":{"@id":"https:\/\/marktxxl.de\/markt\/#\/schema\/logo\/image\/"}}]}},"_links":{"self":[{"href":"https:\/\/marktxxl.de\/markt\/wp-json\/wp\/v2\/product\/170373","targetHints":{"allow":["GET"]}}],"collection":[{"href":"https:\/\/marktxxl.de\/markt\/wp-json\/wp\/v2\/product"}],"about":[{"href":"https:\/\/marktxxl.de\/markt\/wp-json\/wp\/v2\/types\/product"}],"replies":[{"embeddable":true,"href":"https:\/\/marktxxl.de\/markt\/wp-json\/wp\/v2\/comments?post=170373"}],"wp:featuredmedia":[{"embeddable":true,"href":"https:\/\/marktxxl.de\/markt\/wp-json\/wp\/v2\/media\/170374"}],"wp:attachment":[{"href":"https:\/\/marktxxl.de\/markt\/wp-json\/wp\/v2\/media?parent=170373"}],"wp:term":[{"taxonomy":"product_brand","embeddable":true,"href":"https:\/\/marktxxl.de\/markt\/wp-json\/wp\/v2\/product_brand?post=170373"},{"taxonomy":"product_cat","embeddable":true,"href":"https:\/\/marktxxl.de\/markt\/wp-json\/wp\/v2\/product_cat?post=170373"},{"taxonomy":"product_tag","embeddable":true,"href":"https:\/\/marktxxl.de\/markt\/wp-json\/wp\/v2\/product_tag?post=170373"}],"curies":[{"name":"wp","href":"https:\/\/api.w.org\/{rel}","templated":true}]}}