{"id":170320,"date":"2022-12-10T23:46:28","date_gmt":"2022-12-10T22:46:28","guid":{"rendered":"https:\/\/marktxxl.de\/markt\/produkt\/noppenmatte-3mm-bis-1500mm-bis-10m\/"},"modified":"2023-04-11T04:57:36","modified_gmt":"2023-04-11T02:57:36","slug":"noppenmatte-3mm-bis-1500mm-bis-10m","status":"publish","type":"product","link":"https:\/\/marktxxl.de\/markt\/produkt\/noppenmatte-3mm-bis-1500mm-bis-10m\/","title":{"rendered":"Develory Noppenmatte 3mm &#8211; BREITE 0,1m bis 1,5m + L\u00c4NGE 0,1m bis 10m w\u00e4hlen &#8211; AUSWAHL: 10cm x 1000cm x 3mm &#8211; Schutzmatte\u2026"},"content":{"rendered":"<p>\u2714\ufe0fQUALIT\u00c4T: Noppenmatte (Flachnoppen) &#8211; Werkstoff: NR\/SBR &#8211; geringer Gummigeruch || TOLERANZEN: Fertigung nach DIN 7715 Teil 5 Klasse P3<br \/>\nNOPPENFORM: Die Noppen sind abgeschr\u00e4gt bzw. laufen weich nach oben. Dies erleichtert die Reinigung und verbesserte die Optik. Die Matte kann einfach mit einem Gartenschlauch abgespritzt oder mit einem Lappen abgewischt und gereinigt werden. Durch die spezielle Form der Noppen bleibt kein Schmutz h\u00e4ngen. UNTERSEITE: Die Anti-Rutsch-Funktion wird \u00fcber eine gemusterte Oberfl\u00e4che sichergestellt. Ein Selbst wenn ein Auto dar\u00fcber f\u00e4hrt liegt die Matte sicher am Boden.<br \/>\nABMESSUNG w\u00e4hlen<br \/>\n\u2714\ufe0fVIELSEITIGER EINSATZBEREICH: Der Gummibodenbelag kann problemlos im Au\u00dfen- und Innenbereich als Bodenbelag oder Gummifu\u00dfboden eingesetzt werden. Einige Bereiche sind: Werkstatt, Arbeitsplatz, K\u00fcche, Gastronomie, Hotel, Hauseingang, Regaleinlage, Garage, Keller, Waschk\u00fcche, Kabelschutz, Trittschallmatte, Bautenschutzmatte, Isolierung, Camping, Sauna, Schwimmbad, Umkleide, Schmutzfangmatte, Schuhablage, etc. &#8211; Die Matte wird auf Ihr WUNSCHMA\u00df zugeschnitten.<br \/>\nMATERIALDICKE: inkl. Noppen 3mm<br \/>\n<div class=\"main-cross-sell\" data-asin=\"B08GX5PJ7M\">\n\n\t<div class=\"WooZone-cross-sell-loader\">\n\t\t<div>\n\t\t\t<div id=\"floatingBarsG\">\n\t\t\t\t<div class=\"blockG\" id=\"rotateG_01\"><\/div>\n\t\t\t\t<div class=\"blockG\" id=\"rotateG_02\"><\/div>\n\t\t\t\t<div class=\"blockG\" id=\"rotateG_03\"><\/div>\n\t\t\t\t<div class=\"blockG\" id=\"rotateG_04\"><\/div>\n\t\t\t\t<div class=\"blockG\" id=\"rotateG_05\"><\/div>\n\t\t\t\t<div class=\"blockG\" id=\"rotateG_06\"><\/div>\n\t\t\t\t<div class=\"blockG\" id=\"rotateG_07\"><\/div>\n\t\t\t\t<div class=\"blockG\" id=\"rotateG_08\"><\/div>\n\t\t\t<\/div>\n\t\t\t<div class=\"WooZone-cross-sell-loader-text\"><\/div>\n\t\t<\/div>\n\t<\/div>\n\n\t\t\n<\/div>\n<div style=\"clear:both;\"><\/div><\/p>\n","protected":false},"excerpt":{"rendered":"<p>\u2714\ufe0fQUALIT\u00c4T: Noppenmatte (Flachnoppen) &#8211; Werkstoff: NR\/SBR &#8211; geringer Gummigeruch || TOLERANZEN: Fertigung nach DIN 7715 Teil 5 Klasse P3<br \/>\nNOPPENFORM: Die Noppen sind abgeschr\u00e4gt bzw. laufen weich nach oben. Dies erleichtert die Reinigung und verbesserte die Optik. Die Matte kann einfach mit einem Gartenschlauch abgespritzt oder mit einem Lappen abgewischt und gereinigt werden. Durch die spezielle Form der Noppen bleibt kein Schmutz h\u00e4ngen. UNTERSEITE: Die Anti-Rutsch-Funktion wird \u00fcber eine gemusterte Oberfl\u00e4che sichergestellt. Ein Selbst wenn ein Auto dar\u00fcber f\u00e4hrt liegt die Matte sicher am Boden.<br \/>\nABMESSUNG w\u00e4hlen<\/p>\n","protected":false},"featured_media":170321,"comment_status":"open","ping_status":"closed","template":"","meta":[],"product_brand":[],"product_cat":[10704,1983],"product_tag":[],"class_list":{"0":"post-170320","1":"product","2":"type-product","3":"status-publish","4":"has-post-thumbnail","6":"product_cat-baubedarf","7":"product_cat-baumarkt","8":"pa_brand-develory","9":"pa_manufacturer-wulkow","11":"first","12":"instock","13":"shipping-taxable","14":"purchasable","15":"product-type-simple","16":"customify-col","17":"product-has-gallery"},"yoast_head":"<!-- This site is optimized with the Yoast SEO plugin v27.4 - https:\/\/yoast.com\/product\/yoast-seo-wordpress\/ -->\n<title>Develory Noppenmatte 3mm - BREITE 0,1m bis 1,5m + L\u00c4NGE 0,1m bis 10m w\u00e4hlen - AUSWAHL: 10cm x 1000cm x 3mm - Schutzmatte\u2026 - Markt-XXL<\/title>\n<meta name=\"description\" content=\"Markt-XXL Develory Noppenmatte 3mm - BREITE 0,1m bis 1,5m + L\u00c4NGE 0,1m bis 10m w\u00e4hlen - AUSWAHL: 10cm x 1000cm x 3mm - Schutzmatte\u2026\" \/>\n<meta name=\"robots\" content=\"index, follow, max-snippet:-1, max-image-preview:large, max-video-preview:-1\" \/>\n<link rel=\"canonical\" href=\"https:\/\/marktxxl.de\/markt\/produkt\/noppenmatte-3mm-bis-1500mm-bis-10m\/\" \/>\n<meta property=\"og:locale\" content=\"de_DE\" \/>\n<meta property=\"og:type\" content=\"article\" \/>\n<meta property=\"og:title\" content=\"Develory Noppenmatte 3mm - BREITE 0,1m bis 1,5m + L\u00c4NGE 0,1m bis 10m w\u00e4hlen - AUSWAHL: 10cm x 1000cm x 3mm - Schutzmatte\u2026 - Markt-XXL\" \/>\n<meta property=\"og:description\" content=\"Markt-XXL Develory Noppenmatte 3mm - BREITE 0,1m bis 1,5m + L\u00c4NGE 0,1m bis 10m w\u00e4hlen - AUSWAHL: 10cm x 1000cm x 3mm - Schutzmatte\u2026\" \/>\n<meta property=\"og:url\" content=\"https:\/\/marktxxl.de\/markt\/produkt\/noppenmatte-3mm-bis-1500mm-bis-10m\/\" \/>\n<meta property=\"og:site_name\" content=\"Markt-XXL\" \/>\n<meta property=\"article:modified_time\" content=\"2023-04-11T02:57:36+00:00\" \/>\n<meta property=\"og:image\" content=\"https:\/\/m.media-amazon.com\/images\/I\/51kdaAbe3vL._SL500_.jpg\" \/>\n\t<meta property=\"og:image:width\" content=\"500\" \/>\n\t<meta property=\"og:image:height\" content=\"500\" \/>\n\t<meta property=\"og:image:type\" content=\"image\/jpeg\" \/>\n<meta name=\"twitter:card\" content=\"summary_large_image\" \/>\n<meta name=\"twitter:label1\" content=\"Gesch\u00e4tzte Lesezeit\" \/>\n\t<meta name=\"twitter:data1\" content=\"1\u00a0Minute\" \/>\n<script type=\"application\/ld+json\" class=\"yoast-schema-graph\">{\"@context\":\"https:\\\/\\\/schema.org\",\"@graph\":[{\"@type\":\"WebPage\",\"@id\":\"https:\\\/\\\/marktxxl.de\\\/markt\\\/produkt\\\/noppenmatte-3mm-bis-1500mm-bis-10m\\\/\",\"url\":\"https:\\\/\\\/marktxxl.de\\\/markt\\\/produkt\\\/noppenmatte-3mm-bis-1500mm-bis-10m\\\/\",\"name\":\"Develory Noppenmatte 3mm - BREITE 0,1m bis 1,5m + L\u00c4NGE 0,1m bis 10m w\u00e4hlen - AUSWAHL: 10cm x 1000cm x 3mm - Schutzmatte\u2026 - Markt-XXL\",\"isPartOf\":{\"@id\":\"https:\\\/\\\/marktxxl.de\\\/markt\\\/#website\"},\"primaryImageOfPage\":{\"@id\":\"https:\\\/\\\/marktxxl.de\\\/markt\\\/produkt\\\/noppenmatte-3mm-bis-1500mm-bis-10m\\\/#primaryimage\"},\"image\":{\"@id\":\"https:\\\/\\\/marktxxl.de\\\/markt\\\/produkt\\\/noppenmatte-3mm-bis-1500mm-bis-10m\\\/#primaryimage\"},\"thumbnailUrl\":\"https:\\\/\\\/m.media-amazon.com\\\/images\\\/I\\\/51kdaAbe3vL._SL500_.jpg\",\"datePublished\":\"2022-12-10T22:46:28+00:00\",\"dateModified\":\"2023-04-11T02:57:36+00:00\",\"description\":\"Markt-XXL Develory Noppenmatte 3mm - BREITE 0,1m bis 1,5m + L\u00c4NGE 0,1m bis 10m w\u00e4hlen - AUSWAHL: 10cm x 1000cm x 3mm - Schutzmatte\u2026\",\"breadcrumb\":{\"@id\":\"https:\\\/\\\/marktxxl.de\\\/markt\\\/produkt\\\/noppenmatte-3mm-bis-1500mm-bis-10m\\\/#breadcrumb\"},\"inLanguage\":\"de\",\"potentialAction\":[{\"@type\":\"ReadAction\",\"target\":[\"https:\\\/\\\/marktxxl.de\\\/markt\\\/produkt\\\/noppenmatte-3mm-bis-1500mm-bis-10m\\\/\"]}]},{\"@type\":\"ImageObject\",\"inLanguage\":\"de\",\"@id\":\"https:\\\/\\\/marktxxl.de\\\/markt\\\/produkt\\\/noppenmatte-3mm-bis-1500mm-bis-10m\\\/#primaryimage\",\"url\":\"https:\\\/\\\/m.media-amazon.com\\\/images\\\/I\\\/51kdaAbe3vL._SL500_.jpg\",\"contentUrl\":\"https:\\\/\\\/m.media-amazon.com\\\/images\\\/I\\\/51kdaAbe3vL._SL500_.jpg\",\"width\":500,\"height\":500},{\"@type\":\"BreadcrumbList\",\"@id\":\"https:\\\/\\\/marktxxl.de\\\/markt\\\/produkt\\\/noppenmatte-3mm-bis-1500mm-bis-10m\\\/#breadcrumb\",\"itemListElement\":[{\"@type\":\"ListItem\",\"position\":1,\"name\":\"Startseite\",\"item\":\"https:\\\/\\\/marktxxl.de\\\/markt\\\/\"},{\"@type\":\"ListItem\",\"position\":2,\"name\":\"Markt\",\"item\":\"https:\\\/\\\/marktxxl.de\\\/markt\\\/\"},{\"@type\":\"ListItem\",\"position\":3,\"name\":\"Develory Noppenmatte 3mm &#8211; BREITE 0,1m bis 1,5m + L\u00c4NGE 0,1m bis 10m w\u00e4hlen &#8211; AUSWAHL: 10cm x 1000cm x 3mm &#8211; Schutzmatte\u2026\"}]},{\"@type\":\"WebSite\",\"@id\":\"https:\\\/\\\/marktxxl.de\\\/markt\\\/#website\",\"url\":\"https:\\\/\\\/marktxxl.de\\\/markt\\\/\",\"name\":\"Markt-XXL\",\"description\":\"Ihr Markt Online\",\"publisher\":{\"@id\":\"https:\\\/\\\/marktxxl.de\\\/markt\\\/#organization\"},\"potentialAction\":[{\"@type\":\"SearchAction\",\"target\":{\"@type\":\"EntryPoint\",\"urlTemplate\":\"https:\\\/\\\/marktxxl.de\\\/markt\\\/?s={search_term_string}\"},\"query-input\":{\"@type\":\"PropertyValueSpecification\",\"valueRequired\":true,\"valueName\":\"search_term_string\"}}],\"inLanguage\":\"de\"},{\"@type\":\"Organization\",\"@id\":\"https:\\\/\\\/marktxxl.de\\\/markt\\\/#organization\",\"name\":\"Markt-XXL\",\"url\":\"https:\\\/\\\/marktxxl.de\\\/markt\\\/\",\"logo\":{\"@type\":\"ImageObject\",\"inLanguage\":\"de\",\"@id\":\"https:\\\/\\\/marktxxl.de\\\/markt\\\/#\\\/schema\\\/logo\\\/image\\\/\",\"url\":\"https:\\\/\\\/marktxxl.de\\\/markt\\\/wp-content\\\/uploads\\\/sites\\\/3\\\/2020\\\/12\\\/logo.png\",\"contentUrl\":\"https:\\\/\\\/marktxxl.de\\\/markt\\\/wp-content\\\/uploads\\\/sites\\\/3\\\/2020\\\/12\\\/logo.png\",\"width\":200,\"height\":70,\"caption\":\"Markt-XXL\"},\"image\":{\"@id\":\"https:\\\/\\\/marktxxl.de\\\/markt\\\/#\\\/schema\\\/logo\\\/image\\\/\"}}]}<\/script>\n<!-- \/ Yoast SEO plugin. -->","yoast_head_json":{"title":"Develory Noppenmatte 3mm - BREITE 0,1m bis 1,5m + L\u00c4NGE 0,1m bis 10m w\u00e4hlen - AUSWAHL: 10cm x 1000cm x 3mm - Schutzmatte\u2026 - Markt-XXL","description":"Markt-XXL Develory Noppenmatte 3mm - BREITE 0,1m bis 1,5m + L\u00c4NGE 0,1m bis 10m w\u00e4hlen - AUSWAHL: 10cm x 1000cm x 3mm - Schutzmatte\u2026","robots":{"index":"index","follow":"follow","max-snippet":"max-snippet:-1","max-image-preview":"max-image-preview:large","max-video-preview":"max-video-preview:-1"},"canonical":"https:\/\/marktxxl.de\/markt\/produkt\/noppenmatte-3mm-bis-1500mm-bis-10m\/","og_locale":"de_DE","og_type":"article","og_title":"Develory Noppenmatte 3mm - BREITE 0,1m bis 1,5m + L\u00c4NGE 0,1m bis 10m w\u00e4hlen - AUSWAHL: 10cm x 1000cm x 3mm - Schutzmatte\u2026 - Markt-XXL","og_description":"Markt-XXL Develory Noppenmatte 3mm - BREITE 0,1m bis 1,5m + L\u00c4NGE 0,1m bis 10m w\u00e4hlen - AUSWAHL: 10cm x 1000cm x 3mm - Schutzmatte\u2026","og_url":"https:\/\/marktxxl.de\/markt\/produkt\/noppenmatte-3mm-bis-1500mm-bis-10m\/","og_site_name":"Markt-XXL","article_modified_time":"2023-04-11T02:57:36+00:00","og_image":[{"width":500,"height":500,"url":"https:\/\/m.media-amazon.com\/images\/I\/51kdaAbe3vL._SL500_.jpg","type":"image\/jpeg"}],"twitter_card":"summary_large_image","twitter_misc":{"Gesch\u00e4tzte Lesezeit":"1\u00a0Minute"},"schema":{"@context":"https:\/\/schema.org","@graph":[{"@type":"WebPage","@id":"https:\/\/marktxxl.de\/markt\/produkt\/noppenmatte-3mm-bis-1500mm-bis-10m\/","url":"https:\/\/marktxxl.de\/markt\/produkt\/noppenmatte-3mm-bis-1500mm-bis-10m\/","name":"Develory Noppenmatte 3mm - BREITE 0,1m bis 1,5m + L\u00c4NGE 0,1m bis 10m w\u00e4hlen - AUSWAHL: 10cm x 1000cm x 3mm - Schutzmatte\u2026 - Markt-XXL","isPartOf":{"@id":"https:\/\/marktxxl.de\/markt\/#website"},"primaryImageOfPage":{"@id":"https:\/\/marktxxl.de\/markt\/produkt\/noppenmatte-3mm-bis-1500mm-bis-10m\/#primaryimage"},"image":{"@id":"https:\/\/marktxxl.de\/markt\/produkt\/noppenmatte-3mm-bis-1500mm-bis-10m\/#primaryimage"},"thumbnailUrl":"https:\/\/m.media-amazon.com\/images\/I\/51kdaAbe3vL._SL500_.jpg","datePublished":"2022-12-10T22:46:28+00:00","dateModified":"2023-04-11T02:57:36+00:00","description":"Markt-XXL Develory Noppenmatte 3mm - BREITE 0,1m bis 1,5m + L\u00c4NGE 0,1m bis 10m w\u00e4hlen - AUSWAHL: 10cm x 1000cm x 3mm - Schutzmatte\u2026","breadcrumb":{"@id":"https:\/\/marktxxl.de\/markt\/produkt\/noppenmatte-3mm-bis-1500mm-bis-10m\/#breadcrumb"},"inLanguage":"de","potentialAction":[{"@type":"ReadAction","target":["https:\/\/marktxxl.de\/markt\/produkt\/noppenmatte-3mm-bis-1500mm-bis-10m\/"]}]},{"@type":"ImageObject","inLanguage":"de","@id":"https:\/\/marktxxl.de\/markt\/produkt\/noppenmatte-3mm-bis-1500mm-bis-10m\/#primaryimage","url":"https:\/\/m.media-amazon.com\/images\/I\/51kdaAbe3vL._SL500_.jpg","contentUrl":"https:\/\/m.media-amazon.com\/images\/I\/51kdaAbe3vL._SL500_.jpg","width":500,"height":500},{"@type":"BreadcrumbList","@id":"https:\/\/marktxxl.de\/markt\/produkt\/noppenmatte-3mm-bis-1500mm-bis-10m\/#breadcrumb","itemListElement":[{"@type":"ListItem","position":1,"name":"Startseite","item":"https:\/\/marktxxl.de\/markt\/"},{"@type":"ListItem","position":2,"name":"Markt","item":"https:\/\/marktxxl.de\/markt\/"},{"@type":"ListItem","position":3,"name":"Develory Noppenmatte 3mm &#8211; BREITE 0,1m bis 1,5m + L\u00c4NGE 0,1m bis 10m w\u00e4hlen &#8211; AUSWAHL: 10cm x 1000cm x 3mm &#8211; Schutzmatte\u2026"}]},{"@type":"WebSite","@id":"https:\/\/marktxxl.de\/markt\/#website","url":"https:\/\/marktxxl.de\/markt\/","name":"Markt-XXL","description":"Ihr Markt Online","publisher":{"@id":"https:\/\/marktxxl.de\/markt\/#organization"},"potentialAction":[{"@type":"SearchAction","target":{"@type":"EntryPoint","urlTemplate":"https:\/\/marktxxl.de\/markt\/?s={search_term_string}"},"query-input":{"@type":"PropertyValueSpecification","valueRequired":true,"valueName":"search_term_string"}}],"inLanguage":"de"},{"@type":"Organization","@id":"https:\/\/marktxxl.de\/markt\/#organization","name":"Markt-XXL","url":"https:\/\/marktxxl.de\/markt\/","logo":{"@type":"ImageObject","inLanguage":"de","@id":"https:\/\/marktxxl.de\/markt\/#\/schema\/logo\/image\/","url":"https:\/\/marktxxl.de\/markt\/wp-content\/uploads\/sites\/3\/2020\/12\/logo.png","contentUrl":"https:\/\/marktxxl.de\/markt\/wp-content\/uploads\/sites\/3\/2020\/12\/logo.png","width":200,"height":70,"caption":"Markt-XXL"},"image":{"@id":"https:\/\/marktxxl.de\/markt\/#\/schema\/logo\/image\/"}}]}},"_links":{"self":[{"href":"https:\/\/marktxxl.de\/markt\/wp-json\/wp\/v2\/product\/170320","targetHints":{"allow":["GET"]}}],"collection":[{"href":"https:\/\/marktxxl.de\/markt\/wp-json\/wp\/v2\/product"}],"about":[{"href":"https:\/\/marktxxl.de\/markt\/wp-json\/wp\/v2\/types\/product"}],"replies":[{"embeddable":true,"href":"https:\/\/marktxxl.de\/markt\/wp-json\/wp\/v2\/comments?post=170320"}],"wp:featuredmedia":[{"embeddable":true,"href":"https:\/\/marktxxl.de\/markt\/wp-json\/wp\/v2\/media\/170321"}],"wp:attachment":[{"href":"https:\/\/marktxxl.de\/markt\/wp-json\/wp\/v2\/media?parent=170320"}],"wp:term":[{"taxonomy":"product_brand","embeddable":true,"href":"https:\/\/marktxxl.de\/markt\/wp-json\/wp\/v2\/product_brand?post=170320"},{"taxonomy":"product_cat","embeddable":true,"href":"https:\/\/marktxxl.de\/markt\/wp-json\/wp\/v2\/product_cat?post=170320"},{"taxonomy":"product_tag","embeddable":true,"href":"https:\/\/marktxxl.de\/markt\/wp-json\/wp\/v2\/product_tag?post=170320"}],"curies":[{"name":"wp","href":"https:\/\/api.w.org\/{rel}","templated":true}]}}