{"id":169853,"date":"2022-12-10T22:02:06","date_gmt":"2022-12-10T21:02:06","guid":{"rendered":"https:\/\/marktxxl.de\/markt\/produkt\/doppel-kinderwagen-organizer-fuer-bob-duallie-und-baby-jogger-city-mini-gt\/"},"modified":"2023-04-10T05:05:53","modified_gmt":"2023-04-10T03:05:53","slug":"doppel-kinderwagen-organizer-fuer-bob-duallie-und-baby-jogger-city-mini-gt","status":"publish","type":"product","link":"https:\/\/marktxxl.de\/markt\/produkt\/doppel-kinderwagen-organizer-fuer-bob-duallie-und-baby-jogger-city-mini-gt\/","title":{"rendered":"Doppel-Kinderwagen-Organizer f\u00fcr Bob Duallie und Baby Jogger City Mini GT"},"content":{"rendered":"<p>Speziell f\u00fcr den Bob Duallie und City Mini GT von Baby Jogger entwickelt. Funktioniert nicht mit dem City Mini Double, da es eine Stange in der Mitte des Lenkers hat. H\u00e4lt mehr als nur Wasserflaschen. Ideal f\u00fcr Disneyland. Kaufen Sie diesen Artikel nicht f\u00fcr einen Booyah-Kinderwagen.<br \/>\nWenn Sie dies f\u00fcr einen anderen Kinderwagen kaufen, dann messen Sie Ihre Ma\u00dfe. Der Organizer ist 58,4 cm lang (mit Innengurten) und passt in den 66 cm Lenker. Wenn Ihre Innenma\u00dfe kleiner als 66 cm sind, funktioniert dieser Organizer nicht.<br \/>\nPassend f\u00fcr Doppel-Buggys mit offenem Lenker (ohne Stange in der Mitte). Frontnetz f\u00fcr Schl\u00fcssel, Handy, Geldb\u00f6rse etc.<br \/>\nMehrere F\u00e4cher f\u00fcr Wasserflaschen, Lebensmittel, etc. (Schmuck, Schl\u00fcssel, etc.)<br \/>\nGro\u00dfe isolierte Mittelkonsole f\u00fcr gro\u00dfe Gegenst\u00e4nde. (Windeln, Feuchtt\u00fccher, Schnabelbecher und Flaschen).<br \/>\n<div class=\"main-cross-sell\" data-asin=\"B01NBJ7PDG\">\n\n\t<div class=\"WooZone-cross-sell-loader\">\n\t\t<div>\n\t\t\t<div id=\"floatingBarsG\">\n\t\t\t\t<div class=\"blockG\" id=\"rotateG_01\"><\/div>\n\t\t\t\t<div class=\"blockG\" id=\"rotateG_02\"><\/div>\n\t\t\t\t<div class=\"blockG\" id=\"rotateG_03\"><\/div>\n\t\t\t\t<div class=\"blockG\" id=\"rotateG_04\"><\/div>\n\t\t\t\t<div class=\"blockG\" id=\"rotateG_05\"><\/div>\n\t\t\t\t<div class=\"blockG\" id=\"rotateG_06\"><\/div>\n\t\t\t\t<div class=\"blockG\" id=\"rotateG_07\"><\/div>\n\t\t\t\t<div class=\"blockG\" id=\"rotateG_08\"><\/div>\n\t\t\t<\/div>\n\t\t\t<div class=\"WooZone-cross-sell-loader-text\"><\/div>\n\t\t<\/div>\n\t<\/div>\n\n\t\t\n<\/div>\n<div style=\"clear:both;\"><\/div><\/p>\n","protected":false},"excerpt":{"rendered":"<p>Speziell f\u00fcr den Bob Duallie und City Mini GT von Baby Jogger entwickelt. Funktioniert nicht mit dem City Mini Double, da es eine Stange in der Mitte des Lenkers hat. H\u00e4lt mehr als nur Wasserflaschen. Ideal f\u00fcr Disneyland. Kaufen Sie diesen Artikel nicht f\u00fcr einen Booyah-Kinderwagen.<br \/>\nWenn Sie dies f\u00fcr einen anderen Kinderwagen kaufen, dann messen Sie Ihre Ma\u00dfe. Der Organizer ist 58,4 cm lang (mit Innengurten) und passt in den 66 cm Lenker. Wenn Ihre Innenma\u00dfe kleiner als 66 cm sind, funktioniert dieser Organizer nicht.<br \/>\nPassend f\u00fcr Doppel-Buggys mit offenem Lenker (ohne Stange in der Mitte). Frontnetz f\u00fcr Schl\u00fcssel, Handy, Geldb\u00f6rse etc.<\/p>\n","protected":false},"featured_media":169854,"comment_status":"open","ping_status":"closed","template":"","meta":[],"product_brand":[],"product_cat":[21,9329],"product_tag":[],"class_list":{"0":"post-169853","1":"product","2":"type-product","3":"status-publish","4":"has-post-thumbnail","6":"product_cat-baby","7":"product_cat-kinderwagen-buggys-zubehoer-baby","8":"pa_binding-babyartikel","9":"pa_brand-booyah-strollers","10":"pa_color-schwarz","11":"pa_height-22-99999997654-zoll","12":"pa_length-8-99999999082-zoll","13":"pa_manufacturer-booyah-strollers","14":"pa_weight-0-77-pfund","15":"pa_width-4-49999999541-zoll","17":"first","18":"instock","19":"shipping-taxable","20":"purchasable","21":"product-type-simple","22":"customify-col","23":"product-has-gallery"},"yoast_head":"<!-- This site is optimized with the Yoast SEO plugin v27.4 - https:\/\/yoast.com\/product\/yoast-seo-wordpress\/ -->\n<title>Doppel-Kinderwagen-Organizer f\u00fcr Bob Duallie und Baby Jogger City Mini GT - Markt-XXL<\/title>\n<meta name=\"description\" content=\"Markt-XXL Doppel-Kinderwagen-Organizer f\u00fcr Bob Duallie und Baby Jogger City Mini GT\" \/>\n<meta name=\"robots\" content=\"index, follow, max-snippet:-1, max-image-preview:large, max-video-preview:-1\" \/>\n<link rel=\"canonical\" href=\"https:\/\/marktxxl.de\/markt\/produkt\/doppel-kinderwagen-organizer-fuer-bob-duallie-und-baby-jogger-city-mini-gt\/\" \/>\n<meta property=\"og:locale\" content=\"de_DE\" \/>\n<meta property=\"og:type\" content=\"article\" \/>\n<meta property=\"og:title\" content=\"Doppel-Kinderwagen-Organizer f\u00fcr Bob Duallie und Baby Jogger City Mini GT - Markt-XXL\" \/>\n<meta property=\"og:description\" content=\"Markt-XXL Doppel-Kinderwagen-Organizer f\u00fcr Bob Duallie und Baby Jogger City Mini GT\" \/>\n<meta property=\"og:url\" content=\"https:\/\/marktxxl.de\/markt\/produkt\/doppel-kinderwagen-organizer-fuer-bob-duallie-und-baby-jogger-city-mini-gt\/\" \/>\n<meta property=\"og:site_name\" content=\"Markt-XXL\" \/>\n<meta property=\"article:modified_time\" content=\"2023-04-10T03:05:53+00:00\" \/>\n<meta property=\"og:image\" content=\"https:\/\/m.media-amazon.com\/images\/I\/41Vmcf8+fKL._SL500_.jpg\" \/>\n\t<meta property=\"og:image:width\" content=\"500\" \/>\n\t<meta property=\"og:image:height\" content=\"375\" \/>\n\t<meta property=\"og:image:type\" content=\"image\/jpeg\" \/>\n<meta name=\"twitter:card\" content=\"summary_large_image\" \/>\n<meta name=\"twitter:label1\" content=\"Gesch\u00e4tzte Lesezeit\" \/>\n\t<meta name=\"twitter:data1\" content=\"1\u00a0Minute\" \/>\n<script type=\"application\/ld+json\" class=\"yoast-schema-graph\">{\"@context\":\"https:\\\/\\\/schema.org\",\"@graph\":[{\"@type\":\"WebPage\",\"@id\":\"https:\\\/\\\/marktxxl.de\\\/markt\\\/produkt\\\/doppel-kinderwagen-organizer-fuer-bob-duallie-und-baby-jogger-city-mini-gt\\\/\",\"url\":\"https:\\\/\\\/marktxxl.de\\\/markt\\\/produkt\\\/doppel-kinderwagen-organizer-fuer-bob-duallie-und-baby-jogger-city-mini-gt\\\/\",\"name\":\"Doppel-Kinderwagen-Organizer f\u00fcr Bob Duallie und Baby Jogger City Mini GT - Markt-XXL\",\"isPartOf\":{\"@id\":\"https:\\\/\\\/marktxxl.de\\\/markt\\\/#website\"},\"primaryImageOfPage\":{\"@id\":\"https:\\\/\\\/marktxxl.de\\\/markt\\\/produkt\\\/doppel-kinderwagen-organizer-fuer-bob-duallie-und-baby-jogger-city-mini-gt\\\/#primaryimage\"},\"image\":{\"@id\":\"https:\\\/\\\/marktxxl.de\\\/markt\\\/produkt\\\/doppel-kinderwagen-organizer-fuer-bob-duallie-und-baby-jogger-city-mini-gt\\\/#primaryimage\"},\"thumbnailUrl\":\"https:\\\/\\\/m.media-amazon.com\\\/images\\\/I\\\/41Vmcf8+fKL._SL500_.jpg\",\"datePublished\":\"2022-12-10T21:02:06+00:00\",\"dateModified\":\"2023-04-10T03:05:53+00:00\",\"description\":\"Markt-XXL Doppel-Kinderwagen-Organizer f\u00fcr Bob Duallie und Baby Jogger City Mini GT\",\"breadcrumb\":{\"@id\":\"https:\\\/\\\/marktxxl.de\\\/markt\\\/produkt\\\/doppel-kinderwagen-organizer-fuer-bob-duallie-und-baby-jogger-city-mini-gt\\\/#breadcrumb\"},\"inLanguage\":\"de\",\"potentialAction\":[{\"@type\":\"ReadAction\",\"target\":[\"https:\\\/\\\/marktxxl.de\\\/markt\\\/produkt\\\/doppel-kinderwagen-organizer-fuer-bob-duallie-und-baby-jogger-city-mini-gt\\\/\"]}]},{\"@type\":\"ImageObject\",\"inLanguage\":\"de\",\"@id\":\"https:\\\/\\\/marktxxl.de\\\/markt\\\/produkt\\\/doppel-kinderwagen-organizer-fuer-bob-duallie-und-baby-jogger-city-mini-gt\\\/#primaryimage\",\"url\":\"https:\\\/\\\/m.media-amazon.com\\\/images\\\/I\\\/41Vmcf8+fKL._SL500_.jpg\",\"contentUrl\":\"https:\\\/\\\/m.media-amazon.com\\\/images\\\/I\\\/41Vmcf8+fKL._SL500_.jpg\",\"width\":500,\"height\":375},{\"@type\":\"BreadcrumbList\",\"@id\":\"https:\\\/\\\/marktxxl.de\\\/markt\\\/produkt\\\/doppel-kinderwagen-organizer-fuer-bob-duallie-und-baby-jogger-city-mini-gt\\\/#breadcrumb\",\"itemListElement\":[{\"@type\":\"ListItem\",\"position\":1,\"name\":\"Startseite\",\"item\":\"https:\\\/\\\/marktxxl.de\\\/markt\\\/\"},{\"@type\":\"ListItem\",\"position\":2,\"name\":\"Markt\",\"item\":\"https:\\\/\\\/marktxxl.de\\\/markt\\\/\"},{\"@type\":\"ListItem\",\"position\":3,\"name\":\"Doppel-Kinderwagen-Organizer f\u00fcr Bob Duallie und Baby Jogger City Mini GT\"}]},{\"@type\":\"WebSite\",\"@id\":\"https:\\\/\\\/marktxxl.de\\\/markt\\\/#website\",\"url\":\"https:\\\/\\\/marktxxl.de\\\/markt\\\/\",\"name\":\"Markt-XXL\",\"description\":\"Ihr Markt Online\",\"publisher\":{\"@id\":\"https:\\\/\\\/marktxxl.de\\\/markt\\\/#organization\"},\"potentialAction\":[{\"@type\":\"SearchAction\",\"target\":{\"@type\":\"EntryPoint\",\"urlTemplate\":\"https:\\\/\\\/marktxxl.de\\\/markt\\\/?s={search_term_string}\"},\"query-input\":{\"@type\":\"PropertyValueSpecification\",\"valueRequired\":true,\"valueName\":\"search_term_string\"}}],\"inLanguage\":\"de\"},{\"@type\":\"Organization\",\"@id\":\"https:\\\/\\\/marktxxl.de\\\/markt\\\/#organization\",\"name\":\"Markt-XXL\",\"url\":\"https:\\\/\\\/marktxxl.de\\\/markt\\\/\",\"logo\":{\"@type\":\"ImageObject\",\"inLanguage\":\"de\",\"@id\":\"https:\\\/\\\/marktxxl.de\\\/markt\\\/#\\\/schema\\\/logo\\\/image\\\/\",\"url\":\"https:\\\/\\\/marktxxl.de\\\/markt\\\/wp-content\\\/uploads\\\/sites\\\/3\\\/2020\\\/12\\\/logo.png\",\"contentUrl\":\"https:\\\/\\\/marktxxl.de\\\/markt\\\/wp-content\\\/uploads\\\/sites\\\/3\\\/2020\\\/12\\\/logo.png\",\"width\":200,\"height\":70,\"caption\":\"Markt-XXL\"},\"image\":{\"@id\":\"https:\\\/\\\/marktxxl.de\\\/markt\\\/#\\\/schema\\\/logo\\\/image\\\/\"}}]}<\/script>\n<!-- \/ Yoast SEO plugin. -->","yoast_head_json":{"title":"Doppel-Kinderwagen-Organizer f\u00fcr Bob Duallie und Baby Jogger City Mini GT - Markt-XXL","description":"Markt-XXL Doppel-Kinderwagen-Organizer f\u00fcr Bob Duallie und Baby Jogger City Mini GT","robots":{"index":"index","follow":"follow","max-snippet":"max-snippet:-1","max-image-preview":"max-image-preview:large","max-video-preview":"max-video-preview:-1"},"canonical":"https:\/\/marktxxl.de\/markt\/produkt\/doppel-kinderwagen-organizer-fuer-bob-duallie-und-baby-jogger-city-mini-gt\/","og_locale":"de_DE","og_type":"article","og_title":"Doppel-Kinderwagen-Organizer f\u00fcr Bob Duallie und Baby Jogger City Mini GT - Markt-XXL","og_description":"Markt-XXL Doppel-Kinderwagen-Organizer f\u00fcr Bob Duallie und Baby Jogger City Mini GT","og_url":"https:\/\/marktxxl.de\/markt\/produkt\/doppel-kinderwagen-organizer-fuer-bob-duallie-und-baby-jogger-city-mini-gt\/","og_site_name":"Markt-XXL","article_modified_time":"2023-04-10T03:05:53+00:00","og_image":[{"width":500,"height":375,"url":"https:\/\/m.media-amazon.com\/images\/I\/41Vmcf8+fKL._SL500_.jpg","type":"image\/jpeg"}],"twitter_card":"summary_large_image","twitter_misc":{"Gesch\u00e4tzte Lesezeit":"1\u00a0Minute"},"schema":{"@context":"https:\/\/schema.org","@graph":[{"@type":"WebPage","@id":"https:\/\/marktxxl.de\/markt\/produkt\/doppel-kinderwagen-organizer-fuer-bob-duallie-und-baby-jogger-city-mini-gt\/","url":"https:\/\/marktxxl.de\/markt\/produkt\/doppel-kinderwagen-organizer-fuer-bob-duallie-und-baby-jogger-city-mini-gt\/","name":"Doppel-Kinderwagen-Organizer f\u00fcr Bob Duallie und Baby Jogger City Mini GT - Markt-XXL","isPartOf":{"@id":"https:\/\/marktxxl.de\/markt\/#website"},"primaryImageOfPage":{"@id":"https:\/\/marktxxl.de\/markt\/produkt\/doppel-kinderwagen-organizer-fuer-bob-duallie-und-baby-jogger-city-mini-gt\/#primaryimage"},"image":{"@id":"https:\/\/marktxxl.de\/markt\/produkt\/doppel-kinderwagen-organizer-fuer-bob-duallie-und-baby-jogger-city-mini-gt\/#primaryimage"},"thumbnailUrl":"https:\/\/m.media-amazon.com\/images\/I\/41Vmcf8+fKL._SL500_.jpg","datePublished":"2022-12-10T21:02:06+00:00","dateModified":"2023-04-10T03:05:53+00:00","description":"Markt-XXL Doppel-Kinderwagen-Organizer f\u00fcr Bob Duallie und Baby Jogger City Mini GT","breadcrumb":{"@id":"https:\/\/marktxxl.de\/markt\/produkt\/doppel-kinderwagen-organizer-fuer-bob-duallie-und-baby-jogger-city-mini-gt\/#breadcrumb"},"inLanguage":"de","potentialAction":[{"@type":"ReadAction","target":["https:\/\/marktxxl.de\/markt\/produkt\/doppel-kinderwagen-organizer-fuer-bob-duallie-und-baby-jogger-city-mini-gt\/"]}]},{"@type":"ImageObject","inLanguage":"de","@id":"https:\/\/marktxxl.de\/markt\/produkt\/doppel-kinderwagen-organizer-fuer-bob-duallie-und-baby-jogger-city-mini-gt\/#primaryimage","url":"https:\/\/m.media-amazon.com\/images\/I\/41Vmcf8+fKL._SL500_.jpg","contentUrl":"https:\/\/m.media-amazon.com\/images\/I\/41Vmcf8+fKL._SL500_.jpg","width":500,"height":375},{"@type":"BreadcrumbList","@id":"https:\/\/marktxxl.de\/markt\/produkt\/doppel-kinderwagen-organizer-fuer-bob-duallie-und-baby-jogger-city-mini-gt\/#breadcrumb","itemListElement":[{"@type":"ListItem","position":1,"name":"Startseite","item":"https:\/\/marktxxl.de\/markt\/"},{"@type":"ListItem","position":2,"name":"Markt","item":"https:\/\/marktxxl.de\/markt\/"},{"@type":"ListItem","position":3,"name":"Doppel-Kinderwagen-Organizer f\u00fcr Bob Duallie und Baby Jogger City Mini GT"}]},{"@type":"WebSite","@id":"https:\/\/marktxxl.de\/markt\/#website","url":"https:\/\/marktxxl.de\/markt\/","name":"Markt-XXL","description":"Ihr Markt Online","publisher":{"@id":"https:\/\/marktxxl.de\/markt\/#organization"},"potentialAction":[{"@type":"SearchAction","target":{"@type":"EntryPoint","urlTemplate":"https:\/\/marktxxl.de\/markt\/?s={search_term_string}"},"query-input":{"@type":"PropertyValueSpecification","valueRequired":true,"valueName":"search_term_string"}}],"inLanguage":"de"},{"@type":"Organization","@id":"https:\/\/marktxxl.de\/markt\/#organization","name":"Markt-XXL","url":"https:\/\/marktxxl.de\/markt\/","logo":{"@type":"ImageObject","inLanguage":"de","@id":"https:\/\/marktxxl.de\/markt\/#\/schema\/logo\/image\/","url":"https:\/\/marktxxl.de\/markt\/wp-content\/uploads\/sites\/3\/2020\/12\/logo.png","contentUrl":"https:\/\/marktxxl.de\/markt\/wp-content\/uploads\/sites\/3\/2020\/12\/logo.png","width":200,"height":70,"caption":"Markt-XXL"},"image":{"@id":"https:\/\/marktxxl.de\/markt\/#\/schema\/logo\/image\/"}}]}},"_links":{"self":[{"href":"https:\/\/marktxxl.de\/markt\/wp-json\/wp\/v2\/product\/169853","targetHints":{"allow":["GET"]}}],"collection":[{"href":"https:\/\/marktxxl.de\/markt\/wp-json\/wp\/v2\/product"}],"about":[{"href":"https:\/\/marktxxl.de\/markt\/wp-json\/wp\/v2\/types\/product"}],"replies":[{"embeddable":true,"href":"https:\/\/marktxxl.de\/markt\/wp-json\/wp\/v2\/comments?post=169853"}],"wp:featuredmedia":[{"embeddable":true,"href":"https:\/\/marktxxl.de\/markt\/wp-json\/wp\/v2\/media\/169854"}],"wp:attachment":[{"href":"https:\/\/marktxxl.de\/markt\/wp-json\/wp\/v2\/media?parent=169853"}],"wp:term":[{"taxonomy":"product_brand","embeddable":true,"href":"https:\/\/marktxxl.de\/markt\/wp-json\/wp\/v2\/product_brand?post=169853"},{"taxonomy":"product_cat","embeddable":true,"href":"https:\/\/marktxxl.de\/markt\/wp-json\/wp\/v2\/product_cat?post=169853"},{"taxonomy":"product_tag","embeddable":true,"href":"https:\/\/marktxxl.de\/markt\/wp-json\/wp\/v2\/product_tag?post=169853"}],"curies":[{"name":"wp","href":"https:\/\/api.w.org\/{rel}","templated":true}]}}