{"id":169845,"date":"2022-12-10T22:01:55","date_gmt":"2022-12-10T21:01:55","guid":{"rendered":"https:\/\/marktxxl.de\/markt\/produkt\/pbnj-baby-clipn-go-xl-kinderwagen-organizer-haken-clip-fuer-geldboerse-einkaufen-und-wickeltaschen-2-stueck\/"},"modified":"2023-04-10T05:05:53","modified_gmt":"2023-04-10T03:05:53","slug":"pbnj-baby-clipn-go-xl-kinderwagen-organizer-haken-clip-fuer-geldboerse-einkaufen-und-wickeltaschen-2-stueck","status":"publish","type":"product","link":"https:\/\/marktxxl.de\/markt\/produkt\/pbnj-baby-clipn-go-xl-kinderwagen-organizer-haken-clip-fuer-geldboerse-einkaufen-und-wickeltaschen-2-stueck\/","title":{"rendered":"PBnJ Baby Clip\u2018n Go XL-Kinderwagen-Organizer, Haken, Clip f\u00fcr Geldb\u00f6rse, Einkaufen und Wickeltaschen, 2 St\u00fcck"},"content":{"rendered":"<p>Patentiert: Der exklusive Schaumstoffgriff sch\u00fctzt teure Wickeltaschen und Geldb\u00f6rsen sowie Kinderwagenrahmen vor Kratzern durch freiliegendes Metall. Die patentierte breitere \u00d6ffnung erm\u00f6glicht die Befestigung an allen Kinderwagen und Einkaufswagengriffen auf dem Markt. Funktioniert mit beliebten Kinderwagenmarken.<br \/>\nLanglebig: Hergestellt aus robustem, leichtem Flugzeug-Aluminium. Robust und langlebig.<br \/>\nZweites Leben \u2013 Clip&#8217;n Go hat ein zweites Leben. Zur Organisation von Haus, Garage und Werkstatt. Ideal zum Tragen von Einkaufstaschen, zum Verbinden von Taschen mit Gep\u00e4ck, Wandern, Camping, Reisen, zum Verbinden mehrerer Hundeleinen und vieles mehr. Funktioniert auch problemlos mit Rollatoren und Rollst\u00fchlen.<br \/>\n<div class=\"main-cross-sell\" data-asin=\"B074YD5Q3T\">\n\n\t<div class=\"WooZone-cross-sell-loader\">\n\t\t<div>\n\t\t\t<div id=\"floatingBarsG\">\n\t\t\t\t<div class=\"blockG\" id=\"rotateG_01\"><\/div>\n\t\t\t\t<div class=\"blockG\" id=\"rotateG_02\"><\/div>\n\t\t\t\t<div class=\"blockG\" id=\"rotateG_03\"><\/div>\n\t\t\t\t<div class=\"blockG\" id=\"rotateG_04\"><\/div>\n\t\t\t\t<div class=\"blockG\" id=\"rotateG_05\"><\/div>\n\t\t\t\t<div class=\"blockG\" id=\"rotateG_06\"><\/div>\n\t\t\t\t<div class=\"blockG\" id=\"rotateG_07\"><\/div>\n\t\t\t\t<div class=\"blockG\" id=\"rotateG_08\"><\/div>\n\t\t\t<\/div>\n\t\t\t<div class=\"WooZone-cross-sell-loader-text\"><\/div>\n\t\t<\/div>\n\t<\/div>\n\n\t\t\n<\/div>\n<div style=\"clear:both;\"><\/div><\/p>\n","protected":false},"excerpt":{"rendered":"<p>Patentiert: Der exklusive Schaumstoffgriff sch\u00fctzt teure Wickeltaschen und Geldb\u00f6rsen sowie Kinderwagenrahmen vor Kratzern durch freiliegendes Metall. Die patentierte breitere \u00d6ffnung erm\u00f6glicht die Befestigung an allen Kinderwagen und Einkaufswagengriffen auf dem Markt. Funktioniert mit beliebten Kinderwagenmarken.<br \/>\nLanglebig: Hergestellt aus robustem, leichtem Flugzeug-Aluminium. Robust und langlebig.<br \/>\nZweites Leben \u2013 Clip&#8217;n Go hat ein zweites Leben. Zur Organisation von Haus, Garage und Werkstatt. Ideal zum Tragen von Einkaufstaschen, zum Verbinden von Taschen mit Gep\u00e4ck, Wandern, Camping, Reisen, zum Verbinden mehrerer Hundeleinen und vieles mehr. Funktioniert auch problemlos mit Rollatoren und Rollst\u00fchlen.<\/p>\n","protected":false},"featured_media":169846,"comment_status":"open","ping_status":"closed","template":"","meta":[],"product_brand":[],"product_cat":[21,9329],"product_tag":[],"class_list":{"0":"post-169845","1":"product","2":"type-product","3":"status-publish","4":"has-post-thumbnail","6":"product_cat-baby","7":"product_cat-kinderwagen-buggys-zubehoer-baby","8":"pa_binding-babyartikel","9":"pa_brand-pbnj-baby","10":"pa_color-schwarz","11":"pa_height-3-9763779487-zoll","12":"pa_length-6-7322834577-zoll","13":"pa_manufacturer-pbnj-baby","14":"pa_model-cng2pk","15":"pa_weight-0-5070632026-pfund","16":"pa_width-1-7322834628-zoll","18":"first","19":"instock","20":"shipping-taxable","21":"purchasable","22":"product-type-simple","23":"customify-col","24":"product-has-gallery"},"yoast_head":"<!-- This site is optimized with the Yoast SEO plugin v27.3 - https:\/\/yoast.com\/product\/yoast-seo-wordpress\/ -->\n<title>PBnJ Baby Clip\u2018n Go XL-Kinderwagen-Organizer, Haken, Clip f\u00fcr Geldb\u00f6rse, Einkaufen und Wickeltaschen, 2 St\u00fcck - Markt-XXL<\/title>\n<meta name=\"description\" content=\"Markt-XXL PBnJ Baby Clip\u2018n Go XL-Kinderwagen-Organizer, Haken, Clip f\u00fcr Geldb\u00f6rse, Einkaufen und Wickeltaschen, 2 St\u00fcck\" \/>\n<meta name=\"robots\" content=\"index, follow, max-snippet:-1, max-image-preview:large, max-video-preview:-1\" \/>\n<link rel=\"canonical\" href=\"https:\/\/marktxxl.de\/markt\/produkt\/pbnj-baby-clipn-go-xl-kinderwagen-organizer-haken-clip-fuer-geldboerse-einkaufen-und-wickeltaschen-2-stueck\/\" \/>\n<meta property=\"og:locale\" content=\"de_DE\" \/>\n<meta property=\"og:type\" content=\"article\" \/>\n<meta property=\"og:title\" content=\"PBnJ Baby Clip\u2018n Go XL-Kinderwagen-Organizer, Haken, Clip f\u00fcr Geldb\u00f6rse, Einkaufen und Wickeltaschen, 2 St\u00fcck - Markt-XXL\" \/>\n<meta property=\"og:description\" content=\"Markt-XXL PBnJ Baby Clip\u2018n Go XL-Kinderwagen-Organizer, Haken, Clip f\u00fcr Geldb\u00f6rse, Einkaufen und Wickeltaschen, 2 St\u00fcck\" \/>\n<meta property=\"og:url\" content=\"https:\/\/marktxxl.de\/markt\/produkt\/pbnj-baby-clipn-go-xl-kinderwagen-organizer-haken-clip-fuer-geldboerse-einkaufen-und-wickeltaschen-2-stueck\/\" \/>\n<meta property=\"og:site_name\" content=\"Markt-XXL\" \/>\n<meta property=\"article:modified_time\" content=\"2023-04-10T03:05:53+00:00\" \/>\n<meta property=\"og:image\" content=\"https:\/\/m.media-amazon.com\/images\/I\/41tIZ4nJHrL._SL500_.jpg\" \/>\n\t<meta property=\"og:image:width\" content=\"500\" \/>\n\t<meta property=\"og:image:height\" content=\"500\" \/>\n\t<meta property=\"og:image:type\" content=\"image\/jpeg\" \/>\n<meta name=\"twitter:card\" content=\"summary_large_image\" \/>\n<meta name=\"twitter:label1\" content=\"Gesch\u00e4tzte Lesezeit\" \/>\n\t<meta name=\"twitter:data1\" content=\"1\u00a0Minute\" \/>\n<script type=\"application\/ld+json\" class=\"yoast-schema-graph\">{\"@context\":\"https:\\\/\\\/schema.org\",\"@graph\":[{\"@type\":\"WebPage\",\"@id\":\"https:\\\/\\\/marktxxl.de\\\/markt\\\/produkt\\\/pbnj-baby-clipn-go-xl-kinderwagen-organizer-haken-clip-fuer-geldboerse-einkaufen-und-wickeltaschen-2-stueck\\\/\",\"url\":\"https:\\\/\\\/marktxxl.de\\\/markt\\\/produkt\\\/pbnj-baby-clipn-go-xl-kinderwagen-organizer-haken-clip-fuer-geldboerse-einkaufen-und-wickeltaschen-2-stueck\\\/\",\"name\":\"PBnJ Baby Clip\u2018n Go XL-Kinderwagen-Organizer, Haken, Clip f\u00fcr Geldb\u00f6rse, Einkaufen und Wickeltaschen, 2 St\u00fcck - Markt-XXL\",\"isPartOf\":{\"@id\":\"https:\\\/\\\/marktxxl.de\\\/markt\\\/#website\"},\"primaryImageOfPage\":{\"@id\":\"https:\\\/\\\/marktxxl.de\\\/markt\\\/produkt\\\/pbnj-baby-clipn-go-xl-kinderwagen-organizer-haken-clip-fuer-geldboerse-einkaufen-und-wickeltaschen-2-stueck\\\/#primaryimage\"},\"image\":{\"@id\":\"https:\\\/\\\/marktxxl.de\\\/markt\\\/produkt\\\/pbnj-baby-clipn-go-xl-kinderwagen-organizer-haken-clip-fuer-geldboerse-einkaufen-und-wickeltaschen-2-stueck\\\/#primaryimage\"},\"thumbnailUrl\":\"https:\\\/\\\/m.media-amazon.com\\\/images\\\/I\\\/41tIZ4nJHrL._SL500_.jpg\",\"datePublished\":\"2022-12-10T21:01:55+00:00\",\"dateModified\":\"2023-04-10T03:05:53+00:00\",\"description\":\"Markt-XXL PBnJ Baby Clip\u2018n Go XL-Kinderwagen-Organizer, Haken, Clip f\u00fcr Geldb\u00f6rse, Einkaufen und Wickeltaschen, 2 St\u00fcck\",\"breadcrumb\":{\"@id\":\"https:\\\/\\\/marktxxl.de\\\/markt\\\/produkt\\\/pbnj-baby-clipn-go-xl-kinderwagen-organizer-haken-clip-fuer-geldboerse-einkaufen-und-wickeltaschen-2-stueck\\\/#breadcrumb\"},\"inLanguage\":\"de\",\"potentialAction\":[{\"@type\":\"ReadAction\",\"target\":[\"https:\\\/\\\/marktxxl.de\\\/markt\\\/produkt\\\/pbnj-baby-clipn-go-xl-kinderwagen-organizer-haken-clip-fuer-geldboerse-einkaufen-und-wickeltaschen-2-stueck\\\/\"]}]},{\"@type\":\"ImageObject\",\"inLanguage\":\"de\",\"@id\":\"https:\\\/\\\/marktxxl.de\\\/markt\\\/produkt\\\/pbnj-baby-clipn-go-xl-kinderwagen-organizer-haken-clip-fuer-geldboerse-einkaufen-und-wickeltaschen-2-stueck\\\/#primaryimage\",\"url\":\"https:\\\/\\\/m.media-amazon.com\\\/images\\\/I\\\/41tIZ4nJHrL._SL500_.jpg\",\"contentUrl\":\"https:\\\/\\\/m.media-amazon.com\\\/images\\\/I\\\/41tIZ4nJHrL._SL500_.jpg\",\"width\":500,\"height\":500},{\"@type\":\"BreadcrumbList\",\"@id\":\"https:\\\/\\\/marktxxl.de\\\/markt\\\/produkt\\\/pbnj-baby-clipn-go-xl-kinderwagen-organizer-haken-clip-fuer-geldboerse-einkaufen-und-wickeltaschen-2-stueck\\\/#breadcrumb\",\"itemListElement\":[{\"@type\":\"ListItem\",\"position\":1,\"name\":\"Startseite\",\"item\":\"https:\\\/\\\/marktxxl.de\\\/markt\\\/\"},{\"@type\":\"ListItem\",\"position\":2,\"name\":\"Markt\",\"item\":\"https:\\\/\\\/marktxxl.de\\\/markt\\\/\"},{\"@type\":\"ListItem\",\"position\":3,\"name\":\"PBnJ Baby Clip\u2018n Go XL-Kinderwagen-Organizer, Haken, Clip f\u00fcr Geldb\u00f6rse, Einkaufen und Wickeltaschen, 2 St\u00fcck\"}]},{\"@type\":\"WebSite\",\"@id\":\"https:\\\/\\\/marktxxl.de\\\/markt\\\/#website\",\"url\":\"https:\\\/\\\/marktxxl.de\\\/markt\\\/\",\"name\":\"Markt-XXL\",\"description\":\"Ihr Markt Online\",\"publisher\":{\"@id\":\"https:\\\/\\\/marktxxl.de\\\/markt\\\/#organization\"},\"potentialAction\":[{\"@type\":\"SearchAction\",\"target\":{\"@type\":\"EntryPoint\",\"urlTemplate\":\"https:\\\/\\\/marktxxl.de\\\/markt\\\/?s={search_term_string}\"},\"query-input\":{\"@type\":\"PropertyValueSpecification\",\"valueRequired\":true,\"valueName\":\"search_term_string\"}}],\"inLanguage\":\"de\"},{\"@type\":\"Organization\",\"@id\":\"https:\\\/\\\/marktxxl.de\\\/markt\\\/#organization\",\"name\":\"Markt-XXL\",\"url\":\"https:\\\/\\\/marktxxl.de\\\/markt\\\/\",\"logo\":{\"@type\":\"ImageObject\",\"inLanguage\":\"de\",\"@id\":\"https:\\\/\\\/marktxxl.de\\\/markt\\\/#\\\/schema\\\/logo\\\/image\\\/\",\"url\":\"https:\\\/\\\/marktxxl.de\\\/markt\\\/wp-content\\\/uploads\\\/sites\\\/3\\\/2020\\\/12\\\/logo.png\",\"contentUrl\":\"https:\\\/\\\/marktxxl.de\\\/markt\\\/wp-content\\\/uploads\\\/sites\\\/3\\\/2020\\\/12\\\/logo.png\",\"width\":200,\"height\":70,\"caption\":\"Markt-XXL\"},\"image\":{\"@id\":\"https:\\\/\\\/marktxxl.de\\\/markt\\\/#\\\/schema\\\/logo\\\/image\\\/\"}}]}<\/script>\n<!-- \/ Yoast SEO plugin. -->","yoast_head_json":{"title":"PBnJ Baby Clip\u2018n Go XL-Kinderwagen-Organizer, Haken, Clip f\u00fcr Geldb\u00f6rse, Einkaufen und Wickeltaschen, 2 St\u00fcck - Markt-XXL","description":"Markt-XXL PBnJ Baby Clip\u2018n Go XL-Kinderwagen-Organizer, Haken, Clip f\u00fcr Geldb\u00f6rse, Einkaufen und Wickeltaschen, 2 St\u00fcck","robots":{"index":"index","follow":"follow","max-snippet":"max-snippet:-1","max-image-preview":"max-image-preview:large","max-video-preview":"max-video-preview:-1"},"canonical":"https:\/\/marktxxl.de\/markt\/produkt\/pbnj-baby-clipn-go-xl-kinderwagen-organizer-haken-clip-fuer-geldboerse-einkaufen-und-wickeltaschen-2-stueck\/","og_locale":"de_DE","og_type":"article","og_title":"PBnJ Baby Clip\u2018n Go XL-Kinderwagen-Organizer, Haken, Clip f\u00fcr Geldb\u00f6rse, Einkaufen und Wickeltaschen, 2 St\u00fcck - Markt-XXL","og_description":"Markt-XXL PBnJ Baby Clip\u2018n Go XL-Kinderwagen-Organizer, Haken, Clip f\u00fcr Geldb\u00f6rse, Einkaufen und Wickeltaschen, 2 St\u00fcck","og_url":"https:\/\/marktxxl.de\/markt\/produkt\/pbnj-baby-clipn-go-xl-kinderwagen-organizer-haken-clip-fuer-geldboerse-einkaufen-und-wickeltaschen-2-stueck\/","og_site_name":"Markt-XXL","article_modified_time":"2023-04-10T03:05:53+00:00","og_image":[{"width":500,"height":500,"url":"https:\/\/m.media-amazon.com\/images\/I\/41tIZ4nJHrL._SL500_.jpg","type":"image\/jpeg"}],"twitter_card":"summary_large_image","twitter_misc":{"Gesch\u00e4tzte Lesezeit":"1\u00a0Minute"},"schema":{"@context":"https:\/\/schema.org","@graph":[{"@type":"WebPage","@id":"https:\/\/marktxxl.de\/markt\/produkt\/pbnj-baby-clipn-go-xl-kinderwagen-organizer-haken-clip-fuer-geldboerse-einkaufen-und-wickeltaschen-2-stueck\/","url":"https:\/\/marktxxl.de\/markt\/produkt\/pbnj-baby-clipn-go-xl-kinderwagen-organizer-haken-clip-fuer-geldboerse-einkaufen-und-wickeltaschen-2-stueck\/","name":"PBnJ Baby Clip\u2018n Go XL-Kinderwagen-Organizer, Haken, Clip f\u00fcr Geldb\u00f6rse, Einkaufen und Wickeltaschen, 2 St\u00fcck - Markt-XXL","isPartOf":{"@id":"https:\/\/marktxxl.de\/markt\/#website"},"primaryImageOfPage":{"@id":"https:\/\/marktxxl.de\/markt\/produkt\/pbnj-baby-clipn-go-xl-kinderwagen-organizer-haken-clip-fuer-geldboerse-einkaufen-und-wickeltaschen-2-stueck\/#primaryimage"},"image":{"@id":"https:\/\/marktxxl.de\/markt\/produkt\/pbnj-baby-clipn-go-xl-kinderwagen-organizer-haken-clip-fuer-geldboerse-einkaufen-und-wickeltaschen-2-stueck\/#primaryimage"},"thumbnailUrl":"https:\/\/m.media-amazon.com\/images\/I\/41tIZ4nJHrL._SL500_.jpg","datePublished":"2022-12-10T21:01:55+00:00","dateModified":"2023-04-10T03:05:53+00:00","description":"Markt-XXL PBnJ Baby Clip\u2018n Go XL-Kinderwagen-Organizer, Haken, Clip f\u00fcr Geldb\u00f6rse, Einkaufen und Wickeltaschen, 2 St\u00fcck","breadcrumb":{"@id":"https:\/\/marktxxl.de\/markt\/produkt\/pbnj-baby-clipn-go-xl-kinderwagen-organizer-haken-clip-fuer-geldboerse-einkaufen-und-wickeltaschen-2-stueck\/#breadcrumb"},"inLanguage":"de","potentialAction":[{"@type":"ReadAction","target":["https:\/\/marktxxl.de\/markt\/produkt\/pbnj-baby-clipn-go-xl-kinderwagen-organizer-haken-clip-fuer-geldboerse-einkaufen-und-wickeltaschen-2-stueck\/"]}]},{"@type":"ImageObject","inLanguage":"de","@id":"https:\/\/marktxxl.de\/markt\/produkt\/pbnj-baby-clipn-go-xl-kinderwagen-organizer-haken-clip-fuer-geldboerse-einkaufen-und-wickeltaschen-2-stueck\/#primaryimage","url":"https:\/\/m.media-amazon.com\/images\/I\/41tIZ4nJHrL._SL500_.jpg","contentUrl":"https:\/\/m.media-amazon.com\/images\/I\/41tIZ4nJHrL._SL500_.jpg","width":500,"height":500},{"@type":"BreadcrumbList","@id":"https:\/\/marktxxl.de\/markt\/produkt\/pbnj-baby-clipn-go-xl-kinderwagen-organizer-haken-clip-fuer-geldboerse-einkaufen-und-wickeltaschen-2-stueck\/#breadcrumb","itemListElement":[{"@type":"ListItem","position":1,"name":"Startseite","item":"https:\/\/marktxxl.de\/markt\/"},{"@type":"ListItem","position":2,"name":"Markt","item":"https:\/\/marktxxl.de\/markt\/"},{"@type":"ListItem","position":3,"name":"PBnJ Baby Clip\u2018n Go XL-Kinderwagen-Organizer, Haken, Clip f\u00fcr Geldb\u00f6rse, Einkaufen und Wickeltaschen, 2 St\u00fcck"}]},{"@type":"WebSite","@id":"https:\/\/marktxxl.de\/markt\/#website","url":"https:\/\/marktxxl.de\/markt\/","name":"Markt-XXL","description":"Ihr Markt Online","publisher":{"@id":"https:\/\/marktxxl.de\/markt\/#organization"},"potentialAction":[{"@type":"SearchAction","target":{"@type":"EntryPoint","urlTemplate":"https:\/\/marktxxl.de\/markt\/?s={search_term_string}"},"query-input":{"@type":"PropertyValueSpecification","valueRequired":true,"valueName":"search_term_string"}}],"inLanguage":"de"},{"@type":"Organization","@id":"https:\/\/marktxxl.de\/markt\/#organization","name":"Markt-XXL","url":"https:\/\/marktxxl.de\/markt\/","logo":{"@type":"ImageObject","inLanguage":"de","@id":"https:\/\/marktxxl.de\/markt\/#\/schema\/logo\/image\/","url":"https:\/\/marktxxl.de\/markt\/wp-content\/uploads\/sites\/3\/2020\/12\/logo.png","contentUrl":"https:\/\/marktxxl.de\/markt\/wp-content\/uploads\/sites\/3\/2020\/12\/logo.png","width":200,"height":70,"caption":"Markt-XXL"},"image":{"@id":"https:\/\/marktxxl.de\/markt\/#\/schema\/logo\/image\/"}}]}},"_links":{"self":[{"href":"https:\/\/marktxxl.de\/markt\/wp-json\/wp\/v2\/product\/169845","targetHints":{"allow":["GET"]}}],"collection":[{"href":"https:\/\/marktxxl.de\/markt\/wp-json\/wp\/v2\/product"}],"about":[{"href":"https:\/\/marktxxl.de\/markt\/wp-json\/wp\/v2\/types\/product"}],"replies":[{"embeddable":true,"href":"https:\/\/marktxxl.de\/markt\/wp-json\/wp\/v2\/comments?post=169845"}],"wp:featuredmedia":[{"embeddable":true,"href":"https:\/\/marktxxl.de\/markt\/wp-json\/wp\/v2\/media\/169846"}],"wp:attachment":[{"href":"https:\/\/marktxxl.de\/markt\/wp-json\/wp\/v2\/media?parent=169845"}],"wp:term":[{"taxonomy":"product_brand","embeddable":true,"href":"https:\/\/marktxxl.de\/markt\/wp-json\/wp\/v2\/product_brand?post=169845"},{"taxonomy":"product_cat","embeddable":true,"href":"https:\/\/marktxxl.de\/markt\/wp-json\/wp\/v2\/product_cat?post=169845"},{"taxonomy":"product_tag","embeddable":true,"href":"https:\/\/marktxxl.de\/markt\/wp-json\/wp\/v2\/product_tag?post=169845"}],"curies":[{"name":"wp","href":"https:\/\/api.w.org\/{rel}","templated":true}]}}