{"id":169627,"date":"2022-12-10T20:58:34","date_gmt":"2022-12-10T19:58:34","guid":{"rendered":"https:\/\/marktxxl.de\/markt\/produkt\/itzy-ritzy-4-in-1-stillbezug-autositzbezug-einkaufswagenbezug-und-infinity-schal-atmungsaktiv-mehrzweck-mom-boss-stillbezug-autositzueberdachung-wagenabdeckung-schal-leopard\/"},"modified":"2023-04-10T05:05:44","modified_gmt":"2023-04-10T03:05:44","slug":"itzy-ritzy-4-in-1-stillbezug-autositzbezug-einkaufswagenbezug-und-infinity-schal-atmungsaktiv-mehrzweck-mom-boss-stillbezug-autositzueberdachung-wagenabdeckung-schal-leopard","status":"publish","type":"product","link":"https:\/\/marktxxl.de\/markt\/produkt\/itzy-ritzy-4-in-1-stillbezug-autositzbezug-einkaufswagenbezug-und-infinity-schal-atmungsaktiv-mehrzweck-mom-boss-stillbezug-autositzueberdachung-wagenabdeckung-schal-leopard\/","title":{"rendered":"Itzy Ritzy 4-in-1 Stillbezug, Autositzbezug, Einkaufswagenbezug und Infinity Schal &#8211; Atmungsaktiv, Mehrzweck-Mom Boss\u2026"},"content":{"rendered":"<p>Itzy Ritzys 4-in-1 Mehrzweck-Bezug f\u00fcr Mom Boss kann als Autositzbezug, Stilldecke, Einkaufswagen-Abdeckung und Unendlichkeits-Schal dienen<br \/>\nUnsere Mom Boss Abdeckung hat eine universelle Passform f\u00fcr Babyschalen und ist perfekt f\u00fcr Schatten, Schutz vor Wind und Privatsph\u00e4re des Babys. Eine \u00d6ffnung an der Oberseite macht es einfach, das Baby zu \u00fcberpr\u00fcfen und den Autositzgriff sicher zu greifen<br \/>\nAls Stilldecke hat der Mom Boss eine gro\u00dfz\u00fcgige Gr\u00f6\u00dfe, um Privatsph\u00e4re zu gew\u00e4hrleisten und besteht aus weichem, luxuri\u00f6sem Stoff, der sanft zur Babyhaut ist<br \/>\nDie Mehrzweck-Abdeckung von Mom Boss passt auf Standard-Einkaufswagen und Restaurant-Hochst\u00fchle<br \/>\nWenn Sie es nicht als Abdeckung verwenden, verwandelt sich der Mom Boss in einen trendigen Unendlichkeitsschal, so dass er leicht verf\u00fcgbar ist, wenn es Zeit ist, zu stillen<br \/>\n<div class=\"main-cross-sell\" data-asin=\"B099Y896FC\">\n\n\t<div class=\"WooZone-cross-sell-loader\">\n\t\t<div>\n\t\t\t<div id=\"floatingBarsG\">\n\t\t\t\t<div class=\"blockG\" id=\"rotateG_01\"><\/div>\n\t\t\t\t<div class=\"blockG\" id=\"rotateG_02\"><\/div>\n\t\t\t\t<div class=\"blockG\" id=\"rotateG_03\"><\/div>\n\t\t\t\t<div class=\"blockG\" id=\"rotateG_04\"><\/div>\n\t\t\t\t<div class=\"blockG\" id=\"rotateG_05\"><\/div>\n\t\t\t\t<div class=\"blockG\" id=\"rotateG_06\"><\/div>\n\t\t\t\t<div class=\"blockG\" id=\"rotateG_07\"><\/div>\n\t\t\t\t<div class=\"blockG\" id=\"rotateG_08\"><\/div>\n\t\t\t<\/div>\n\t\t\t<div class=\"WooZone-cross-sell-loader-text\"><\/div>\n\t\t<\/div>\n\t<\/div>\n\n\t\t\n<\/div>\n<div style=\"clear:both;\"><\/div><\/p>\n","protected":false},"excerpt":{"rendered":"<p>Itzy Ritzys 4-in-1 Mehrzweck-Bezug f\u00fcr Mom Boss kann als Autositzbezug, Stilldecke, Einkaufswagen-Abdeckung und Unendlichkeits-Schal dienen<br \/>\nUnsere Mom Boss Abdeckung hat eine universelle Passform f\u00fcr Babyschalen und ist perfekt f\u00fcr Schatten, Schutz vor Wind und Privatsph\u00e4re des Babys. Eine \u00d6ffnung an der Oberseite macht es einfach, das Baby zu \u00fcberpr\u00fcfen und den Autositzgriff sicher zu greifen<br \/>\nAls Stilldecke hat der Mom Boss eine gro\u00dfz\u00fcgige Gr\u00f6\u00dfe, um Privatsph\u00e4re zu gew\u00e4hrleisten und besteht aus weichem, luxuri\u00f6sem Stoff, der sanft zur Babyhaut ist<\/p>\n","protected":false},"featured_media":169628,"comment_status":"open","ping_status":"closed","template":"","meta":[],"product_brand":[],"product_cat":[21,9216],"product_tag":[],"class_list":{"0":"post-169627","1":"product","2":"type-product","3":"status-publish","4":"has-post-thumbnail","6":"product_cat-baby","7":"product_cat-ernaehrung-stillen-baby","8":"pa_binding-babyartikel","9":"pa_brand-itzy-ritzy","10":"pa_color-leopard","11":"pa_manufacturer-itzy-ritzy","12":"pa_model-mboss8387","13":"pa_size-1-count-pack-of-1","15":"first","16":"instock","17":"shipping-taxable","18":"purchasable","19":"product-type-simple","20":"customify-col","21":"product-has-gallery"},"yoast_head":"<!-- This site is optimized with the Yoast SEO plugin v27.4 - https:\/\/yoast.com\/product\/yoast-seo-wordpress\/ -->\n<title>Itzy Ritzy 4-in-1 Stillbezug, Autositzbezug, Einkaufswagenbezug und Infinity Schal - Atmungsaktiv, Mehrzweck-Mom Boss\u2026 - Markt-XXL<\/title>\n<meta name=\"description\" content=\"Markt-XXL Itzy Ritzy 4-in-1 Stillbezug, Autositzbezug, Einkaufswagenbezug und Infinity Schal - Atmungsaktiv, Mehrzweck-Mom Boss\u2026\" \/>\n<meta name=\"robots\" content=\"index, follow, max-snippet:-1, max-image-preview:large, max-video-preview:-1\" \/>\n<link rel=\"canonical\" href=\"https:\/\/marktxxl.de\/markt\/produkt\/itzy-ritzy-4-in-1-stillbezug-autositzbezug-einkaufswagenbezug-und-infinity-schal-atmungsaktiv-mehrzweck-mom-boss-stillbezug-autositzueberdachung-wagenabdeckung-schal-leopard\/\" \/>\n<meta property=\"og:locale\" content=\"de_DE\" \/>\n<meta property=\"og:type\" content=\"article\" \/>\n<meta property=\"og:title\" content=\"Itzy Ritzy 4-in-1 Stillbezug, Autositzbezug, Einkaufswagenbezug und Infinity Schal - Atmungsaktiv, Mehrzweck-Mom Boss\u2026 - Markt-XXL\" \/>\n<meta property=\"og:description\" content=\"Markt-XXL Itzy Ritzy 4-in-1 Stillbezug, Autositzbezug, Einkaufswagenbezug und Infinity Schal - Atmungsaktiv, Mehrzweck-Mom Boss\u2026\" \/>\n<meta property=\"og:url\" content=\"https:\/\/marktxxl.de\/markt\/produkt\/itzy-ritzy-4-in-1-stillbezug-autositzbezug-einkaufswagenbezug-und-infinity-schal-atmungsaktiv-mehrzweck-mom-boss-stillbezug-autositzueberdachung-wagenabdeckung-schal-leopard\/\" \/>\n<meta property=\"og:site_name\" content=\"Markt-XXL\" \/>\n<meta property=\"article:modified_time\" content=\"2023-04-10T03:05:44+00:00\" \/>\n<meta property=\"og:image\" content=\"https:\/\/m.media-amazon.com\/images\/I\/51+6Fk7U0YL._SL500_.jpg\" \/>\n\t<meta property=\"og:image:width\" content=\"500\" \/>\n\t<meta property=\"og:image:height\" content=\"500\" \/>\n\t<meta property=\"og:image:type\" content=\"image\/jpeg\" \/>\n<meta name=\"twitter:card\" content=\"summary_large_image\" \/>\n<meta name=\"twitter:label1\" content=\"Gesch\u00e4tzte Lesezeit\" \/>\n\t<meta name=\"twitter:data1\" content=\"1\u00a0Minute\" \/>\n<script type=\"application\/ld+json\" class=\"yoast-schema-graph\">{\"@context\":\"https:\\\/\\\/schema.org\",\"@graph\":[{\"@type\":\"WebPage\",\"@id\":\"https:\\\/\\\/marktxxl.de\\\/markt\\\/produkt\\\/itzy-ritzy-4-in-1-stillbezug-autositzbezug-einkaufswagenbezug-und-infinity-schal-atmungsaktiv-mehrzweck-mom-boss-stillbezug-autositzueberdachung-wagenabdeckung-schal-leopard\\\/\",\"url\":\"https:\\\/\\\/marktxxl.de\\\/markt\\\/produkt\\\/itzy-ritzy-4-in-1-stillbezug-autositzbezug-einkaufswagenbezug-und-infinity-schal-atmungsaktiv-mehrzweck-mom-boss-stillbezug-autositzueberdachung-wagenabdeckung-schal-leopard\\\/\",\"name\":\"Itzy Ritzy 4-in-1 Stillbezug, Autositzbezug, Einkaufswagenbezug und Infinity Schal - Atmungsaktiv, Mehrzweck-Mom Boss\u2026 - Markt-XXL\",\"isPartOf\":{\"@id\":\"https:\\\/\\\/marktxxl.de\\\/markt\\\/#website\"},\"primaryImageOfPage\":{\"@id\":\"https:\\\/\\\/marktxxl.de\\\/markt\\\/produkt\\\/itzy-ritzy-4-in-1-stillbezug-autositzbezug-einkaufswagenbezug-und-infinity-schal-atmungsaktiv-mehrzweck-mom-boss-stillbezug-autositzueberdachung-wagenabdeckung-schal-leopard\\\/#primaryimage\"},\"image\":{\"@id\":\"https:\\\/\\\/marktxxl.de\\\/markt\\\/produkt\\\/itzy-ritzy-4-in-1-stillbezug-autositzbezug-einkaufswagenbezug-und-infinity-schal-atmungsaktiv-mehrzweck-mom-boss-stillbezug-autositzueberdachung-wagenabdeckung-schal-leopard\\\/#primaryimage\"},\"thumbnailUrl\":\"https:\\\/\\\/m.media-amazon.com\\\/images\\\/I\\\/51+6Fk7U0YL._SL500_.jpg\",\"datePublished\":\"2022-12-10T19:58:34+00:00\",\"dateModified\":\"2023-04-10T03:05:44+00:00\",\"description\":\"Markt-XXL Itzy Ritzy 4-in-1 Stillbezug, Autositzbezug, Einkaufswagenbezug und Infinity Schal - Atmungsaktiv, Mehrzweck-Mom Boss\u2026\",\"breadcrumb\":{\"@id\":\"https:\\\/\\\/marktxxl.de\\\/markt\\\/produkt\\\/itzy-ritzy-4-in-1-stillbezug-autositzbezug-einkaufswagenbezug-und-infinity-schal-atmungsaktiv-mehrzweck-mom-boss-stillbezug-autositzueberdachung-wagenabdeckung-schal-leopard\\\/#breadcrumb\"},\"inLanguage\":\"de\",\"potentialAction\":[{\"@type\":\"ReadAction\",\"target\":[\"https:\\\/\\\/marktxxl.de\\\/markt\\\/produkt\\\/itzy-ritzy-4-in-1-stillbezug-autositzbezug-einkaufswagenbezug-und-infinity-schal-atmungsaktiv-mehrzweck-mom-boss-stillbezug-autositzueberdachung-wagenabdeckung-schal-leopard\\\/\"]}]},{\"@type\":\"ImageObject\",\"inLanguage\":\"de\",\"@id\":\"https:\\\/\\\/marktxxl.de\\\/markt\\\/produkt\\\/itzy-ritzy-4-in-1-stillbezug-autositzbezug-einkaufswagenbezug-und-infinity-schal-atmungsaktiv-mehrzweck-mom-boss-stillbezug-autositzueberdachung-wagenabdeckung-schal-leopard\\\/#primaryimage\",\"url\":\"https:\\\/\\\/m.media-amazon.com\\\/images\\\/I\\\/51+6Fk7U0YL._SL500_.jpg\",\"contentUrl\":\"https:\\\/\\\/m.media-amazon.com\\\/images\\\/I\\\/51+6Fk7U0YL._SL500_.jpg\",\"width\":500,\"height\":500},{\"@type\":\"BreadcrumbList\",\"@id\":\"https:\\\/\\\/marktxxl.de\\\/markt\\\/produkt\\\/itzy-ritzy-4-in-1-stillbezug-autositzbezug-einkaufswagenbezug-und-infinity-schal-atmungsaktiv-mehrzweck-mom-boss-stillbezug-autositzueberdachung-wagenabdeckung-schal-leopard\\\/#breadcrumb\",\"itemListElement\":[{\"@type\":\"ListItem\",\"position\":1,\"name\":\"Startseite\",\"item\":\"https:\\\/\\\/marktxxl.de\\\/markt\\\/\"},{\"@type\":\"ListItem\",\"position\":2,\"name\":\"Markt\",\"item\":\"https:\\\/\\\/marktxxl.de\\\/markt\\\/\"},{\"@type\":\"ListItem\",\"position\":3,\"name\":\"Itzy Ritzy 4-in-1 Stillbezug, Autositzbezug, Einkaufswagenbezug und Infinity Schal &#8211; Atmungsaktiv, Mehrzweck-Mom Boss\u2026\"}]},{\"@type\":\"WebSite\",\"@id\":\"https:\\\/\\\/marktxxl.de\\\/markt\\\/#website\",\"url\":\"https:\\\/\\\/marktxxl.de\\\/markt\\\/\",\"name\":\"Markt-XXL\",\"description\":\"Ihr Markt Online\",\"publisher\":{\"@id\":\"https:\\\/\\\/marktxxl.de\\\/markt\\\/#organization\"},\"potentialAction\":[{\"@type\":\"SearchAction\",\"target\":{\"@type\":\"EntryPoint\",\"urlTemplate\":\"https:\\\/\\\/marktxxl.de\\\/markt\\\/?s={search_term_string}\"},\"query-input\":{\"@type\":\"PropertyValueSpecification\",\"valueRequired\":true,\"valueName\":\"search_term_string\"}}],\"inLanguage\":\"de\"},{\"@type\":\"Organization\",\"@id\":\"https:\\\/\\\/marktxxl.de\\\/markt\\\/#organization\",\"name\":\"Markt-XXL\",\"url\":\"https:\\\/\\\/marktxxl.de\\\/markt\\\/\",\"logo\":{\"@type\":\"ImageObject\",\"inLanguage\":\"de\",\"@id\":\"https:\\\/\\\/marktxxl.de\\\/markt\\\/#\\\/schema\\\/logo\\\/image\\\/\",\"url\":\"https:\\\/\\\/marktxxl.de\\\/markt\\\/wp-content\\\/uploads\\\/sites\\\/3\\\/2020\\\/12\\\/logo.png\",\"contentUrl\":\"https:\\\/\\\/marktxxl.de\\\/markt\\\/wp-content\\\/uploads\\\/sites\\\/3\\\/2020\\\/12\\\/logo.png\",\"width\":200,\"height\":70,\"caption\":\"Markt-XXL\"},\"image\":{\"@id\":\"https:\\\/\\\/marktxxl.de\\\/markt\\\/#\\\/schema\\\/logo\\\/image\\\/\"}}]}<\/script>\n<!-- \/ Yoast SEO plugin. -->","yoast_head_json":{"title":"Itzy Ritzy 4-in-1 Stillbezug, Autositzbezug, Einkaufswagenbezug und Infinity Schal - Atmungsaktiv, Mehrzweck-Mom Boss\u2026 - Markt-XXL","description":"Markt-XXL Itzy Ritzy 4-in-1 Stillbezug, Autositzbezug, Einkaufswagenbezug und Infinity Schal - Atmungsaktiv, Mehrzweck-Mom Boss\u2026","robots":{"index":"index","follow":"follow","max-snippet":"max-snippet:-1","max-image-preview":"max-image-preview:large","max-video-preview":"max-video-preview:-1"},"canonical":"https:\/\/marktxxl.de\/markt\/produkt\/itzy-ritzy-4-in-1-stillbezug-autositzbezug-einkaufswagenbezug-und-infinity-schal-atmungsaktiv-mehrzweck-mom-boss-stillbezug-autositzueberdachung-wagenabdeckung-schal-leopard\/","og_locale":"de_DE","og_type":"article","og_title":"Itzy Ritzy 4-in-1 Stillbezug, Autositzbezug, Einkaufswagenbezug und Infinity Schal - Atmungsaktiv, Mehrzweck-Mom Boss\u2026 - Markt-XXL","og_description":"Markt-XXL Itzy Ritzy 4-in-1 Stillbezug, Autositzbezug, Einkaufswagenbezug und Infinity Schal - Atmungsaktiv, Mehrzweck-Mom Boss\u2026","og_url":"https:\/\/marktxxl.de\/markt\/produkt\/itzy-ritzy-4-in-1-stillbezug-autositzbezug-einkaufswagenbezug-und-infinity-schal-atmungsaktiv-mehrzweck-mom-boss-stillbezug-autositzueberdachung-wagenabdeckung-schal-leopard\/","og_site_name":"Markt-XXL","article_modified_time":"2023-04-10T03:05:44+00:00","og_image":[{"width":500,"height":500,"url":"https:\/\/m.media-amazon.com\/images\/I\/51+6Fk7U0YL._SL500_.jpg","type":"image\/jpeg"}],"twitter_card":"summary_large_image","twitter_misc":{"Gesch\u00e4tzte Lesezeit":"1\u00a0Minute"},"schema":{"@context":"https:\/\/schema.org","@graph":[{"@type":"WebPage","@id":"https:\/\/marktxxl.de\/markt\/produkt\/itzy-ritzy-4-in-1-stillbezug-autositzbezug-einkaufswagenbezug-und-infinity-schal-atmungsaktiv-mehrzweck-mom-boss-stillbezug-autositzueberdachung-wagenabdeckung-schal-leopard\/","url":"https:\/\/marktxxl.de\/markt\/produkt\/itzy-ritzy-4-in-1-stillbezug-autositzbezug-einkaufswagenbezug-und-infinity-schal-atmungsaktiv-mehrzweck-mom-boss-stillbezug-autositzueberdachung-wagenabdeckung-schal-leopard\/","name":"Itzy Ritzy 4-in-1 Stillbezug, Autositzbezug, Einkaufswagenbezug und Infinity Schal - Atmungsaktiv, Mehrzweck-Mom Boss\u2026 - Markt-XXL","isPartOf":{"@id":"https:\/\/marktxxl.de\/markt\/#website"},"primaryImageOfPage":{"@id":"https:\/\/marktxxl.de\/markt\/produkt\/itzy-ritzy-4-in-1-stillbezug-autositzbezug-einkaufswagenbezug-und-infinity-schal-atmungsaktiv-mehrzweck-mom-boss-stillbezug-autositzueberdachung-wagenabdeckung-schal-leopard\/#primaryimage"},"image":{"@id":"https:\/\/marktxxl.de\/markt\/produkt\/itzy-ritzy-4-in-1-stillbezug-autositzbezug-einkaufswagenbezug-und-infinity-schal-atmungsaktiv-mehrzweck-mom-boss-stillbezug-autositzueberdachung-wagenabdeckung-schal-leopard\/#primaryimage"},"thumbnailUrl":"https:\/\/m.media-amazon.com\/images\/I\/51+6Fk7U0YL._SL500_.jpg","datePublished":"2022-12-10T19:58:34+00:00","dateModified":"2023-04-10T03:05:44+00:00","description":"Markt-XXL Itzy Ritzy 4-in-1 Stillbezug, Autositzbezug, Einkaufswagenbezug und Infinity Schal - Atmungsaktiv, Mehrzweck-Mom Boss\u2026","breadcrumb":{"@id":"https:\/\/marktxxl.de\/markt\/produkt\/itzy-ritzy-4-in-1-stillbezug-autositzbezug-einkaufswagenbezug-und-infinity-schal-atmungsaktiv-mehrzweck-mom-boss-stillbezug-autositzueberdachung-wagenabdeckung-schal-leopard\/#breadcrumb"},"inLanguage":"de","potentialAction":[{"@type":"ReadAction","target":["https:\/\/marktxxl.de\/markt\/produkt\/itzy-ritzy-4-in-1-stillbezug-autositzbezug-einkaufswagenbezug-und-infinity-schal-atmungsaktiv-mehrzweck-mom-boss-stillbezug-autositzueberdachung-wagenabdeckung-schal-leopard\/"]}]},{"@type":"ImageObject","inLanguage":"de","@id":"https:\/\/marktxxl.de\/markt\/produkt\/itzy-ritzy-4-in-1-stillbezug-autositzbezug-einkaufswagenbezug-und-infinity-schal-atmungsaktiv-mehrzweck-mom-boss-stillbezug-autositzueberdachung-wagenabdeckung-schal-leopard\/#primaryimage","url":"https:\/\/m.media-amazon.com\/images\/I\/51+6Fk7U0YL._SL500_.jpg","contentUrl":"https:\/\/m.media-amazon.com\/images\/I\/51+6Fk7U0YL._SL500_.jpg","width":500,"height":500},{"@type":"BreadcrumbList","@id":"https:\/\/marktxxl.de\/markt\/produkt\/itzy-ritzy-4-in-1-stillbezug-autositzbezug-einkaufswagenbezug-und-infinity-schal-atmungsaktiv-mehrzweck-mom-boss-stillbezug-autositzueberdachung-wagenabdeckung-schal-leopard\/#breadcrumb","itemListElement":[{"@type":"ListItem","position":1,"name":"Startseite","item":"https:\/\/marktxxl.de\/markt\/"},{"@type":"ListItem","position":2,"name":"Markt","item":"https:\/\/marktxxl.de\/markt\/"},{"@type":"ListItem","position":3,"name":"Itzy Ritzy 4-in-1 Stillbezug, Autositzbezug, Einkaufswagenbezug und Infinity Schal &#8211; Atmungsaktiv, Mehrzweck-Mom Boss\u2026"}]},{"@type":"WebSite","@id":"https:\/\/marktxxl.de\/markt\/#website","url":"https:\/\/marktxxl.de\/markt\/","name":"Markt-XXL","description":"Ihr Markt Online","publisher":{"@id":"https:\/\/marktxxl.de\/markt\/#organization"},"potentialAction":[{"@type":"SearchAction","target":{"@type":"EntryPoint","urlTemplate":"https:\/\/marktxxl.de\/markt\/?s={search_term_string}"},"query-input":{"@type":"PropertyValueSpecification","valueRequired":true,"valueName":"search_term_string"}}],"inLanguage":"de"},{"@type":"Organization","@id":"https:\/\/marktxxl.de\/markt\/#organization","name":"Markt-XXL","url":"https:\/\/marktxxl.de\/markt\/","logo":{"@type":"ImageObject","inLanguage":"de","@id":"https:\/\/marktxxl.de\/markt\/#\/schema\/logo\/image\/","url":"https:\/\/marktxxl.de\/markt\/wp-content\/uploads\/sites\/3\/2020\/12\/logo.png","contentUrl":"https:\/\/marktxxl.de\/markt\/wp-content\/uploads\/sites\/3\/2020\/12\/logo.png","width":200,"height":70,"caption":"Markt-XXL"},"image":{"@id":"https:\/\/marktxxl.de\/markt\/#\/schema\/logo\/image\/"}}]}},"_links":{"self":[{"href":"https:\/\/marktxxl.de\/markt\/wp-json\/wp\/v2\/product\/169627","targetHints":{"allow":["GET"]}}],"collection":[{"href":"https:\/\/marktxxl.de\/markt\/wp-json\/wp\/v2\/product"}],"about":[{"href":"https:\/\/marktxxl.de\/markt\/wp-json\/wp\/v2\/types\/product"}],"replies":[{"embeddable":true,"href":"https:\/\/marktxxl.de\/markt\/wp-json\/wp\/v2\/comments?post=169627"}],"wp:featuredmedia":[{"embeddable":true,"href":"https:\/\/marktxxl.de\/markt\/wp-json\/wp\/v2\/media\/169628"}],"wp:attachment":[{"href":"https:\/\/marktxxl.de\/markt\/wp-json\/wp\/v2\/media?parent=169627"}],"wp:term":[{"taxonomy":"product_brand","embeddable":true,"href":"https:\/\/marktxxl.de\/markt\/wp-json\/wp\/v2\/product_brand?post=169627"},{"taxonomy":"product_cat","embeddable":true,"href":"https:\/\/marktxxl.de\/markt\/wp-json\/wp\/v2\/product_cat?post=169627"},{"taxonomy":"product_tag","embeddable":true,"href":"https:\/\/marktxxl.de\/markt\/wp-json\/wp\/v2\/product_tag?post=169627"}],"curies":[{"name":"wp","href":"https:\/\/api.w.org\/{rel}","templated":true}]}}