{"id":169579,"date":"2022-12-10T20:56:15","date_gmt":"2022-12-10T19:56:15","guid":{"rendered":"https:\/\/marktxxl.de\/markt\/produkt\/melissa-doug-spielteppich-100-x-90-zentimeter-stadt-und-strassen-mit-autos-5-teile\/"},"modified":"2023-04-10T05:05:43","modified_gmt":"2023-04-10T03:05:43","slug":"melissa-doug-spielteppich-100-x-90-zentimeter-stadt-und-strassen-mit-autos-5-teile","status":"publish","type":"product","link":"https:\/\/marktxxl.de\/markt\/produkt\/melissa-doug-spielteppich-100-x-90-zentimeter-stadt-und-strassen-mit-autos-5-teile\/","title":{"rendered":"Melissa &amp; Doug Spielteppich (100 x 90 Zentimeter) &#8211; Stadt und Stra\u00dfen mit Autos (5 Teile)"},"content":{"rendered":"<p>Eine Multiterrainszene, die Wasserwege, Baustelle, Schule und mehr umfasst<br \/>\nDie nummerierten Parkpl\u00e4tze sorgen beim Abz\u00e4hlen und Einreihen f\u00fcr viel Vergn\u00fcgen<br \/>\nDie rutschfeste Teppichr\u00fcckseite liegt sicher auf allen Bodenarten<br \/>\nDas Material ist schmutzabweisend und waschmaschinenfest<br \/>\nEnth\u00e4lt 4 bunte Holzautos<br \/>\n<div class=\"main-cross-sell\" data-asin=\"B014JJKNS6\">\n\n\t<div class=\"WooZone-cross-sell-loader\">\n\t\t<div>\n\t\t\t<div id=\"floatingBarsG\">\n\t\t\t\t<div class=\"blockG\" id=\"rotateG_01\"><\/div>\n\t\t\t\t<div class=\"blockG\" id=\"rotateG_02\"><\/div>\n\t\t\t\t<div class=\"blockG\" id=\"rotateG_03\"><\/div>\n\t\t\t\t<div class=\"blockG\" id=\"rotateG_04\"><\/div>\n\t\t\t\t<div class=\"blockG\" id=\"rotateG_05\"><\/div>\n\t\t\t\t<div class=\"blockG\" id=\"rotateG_06\"><\/div>\n\t\t\t\t<div class=\"blockG\" id=\"rotateG_07\"><\/div>\n\t\t\t\t<div class=\"blockG\" id=\"rotateG_08\"><\/div>\n\t\t\t<\/div>\n\t\t\t<div class=\"WooZone-cross-sell-loader-text\"><\/div>\n\t\t<\/div>\n\t<\/div>\n\n\t\t\n<\/div>\n<div style=\"clear:both;\"><\/div><\/p>\n","protected":false},"excerpt":{"rendered":"<p>Eine Multiterrainszene, die Wasserwege, Baustelle, Schule und mehr umfasst<br \/>\nDie nummerierten Parkpl\u00e4tze sorgen beim Abz\u00e4hlen und Einreihen f\u00fcr viel Vergn\u00fcgen<br \/>\nDie rutschfeste Teppichr\u00fcckseite liegt sicher auf allen Bodenarten<\/p>\n","protected":false},"featured_media":169580,"comment_status":"open","ping_status":"closed","template":"","meta":[],"product_brand":[],"product_cat":[21,9143],"product_tag":[],"class_list":{"0":"post-169579","1":"product","2":"type-product","3":"status-publish","4":"has-post-thumbnail","6":"product_cat-baby","7":"product_cat-entdecken-bewegen-baby","8":"pa_binding-spielzeug","9":"pa_brand-melissa-doug","10":"pa_color-multicoloured","11":"pa_height-40-49999995869-zoll","12":"pa_languages-unbekannt-englisch","13":"pa_length-3-99999999592-zoll","14":"pa_manufacturer-melissa-doug","15":"pa_model-45302","16":"pa_size-100-x-90-cm","17":"pa_weight-3-3999999971488-pfund","18":"pa_width-4-249999995665-zoll","20":"first","21":"instock","22":"shipping-taxable","23":"purchasable","24":"product-type-simple","25":"customify-col","26":"product-has-gallery"},"yoast_head":"<!-- This site is optimized with the Yoast SEO plugin v27.3 - https:\/\/yoast.com\/product\/yoast-seo-wordpress\/ -->\n<title>Melissa &amp; Doug Spielteppich (100 x 90 Zentimeter) - Stadt und Stra\u00dfen mit Autos (5 Teile) - Markt-XXL<\/title>\n<meta name=\"description\" content=\"Markt-XXL Melissa &amp; Doug Spielteppich (100 x 90 Zentimeter) - Stadt und Stra\u00dfen mit Autos (5 Teile)\" \/>\n<meta name=\"robots\" content=\"index, follow, max-snippet:-1, max-image-preview:large, max-video-preview:-1\" \/>\n<link rel=\"canonical\" href=\"https:\/\/marktxxl.de\/markt\/produkt\/melissa-doug-spielteppich-100-x-90-zentimeter-stadt-und-strassen-mit-autos-5-teile\/\" \/>\n<meta property=\"og:locale\" content=\"de_DE\" \/>\n<meta property=\"og:type\" content=\"article\" \/>\n<meta property=\"og:title\" content=\"Melissa &amp; Doug Spielteppich (100 x 90 Zentimeter) - Stadt und Stra\u00dfen mit Autos (5 Teile) - Markt-XXL\" \/>\n<meta property=\"og:description\" content=\"Markt-XXL Melissa &amp; Doug Spielteppich (100 x 90 Zentimeter) - Stadt und Stra\u00dfen mit Autos (5 Teile)\" \/>\n<meta property=\"og:url\" content=\"https:\/\/marktxxl.de\/markt\/produkt\/melissa-doug-spielteppich-100-x-90-zentimeter-stadt-und-strassen-mit-autos-5-teile\/\" \/>\n<meta property=\"og:site_name\" content=\"Markt-XXL\" \/>\n<meta property=\"article:modified_time\" content=\"2023-04-10T03:05:43+00:00\" \/>\n<meta property=\"og:image\" content=\"https:\/\/m.media-amazon.com\/images\/I\/5118DPXSB5L._SL500_.jpg\" \/>\n\t<meta property=\"og:image:width\" content=\"500\" \/>\n\t<meta property=\"og:image:height\" content=\"500\" \/>\n\t<meta property=\"og:image:type\" content=\"image\/jpeg\" \/>\n<meta name=\"twitter:card\" content=\"summary_large_image\" \/>\n<script type=\"application\/ld+json\" class=\"yoast-schema-graph\">{\"@context\":\"https:\\\/\\\/schema.org\",\"@graph\":[{\"@type\":\"WebPage\",\"@id\":\"https:\\\/\\\/marktxxl.de\\\/markt\\\/produkt\\\/melissa-doug-spielteppich-100-x-90-zentimeter-stadt-und-strassen-mit-autos-5-teile\\\/\",\"url\":\"https:\\\/\\\/marktxxl.de\\\/markt\\\/produkt\\\/melissa-doug-spielteppich-100-x-90-zentimeter-stadt-und-strassen-mit-autos-5-teile\\\/\",\"name\":\"Melissa &amp; Doug Spielteppich (100 x 90 Zentimeter) - Stadt und Stra\u00dfen mit Autos (5 Teile) - Markt-XXL\",\"isPartOf\":{\"@id\":\"https:\\\/\\\/marktxxl.de\\\/markt\\\/#website\"},\"primaryImageOfPage\":{\"@id\":\"https:\\\/\\\/marktxxl.de\\\/markt\\\/produkt\\\/melissa-doug-spielteppich-100-x-90-zentimeter-stadt-und-strassen-mit-autos-5-teile\\\/#primaryimage\"},\"image\":{\"@id\":\"https:\\\/\\\/marktxxl.de\\\/markt\\\/produkt\\\/melissa-doug-spielteppich-100-x-90-zentimeter-stadt-und-strassen-mit-autos-5-teile\\\/#primaryimage\"},\"thumbnailUrl\":\"https:\\\/\\\/m.media-amazon.com\\\/images\\\/I\\\/5118DPXSB5L._SL500_.jpg\",\"datePublished\":\"2022-12-10T19:56:15+00:00\",\"dateModified\":\"2023-04-10T03:05:43+00:00\",\"description\":\"Markt-XXL Melissa &amp; Doug Spielteppich (100 x 90 Zentimeter) - Stadt und Stra\u00dfen mit Autos (5 Teile)\",\"breadcrumb\":{\"@id\":\"https:\\\/\\\/marktxxl.de\\\/markt\\\/produkt\\\/melissa-doug-spielteppich-100-x-90-zentimeter-stadt-und-strassen-mit-autos-5-teile\\\/#breadcrumb\"},\"inLanguage\":\"de\",\"potentialAction\":[{\"@type\":\"ReadAction\",\"target\":[\"https:\\\/\\\/marktxxl.de\\\/markt\\\/produkt\\\/melissa-doug-spielteppich-100-x-90-zentimeter-stadt-und-strassen-mit-autos-5-teile\\\/\"]}]},{\"@type\":\"ImageObject\",\"inLanguage\":\"de\",\"@id\":\"https:\\\/\\\/marktxxl.de\\\/markt\\\/produkt\\\/melissa-doug-spielteppich-100-x-90-zentimeter-stadt-und-strassen-mit-autos-5-teile\\\/#primaryimage\",\"url\":\"https:\\\/\\\/m.media-amazon.com\\\/images\\\/I\\\/5118DPXSB5L._SL500_.jpg\",\"contentUrl\":\"https:\\\/\\\/m.media-amazon.com\\\/images\\\/I\\\/5118DPXSB5L._SL500_.jpg\",\"width\":500,\"height\":500},{\"@type\":\"BreadcrumbList\",\"@id\":\"https:\\\/\\\/marktxxl.de\\\/markt\\\/produkt\\\/melissa-doug-spielteppich-100-x-90-zentimeter-stadt-und-strassen-mit-autos-5-teile\\\/#breadcrumb\",\"itemListElement\":[{\"@type\":\"ListItem\",\"position\":1,\"name\":\"Startseite\",\"item\":\"https:\\\/\\\/marktxxl.de\\\/markt\\\/\"},{\"@type\":\"ListItem\",\"position\":2,\"name\":\"Markt\",\"item\":\"https:\\\/\\\/marktxxl.de\\\/markt\\\/\"},{\"@type\":\"ListItem\",\"position\":3,\"name\":\"Melissa &amp; Doug Spielteppich (100 x 90 Zentimeter) &#8211; Stadt und Stra\u00dfen mit Autos (5 Teile)\"}]},{\"@type\":\"WebSite\",\"@id\":\"https:\\\/\\\/marktxxl.de\\\/markt\\\/#website\",\"url\":\"https:\\\/\\\/marktxxl.de\\\/markt\\\/\",\"name\":\"Markt-XXL\",\"description\":\"Ihr Markt Online\",\"publisher\":{\"@id\":\"https:\\\/\\\/marktxxl.de\\\/markt\\\/#organization\"},\"potentialAction\":[{\"@type\":\"SearchAction\",\"target\":{\"@type\":\"EntryPoint\",\"urlTemplate\":\"https:\\\/\\\/marktxxl.de\\\/markt\\\/?s={search_term_string}\"},\"query-input\":{\"@type\":\"PropertyValueSpecification\",\"valueRequired\":true,\"valueName\":\"search_term_string\"}}],\"inLanguage\":\"de\"},{\"@type\":\"Organization\",\"@id\":\"https:\\\/\\\/marktxxl.de\\\/markt\\\/#organization\",\"name\":\"Markt-XXL\",\"url\":\"https:\\\/\\\/marktxxl.de\\\/markt\\\/\",\"logo\":{\"@type\":\"ImageObject\",\"inLanguage\":\"de\",\"@id\":\"https:\\\/\\\/marktxxl.de\\\/markt\\\/#\\\/schema\\\/logo\\\/image\\\/\",\"url\":\"https:\\\/\\\/marktxxl.de\\\/markt\\\/wp-content\\\/uploads\\\/sites\\\/3\\\/2020\\\/12\\\/logo.png\",\"contentUrl\":\"https:\\\/\\\/marktxxl.de\\\/markt\\\/wp-content\\\/uploads\\\/sites\\\/3\\\/2020\\\/12\\\/logo.png\",\"width\":200,\"height\":70,\"caption\":\"Markt-XXL\"},\"image\":{\"@id\":\"https:\\\/\\\/marktxxl.de\\\/markt\\\/#\\\/schema\\\/logo\\\/image\\\/\"}}]}<\/script>\n<!-- \/ Yoast SEO plugin. -->","yoast_head_json":{"title":"Melissa &amp; Doug Spielteppich (100 x 90 Zentimeter) - Stadt und Stra\u00dfen mit Autos (5 Teile) - Markt-XXL","description":"Markt-XXL Melissa &amp; Doug Spielteppich (100 x 90 Zentimeter) - Stadt und Stra\u00dfen mit Autos (5 Teile)","robots":{"index":"index","follow":"follow","max-snippet":"max-snippet:-1","max-image-preview":"max-image-preview:large","max-video-preview":"max-video-preview:-1"},"canonical":"https:\/\/marktxxl.de\/markt\/produkt\/melissa-doug-spielteppich-100-x-90-zentimeter-stadt-und-strassen-mit-autos-5-teile\/","og_locale":"de_DE","og_type":"article","og_title":"Melissa &amp; Doug Spielteppich (100 x 90 Zentimeter) - Stadt und Stra\u00dfen mit Autos (5 Teile) - Markt-XXL","og_description":"Markt-XXL Melissa &amp; Doug Spielteppich (100 x 90 Zentimeter) - Stadt und Stra\u00dfen mit Autos (5 Teile)","og_url":"https:\/\/marktxxl.de\/markt\/produkt\/melissa-doug-spielteppich-100-x-90-zentimeter-stadt-und-strassen-mit-autos-5-teile\/","og_site_name":"Markt-XXL","article_modified_time":"2023-04-10T03:05:43+00:00","og_image":[{"width":500,"height":500,"url":"https:\/\/m.media-amazon.com\/images\/I\/5118DPXSB5L._SL500_.jpg","type":"image\/jpeg"}],"twitter_card":"summary_large_image","schema":{"@context":"https:\/\/schema.org","@graph":[{"@type":"WebPage","@id":"https:\/\/marktxxl.de\/markt\/produkt\/melissa-doug-spielteppich-100-x-90-zentimeter-stadt-und-strassen-mit-autos-5-teile\/","url":"https:\/\/marktxxl.de\/markt\/produkt\/melissa-doug-spielteppich-100-x-90-zentimeter-stadt-und-strassen-mit-autos-5-teile\/","name":"Melissa &amp; Doug Spielteppich (100 x 90 Zentimeter) - Stadt und Stra\u00dfen mit Autos (5 Teile) - Markt-XXL","isPartOf":{"@id":"https:\/\/marktxxl.de\/markt\/#website"},"primaryImageOfPage":{"@id":"https:\/\/marktxxl.de\/markt\/produkt\/melissa-doug-spielteppich-100-x-90-zentimeter-stadt-und-strassen-mit-autos-5-teile\/#primaryimage"},"image":{"@id":"https:\/\/marktxxl.de\/markt\/produkt\/melissa-doug-spielteppich-100-x-90-zentimeter-stadt-und-strassen-mit-autos-5-teile\/#primaryimage"},"thumbnailUrl":"https:\/\/m.media-amazon.com\/images\/I\/5118DPXSB5L._SL500_.jpg","datePublished":"2022-12-10T19:56:15+00:00","dateModified":"2023-04-10T03:05:43+00:00","description":"Markt-XXL Melissa &amp; Doug Spielteppich (100 x 90 Zentimeter) - Stadt und Stra\u00dfen mit Autos (5 Teile)","breadcrumb":{"@id":"https:\/\/marktxxl.de\/markt\/produkt\/melissa-doug-spielteppich-100-x-90-zentimeter-stadt-und-strassen-mit-autos-5-teile\/#breadcrumb"},"inLanguage":"de","potentialAction":[{"@type":"ReadAction","target":["https:\/\/marktxxl.de\/markt\/produkt\/melissa-doug-spielteppich-100-x-90-zentimeter-stadt-und-strassen-mit-autos-5-teile\/"]}]},{"@type":"ImageObject","inLanguage":"de","@id":"https:\/\/marktxxl.de\/markt\/produkt\/melissa-doug-spielteppich-100-x-90-zentimeter-stadt-und-strassen-mit-autos-5-teile\/#primaryimage","url":"https:\/\/m.media-amazon.com\/images\/I\/5118DPXSB5L._SL500_.jpg","contentUrl":"https:\/\/m.media-amazon.com\/images\/I\/5118DPXSB5L._SL500_.jpg","width":500,"height":500},{"@type":"BreadcrumbList","@id":"https:\/\/marktxxl.de\/markt\/produkt\/melissa-doug-spielteppich-100-x-90-zentimeter-stadt-und-strassen-mit-autos-5-teile\/#breadcrumb","itemListElement":[{"@type":"ListItem","position":1,"name":"Startseite","item":"https:\/\/marktxxl.de\/markt\/"},{"@type":"ListItem","position":2,"name":"Markt","item":"https:\/\/marktxxl.de\/markt\/"},{"@type":"ListItem","position":3,"name":"Melissa &amp; Doug Spielteppich (100 x 90 Zentimeter) &#8211; Stadt und Stra\u00dfen mit Autos (5 Teile)"}]},{"@type":"WebSite","@id":"https:\/\/marktxxl.de\/markt\/#website","url":"https:\/\/marktxxl.de\/markt\/","name":"Markt-XXL","description":"Ihr Markt Online","publisher":{"@id":"https:\/\/marktxxl.de\/markt\/#organization"},"potentialAction":[{"@type":"SearchAction","target":{"@type":"EntryPoint","urlTemplate":"https:\/\/marktxxl.de\/markt\/?s={search_term_string}"},"query-input":{"@type":"PropertyValueSpecification","valueRequired":true,"valueName":"search_term_string"}}],"inLanguage":"de"},{"@type":"Organization","@id":"https:\/\/marktxxl.de\/markt\/#organization","name":"Markt-XXL","url":"https:\/\/marktxxl.de\/markt\/","logo":{"@type":"ImageObject","inLanguage":"de","@id":"https:\/\/marktxxl.de\/markt\/#\/schema\/logo\/image\/","url":"https:\/\/marktxxl.de\/markt\/wp-content\/uploads\/sites\/3\/2020\/12\/logo.png","contentUrl":"https:\/\/marktxxl.de\/markt\/wp-content\/uploads\/sites\/3\/2020\/12\/logo.png","width":200,"height":70,"caption":"Markt-XXL"},"image":{"@id":"https:\/\/marktxxl.de\/markt\/#\/schema\/logo\/image\/"}}]}},"_links":{"self":[{"href":"https:\/\/marktxxl.de\/markt\/wp-json\/wp\/v2\/product\/169579","targetHints":{"allow":["GET"]}}],"collection":[{"href":"https:\/\/marktxxl.de\/markt\/wp-json\/wp\/v2\/product"}],"about":[{"href":"https:\/\/marktxxl.de\/markt\/wp-json\/wp\/v2\/types\/product"}],"replies":[{"embeddable":true,"href":"https:\/\/marktxxl.de\/markt\/wp-json\/wp\/v2\/comments?post=169579"}],"wp:featuredmedia":[{"embeddable":true,"href":"https:\/\/marktxxl.de\/markt\/wp-json\/wp\/v2\/media\/169580"}],"wp:attachment":[{"href":"https:\/\/marktxxl.de\/markt\/wp-json\/wp\/v2\/media?parent=169579"}],"wp:term":[{"taxonomy":"product_brand","embeddable":true,"href":"https:\/\/marktxxl.de\/markt\/wp-json\/wp\/v2\/product_brand?post=169579"},{"taxonomy":"product_cat","embeddable":true,"href":"https:\/\/marktxxl.de\/markt\/wp-json\/wp\/v2\/product_cat?post=169579"},{"taxonomy":"product_tag","embeddable":true,"href":"https:\/\/marktxxl.de\/markt\/wp-json\/wp\/v2\/product_tag?post=169579"}],"curies":[{"name":"wp","href":"https:\/\/api.w.org\/{rel}","templated":true}]}}