{"id":169507,"date":"2022-12-10T20:38:12","date_gmt":"2022-12-10T19:38:12","guid":{"rendered":"https:\/\/marktxxl.de\/markt\/produkt\/flexibler-einlaufschlauch-silikon-komfortable-duese-einlaufaufsatz-fuer-frauen-und-maenner-50cm-150cm-schlauch\/"},"modified":"2023-04-10T05:05:40","modified_gmt":"2023-04-10T03:05:40","slug":"flexibler-einlaufschlauch-silikon-komfortable-duese-einlaufaufsatz-fuer-frauen-und-maenner-50cm-150cm-schlauch","status":"publish","type":"product","link":"https:\/\/marktxxl.de\/markt\/produkt\/flexibler-einlaufschlauch-silikon-komfortable-duese-einlaufaufsatz-fuer-frauen-und-maenner-50cm-150cm-schlauch\/","title":{"rendered":"Flexibler Einlaufschlauch Silikon Komfortable D\u00fcse Einlaufaufsatz f\u00fcr Frauen und M\u00e4nner 50cm + 150cm Schlauch"},"content":{"rendered":"<p>\u2605 MUSS HABEN &#8211; Es ist einfach ein Muss f\u00fcr jeden, der seine Gesundheit verbessern m\u00f6chte, besonders f\u00fcr Menschen mit gesundheitlichen Problemen, Verstopfung und rektalen Problemen. Klistiere sind leistungsstarke Werkzeuge, die uns dabei helfen, unsere Entgiftungswege zu \u00f6ffnen.<br \/>\n\u2605 Premium-Material mit fortschrittlichem Handwerk, kaum zu verwickeln. Silikon-Material, sicher zu bedienen.<br \/>\n\u2605 Gute Kompatibilit\u00e4t: Kompatibel mit der Pumpflasche und dem Standard-Duschanschluss. Sie k\u00f6nnen Ihrer Reinigungsroutine mehr L\u00e4nge und flexiblen Komfort verleihen.<br \/>\n\u2605 Aus medizinischem Gummi, hygienisch. Kein Geruch, definitiv ungiftig.<br \/>\n\u2605 100% R\u00dcCKGARANTIE &#8211; 100% Zufriedenheitsgarantie, wenn Sie mit Ihrem wiederverwendbaren Klistiertaschenset nicht zufrieden sind.<br \/>\n<div class=\"main-cross-sell\" data-asin=\"B07ZWXG76W\">\n\n\t<div class=\"WooZone-cross-sell-loader\">\n\t\t<div>\n\t\t\t<div id=\"floatingBarsG\">\n\t\t\t\t<div class=\"blockG\" id=\"rotateG_01\"><\/div>\n\t\t\t\t<div class=\"blockG\" id=\"rotateG_02\"><\/div>\n\t\t\t\t<div class=\"blockG\" id=\"rotateG_03\"><\/div>\n\t\t\t\t<div class=\"blockG\" id=\"rotateG_04\"><\/div>\n\t\t\t\t<div class=\"blockG\" id=\"rotateG_05\"><\/div>\n\t\t\t\t<div class=\"blockG\" id=\"rotateG_06\"><\/div>\n\t\t\t\t<div class=\"blockG\" id=\"rotateG_07\"><\/div>\n\t\t\t\t<div class=\"blockG\" id=\"rotateG_08\"><\/div>\n\t\t\t<\/div>\n\t\t\t<div class=\"WooZone-cross-sell-loader-text\"><\/div>\n\t\t<\/div>\n\t<\/div>\n\n\t\t\n<\/div>\n<div style=\"clear:both;\"><\/div><\/p>\n","protected":false},"excerpt":{"rendered":"<p>\u2605 MUSS HABEN &#8211; Es ist einfach ein Muss f\u00fcr jeden, der seine Gesundheit verbessern m\u00f6chte, besonders f\u00fcr Menschen mit gesundheitlichen Problemen, Verstopfung und rektalen Problemen. Klistiere sind leistungsstarke Werkzeuge, die uns dabei helfen, unsere Entgiftungswege zu \u00f6ffnen.<br \/>\n\u2605 Premium-Material mit fortschrittlichem Handwerk, kaum zu verwickeln. Silikon-Material, sicher zu bedienen.<br \/>\n\u2605 Gute Kompatibilit\u00e4t: Kompatibel mit der Pumpflasche und dem Standard-Duschanschluss. Sie k\u00f6nnen Ihrer Reinigungsroutine mehr L\u00e4nge und flexiblen Komfort verleihen.<\/p>\n","protected":false},"featured_media":169508,"comment_status":"open","ping_status":"closed","template":"","meta":[],"product_brand":[],"product_cat":[652,2977],"product_tag":[],"class_list":{"0":"post-169507","1":"product","2":"type-product","3":"status-publish","4":"has-post-thumbnail","6":"product_cat-erotik-markt-xxl","7":"product_cat-sexspielzeug","8":"pa_binding-badartikel","9":"pa_brand-xsexo","10":"pa_manufacturer-xsexo","11":"pa_size-3-stueck-1er-pack","13":"first","14":"instock","15":"shipping-taxable","16":"purchasable","17":"product-type-simple","18":"customify-col","19":"product-has-gallery"},"yoast_head":"<!-- This site is optimized with the Yoast SEO plugin v27.4 - https:\/\/yoast.com\/product\/yoast-seo-wordpress\/ -->\n<title>Flexibler Einlaufschlauch Silikon Komfortable D\u00fcse Einlaufaufsatz f\u00fcr Frauen und M\u00e4nner 50cm + 150cm Schlauch - Markt-XXL<\/title>\n<meta name=\"description\" content=\"Markt-XXL Flexibler Einlaufschlauch Silikon Komfortable D\u00fcse Einlaufaufsatz f\u00fcr Frauen und M\u00e4nner 50cm + 150cm Schlauch\" \/>\n<meta name=\"robots\" content=\"index, follow, max-snippet:-1, max-image-preview:large, max-video-preview:-1\" \/>\n<link rel=\"canonical\" href=\"https:\/\/marktxxl.de\/markt\/produkt\/flexibler-einlaufschlauch-silikon-komfortable-duese-einlaufaufsatz-fuer-frauen-und-maenner-50cm-150cm-schlauch\/\" \/>\n<meta property=\"og:locale\" content=\"de_DE\" \/>\n<meta property=\"og:type\" content=\"article\" \/>\n<meta property=\"og:title\" content=\"Flexibler Einlaufschlauch Silikon Komfortable D\u00fcse Einlaufaufsatz f\u00fcr Frauen und M\u00e4nner 50cm + 150cm Schlauch - Markt-XXL\" \/>\n<meta property=\"og:description\" content=\"Markt-XXL Flexibler Einlaufschlauch Silikon Komfortable D\u00fcse Einlaufaufsatz f\u00fcr Frauen und M\u00e4nner 50cm + 150cm Schlauch\" \/>\n<meta property=\"og:url\" content=\"https:\/\/marktxxl.de\/markt\/produkt\/flexibler-einlaufschlauch-silikon-komfortable-duese-einlaufaufsatz-fuer-frauen-und-maenner-50cm-150cm-schlauch\/\" \/>\n<meta property=\"og:site_name\" content=\"Markt-XXL\" \/>\n<meta property=\"article:modified_time\" content=\"2023-04-10T03:05:40+00:00\" \/>\n<meta property=\"og:image\" content=\"https:\/\/m.media-amazon.com\/images\/I\/41ZbkpSnx1L._SL500_.jpg\" \/>\n\t<meta property=\"og:image:width\" content=\"500\" \/>\n\t<meta property=\"og:image:height\" content=\"500\" \/>\n\t<meta property=\"og:image:type\" content=\"image\/jpeg\" \/>\n<meta name=\"twitter:card\" content=\"summary_large_image\" \/>\n<meta name=\"twitter:label1\" content=\"Gesch\u00e4tzte Lesezeit\" \/>\n\t<meta name=\"twitter:data1\" content=\"1\u00a0Minute\" \/>\n<script type=\"application\/ld+json\" class=\"yoast-schema-graph\">{\"@context\":\"https:\\\/\\\/schema.org\",\"@graph\":[{\"@type\":\"WebPage\",\"@id\":\"https:\\\/\\\/marktxxl.de\\\/markt\\\/produkt\\\/flexibler-einlaufschlauch-silikon-komfortable-duese-einlaufaufsatz-fuer-frauen-und-maenner-50cm-150cm-schlauch\\\/\",\"url\":\"https:\\\/\\\/marktxxl.de\\\/markt\\\/produkt\\\/flexibler-einlaufschlauch-silikon-komfortable-duese-einlaufaufsatz-fuer-frauen-und-maenner-50cm-150cm-schlauch\\\/\",\"name\":\"Flexibler Einlaufschlauch Silikon Komfortable D\u00fcse Einlaufaufsatz f\u00fcr Frauen und M\u00e4nner 50cm + 150cm Schlauch - Markt-XXL\",\"isPartOf\":{\"@id\":\"https:\\\/\\\/marktxxl.de\\\/markt\\\/#website\"},\"primaryImageOfPage\":{\"@id\":\"https:\\\/\\\/marktxxl.de\\\/markt\\\/produkt\\\/flexibler-einlaufschlauch-silikon-komfortable-duese-einlaufaufsatz-fuer-frauen-und-maenner-50cm-150cm-schlauch\\\/#primaryimage\"},\"image\":{\"@id\":\"https:\\\/\\\/marktxxl.de\\\/markt\\\/produkt\\\/flexibler-einlaufschlauch-silikon-komfortable-duese-einlaufaufsatz-fuer-frauen-und-maenner-50cm-150cm-schlauch\\\/#primaryimage\"},\"thumbnailUrl\":\"https:\\\/\\\/m.media-amazon.com\\\/images\\\/I\\\/41ZbkpSnx1L._SL500_.jpg\",\"datePublished\":\"2022-12-10T19:38:12+00:00\",\"dateModified\":\"2023-04-10T03:05:40+00:00\",\"description\":\"Markt-XXL Flexibler Einlaufschlauch Silikon Komfortable D\u00fcse Einlaufaufsatz f\u00fcr Frauen und M\u00e4nner 50cm + 150cm Schlauch\",\"breadcrumb\":{\"@id\":\"https:\\\/\\\/marktxxl.de\\\/markt\\\/produkt\\\/flexibler-einlaufschlauch-silikon-komfortable-duese-einlaufaufsatz-fuer-frauen-und-maenner-50cm-150cm-schlauch\\\/#breadcrumb\"},\"inLanguage\":\"de\",\"potentialAction\":[{\"@type\":\"ReadAction\",\"target\":[\"https:\\\/\\\/marktxxl.de\\\/markt\\\/produkt\\\/flexibler-einlaufschlauch-silikon-komfortable-duese-einlaufaufsatz-fuer-frauen-und-maenner-50cm-150cm-schlauch\\\/\"]}]},{\"@type\":\"ImageObject\",\"inLanguage\":\"de\",\"@id\":\"https:\\\/\\\/marktxxl.de\\\/markt\\\/produkt\\\/flexibler-einlaufschlauch-silikon-komfortable-duese-einlaufaufsatz-fuer-frauen-und-maenner-50cm-150cm-schlauch\\\/#primaryimage\",\"url\":\"https:\\\/\\\/m.media-amazon.com\\\/images\\\/I\\\/41ZbkpSnx1L._SL500_.jpg\",\"contentUrl\":\"https:\\\/\\\/m.media-amazon.com\\\/images\\\/I\\\/41ZbkpSnx1L._SL500_.jpg\",\"width\":500,\"height\":500},{\"@type\":\"BreadcrumbList\",\"@id\":\"https:\\\/\\\/marktxxl.de\\\/markt\\\/produkt\\\/flexibler-einlaufschlauch-silikon-komfortable-duese-einlaufaufsatz-fuer-frauen-und-maenner-50cm-150cm-schlauch\\\/#breadcrumb\",\"itemListElement\":[{\"@type\":\"ListItem\",\"position\":1,\"name\":\"Startseite\",\"item\":\"https:\\\/\\\/marktxxl.de\\\/markt\\\/\"},{\"@type\":\"ListItem\",\"position\":2,\"name\":\"Markt\",\"item\":\"https:\\\/\\\/marktxxl.de\\\/markt\\\/\"},{\"@type\":\"ListItem\",\"position\":3,\"name\":\"Flexibler Einlaufschlauch Silikon Komfortable D\u00fcse Einlaufaufsatz f\u00fcr Frauen und M\u00e4nner 50cm + 150cm Schlauch\"}]},{\"@type\":\"WebSite\",\"@id\":\"https:\\\/\\\/marktxxl.de\\\/markt\\\/#website\",\"url\":\"https:\\\/\\\/marktxxl.de\\\/markt\\\/\",\"name\":\"Markt-XXL\",\"description\":\"Ihr Markt Online\",\"publisher\":{\"@id\":\"https:\\\/\\\/marktxxl.de\\\/markt\\\/#organization\"},\"potentialAction\":[{\"@type\":\"SearchAction\",\"target\":{\"@type\":\"EntryPoint\",\"urlTemplate\":\"https:\\\/\\\/marktxxl.de\\\/markt\\\/?s={search_term_string}\"},\"query-input\":{\"@type\":\"PropertyValueSpecification\",\"valueRequired\":true,\"valueName\":\"search_term_string\"}}],\"inLanguage\":\"de\"},{\"@type\":\"Organization\",\"@id\":\"https:\\\/\\\/marktxxl.de\\\/markt\\\/#organization\",\"name\":\"Markt-XXL\",\"url\":\"https:\\\/\\\/marktxxl.de\\\/markt\\\/\",\"logo\":{\"@type\":\"ImageObject\",\"inLanguage\":\"de\",\"@id\":\"https:\\\/\\\/marktxxl.de\\\/markt\\\/#\\\/schema\\\/logo\\\/image\\\/\",\"url\":\"https:\\\/\\\/marktxxl.de\\\/markt\\\/wp-content\\\/uploads\\\/sites\\\/3\\\/2020\\\/12\\\/logo.png\",\"contentUrl\":\"https:\\\/\\\/marktxxl.de\\\/markt\\\/wp-content\\\/uploads\\\/sites\\\/3\\\/2020\\\/12\\\/logo.png\",\"width\":200,\"height\":70,\"caption\":\"Markt-XXL\"},\"image\":{\"@id\":\"https:\\\/\\\/marktxxl.de\\\/markt\\\/#\\\/schema\\\/logo\\\/image\\\/\"}}]}<\/script>\n<!-- \/ Yoast SEO plugin. -->","yoast_head_json":{"title":"Flexibler Einlaufschlauch Silikon Komfortable D\u00fcse Einlaufaufsatz f\u00fcr Frauen und M\u00e4nner 50cm + 150cm Schlauch - Markt-XXL","description":"Markt-XXL Flexibler Einlaufschlauch Silikon Komfortable D\u00fcse Einlaufaufsatz f\u00fcr Frauen und M\u00e4nner 50cm + 150cm Schlauch","robots":{"index":"index","follow":"follow","max-snippet":"max-snippet:-1","max-image-preview":"max-image-preview:large","max-video-preview":"max-video-preview:-1"},"canonical":"https:\/\/marktxxl.de\/markt\/produkt\/flexibler-einlaufschlauch-silikon-komfortable-duese-einlaufaufsatz-fuer-frauen-und-maenner-50cm-150cm-schlauch\/","og_locale":"de_DE","og_type":"article","og_title":"Flexibler Einlaufschlauch Silikon Komfortable D\u00fcse Einlaufaufsatz f\u00fcr Frauen und M\u00e4nner 50cm + 150cm Schlauch - Markt-XXL","og_description":"Markt-XXL Flexibler Einlaufschlauch Silikon Komfortable D\u00fcse Einlaufaufsatz f\u00fcr Frauen und M\u00e4nner 50cm + 150cm Schlauch","og_url":"https:\/\/marktxxl.de\/markt\/produkt\/flexibler-einlaufschlauch-silikon-komfortable-duese-einlaufaufsatz-fuer-frauen-und-maenner-50cm-150cm-schlauch\/","og_site_name":"Markt-XXL","article_modified_time":"2023-04-10T03:05:40+00:00","og_image":[{"width":500,"height":500,"url":"https:\/\/m.media-amazon.com\/images\/I\/41ZbkpSnx1L._SL500_.jpg","type":"image\/jpeg"}],"twitter_card":"summary_large_image","twitter_misc":{"Gesch\u00e4tzte Lesezeit":"1\u00a0Minute"},"schema":{"@context":"https:\/\/schema.org","@graph":[{"@type":"WebPage","@id":"https:\/\/marktxxl.de\/markt\/produkt\/flexibler-einlaufschlauch-silikon-komfortable-duese-einlaufaufsatz-fuer-frauen-und-maenner-50cm-150cm-schlauch\/","url":"https:\/\/marktxxl.de\/markt\/produkt\/flexibler-einlaufschlauch-silikon-komfortable-duese-einlaufaufsatz-fuer-frauen-und-maenner-50cm-150cm-schlauch\/","name":"Flexibler Einlaufschlauch Silikon Komfortable D\u00fcse Einlaufaufsatz f\u00fcr Frauen und M\u00e4nner 50cm + 150cm Schlauch - Markt-XXL","isPartOf":{"@id":"https:\/\/marktxxl.de\/markt\/#website"},"primaryImageOfPage":{"@id":"https:\/\/marktxxl.de\/markt\/produkt\/flexibler-einlaufschlauch-silikon-komfortable-duese-einlaufaufsatz-fuer-frauen-und-maenner-50cm-150cm-schlauch\/#primaryimage"},"image":{"@id":"https:\/\/marktxxl.de\/markt\/produkt\/flexibler-einlaufschlauch-silikon-komfortable-duese-einlaufaufsatz-fuer-frauen-und-maenner-50cm-150cm-schlauch\/#primaryimage"},"thumbnailUrl":"https:\/\/m.media-amazon.com\/images\/I\/41ZbkpSnx1L._SL500_.jpg","datePublished":"2022-12-10T19:38:12+00:00","dateModified":"2023-04-10T03:05:40+00:00","description":"Markt-XXL Flexibler Einlaufschlauch Silikon Komfortable D\u00fcse Einlaufaufsatz f\u00fcr Frauen und M\u00e4nner 50cm + 150cm Schlauch","breadcrumb":{"@id":"https:\/\/marktxxl.de\/markt\/produkt\/flexibler-einlaufschlauch-silikon-komfortable-duese-einlaufaufsatz-fuer-frauen-und-maenner-50cm-150cm-schlauch\/#breadcrumb"},"inLanguage":"de","potentialAction":[{"@type":"ReadAction","target":["https:\/\/marktxxl.de\/markt\/produkt\/flexibler-einlaufschlauch-silikon-komfortable-duese-einlaufaufsatz-fuer-frauen-und-maenner-50cm-150cm-schlauch\/"]}]},{"@type":"ImageObject","inLanguage":"de","@id":"https:\/\/marktxxl.de\/markt\/produkt\/flexibler-einlaufschlauch-silikon-komfortable-duese-einlaufaufsatz-fuer-frauen-und-maenner-50cm-150cm-schlauch\/#primaryimage","url":"https:\/\/m.media-amazon.com\/images\/I\/41ZbkpSnx1L._SL500_.jpg","contentUrl":"https:\/\/m.media-amazon.com\/images\/I\/41ZbkpSnx1L._SL500_.jpg","width":500,"height":500},{"@type":"BreadcrumbList","@id":"https:\/\/marktxxl.de\/markt\/produkt\/flexibler-einlaufschlauch-silikon-komfortable-duese-einlaufaufsatz-fuer-frauen-und-maenner-50cm-150cm-schlauch\/#breadcrumb","itemListElement":[{"@type":"ListItem","position":1,"name":"Startseite","item":"https:\/\/marktxxl.de\/markt\/"},{"@type":"ListItem","position":2,"name":"Markt","item":"https:\/\/marktxxl.de\/markt\/"},{"@type":"ListItem","position":3,"name":"Flexibler Einlaufschlauch Silikon Komfortable D\u00fcse Einlaufaufsatz f\u00fcr Frauen und M\u00e4nner 50cm + 150cm Schlauch"}]},{"@type":"WebSite","@id":"https:\/\/marktxxl.de\/markt\/#website","url":"https:\/\/marktxxl.de\/markt\/","name":"Markt-XXL","description":"Ihr Markt Online","publisher":{"@id":"https:\/\/marktxxl.de\/markt\/#organization"},"potentialAction":[{"@type":"SearchAction","target":{"@type":"EntryPoint","urlTemplate":"https:\/\/marktxxl.de\/markt\/?s={search_term_string}"},"query-input":{"@type":"PropertyValueSpecification","valueRequired":true,"valueName":"search_term_string"}}],"inLanguage":"de"},{"@type":"Organization","@id":"https:\/\/marktxxl.de\/markt\/#organization","name":"Markt-XXL","url":"https:\/\/marktxxl.de\/markt\/","logo":{"@type":"ImageObject","inLanguage":"de","@id":"https:\/\/marktxxl.de\/markt\/#\/schema\/logo\/image\/","url":"https:\/\/marktxxl.de\/markt\/wp-content\/uploads\/sites\/3\/2020\/12\/logo.png","contentUrl":"https:\/\/marktxxl.de\/markt\/wp-content\/uploads\/sites\/3\/2020\/12\/logo.png","width":200,"height":70,"caption":"Markt-XXL"},"image":{"@id":"https:\/\/marktxxl.de\/markt\/#\/schema\/logo\/image\/"}}]}},"_links":{"self":[{"href":"https:\/\/marktxxl.de\/markt\/wp-json\/wp\/v2\/product\/169507","targetHints":{"allow":["GET"]}}],"collection":[{"href":"https:\/\/marktxxl.de\/markt\/wp-json\/wp\/v2\/product"}],"about":[{"href":"https:\/\/marktxxl.de\/markt\/wp-json\/wp\/v2\/types\/product"}],"replies":[{"embeddable":true,"href":"https:\/\/marktxxl.de\/markt\/wp-json\/wp\/v2\/comments?post=169507"}],"wp:featuredmedia":[{"embeddable":true,"href":"https:\/\/marktxxl.de\/markt\/wp-json\/wp\/v2\/media\/169508"}],"wp:attachment":[{"href":"https:\/\/marktxxl.de\/markt\/wp-json\/wp\/v2\/media?parent=169507"}],"wp:term":[{"taxonomy":"product_brand","embeddable":true,"href":"https:\/\/marktxxl.de\/markt\/wp-json\/wp\/v2\/product_brand?post=169507"},{"taxonomy":"product_cat","embeddable":true,"href":"https:\/\/marktxxl.de\/markt\/wp-json\/wp\/v2\/product_cat?post=169507"},{"taxonomy":"product_tag","embeddable":true,"href":"https:\/\/marktxxl.de\/markt\/wp-json\/wp\/v2\/product_tag?post=169507"}],"curies":[{"name":"wp","href":"https:\/\/api.w.org\/{rel}","templated":true}]}}