{"id":169484,"date":"2022-12-10T20:37:26","date_gmt":"2022-12-10T19:37:26","guid":{"rendered":"https:\/\/marktxxl.de\/markt\/produkt\/chi-enterprise-premium-massagering-set-fuer-das-handgelenk-set-von-anti-stress-akupressur-ring-antistress-armband-akupressur-ring-anxiety-ring-stress-ring-set-farbe-gold-und-silber\/"},"modified":"2023-04-10T05:05:40","modified_gmt":"2023-04-10T03:05:40","slug":"chi-enterprise-premium-massagering-set-fuer-das-handgelenk-set-von-anti-stress-akupressur-ring-antistress-armband-akupressur-ring-anxiety-ring-stress-ring-set-farbe-gold-und-silber","status":"publish","type":"product","link":"https:\/\/marktxxl.de\/markt\/produkt\/chi-enterprise-premium-massagering-set-fuer-das-handgelenk-set-von-anti-stress-akupressur-ring-antistress-armband-akupressur-ring-anxiety-ring-stress-ring-set-farbe-gold-und-silber\/","title":{"rendered":"CHI-ENTERPRISE &#8211; Premium Massagering f\u00fcr das Handgelenk | Antistress Armband Set | Akupressur Ring &#8211; Anxiety Ring\u2026"},"content":{"rendered":"<p>\u3010SCHMERZLINDERUNG\u3011: Rollen Sie 1-2 Mal am Tag f\u00fcr jeweils 5-10 Minuten den Ring gegen Stress am Handgelenk auf und ab, um die Durchblutung zu f\u00f6rdern und somit Schmerzen und Arthrose zu lindern.<br \/>\n\u3010ENTSPANNUNG\u3011: Anti Stress Ringe, auch genannt Arthrose Ringe oder Akupressur Ringe sorgen f\u00fcr ein wohliges Entspannungsgef\u00fchl und k\u00f6nnen stimulierend wirken und Verspannungen l\u00f6sen.<br \/>\n\u3010CHINESISCHE TRADITION\u3011: Das Akupressurarmband basiert auf traditioneller chinesischer Medizin Es ist f\u00fcr \u00e4ltere Menschen, Langzeit-Computeranwender und Leute mit Handgelenk Schmerzen geeignet.<br \/>\n\u3010HOHE QUALIT\u00c4T\u3011: Das Hand Armband besteht aus hochwertigem rostfreiem Edelstahl. Das Edelstahl Armband hat einen Au\u00dfendurchmesser von ca. 6,5 cm und einen Innendurchmesser von ca. 4,0 cm.<br \/>\n\u3010100 PROZENT ZUFRIEDENHEITSGARANTIE\u3011: Sollten Sie mit unserem Massage Ring nicht zufrieden sein, haben Sie ein 30-t\u00e4giges R\u00fcckgaberecht und Sie bekommen Ihr komplettes Geld zur\u00fcck.<br \/>\n<div class=\"main-cross-sell\" data-asin=\"B01AXP4K98\">\n\n\t<div class=\"WooZone-cross-sell-loader\">\n\t\t<div>\n\t\t\t<div id=\"floatingBarsG\">\n\t\t\t\t<div class=\"blockG\" id=\"rotateG_01\"><\/div>\n\t\t\t\t<div class=\"blockG\" id=\"rotateG_02\"><\/div>\n\t\t\t\t<div class=\"blockG\" id=\"rotateG_03\"><\/div>\n\t\t\t\t<div class=\"blockG\" id=\"rotateG_04\"><\/div>\n\t\t\t\t<div class=\"blockG\" id=\"rotateG_05\"><\/div>\n\t\t\t\t<div class=\"blockG\" id=\"rotateG_06\"><\/div>\n\t\t\t\t<div class=\"blockG\" id=\"rotateG_07\"><\/div>\n\t\t\t\t<div class=\"blockG\" id=\"rotateG_08\"><\/div>\n\t\t\t<\/div>\n\t\t\t<div class=\"WooZone-cross-sell-loader-text\"><\/div>\n\t\t<\/div>\n\t<\/div>\n\n\t\t\n<\/div>\n<div style=\"clear:both;\"><\/div><\/p>\n","protected":false},"excerpt":{"rendered":"<p>\u3010SCHMERZLINDERUNG\u3011: Rollen Sie 1-2 Mal am Tag f\u00fcr jeweils 5-10 Minuten den Ring gegen Stress am Handgelenk auf und ab, um die Durchblutung zu f\u00f6rdern und somit Schmerzen und Arthrose zu lindern.<br \/>\n\u3010ENTSPANNUNG\u3011: Anti Stress Ringe, auch genannt Arthrose Ringe oder Akupressur Ringe sorgen f\u00fcr ein wohliges Entspannungsgef\u00fchl und k\u00f6nnen stimulierend wirken und Verspannungen l\u00f6sen.<br \/>\n\u3010CHINESISCHE TRADITION\u3011: Das Akupressurarmband basiert auf traditioneller chinesischer Medizin Es ist f\u00fcr \u00e4ltere Menschen, Langzeit-Computeranwender und Leute mit Handgelenk Schmerzen geeignet.<\/p>\n","protected":false},"featured_media":169485,"comment_status":"open","ping_status":"closed","template":"","meta":[],"product_brand":[],"product_cat":[652,2977],"product_tag":[],"class_list":{"0":"post-169484","1":"product","2":"type-product","3":"status-publish","4":"has-post-thumbnail","6":"product_cat-erotik-markt-xxl","7":"product_cat-sexspielzeug","8":"pa_binding-badartikel","9":"pa_brand-chi-enterprise","10":"pa_color-handgelenksring-silber-gold","11":"pa_height-1-181102361-zoll","12":"pa_length-2-362204722-zoll","13":"pa_manufacturer-chi-enterprise","14":"pa_model-45284","15":"pa_size-2-handgelenksringe","16":"pa_width-2-2047244072-zoll","18":"first","19":"instock","20":"shipping-taxable","21":"purchasable","22":"product-type-simple","23":"customify-col","24":"product-has-gallery"},"yoast_head":"<!-- This site is optimized with the Yoast SEO plugin v27.4 - https:\/\/yoast.com\/product\/yoast-seo-wordpress\/ -->\n<title>CHI-ENTERPRISE - Premium Massagering f\u00fcr das Handgelenk | Antistress Armband Set | Akupressur Ring - Anxiety Ring\u2026 - Markt-XXL<\/title>\n<meta name=\"description\" content=\"Markt-XXL CHI-ENTERPRISE - Premium Massagering f\u00fcr das Handgelenk | Antistress Armband Set | Akupressur Ring - Anxiety Ring\u2026\" \/>\n<meta name=\"robots\" content=\"index, follow, max-snippet:-1, max-image-preview:large, max-video-preview:-1\" \/>\n<link rel=\"canonical\" href=\"https:\/\/marktxxl.de\/markt\/produkt\/chi-enterprise-premium-massagering-set-fuer-das-handgelenk-set-von-anti-stress-akupressur-ring-antistress-armband-akupressur-ring-anxiety-ring-stress-ring-set-farbe-gold-und-silber\/\" \/>\n<meta property=\"og:locale\" content=\"de_DE\" \/>\n<meta property=\"og:type\" content=\"article\" \/>\n<meta property=\"og:title\" content=\"CHI-ENTERPRISE - Premium Massagering f\u00fcr das Handgelenk | Antistress Armband Set | Akupressur Ring - Anxiety Ring\u2026 - Markt-XXL\" \/>\n<meta property=\"og:description\" content=\"Markt-XXL CHI-ENTERPRISE - Premium Massagering f\u00fcr das Handgelenk | Antistress Armband Set | Akupressur Ring - Anxiety Ring\u2026\" \/>\n<meta property=\"og:url\" content=\"https:\/\/marktxxl.de\/markt\/produkt\/chi-enterprise-premium-massagering-set-fuer-das-handgelenk-set-von-anti-stress-akupressur-ring-antistress-armband-akupressur-ring-anxiety-ring-stress-ring-set-farbe-gold-und-silber\/\" \/>\n<meta property=\"og:site_name\" content=\"Markt-XXL\" \/>\n<meta property=\"article:modified_time\" content=\"2023-04-10T03:05:40+00:00\" \/>\n<meta property=\"og:image\" content=\"https:\/\/m.media-amazon.com\/images\/I\/51b+LEGVobS._SL500_.jpg\" \/>\n\t<meta property=\"og:image:width\" content=\"500\" \/>\n\t<meta property=\"og:image:height\" content=\"380\" \/>\n\t<meta property=\"og:image:type\" content=\"image\/jpeg\" \/>\n<meta name=\"twitter:card\" content=\"summary_large_image\" \/>\n<meta name=\"twitter:label1\" content=\"Gesch\u00e4tzte Lesezeit\" \/>\n\t<meta name=\"twitter:data1\" content=\"1\u00a0Minute\" \/>\n<script type=\"application\/ld+json\" class=\"yoast-schema-graph\">{\"@context\":\"https:\\\/\\\/schema.org\",\"@graph\":[{\"@type\":\"WebPage\",\"@id\":\"https:\\\/\\\/marktxxl.de\\\/markt\\\/produkt\\\/chi-enterprise-premium-massagering-set-fuer-das-handgelenk-set-von-anti-stress-akupressur-ring-antistress-armband-akupressur-ring-anxiety-ring-stress-ring-set-farbe-gold-und-silber\\\/\",\"url\":\"https:\\\/\\\/marktxxl.de\\\/markt\\\/produkt\\\/chi-enterprise-premium-massagering-set-fuer-das-handgelenk-set-von-anti-stress-akupressur-ring-antistress-armband-akupressur-ring-anxiety-ring-stress-ring-set-farbe-gold-und-silber\\\/\",\"name\":\"CHI-ENTERPRISE - Premium Massagering f\u00fcr das Handgelenk | Antistress Armband Set | Akupressur Ring - Anxiety Ring\u2026 - Markt-XXL\",\"isPartOf\":{\"@id\":\"https:\\\/\\\/marktxxl.de\\\/markt\\\/#website\"},\"primaryImageOfPage\":{\"@id\":\"https:\\\/\\\/marktxxl.de\\\/markt\\\/produkt\\\/chi-enterprise-premium-massagering-set-fuer-das-handgelenk-set-von-anti-stress-akupressur-ring-antistress-armband-akupressur-ring-anxiety-ring-stress-ring-set-farbe-gold-und-silber\\\/#primaryimage\"},\"image\":{\"@id\":\"https:\\\/\\\/marktxxl.de\\\/markt\\\/produkt\\\/chi-enterprise-premium-massagering-set-fuer-das-handgelenk-set-von-anti-stress-akupressur-ring-antistress-armband-akupressur-ring-anxiety-ring-stress-ring-set-farbe-gold-und-silber\\\/#primaryimage\"},\"thumbnailUrl\":\"https:\\\/\\\/m.media-amazon.com\\\/images\\\/I\\\/51b+LEGVobS._SL500_.jpg\",\"datePublished\":\"2022-12-10T19:37:26+00:00\",\"dateModified\":\"2023-04-10T03:05:40+00:00\",\"description\":\"Markt-XXL CHI-ENTERPRISE - Premium Massagering f\u00fcr das Handgelenk | Antistress Armband Set | Akupressur Ring - Anxiety Ring\u2026\",\"breadcrumb\":{\"@id\":\"https:\\\/\\\/marktxxl.de\\\/markt\\\/produkt\\\/chi-enterprise-premium-massagering-set-fuer-das-handgelenk-set-von-anti-stress-akupressur-ring-antistress-armband-akupressur-ring-anxiety-ring-stress-ring-set-farbe-gold-und-silber\\\/#breadcrumb\"},\"inLanguage\":\"de\",\"potentialAction\":[{\"@type\":\"ReadAction\",\"target\":[\"https:\\\/\\\/marktxxl.de\\\/markt\\\/produkt\\\/chi-enterprise-premium-massagering-set-fuer-das-handgelenk-set-von-anti-stress-akupressur-ring-antistress-armband-akupressur-ring-anxiety-ring-stress-ring-set-farbe-gold-und-silber\\\/\"]}]},{\"@type\":\"ImageObject\",\"inLanguage\":\"de\",\"@id\":\"https:\\\/\\\/marktxxl.de\\\/markt\\\/produkt\\\/chi-enterprise-premium-massagering-set-fuer-das-handgelenk-set-von-anti-stress-akupressur-ring-antistress-armband-akupressur-ring-anxiety-ring-stress-ring-set-farbe-gold-und-silber\\\/#primaryimage\",\"url\":\"https:\\\/\\\/m.media-amazon.com\\\/images\\\/I\\\/51b+LEGVobS._SL500_.jpg\",\"contentUrl\":\"https:\\\/\\\/m.media-amazon.com\\\/images\\\/I\\\/51b+LEGVobS._SL500_.jpg\",\"width\":500,\"height\":380},{\"@type\":\"BreadcrumbList\",\"@id\":\"https:\\\/\\\/marktxxl.de\\\/markt\\\/produkt\\\/chi-enterprise-premium-massagering-set-fuer-das-handgelenk-set-von-anti-stress-akupressur-ring-antistress-armband-akupressur-ring-anxiety-ring-stress-ring-set-farbe-gold-und-silber\\\/#breadcrumb\",\"itemListElement\":[{\"@type\":\"ListItem\",\"position\":1,\"name\":\"Startseite\",\"item\":\"https:\\\/\\\/marktxxl.de\\\/markt\\\/\"},{\"@type\":\"ListItem\",\"position\":2,\"name\":\"Markt\",\"item\":\"https:\\\/\\\/marktxxl.de\\\/markt\\\/\"},{\"@type\":\"ListItem\",\"position\":3,\"name\":\"CHI-ENTERPRISE &#8211; Premium Massagering f\u00fcr das Handgelenk | Antistress Armband Set | Akupressur Ring &#8211; Anxiety Ring\u2026\"}]},{\"@type\":\"WebSite\",\"@id\":\"https:\\\/\\\/marktxxl.de\\\/markt\\\/#website\",\"url\":\"https:\\\/\\\/marktxxl.de\\\/markt\\\/\",\"name\":\"Markt-XXL\",\"description\":\"Ihr Markt Online\",\"publisher\":{\"@id\":\"https:\\\/\\\/marktxxl.de\\\/markt\\\/#organization\"},\"potentialAction\":[{\"@type\":\"SearchAction\",\"target\":{\"@type\":\"EntryPoint\",\"urlTemplate\":\"https:\\\/\\\/marktxxl.de\\\/markt\\\/?s={search_term_string}\"},\"query-input\":{\"@type\":\"PropertyValueSpecification\",\"valueRequired\":true,\"valueName\":\"search_term_string\"}}],\"inLanguage\":\"de\"},{\"@type\":\"Organization\",\"@id\":\"https:\\\/\\\/marktxxl.de\\\/markt\\\/#organization\",\"name\":\"Markt-XXL\",\"url\":\"https:\\\/\\\/marktxxl.de\\\/markt\\\/\",\"logo\":{\"@type\":\"ImageObject\",\"inLanguage\":\"de\",\"@id\":\"https:\\\/\\\/marktxxl.de\\\/markt\\\/#\\\/schema\\\/logo\\\/image\\\/\",\"url\":\"https:\\\/\\\/marktxxl.de\\\/markt\\\/wp-content\\\/uploads\\\/sites\\\/3\\\/2020\\\/12\\\/logo.png\",\"contentUrl\":\"https:\\\/\\\/marktxxl.de\\\/markt\\\/wp-content\\\/uploads\\\/sites\\\/3\\\/2020\\\/12\\\/logo.png\",\"width\":200,\"height\":70,\"caption\":\"Markt-XXL\"},\"image\":{\"@id\":\"https:\\\/\\\/marktxxl.de\\\/markt\\\/#\\\/schema\\\/logo\\\/image\\\/\"}}]}<\/script>\n<!-- \/ Yoast SEO plugin. -->","yoast_head_json":{"title":"CHI-ENTERPRISE - Premium Massagering f\u00fcr das Handgelenk | Antistress Armband Set | Akupressur Ring - Anxiety Ring\u2026 - Markt-XXL","description":"Markt-XXL CHI-ENTERPRISE - Premium Massagering f\u00fcr das Handgelenk | Antistress Armband Set | Akupressur Ring - Anxiety Ring\u2026","robots":{"index":"index","follow":"follow","max-snippet":"max-snippet:-1","max-image-preview":"max-image-preview:large","max-video-preview":"max-video-preview:-1"},"canonical":"https:\/\/marktxxl.de\/markt\/produkt\/chi-enterprise-premium-massagering-set-fuer-das-handgelenk-set-von-anti-stress-akupressur-ring-antistress-armband-akupressur-ring-anxiety-ring-stress-ring-set-farbe-gold-und-silber\/","og_locale":"de_DE","og_type":"article","og_title":"CHI-ENTERPRISE - Premium Massagering f\u00fcr das Handgelenk | Antistress Armband Set | Akupressur Ring - Anxiety Ring\u2026 - Markt-XXL","og_description":"Markt-XXL CHI-ENTERPRISE - Premium Massagering f\u00fcr das Handgelenk | Antistress Armband Set | Akupressur Ring - Anxiety Ring\u2026","og_url":"https:\/\/marktxxl.de\/markt\/produkt\/chi-enterprise-premium-massagering-set-fuer-das-handgelenk-set-von-anti-stress-akupressur-ring-antistress-armband-akupressur-ring-anxiety-ring-stress-ring-set-farbe-gold-und-silber\/","og_site_name":"Markt-XXL","article_modified_time":"2023-04-10T03:05:40+00:00","og_image":[{"width":500,"height":380,"url":"https:\/\/m.media-amazon.com\/images\/I\/51b+LEGVobS._SL500_.jpg","type":"image\/jpeg"}],"twitter_card":"summary_large_image","twitter_misc":{"Gesch\u00e4tzte Lesezeit":"1\u00a0Minute"},"schema":{"@context":"https:\/\/schema.org","@graph":[{"@type":"WebPage","@id":"https:\/\/marktxxl.de\/markt\/produkt\/chi-enterprise-premium-massagering-set-fuer-das-handgelenk-set-von-anti-stress-akupressur-ring-antistress-armband-akupressur-ring-anxiety-ring-stress-ring-set-farbe-gold-und-silber\/","url":"https:\/\/marktxxl.de\/markt\/produkt\/chi-enterprise-premium-massagering-set-fuer-das-handgelenk-set-von-anti-stress-akupressur-ring-antistress-armband-akupressur-ring-anxiety-ring-stress-ring-set-farbe-gold-und-silber\/","name":"CHI-ENTERPRISE - Premium Massagering f\u00fcr das Handgelenk | Antistress Armband Set | Akupressur Ring - Anxiety Ring\u2026 - Markt-XXL","isPartOf":{"@id":"https:\/\/marktxxl.de\/markt\/#website"},"primaryImageOfPage":{"@id":"https:\/\/marktxxl.de\/markt\/produkt\/chi-enterprise-premium-massagering-set-fuer-das-handgelenk-set-von-anti-stress-akupressur-ring-antistress-armband-akupressur-ring-anxiety-ring-stress-ring-set-farbe-gold-und-silber\/#primaryimage"},"image":{"@id":"https:\/\/marktxxl.de\/markt\/produkt\/chi-enterprise-premium-massagering-set-fuer-das-handgelenk-set-von-anti-stress-akupressur-ring-antistress-armband-akupressur-ring-anxiety-ring-stress-ring-set-farbe-gold-und-silber\/#primaryimage"},"thumbnailUrl":"https:\/\/m.media-amazon.com\/images\/I\/51b+LEGVobS._SL500_.jpg","datePublished":"2022-12-10T19:37:26+00:00","dateModified":"2023-04-10T03:05:40+00:00","description":"Markt-XXL CHI-ENTERPRISE - Premium Massagering f\u00fcr das Handgelenk | Antistress Armband Set | Akupressur Ring - Anxiety Ring\u2026","breadcrumb":{"@id":"https:\/\/marktxxl.de\/markt\/produkt\/chi-enterprise-premium-massagering-set-fuer-das-handgelenk-set-von-anti-stress-akupressur-ring-antistress-armband-akupressur-ring-anxiety-ring-stress-ring-set-farbe-gold-und-silber\/#breadcrumb"},"inLanguage":"de","potentialAction":[{"@type":"ReadAction","target":["https:\/\/marktxxl.de\/markt\/produkt\/chi-enterprise-premium-massagering-set-fuer-das-handgelenk-set-von-anti-stress-akupressur-ring-antistress-armband-akupressur-ring-anxiety-ring-stress-ring-set-farbe-gold-und-silber\/"]}]},{"@type":"ImageObject","inLanguage":"de","@id":"https:\/\/marktxxl.de\/markt\/produkt\/chi-enterprise-premium-massagering-set-fuer-das-handgelenk-set-von-anti-stress-akupressur-ring-antistress-armband-akupressur-ring-anxiety-ring-stress-ring-set-farbe-gold-und-silber\/#primaryimage","url":"https:\/\/m.media-amazon.com\/images\/I\/51b+LEGVobS._SL500_.jpg","contentUrl":"https:\/\/m.media-amazon.com\/images\/I\/51b+LEGVobS._SL500_.jpg","width":500,"height":380},{"@type":"BreadcrumbList","@id":"https:\/\/marktxxl.de\/markt\/produkt\/chi-enterprise-premium-massagering-set-fuer-das-handgelenk-set-von-anti-stress-akupressur-ring-antistress-armband-akupressur-ring-anxiety-ring-stress-ring-set-farbe-gold-und-silber\/#breadcrumb","itemListElement":[{"@type":"ListItem","position":1,"name":"Startseite","item":"https:\/\/marktxxl.de\/markt\/"},{"@type":"ListItem","position":2,"name":"Markt","item":"https:\/\/marktxxl.de\/markt\/"},{"@type":"ListItem","position":3,"name":"CHI-ENTERPRISE &#8211; Premium Massagering f\u00fcr das Handgelenk | Antistress Armband Set | Akupressur Ring &#8211; Anxiety Ring\u2026"}]},{"@type":"WebSite","@id":"https:\/\/marktxxl.de\/markt\/#website","url":"https:\/\/marktxxl.de\/markt\/","name":"Markt-XXL","description":"Ihr Markt Online","publisher":{"@id":"https:\/\/marktxxl.de\/markt\/#organization"},"potentialAction":[{"@type":"SearchAction","target":{"@type":"EntryPoint","urlTemplate":"https:\/\/marktxxl.de\/markt\/?s={search_term_string}"},"query-input":{"@type":"PropertyValueSpecification","valueRequired":true,"valueName":"search_term_string"}}],"inLanguage":"de"},{"@type":"Organization","@id":"https:\/\/marktxxl.de\/markt\/#organization","name":"Markt-XXL","url":"https:\/\/marktxxl.de\/markt\/","logo":{"@type":"ImageObject","inLanguage":"de","@id":"https:\/\/marktxxl.de\/markt\/#\/schema\/logo\/image\/","url":"https:\/\/marktxxl.de\/markt\/wp-content\/uploads\/sites\/3\/2020\/12\/logo.png","contentUrl":"https:\/\/marktxxl.de\/markt\/wp-content\/uploads\/sites\/3\/2020\/12\/logo.png","width":200,"height":70,"caption":"Markt-XXL"},"image":{"@id":"https:\/\/marktxxl.de\/markt\/#\/schema\/logo\/image\/"}}]}},"_links":{"self":[{"href":"https:\/\/marktxxl.de\/markt\/wp-json\/wp\/v2\/product\/169484","targetHints":{"allow":["GET"]}}],"collection":[{"href":"https:\/\/marktxxl.de\/markt\/wp-json\/wp\/v2\/product"}],"about":[{"href":"https:\/\/marktxxl.de\/markt\/wp-json\/wp\/v2\/types\/product"}],"replies":[{"embeddable":true,"href":"https:\/\/marktxxl.de\/markt\/wp-json\/wp\/v2\/comments?post=169484"}],"wp:featuredmedia":[{"embeddable":true,"href":"https:\/\/marktxxl.de\/markt\/wp-json\/wp\/v2\/media\/169485"}],"wp:attachment":[{"href":"https:\/\/marktxxl.de\/markt\/wp-json\/wp\/v2\/media?parent=169484"}],"wp:term":[{"taxonomy":"product_brand","embeddable":true,"href":"https:\/\/marktxxl.de\/markt\/wp-json\/wp\/v2\/product_brand?post=169484"},{"taxonomy":"product_cat","embeddable":true,"href":"https:\/\/marktxxl.de\/markt\/wp-json\/wp\/v2\/product_cat?post=169484"},{"taxonomy":"product_tag","embeddable":true,"href":"https:\/\/marktxxl.de\/markt\/wp-json\/wp\/v2\/product_tag?post=169484"}],"curies":[{"name":"wp","href":"https:\/\/api.w.org\/{rel}","templated":true}]}}