{"id":169472,"date":"2022-12-10T20:35:35","date_gmt":"2022-12-10T19:35:35","guid":{"rendered":"https:\/\/marktxxl.de\/markt\/produkt\/unsichtbare-ringgroessenversteller-2-groessen-von-12-packungen-fuer-lose-ringe-fuer-maenner-und-frauen-passend-fuer-alle-ringe\/"},"modified":"2023-04-10T05:05:40","modified_gmt":"2023-04-10T03:05:40","slug":"unsichtbare-ringgroessenversteller-2-groessen-von-12-packungen-fuer-lose-ringe-fuer-maenner-und-frauen-passend-fuer-alle-ringe","status":"publish","type":"product","link":"https:\/\/marktxxl.de\/markt\/produkt\/unsichtbare-ringgroessenversteller-2-groessen-von-12-packungen-fuer-lose-ringe-fuer-maenner-und-frauen-passend-fuer-alle-ringe\/","title":{"rendered":"Unsichtbare Ringgr\u00f6\u00dfenversteller, 2 Gr\u00f6\u00dfen von 12 Packungen f\u00fcr lose Ringe, f\u00fcr M\u00e4nner und Frauen, passend f\u00fcr alle\u2026"},"content":{"rendered":"<p>Wenn der Ring etwas gr\u00f6\u00dfer als Ihr Finger ist, dann k\u00f6nnen Sie ihn verwenden, um Ihnen zu helfen, den Ring zu fixieren, Ihren Tragekomfort zu verbessern und auch die Sicherheit Ihres wertvollen Rings zu sch\u00fctzen.<br \/>\nZwei Gr\u00f6\u00dfen von Einstellern stehen zur Verf\u00fcgung: 6 Spulen mit einem Innendurchmesser von 1,5 mm eignen sich f\u00fcr Ringe mit einer Dicke von weniger als 3,5 mm und 6 Spulen mit einem Innendurchmesser von 2 mm sind f\u00fcr Ringe mit einer Dicke von 2 mm bis 4,5 mm geeignet.<br \/>\nHergestellt aus hochwertigen Materialien, ist es sehr weich, leicht und harmlos f\u00fcr den menschlichen K\u00f6rper, und Sie werden seine Existenz nicht sp\u00fcren, wenn Sie es verwenden.<br \/>\nVerdeckung: Wenn Sie es verwenden, werden andere nur Ihren sch\u00f6nen Ring bemerken und nicht die Anwesenheit des Einstellers.<br \/>\nEinfach zu bedienen: Wickeln Sie den Ringgr\u00f6\u00dfenversteller auf der R\u00fcckseite des Ringes. Der Ring wird sich straffen, wenn sich die Wickell\u00e4nge erh\u00f6ht, bis der Ring zu Ihrem Finger passt, und schneiden dann den \u00fcbersch\u00fcssigen Teil des Ringgr\u00f6\u00dfenverstellers ab.<br \/>\n<div class=\"main-cross-sell\" data-asin=\"B08YK7VRYS\">\n\n\t<div class=\"WooZone-cross-sell-loader\">\n\t\t<div>\n\t\t\t<div id=\"floatingBarsG\">\n\t\t\t\t<div class=\"blockG\" id=\"rotateG_01\"><\/div>\n\t\t\t\t<div class=\"blockG\" id=\"rotateG_02\"><\/div>\n\t\t\t\t<div class=\"blockG\" id=\"rotateG_03\"><\/div>\n\t\t\t\t<div class=\"blockG\" id=\"rotateG_04\"><\/div>\n\t\t\t\t<div class=\"blockG\" id=\"rotateG_05\"><\/div>\n\t\t\t\t<div class=\"blockG\" id=\"rotateG_06\"><\/div>\n\t\t\t\t<div class=\"blockG\" id=\"rotateG_07\"><\/div>\n\t\t\t\t<div class=\"blockG\" id=\"rotateG_08\"><\/div>\n\t\t\t<\/div>\n\t\t\t<div class=\"WooZone-cross-sell-loader-text\"><\/div>\n\t\t<\/div>\n\t<\/div>\n\n\t\t\n<\/div>\n<div style=\"clear:both;\"><\/div><\/p>\n","protected":false},"excerpt":{"rendered":"<p>Wenn der Ring etwas gr\u00f6\u00dfer als Ihr Finger ist, dann k\u00f6nnen Sie ihn verwenden, um Ihnen zu helfen, den Ring zu fixieren, Ihren Tragekomfort zu verbessern und auch die Sicherheit Ihres wertvollen Rings zu sch\u00fctzen.<br \/>\nZwei Gr\u00f6\u00dfen von Einstellern stehen zur Verf\u00fcgung: 6 Spulen mit einem Innendurchmesser von 1,5 mm eignen sich f\u00fcr Ringe mit einer Dicke von weniger als 3,5 mm und 6 Spulen mit einem Innendurchmesser von 2 mm sind f\u00fcr Ringe mit einer Dicke von 2 mm bis 4,5 mm geeignet.<br \/>\nHergestellt aus hochwertigen Materialien, ist es sehr weich, leicht und harmlos f\u00fcr den menschlichen K\u00f6rper, und Sie werden seine Existenz nicht sp\u00fcren, wenn Sie es verwenden.<\/p>\n","protected":false},"featured_media":169473,"comment_status":"open","ping_status":"closed","template":"","meta":[],"product_brand":[],"product_cat":[652,2977],"product_tag":[],"class_list":{"0":"post-169472","1":"product","2":"type-product","3":"status-publish","4":"has-post-thumbnail","6":"product_cat-erotik-markt-xxl","7":"product_cat-sexspielzeug","8":"pa_binding-buerobedarf-schreibwaren","9":"pa_brand-gumike","10":"pa_color-durchsichtig","11":"pa_manufacturer-gumike","13":"first","14":"instock","15":"shipping-taxable","16":"purchasable","17":"product-type-simple","18":"customify-col","19":"product-has-gallery"},"yoast_head":"<!-- This site is optimized with the Yoast SEO plugin v27.4 - https:\/\/yoast.com\/product\/yoast-seo-wordpress\/ -->\n<title>Unsichtbare Ringgr\u00f6\u00dfenversteller, 2 Gr\u00f6\u00dfen von 12 Packungen f\u00fcr lose Ringe, f\u00fcr M\u00e4nner und Frauen, passend f\u00fcr alle\u2026 - Markt-XXL<\/title>\n<meta name=\"description\" content=\"Markt-XXL Unsichtbare Ringgr\u00f6\u00dfenversteller, 2 Gr\u00f6\u00dfen von 12 Packungen f\u00fcr lose Ringe, f\u00fcr M\u00e4nner und Frauen, passend f\u00fcr alle\u2026\" \/>\n<meta name=\"robots\" content=\"index, follow, max-snippet:-1, max-image-preview:large, max-video-preview:-1\" \/>\n<link rel=\"canonical\" href=\"https:\/\/marktxxl.de\/markt\/produkt\/unsichtbare-ringgroessenversteller-2-groessen-von-12-packungen-fuer-lose-ringe-fuer-maenner-und-frauen-passend-fuer-alle-ringe\/\" \/>\n<meta property=\"og:locale\" content=\"de_DE\" \/>\n<meta property=\"og:type\" content=\"article\" \/>\n<meta property=\"og:title\" content=\"Unsichtbare Ringgr\u00f6\u00dfenversteller, 2 Gr\u00f6\u00dfen von 12 Packungen f\u00fcr lose Ringe, f\u00fcr M\u00e4nner und Frauen, passend f\u00fcr alle\u2026 - Markt-XXL\" \/>\n<meta property=\"og:description\" content=\"Markt-XXL Unsichtbare Ringgr\u00f6\u00dfenversteller, 2 Gr\u00f6\u00dfen von 12 Packungen f\u00fcr lose Ringe, f\u00fcr M\u00e4nner und Frauen, passend f\u00fcr alle\u2026\" \/>\n<meta property=\"og:url\" content=\"https:\/\/marktxxl.de\/markt\/produkt\/unsichtbare-ringgroessenversteller-2-groessen-von-12-packungen-fuer-lose-ringe-fuer-maenner-und-frauen-passend-fuer-alle-ringe\/\" \/>\n<meta property=\"og:site_name\" content=\"Markt-XXL\" \/>\n<meta property=\"article:modified_time\" content=\"2023-04-10T03:05:40+00:00\" \/>\n<meta property=\"og:image\" content=\"https:\/\/m.media-amazon.com\/images\/I\/51WytsvARAL._SL500_.jpg\" \/>\n\t<meta property=\"og:image:width\" content=\"498\" \/>\n\t<meta property=\"og:image:height\" content=\"500\" \/>\n\t<meta property=\"og:image:type\" content=\"image\/jpeg\" \/>\n<meta name=\"twitter:card\" content=\"summary_large_image\" \/>\n<meta name=\"twitter:label1\" content=\"Gesch\u00e4tzte Lesezeit\" \/>\n\t<meta name=\"twitter:data1\" content=\"1\u00a0Minute\" \/>\n<script type=\"application\/ld+json\" class=\"yoast-schema-graph\">{\"@context\":\"https:\\\/\\\/schema.org\",\"@graph\":[{\"@type\":\"WebPage\",\"@id\":\"https:\\\/\\\/marktxxl.de\\\/markt\\\/produkt\\\/unsichtbare-ringgroessenversteller-2-groessen-von-12-packungen-fuer-lose-ringe-fuer-maenner-und-frauen-passend-fuer-alle-ringe\\\/\",\"url\":\"https:\\\/\\\/marktxxl.de\\\/markt\\\/produkt\\\/unsichtbare-ringgroessenversteller-2-groessen-von-12-packungen-fuer-lose-ringe-fuer-maenner-und-frauen-passend-fuer-alle-ringe\\\/\",\"name\":\"Unsichtbare Ringgr\u00f6\u00dfenversteller, 2 Gr\u00f6\u00dfen von 12 Packungen f\u00fcr lose Ringe, f\u00fcr M\u00e4nner und Frauen, passend f\u00fcr alle\u2026 - Markt-XXL\",\"isPartOf\":{\"@id\":\"https:\\\/\\\/marktxxl.de\\\/markt\\\/#website\"},\"primaryImageOfPage\":{\"@id\":\"https:\\\/\\\/marktxxl.de\\\/markt\\\/produkt\\\/unsichtbare-ringgroessenversteller-2-groessen-von-12-packungen-fuer-lose-ringe-fuer-maenner-und-frauen-passend-fuer-alle-ringe\\\/#primaryimage\"},\"image\":{\"@id\":\"https:\\\/\\\/marktxxl.de\\\/markt\\\/produkt\\\/unsichtbare-ringgroessenversteller-2-groessen-von-12-packungen-fuer-lose-ringe-fuer-maenner-und-frauen-passend-fuer-alle-ringe\\\/#primaryimage\"},\"thumbnailUrl\":\"https:\\\/\\\/m.media-amazon.com\\\/images\\\/I\\\/51WytsvARAL._SL500_.jpg\",\"datePublished\":\"2022-12-10T19:35:35+00:00\",\"dateModified\":\"2023-04-10T03:05:40+00:00\",\"description\":\"Markt-XXL Unsichtbare Ringgr\u00f6\u00dfenversteller, 2 Gr\u00f6\u00dfen von 12 Packungen f\u00fcr lose Ringe, f\u00fcr M\u00e4nner und Frauen, passend f\u00fcr alle\u2026\",\"breadcrumb\":{\"@id\":\"https:\\\/\\\/marktxxl.de\\\/markt\\\/produkt\\\/unsichtbare-ringgroessenversteller-2-groessen-von-12-packungen-fuer-lose-ringe-fuer-maenner-und-frauen-passend-fuer-alle-ringe\\\/#breadcrumb\"},\"inLanguage\":\"de\",\"potentialAction\":[{\"@type\":\"ReadAction\",\"target\":[\"https:\\\/\\\/marktxxl.de\\\/markt\\\/produkt\\\/unsichtbare-ringgroessenversteller-2-groessen-von-12-packungen-fuer-lose-ringe-fuer-maenner-und-frauen-passend-fuer-alle-ringe\\\/\"]}]},{\"@type\":\"ImageObject\",\"inLanguage\":\"de\",\"@id\":\"https:\\\/\\\/marktxxl.de\\\/markt\\\/produkt\\\/unsichtbare-ringgroessenversteller-2-groessen-von-12-packungen-fuer-lose-ringe-fuer-maenner-und-frauen-passend-fuer-alle-ringe\\\/#primaryimage\",\"url\":\"https:\\\/\\\/m.media-amazon.com\\\/images\\\/I\\\/51WytsvARAL._SL500_.jpg\",\"contentUrl\":\"https:\\\/\\\/m.media-amazon.com\\\/images\\\/I\\\/51WytsvARAL._SL500_.jpg\",\"width\":498,\"height\":500},{\"@type\":\"BreadcrumbList\",\"@id\":\"https:\\\/\\\/marktxxl.de\\\/markt\\\/produkt\\\/unsichtbare-ringgroessenversteller-2-groessen-von-12-packungen-fuer-lose-ringe-fuer-maenner-und-frauen-passend-fuer-alle-ringe\\\/#breadcrumb\",\"itemListElement\":[{\"@type\":\"ListItem\",\"position\":1,\"name\":\"Startseite\",\"item\":\"https:\\\/\\\/marktxxl.de\\\/markt\\\/\"},{\"@type\":\"ListItem\",\"position\":2,\"name\":\"Markt\",\"item\":\"https:\\\/\\\/marktxxl.de\\\/markt\\\/\"},{\"@type\":\"ListItem\",\"position\":3,\"name\":\"Unsichtbare Ringgr\u00f6\u00dfenversteller, 2 Gr\u00f6\u00dfen von 12 Packungen f\u00fcr lose Ringe, f\u00fcr M\u00e4nner und Frauen, passend f\u00fcr alle\u2026\"}]},{\"@type\":\"WebSite\",\"@id\":\"https:\\\/\\\/marktxxl.de\\\/markt\\\/#website\",\"url\":\"https:\\\/\\\/marktxxl.de\\\/markt\\\/\",\"name\":\"Markt-XXL\",\"description\":\"Ihr Markt Online\",\"publisher\":{\"@id\":\"https:\\\/\\\/marktxxl.de\\\/markt\\\/#organization\"},\"potentialAction\":[{\"@type\":\"SearchAction\",\"target\":{\"@type\":\"EntryPoint\",\"urlTemplate\":\"https:\\\/\\\/marktxxl.de\\\/markt\\\/?s={search_term_string}\"},\"query-input\":{\"@type\":\"PropertyValueSpecification\",\"valueRequired\":true,\"valueName\":\"search_term_string\"}}],\"inLanguage\":\"de\"},{\"@type\":\"Organization\",\"@id\":\"https:\\\/\\\/marktxxl.de\\\/markt\\\/#organization\",\"name\":\"Markt-XXL\",\"url\":\"https:\\\/\\\/marktxxl.de\\\/markt\\\/\",\"logo\":{\"@type\":\"ImageObject\",\"inLanguage\":\"de\",\"@id\":\"https:\\\/\\\/marktxxl.de\\\/markt\\\/#\\\/schema\\\/logo\\\/image\\\/\",\"url\":\"https:\\\/\\\/marktxxl.de\\\/markt\\\/wp-content\\\/uploads\\\/sites\\\/3\\\/2020\\\/12\\\/logo.png\",\"contentUrl\":\"https:\\\/\\\/marktxxl.de\\\/markt\\\/wp-content\\\/uploads\\\/sites\\\/3\\\/2020\\\/12\\\/logo.png\",\"width\":200,\"height\":70,\"caption\":\"Markt-XXL\"},\"image\":{\"@id\":\"https:\\\/\\\/marktxxl.de\\\/markt\\\/#\\\/schema\\\/logo\\\/image\\\/\"}}]}<\/script>\n<!-- \/ Yoast SEO plugin. -->","yoast_head_json":{"title":"Unsichtbare Ringgr\u00f6\u00dfenversteller, 2 Gr\u00f6\u00dfen von 12 Packungen f\u00fcr lose Ringe, f\u00fcr M\u00e4nner und Frauen, passend f\u00fcr alle\u2026 - Markt-XXL","description":"Markt-XXL Unsichtbare Ringgr\u00f6\u00dfenversteller, 2 Gr\u00f6\u00dfen von 12 Packungen f\u00fcr lose Ringe, f\u00fcr M\u00e4nner und Frauen, passend f\u00fcr alle\u2026","robots":{"index":"index","follow":"follow","max-snippet":"max-snippet:-1","max-image-preview":"max-image-preview:large","max-video-preview":"max-video-preview:-1"},"canonical":"https:\/\/marktxxl.de\/markt\/produkt\/unsichtbare-ringgroessenversteller-2-groessen-von-12-packungen-fuer-lose-ringe-fuer-maenner-und-frauen-passend-fuer-alle-ringe\/","og_locale":"de_DE","og_type":"article","og_title":"Unsichtbare Ringgr\u00f6\u00dfenversteller, 2 Gr\u00f6\u00dfen von 12 Packungen f\u00fcr lose Ringe, f\u00fcr M\u00e4nner und Frauen, passend f\u00fcr alle\u2026 - Markt-XXL","og_description":"Markt-XXL Unsichtbare Ringgr\u00f6\u00dfenversteller, 2 Gr\u00f6\u00dfen von 12 Packungen f\u00fcr lose Ringe, f\u00fcr M\u00e4nner und Frauen, passend f\u00fcr alle\u2026","og_url":"https:\/\/marktxxl.de\/markt\/produkt\/unsichtbare-ringgroessenversteller-2-groessen-von-12-packungen-fuer-lose-ringe-fuer-maenner-und-frauen-passend-fuer-alle-ringe\/","og_site_name":"Markt-XXL","article_modified_time":"2023-04-10T03:05:40+00:00","og_image":[{"width":498,"height":500,"url":"https:\/\/m.media-amazon.com\/images\/I\/51WytsvARAL._SL500_.jpg","type":"image\/jpeg"}],"twitter_card":"summary_large_image","twitter_misc":{"Gesch\u00e4tzte Lesezeit":"1\u00a0Minute"},"schema":{"@context":"https:\/\/schema.org","@graph":[{"@type":"WebPage","@id":"https:\/\/marktxxl.de\/markt\/produkt\/unsichtbare-ringgroessenversteller-2-groessen-von-12-packungen-fuer-lose-ringe-fuer-maenner-und-frauen-passend-fuer-alle-ringe\/","url":"https:\/\/marktxxl.de\/markt\/produkt\/unsichtbare-ringgroessenversteller-2-groessen-von-12-packungen-fuer-lose-ringe-fuer-maenner-und-frauen-passend-fuer-alle-ringe\/","name":"Unsichtbare Ringgr\u00f6\u00dfenversteller, 2 Gr\u00f6\u00dfen von 12 Packungen f\u00fcr lose Ringe, f\u00fcr M\u00e4nner und Frauen, passend f\u00fcr alle\u2026 - Markt-XXL","isPartOf":{"@id":"https:\/\/marktxxl.de\/markt\/#website"},"primaryImageOfPage":{"@id":"https:\/\/marktxxl.de\/markt\/produkt\/unsichtbare-ringgroessenversteller-2-groessen-von-12-packungen-fuer-lose-ringe-fuer-maenner-und-frauen-passend-fuer-alle-ringe\/#primaryimage"},"image":{"@id":"https:\/\/marktxxl.de\/markt\/produkt\/unsichtbare-ringgroessenversteller-2-groessen-von-12-packungen-fuer-lose-ringe-fuer-maenner-und-frauen-passend-fuer-alle-ringe\/#primaryimage"},"thumbnailUrl":"https:\/\/m.media-amazon.com\/images\/I\/51WytsvARAL._SL500_.jpg","datePublished":"2022-12-10T19:35:35+00:00","dateModified":"2023-04-10T03:05:40+00:00","description":"Markt-XXL Unsichtbare Ringgr\u00f6\u00dfenversteller, 2 Gr\u00f6\u00dfen von 12 Packungen f\u00fcr lose Ringe, f\u00fcr M\u00e4nner und Frauen, passend f\u00fcr alle\u2026","breadcrumb":{"@id":"https:\/\/marktxxl.de\/markt\/produkt\/unsichtbare-ringgroessenversteller-2-groessen-von-12-packungen-fuer-lose-ringe-fuer-maenner-und-frauen-passend-fuer-alle-ringe\/#breadcrumb"},"inLanguage":"de","potentialAction":[{"@type":"ReadAction","target":["https:\/\/marktxxl.de\/markt\/produkt\/unsichtbare-ringgroessenversteller-2-groessen-von-12-packungen-fuer-lose-ringe-fuer-maenner-und-frauen-passend-fuer-alle-ringe\/"]}]},{"@type":"ImageObject","inLanguage":"de","@id":"https:\/\/marktxxl.de\/markt\/produkt\/unsichtbare-ringgroessenversteller-2-groessen-von-12-packungen-fuer-lose-ringe-fuer-maenner-und-frauen-passend-fuer-alle-ringe\/#primaryimage","url":"https:\/\/m.media-amazon.com\/images\/I\/51WytsvARAL._SL500_.jpg","contentUrl":"https:\/\/m.media-amazon.com\/images\/I\/51WytsvARAL._SL500_.jpg","width":498,"height":500},{"@type":"BreadcrumbList","@id":"https:\/\/marktxxl.de\/markt\/produkt\/unsichtbare-ringgroessenversteller-2-groessen-von-12-packungen-fuer-lose-ringe-fuer-maenner-und-frauen-passend-fuer-alle-ringe\/#breadcrumb","itemListElement":[{"@type":"ListItem","position":1,"name":"Startseite","item":"https:\/\/marktxxl.de\/markt\/"},{"@type":"ListItem","position":2,"name":"Markt","item":"https:\/\/marktxxl.de\/markt\/"},{"@type":"ListItem","position":3,"name":"Unsichtbare Ringgr\u00f6\u00dfenversteller, 2 Gr\u00f6\u00dfen von 12 Packungen f\u00fcr lose Ringe, f\u00fcr M\u00e4nner und Frauen, passend f\u00fcr alle\u2026"}]},{"@type":"WebSite","@id":"https:\/\/marktxxl.de\/markt\/#website","url":"https:\/\/marktxxl.de\/markt\/","name":"Markt-XXL","description":"Ihr Markt Online","publisher":{"@id":"https:\/\/marktxxl.de\/markt\/#organization"},"potentialAction":[{"@type":"SearchAction","target":{"@type":"EntryPoint","urlTemplate":"https:\/\/marktxxl.de\/markt\/?s={search_term_string}"},"query-input":{"@type":"PropertyValueSpecification","valueRequired":true,"valueName":"search_term_string"}}],"inLanguage":"de"},{"@type":"Organization","@id":"https:\/\/marktxxl.de\/markt\/#organization","name":"Markt-XXL","url":"https:\/\/marktxxl.de\/markt\/","logo":{"@type":"ImageObject","inLanguage":"de","@id":"https:\/\/marktxxl.de\/markt\/#\/schema\/logo\/image\/","url":"https:\/\/marktxxl.de\/markt\/wp-content\/uploads\/sites\/3\/2020\/12\/logo.png","contentUrl":"https:\/\/marktxxl.de\/markt\/wp-content\/uploads\/sites\/3\/2020\/12\/logo.png","width":200,"height":70,"caption":"Markt-XXL"},"image":{"@id":"https:\/\/marktxxl.de\/markt\/#\/schema\/logo\/image\/"}}]}},"_links":{"self":[{"href":"https:\/\/marktxxl.de\/markt\/wp-json\/wp\/v2\/product\/169472","targetHints":{"allow":["GET"]}}],"collection":[{"href":"https:\/\/marktxxl.de\/markt\/wp-json\/wp\/v2\/product"}],"about":[{"href":"https:\/\/marktxxl.de\/markt\/wp-json\/wp\/v2\/types\/product"}],"replies":[{"embeddable":true,"href":"https:\/\/marktxxl.de\/markt\/wp-json\/wp\/v2\/comments?post=169472"}],"wp:featuredmedia":[{"embeddable":true,"href":"https:\/\/marktxxl.de\/markt\/wp-json\/wp\/v2\/media\/169473"}],"wp:attachment":[{"href":"https:\/\/marktxxl.de\/markt\/wp-json\/wp\/v2\/media?parent=169472"}],"wp:term":[{"taxonomy":"product_brand","embeddable":true,"href":"https:\/\/marktxxl.de\/markt\/wp-json\/wp\/v2\/product_brand?post=169472"},{"taxonomy":"product_cat","embeddable":true,"href":"https:\/\/marktxxl.de\/markt\/wp-json\/wp\/v2\/product_cat?post=169472"},{"taxonomy":"product_tag","embeddable":true,"href":"https:\/\/marktxxl.de\/markt\/wp-json\/wp\/v2\/product_tag?post=169472"}],"curies":[{"name":"wp","href":"https:\/\/api.w.org\/{rel}","templated":true}]}}