{"id":169464,"date":"2022-12-10T20:35:21","date_gmt":"2022-12-10T19:35:21","guid":{"rendered":"https:\/\/marktxxl.de\/markt\/produkt\/massageringe-fuer-finger-und-handgelenk-akupressur-ring-armband-stressabbau-fuer-arthrose-foerderung-der-durchblutung-ringe-set\/"},"modified":"2023-04-10T05:05:39","modified_gmt":"2023-04-10T03:05:39","slug":"massageringe-fuer-finger-und-handgelenk-akupressur-ring-armband-stressabbau-fuer-arthrose-foerderung-der-durchblutung-ringe-set","status":"publish","type":"product","link":"https:\/\/marktxxl.de\/markt\/produkt\/massageringe-fuer-finger-und-handgelenk-akupressur-ring-armband-stressabbau-fuer-arthrose-foerderung-der-durchblutung-ringe-set\/","title":{"rendered":"Massageringe f\u00fcr Finger und Handgelenk Akupressur Ring Armband Stressabbau f\u00fcr Arthrose F\u00f6rderung der Durchblutung Ringe\u2026"},"content":{"rendered":"<p>Robust und langlebig: Wir haben das Produkt neu gestaltet und aktualisiert und es wird nicht mehr kaputt gehen\u3002 Separate Verst\u00e4rkungsbehandlung an den N\u00e4hten und werden auch bei h\u00e4ufigem Gebrauch nicht rei\u00dfen. Hergestellt aus medizinischem Metall f\u00fcr direkten Hautkontakt.<br \/>\nVielseitige Massage: Das Hand Massage Set besteht aus 5 Finger-Massageringen, 2 Handgelenk-Massageringen und 1 Tasche. Handgelenk-Massageringe k\u00f6nnen auch f\u00fcr Kn\u00f6chelmassagen verwendet werden.<br \/>\nF\u00f6rderung der Durchblutung: Der Entwurf von Massageringe basiert auf Akupunkturtechniken. Es hilft bei der Linderung von Schmerzen nach l\u00e4ngerer Handarbeit.<br \/>\nVerwendungsanweisung: Rollen Sie einfach den Massagering auf und ab von den Fingerspitzen zu den Fingergelenken. 1-2 Male jeden Tag (1-2 Minuten), bis zu 20 Malen pro Finger.<br \/>\nAls eine Art Akupressur, die Schwellungen abzubauen und die Beweglichkeit zu verbessern, um den Narbenbereich zu stimulieren. sei es Stress, Angst oder Nervosit\u00e4t. Auch bei Menschen mit ADD\/ADHS oder f\u00fcr zapplige Menschen ein tolles Gadget mit dem man sich &#8220;besch\u00e4ftigen&#8221; kann.<br \/>\n<div class=\"main-cross-sell\" data-asin=\"B09HTZHRHN\">\n\n\t<div class=\"WooZone-cross-sell-loader\">\n\t\t<div>\n\t\t\t<div id=\"floatingBarsG\">\n\t\t\t\t<div class=\"blockG\" id=\"rotateG_01\"><\/div>\n\t\t\t\t<div class=\"blockG\" id=\"rotateG_02\"><\/div>\n\t\t\t\t<div class=\"blockG\" id=\"rotateG_03\"><\/div>\n\t\t\t\t<div class=\"blockG\" id=\"rotateG_04\"><\/div>\n\t\t\t\t<div class=\"blockG\" id=\"rotateG_05\"><\/div>\n\t\t\t\t<div class=\"blockG\" id=\"rotateG_06\"><\/div>\n\t\t\t\t<div class=\"blockG\" id=\"rotateG_07\"><\/div>\n\t\t\t\t<div class=\"blockG\" id=\"rotateG_08\"><\/div>\n\t\t\t<\/div>\n\t\t\t<div class=\"WooZone-cross-sell-loader-text\"><\/div>\n\t\t<\/div>\n\t<\/div>\n\n\t\t\n<\/div>\n<div style=\"clear:both;\"><\/div><\/p>\n","protected":false},"excerpt":{"rendered":"<p>Robust und langlebig: Wir haben das Produkt neu gestaltet und aktualisiert und es wird nicht mehr kaputt gehen\u3002 Separate Verst\u00e4rkungsbehandlung an den N\u00e4hten und werden auch bei h\u00e4ufigem Gebrauch nicht rei\u00dfen. Hergestellt aus medizinischem Metall f\u00fcr direkten Hautkontakt.<br \/>\nVielseitige Massage: Das Hand Massage Set besteht aus 5 Finger-Massageringen, 2 Handgelenk-Massageringen und 1 Tasche. Handgelenk-Massageringe k\u00f6nnen auch f\u00fcr Kn\u00f6chelmassagen verwendet werden.<br \/>\nF\u00f6rderung der Durchblutung: Der Entwurf von Massageringe basiert auf Akupunkturtechniken. Es hilft bei der Linderung von Schmerzen nach l\u00e4ngerer Handarbeit.<\/p>\n","protected":false},"featured_media":169465,"comment_status":"open","ping_status":"closed","template":"","meta":[],"product_brand":[],"product_cat":[652,2977],"product_tag":[],"class_list":{"0":"post-169464","1":"product","2":"type-product","3":"status-publish","4":"has-post-thumbnail","6":"product_cat-erotik-markt-xxl","7":"product_cat-sexspielzeug","8":"pa_binding-badartikel","9":"pa_brand-murlancra","10":"pa_color-gold","11":"pa_height-0-8267716527-zoll","12":"pa_length-6-299212592-zoll","13":"pa_manufacturer-murlancra","14":"pa_model-c_aringe001","15":"pa_width-4-8425196801-zoll","17":"first","18":"instock","19":"shipping-taxable","20":"purchasable","21":"product-type-simple","22":"customify-col","23":"product-has-gallery"},"yoast_head":"<!-- This site is optimized with the Yoast SEO plugin v27.3 - https:\/\/yoast.com\/product\/yoast-seo-wordpress\/ -->\n<title>Massageringe f\u00fcr Finger und Handgelenk Akupressur Ring Armband Stressabbau f\u00fcr Arthrose F\u00f6rderung der Durchblutung Ringe\u2026 - Markt-XXL<\/title>\n<meta name=\"description\" content=\"Markt-XXL Massageringe f\u00fcr Finger und Handgelenk Akupressur Ring Armband Stressabbau f\u00fcr Arthrose F\u00f6rderung der Durchblutung Ringe\u2026\" \/>\n<meta name=\"robots\" content=\"index, follow, max-snippet:-1, max-image-preview:large, max-video-preview:-1\" \/>\n<link rel=\"canonical\" href=\"https:\/\/marktxxl.de\/markt\/produkt\/massageringe-fuer-finger-und-handgelenk-akupressur-ring-armband-stressabbau-fuer-arthrose-foerderung-der-durchblutung-ringe-set\/\" \/>\n<meta property=\"og:locale\" content=\"de_DE\" \/>\n<meta property=\"og:type\" content=\"article\" \/>\n<meta property=\"og:title\" content=\"Massageringe f\u00fcr Finger und Handgelenk Akupressur Ring Armband Stressabbau f\u00fcr Arthrose F\u00f6rderung der Durchblutung Ringe\u2026 - Markt-XXL\" \/>\n<meta property=\"og:description\" content=\"Markt-XXL Massageringe f\u00fcr Finger und Handgelenk Akupressur Ring Armband Stressabbau f\u00fcr Arthrose F\u00f6rderung der Durchblutung Ringe\u2026\" \/>\n<meta property=\"og:url\" content=\"https:\/\/marktxxl.de\/markt\/produkt\/massageringe-fuer-finger-und-handgelenk-akupressur-ring-armband-stressabbau-fuer-arthrose-foerderung-der-durchblutung-ringe-set\/\" \/>\n<meta property=\"og:site_name\" content=\"Markt-XXL\" \/>\n<meta property=\"article:modified_time\" content=\"2023-04-10T03:05:39+00:00\" \/>\n<meta property=\"og:image\" content=\"https:\/\/m.media-amazon.com\/images\/I\/51vpGEC31KL._SL500_.jpg\" \/>\n\t<meta property=\"og:image:width\" content=\"500\" \/>\n\t<meta property=\"og:image:height\" content=\"500\" \/>\n\t<meta property=\"og:image:type\" content=\"image\/jpeg\" \/>\n<meta name=\"twitter:card\" content=\"summary_large_image\" \/>\n<meta name=\"twitter:label1\" content=\"Gesch\u00e4tzte Lesezeit\" \/>\n\t<meta name=\"twitter:data1\" content=\"1\u00a0Minute\" \/>\n<script type=\"application\/ld+json\" class=\"yoast-schema-graph\">{\"@context\":\"https:\\\/\\\/schema.org\",\"@graph\":[{\"@type\":\"WebPage\",\"@id\":\"https:\\\/\\\/marktxxl.de\\\/markt\\\/produkt\\\/massageringe-fuer-finger-und-handgelenk-akupressur-ring-armband-stressabbau-fuer-arthrose-foerderung-der-durchblutung-ringe-set\\\/\",\"url\":\"https:\\\/\\\/marktxxl.de\\\/markt\\\/produkt\\\/massageringe-fuer-finger-und-handgelenk-akupressur-ring-armband-stressabbau-fuer-arthrose-foerderung-der-durchblutung-ringe-set\\\/\",\"name\":\"Massageringe f\u00fcr Finger und Handgelenk Akupressur Ring Armband Stressabbau f\u00fcr Arthrose F\u00f6rderung der Durchblutung Ringe\u2026 - Markt-XXL\",\"isPartOf\":{\"@id\":\"https:\\\/\\\/marktxxl.de\\\/markt\\\/#website\"},\"primaryImageOfPage\":{\"@id\":\"https:\\\/\\\/marktxxl.de\\\/markt\\\/produkt\\\/massageringe-fuer-finger-und-handgelenk-akupressur-ring-armband-stressabbau-fuer-arthrose-foerderung-der-durchblutung-ringe-set\\\/#primaryimage\"},\"image\":{\"@id\":\"https:\\\/\\\/marktxxl.de\\\/markt\\\/produkt\\\/massageringe-fuer-finger-und-handgelenk-akupressur-ring-armband-stressabbau-fuer-arthrose-foerderung-der-durchblutung-ringe-set\\\/#primaryimage\"},\"thumbnailUrl\":\"https:\\\/\\\/m.media-amazon.com\\\/images\\\/I\\\/51vpGEC31KL._SL500_.jpg\",\"datePublished\":\"2022-12-10T19:35:21+00:00\",\"dateModified\":\"2023-04-10T03:05:39+00:00\",\"description\":\"Markt-XXL Massageringe f\u00fcr Finger und Handgelenk Akupressur Ring Armband Stressabbau f\u00fcr Arthrose F\u00f6rderung der Durchblutung Ringe\u2026\",\"breadcrumb\":{\"@id\":\"https:\\\/\\\/marktxxl.de\\\/markt\\\/produkt\\\/massageringe-fuer-finger-und-handgelenk-akupressur-ring-armband-stressabbau-fuer-arthrose-foerderung-der-durchblutung-ringe-set\\\/#breadcrumb\"},\"inLanguage\":\"de\",\"potentialAction\":[{\"@type\":\"ReadAction\",\"target\":[\"https:\\\/\\\/marktxxl.de\\\/markt\\\/produkt\\\/massageringe-fuer-finger-und-handgelenk-akupressur-ring-armband-stressabbau-fuer-arthrose-foerderung-der-durchblutung-ringe-set\\\/\"]}]},{\"@type\":\"ImageObject\",\"inLanguage\":\"de\",\"@id\":\"https:\\\/\\\/marktxxl.de\\\/markt\\\/produkt\\\/massageringe-fuer-finger-und-handgelenk-akupressur-ring-armband-stressabbau-fuer-arthrose-foerderung-der-durchblutung-ringe-set\\\/#primaryimage\",\"url\":\"https:\\\/\\\/m.media-amazon.com\\\/images\\\/I\\\/51vpGEC31KL._SL500_.jpg\",\"contentUrl\":\"https:\\\/\\\/m.media-amazon.com\\\/images\\\/I\\\/51vpGEC31KL._SL500_.jpg\",\"width\":500,\"height\":500},{\"@type\":\"BreadcrumbList\",\"@id\":\"https:\\\/\\\/marktxxl.de\\\/markt\\\/produkt\\\/massageringe-fuer-finger-und-handgelenk-akupressur-ring-armband-stressabbau-fuer-arthrose-foerderung-der-durchblutung-ringe-set\\\/#breadcrumb\",\"itemListElement\":[{\"@type\":\"ListItem\",\"position\":1,\"name\":\"Startseite\",\"item\":\"https:\\\/\\\/marktxxl.de\\\/markt\\\/\"},{\"@type\":\"ListItem\",\"position\":2,\"name\":\"Markt\",\"item\":\"https:\\\/\\\/marktxxl.de\\\/markt\\\/\"},{\"@type\":\"ListItem\",\"position\":3,\"name\":\"Massageringe f\u00fcr Finger und Handgelenk Akupressur Ring Armband Stressabbau f\u00fcr Arthrose F\u00f6rderung der Durchblutung Ringe\u2026\"}]},{\"@type\":\"WebSite\",\"@id\":\"https:\\\/\\\/marktxxl.de\\\/markt\\\/#website\",\"url\":\"https:\\\/\\\/marktxxl.de\\\/markt\\\/\",\"name\":\"Markt-XXL\",\"description\":\"Ihr Markt Online\",\"publisher\":{\"@id\":\"https:\\\/\\\/marktxxl.de\\\/markt\\\/#organization\"},\"potentialAction\":[{\"@type\":\"SearchAction\",\"target\":{\"@type\":\"EntryPoint\",\"urlTemplate\":\"https:\\\/\\\/marktxxl.de\\\/markt\\\/?s={search_term_string}\"},\"query-input\":{\"@type\":\"PropertyValueSpecification\",\"valueRequired\":true,\"valueName\":\"search_term_string\"}}],\"inLanguage\":\"de\"},{\"@type\":\"Organization\",\"@id\":\"https:\\\/\\\/marktxxl.de\\\/markt\\\/#organization\",\"name\":\"Markt-XXL\",\"url\":\"https:\\\/\\\/marktxxl.de\\\/markt\\\/\",\"logo\":{\"@type\":\"ImageObject\",\"inLanguage\":\"de\",\"@id\":\"https:\\\/\\\/marktxxl.de\\\/markt\\\/#\\\/schema\\\/logo\\\/image\\\/\",\"url\":\"https:\\\/\\\/marktxxl.de\\\/markt\\\/wp-content\\\/uploads\\\/sites\\\/3\\\/2020\\\/12\\\/logo.png\",\"contentUrl\":\"https:\\\/\\\/marktxxl.de\\\/markt\\\/wp-content\\\/uploads\\\/sites\\\/3\\\/2020\\\/12\\\/logo.png\",\"width\":200,\"height\":70,\"caption\":\"Markt-XXL\"},\"image\":{\"@id\":\"https:\\\/\\\/marktxxl.de\\\/markt\\\/#\\\/schema\\\/logo\\\/image\\\/\"}}]}<\/script>\n<!-- \/ Yoast SEO plugin. -->","yoast_head_json":{"title":"Massageringe f\u00fcr Finger und Handgelenk Akupressur Ring Armband Stressabbau f\u00fcr Arthrose F\u00f6rderung der Durchblutung Ringe\u2026 - Markt-XXL","description":"Markt-XXL Massageringe f\u00fcr Finger und Handgelenk Akupressur Ring Armband Stressabbau f\u00fcr Arthrose F\u00f6rderung der Durchblutung Ringe\u2026","robots":{"index":"index","follow":"follow","max-snippet":"max-snippet:-1","max-image-preview":"max-image-preview:large","max-video-preview":"max-video-preview:-1"},"canonical":"https:\/\/marktxxl.de\/markt\/produkt\/massageringe-fuer-finger-und-handgelenk-akupressur-ring-armband-stressabbau-fuer-arthrose-foerderung-der-durchblutung-ringe-set\/","og_locale":"de_DE","og_type":"article","og_title":"Massageringe f\u00fcr Finger und Handgelenk Akupressur Ring Armband Stressabbau f\u00fcr Arthrose F\u00f6rderung der Durchblutung Ringe\u2026 - Markt-XXL","og_description":"Markt-XXL Massageringe f\u00fcr Finger und Handgelenk Akupressur Ring Armband Stressabbau f\u00fcr Arthrose F\u00f6rderung der Durchblutung Ringe\u2026","og_url":"https:\/\/marktxxl.de\/markt\/produkt\/massageringe-fuer-finger-und-handgelenk-akupressur-ring-armband-stressabbau-fuer-arthrose-foerderung-der-durchblutung-ringe-set\/","og_site_name":"Markt-XXL","article_modified_time":"2023-04-10T03:05:39+00:00","og_image":[{"width":500,"height":500,"url":"https:\/\/m.media-amazon.com\/images\/I\/51vpGEC31KL._SL500_.jpg","type":"image\/jpeg"}],"twitter_card":"summary_large_image","twitter_misc":{"Gesch\u00e4tzte Lesezeit":"1\u00a0Minute"},"schema":{"@context":"https:\/\/schema.org","@graph":[{"@type":"WebPage","@id":"https:\/\/marktxxl.de\/markt\/produkt\/massageringe-fuer-finger-und-handgelenk-akupressur-ring-armband-stressabbau-fuer-arthrose-foerderung-der-durchblutung-ringe-set\/","url":"https:\/\/marktxxl.de\/markt\/produkt\/massageringe-fuer-finger-und-handgelenk-akupressur-ring-armband-stressabbau-fuer-arthrose-foerderung-der-durchblutung-ringe-set\/","name":"Massageringe f\u00fcr Finger und Handgelenk Akupressur Ring Armband Stressabbau f\u00fcr Arthrose F\u00f6rderung der Durchblutung Ringe\u2026 - Markt-XXL","isPartOf":{"@id":"https:\/\/marktxxl.de\/markt\/#website"},"primaryImageOfPage":{"@id":"https:\/\/marktxxl.de\/markt\/produkt\/massageringe-fuer-finger-und-handgelenk-akupressur-ring-armband-stressabbau-fuer-arthrose-foerderung-der-durchblutung-ringe-set\/#primaryimage"},"image":{"@id":"https:\/\/marktxxl.de\/markt\/produkt\/massageringe-fuer-finger-und-handgelenk-akupressur-ring-armband-stressabbau-fuer-arthrose-foerderung-der-durchblutung-ringe-set\/#primaryimage"},"thumbnailUrl":"https:\/\/m.media-amazon.com\/images\/I\/51vpGEC31KL._SL500_.jpg","datePublished":"2022-12-10T19:35:21+00:00","dateModified":"2023-04-10T03:05:39+00:00","description":"Markt-XXL Massageringe f\u00fcr Finger und Handgelenk Akupressur Ring Armband Stressabbau f\u00fcr Arthrose F\u00f6rderung der Durchblutung Ringe\u2026","breadcrumb":{"@id":"https:\/\/marktxxl.de\/markt\/produkt\/massageringe-fuer-finger-und-handgelenk-akupressur-ring-armband-stressabbau-fuer-arthrose-foerderung-der-durchblutung-ringe-set\/#breadcrumb"},"inLanguage":"de","potentialAction":[{"@type":"ReadAction","target":["https:\/\/marktxxl.de\/markt\/produkt\/massageringe-fuer-finger-und-handgelenk-akupressur-ring-armband-stressabbau-fuer-arthrose-foerderung-der-durchblutung-ringe-set\/"]}]},{"@type":"ImageObject","inLanguage":"de","@id":"https:\/\/marktxxl.de\/markt\/produkt\/massageringe-fuer-finger-und-handgelenk-akupressur-ring-armband-stressabbau-fuer-arthrose-foerderung-der-durchblutung-ringe-set\/#primaryimage","url":"https:\/\/m.media-amazon.com\/images\/I\/51vpGEC31KL._SL500_.jpg","contentUrl":"https:\/\/m.media-amazon.com\/images\/I\/51vpGEC31KL._SL500_.jpg","width":500,"height":500},{"@type":"BreadcrumbList","@id":"https:\/\/marktxxl.de\/markt\/produkt\/massageringe-fuer-finger-und-handgelenk-akupressur-ring-armband-stressabbau-fuer-arthrose-foerderung-der-durchblutung-ringe-set\/#breadcrumb","itemListElement":[{"@type":"ListItem","position":1,"name":"Startseite","item":"https:\/\/marktxxl.de\/markt\/"},{"@type":"ListItem","position":2,"name":"Markt","item":"https:\/\/marktxxl.de\/markt\/"},{"@type":"ListItem","position":3,"name":"Massageringe f\u00fcr Finger und Handgelenk Akupressur Ring Armband Stressabbau f\u00fcr Arthrose F\u00f6rderung der Durchblutung Ringe\u2026"}]},{"@type":"WebSite","@id":"https:\/\/marktxxl.de\/markt\/#website","url":"https:\/\/marktxxl.de\/markt\/","name":"Markt-XXL","description":"Ihr Markt Online","publisher":{"@id":"https:\/\/marktxxl.de\/markt\/#organization"},"potentialAction":[{"@type":"SearchAction","target":{"@type":"EntryPoint","urlTemplate":"https:\/\/marktxxl.de\/markt\/?s={search_term_string}"},"query-input":{"@type":"PropertyValueSpecification","valueRequired":true,"valueName":"search_term_string"}}],"inLanguage":"de"},{"@type":"Organization","@id":"https:\/\/marktxxl.de\/markt\/#organization","name":"Markt-XXL","url":"https:\/\/marktxxl.de\/markt\/","logo":{"@type":"ImageObject","inLanguage":"de","@id":"https:\/\/marktxxl.de\/markt\/#\/schema\/logo\/image\/","url":"https:\/\/marktxxl.de\/markt\/wp-content\/uploads\/sites\/3\/2020\/12\/logo.png","contentUrl":"https:\/\/marktxxl.de\/markt\/wp-content\/uploads\/sites\/3\/2020\/12\/logo.png","width":200,"height":70,"caption":"Markt-XXL"},"image":{"@id":"https:\/\/marktxxl.de\/markt\/#\/schema\/logo\/image\/"}}]}},"_links":{"self":[{"href":"https:\/\/marktxxl.de\/markt\/wp-json\/wp\/v2\/product\/169464","targetHints":{"allow":["GET"]}}],"collection":[{"href":"https:\/\/marktxxl.de\/markt\/wp-json\/wp\/v2\/product"}],"about":[{"href":"https:\/\/marktxxl.de\/markt\/wp-json\/wp\/v2\/types\/product"}],"replies":[{"embeddable":true,"href":"https:\/\/marktxxl.de\/markt\/wp-json\/wp\/v2\/comments?post=169464"}],"wp:featuredmedia":[{"embeddable":true,"href":"https:\/\/marktxxl.de\/markt\/wp-json\/wp\/v2\/media\/169465"}],"wp:attachment":[{"href":"https:\/\/marktxxl.de\/markt\/wp-json\/wp\/v2\/media?parent=169464"}],"wp:term":[{"taxonomy":"product_brand","embeddable":true,"href":"https:\/\/marktxxl.de\/markt\/wp-json\/wp\/v2\/product_brand?post=169464"},{"taxonomy":"product_cat","embeddable":true,"href":"https:\/\/marktxxl.de\/markt\/wp-json\/wp\/v2\/product_cat?post=169464"},{"taxonomy":"product_tag","embeddable":true,"href":"https:\/\/marktxxl.de\/markt\/wp-json\/wp\/v2\/product_tag?post=169464"}],"curies":[{"name":"wp","href":"https:\/\/api.w.org\/{rel}","templated":true}]}}