{"id":169395,"date":"2022-12-10T20:32:08","date_gmt":"2022-12-10T19:32:08","guid":{"rendered":"https:\/\/marktxxl.de\/markt\/produkt\/solvera_ltd-babynest-2seitig-kokon-minky100-baumwolle-babybett-nestchen-fuer-neugeborene-kuschelnest-weiches-und-sicheres-baby-reisebett-50x90\/"},"modified":"2023-04-10T05:05:36","modified_gmt":"2023-04-10T03:05:36","slug":"solvera_ltd-babynest-2seitig-kokon-minky100-baumwolle-babybett-nestchen-fuer-neugeborene-kuschelnest-weiches-und-sicheres-baby-reisebett-50x90","status":"publish","type":"product","link":"https:\/\/marktxxl.de\/markt\/produkt\/solvera_ltd-babynest-2seitig-kokon-minky100-baumwolle-babybett-nestchen-fuer-neugeborene-kuschelnest-weiches-und-sicheres-baby-reisebett-50x90\/","title":{"rendered":"Solvera_Ltd Babynest 2seitig Kokon MINKY+100% Baumwolle Babybett Nestchen f\u00fcr Neugeborene Kuschelnest Weiches und\u2026"},"content":{"rendered":"<p>\ud83d\udc76 WARMES NESTCHEN mit MINKY : Das Babynest ist kuschlig weich, super warm und gibt Ihnen und Ihrem Kind, durch die hohe Seitenbegrenzung Sicherheit und Geborgenheit. Das Nest kann in den Kinderwagen, auf Reisen, im Bett auf dem Sofa oder als Einlage im Babybett benutzt werden.<br \/>\n\ud83d\udc76 SICHERE QUALIT\u00c4T \u2013 Alle verwendeten Materialien sind nach OEKO-TEX STANDARD 100 zertifiziert, handgefertigt in der EU und nat\u00fcrlich frei von sch\u00e4dlichen Zusatzstoffen. Sie brauchen sich keine Sorgen um die Sicherheit Ihres Kindes zu machen.<br \/>\n\ud83d\udc76 F\u00dcLLUNG \u2013 das Babynest sind aus 100% anti-allergenem Silikon-Flies gef\u00fcllt, beugt so Hautirritationen ideal vor und ist selbst nach der Reinigung seine Form beibeh\u00e4lt.<br \/>\n\ud83d\udc76 MULTIFUNKTIONALE UND MOBILES BABYBETT : Die Verwendung von Schn\u00fcren zur Gr\u00f6\u00dfenanpassung des Nests erm\u00f6glicht eine perfekte Anpassung der Liegefl\u00e4che durch Herunterziehen oder L\u00f6sen. Dadurch \u201ew\u00e4chst&#8221; der Kokon mit dem Kind und kann bis zum Alter von 7-9 Monaten verwendet werden.<br \/>\n\ud83d\udc76 Anti-allergen, 100% Baumwolle, OEKO-TEX Standard 100, doppelseitig \u2013 nur das Beste f\u00fcr Ihr Baby!<br \/>\n<div class=\"main-cross-sell\" data-asin=\"B08XK7X5XW\">\n\n\t<div class=\"WooZone-cross-sell-loader\">\n\t\t<div>\n\t\t\t<div id=\"floatingBarsG\">\n\t\t\t\t<div class=\"blockG\" id=\"rotateG_01\"><\/div>\n\t\t\t\t<div class=\"blockG\" id=\"rotateG_02\"><\/div>\n\t\t\t\t<div class=\"blockG\" id=\"rotateG_03\"><\/div>\n\t\t\t\t<div class=\"blockG\" id=\"rotateG_04\"><\/div>\n\t\t\t\t<div class=\"blockG\" id=\"rotateG_05\"><\/div>\n\t\t\t\t<div class=\"blockG\" id=\"rotateG_06\"><\/div>\n\t\t\t\t<div class=\"blockG\" id=\"rotateG_07\"><\/div>\n\t\t\t\t<div class=\"blockG\" id=\"rotateG_08\"><\/div>\n\t\t\t<\/div>\n\t\t\t<div class=\"WooZone-cross-sell-loader-text\"><\/div>\n\t\t<\/div>\n\t<\/div>\n\n\t\t\n<\/div>\n<div style=\"clear:both;\"><\/div><\/p>\n","protected":false},"excerpt":{"rendered":"<p>\ud83d\udc76 WARMES NESTCHEN mit MINKY : Das Babynest ist kuschlig weich, super warm und gibt Ihnen und Ihrem Kind, durch die hohe Seitenbegrenzung Sicherheit und Geborgenheit. Das Nest kann in den Kinderwagen, auf Reisen, im Bett auf dem Sofa oder als Einlage im Babybett benutzt werden.<br \/>\n\ud83d\udc76 SICHERE QUALIT\u00c4T \u2013 Alle verwendeten Materialien sind nach OEKO-TEX STANDARD 100 zertifiziert, handgefertigt in der EU und nat\u00fcrlich frei von sch\u00e4dlichen Zusatzstoffen. Sie brauchen sich keine Sorgen um die Sicherheit Ihres Kindes zu machen.<br \/>\n\ud83d\udc76 F\u00dcLLUNG \u2013 das Babynest sind aus 100% anti-allergenem Silikon-Flies gef\u00fcllt, beugt so Hautirritationen ideal vor und ist selbst nach der Reinigung seine Form beibeh\u00e4lt.<\/p>\n","protected":false},"featured_media":169396,"comment_status":"open","ping_status":"closed","template":"","meta":[],"product_brand":[],"product_cat":[21,8825],"product_tag":[],"class_list":{"0":"post-169395","1":"product","2":"type-product","3":"status-publish","4":"has-post-thumbnail","6":"product_cat-baby","7":"product_cat-baby-kleinkinderzimmer-baby","8":"pa_binding-babyartikel","9":"pa_brand-generic","10":"pa_manufacturer-solvera_ltd","12":"first","13":"instock","14":"shipping-taxable","15":"purchasable","16":"product-type-simple","17":"customify-col","18":"product-has-gallery"},"yoast_head":"<!-- This site is optimized with the Yoast SEO plugin v27.4 - https:\/\/yoast.com\/product\/yoast-seo-wordpress\/ -->\n<title>Solvera_Ltd Babynest 2seitig Kokon MINKY+100% Baumwolle Babybett Nestchen f\u00fcr Neugeborene Kuschelnest Weiches und\u2026 - Markt-XXL<\/title>\n<meta name=\"description\" content=\"Markt-XXL Solvera_Ltd Babynest 2seitig Kokon MINKY+100% Baumwolle Babybett Nestchen f\u00fcr Neugeborene Kuschelnest Weiches und\u2026\" \/>\n<meta name=\"robots\" content=\"index, follow, max-snippet:-1, max-image-preview:large, max-video-preview:-1\" \/>\n<link rel=\"canonical\" href=\"https:\/\/marktxxl.de\/markt\/produkt\/solvera_ltd-babynest-2seitig-kokon-minky100-baumwolle-babybett-nestchen-fuer-neugeborene-kuschelnest-weiches-und-sicheres-baby-reisebett-50x90\/\" \/>\n<meta property=\"og:locale\" content=\"de_DE\" \/>\n<meta property=\"og:type\" content=\"article\" \/>\n<meta property=\"og:title\" content=\"Solvera_Ltd Babynest 2seitig Kokon MINKY+100% Baumwolle Babybett Nestchen f\u00fcr Neugeborene Kuschelnest Weiches und\u2026 - Markt-XXL\" \/>\n<meta property=\"og:description\" content=\"Markt-XXL Solvera_Ltd Babynest 2seitig Kokon MINKY+100% Baumwolle Babybett Nestchen f\u00fcr Neugeborene Kuschelnest Weiches und\u2026\" \/>\n<meta property=\"og:url\" content=\"https:\/\/marktxxl.de\/markt\/produkt\/solvera_ltd-babynest-2seitig-kokon-minky100-baumwolle-babybett-nestchen-fuer-neugeborene-kuschelnest-weiches-und-sicheres-baby-reisebett-50x90\/\" \/>\n<meta property=\"og:site_name\" content=\"Markt-XXL\" \/>\n<meta property=\"article:modified_time\" content=\"2023-04-10T03:05:36+00:00\" \/>\n<meta property=\"og:image\" content=\"https:\/\/m.media-amazon.com\/images\/I\/51mgktHY7oL._SL500_.jpg\" \/>\n\t<meta property=\"og:image:width\" content=\"500\" \/>\n\t<meta property=\"og:image:height\" content=\"488\" \/>\n\t<meta property=\"og:image:type\" content=\"image\/jpeg\" \/>\n<meta name=\"twitter:card\" content=\"summary_large_image\" \/>\n<meta name=\"twitter:label1\" content=\"Gesch\u00e4tzte Lesezeit\" \/>\n\t<meta name=\"twitter:data1\" content=\"1\u00a0Minute\" \/>\n<script type=\"application\/ld+json\" class=\"yoast-schema-graph\">{\"@context\":\"https:\\\/\\\/schema.org\",\"@graph\":[{\"@type\":\"WebPage\",\"@id\":\"https:\\\/\\\/marktxxl.de\\\/markt\\\/produkt\\\/solvera_ltd-babynest-2seitig-kokon-minky100-baumwolle-babybett-nestchen-fuer-neugeborene-kuschelnest-weiches-und-sicheres-baby-reisebett-50x90\\\/\",\"url\":\"https:\\\/\\\/marktxxl.de\\\/markt\\\/produkt\\\/solvera_ltd-babynest-2seitig-kokon-minky100-baumwolle-babybett-nestchen-fuer-neugeborene-kuschelnest-weiches-und-sicheres-baby-reisebett-50x90\\\/\",\"name\":\"Solvera_Ltd Babynest 2seitig Kokon MINKY+100% Baumwolle Babybett Nestchen f\u00fcr Neugeborene Kuschelnest Weiches und\u2026 - Markt-XXL\",\"isPartOf\":{\"@id\":\"https:\\\/\\\/marktxxl.de\\\/markt\\\/#website\"},\"primaryImageOfPage\":{\"@id\":\"https:\\\/\\\/marktxxl.de\\\/markt\\\/produkt\\\/solvera_ltd-babynest-2seitig-kokon-minky100-baumwolle-babybett-nestchen-fuer-neugeborene-kuschelnest-weiches-und-sicheres-baby-reisebett-50x90\\\/#primaryimage\"},\"image\":{\"@id\":\"https:\\\/\\\/marktxxl.de\\\/markt\\\/produkt\\\/solvera_ltd-babynest-2seitig-kokon-minky100-baumwolle-babybett-nestchen-fuer-neugeborene-kuschelnest-weiches-und-sicheres-baby-reisebett-50x90\\\/#primaryimage\"},\"thumbnailUrl\":\"https:\\\/\\\/m.media-amazon.com\\\/images\\\/I\\\/51mgktHY7oL._SL500_.jpg\",\"datePublished\":\"2022-12-10T19:32:08+00:00\",\"dateModified\":\"2023-04-10T03:05:36+00:00\",\"description\":\"Markt-XXL Solvera_Ltd Babynest 2seitig Kokon MINKY+100% Baumwolle Babybett Nestchen f\u00fcr Neugeborene Kuschelnest Weiches und\u2026\",\"breadcrumb\":{\"@id\":\"https:\\\/\\\/marktxxl.de\\\/markt\\\/produkt\\\/solvera_ltd-babynest-2seitig-kokon-minky100-baumwolle-babybett-nestchen-fuer-neugeborene-kuschelnest-weiches-und-sicheres-baby-reisebett-50x90\\\/#breadcrumb\"},\"inLanguage\":\"de\",\"potentialAction\":[{\"@type\":\"ReadAction\",\"target\":[\"https:\\\/\\\/marktxxl.de\\\/markt\\\/produkt\\\/solvera_ltd-babynest-2seitig-kokon-minky100-baumwolle-babybett-nestchen-fuer-neugeborene-kuschelnest-weiches-und-sicheres-baby-reisebett-50x90\\\/\"]}]},{\"@type\":\"ImageObject\",\"inLanguage\":\"de\",\"@id\":\"https:\\\/\\\/marktxxl.de\\\/markt\\\/produkt\\\/solvera_ltd-babynest-2seitig-kokon-minky100-baumwolle-babybett-nestchen-fuer-neugeborene-kuschelnest-weiches-und-sicheres-baby-reisebett-50x90\\\/#primaryimage\",\"url\":\"https:\\\/\\\/m.media-amazon.com\\\/images\\\/I\\\/51mgktHY7oL._SL500_.jpg\",\"contentUrl\":\"https:\\\/\\\/m.media-amazon.com\\\/images\\\/I\\\/51mgktHY7oL._SL500_.jpg\",\"width\":500,\"height\":488},{\"@type\":\"BreadcrumbList\",\"@id\":\"https:\\\/\\\/marktxxl.de\\\/markt\\\/produkt\\\/solvera_ltd-babynest-2seitig-kokon-minky100-baumwolle-babybett-nestchen-fuer-neugeborene-kuschelnest-weiches-und-sicheres-baby-reisebett-50x90\\\/#breadcrumb\",\"itemListElement\":[{\"@type\":\"ListItem\",\"position\":1,\"name\":\"Startseite\",\"item\":\"https:\\\/\\\/marktxxl.de\\\/markt\\\/\"},{\"@type\":\"ListItem\",\"position\":2,\"name\":\"Markt\",\"item\":\"https:\\\/\\\/marktxxl.de\\\/markt\\\/\"},{\"@type\":\"ListItem\",\"position\":3,\"name\":\"Solvera_Ltd Babynest 2seitig Kokon MINKY+100% Baumwolle Babybett Nestchen f\u00fcr Neugeborene Kuschelnest Weiches und\u2026\"}]},{\"@type\":\"WebSite\",\"@id\":\"https:\\\/\\\/marktxxl.de\\\/markt\\\/#website\",\"url\":\"https:\\\/\\\/marktxxl.de\\\/markt\\\/\",\"name\":\"Markt-XXL\",\"description\":\"Ihr Markt Online\",\"publisher\":{\"@id\":\"https:\\\/\\\/marktxxl.de\\\/markt\\\/#organization\"},\"potentialAction\":[{\"@type\":\"SearchAction\",\"target\":{\"@type\":\"EntryPoint\",\"urlTemplate\":\"https:\\\/\\\/marktxxl.de\\\/markt\\\/?s={search_term_string}\"},\"query-input\":{\"@type\":\"PropertyValueSpecification\",\"valueRequired\":true,\"valueName\":\"search_term_string\"}}],\"inLanguage\":\"de\"},{\"@type\":\"Organization\",\"@id\":\"https:\\\/\\\/marktxxl.de\\\/markt\\\/#organization\",\"name\":\"Markt-XXL\",\"url\":\"https:\\\/\\\/marktxxl.de\\\/markt\\\/\",\"logo\":{\"@type\":\"ImageObject\",\"inLanguage\":\"de\",\"@id\":\"https:\\\/\\\/marktxxl.de\\\/markt\\\/#\\\/schema\\\/logo\\\/image\\\/\",\"url\":\"https:\\\/\\\/marktxxl.de\\\/markt\\\/wp-content\\\/uploads\\\/sites\\\/3\\\/2020\\\/12\\\/logo.png\",\"contentUrl\":\"https:\\\/\\\/marktxxl.de\\\/markt\\\/wp-content\\\/uploads\\\/sites\\\/3\\\/2020\\\/12\\\/logo.png\",\"width\":200,\"height\":70,\"caption\":\"Markt-XXL\"},\"image\":{\"@id\":\"https:\\\/\\\/marktxxl.de\\\/markt\\\/#\\\/schema\\\/logo\\\/image\\\/\"}}]}<\/script>\n<!-- \/ Yoast SEO plugin. -->","yoast_head_json":{"title":"Solvera_Ltd Babynest 2seitig Kokon MINKY+100% Baumwolle Babybett Nestchen f\u00fcr Neugeborene Kuschelnest Weiches und\u2026 - Markt-XXL","description":"Markt-XXL Solvera_Ltd Babynest 2seitig Kokon MINKY+100% Baumwolle Babybett Nestchen f\u00fcr Neugeborene Kuschelnest Weiches und\u2026","robots":{"index":"index","follow":"follow","max-snippet":"max-snippet:-1","max-image-preview":"max-image-preview:large","max-video-preview":"max-video-preview:-1"},"canonical":"https:\/\/marktxxl.de\/markt\/produkt\/solvera_ltd-babynest-2seitig-kokon-minky100-baumwolle-babybett-nestchen-fuer-neugeborene-kuschelnest-weiches-und-sicheres-baby-reisebett-50x90\/","og_locale":"de_DE","og_type":"article","og_title":"Solvera_Ltd Babynest 2seitig Kokon MINKY+100% Baumwolle Babybett Nestchen f\u00fcr Neugeborene Kuschelnest Weiches und\u2026 - Markt-XXL","og_description":"Markt-XXL Solvera_Ltd Babynest 2seitig Kokon MINKY+100% Baumwolle Babybett Nestchen f\u00fcr Neugeborene Kuschelnest Weiches und\u2026","og_url":"https:\/\/marktxxl.de\/markt\/produkt\/solvera_ltd-babynest-2seitig-kokon-minky100-baumwolle-babybett-nestchen-fuer-neugeborene-kuschelnest-weiches-und-sicheres-baby-reisebett-50x90\/","og_site_name":"Markt-XXL","article_modified_time":"2023-04-10T03:05:36+00:00","og_image":[{"width":500,"height":488,"url":"https:\/\/m.media-amazon.com\/images\/I\/51mgktHY7oL._SL500_.jpg","type":"image\/jpeg"}],"twitter_card":"summary_large_image","twitter_misc":{"Gesch\u00e4tzte Lesezeit":"1\u00a0Minute"},"schema":{"@context":"https:\/\/schema.org","@graph":[{"@type":"WebPage","@id":"https:\/\/marktxxl.de\/markt\/produkt\/solvera_ltd-babynest-2seitig-kokon-minky100-baumwolle-babybett-nestchen-fuer-neugeborene-kuschelnest-weiches-und-sicheres-baby-reisebett-50x90\/","url":"https:\/\/marktxxl.de\/markt\/produkt\/solvera_ltd-babynest-2seitig-kokon-minky100-baumwolle-babybett-nestchen-fuer-neugeborene-kuschelnest-weiches-und-sicheres-baby-reisebett-50x90\/","name":"Solvera_Ltd Babynest 2seitig Kokon MINKY+100% Baumwolle Babybett Nestchen f\u00fcr Neugeborene Kuschelnest Weiches und\u2026 - Markt-XXL","isPartOf":{"@id":"https:\/\/marktxxl.de\/markt\/#website"},"primaryImageOfPage":{"@id":"https:\/\/marktxxl.de\/markt\/produkt\/solvera_ltd-babynest-2seitig-kokon-minky100-baumwolle-babybett-nestchen-fuer-neugeborene-kuschelnest-weiches-und-sicheres-baby-reisebett-50x90\/#primaryimage"},"image":{"@id":"https:\/\/marktxxl.de\/markt\/produkt\/solvera_ltd-babynest-2seitig-kokon-minky100-baumwolle-babybett-nestchen-fuer-neugeborene-kuschelnest-weiches-und-sicheres-baby-reisebett-50x90\/#primaryimage"},"thumbnailUrl":"https:\/\/m.media-amazon.com\/images\/I\/51mgktHY7oL._SL500_.jpg","datePublished":"2022-12-10T19:32:08+00:00","dateModified":"2023-04-10T03:05:36+00:00","description":"Markt-XXL Solvera_Ltd Babynest 2seitig Kokon MINKY+100% Baumwolle Babybett Nestchen f\u00fcr Neugeborene Kuschelnest Weiches und\u2026","breadcrumb":{"@id":"https:\/\/marktxxl.de\/markt\/produkt\/solvera_ltd-babynest-2seitig-kokon-minky100-baumwolle-babybett-nestchen-fuer-neugeborene-kuschelnest-weiches-und-sicheres-baby-reisebett-50x90\/#breadcrumb"},"inLanguage":"de","potentialAction":[{"@type":"ReadAction","target":["https:\/\/marktxxl.de\/markt\/produkt\/solvera_ltd-babynest-2seitig-kokon-minky100-baumwolle-babybett-nestchen-fuer-neugeborene-kuschelnest-weiches-und-sicheres-baby-reisebett-50x90\/"]}]},{"@type":"ImageObject","inLanguage":"de","@id":"https:\/\/marktxxl.de\/markt\/produkt\/solvera_ltd-babynest-2seitig-kokon-minky100-baumwolle-babybett-nestchen-fuer-neugeborene-kuschelnest-weiches-und-sicheres-baby-reisebett-50x90\/#primaryimage","url":"https:\/\/m.media-amazon.com\/images\/I\/51mgktHY7oL._SL500_.jpg","contentUrl":"https:\/\/m.media-amazon.com\/images\/I\/51mgktHY7oL._SL500_.jpg","width":500,"height":488},{"@type":"BreadcrumbList","@id":"https:\/\/marktxxl.de\/markt\/produkt\/solvera_ltd-babynest-2seitig-kokon-minky100-baumwolle-babybett-nestchen-fuer-neugeborene-kuschelnest-weiches-und-sicheres-baby-reisebett-50x90\/#breadcrumb","itemListElement":[{"@type":"ListItem","position":1,"name":"Startseite","item":"https:\/\/marktxxl.de\/markt\/"},{"@type":"ListItem","position":2,"name":"Markt","item":"https:\/\/marktxxl.de\/markt\/"},{"@type":"ListItem","position":3,"name":"Solvera_Ltd Babynest 2seitig Kokon MINKY+100% Baumwolle Babybett Nestchen f\u00fcr Neugeborene Kuschelnest Weiches und\u2026"}]},{"@type":"WebSite","@id":"https:\/\/marktxxl.de\/markt\/#website","url":"https:\/\/marktxxl.de\/markt\/","name":"Markt-XXL","description":"Ihr Markt Online","publisher":{"@id":"https:\/\/marktxxl.de\/markt\/#organization"},"potentialAction":[{"@type":"SearchAction","target":{"@type":"EntryPoint","urlTemplate":"https:\/\/marktxxl.de\/markt\/?s={search_term_string}"},"query-input":{"@type":"PropertyValueSpecification","valueRequired":true,"valueName":"search_term_string"}}],"inLanguage":"de"},{"@type":"Organization","@id":"https:\/\/marktxxl.de\/markt\/#organization","name":"Markt-XXL","url":"https:\/\/marktxxl.de\/markt\/","logo":{"@type":"ImageObject","inLanguage":"de","@id":"https:\/\/marktxxl.de\/markt\/#\/schema\/logo\/image\/","url":"https:\/\/marktxxl.de\/markt\/wp-content\/uploads\/sites\/3\/2020\/12\/logo.png","contentUrl":"https:\/\/marktxxl.de\/markt\/wp-content\/uploads\/sites\/3\/2020\/12\/logo.png","width":200,"height":70,"caption":"Markt-XXL"},"image":{"@id":"https:\/\/marktxxl.de\/markt\/#\/schema\/logo\/image\/"}}]}},"_links":{"self":[{"href":"https:\/\/marktxxl.de\/markt\/wp-json\/wp\/v2\/product\/169395","targetHints":{"allow":["GET"]}}],"collection":[{"href":"https:\/\/marktxxl.de\/markt\/wp-json\/wp\/v2\/product"}],"about":[{"href":"https:\/\/marktxxl.de\/markt\/wp-json\/wp\/v2\/types\/product"}],"replies":[{"embeddable":true,"href":"https:\/\/marktxxl.de\/markt\/wp-json\/wp\/v2\/comments?post=169395"}],"wp:featuredmedia":[{"embeddable":true,"href":"https:\/\/marktxxl.de\/markt\/wp-json\/wp\/v2\/media\/169396"}],"wp:attachment":[{"href":"https:\/\/marktxxl.de\/markt\/wp-json\/wp\/v2\/media?parent=169395"}],"wp:term":[{"taxonomy":"product_brand","embeddable":true,"href":"https:\/\/marktxxl.de\/markt\/wp-json\/wp\/v2\/product_brand?post=169395"},{"taxonomy":"product_cat","embeddable":true,"href":"https:\/\/marktxxl.de\/markt\/wp-json\/wp\/v2\/product_cat?post=169395"},{"taxonomy":"product_tag","embeddable":true,"href":"https:\/\/marktxxl.de\/markt\/wp-json\/wp\/v2\/product_tag?post=169395"}],"curies":[{"name":"wp","href":"https:\/\/api.w.org\/{rel}","templated":true}]}}