{"id":169332,"date":"2022-12-10T20:20:34","date_gmt":"2022-12-10T19:20:34","guid":{"rendered":"https:\/\/marktxxl.de\/markt\/produkt\/izen-chocker-halsband-fuer-frauen-erwachsene-menschliche-unterdrueckliche-halsband-und-leine-damen-und-herren-schlafzimmer-halsband-erwachsene-leder-chocker-halsketten-goth-punk-rock-kragen-damen\/"},"modified":"2023-04-10T05:05:34","modified_gmt":"2023-04-10T03:05:34","slug":"izen-chocker-halsband-fuer-frauen-erwachsene-menschliche-unterdrueckliche-halsband-und-leine-damen-und-herren-schlafzimmer-halsband-erwachsene-leder-chocker-halsketten-goth-punk-rock-kragen-damen","status":"publish","type":"product","link":"https:\/\/marktxxl.de\/markt\/produkt\/izen-chocker-halsband-fuer-frauen-erwachsene-menschliche-unterdrueckliche-halsband-und-leine-damen-und-herren-schlafzimmer-halsband-erwachsene-leder-chocker-halsketten-goth-punk-rock-kragen-damen\/","title":{"rendered":"iZEN Chocker Halsband f\u00fcr Frauen Erwachsene Menschliche Unterdr\u00fcckliche Halsband und Leine Damen und Herren Schlafzimmer\u2026"},"content":{"rendered":"<p>\u3010Design\u3011 Unser Leder-Halsband-Design und die Kettenleine k\u00f6nnen abgenommen werden, so dass Sie den Halsreif nur ohne Metallleine tragen k\u00f6nnen. Sexy Lederhalsband f\u00fcr Frauen mit Leine wird Ihr Modedesign hinzuf\u00fcgen und Sie sexy aussehen lassen oder in einer Gothic Punk Rock Stimmung. Unsere Kette ist aus den besten Materialien hergestellt und hat einen Griff aus veganem Leder, um sie robust, schwer und bequem zu f\u00fcllen, damit Sie sich st\u00e4rken f\u00fchlen.<br \/>\n\u3010Material\u3011Unser Halsband und die Leine f\u00fcr Damen und Herren ist aus hochwertigem PU-Leder und Legierungsmetallzubeh\u00f6r, hervorragende Verarbeitung, dauerhafte Verwendung, einfach an- und auszuziehen und es wird sich sehr bequem anf\u00fchlen.<br \/>\n\u3010Verstellbare Gr\u00f6\u00dfe\u3011 Unser Halsband f\u00fcr Erwachsene hat einen Halsumfang von 41,9\u201350 cm, Kettenl\u00e4nge ca. 120 cm, die Metallschnalle zur Anpassung des Umfangs an Ihre Halsgr\u00f6\u00dfe.<br \/>\n\u3010\u00dcberraschungsgeschenk\u3011 Unser einzigartiges Leder-Halsband f\u00fcr M\u00e4nner und Frauen Schlafzimmer Halsband Erwachsene Set Kinky Gothic Punk Rock Kragen und Leine Frauen ist perfekt als \u00dcberraschungsgeschenk f\u00fcr Ihre Liebste, Freundin, Verlobte, Ehefrau, Freund oder Sie selbst. F\u00fcgen Sie Ihrem Leben etwas Spa\u00df hinzu. Warten Sie nicht. Bestellen Sie jetzt<br \/>\n\u3010Was ist in der Box\u3011 1 &#8211; veganes Leder Choker Submissive Halsband f\u00fcr Damen und Herren und 1 Kette mit veganem Ledergriff.<br \/>\n<div class=\"main-cross-sell\" data-asin=\"B0BD8M5H3G\">\n\n\t<div class=\"WooZone-cross-sell-loader\">\n\t\t<div>\n\t\t\t<div id=\"floatingBarsG\">\n\t\t\t\t<div class=\"blockG\" id=\"rotateG_01\"><\/div>\n\t\t\t\t<div class=\"blockG\" id=\"rotateG_02\"><\/div>\n\t\t\t\t<div class=\"blockG\" id=\"rotateG_03\"><\/div>\n\t\t\t\t<div class=\"blockG\" id=\"rotateG_04\"><\/div>\n\t\t\t\t<div class=\"blockG\" id=\"rotateG_05\"><\/div>\n\t\t\t\t<div class=\"blockG\" id=\"rotateG_06\"><\/div>\n\t\t\t\t<div class=\"blockG\" id=\"rotateG_07\"><\/div>\n\t\t\t\t<div class=\"blockG\" id=\"rotateG_08\"><\/div>\n\t\t\t<\/div>\n\t\t\t<div class=\"WooZone-cross-sell-loader-text\"><\/div>\n\t\t<\/div>\n\t<\/div>\n\n\t\t\n<\/div>\n<div style=\"clear:both;\"><\/div><\/p>\n","protected":false},"excerpt":{"rendered":"<p>\u3010Design\u3011 Unser Leder-Halsband-Design und die Kettenleine k\u00f6nnen abgenommen werden, so dass Sie den Halsreif nur ohne Metallleine tragen k\u00f6nnen. Sexy Lederhalsband f\u00fcr Frauen mit Leine wird Ihr Modedesign hinzuf\u00fcgen und Sie sexy aussehen lassen oder in einer Gothic Punk Rock Stimmung. Unsere Kette ist aus den besten Materialien hergestellt und hat einen Griff aus veganem Leder, um sie robust, schwer und bequem zu f\u00fcllen, damit Sie sich st\u00e4rken f\u00fchlen.<br \/>\n\u3010Material\u3011Unser Halsband und die Leine f\u00fcr Damen und Herren ist aus hochwertigem PU-Leder und Legierungsmetallzubeh\u00f6r, hervorragende Verarbeitung, dauerhafte Verwendung, einfach an- und auszuziehen und es wird sich sehr bequem anf\u00fchlen.<br \/>\n\u3010Verstellbare Gr\u00f6\u00dfe\u3011 Unser Halsband f\u00fcr Erwachsene hat einen Halsumfang von 41,9\u201350 cm, Kettenl\u00e4nge ca. 120 cm, die Metallschnalle zur Anpassung des Umfangs an Ihre Halsgr\u00f6\u00dfe.<\/p>\n","protected":false},"featured_media":169333,"comment_status":"open","ping_status":"closed","template":"","meta":[],"product_brand":[],"product_cat":[652,3064],"product_tag":[],"class_list":{"0":"post-169332","1":"product","2":"type-product","3":"status-publish","4":"has-post-thumbnail","6":"product_cat-erotik-markt-xxl","7":"product_cat-fesseln-bondage","8":"pa_brand-izen","10":"first","11":"instock","12":"shipping-taxable","13":"purchasable","14":"product-type-simple","15":"customify-col","16":"product-has-gallery"},"yoast_head":"<!-- This site is optimized with the Yoast SEO plugin v27.4 - https:\/\/yoast.com\/product\/yoast-seo-wordpress\/ -->\n<title>iZEN Chocker Halsband f\u00fcr Frauen Erwachsene Menschliche Unterdr\u00fcckliche Halsband und Leine Damen und Herren Schlafzimmer\u2026 - Markt-XXL<\/title>\n<meta name=\"description\" content=\"Markt-XXL iZEN Chocker Halsband f\u00fcr Frauen Erwachsene Menschliche Unterdr\u00fcckliche Halsband und Leine Damen und Herren Schlafzimmer\u2026\" \/>\n<meta name=\"robots\" content=\"index, follow, max-snippet:-1, max-image-preview:large, max-video-preview:-1\" \/>\n<link rel=\"canonical\" href=\"https:\/\/marktxxl.de\/markt\/produkt\/izen-chocker-halsband-fuer-frauen-erwachsene-menschliche-unterdrueckliche-halsband-und-leine-damen-und-herren-schlafzimmer-halsband-erwachsene-leder-chocker-halsketten-goth-punk-rock-kragen-damen\/\" \/>\n<meta property=\"og:locale\" content=\"de_DE\" \/>\n<meta property=\"og:type\" content=\"article\" \/>\n<meta property=\"og:title\" content=\"iZEN Chocker Halsband f\u00fcr Frauen Erwachsene Menschliche Unterdr\u00fcckliche Halsband und Leine Damen und Herren Schlafzimmer\u2026 - Markt-XXL\" \/>\n<meta property=\"og:description\" content=\"Markt-XXL iZEN Chocker Halsband f\u00fcr Frauen Erwachsene Menschliche Unterdr\u00fcckliche Halsband und Leine Damen und Herren Schlafzimmer\u2026\" \/>\n<meta property=\"og:url\" content=\"https:\/\/marktxxl.de\/markt\/produkt\/izen-chocker-halsband-fuer-frauen-erwachsene-menschliche-unterdrueckliche-halsband-und-leine-damen-und-herren-schlafzimmer-halsband-erwachsene-leder-chocker-halsketten-goth-punk-rock-kragen-damen\/\" \/>\n<meta property=\"og:site_name\" content=\"Markt-XXL\" \/>\n<meta property=\"article:modified_time\" content=\"2023-04-10T03:05:34+00:00\" \/>\n<meta property=\"og:image\" content=\"https:\/\/m.media-amazon.com\/images\/I\/41u0r+sYoIL._SL500_.jpg\" \/>\n\t<meta property=\"og:image:width\" content=\"500\" \/>\n\t<meta property=\"og:image:height\" content=\"500\" \/>\n\t<meta property=\"og:image:type\" content=\"image\/jpeg\" \/>\n<meta name=\"twitter:card\" content=\"summary_large_image\" \/>\n<meta name=\"twitter:label1\" content=\"Gesch\u00e4tzte Lesezeit\" \/>\n\t<meta name=\"twitter:data1\" content=\"1\u00a0Minute\" \/>\n<script type=\"application\/ld+json\" class=\"yoast-schema-graph\">{\"@context\":\"https:\\\/\\\/schema.org\",\"@graph\":[{\"@type\":\"WebPage\",\"@id\":\"https:\\\/\\\/marktxxl.de\\\/markt\\\/produkt\\\/izen-chocker-halsband-fuer-frauen-erwachsene-menschliche-unterdrueckliche-halsband-und-leine-damen-und-herren-schlafzimmer-halsband-erwachsene-leder-chocker-halsketten-goth-punk-rock-kragen-damen\\\/\",\"url\":\"https:\\\/\\\/marktxxl.de\\\/markt\\\/produkt\\\/izen-chocker-halsband-fuer-frauen-erwachsene-menschliche-unterdrueckliche-halsband-und-leine-damen-und-herren-schlafzimmer-halsband-erwachsene-leder-chocker-halsketten-goth-punk-rock-kragen-damen\\\/\",\"name\":\"iZEN Chocker Halsband f\u00fcr Frauen Erwachsene Menschliche Unterdr\u00fcckliche Halsband und Leine Damen und Herren Schlafzimmer\u2026 - Markt-XXL\",\"isPartOf\":{\"@id\":\"https:\\\/\\\/marktxxl.de\\\/markt\\\/#website\"},\"primaryImageOfPage\":{\"@id\":\"https:\\\/\\\/marktxxl.de\\\/markt\\\/produkt\\\/izen-chocker-halsband-fuer-frauen-erwachsene-menschliche-unterdrueckliche-halsband-und-leine-damen-und-herren-schlafzimmer-halsband-erwachsene-leder-chocker-halsketten-goth-punk-rock-kragen-damen\\\/#primaryimage\"},\"image\":{\"@id\":\"https:\\\/\\\/marktxxl.de\\\/markt\\\/produkt\\\/izen-chocker-halsband-fuer-frauen-erwachsene-menschliche-unterdrueckliche-halsband-und-leine-damen-und-herren-schlafzimmer-halsband-erwachsene-leder-chocker-halsketten-goth-punk-rock-kragen-damen\\\/#primaryimage\"},\"thumbnailUrl\":\"https:\\\/\\\/m.media-amazon.com\\\/images\\\/I\\\/41u0r+sYoIL._SL500_.jpg\",\"datePublished\":\"2022-12-10T19:20:34+00:00\",\"dateModified\":\"2023-04-10T03:05:34+00:00\",\"description\":\"Markt-XXL iZEN Chocker Halsband f\u00fcr Frauen Erwachsene Menschliche Unterdr\u00fcckliche Halsband und Leine Damen und Herren Schlafzimmer\u2026\",\"breadcrumb\":{\"@id\":\"https:\\\/\\\/marktxxl.de\\\/markt\\\/produkt\\\/izen-chocker-halsband-fuer-frauen-erwachsene-menschliche-unterdrueckliche-halsband-und-leine-damen-und-herren-schlafzimmer-halsband-erwachsene-leder-chocker-halsketten-goth-punk-rock-kragen-damen\\\/#breadcrumb\"},\"inLanguage\":\"de\",\"potentialAction\":[{\"@type\":\"ReadAction\",\"target\":[\"https:\\\/\\\/marktxxl.de\\\/markt\\\/produkt\\\/izen-chocker-halsband-fuer-frauen-erwachsene-menschliche-unterdrueckliche-halsband-und-leine-damen-und-herren-schlafzimmer-halsband-erwachsene-leder-chocker-halsketten-goth-punk-rock-kragen-damen\\\/\"]}]},{\"@type\":\"ImageObject\",\"inLanguage\":\"de\",\"@id\":\"https:\\\/\\\/marktxxl.de\\\/markt\\\/produkt\\\/izen-chocker-halsband-fuer-frauen-erwachsene-menschliche-unterdrueckliche-halsband-und-leine-damen-und-herren-schlafzimmer-halsband-erwachsene-leder-chocker-halsketten-goth-punk-rock-kragen-damen\\\/#primaryimage\",\"url\":\"https:\\\/\\\/m.media-amazon.com\\\/images\\\/I\\\/41u0r+sYoIL._SL500_.jpg\",\"contentUrl\":\"https:\\\/\\\/m.media-amazon.com\\\/images\\\/I\\\/41u0r+sYoIL._SL500_.jpg\",\"width\":500,\"height\":500},{\"@type\":\"BreadcrumbList\",\"@id\":\"https:\\\/\\\/marktxxl.de\\\/markt\\\/produkt\\\/izen-chocker-halsband-fuer-frauen-erwachsene-menschliche-unterdrueckliche-halsband-und-leine-damen-und-herren-schlafzimmer-halsband-erwachsene-leder-chocker-halsketten-goth-punk-rock-kragen-damen\\\/#breadcrumb\",\"itemListElement\":[{\"@type\":\"ListItem\",\"position\":1,\"name\":\"Startseite\",\"item\":\"https:\\\/\\\/marktxxl.de\\\/markt\\\/\"},{\"@type\":\"ListItem\",\"position\":2,\"name\":\"Markt\",\"item\":\"https:\\\/\\\/marktxxl.de\\\/markt\\\/\"},{\"@type\":\"ListItem\",\"position\":3,\"name\":\"iZEN Chocker Halsband f\u00fcr Frauen Erwachsene Menschliche Unterdr\u00fcckliche Halsband und Leine Damen und Herren Schlafzimmer\u2026\"}]},{\"@type\":\"WebSite\",\"@id\":\"https:\\\/\\\/marktxxl.de\\\/markt\\\/#website\",\"url\":\"https:\\\/\\\/marktxxl.de\\\/markt\\\/\",\"name\":\"Markt-XXL\",\"description\":\"Ihr Markt Online\",\"publisher\":{\"@id\":\"https:\\\/\\\/marktxxl.de\\\/markt\\\/#organization\"},\"potentialAction\":[{\"@type\":\"SearchAction\",\"target\":{\"@type\":\"EntryPoint\",\"urlTemplate\":\"https:\\\/\\\/marktxxl.de\\\/markt\\\/?s={search_term_string}\"},\"query-input\":{\"@type\":\"PropertyValueSpecification\",\"valueRequired\":true,\"valueName\":\"search_term_string\"}}],\"inLanguage\":\"de\"},{\"@type\":\"Organization\",\"@id\":\"https:\\\/\\\/marktxxl.de\\\/markt\\\/#organization\",\"name\":\"Markt-XXL\",\"url\":\"https:\\\/\\\/marktxxl.de\\\/markt\\\/\",\"logo\":{\"@type\":\"ImageObject\",\"inLanguage\":\"de\",\"@id\":\"https:\\\/\\\/marktxxl.de\\\/markt\\\/#\\\/schema\\\/logo\\\/image\\\/\",\"url\":\"https:\\\/\\\/marktxxl.de\\\/markt\\\/wp-content\\\/uploads\\\/sites\\\/3\\\/2020\\\/12\\\/logo.png\",\"contentUrl\":\"https:\\\/\\\/marktxxl.de\\\/markt\\\/wp-content\\\/uploads\\\/sites\\\/3\\\/2020\\\/12\\\/logo.png\",\"width\":200,\"height\":70,\"caption\":\"Markt-XXL\"},\"image\":{\"@id\":\"https:\\\/\\\/marktxxl.de\\\/markt\\\/#\\\/schema\\\/logo\\\/image\\\/\"}}]}<\/script>\n<!-- \/ Yoast SEO plugin. -->","yoast_head_json":{"title":"iZEN Chocker Halsband f\u00fcr Frauen Erwachsene Menschliche Unterdr\u00fcckliche Halsband und Leine Damen und Herren Schlafzimmer\u2026 - Markt-XXL","description":"Markt-XXL iZEN Chocker Halsband f\u00fcr Frauen Erwachsene Menschliche Unterdr\u00fcckliche Halsband und Leine Damen und Herren Schlafzimmer\u2026","robots":{"index":"index","follow":"follow","max-snippet":"max-snippet:-1","max-image-preview":"max-image-preview:large","max-video-preview":"max-video-preview:-1"},"canonical":"https:\/\/marktxxl.de\/markt\/produkt\/izen-chocker-halsband-fuer-frauen-erwachsene-menschliche-unterdrueckliche-halsband-und-leine-damen-und-herren-schlafzimmer-halsband-erwachsene-leder-chocker-halsketten-goth-punk-rock-kragen-damen\/","og_locale":"de_DE","og_type":"article","og_title":"iZEN Chocker Halsband f\u00fcr Frauen Erwachsene Menschliche Unterdr\u00fcckliche Halsband und Leine Damen und Herren Schlafzimmer\u2026 - Markt-XXL","og_description":"Markt-XXL iZEN Chocker Halsband f\u00fcr Frauen Erwachsene Menschliche Unterdr\u00fcckliche Halsband und Leine Damen und Herren Schlafzimmer\u2026","og_url":"https:\/\/marktxxl.de\/markt\/produkt\/izen-chocker-halsband-fuer-frauen-erwachsene-menschliche-unterdrueckliche-halsband-und-leine-damen-und-herren-schlafzimmer-halsband-erwachsene-leder-chocker-halsketten-goth-punk-rock-kragen-damen\/","og_site_name":"Markt-XXL","article_modified_time":"2023-04-10T03:05:34+00:00","og_image":[{"width":500,"height":500,"url":"https:\/\/m.media-amazon.com\/images\/I\/41u0r+sYoIL._SL500_.jpg","type":"image\/jpeg"}],"twitter_card":"summary_large_image","twitter_misc":{"Gesch\u00e4tzte Lesezeit":"1\u00a0Minute"},"schema":{"@context":"https:\/\/schema.org","@graph":[{"@type":"WebPage","@id":"https:\/\/marktxxl.de\/markt\/produkt\/izen-chocker-halsband-fuer-frauen-erwachsene-menschliche-unterdrueckliche-halsband-und-leine-damen-und-herren-schlafzimmer-halsband-erwachsene-leder-chocker-halsketten-goth-punk-rock-kragen-damen\/","url":"https:\/\/marktxxl.de\/markt\/produkt\/izen-chocker-halsband-fuer-frauen-erwachsene-menschliche-unterdrueckliche-halsband-und-leine-damen-und-herren-schlafzimmer-halsband-erwachsene-leder-chocker-halsketten-goth-punk-rock-kragen-damen\/","name":"iZEN Chocker Halsband f\u00fcr Frauen Erwachsene Menschliche Unterdr\u00fcckliche Halsband und Leine Damen und Herren Schlafzimmer\u2026 - Markt-XXL","isPartOf":{"@id":"https:\/\/marktxxl.de\/markt\/#website"},"primaryImageOfPage":{"@id":"https:\/\/marktxxl.de\/markt\/produkt\/izen-chocker-halsband-fuer-frauen-erwachsene-menschliche-unterdrueckliche-halsband-und-leine-damen-und-herren-schlafzimmer-halsband-erwachsene-leder-chocker-halsketten-goth-punk-rock-kragen-damen\/#primaryimage"},"image":{"@id":"https:\/\/marktxxl.de\/markt\/produkt\/izen-chocker-halsband-fuer-frauen-erwachsene-menschliche-unterdrueckliche-halsband-und-leine-damen-und-herren-schlafzimmer-halsband-erwachsene-leder-chocker-halsketten-goth-punk-rock-kragen-damen\/#primaryimage"},"thumbnailUrl":"https:\/\/m.media-amazon.com\/images\/I\/41u0r+sYoIL._SL500_.jpg","datePublished":"2022-12-10T19:20:34+00:00","dateModified":"2023-04-10T03:05:34+00:00","description":"Markt-XXL iZEN Chocker Halsband f\u00fcr Frauen Erwachsene Menschliche Unterdr\u00fcckliche Halsband und Leine Damen und Herren Schlafzimmer\u2026","breadcrumb":{"@id":"https:\/\/marktxxl.de\/markt\/produkt\/izen-chocker-halsband-fuer-frauen-erwachsene-menschliche-unterdrueckliche-halsband-und-leine-damen-und-herren-schlafzimmer-halsband-erwachsene-leder-chocker-halsketten-goth-punk-rock-kragen-damen\/#breadcrumb"},"inLanguage":"de","potentialAction":[{"@type":"ReadAction","target":["https:\/\/marktxxl.de\/markt\/produkt\/izen-chocker-halsband-fuer-frauen-erwachsene-menschliche-unterdrueckliche-halsband-und-leine-damen-und-herren-schlafzimmer-halsband-erwachsene-leder-chocker-halsketten-goth-punk-rock-kragen-damen\/"]}]},{"@type":"ImageObject","inLanguage":"de","@id":"https:\/\/marktxxl.de\/markt\/produkt\/izen-chocker-halsband-fuer-frauen-erwachsene-menschliche-unterdrueckliche-halsband-und-leine-damen-und-herren-schlafzimmer-halsband-erwachsene-leder-chocker-halsketten-goth-punk-rock-kragen-damen\/#primaryimage","url":"https:\/\/m.media-amazon.com\/images\/I\/41u0r+sYoIL._SL500_.jpg","contentUrl":"https:\/\/m.media-amazon.com\/images\/I\/41u0r+sYoIL._SL500_.jpg","width":500,"height":500},{"@type":"BreadcrumbList","@id":"https:\/\/marktxxl.de\/markt\/produkt\/izen-chocker-halsband-fuer-frauen-erwachsene-menschliche-unterdrueckliche-halsband-und-leine-damen-und-herren-schlafzimmer-halsband-erwachsene-leder-chocker-halsketten-goth-punk-rock-kragen-damen\/#breadcrumb","itemListElement":[{"@type":"ListItem","position":1,"name":"Startseite","item":"https:\/\/marktxxl.de\/markt\/"},{"@type":"ListItem","position":2,"name":"Markt","item":"https:\/\/marktxxl.de\/markt\/"},{"@type":"ListItem","position":3,"name":"iZEN Chocker Halsband f\u00fcr Frauen Erwachsene Menschliche Unterdr\u00fcckliche Halsband und Leine Damen und Herren Schlafzimmer\u2026"}]},{"@type":"WebSite","@id":"https:\/\/marktxxl.de\/markt\/#website","url":"https:\/\/marktxxl.de\/markt\/","name":"Markt-XXL","description":"Ihr Markt Online","publisher":{"@id":"https:\/\/marktxxl.de\/markt\/#organization"},"potentialAction":[{"@type":"SearchAction","target":{"@type":"EntryPoint","urlTemplate":"https:\/\/marktxxl.de\/markt\/?s={search_term_string}"},"query-input":{"@type":"PropertyValueSpecification","valueRequired":true,"valueName":"search_term_string"}}],"inLanguage":"de"},{"@type":"Organization","@id":"https:\/\/marktxxl.de\/markt\/#organization","name":"Markt-XXL","url":"https:\/\/marktxxl.de\/markt\/","logo":{"@type":"ImageObject","inLanguage":"de","@id":"https:\/\/marktxxl.de\/markt\/#\/schema\/logo\/image\/","url":"https:\/\/marktxxl.de\/markt\/wp-content\/uploads\/sites\/3\/2020\/12\/logo.png","contentUrl":"https:\/\/marktxxl.de\/markt\/wp-content\/uploads\/sites\/3\/2020\/12\/logo.png","width":200,"height":70,"caption":"Markt-XXL"},"image":{"@id":"https:\/\/marktxxl.de\/markt\/#\/schema\/logo\/image\/"}}]}},"_links":{"self":[{"href":"https:\/\/marktxxl.de\/markt\/wp-json\/wp\/v2\/product\/169332","targetHints":{"allow":["GET"]}}],"collection":[{"href":"https:\/\/marktxxl.de\/markt\/wp-json\/wp\/v2\/product"}],"about":[{"href":"https:\/\/marktxxl.de\/markt\/wp-json\/wp\/v2\/types\/product"}],"replies":[{"embeddable":true,"href":"https:\/\/marktxxl.de\/markt\/wp-json\/wp\/v2\/comments?post=169332"}],"wp:featuredmedia":[{"embeddable":true,"href":"https:\/\/marktxxl.de\/markt\/wp-json\/wp\/v2\/media\/169333"}],"wp:attachment":[{"href":"https:\/\/marktxxl.de\/markt\/wp-json\/wp\/v2\/media?parent=169332"}],"wp:term":[{"taxonomy":"product_brand","embeddable":true,"href":"https:\/\/marktxxl.de\/markt\/wp-json\/wp\/v2\/product_brand?post=169332"},{"taxonomy":"product_cat","embeddable":true,"href":"https:\/\/marktxxl.de\/markt\/wp-json\/wp\/v2\/product_cat?post=169332"},{"taxonomy":"product_tag","embeddable":true,"href":"https:\/\/marktxxl.de\/markt\/wp-json\/wp\/v2\/product_tag?post=169332"}],"curies":[{"name":"wp","href":"https:\/\/api.w.org\/{rel}","templated":true}]}}