{"id":169295,"date":"2022-12-10T20:19:25","date_gmt":"2022-12-10T19:19:25","guid":{"rendered":"https:\/\/marktxxl.de\/markt\/produkt\/viper-tactical-profi-handschellen-fuer-polizisten-strapazierfaehig-vernickelter-stahl-2-schuessel-seriennummer\/"},"modified":"2023-04-11T04:55:20","modified_gmt":"2023-04-11T02:55:20","slug":"viper-tactical-profi-handschellen-fuer-polizisten-strapazierfaehig-vernickelter-stahl-2-schuessel-seriennummer","status":"publish","type":"product","link":"https:\/\/marktxxl.de\/markt\/produkt\/viper-tactical-profi-handschellen-fuer-polizisten-strapazierfaehig-vernickelter-stahl-2-schuessel-seriennummer\/","title":{"rendered":"Viper TACTICAL &#8211; Profi-Handschellen f\u00fcr Polizisten &#8211; strapazierf\u00e4hig &#8211; vernickelter Stahl &#8211; 2 Sch\u00fcssel &#8211; Seriennummer"},"content":{"rendered":"<p>Robuster, vernickelter Stahl<br \/>\nSchlie\u00dfmechanismus mit Einrasten. Wenn der Stift hineingedr\u00fcckt wird, sind die Handschellen vollst\u00e4ndig verriegelt<br \/>\nBei der Doppelverriegelung kann der B\u00fcgel mit dem Stift gegen Drehungen in jede Richtung gesichert werden<br \/>\nBeim ersten Einrasten kann der B\u00fcgel wie gew\u00fcnscht festgezogen werden<br \/>\nJedes Paar Handschellen hat eine individuelle Seriennummer. Mit 2 Schl\u00fcsseln f\u00fcr Ihre Sicherheit<br \/>\n<div class=\"main-cross-sell\" data-asin=\"B009YGM8N8\">\n\n\t<div class=\"WooZone-cross-sell-loader\">\n\t\t<div>\n\t\t\t<div id=\"floatingBarsG\">\n\t\t\t\t<div class=\"blockG\" id=\"rotateG_01\"><\/div>\n\t\t\t\t<div class=\"blockG\" id=\"rotateG_02\"><\/div>\n\t\t\t\t<div class=\"blockG\" id=\"rotateG_03\"><\/div>\n\t\t\t\t<div class=\"blockG\" id=\"rotateG_04\"><\/div>\n\t\t\t\t<div class=\"blockG\" id=\"rotateG_05\"><\/div>\n\t\t\t\t<div class=\"blockG\" id=\"rotateG_06\"><\/div>\n\t\t\t\t<div class=\"blockG\" id=\"rotateG_07\"><\/div>\n\t\t\t\t<div class=\"blockG\" id=\"rotateG_08\"><\/div>\n\t\t\t<\/div>\n\t\t\t<div class=\"WooZone-cross-sell-loader-text\"><\/div>\n\t\t<\/div>\n\t<\/div>\n\n\t\t\n<\/div>\n<div style=\"clear:both;\"><\/div><\/p>\n","protected":false},"excerpt":{"rendered":"<p>Robuster, vernickelter Stahl<br \/>\nSchlie\u00dfmechanismus mit Einrasten. Wenn der Stift hineingedr\u00fcckt wird, sind die Handschellen vollst\u00e4ndig verriegelt<br \/>\nBei der Doppelverriegelung kann der B\u00fcgel mit dem Stift gegen Drehungen in jede Richtung gesichert werden<\/p>\n","protected":false},"featured_media":169296,"comment_status":"open","ping_status":"closed","template":"","meta":[],"product_brand":[],"product_cat":[652,3064],"product_tag":[],"class_list":{"0":"post-169295","1":"product","2":"type-product","3":"status-publish","4":"has-post-thumbnail","6":"product_cat-erotik-markt-xxl","7":"product_cat-fesseln-bondage","8":"pa_binding-ausruestung","9":"pa_brand-viper-tactical","10":"pa_color-silberfarben","11":"pa_manufacturer-viper-tactical","12":"pa_model-vhandhd","13":"pa_size-einheitsgroesse","15":"first","16":"instock","17":"shipping-taxable","18":"purchasable","19":"product-type-simple","20":"customify-col","21":"product-has-gallery"},"yoast_head":"<!-- This site is optimized with the Yoast SEO plugin v27.4 - https:\/\/yoast.com\/product\/yoast-seo-wordpress\/ -->\n<title>Viper TACTICAL - Profi-Handschellen f\u00fcr Polizisten - strapazierf\u00e4hig - vernickelter Stahl - 2 Sch\u00fcssel - Seriennummer - Markt-XXL<\/title>\n<meta name=\"description\" content=\"Markt-XXL Viper TACTICAL - Profi-Handschellen f\u00fcr Polizisten - strapazierf\u00e4hig - vernickelter Stahl - 2 Sch\u00fcssel - Seriennummer\" \/>\n<meta name=\"robots\" content=\"index, follow, max-snippet:-1, max-image-preview:large, max-video-preview:-1\" \/>\n<link rel=\"canonical\" href=\"https:\/\/marktxxl.de\/markt\/produkt\/viper-tactical-profi-handschellen-fuer-polizisten-strapazierfaehig-vernickelter-stahl-2-schuessel-seriennummer\/\" \/>\n<meta property=\"og:locale\" content=\"de_DE\" \/>\n<meta property=\"og:type\" content=\"article\" \/>\n<meta property=\"og:title\" content=\"Viper TACTICAL - Profi-Handschellen f\u00fcr Polizisten - strapazierf\u00e4hig - vernickelter Stahl - 2 Sch\u00fcssel - Seriennummer - Markt-XXL\" \/>\n<meta property=\"og:description\" content=\"Markt-XXL Viper TACTICAL - Profi-Handschellen f\u00fcr Polizisten - strapazierf\u00e4hig - vernickelter Stahl - 2 Sch\u00fcssel - Seriennummer\" \/>\n<meta property=\"og:url\" content=\"https:\/\/marktxxl.de\/markt\/produkt\/viper-tactical-profi-handschellen-fuer-polizisten-strapazierfaehig-vernickelter-stahl-2-schuessel-seriennummer\/\" \/>\n<meta property=\"og:site_name\" content=\"Markt-XXL\" \/>\n<meta property=\"article:modified_time\" content=\"2023-04-11T02:55:20+00:00\" \/>\n<meta property=\"og:image\" content=\"https:\/\/m.media-amazon.com\/images\/I\/31Z1BEbJ4MS._SL500_.jpg\" \/>\n\t<meta property=\"og:image:width\" content=\"500\" \/>\n\t<meta property=\"og:image:height\" content=\"216\" \/>\n\t<meta property=\"og:image:type\" content=\"image\/jpeg\" \/>\n<meta name=\"twitter:card\" content=\"summary_large_image\" \/>\n<script type=\"application\/ld+json\" class=\"yoast-schema-graph\">{\"@context\":\"https:\\\/\\\/schema.org\",\"@graph\":[{\"@type\":\"WebPage\",\"@id\":\"https:\\\/\\\/marktxxl.de\\\/markt\\\/produkt\\\/viper-tactical-profi-handschellen-fuer-polizisten-strapazierfaehig-vernickelter-stahl-2-schuessel-seriennummer\\\/\",\"url\":\"https:\\\/\\\/marktxxl.de\\\/markt\\\/produkt\\\/viper-tactical-profi-handschellen-fuer-polizisten-strapazierfaehig-vernickelter-stahl-2-schuessel-seriennummer\\\/\",\"name\":\"Viper TACTICAL - Profi-Handschellen f\u00fcr Polizisten - strapazierf\u00e4hig - vernickelter Stahl - 2 Sch\u00fcssel - Seriennummer - Markt-XXL\",\"isPartOf\":{\"@id\":\"https:\\\/\\\/marktxxl.de\\\/markt\\\/#website\"},\"primaryImageOfPage\":{\"@id\":\"https:\\\/\\\/marktxxl.de\\\/markt\\\/produkt\\\/viper-tactical-profi-handschellen-fuer-polizisten-strapazierfaehig-vernickelter-stahl-2-schuessel-seriennummer\\\/#primaryimage\"},\"image\":{\"@id\":\"https:\\\/\\\/marktxxl.de\\\/markt\\\/produkt\\\/viper-tactical-profi-handschellen-fuer-polizisten-strapazierfaehig-vernickelter-stahl-2-schuessel-seriennummer\\\/#primaryimage\"},\"thumbnailUrl\":\"https:\\\/\\\/m.media-amazon.com\\\/images\\\/I\\\/31Z1BEbJ4MS._SL500_.jpg\",\"datePublished\":\"2022-12-10T19:19:25+00:00\",\"dateModified\":\"2023-04-11T02:55:20+00:00\",\"description\":\"Markt-XXL Viper TACTICAL - Profi-Handschellen f\u00fcr Polizisten - strapazierf\u00e4hig - vernickelter Stahl - 2 Sch\u00fcssel - Seriennummer\",\"breadcrumb\":{\"@id\":\"https:\\\/\\\/marktxxl.de\\\/markt\\\/produkt\\\/viper-tactical-profi-handschellen-fuer-polizisten-strapazierfaehig-vernickelter-stahl-2-schuessel-seriennummer\\\/#breadcrumb\"},\"inLanguage\":\"de\",\"potentialAction\":[{\"@type\":\"ReadAction\",\"target\":[\"https:\\\/\\\/marktxxl.de\\\/markt\\\/produkt\\\/viper-tactical-profi-handschellen-fuer-polizisten-strapazierfaehig-vernickelter-stahl-2-schuessel-seriennummer\\\/\"]}]},{\"@type\":\"ImageObject\",\"inLanguage\":\"de\",\"@id\":\"https:\\\/\\\/marktxxl.de\\\/markt\\\/produkt\\\/viper-tactical-profi-handschellen-fuer-polizisten-strapazierfaehig-vernickelter-stahl-2-schuessel-seriennummer\\\/#primaryimage\",\"url\":\"https:\\\/\\\/m.media-amazon.com\\\/images\\\/I\\\/31Z1BEbJ4MS._SL500_.jpg\",\"contentUrl\":\"https:\\\/\\\/m.media-amazon.com\\\/images\\\/I\\\/31Z1BEbJ4MS._SL500_.jpg\",\"width\":500,\"height\":216},{\"@type\":\"BreadcrumbList\",\"@id\":\"https:\\\/\\\/marktxxl.de\\\/markt\\\/produkt\\\/viper-tactical-profi-handschellen-fuer-polizisten-strapazierfaehig-vernickelter-stahl-2-schuessel-seriennummer\\\/#breadcrumb\",\"itemListElement\":[{\"@type\":\"ListItem\",\"position\":1,\"name\":\"Startseite\",\"item\":\"https:\\\/\\\/marktxxl.de\\\/markt\\\/\"},{\"@type\":\"ListItem\",\"position\":2,\"name\":\"Markt\",\"item\":\"https:\\\/\\\/marktxxl.de\\\/markt\\\/\"},{\"@type\":\"ListItem\",\"position\":3,\"name\":\"Viper TACTICAL &#8211; Profi-Handschellen f\u00fcr Polizisten &#8211; strapazierf\u00e4hig &#8211; vernickelter Stahl &#8211; 2 Sch\u00fcssel &#8211; Seriennummer\"}]},{\"@type\":\"WebSite\",\"@id\":\"https:\\\/\\\/marktxxl.de\\\/markt\\\/#website\",\"url\":\"https:\\\/\\\/marktxxl.de\\\/markt\\\/\",\"name\":\"Markt-XXL\",\"description\":\"Ihr Markt Online\",\"publisher\":{\"@id\":\"https:\\\/\\\/marktxxl.de\\\/markt\\\/#organization\"},\"potentialAction\":[{\"@type\":\"SearchAction\",\"target\":{\"@type\":\"EntryPoint\",\"urlTemplate\":\"https:\\\/\\\/marktxxl.de\\\/markt\\\/?s={search_term_string}\"},\"query-input\":{\"@type\":\"PropertyValueSpecification\",\"valueRequired\":true,\"valueName\":\"search_term_string\"}}],\"inLanguage\":\"de\"},{\"@type\":\"Organization\",\"@id\":\"https:\\\/\\\/marktxxl.de\\\/markt\\\/#organization\",\"name\":\"Markt-XXL\",\"url\":\"https:\\\/\\\/marktxxl.de\\\/markt\\\/\",\"logo\":{\"@type\":\"ImageObject\",\"inLanguage\":\"de\",\"@id\":\"https:\\\/\\\/marktxxl.de\\\/markt\\\/#\\\/schema\\\/logo\\\/image\\\/\",\"url\":\"https:\\\/\\\/marktxxl.de\\\/markt\\\/wp-content\\\/uploads\\\/sites\\\/3\\\/2020\\\/12\\\/logo.png\",\"contentUrl\":\"https:\\\/\\\/marktxxl.de\\\/markt\\\/wp-content\\\/uploads\\\/sites\\\/3\\\/2020\\\/12\\\/logo.png\",\"width\":200,\"height\":70,\"caption\":\"Markt-XXL\"},\"image\":{\"@id\":\"https:\\\/\\\/marktxxl.de\\\/markt\\\/#\\\/schema\\\/logo\\\/image\\\/\"}}]}<\/script>\n<!-- \/ Yoast SEO plugin. -->","yoast_head_json":{"title":"Viper TACTICAL - Profi-Handschellen f\u00fcr Polizisten - strapazierf\u00e4hig - vernickelter Stahl - 2 Sch\u00fcssel - Seriennummer - Markt-XXL","description":"Markt-XXL Viper TACTICAL - Profi-Handschellen f\u00fcr Polizisten - strapazierf\u00e4hig - vernickelter Stahl - 2 Sch\u00fcssel - Seriennummer","robots":{"index":"index","follow":"follow","max-snippet":"max-snippet:-1","max-image-preview":"max-image-preview:large","max-video-preview":"max-video-preview:-1"},"canonical":"https:\/\/marktxxl.de\/markt\/produkt\/viper-tactical-profi-handschellen-fuer-polizisten-strapazierfaehig-vernickelter-stahl-2-schuessel-seriennummer\/","og_locale":"de_DE","og_type":"article","og_title":"Viper TACTICAL - Profi-Handschellen f\u00fcr Polizisten - strapazierf\u00e4hig - vernickelter Stahl - 2 Sch\u00fcssel - Seriennummer - Markt-XXL","og_description":"Markt-XXL Viper TACTICAL - Profi-Handschellen f\u00fcr Polizisten - strapazierf\u00e4hig - vernickelter Stahl - 2 Sch\u00fcssel - Seriennummer","og_url":"https:\/\/marktxxl.de\/markt\/produkt\/viper-tactical-profi-handschellen-fuer-polizisten-strapazierfaehig-vernickelter-stahl-2-schuessel-seriennummer\/","og_site_name":"Markt-XXL","article_modified_time":"2023-04-11T02:55:20+00:00","og_image":[{"width":500,"height":216,"url":"https:\/\/m.media-amazon.com\/images\/I\/31Z1BEbJ4MS._SL500_.jpg","type":"image\/jpeg"}],"twitter_card":"summary_large_image","schema":{"@context":"https:\/\/schema.org","@graph":[{"@type":"WebPage","@id":"https:\/\/marktxxl.de\/markt\/produkt\/viper-tactical-profi-handschellen-fuer-polizisten-strapazierfaehig-vernickelter-stahl-2-schuessel-seriennummer\/","url":"https:\/\/marktxxl.de\/markt\/produkt\/viper-tactical-profi-handschellen-fuer-polizisten-strapazierfaehig-vernickelter-stahl-2-schuessel-seriennummer\/","name":"Viper TACTICAL - Profi-Handschellen f\u00fcr Polizisten - strapazierf\u00e4hig - vernickelter Stahl - 2 Sch\u00fcssel - Seriennummer - Markt-XXL","isPartOf":{"@id":"https:\/\/marktxxl.de\/markt\/#website"},"primaryImageOfPage":{"@id":"https:\/\/marktxxl.de\/markt\/produkt\/viper-tactical-profi-handschellen-fuer-polizisten-strapazierfaehig-vernickelter-stahl-2-schuessel-seriennummer\/#primaryimage"},"image":{"@id":"https:\/\/marktxxl.de\/markt\/produkt\/viper-tactical-profi-handschellen-fuer-polizisten-strapazierfaehig-vernickelter-stahl-2-schuessel-seriennummer\/#primaryimage"},"thumbnailUrl":"https:\/\/m.media-amazon.com\/images\/I\/31Z1BEbJ4MS._SL500_.jpg","datePublished":"2022-12-10T19:19:25+00:00","dateModified":"2023-04-11T02:55:20+00:00","description":"Markt-XXL Viper TACTICAL - Profi-Handschellen f\u00fcr Polizisten - strapazierf\u00e4hig - vernickelter Stahl - 2 Sch\u00fcssel - Seriennummer","breadcrumb":{"@id":"https:\/\/marktxxl.de\/markt\/produkt\/viper-tactical-profi-handschellen-fuer-polizisten-strapazierfaehig-vernickelter-stahl-2-schuessel-seriennummer\/#breadcrumb"},"inLanguage":"de","potentialAction":[{"@type":"ReadAction","target":["https:\/\/marktxxl.de\/markt\/produkt\/viper-tactical-profi-handschellen-fuer-polizisten-strapazierfaehig-vernickelter-stahl-2-schuessel-seriennummer\/"]}]},{"@type":"ImageObject","inLanguage":"de","@id":"https:\/\/marktxxl.de\/markt\/produkt\/viper-tactical-profi-handschellen-fuer-polizisten-strapazierfaehig-vernickelter-stahl-2-schuessel-seriennummer\/#primaryimage","url":"https:\/\/m.media-amazon.com\/images\/I\/31Z1BEbJ4MS._SL500_.jpg","contentUrl":"https:\/\/m.media-amazon.com\/images\/I\/31Z1BEbJ4MS._SL500_.jpg","width":500,"height":216},{"@type":"BreadcrumbList","@id":"https:\/\/marktxxl.de\/markt\/produkt\/viper-tactical-profi-handschellen-fuer-polizisten-strapazierfaehig-vernickelter-stahl-2-schuessel-seriennummer\/#breadcrumb","itemListElement":[{"@type":"ListItem","position":1,"name":"Startseite","item":"https:\/\/marktxxl.de\/markt\/"},{"@type":"ListItem","position":2,"name":"Markt","item":"https:\/\/marktxxl.de\/markt\/"},{"@type":"ListItem","position":3,"name":"Viper TACTICAL &#8211; Profi-Handschellen f\u00fcr Polizisten &#8211; strapazierf\u00e4hig &#8211; vernickelter Stahl &#8211; 2 Sch\u00fcssel &#8211; Seriennummer"}]},{"@type":"WebSite","@id":"https:\/\/marktxxl.de\/markt\/#website","url":"https:\/\/marktxxl.de\/markt\/","name":"Markt-XXL","description":"Ihr Markt Online","publisher":{"@id":"https:\/\/marktxxl.de\/markt\/#organization"},"potentialAction":[{"@type":"SearchAction","target":{"@type":"EntryPoint","urlTemplate":"https:\/\/marktxxl.de\/markt\/?s={search_term_string}"},"query-input":{"@type":"PropertyValueSpecification","valueRequired":true,"valueName":"search_term_string"}}],"inLanguage":"de"},{"@type":"Organization","@id":"https:\/\/marktxxl.de\/markt\/#organization","name":"Markt-XXL","url":"https:\/\/marktxxl.de\/markt\/","logo":{"@type":"ImageObject","inLanguage":"de","@id":"https:\/\/marktxxl.de\/markt\/#\/schema\/logo\/image\/","url":"https:\/\/marktxxl.de\/markt\/wp-content\/uploads\/sites\/3\/2020\/12\/logo.png","contentUrl":"https:\/\/marktxxl.de\/markt\/wp-content\/uploads\/sites\/3\/2020\/12\/logo.png","width":200,"height":70,"caption":"Markt-XXL"},"image":{"@id":"https:\/\/marktxxl.de\/markt\/#\/schema\/logo\/image\/"}}]}},"_links":{"self":[{"href":"https:\/\/marktxxl.de\/markt\/wp-json\/wp\/v2\/product\/169295","targetHints":{"allow":["GET"]}}],"collection":[{"href":"https:\/\/marktxxl.de\/markt\/wp-json\/wp\/v2\/product"}],"about":[{"href":"https:\/\/marktxxl.de\/markt\/wp-json\/wp\/v2\/types\/product"}],"replies":[{"embeddable":true,"href":"https:\/\/marktxxl.de\/markt\/wp-json\/wp\/v2\/comments?post=169295"}],"wp:featuredmedia":[{"embeddable":true,"href":"https:\/\/marktxxl.de\/markt\/wp-json\/wp\/v2\/media\/169296"}],"wp:attachment":[{"href":"https:\/\/marktxxl.de\/markt\/wp-json\/wp\/v2\/media?parent=169295"}],"wp:term":[{"taxonomy":"product_brand","embeddable":true,"href":"https:\/\/marktxxl.de\/markt\/wp-json\/wp\/v2\/product_brand?post=169295"},{"taxonomy":"product_cat","embeddable":true,"href":"https:\/\/marktxxl.de\/markt\/wp-json\/wp\/v2\/product_cat?post=169295"},{"taxonomy":"product_tag","embeddable":true,"href":"https:\/\/marktxxl.de\/markt\/wp-json\/wp\/v2\/product_tag?post=169295"}],"curies":[{"name":"wp","href":"https:\/\/api.w.org\/{rel}","templated":true}]}}