{"id":169265,"date":"2022-12-10T20:04:57","date_gmt":"2022-12-10T19:04:57","guid":{"rendered":"https:\/\/marktxxl.de\/markt\/produkt\/childhome-rucksack-fuer-kinder-baby-schule-kindergarten-krippe-zwei-faecher-geeignet-fuer-lunchbag-flasche-sicherheitsschnalle-wasserabweisend-my-first-bag-eddy-ecru\/"},"modified":"2023-04-11T04:55:20","modified_gmt":"2023-04-11T02:55:20","slug":"childhome-rucksack-fuer-kinder-baby-schule-kindergarten-krippe-zwei-faecher-geeignet-fuer-lunchbag-flasche-sicherheitsschnalle-wasserabweisend-my-first-bag-eddy-ecru","status":"publish","type":"product","link":"https:\/\/marktxxl.de\/markt\/produkt\/childhome-rucksack-fuer-kinder-baby-schule-kindergarten-krippe-zwei-faecher-geeignet-fuer-lunchbag-flasche-sicherheitsschnalle-wasserabweisend-my-first-bag-eddy-ecru\/","title":{"rendered":"CHILDHOME, Rucksack f\u00fcr Kinder, Baby, Schule, Kindergarten, Krippe, zwei F\u00e4cher, geeignet f\u00fcr Lunchbag\/Flasche\u2026"},"content":{"rendered":"<p>Um wie Mama zu sein: Kombinieren Sie sie mit der Mommy Bag f\u00fcr die Gro\u00dfen<br \/>\nRucksack f\u00fcr Kinder: mit einem kleinen Fach f\u00fcr kleine Kuscheltiere und einem gro\u00dfen Fach f\u00fcr eine Lunchbox und eine Wasserflasche. Ma\u00dfe: 20 x 8 x 24 cm<br \/>\nSicherheit: Die abnehmbare Sicherheitsschnalle, ebenso wie die Schultergurte sind verstellbar. So bleibt alles an Ort und Stelle, wenn Kinder in Bewegung sind, f\u00fcr mehr Komfort und Sicherheit<br \/>\nPraktisch f\u00fcr die Schule: Ideal f\u00fcr den Einstieg in das erste Schuljahr oder die Krippe ruhig und stilvoll. Kleine Kinder brauchen eine kleine, kompakte Schultasche, leicht zu tragen und zu \u00f6ffnen. Die Motive sind bestickt f\u00fcr eine l\u00e4ngere Haltbarkeit.<br \/>\nPflege: Leicht zu reinigen: Verwenden Sie ein feuchtes Tuch und trocknen Sie es sofort, um die wasserabweisende Eigenschaft zu erhalten<br \/>\n<div class=\"main-cross-sell\" data-asin=\"B08WYX6D56\">\n\n\t<div class=\"WooZone-cross-sell-loader\">\n\t\t<div>\n\t\t\t<div id=\"floatingBarsG\">\n\t\t\t\t<div class=\"blockG\" id=\"rotateG_01\"><\/div>\n\t\t\t\t<div class=\"blockG\" id=\"rotateG_02\"><\/div>\n\t\t\t\t<div class=\"blockG\" id=\"rotateG_03\"><\/div>\n\t\t\t\t<div class=\"blockG\" id=\"rotateG_04\"><\/div>\n\t\t\t\t<div class=\"blockG\" id=\"rotateG_05\"><\/div>\n\t\t\t\t<div class=\"blockG\" id=\"rotateG_06\"><\/div>\n\t\t\t\t<div class=\"blockG\" id=\"rotateG_07\"><\/div>\n\t\t\t\t<div class=\"blockG\" id=\"rotateG_08\"><\/div>\n\t\t\t<\/div>\n\t\t\t<div class=\"WooZone-cross-sell-loader-text\"><\/div>\n\t\t<\/div>\n\t<\/div>\n\n\t\t\n<\/div>\n<div style=\"clear:both;\"><\/div><\/p>\n","protected":false},"excerpt":{"rendered":"<p>Um wie Mama zu sein: Kombinieren Sie sie mit der Mommy Bag f\u00fcr die Gro\u00dfen<br \/>\nRucksack f\u00fcr Kinder: mit einem kleinen Fach f\u00fcr kleine Kuscheltiere und einem gro\u00dfen Fach f\u00fcr eine Lunchbox und eine Wasserflasche. Ma\u00dfe: 20 x 8 x 24 cm<br \/>\nSicherheit: Die abnehmbare Sicherheitsschnalle, ebenso wie die Schultergurte sind verstellbar. So bleibt alles an Ort und Stelle, wenn Kinder in Bewegung sind, f\u00fcr mehr Komfort und Sicherheit<\/p>\n","protected":false},"featured_media":169266,"comment_status":"open","ping_status":"closed","template":"","meta":[],"product_brand":[],"product_cat":[8765,21],"product_tag":[],"class_list":{"0":"post-169265","1":"product","2":"type-product","3":"status-publish","4":"has-post-thumbnail","6":"product_cat-autositze-zubehoer-baby","7":"product_cat-baby","8":"pa_binding-babyartikel","9":"pa_brand-childhome","10":"pa_color-teddy-ecru","11":"pa_height-9-448818888-zoll","12":"pa_length-7-87401574-zoll","13":"pa_manufacturer-childhome","14":"pa_model-cwkidbtw","15":"pa_size-1-unite-lot-de-1","16":"pa_weight-0-440924524-pfund","17":"pa_width-3-149606296-zoll","19":"first","20":"instock","21":"shipping-taxable","22":"purchasable","23":"product-type-simple","24":"customify-col","25":"product-has-gallery"},"yoast_head":"<!-- This site is optimized with the Yoast SEO plugin v27.4 - https:\/\/yoast.com\/product\/yoast-seo-wordpress\/ -->\n<title>CHILDHOME, Rucksack f\u00fcr Kinder, Baby, Schule, Kindergarten, Krippe, zwei F\u00e4cher, geeignet f\u00fcr Lunchbag\/Flasche\u2026 - Markt-XXL<\/title>\n<meta name=\"description\" content=\"Markt-XXL CHILDHOME, Rucksack f\u00fcr Kinder, Baby, Schule, Kindergarten, Krippe, zwei F\u00e4cher, geeignet f\u00fcr Lunchbag\/Flasche\u2026\" \/>\n<meta name=\"robots\" content=\"index, follow, max-snippet:-1, max-image-preview:large, max-video-preview:-1\" \/>\n<link rel=\"canonical\" href=\"https:\/\/marktxxl.de\/markt\/produkt\/childhome-rucksack-fuer-kinder-baby-schule-kindergarten-krippe-zwei-faecher-geeignet-fuer-lunchbag-flasche-sicherheitsschnalle-wasserabweisend-my-first-bag-eddy-ecru\/\" \/>\n<meta property=\"og:locale\" content=\"de_DE\" \/>\n<meta property=\"og:type\" content=\"article\" \/>\n<meta property=\"og:title\" content=\"CHILDHOME, Rucksack f\u00fcr Kinder, Baby, Schule, Kindergarten, Krippe, zwei F\u00e4cher, geeignet f\u00fcr Lunchbag\/Flasche\u2026 - Markt-XXL\" \/>\n<meta property=\"og:description\" content=\"Markt-XXL CHILDHOME, Rucksack f\u00fcr Kinder, Baby, Schule, Kindergarten, Krippe, zwei F\u00e4cher, geeignet f\u00fcr Lunchbag\/Flasche\u2026\" \/>\n<meta property=\"og:url\" content=\"https:\/\/marktxxl.de\/markt\/produkt\/childhome-rucksack-fuer-kinder-baby-schule-kindergarten-krippe-zwei-faecher-geeignet-fuer-lunchbag-flasche-sicherheitsschnalle-wasserabweisend-my-first-bag-eddy-ecru\/\" \/>\n<meta property=\"og:site_name\" content=\"Markt-XXL\" \/>\n<meta property=\"article:modified_time\" content=\"2023-04-11T02:55:20+00:00\" \/>\n<meta property=\"og:image\" content=\"https:\/\/m.media-amazon.com\/images\/I\/41NhGLknA5S._SL500_.jpg\" \/>\n\t<meta property=\"og:image:width\" content=\"481\" \/>\n\t<meta property=\"og:image:height\" content=\"500\" \/>\n\t<meta property=\"og:image:type\" content=\"image\/jpeg\" \/>\n<meta name=\"twitter:card\" content=\"summary_large_image\" \/>\n<meta name=\"twitter:label1\" content=\"Gesch\u00e4tzte Lesezeit\" \/>\n\t<meta name=\"twitter:data1\" content=\"1\u00a0Minute\" \/>\n<script type=\"application\/ld+json\" class=\"yoast-schema-graph\">{\"@context\":\"https:\\\/\\\/schema.org\",\"@graph\":[{\"@type\":\"WebPage\",\"@id\":\"https:\\\/\\\/marktxxl.de\\\/markt\\\/produkt\\\/childhome-rucksack-fuer-kinder-baby-schule-kindergarten-krippe-zwei-faecher-geeignet-fuer-lunchbag-flasche-sicherheitsschnalle-wasserabweisend-my-first-bag-eddy-ecru\\\/\",\"url\":\"https:\\\/\\\/marktxxl.de\\\/markt\\\/produkt\\\/childhome-rucksack-fuer-kinder-baby-schule-kindergarten-krippe-zwei-faecher-geeignet-fuer-lunchbag-flasche-sicherheitsschnalle-wasserabweisend-my-first-bag-eddy-ecru\\\/\",\"name\":\"CHILDHOME, Rucksack f\u00fcr Kinder, Baby, Schule, Kindergarten, Krippe, zwei F\u00e4cher, geeignet f\u00fcr Lunchbag\\\/Flasche\u2026 - Markt-XXL\",\"isPartOf\":{\"@id\":\"https:\\\/\\\/marktxxl.de\\\/markt\\\/#website\"},\"primaryImageOfPage\":{\"@id\":\"https:\\\/\\\/marktxxl.de\\\/markt\\\/produkt\\\/childhome-rucksack-fuer-kinder-baby-schule-kindergarten-krippe-zwei-faecher-geeignet-fuer-lunchbag-flasche-sicherheitsschnalle-wasserabweisend-my-first-bag-eddy-ecru\\\/#primaryimage\"},\"image\":{\"@id\":\"https:\\\/\\\/marktxxl.de\\\/markt\\\/produkt\\\/childhome-rucksack-fuer-kinder-baby-schule-kindergarten-krippe-zwei-faecher-geeignet-fuer-lunchbag-flasche-sicherheitsschnalle-wasserabweisend-my-first-bag-eddy-ecru\\\/#primaryimage\"},\"thumbnailUrl\":\"https:\\\/\\\/m.media-amazon.com\\\/images\\\/I\\\/41NhGLknA5S._SL500_.jpg\",\"datePublished\":\"2022-12-10T19:04:57+00:00\",\"dateModified\":\"2023-04-11T02:55:20+00:00\",\"description\":\"Markt-XXL CHILDHOME, Rucksack f\u00fcr Kinder, Baby, Schule, Kindergarten, Krippe, zwei F\u00e4cher, geeignet f\u00fcr Lunchbag\\\/Flasche\u2026\",\"breadcrumb\":{\"@id\":\"https:\\\/\\\/marktxxl.de\\\/markt\\\/produkt\\\/childhome-rucksack-fuer-kinder-baby-schule-kindergarten-krippe-zwei-faecher-geeignet-fuer-lunchbag-flasche-sicherheitsschnalle-wasserabweisend-my-first-bag-eddy-ecru\\\/#breadcrumb\"},\"inLanguage\":\"de\",\"potentialAction\":[{\"@type\":\"ReadAction\",\"target\":[\"https:\\\/\\\/marktxxl.de\\\/markt\\\/produkt\\\/childhome-rucksack-fuer-kinder-baby-schule-kindergarten-krippe-zwei-faecher-geeignet-fuer-lunchbag-flasche-sicherheitsschnalle-wasserabweisend-my-first-bag-eddy-ecru\\\/\"]}]},{\"@type\":\"ImageObject\",\"inLanguage\":\"de\",\"@id\":\"https:\\\/\\\/marktxxl.de\\\/markt\\\/produkt\\\/childhome-rucksack-fuer-kinder-baby-schule-kindergarten-krippe-zwei-faecher-geeignet-fuer-lunchbag-flasche-sicherheitsschnalle-wasserabweisend-my-first-bag-eddy-ecru\\\/#primaryimage\",\"url\":\"https:\\\/\\\/m.media-amazon.com\\\/images\\\/I\\\/41NhGLknA5S._SL500_.jpg\",\"contentUrl\":\"https:\\\/\\\/m.media-amazon.com\\\/images\\\/I\\\/41NhGLknA5S._SL500_.jpg\",\"width\":481,\"height\":500},{\"@type\":\"BreadcrumbList\",\"@id\":\"https:\\\/\\\/marktxxl.de\\\/markt\\\/produkt\\\/childhome-rucksack-fuer-kinder-baby-schule-kindergarten-krippe-zwei-faecher-geeignet-fuer-lunchbag-flasche-sicherheitsschnalle-wasserabweisend-my-first-bag-eddy-ecru\\\/#breadcrumb\",\"itemListElement\":[{\"@type\":\"ListItem\",\"position\":1,\"name\":\"Startseite\",\"item\":\"https:\\\/\\\/marktxxl.de\\\/markt\\\/\"},{\"@type\":\"ListItem\",\"position\":2,\"name\":\"Markt\",\"item\":\"https:\\\/\\\/marktxxl.de\\\/markt\\\/\"},{\"@type\":\"ListItem\",\"position\":3,\"name\":\"CHILDHOME, Rucksack f\u00fcr Kinder, Baby, Schule, Kindergarten, Krippe, zwei F\u00e4cher, geeignet f\u00fcr Lunchbag\\\/Flasche\u2026\"}]},{\"@type\":\"WebSite\",\"@id\":\"https:\\\/\\\/marktxxl.de\\\/markt\\\/#website\",\"url\":\"https:\\\/\\\/marktxxl.de\\\/markt\\\/\",\"name\":\"Markt-XXL\",\"description\":\"Ihr Markt Online\",\"publisher\":{\"@id\":\"https:\\\/\\\/marktxxl.de\\\/markt\\\/#organization\"},\"potentialAction\":[{\"@type\":\"SearchAction\",\"target\":{\"@type\":\"EntryPoint\",\"urlTemplate\":\"https:\\\/\\\/marktxxl.de\\\/markt\\\/?s={search_term_string}\"},\"query-input\":{\"@type\":\"PropertyValueSpecification\",\"valueRequired\":true,\"valueName\":\"search_term_string\"}}],\"inLanguage\":\"de\"},{\"@type\":\"Organization\",\"@id\":\"https:\\\/\\\/marktxxl.de\\\/markt\\\/#organization\",\"name\":\"Markt-XXL\",\"url\":\"https:\\\/\\\/marktxxl.de\\\/markt\\\/\",\"logo\":{\"@type\":\"ImageObject\",\"inLanguage\":\"de\",\"@id\":\"https:\\\/\\\/marktxxl.de\\\/markt\\\/#\\\/schema\\\/logo\\\/image\\\/\",\"url\":\"https:\\\/\\\/marktxxl.de\\\/markt\\\/wp-content\\\/uploads\\\/sites\\\/3\\\/2020\\\/12\\\/logo.png\",\"contentUrl\":\"https:\\\/\\\/marktxxl.de\\\/markt\\\/wp-content\\\/uploads\\\/sites\\\/3\\\/2020\\\/12\\\/logo.png\",\"width\":200,\"height\":70,\"caption\":\"Markt-XXL\"},\"image\":{\"@id\":\"https:\\\/\\\/marktxxl.de\\\/markt\\\/#\\\/schema\\\/logo\\\/image\\\/\"}}]}<\/script>\n<!-- \/ Yoast SEO plugin. -->","yoast_head_json":{"title":"CHILDHOME, Rucksack f\u00fcr Kinder, Baby, Schule, Kindergarten, Krippe, zwei F\u00e4cher, geeignet f\u00fcr Lunchbag\/Flasche\u2026 - Markt-XXL","description":"Markt-XXL CHILDHOME, Rucksack f\u00fcr Kinder, Baby, Schule, Kindergarten, Krippe, zwei F\u00e4cher, geeignet f\u00fcr Lunchbag\/Flasche\u2026","robots":{"index":"index","follow":"follow","max-snippet":"max-snippet:-1","max-image-preview":"max-image-preview:large","max-video-preview":"max-video-preview:-1"},"canonical":"https:\/\/marktxxl.de\/markt\/produkt\/childhome-rucksack-fuer-kinder-baby-schule-kindergarten-krippe-zwei-faecher-geeignet-fuer-lunchbag-flasche-sicherheitsschnalle-wasserabweisend-my-first-bag-eddy-ecru\/","og_locale":"de_DE","og_type":"article","og_title":"CHILDHOME, Rucksack f\u00fcr Kinder, Baby, Schule, Kindergarten, Krippe, zwei F\u00e4cher, geeignet f\u00fcr Lunchbag\/Flasche\u2026 - Markt-XXL","og_description":"Markt-XXL CHILDHOME, Rucksack f\u00fcr Kinder, Baby, Schule, Kindergarten, Krippe, zwei F\u00e4cher, geeignet f\u00fcr Lunchbag\/Flasche\u2026","og_url":"https:\/\/marktxxl.de\/markt\/produkt\/childhome-rucksack-fuer-kinder-baby-schule-kindergarten-krippe-zwei-faecher-geeignet-fuer-lunchbag-flasche-sicherheitsschnalle-wasserabweisend-my-first-bag-eddy-ecru\/","og_site_name":"Markt-XXL","article_modified_time":"2023-04-11T02:55:20+00:00","og_image":[{"width":481,"height":500,"url":"https:\/\/m.media-amazon.com\/images\/I\/41NhGLknA5S._SL500_.jpg","type":"image\/jpeg"}],"twitter_card":"summary_large_image","twitter_misc":{"Gesch\u00e4tzte Lesezeit":"1\u00a0Minute"},"schema":{"@context":"https:\/\/schema.org","@graph":[{"@type":"WebPage","@id":"https:\/\/marktxxl.de\/markt\/produkt\/childhome-rucksack-fuer-kinder-baby-schule-kindergarten-krippe-zwei-faecher-geeignet-fuer-lunchbag-flasche-sicherheitsschnalle-wasserabweisend-my-first-bag-eddy-ecru\/","url":"https:\/\/marktxxl.de\/markt\/produkt\/childhome-rucksack-fuer-kinder-baby-schule-kindergarten-krippe-zwei-faecher-geeignet-fuer-lunchbag-flasche-sicherheitsschnalle-wasserabweisend-my-first-bag-eddy-ecru\/","name":"CHILDHOME, Rucksack f\u00fcr Kinder, Baby, Schule, Kindergarten, Krippe, zwei F\u00e4cher, geeignet f\u00fcr Lunchbag\/Flasche\u2026 - Markt-XXL","isPartOf":{"@id":"https:\/\/marktxxl.de\/markt\/#website"},"primaryImageOfPage":{"@id":"https:\/\/marktxxl.de\/markt\/produkt\/childhome-rucksack-fuer-kinder-baby-schule-kindergarten-krippe-zwei-faecher-geeignet-fuer-lunchbag-flasche-sicherheitsschnalle-wasserabweisend-my-first-bag-eddy-ecru\/#primaryimage"},"image":{"@id":"https:\/\/marktxxl.de\/markt\/produkt\/childhome-rucksack-fuer-kinder-baby-schule-kindergarten-krippe-zwei-faecher-geeignet-fuer-lunchbag-flasche-sicherheitsschnalle-wasserabweisend-my-first-bag-eddy-ecru\/#primaryimage"},"thumbnailUrl":"https:\/\/m.media-amazon.com\/images\/I\/41NhGLknA5S._SL500_.jpg","datePublished":"2022-12-10T19:04:57+00:00","dateModified":"2023-04-11T02:55:20+00:00","description":"Markt-XXL CHILDHOME, Rucksack f\u00fcr Kinder, Baby, Schule, Kindergarten, Krippe, zwei F\u00e4cher, geeignet f\u00fcr Lunchbag\/Flasche\u2026","breadcrumb":{"@id":"https:\/\/marktxxl.de\/markt\/produkt\/childhome-rucksack-fuer-kinder-baby-schule-kindergarten-krippe-zwei-faecher-geeignet-fuer-lunchbag-flasche-sicherheitsschnalle-wasserabweisend-my-first-bag-eddy-ecru\/#breadcrumb"},"inLanguage":"de","potentialAction":[{"@type":"ReadAction","target":["https:\/\/marktxxl.de\/markt\/produkt\/childhome-rucksack-fuer-kinder-baby-schule-kindergarten-krippe-zwei-faecher-geeignet-fuer-lunchbag-flasche-sicherheitsschnalle-wasserabweisend-my-first-bag-eddy-ecru\/"]}]},{"@type":"ImageObject","inLanguage":"de","@id":"https:\/\/marktxxl.de\/markt\/produkt\/childhome-rucksack-fuer-kinder-baby-schule-kindergarten-krippe-zwei-faecher-geeignet-fuer-lunchbag-flasche-sicherheitsschnalle-wasserabweisend-my-first-bag-eddy-ecru\/#primaryimage","url":"https:\/\/m.media-amazon.com\/images\/I\/41NhGLknA5S._SL500_.jpg","contentUrl":"https:\/\/m.media-amazon.com\/images\/I\/41NhGLknA5S._SL500_.jpg","width":481,"height":500},{"@type":"BreadcrumbList","@id":"https:\/\/marktxxl.de\/markt\/produkt\/childhome-rucksack-fuer-kinder-baby-schule-kindergarten-krippe-zwei-faecher-geeignet-fuer-lunchbag-flasche-sicherheitsschnalle-wasserabweisend-my-first-bag-eddy-ecru\/#breadcrumb","itemListElement":[{"@type":"ListItem","position":1,"name":"Startseite","item":"https:\/\/marktxxl.de\/markt\/"},{"@type":"ListItem","position":2,"name":"Markt","item":"https:\/\/marktxxl.de\/markt\/"},{"@type":"ListItem","position":3,"name":"CHILDHOME, Rucksack f\u00fcr Kinder, Baby, Schule, Kindergarten, Krippe, zwei F\u00e4cher, geeignet f\u00fcr Lunchbag\/Flasche\u2026"}]},{"@type":"WebSite","@id":"https:\/\/marktxxl.de\/markt\/#website","url":"https:\/\/marktxxl.de\/markt\/","name":"Markt-XXL","description":"Ihr Markt Online","publisher":{"@id":"https:\/\/marktxxl.de\/markt\/#organization"},"potentialAction":[{"@type":"SearchAction","target":{"@type":"EntryPoint","urlTemplate":"https:\/\/marktxxl.de\/markt\/?s={search_term_string}"},"query-input":{"@type":"PropertyValueSpecification","valueRequired":true,"valueName":"search_term_string"}}],"inLanguage":"de"},{"@type":"Organization","@id":"https:\/\/marktxxl.de\/markt\/#organization","name":"Markt-XXL","url":"https:\/\/marktxxl.de\/markt\/","logo":{"@type":"ImageObject","inLanguage":"de","@id":"https:\/\/marktxxl.de\/markt\/#\/schema\/logo\/image\/","url":"https:\/\/marktxxl.de\/markt\/wp-content\/uploads\/sites\/3\/2020\/12\/logo.png","contentUrl":"https:\/\/marktxxl.de\/markt\/wp-content\/uploads\/sites\/3\/2020\/12\/logo.png","width":200,"height":70,"caption":"Markt-XXL"},"image":{"@id":"https:\/\/marktxxl.de\/markt\/#\/schema\/logo\/image\/"}}]}},"_links":{"self":[{"href":"https:\/\/marktxxl.de\/markt\/wp-json\/wp\/v2\/product\/169265","targetHints":{"allow":["GET"]}}],"collection":[{"href":"https:\/\/marktxxl.de\/markt\/wp-json\/wp\/v2\/product"}],"about":[{"href":"https:\/\/marktxxl.de\/markt\/wp-json\/wp\/v2\/types\/product"}],"replies":[{"embeddable":true,"href":"https:\/\/marktxxl.de\/markt\/wp-json\/wp\/v2\/comments?post=169265"}],"wp:featuredmedia":[{"embeddable":true,"href":"https:\/\/marktxxl.de\/markt\/wp-json\/wp\/v2\/media\/169266"}],"wp:attachment":[{"href":"https:\/\/marktxxl.de\/markt\/wp-json\/wp\/v2\/media?parent=169265"}],"wp:term":[{"taxonomy":"product_brand","embeddable":true,"href":"https:\/\/marktxxl.de\/markt\/wp-json\/wp\/v2\/product_brand?post=169265"},{"taxonomy":"product_cat","embeddable":true,"href":"https:\/\/marktxxl.de\/markt\/wp-json\/wp\/v2\/product_cat?post=169265"},{"taxonomy":"product_tag","embeddable":true,"href":"https:\/\/marktxxl.de\/markt\/wp-json\/wp\/v2\/product_tag?post=169265"}],"curies":[{"name":"wp","href":"https:\/\/api.w.org\/{rel}","templated":true}]}}