{"id":169177,"date":"2022-12-10T20:01:14","date_gmt":"2022-12-10T19:01:14","guid":{"rendered":"https:\/\/marktxxl.de\/markt\/produkt\/kids-preferred-disney-baby-lilo-stitch-stitch-on-the-go-aktivitaetsspielzeug-305-cm-blau-kp79988\/"},"modified":"2023-04-11T04:55:18","modified_gmt":"2023-04-11T02:55:18","slug":"kids-preferred-disney-baby-lilo-stitch-stitch-on-the-go-aktivitaetsspielzeug-305-cm-blau-kp79988","status":"publish","type":"product","link":"https:\/\/marktxxl.de\/markt\/produkt\/kids-preferred-disney-baby-lilo-stitch-stitch-on-the-go-aktivitaetsspielzeug-305-cm-blau-kp79988\/","title":{"rendered":"KIDS PREFERRED Disney Baby Lilo &amp; Stitch &#8211; Stitch On The Go Aktivit\u00e4tsspielzeug 30,5 cm, Blau (KP79988)"},"content":{"rendered":"<p>Entwicklungsspielzeug: Helfen Sie Ihrem Baby beim Lernen und Wachsen mit einem Stich-Pl\u00fcsch-Aktivit\u00e4tsspielzeug von Disney Baby, das einen lustigen Glockenspiel, knisternde Ohren, strukturierte Bei\u00dfringe und einen Clip f\u00fcr unterwegs enth\u00e4lt<br \/>\nBabys erstes Spielzeug: Ein Muss f\u00fcr Babys, dieses Spielzeug f\u00fcr Autositz und Kinderwagen ist ideal f\u00fcr Babypartys und Neugeborene und ist beliebt f\u00fcr Jungen und M\u00e4dchen im Alter von 0 Monaten bis Kleinkinder. Maschinenwaschbar<br \/>\nLustiges Disney-Accessoire: Dieses Baby-Spielzeug ist ideal f\u00fcr Babypartys und Neugeborene und ist beliebt f\u00fcr Jungen und M\u00e4dchen im Alter von 0 Monaten bis Kleinkindern. Maschinenwaschbar und BPA-frei<br \/>\nBaby unterwegs: Halten Sie Ihr Baby gl\u00fccklich und beruhigt beim Einkaufen oder im Auto. Einfach im Kinderwagen, Autositz, Hochstuhl oder Einkaufswagen mitzunehmen, um Ihr Baby zu unterhalten. Dieses interaktive Babyspielzeug erfreut Babys mit Texturen, Ger\u00e4uschen und leuchtenden Farben<br \/>\nModernes, klassisches Babyspielzeug: Die legend\u00e4ren Charaktere von Wonderful World of Disney sind sofort erkennbar und bringen s\u00fc\u00dfe Erinnerungen aus Ihrer eigenen Kindheit, w\u00e4hrend sie Ihrem Kind helfen, zu lernen, zu spielen und zu wachsen<br \/>\nZielgeschlecht: Unisex<br \/>\n<div class=\"main-cross-sell\" data-asin=\"B09NVMFRW8\">\n\n\t<div class=\"WooZone-cross-sell-loader\">\n\t\t<div>\n\t\t\t<div id=\"floatingBarsG\">\n\t\t\t\t<div class=\"blockG\" id=\"rotateG_01\"><\/div>\n\t\t\t\t<div class=\"blockG\" id=\"rotateG_02\"><\/div>\n\t\t\t\t<div class=\"blockG\" id=\"rotateG_03\"><\/div>\n\t\t\t\t<div class=\"blockG\" id=\"rotateG_04\"><\/div>\n\t\t\t\t<div class=\"blockG\" id=\"rotateG_05\"><\/div>\n\t\t\t\t<div class=\"blockG\" id=\"rotateG_06\"><\/div>\n\t\t\t\t<div class=\"blockG\" id=\"rotateG_07\"><\/div>\n\t\t\t\t<div class=\"blockG\" id=\"rotateG_08\"><\/div>\n\t\t\t<\/div>\n\t\t\t<div class=\"WooZone-cross-sell-loader-text\"><\/div>\n\t\t<\/div>\n\t<\/div>\n\n\t\t\n<\/div>\n<div style=\"clear:both;\"><\/div><\/p>\n","protected":false},"excerpt":{"rendered":"<p>Entwicklungsspielzeug: Helfen Sie Ihrem Baby beim Lernen und Wachsen mit einem Stich-Pl\u00fcsch-Aktivit\u00e4tsspielzeug von Disney Baby, das einen lustigen Glockenspiel, knisternde Ohren, strukturierte Bei\u00dfringe und einen Clip f\u00fcr unterwegs enth\u00e4lt<br \/>\nBabys erstes Spielzeug: Ein Muss f\u00fcr Babys, dieses Spielzeug f\u00fcr Autositz und Kinderwagen ist ideal f\u00fcr Babypartys und Neugeborene und ist beliebt f\u00fcr Jungen und M\u00e4dchen im Alter von 0 Monaten bis Kleinkinder. Maschinenwaschbar<br \/>\nLustiges Disney-Accessoire: Dieses Baby-Spielzeug ist ideal f\u00fcr Babypartys und Neugeborene und ist beliebt f\u00fcr Jungen und M\u00e4dchen im Alter von 0 Monaten bis Kleinkindern. Maschinenwaschbar und BPA-frei<\/p>\n","protected":false},"featured_media":169178,"comment_status":"open","ping_status":"closed","template":"","meta":[],"product_brand":[],"product_cat":[8765,21],"product_tag":[],"class_list":{"0":"post-169177","1":"product","2":"type-product","3":"status-publish","4":"has-post-thumbnail","6":"product_cat-autositze-zubehoer-baby","7":"product_cat-baby","8":"pa_binding-babyartikel","9":"pa_brand-kids-preferred","10":"pa_color-blau","11":"pa_height-13-zoll","12":"pa_length-6-zoll","13":"pa_manufacturer-kids-preferred","14":"pa_model-kp79988","15":"pa_width-5-zoll","17":"first","18":"instock","19":"shipping-taxable","20":"purchasable","21":"product-type-simple","22":"customify-col","23":"product-has-gallery"},"yoast_head":"<!-- This site is optimized with the Yoast SEO plugin v27.4 - https:\/\/yoast.com\/product\/yoast-seo-wordpress\/ -->\n<title>KIDS PREFERRED Disney Baby Lilo &amp; Stitch - Stitch On The Go Aktivit\u00e4tsspielzeug 30,5 cm, Blau (KP79988) - Markt-XXL<\/title>\n<meta name=\"description\" content=\"Markt-XXL KIDS PREFERRED Disney Baby Lilo &amp; Stitch - Stitch On The Go Aktivit\u00e4tsspielzeug 30,5 cm, Blau (KP79988)\" \/>\n<meta name=\"robots\" content=\"index, follow, max-snippet:-1, max-image-preview:large, max-video-preview:-1\" \/>\n<link rel=\"canonical\" href=\"https:\/\/marktxxl.de\/markt\/produkt\/kids-preferred-disney-baby-lilo-stitch-stitch-on-the-go-aktivitaetsspielzeug-305-cm-blau-kp79988\/\" \/>\n<meta property=\"og:locale\" content=\"de_DE\" \/>\n<meta property=\"og:type\" content=\"article\" \/>\n<meta property=\"og:title\" content=\"KIDS PREFERRED Disney Baby Lilo &amp; Stitch - Stitch On The Go Aktivit\u00e4tsspielzeug 30,5 cm, Blau (KP79988) - Markt-XXL\" \/>\n<meta property=\"og:description\" content=\"Markt-XXL KIDS PREFERRED Disney Baby Lilo &amp; Stitch - Stitch On The Go Aktivit\u00e4tsspielzeug 30,5 cm, Blau (KP79988)\" \/>\n<meta property=\"og:url\" content=\"https:\/\/marktxxl.de\/markt\/produkt\/kids-preferred-disney-baby-lilo-stitch-stitch-on-the-go-aktivitaetsspielzeug-305-cm-blau-kp79988\/\" \/>\n<meta property=\"og:site_name\" content=\"Markt-XXL\" \/>\n<meta property=\"article:modified_time\" content=\"2023-04-11T02:55:18+00:00\" \/>\n<meta property=\"og:image\" content=\"https:\/\/m.media-amazon.com\/images\/I\/41jaf+D+nQL._SL500_.jpg\" \/>\n\t<meta property=\"og:image:width\" content=\"500\" \/>\n\t<meta property=\"og:image:height\" content=\"500\" \/>\n\t<meta property=\"og:image:type\" content=\"image\/jpeg\" \/>\n<meta name=\"twitter:card\" content=\"summary_large_image\" \/>\n<meta name=\"twitter:label1\" content=\"Gesch\u00e4tzte Lesezeit\" \/>\n\t<meta name=\"twitter:data1\" content=\"1\u00a0Minute\" \/>\n<script type=\"application\/ld+json\" class=\"yoast-schema-graph\">{\"@context\":\"https:\\\/\\\/schema.org\",\"@graph\":[{\"@type\":\"WebPage\",\"@id\":\"https:\\\/\\\/marktxxl.de\\\/markt\\\/produkt\\\/kids-preferred-disney-baby-lilo-stitch-stitch-on-the-go-aktivitaetsspielzeug-305-cm-blau-kp79988\\\/\",\"url\":\"https:\\\/\\\/marktxxl.de\\\/markt\\\/produkt\\\/kids-preferred-disney-baby-lilo-stitch-stitch-on-the-go-aktivitaetsspielzeug-305-cm-blau-kp79988\\\/\",\"name\":\"KIDS PREFERRED Disney Baby Lilo &amp; Stitch - Stitch On The Go Aktivit\u00e4tsspielzeug 30,5 cm, Blau (KP79988) - Markt-XXL\",\"isPartOf\":{\"@id\":\"https:\\\/\\\/marktxxl.de\\\/markt\\\/#website\"},\"primaryImageOfPage\":{\"@id\":\"https:\\\/\\\/marktxxl.de\\\/markt\\\/produkt\\\/kids-preferred-disney-baby-lilo-stitch-stitch-on-the-go-aktivitaetsspielzeug-305-cm-blau-kp79988\\\/#primaryimage\"},\"image\":{\"@id\":\"https:\\\/\\\/marktxxl.de\\\/markt\\\/produkt\\\/kids-preferred-disney-baby-lilo-stitch-stitch-on-the-go-aktivitaetsspielzeug-305-cm-blau-kp79988\\\/#primaryimage\"},\"thumbnailUrl\":\"https:\\\/\\\/m.media-amazon.com\\\/images\\\/I\\\/41jaf+D+nQL._SL500_.jpg\",\"datePublished\":\"2022-12-10T19:01:14+00:00\",\"dateModified\":\"2023-04-11T02:55:18+00:00\",\"description\":\"Markt-XXL KIDS PREFERRED Disney Baby Lilo &amp; Stitch - Stitch On The Go Aktivit\u00e4tsspielzeug 30,5 cm, Blau (KP79988)\",\"breadcrumb\":{\"@id\":\"https:\\\/\\\/marktxxl.de\\\/markt\\\/produkt\\\/kids-preferred-disney-baby-lilo-stitch-stitch-on-the-go-aktivitaetsspielzeug-305-cm-blau-kp79988\\\/#breadcrumb\"},\"inLanguage\":\"de\",\"potentialAction\":[{\"@type\":\"ReadAction\",\"target\":[\"https:\\\/\\\/marktxxl.de\\\/markt\\\/produkt\\\/kids-preferred-disney-baby-lilo-stitch-stitch-on-the-go-aktivitaetsspielzeug-305-cm-blau-kp79988\\\/\"]}]},{\"@type\":\"ImageObject\",\"inLanguage\":\"de\",\"@id\":\"https:\\\/\\\/marktxxl.de\\\/markt\\\/produkt\\\/kids-preferred-disney-baby-lilo-stitch-stitch-on-the-go-aktivitaetsspielzeug-305-cm-blau-kp79988\\\/#primaryimage\",\"url\":\"https:\\\/\\\/m.media-amazon.com\\\/images\\\/I\\\/41jaf+D+nQL._SL500_.jpg\",\"contentUrl\":\"https:\\\/\\\/m.media-amazon.com\\\/images\\\/I\\\/41jaf+D+nQL._SL500_.jpg\",\"width\":500,\"height\":500},{\"@type\":\"BreadcrumbList\",\"@id\":\"https:\\\/\\\/marktxxl.de\\\/markt\\\/produkt\\\/kids-preferred-disney-baby-lilo-stitch-stitch-on-the-go-aktivitaetsspielzeug-305-cm-blau-kp79988\\\/#breadcrumb\",\"itemListElement\":[{\"@type\":\"ListItem\",\"position\":1,\"name\":\"Startseite\",\"item\":\"https:\\\/\\\/marktxxl.de\\\/markt\\\/\"},{\"@type\":\"ListItem\",\"position\":2,\"name\":\"Markt\",\"item\":\"https:\\\/\\\/marktxxl.de\\\/markt\\\/\"},{\"@type\":\"ListItem\",\"position\":3,\"name\":\"KIDS PREFERRED Disney Baby Lilo &amp; Stitch &#8211; Stitch On The Go Aktivit\u00e4tsspielzeug 30,5 cm, Blau (KP79988)\"}]},{\"@type\":\"WebSite\",\"@id\":\"https:\\\/\\\/marktxxl.de\\\/markt\\\/#website\",\"url\":\"https:\\\/\\\/marktxxl.de\\\/markt\\\/\",\"name\":\"Markt-XXL\",\"description\":\"Ihr Markt Online\",\"publisher\":{\"@id\":\"https:\\\/\\\/marktxxl.de\\\/markt\\\/#organization\"},\"potentialAction\":[{\"@type\":\"SearchAction\",\"target\":{\"@type\":\"EntryPoint\",\"urlTemplate\":\"https:\\\/\\\/marktxxl.de\\\/markt\\\/?s={search_term_string}\"},\"query-input\":{\"@type\":\"PropertyValueSpecification\",\"valueRequired\":true,\"valueName\":\"search_term_string\"}}],\"inLanguage\":\"de\"},{\"@type\":\"Organization\",\"@id\":\"https:\\\/\\\/marktxxl.de\\\/markt\\\/#organization\",\"name\":\"Markt-XXL\",\"url\":\"https:\\\/\\\/marktxxl.de\\\/markt\\\/\",\"logo\":{\"@type\":\"ImageObject\",\"inLanguage\":\"de\",\"@id\":\"https:\\\/\\\/marktxxl.de\\\/markt\\\/#\\\/schema\\\/logo\\\/image\\\/\",\"url\":\"https:\\\/\\\/marktxxl.de\\\/markt\\\/wp-content\\\/uploads\\\/sites\\\/3\\\/2020\\\/12\\\/logo.png\",\"contentUrl\":\"https:\\\/\\\/marktxxl.de\\\/markt\\\/wp-content\\\/uploads\\\/sites\\\/3\\\/2020\\\/12\\\/logo.png\",\"width\":200,\"height\":70,\"caption\":\"Markt-XXL\"},\"image\":{\"@id\":\"https:\\\/\\\/marktxxl.de\\\/markt\\\/#\\\/schema\\\/logo\\\/image\\\/\"}}]}<\/script>\n<!-- \/ Yoast SEO plugin. -->","yoast_head_json":{"title":"KIDS PREFERRED Disney Baby Lilo &amp; Stitch - Stitch On The Go Aktivit\u00e4tsspielzeug 30,5 cm, Blau (KP79988) - Markt-XXL","description":"Markt-XXL KIDS PREFERRED Disney Baby Lilo &amp; Stitch - Stitch On The Go Aktivit\u00e4tsspielzeug 30,5 cm, Blau (KP79988)","robots":{"index":"index","follow":"follow","max-snippet":"max-snippet:-1","max-image-preview":"max-image-preview:large","max-video-preview":"max-video-preview:-1"},"canonical":"https:\/\/marktxxl.de\/markt\/produkt\/kids-preferred-disney-baby-lilo-stitch-stitch-on-the-go-aktivitaetsspielzeug-305-cm-blau-kp79988\/","og_locale":"de_DE","og_type":"article","og_title":"KIDS PREFERRED Disney Baby Lilo &amp; Stitch - Stitch On The Go Aktivit\u00e4tsspielzeug 30,5 cm, Blau (KP79988) - Markt-XXL","og_description":"Markt-XXL KIDS PREFERRED Disney Baby Lilo &amp; Stitch - Stitch On The Go Aktivit\u00e4tsspielzeug 30,5 cm, Blau (KP79988)","og_url":"https:\/\/marktxxl.de\/markt\/produkt\/kids-preferred-disney-baby-lilo-stitch-stitch-on-the-go-aktivitaetsspielzeug-305-cm-blau-kp79988\/","og_site_name":"Markt-XXL","article_modified_time":"2023-04-11T02:55:18+00:00","og_image":[{"width":500,"height":500,"url":"https:\/\/m.media-amazon.com\/images\/I\/41jaf+D+nQL._SL500_.jpg","type":"image\/jpeg"}],"twitter_card":"summary_large_image","twitter_misc":{"Gesch\u00e4tzte Lesezeit":"1\u00a0Minute"},"schema":{"@context":"https:\/\/schema.org","@graph":[{"@type":"WebPage","@id":"https:\/\/marktxxl.de\/markt\/produkt\/kids-preferred-disney-baby-lilo-stitch-stitch-on-the-go-aktivitaetsspielzeug-305-cm-blau-kp79988\/","url":"https:\/\/marktxxl.de\/markt\/produkt\/kids-preferred-disney-baby-lilo-stitch-stitch-on-the-go-aktivitaetsspielzeug-305-cm-blau-kp79988\/","name":"KIDS PREFERRED Disney Baby Lilo &amp; Stitch - Stitch On The Go Aktivit\u00e4tsspielzeug 30,5 cm, Blau (KP79988) - Markt-XXL","isPartOf":{"@id":"https:\/\/marktxxl.de\/markt\/#website"},"primaryImageOfPage":{"@id":"https:\/\/marktxxl.de\/markt\/produkt\/kids-preferred-disney-baby-lilo-stitch-stitch-on-the-go-aktivitaetsspielzeug-305-cm-blau-kp79988\/#primaryimage"},"image":{"@id":"https:\/\/marktxxl.de\/markt\/produkt\/kids-preferred-disney-baby-lilo-stitch-stitch-on-the-go-aktivitaetsspielzeug-305-cm-blau-kp79988\/#primaryimage"},"thumbnailUrl":"https:\/\/m.media-amazon.com\/images\/I\/41jaf+D+nQL._SL500_.jpg","datePublished":"2022-12-10T19:01:14+00:00","dateModified":"2023-04-11T02:55:18+00:00","description":"Markt-XXL KIDS PREFERRED Disney Baby Lilo &amp; Stitch - Stitch On The Go Aktivit\u00e4tsspielzeug 30,5 cm, Blau (KP79988)","breadcrumb":{"@id":"https:\/\/marktxxl.de\/markt\/produkt\/kids-preferred-disney-baby-lilo-stitch-stitch-on-the-go-aktivitaetsspielzeug-305-cm-blau-kp79988\/#breadcrumb"},"inLanguage":"de","potentialAction":[{"@type":"ReadAction","target":["https:\/\/marktxxl.de\/markt\/produkt\/kids-preferred-disney-baby-lilo-stitch-stitch-on-the-go-aktivitaetsspielzeug-305-cm-blau-kp79988\/"]}]},{"@type":"ImageObject","inLanguage":"de","@id":"https:\/\/marktxxl.de\/markt\/produkt\/kids-preferred-disney-baby-lilo-stitch-stitch-on-the-go-aktivitaetsspielzeug-305-cm-blau-kp79988\/#primaryimage","url":"https:\/\/m.media-amazon.com\/images\/I\/41jaf+D+nQL._SL500_.jpg","contentUrl":"https:\/\/m.media-amazon.com\/images\/I\/41jaf+D+nQL._SL500_.jpg","width":500,"height":500},{"@type":"BreadcrumbList","@id":"https:\/\/marktxxl.de\/markt\/produkt\/kids-preferred-disney-baby-lilo-stitch-stitch-on-the-go-aktivitaetsspielzeug-305-cm-blau-kp79988\/#breadcrumb","itemListElement":[{"@type":"ListItem","position":1,"name":"Startseite","item":"https:\/\/marktxxl.de\/markt\/"},{"@type":"ListItem","position":2,"name":"Markt","item":"https:\/\/marktxxl.de\/markt\/"},{"@type":"ListItem","position":3,"name":"KIDS PREFERRED Disney Baby Lilo &amp; Stitch &#8211; Stitch On The Go Aktivit\u00e4tsspielzeug 30,5 cm, Blau (KP79988)"}]},{"@type":"WebSite","@id":"https:\/\/marktxxl.de\/markt\/#website","url":"https:\/\/marktxxl.de\/markt\/","name":"Markt-XXL","description":"Ihr Markt Online","publisher":{"@id":"https:\/\/marktxxl.de\/markt\/#organization"},"potentialAction":[{"@type":"SearchAction","target":{"@type":"EntryPoint","urlTemplate":"https:\/\/marktxxl.de\/markt\/?s={search_term_string}"},"query-input":{"@type":"PropertyValueSpecification","valueRequired":true,"valueName":"search_term_string"}}],"inLanguage":"de"},{"@type":"Organization","@id":"https:\/\/marktxxl.de\/markt\/#organization","name":"Markt-XXL","url":"https:\/\/marktxxl.de\/markt\/","logo":{"@type":"ImageObject","inLanguage":"de","@id":"https:\/\/marktxxl.de\/markt\/#\/schema\/logo\/image\/","url":"https:\/\/marktxxl.de\/markt\/wp-content\/uploads\/sites\/3\/2020\/12\/logo.png","contentUrl":"https:\/\/marktxxl.de\/markt\/wp-content\/uploads\/sites\/3\/2020\/12\/logo.png","width":200,"height":70,"caption":"Markt-XXL"},"image":{"@id":"https:\/\/marktxxl.de\/markt\/#\/schema\/logo\/image\/"}}]}},"_links":{"self":[{"href":"https:\/\/marktxxl.de\/markt\/wp-json\/wp\/v2\/product\/169177","targetHints":{"allow":["GET"]}}],"collection":[{"href":"https:\/\/marktxxl.de\/markt\/wp-json\/wp\/v2\/product"}],"about":[{"href":"https:\/\/marktxxl.de\/markt\/wp-json\/wp\/v2\/types\/product"}],"replies":[{"embeddable":true,"href":"https:\/\/marktxxl.de\/markt\/wp-json\/wp\/v2\/comments?post=169177"}],"wp:featuredmedia":[{"embeddable":true,"href":"https:\/\/marktxxl.de\/markt\/wp-json\/wp\/v2\/media\/169178"}],"wp:attachment":[{"href":"https:\/\/marktxxl.de\/markt\/wp-json\/wp\/v2\/media?parent=169177"}],"wp:term":[{"taxonomy":"product_brand","embeddable":true,"href":"https:\/\/marktxxl.de\/markt\/wp-json\/wp\/v2\/product_brand?post=169177"},{"taxonomy":"product_cat","embeddable":true,"href":"https:\/\/marktxxl.de\/markt\/wp-json\/wp\/v2\/product_cat?post=169177"},{"taxonomy":"product_tag","embeddable":true,"href":"https:\/\/marktxxl.de\/markt\/wp-json\/wp\/v2\/product_tag?post=169177"}],"curies":[{"name":"wp","href":"https:\/\/api.w.org\/{rel}","templated":true}]}}