{"id":168427,"date":"2022-11-11T10:40:26","date_gmt":"2022-11-11T09:40:26","guid":{"rendered":"https:\/\/marktxxl.de\/markt\/produkt\/wild-one-safari-birthday-party-paper-napkins-5-x-5-inches-50-pack\/"},"modified":"2023-04-11T04:54:22","modified_gmt":"2023-04-11T02:54:22","slug":"wild-one-safari-birthday-party-paper-napkins-5-x-5-inches-50-pack","status":"publish","type":"product","link":"https:\/\/marktxxl.de\/markt\/produkt\/wild-one-safari-birthday-party-paper-napkins-5-x-5-inches-50-pack\/","title":{"rendered":"Wild One Safari Birthday Party Paper Napkins (5 x 5 Inches, 50 Pack)"},"content":{"rendered":"<p>Einfache Vorbereitung und Dekoration: Machen Sie die Dekoration nicht schwerer als es sein sollte, vervollst\u00e4ndigen Sie Ihre Partydekoration mit unseren Servietten mit Safari-Dschungel-Tieren und feiern Sie stilvoll. Die goldfarbenen Folien-Akzente verleihen jedem Esstisch eine charmante Note.<br \/>\nMa\u00dfe: Jede Serviette misst gefaltet ca. 12,7 x 12,7 cm.<br \/>\nEine Party zum Erinneren: Setzen Sie ein Statement mit diesen bedruckten Servietten, die sicher Ihr Partygeschirr erg\u00e4nzen. Perfekt f\u00fcr Partys, Feiern, Cocktailabende, Mittagessen oder Buffets. Bringen Sie Ihre Party zum Leben und beeindrucken Sie Ihre G\u00e4ste mit einem lustigen und festlichen Thema.<br \/>\nHohe Qualit\u00e4t: Aus hochwertigem 18 g\/m\u00b2 unbehandeltem Papier. Jede Serviette ist 3-lagig, um sicherzustellen, dass sie weich und saugf\u00e4hig ist, um ein angenehmes Wischerlebnis zu bieten. Einweg- und biologisch abbaubar<br \/>\nLieferumfang: Set enth\u00e4lt 50 Servietten, ein Design.<br \/>\n<div class=\"main-cross-sell\" data-asin=\"B07Z5M7ZZY\">\n\n\t<div class=\"WooZone-cross-sell-loader\">\n\t\t<div>\n\t\t\t<div id=\"floatingBarsG\">\n\t\t\t\t<div class=\"blockG\" id=\"rotateG_01\"><\/div>\n\t\t\t\t<div class=\"blockG\" id=\"rotateG_02\"><\/div>\n\t\t\t\t<div class=\"blockG\" id=\"rotateG_03\"><\/div>\n\t\t\t\t<div class=\"blockG\" id=\"rotateG_04\"><\/div>\n\t\t\t\t<div class=\"blockG\" id=\"rotateG_05\"><\/div>\n\t\t\t\t<div class=\"blockG\" id=\"rotateG_06\"><\/div>\n\t\t\t\t<div class=\"blockG\" id=\"rotateG_07\"><\/div>\n\t\t\t\t<div class=\"blockG\" id=\"rotateG_08\"><\/div>\n\t\t\t<\/div>\n\t\t\t<div class=\"WooZone-cross-sell-loader-text\"><\/div>\n\t\t<\/div>\n\t<\/div>\n\n\t\t\n<\/div>\n<div style=\"clear:both;\"><\/div><\/p>\n","protected":false},"excerpt":{"rendered":"<p>Einfache Vorbereitung und Dekoration: Machen Sie die Dekoration nicht schwerer als es sein sollte, vervollst\u00e4ndigen Sie Ihre Partydekoration mit unseren Servietten mit Safari-Dschungel-Tieren und feiern Sie stilvoll. Die goldfarbenen Folien-Akzente verleihen jedem Esstisch eine charmante Note.<br \/>\nMa\u00dfe: Jede Serviette misst gefaltet ca. 12,7 x 12,7 cm.<br \/>\nEine Party zum Erinneren: Setzen Sie ein Statement mit diesen bedruckten Servietten, die sicher Ihr Partygeschirr erg\u00e4nzen. Perfekt f\u00fcr Partys, Feiern, Cocktailabende, Mittagessen oder Buffets. Bringen Sie Ihre Party zum Leben und beeindrucken Sie Ihre G\u00e4ste mit einem lustigen und festlichen Thema.<\/p>\n","protected":false},"featured_media":168428,"comment_status":"open","ping_status":"closed","template":"","meta":[],"product_brand":[],"product_cat":[566,5467],"product_tag":[],"class_list":{"0":"post-168427","1":"product","2":"type-product","3":"status-publish","4":"has-post-thumbnail","6":"product_cat-drogerie-koerperpflege","7":"product_cat-haushaltswaren-reinigungsmittel","8":"pa_brand-sparkle-and-bash","9":"pa_manufacturer-juvale","10":"pa_size-mittel","12":"first","13":"instock","14":"shipping-taxable","15":"purchasable","16":"product-type-simple","17":"customify-col","18":"product-has-gallery"},"yoast_head":"<!-- This site is optimized with the Yoast SEO plugin v27.4 - https:\/\/yoast.com\/product\/yoast-seo-wordpress\/ -->\n<title>Wild One Safari Birthday Party Paper Napkins (5 x 5 Inches, 50 Pack) - Markt-XXL<\/title>\n<meta name=\"description\" content=\"Markt-XXL Wild One Safari Birthday Party Paper Napkins (5 x 5 Inches, 50 Pack)\" \/>\n<meta name=\"robots\" content=\"index, follow, max-snippet:-1, max-image-preview:large, max-video-preview:-1\" \/>\n<link rel=\"canonical\" href=\"https:\/\/marktxxl.de\/markt\/produkt\/wild-one-safari-birthday-party-paper-napkins-5-x-5-inches-50-pack\/\" \/>\n<meta property=\"og:locale\" content=\"de_DE\" \/>\n<meta property=\"og:type\" content=\"article\" \/>\n<meta property=\"og:title\" content=\"Wild One Safari Birthday Party Paper Napkins (5 x 5 Inches, 50 Pack) - Markt-XXL\" \/>\n<meta property=\"og:description\" content=\"Markt-XXL Wild One Safari Birthday Party Paper Napkins (5 x 5 Inches, 50 Pack)\" \/>\n<meta property=\"og:url\" content=\"https:\/\/marktxxl.de\/markt\/produkt\/wild-one-safari-birthday-party-paper-napkins-5-x-5-inches-50-pack\/\" \/>\n<meta property=\"og:site_name\" content=\"Markt-XXL\" \/>\n<meta property=\"article:modified_time\" content=\"2023-04-11T02:54:22+00:00\" \/>\n<meta property=\"og:image\" content=\"https:\/\/m.media-amazon.com\/images\/I\/51YTJyz9s2L._SL500_.jpg\" \/>\n\t<meta property=\"og:image:width\" content=\"500\" \/>\n\t<meta property=\"og:image:height\" content=\"500\" \/>\n\t<meta property=\"og:image:type\" content=\"image\/jpeg\" \/>\n<meta name=\"twitter:card\" content=\"summary_large_image\" \/>\n<meta name=\"twitter:label1\" content=\"Gesch\u00e4tzte Lesezeit\" \/>\n\t<meta name=\"twitter:data1\" content=\"1\u00a0Minute\" \/>\n<script type=\"application\/ld+json\" class=\"yoast-schema-graph\">{\"@context\":\"https:\\\/\\\/schema.org\",\"@graph\":[{\"@type\":\"WebPage\",\"@id\":\"https:\\\/\\\/marktxxl.de\\\/markt\\\/produkt\\\/wild-one-safari-birthday-party-paper-napkins-5-x-5-inches-50-pack\\\/\",\"url\":\"https:\\\/\\\/marktxxl.de\\\/markt\\\/produkt\\\/wild-one-safari-birthday-party-paper-napkins-5-x-5-inches-50-pack\\\/\",\"name\":\"Wild One Safari Birthday Party Paper Napkins (5 x 5 Inches, 50 Pack) - Markt-XXL\",\"isPartOf\":{\"@id\":\"https:\\\/\\\/marktxxl.de\\\/markt\\\/#website\"},\"primaryImageOfPage\":{\"@id\":\"https:\\\/\\\/marktxxl.de\\\/markt\\\/produkt\\\/wild-one-safari-birthday-party-paper-napkins-5-x-5-inches-50-pack\\\/#primaryimage\"},\"image\":{\"@id\":\"https:\\\/\\\/marktxxl.de\\\/markt\\\/produkt\\\/wild-one-safari-birthday-party-paper-napkins-5-x-5-inches-50-pack\\\/#primaryimage\"},\"thumbnailUrl\":\"https:\\\/\\\/m.media-amazon.com\\\/images\\\/I\\\/51YTJyz9s2L._SL500_.jpg\",\"datePublished\":\"2022-11-11T09:40:26+00:00\",\"dateModified\":\"2023-04-11T02:54:22+00:00\",\"description\":\"Markt-XXL Wild One Safari Birthday Party Paper Napkins (5 x 5 Inches, 50 Pack)\",\"breadcrumb\":{\"@id\":\"https:\\\/\\\/marktxxl.de\\\/markt\\\/produkt\\\/wild-one-safari-birthday-party-paper-napkins-5-x-5-inches-50-pack\\\/#breadcrumb\"},\"inLanguage\":\"de\",\"potentialAction\":[{\"@type\":\"ReadAction\",\"target\":[\"https:\\\/\\\/marktxxl.de\\\/markt\\\/produkt\\\/wild-one-safari-birthday-party-paper-napkins-5-x-5-inches-50-pack\\\/\"]}]},{\"@type\":\"ImageObject\",\"inLanguage\":\"de\",\"@id\":\"https:\\\/\\\/marktxxl.de\\\/markt\\\/produkt\\\/wild-one-safari-birthday-party-paper-napkins-5-x-5-inches-50-pack\\\/#primaryimage\",\"url\":\"https:\\\/\\\/m.media-amazon.com\\\/images\\\/I\\\/51YTJyz9s2L._SL500_.jpg\",\"contentUrl\":\"https:\\\/\\\/m.media-amazon.com\\\/images\\\/I\\\/51YTJyz9s2L._SL500_.jpg\",\"width\":500,\"height\":500},{\"@type\":\"BreadcrumbList\",\"@id\":\"https:\\\/\\\/marktxxl.de\\\/markt\\\/produkt\\\/wild-one-safari-birthday-party-paper-napkins-5-x-5-inches-50-pack\\\/#breadcrumb\",\"itemListElement\":[{\"@type\":\"ListItem\",\"position\":1,\"name\":\"Startseite\",\"item\":\"https:\\\/\\\/marktxxl.de\\\/markt\\\/\"},{\"@type\":\"ListItem\",\"position\":2,\"name\":\"Markt\",\"item\":\"https:\\\/\\\/marktxxl.de\\\/markt\\\/\"},{\"@type\":\"ListItem\",\"position\":3,\"name\":\"Wild One Safari Birthday Party Paper Napkins (5 x 5 Inches, 50 Pack)\"}]},{\"@type\":\"WebSite\",\"@id\":\"https:\\\/\\\/marktxxl.de\\\/markt\\\/#website\",\"url\":\"https:\\\/\\\/marktxxl.de\\\/markt\\\/\",\"name\":\"Markt-XXL\",\"description\":\"Ihr Markt Online\",\"publisher\":{\"@id\":\"https:\\\/\\\/marktxxl.de\\\/markt\\\/#organization\"},\"potentialAction\":[{\"@type\":\"SearchAction\",\"target\":{\"@type\":\"EntryPoint\",\"urlTemplate\":\"https:\\\/\\\/marktxxl.de\\\/markt\\\/?s={search_term_string}\"},\"query-input\":{\"@type\":\"PropertyValueSpecification\",\"valueRequired\":true,\"valueName\":\"search_term_string\"}}],\"inLanguage\":\"de\"},{\"@type\":\"Organization\",\"@id\":\"https:\\\/\\\/marktxxl.de\\\/markt\\\/#organization\",\"name\":\"Markt-XXL\",\"url\":\"https:\\\/\\\/marktxxl.de\\\/markt\\\/\",\"logo\":{\"@type\":\"ImageObject\",\"inLanguage\":\"de\",\"@id\":\"https:\\\/\\\/marktxxl.de\\\/markt\\\/#\\\/schema\\\/logo\\\/image\\\/\",\"url\":\"https:\\\/\\\/marktxxl.de\\\/markt\\\/wp-content\\\/uploads\\\/sites\\\/3\\\/2020\\\/12\\\/logo.png\",\"contentUrl\":\"https:\\\/\\\/marktxxl.de\\\/markt\\\/wp-content\\\/uploads\\\/sites\\\/3\\\/2020\\\/12\\\/logo.png\",\"width\":200,\"height\":70,\"caption\":\"Markt-XXL\"},\"image\":{\"@id\":\"https:\\\/\\\/marktxxl.de\\\/markt\\\/#\\\/schema\\\/logo\\\/image\\\/\"}}]}<\/script>\n<!-- \/ Yoast SEO plugin. -->","yoast_head_json":{"title":"Wild One Safari Birthday Party Paper Napkins (5 x 5 Inches, 50 Pack) - Markt-XXL","description":"Markt-XXL Wild One Safari Birthday Party Paper Napkins (5 x 5 Inches, 50 Pack)","robots":{"index":"index","follow":"follow","max-snippet":"max-snippet:-1","max-image-preview":"max-image-preview:large","max-video-preview":"max-video-preview:-1"},"canonical":"https:\/\/marktxxl.de\/markt\/produkt\/wild-one-safari-birthday-party-paper-napkins-5-x-5-inches-50-pack\/","og_locale":"de_DE","og_type":"article","og_title":"Wild One Safari Birthday Party Paper Napkins (5 x 5 Inches, 50 Pack) - Markt-XXL","og_description":"Markt-XXL Wild One Safari Birthday Party Paper Napkins (5 x 5 Inches, 50 Pack)","og_url":"https:\/\/marktxxl.de\/markt\/produkt\/wild-one-safari-birthday-party-paper-napkins-5-x-5-inches-50-pack\/","og_site_name":"Markt-XXL","article_modified_time":"2023-04-11T02:54:22+00:00","og_image":[{"width":500,"height":500,"url":"https:\/\/m.media-amazon.com\/images\/I\/51YTJyz9s2L._SL500_.jpg","type":"image\/jpeg"}],"twitter_card":"summary_large_image","twitter_misc":{"Gesch\u00e4tzte Lesezeit":"1\u00a0Minute"},"schema":{"@context":"https:\/\/schema.org","@graph":[{"@type":"WebPage","@id":"https:\/\/marktxxl.de\/markt\/produkt\/wild-one-safari-birthday-party-paper-napkins-5-x-5-inches-50-pack\/","url":"https:\/\/marktxxl.de\/markt\/produkt\/wild-one-safari-birthday-party-paper-napkins-5-x-5-inches-50-pack\/","name":"Wild One Safari Birthday Party Paper Napkins (5 x 5 Inches, 50 Pack) - Markt-XXL","isPartOf":{"@id":"https:\/\/marktxxl.de\/markt\/#website"},"primaryImageOfPage":{"@id":"https:\/\/marktxxl.de\/markt\/produkt\/wild-one-safari-birthday-party-paper-napkins-5-x-5-inches-50-pack\/#primaryimage"},"image":{"@id":"https:\/\/marktxxl.de\/markt\/produkt\/wild-one-safari-birthday-party-paper-napkins-5-x-5-inches-50-pack\/#primaryimage"},"thumbnailUrl":"https:\/\/m.media-amazon.com\/images\/I\/51YTJyz9s2L._SL500_.jpg","datePublished":"2022-11-11T09:40:26+00:00","dateModified":"2023-04-11T02:54:22+00:00","description":"Markt-XXL Wild One Safari Birthday Party Paper Napkins (5 x 5 Inches, 50 Pack)","breadcrumb":{"@id":"https:\/\/marktxxl.de\/markt\/produkt\/wild-one-safari-birthday-party-paper-napkins-5-x-5-inches-50-pack\/#breadcrumb"},"inLanguage":"de","potentialAction":[{"@type":"ReadAction","target":["https:\/\/marktxxl.de\/markt\/produkt\/wild-one-safari-birthday-party-paper-napkins-5-x-5-inches-50-pack\/"]}]},{"@type":"ImageObject","inLanguage":"de","@id":"https:\/\/marktxxl.de\/markt\/produkt\/wild-one-safari-birthday-party-paper-napkins-5-x-5-inches-50-pack\/#primaryimage","url":"https:\/\/m.media-amazon.com\/images\/I\/51YTJyz9s2L._SL500_.jpg","contentUrl":"https:\/\/m.media-amazon.com\/images\/I\/51YTJyz9s2L._SL500_.jpg","width":500,"height":500},{"@type":"BreadcrumbList","@id":"https:\/\/marktxxl.de\/markt\/produkt\/wild-one-safari-birthday-party-paper-napkins-5-x-5-inches-50-pack\/#breadcrumb","itemListElement":[{"@type":"ListItem","position":1,"name":"Startseite","item":"https:\/\/marktxxl.de\/markt\/"},{"@type":"ListItem","position":2,"name":"Markt","item":"https:\/\/marktxxl.de\/markt\/"},{"@type":"ListItem","position":3,"name":"Wild One Safari Birthday Party Paper Napkins (5 x 5 Inches, 50 Pack)"}]},{"@type":"WebSite","@id":"https:\/\/marktxxl.de\/markt\/#website","url":"https:\/\/marktxxl.de\/markt\/","name":"Markt-XXL","description":"Ihr Markt Online","publisher":{"@id":"https:\/\/marktxxl.de\/markt\/#organization"},"potentialAction":[{"@type":"SearchAction","target":{"@type":"EntryPoint","urlTemplate":"https:\/\/marktxxl.de\/markt\/?s={search_term_string}"},"query-input":{"@type":"PropertyValueSpecification","valueRequired":true,"valueName":"search_term_string"}}],"inLanguage":"de"},{"@type":"Organization","@id":"https:\/\/marktxxl.de\/markt\/#organization","name":"Markt-XXL","url":"https:\/\/marktxxl.de\/markt\/","logo":{"@type":"ImageObject","inLanguage":"de","@id":"https:\/\/marktxxl.de\/markt\/#\/schema\/logo\/image\/","url":"https:\/\/marktxxl.de\/markt\/wp-content\/uploads\/sites\/3\/2020\/12\/logo.png","contentUrl":"https:\/\/marktxxl.de\/markt\/wp-content\/uploads\/sites\/3\/2020\/12\/logo.png","width":200,"height":70,"caption":"Markt-XXL"},"image":{"@id":"https:\/\/marktxxl.de\/markt\/#\/schema\/logo\/image\/"}}]}},"_links":{"self":[{"href":"https:\/\/marktxxl.de\/markt\/wp-json\/wp\/v2\/product\/168427","targetHints":{"allow":["GET"]}}],"collection":[{"href":"https:\/\/marktxxl.de\/markt\/wp-json\/wp\/v2\/product"}],"about":[{"href":"https:\/\/marktxxl.de\/markt\/wp-json\/wp\/v2\/types\/product"}],"replies":[{"embeddable":true,"href":"https:\/\/marktxxl.de\/markt\/wp-json\/wp\/v2\/comments?post=168427"}],"wp:featuredmedia":[{"embeddable":true,"href":"https:\/\/marktxxl.de\/markt\/wp-json\/wp\/v2\/media\/168428"}],"wp:attachment":[{"href":"https:\/\/marktxxl.de\/markt\/wp-json\/wp\/v2\/media?parent=168427"}],"wp:term":[{"taxonomy":"product_brand","embeddable":true,"href":"https:\/\/marktxxl.de\/markt\/wp-json\/wp\/v2\/product_brand?post=168427"},{"taxonomy":"product_cat","embeddable":true,"href":"https:\/\/marktxxl.de\/markt\/wp-json\/wp\/v2\/product_cat?post=168427"},{"taxonomy":"product_tag","embeddable":true,"href":"https:\/\/marktxxl.de\/markt\/wp-json\/wp\/v2\/product_tag?post=168427"}],"curies":[{"name":"wp","href":"https:\/\/api.w.org\/{rel}","templated":true}]}}