{"id":168396,"date":"2022-11-11T10:38:28","date_gmt":"2022-11-11T09:38:28","guid":{"rendered":"https:\/\/marktxxl.de\/markt\/produkt\/freiblick-brillenbad-set-schuettelbad-zur-effizienten-brillenreinigung\/"},"modified":"2023-04-11T04:54:21","modified_gmt":"2023-04-11T02:54:21","slug":"freiblick-brillenbad-set-schuettelbad-zur-effizienten-brillenreinigung","status":"publish","type":"product","link":"https:\/\/marktxxl.de\/markt\/produkt\/freiblick-brillenbad-set-schuettelbad-zur-effizienten-brillenreinigung\/","title":{"rendered":"freiblick Brillenbad SET | Sch\u00fcttelbad zur effizienten Brillenreinigung (Pink, Gro\u00df)"},"content":{"rendered":"<p>? EFFEKTIV ? Das Brillenreinigungsmittel sorgt f\u00fcr streifenfreie und saubere Brillengl\u00e4ser. Durch den Antischmutz-Effekt bleiben weniger Schmutz- und Staubpartikel haften.<br \/>\n? BRILLEN ? F\u00fcr alle Arten von Brillen (Gl\u00e4ser aus Kunststoff oder Glas; Fern,- Lese, Sonnen- oder Arbeitsplatzbrillen) geeignet.<br \/>\n? PUTZTUCH ? Die ultrafeinen Spezialfaser sind f\u00fcr die Reinigung von optischen Gl\u00e4sern sowie allen empfindlichen Oberfl\u00e4chen speziell entwickelt worden.<br \/>\n? SPARPAKET ? Freiblick Brillenbad + Freiblick 50ml Spezialreiniger &amp; wahlweise mit Original Freiblick Mikrofasertuch (22&#215;32 cm) im Set zum Komplettpreis. Perfekt aufeinander abgestimmt f\u00fcr die t\u00e4gliche Reinigung der Brille.<br \/>\n<div class=\"main-cross-sell\" data-asin=\"B08QRKFK1W\">\n\n\t<div class=\"WooZone-cross-sell-loader\">\n\t\t<div>\n\t\t\t<div id=\"floatingBarsG\">\n\t\t\t\t<div class=\"blockG\" id=\"rotateG_01\"><\/div>\n\t\t\t\t<div class=\"blockG\" id=\"rotateG_02\"><\/div>\n\t\t\t\t<div class=\"blockG\" id=\"rotateG_03\"><\/div>\n\t\t\t\t<div class=\"blockG\" id=\"rotateG_04\"><\/div>\n\t\t\t\t<div class=\"blockG\" id=\"rotateG_05\"><\/div>\n\t\t\t\t<div class=\"blockG\" id=\"rotateG_06\"><\/div>\n\t\t\t\t<div class=\"blockG\" id=\"rotateG_07\"><\/div>\n\t\t\t\t<div class=\"blockG\" id=\"rotateG_08\"><\/div>\n\t\t\t<\/div>\n\t\t\t<div class=\"WooZone-cross-sell-loader-text\"><\/div>\n\t\t<\/div>\n\t<\/div>\n\n\t\t\n<\/div>\n<div style=\"clear:both;\"><\/div><\/p>\n","protected":false},"excerpt":{"rendered":"<p>? EFFEKTIV ? Das Brillenreinigungsmittel sorgt f\u00fcr streifenfreie und saubere Brillengl\u00e4ser. Durch den Antischmutz-Effekt bleiben weniger Schmutz- und Staubpartikel haften.<br \/>\n? BRILLEN ? F\u00fcr alle Arten von Brillen (Gl\u00e4ser aus Kunststoff oder Glas; Fern,- Lese, Sonnen- oder Arbeitsplatzbrillen) geeignet.<br \/>\n? PUTZTUCH ? Die ultrafeinen Spezialfaser sind f\u00fcr die Reinigung von optischen Gl\u00e4sern sowie allen empfindlichen Oberfl\u00e4chen speziell entwickelt worden.<\/p>\n","protected":false},"featured_media":168397,"comment_status":"open","ping_status":"closed","template":"","meta":[],"product_brand":[],"product_cat":[566,5775],"product_tag":[],"class_list":{"0":"post-168396","1":"product","2":"type-product","3":"status-publish","4":"has-post-thumbnail","6":"product_cat-drogerie-koerperpflege","7":"product_cat-kontaktlinsen-brillen","8":"pa_binding-badartikel","9":"pa_brand-nasenfahrrad24","10":"pa_manufacturer-nasenfahrrad24","12":"first","13":"instock","14":"shipping-taxable","15":"purchasable","16":"product-type-simple","17":"customify-col","18":"product-has-gallery"},"yoast_head":"<!-- This site is optimized with the Yoast SEO plugin v27.4 - https:\/\/yoast.com\/product\/yoast-seo-wordpress\/ -->\n<title>freiblick Brillenbad SET | Sch\u00fcttelbad zur effizienten Brillenreinigung (Pink, Gro\u00df) - Markt-XXL<\/title>\n<meta name=\"description\" content=\"Markt-XXL freiblick Brillenbad SET | Sch\u00fcttelbad zur effizienten Brillenreinigung (Pink, Gro\u00df)\" \/>\n<meta name=\"robots\" content=\"index, follow, max-snippet:-1, max-image-preview:large, max-video-preview:-1\" \/>\n<link rel=\"canonical\" href=\"https:\/\/marktxxl.de\/markt\/produkt\/freiblick-brillenbad-set-schuettelbad-zur-effizienten-brillenreinigung\/\" \/>\n<meta property=\"og:locale\" content=\"de_DE\" \/>\n<meta property=\"og:type\" content=\"article\" \/>\n<meta property=\"og:title\" content=\"freiblick Brillenbad SET | Sch\u00fcttelbad zur effizienten Brillenreinigung (Pink, Gro\u00df) - Markt-XXL\" \/>\n<meta property=\"og:description\" content=\"Markt-XXL freiblick Brillenbad SET | Sch\u00fcttelbad zur effizienten Brillenreinigung (Pink, Gro\u00df)\" \/>\n<meta property=\"og:url\" content=\"https:\/\/marktxxl.de\/markt\/produkt\/freiblick-brillenbad-set-schuettelbad-zur-effizienten-brillenreinigung\/\" \/>\n<meta property=\"og:site_name\" content=\"Markt-XXL\" \/>\n<meta property=\"article:modified_time\" content=\"2023-04-11T02:54:21+00:00\" \/>\n<meta property=\"og:image\" content=\"https:\/\/m.media-amazon.com\/images\/I\/3121OIc6E0L._SL500_.jpg\" \/>\n\t<meta property=\"og:image:width\" content=\"500\" \/>\n\t<meta property=\"og:image:height\" content=\"435\" \/>\n\t<meta property=\"og:image:type\" content=\"image\/jpeg\" \/>\n<meta name=\"twitter:card\" content=\"summary_large_image\" \/>\n<script type=\"application\/ld+json\" class=\"yoast-schema-graph\">{\"@context\":\"https:\\\/\\\/schema.org\",\"@graph\":[{\"@type\":\"WebPage\",\"@id\":\"https:\\\/\\\/marktxxl.de\\\/markt\\\/produkt\\\/freiblick-brillenbad-set-schuettelbad-zur-effizienten-brillenreinigung\\\/\",\"url\":\"https:\\\/\\\/marktxxl.de\\\/markt\\\/produkt\\\/freiblick-brillenbad-set-schuettelbad-zur-effizienten-brillenreinigung\\\/\",\"name\":\"freiblick Brillenbad SET | Sch\u00fcttelbad zur effizienten Brillenreinigung (Pink, Gro\u00df) - Markt-XXL\",\"isPartOf\":{\"@id\":\"https:\\\/\\\/marktxxl.de\\\/markt\\\/#website\"},\"primaryImageOfPage\":{\"@id\":\"https:\\\/\\\/marktxxl.de\\\/markt\\\/produkt\\\/freiblick-brillenbad-set-schuettelbad-zur-effizienten-brillenreinigung\\\/#primaryimage\"},\"image\":{\"@id\":\"https:\\\/\\\/marktxxl.de\\\/markt\\\/produkt\\\/freiblick-brillenbad-set-schuettelbad-zur-effizienten-brillenreinigung\\\/#primaryimage\"},\"thumbnailUrl\":\"https:\\\/\\\/m.media-amazon.com\\\/images\\\/I\\\/3121OIc6E0L._SL500_.jpg\",\"datePublished\":\"2022-11-11T09:38:28+00:00\",\"dateModified\":\"2023-04-11T02:54:21+00:00\",\"description\":\"Markt-XXL freiblick Brillenbad SET | Sch\u00fcttelbad zur effizienten Brillenreinigung (Pink, Gro\u00df)\",\"breadcrumb\":{\"@id\":\"https:\\\/\\\/marktxxl.de\\\/markt\\\/produkt\\\/freiblick-brillenbad-set-schuettelbad-zur-effizienten-brillenreinigung\\\/#breadcrumb\"},\"inLanguage\":\"de\",\"potentialAction\":[{\"@type\":\"ReadAction\",\"target\":[\"https:\\\/\\\/marktxxl.de\\\/markt\\\/produkt\\\/freiblick-brillenbad-set-schuettelbad-zur-effizienten-brillenreinigung\\\/\"]}]},{\"@type\":\"ImageObject\",\"inLanguage\":\"de\",\"@id\":\"https:\\\/\\\/marktxxl.de\\\/markt\\\/produkt\\\/freiblick-brillenbad-set-schuettelbad-zur-effizienten-brillenreinigung\\\/#primaryimage\",\"url\":\"https:\\\/\\\/m.media-amazon.com\\\/images\\\/I\\\/3121OIc6E0L._SL500_.jpg\",\"contentUrl\":\"https:\\\/\\\/m.media-amazon.com\\\/images\\\/I\\\/3121OIc6E0L._SL500_.jpg\",\"width\":500,\"height\":435},{\"@type\":\"BreadcrumbList\",\"@id\":\"https:\\\/\\\/marktxxl.de\\\/markt\\\/produkt\\\/freiblick-brillenbad-set-schuettelbad-zur-effizienten-brillenreinigung\\\/#breadcrumb\",\"itemListElement\":[{\"@type\":\"ListItem\",\"position\":1,\"name\":\"Startseite\",\"item\":\"https:\\\/\\\/marktxxl.de\\\/markt\\\/\"},{\"@type\":\"ListItem\",\"position\":2,\"name\":\"Markt\",\"item\":\"https:\\\/\\\/marktxxl.de\\\/markt\\\/\"},{\"@type\":\"ListItem\",\"position\":3,\"name\":\"freiblick Brillenbad SET | Sch\u00fcttelbad zur effizienten Brillenreinigung (Pink, Gro\u00df)\"}]},{\"@type\":\"WebSite\",\"@id\":\"https:\\\/\\\/marktxxl.de\\\/markt\\\/#website\",\"url\":\"https:\\\/\\\/marktxxl.de\\\/markt\\\/\",\"name\":\"Markt-XXL\",\"description\":\"Ihr Markt Online\",\"publisher\":{\"@id\":\"https:\\\/\\\/marktxxl.de\\\/markt\\\/#organization\"},\"potentialAction\":[{\"@type\":\"SearchAction\",\"target\":{\"@type\":\"EntryPoint\",\"urlTemplate\":\"https:\\\/\\\/marktxxl.de\\\/markt\\\/?s={search_term_string}\"},\"query-input\":{\"@type\":\"PropertyValueSpecification\",\"valueRequired\":true,\"valueName\":\"search_term_string\"}}],\"inLanguage\":\"de\"},{\"@type\":\"Organization\",\"@id\":\"https:\\\/\\\/marktxxl.de\\\/markt\\\/#organization\",\"name\":\"Markt-XXL\",\"url\":\"https:\\\/\\\/marktxxl.de\\\/markt\\\/\",\"logo\":{\"@type\":\"ImageObject\",\"inLanguage\":\"de\",\"@id\":\"https:\\\/\\\/marktxxl.de\\\/markt\\\/#\\\/schema\\\/logo\\\/image\\\/\",\"url\":\"https:\\\/\\\/marktxxl.de\\\/markt\\\/wp-content\\\/uploads\\\/sites\\\/3\\\/2020\\\/12\\\/logo.png\",\"contentUrl\":\"https:\\\/\\\/marktxxl.de\\\/markt\\\/wp-content\\\/uploads\\\/sites\\\/3\\\/2020\\\/12\\\/logo.png\",\"width\":200,\"height\":70,\"caption\":\"Markt-XXL\"},\"image\":{\"@id\":\"https:\\\/\\\/marktxxl.de\\\/markt\\\/#\\\/schema\\\/logo\\\/image\\\/\"}}]}<\/script>\n<!-- \/ Yoast SEO plugin. -->","yoast_head_json":{"title":"freiblick Brillenbad SET | Sch\u00fcttelbad zur effizienten Brillenreinigung (Pink, Gro\u00df) - Markt-XXL","description":"Markt-XXL freiblick Brillenbad SET | Sch\u00fcttelbad zur effizienten Brillenreinigung (Pink, Gro\u00df)","robots":{"index":"index","follow":"follow","max-snippet":"max-snippet:-1","max-image-preview":"max-image-preview:large","max-video-preview":"max-video-preview:-1"},"canonical":"https:\/\/marktxxl.de\/markt\/produkt\/freiblick-brillenbad-set-schuettelbad-zur-effizienten-brillenreinigung\/","og_locale":"de_DE","og_type":"article","og_title":"freiblick Brillenbad SET | Sch\u00fcttelbad zur effizienten Brillenreinigung (Pink, Gro\u00df) - Markt-XXL","og_description":"Markt-XXL freiblick Brillenbad SET | Sch\u00fcttelbad zur effizienten Brillenreinigung (Pink, Gro\u00df)","og_url":"https:\/\/marktxxl.de\/markt\/produkt\/freiblick-brillenbad-set-schuettelbad-zur-effizienten-brillenreinigung\/","og_site_name":"Markt-XXL","article_modified_time":"2023-04-11T02:54:21+00:00","og_image":[{"width":500,"height":435,"url":"https:\/\/m.media-amazon.com\/images\/I\/3121OIc6E0L._SL500_.jpg","type":"image\/jpeg"}],"twitter_card":"summary_large_image","schema":{"@context":"https:\/\/schema.org","@graph":[{"@type":"WebPage","@id":"https:\/\/marktxxl.de\/markt\/produkt\/freiblick-brillenbad-set-schuettelbad-zur-effizienten-brillenreinigung\/","url":"https:\/\/marktxxl.de\/markt\/produkt\/freiblick-brillenbad-set-schuettelbad-zur-effizienten-brillenreinigung\/","name":"freiblick Brillenbad SET | Sch\u00fcttelbad zur effizienten Brillenreinigung (Pink, Gro\u00df) - Markt-XXL","isPartOf":{"@id":"https:\/\/marktxxl.de\/markt\/#website"},"primaryImageOfPage":{"@id":"https:\/\/marktxxl.de\/markt\/produkt\/freiblick-brillenbad-set-schuettelbad-zur-effizienten-brillenreinigung\/#primaryimage"},"image":{"@id":"https:\/\/marktxxl.de\/markt\/produkt\/freiblick-brillenbad-set-schuettelbad-zur-effizienten-brillenreinigung\/#primaryimage"},"thumbnailUrl":"https:\/\/m.media-amazon.com\/images\/I\/3121OIc6E0L._SL500_.jpg","datePublished":"2022-11-11T09:38:28+00:00","dateModified":"2023-04-11T02:54:21+00:00","description":"Markt-XXL freiblick Brillenbad SET | Sch\u00fcttelbad zur effizienten Brillenreinigung (Pink, Gro\u00df)","breadcrumb":{"@id":"https:\/\/marktxxl.de\/markt\/produkt\/freiblick-brillenbad-set-schuettelbad-zur-effizienten-brillenreinigung\/#breadcrumb"},"inLanguage":"de","potentialAction":[{"@type":"ReadAction","target":["https:\/\/marktxxl.de\/markt\/produkt\/freiblick-brillenbad-set-schuettelbad-zur-effizienten-brillenreinigung\/"]}]},{"@type":"ImageObject","inLanguage":"de","@id":"https:\/\/marktxxl.de\/markt\/produkt\/freiblick-brillenbad-set-schuettelbad-zur-effizienten-brillenreinigung\/#primaryimage","url":"https:\/\/m.media-amazon.com\/images\/I\/3121OIc6E0L._SL500_.jpg","contentUrl":"https:\/\/m.media-amazon.com\/images\/I\/3121OIc6E0L._SL500_.jpg","width":500,"height":435},{"@type":"BreadcrumbList","@id":"https:\/\/marktxxl.de\/markt\/produkt\/freiblick-brillenbad-set-schuettelbad-zur-effizienten-brillenreinigung\/#breadcrumb","itemListElement":[{"@type":"ListItem","position":1,"name":"Startseite","item":"https:\/\/marktxxl.de\/markt\/"},{"@type":"ListItem","position":2,"name":"Markt","item":"https:\/\/marktxxl.de\/markt\/"},{"@type":"ListItem","position":3,"name":"freiblick Brillenbad SET | Sch\u00fcttelbad zur effizienten Brillenreinigung (Pink, Gro\u00df)"}]},{"@type":"WebSite","@id":"https:\/\/marktxxl.de\/markt\/#website","url":"https:\/\/marktxxl.de\/markt\/","name":"Markt-XXL","description":"Ihr Markt Online","publisher":{"@id":"https:\/\/marktxxl.de\/markt\/#organization"},"potentialAction":[{"@type":"SearchAction","target":{"@type":"EntryPoint","urlTemplate":"https:\/\/marktxxl.de\/markt\/?s={search_term_string}"},"query-input":{"@type":"PropertyValueSpecification","valueRequired":true,"valueName":"search_term_string"}}],"inLanguage":"de"},{"@type":"Organization","@id":"https:\/\/marktxxl.de\/markt\/#organization","name":"Markt-XXL","url":"https:\/\/marktxxl.de\/markt\/","logo":{"@type":"ImageObject","inLanguage":"de","@id":"https:\/\/marktxxl.de\/markt\/#\/schema\/logo\/image\/","url":"https:\/\/marktxxl.de\/markt\/wp-content\/uploads\/sites\/3\/2020\/12\/logo.png","contentUrl":"https:\/\/marktxxl.de\/markt\/wp-content\/uploads\/sites\/3\/2020\/12\/logo.png","width":200,"height":70,"caption":"Markt-XXL"},"image":{"@id":"https:\/\/marktxxl.de\/markt\/#\/schema\/logo\/image\/"}}]}},"_links":{"self":[{"href":"https:\/\/marktxxl.de\/markt\/wp-json\/wp\/v2\/product\/168396","targetHints":{"allow":["GET"]}}],"collection":[{"href":"https:\/\/marktxxl.de\/markt\/wp-json\/wp\/v2\/product"}],"about":[{"href":"https:\/\/marktxxl.de\/markt\/wp-json\/wp\/v2\/types\/product"}],"replies":[{"embeddable":true,"href":"https:\/\/marktxxl.de\/markt\/wp-json\/wp\/v2\/comments?post=168396"}],"wp:featuredmedia":[{"embeddable":true,"href":"https:\/\/marktxxl.de\/markt\/wp-json\/wp\/v2\/media\/168397"}],"wp:attachment":[{"href":"https:\/\/marktxxl.de\/markt\/wp-json\/wp\/v2\/media?parent=168396"}],"wp:term":[{"taxonomy":"product_brand","embeddable":true,"href":"https:\/\/marktxxl.de\/markt\/wp-json\/wp\/v2\/product_brand?post=168396"},{"taxonomy":"product_cat","embeddable":true,"href":"https:\/\/marktxxl.de\/markt\/wp-json\/wp\/v2\/product_cat?post=168396"},{"taxonomy":"product_tag","embeddable":true,"href":"https:\/\/marktxxl.de\/markt\/wp-json\/wp\/v2\/product_tag?post=168396"}],"curies":[{"name":"wp","href":"https:\/\/api.w.org\/{rel}","templated":true}]}}