{"id":168340,"date":"2022-11-11T10:35:44","date_gmt":"2022-11-11T09:35:44","guid":{"rendered":"https:\/\/marktxxl.de\/markt\/produkt\/mikrofasertuch-i-optikerqualitaet-i-30cm-x-30cm-i-brillenptutztuch-i-handyputztuch-i-luxury-i-premiumqualitaet-i-brille-smartphone-tablet-objektiv\/"},"modified":"2023-04-11T04:54:20","modified_gmt":"2023-04-11T02:54:20","slug":"mikrofasertuch-i-optikerqualitaet-i-30cm-x-30cm-i-brillenptutztuch-i-handyputztuch-i-luxury-i-premiumqualitaet-i-brille-smartphone-tablet-objektiv","status":"publish","type":"product","link":"https:\/\/marktxxl.de\/markt\/produkt\/mikrofasertuch-i-optikerqualitaet-i-30cm-x-30cm-i-brillenptutztuch-i-handyputztuch-i-luxury-i-premiumqualitaet-i-brille-smartphone-tablet-objektiv\/","title":{"rendered":"belesi Mikrofasertuch XXL I Optikerqualit\u00e4t, Zur Reinigung von Smartphone, Tablet, Brille, Display, Kamera, Objektiv I\u2026"},"content":{"rendered":"<p>\u2705 PREMIUM MICROFASERTUCH 30 X 30 &#8211; aus hochwertigem, eng gewebtem Mikrofasermaterial zieht Feinstaub an und ist ideal f\u00fcr die Reinigung empfindlicher Fl\u00e4chen. Wie Brillen I Mobilphone I Tablets I Objektive I Monitore.<br \/>\n\ud83d\udd2c LUPENREIN SAUBER &#8211; Zuverl\u00e4ssig gegen Fingerabdr\u00fccke, Staub, Schmutz, fetthaltige Verschmutzungen sowie Bakterien &amp; Viren. Garantiert saubere Gl\u00e4ser und Displays.<br \/>\n\u2605EINZIGARTIGES DESIGN &#8211; belesi schenkt Dir ein St\u00fcck vom Luxus. Wir m\u00f6chten das Du dich wertgesch\u00e4tzt, einzigartig und au\u00dfergew\u00f6hnlich f\u00fchlst.<br \/>\n\u2705 UMWELTSCHONEND &#8211; Reinigen ohne Chemie. Langlebig und mit 30 Grad waschbar.<br \/>\n\u2705 ZUFRIEDENHEITSGARANTIE &#8211; Deine Zufriedenheit liegt uns am Herzen, als Start UP m\u00f6chten wir das Du dich mit dem Produkt wohlf\u00fchlst. Sollte das mal nicht der Fall sein schreibe uns oder schicke das Produkt einfach zur\u00fcck.<br \/>\n<div class=\"main-cross-sell\" data-asin=\"B0B2KMB294\">\n\n\t<div class=\"WooZone-cross-sell-loader\">\n\t\t<div>\n\t\t\t<div id=\"floatingBarsG\">\n\t\t\t\t<div class=\"blockG\" id=\"rotateG_01\"><\/div>\n\t\t\t\t<div class=\"blockG\" id=\"rotateG_02\"><\/div>\n\t\t\t\t<div class=\"blockG\" id=\"rotateG_03\"><\/div>\n\t\t\t\t<div class=\"blockG\" id=\"rotateG_04\"><\/div>\n\t\t\t\t<div class=\"blockG\" id=\"rotateG_05\"><\/div>\n\t\t\t\t<div class=\"blockG\" id=\"rotateG_06\"><\/div>\n\t\t\t\t<div class=\"blockG\" id=\"rotateG_07\"><\/div>\n\t\t\t\t<div class=\"blockG\" id=\"rotateG_08\"><\/div>\n\t\t\t<\/div>\n\t\t\t<div class=\"WooZone-cross-sell-loader-text\"><\/div>\n\t\t<\/div>\n\t<\/div>\n\n\t\t\n<\/div>\n<div style=\"clear:both;\"><\/div><\/p>\n","protected":false},"excerpt":{"rendered":"<p>\u2705 PREMIUM MICROFASERTUCH 30 X 30 &#8211; aus hochwertigem, eng gewebtem Mikrofasermaterial zieht Feinstaub an und ist ideal f\u00fcr die Reinigung empfindlicher Fl\u00e4chen. Wie Brillen I Mobilphone I Tablets I Objektive I Monitore.<br \/>\n\ud83d\udd2c LUPENREIN SAUBER &#8211; Zuverl\u00e4ssig gegen Fingerabdr\u00fccke, Staub, Schmutz, fetthaltige Verschmutzungen sowie Bakterien &amp; Viren. Garantiert saubere Gl\u00e4ser und Displays.<br \/>\n\u2605EINZIGARTIGES DESIGN &#8211; belesi schenkt Dir ein St\u00fcck vom Luxus. Wir m\u00f6chten das Du dich wertgesch\u00e4tzt, einzigartig und au\u00dfergew\u00f6hnlich f\u00fchlst.<\/p>\n","protected":false},"featured_media":168341,"comment_status":"open","ping_status":"closed","template":"","meta":[],"product_brand":[],"product_cat":[566,5775],"product_tag":[],"class_list":{"0":"post-168340","1":"product","2":"type-product","3":"status-publish","4":"has-post-thumbnail","6":"product_cat-drogerie-koerperpflege","7":"product_cat-kontaktlinsen-brillen","8":"pa_binding-badartikel","9":"pa_brand-belesi","10":"pa_height-0-393700787-zoll","11":"pa_length-6-692913379-zoll","12":"pa_manufacturer-belesi","13":"pa_size-30-cm-x-30-cm","14":"pa_weight-20-gramm","15":"pa_width-4-724409444-zoll","17":"first","18":"instock","19":"shipping-taxable","20":"purchasable","21":"product-type-simple","22":"customify-col","23":"product-has-gallery"},"yoast_head":"<!-- This site is optimized with the Yoast SEO plugin v27.4 - https:\/\/yoast.com\/product\/yoast-seo-wordpress\/ -->\n<title>belesi Mikrofasertuch XXL I Optikerqualit\u00e4t, Zur Reinigung von Smartphone, Tablet, Brille, Display, Kamera, Objektiv I\u2026 - Markt-XXL<\/title>\n<meta name=\"description\" content=\"Markt-XXL belesi Mikrofasertuch XXL I Optikerqualit\u00e4t, Zur Reinigung von Smartphone, Tablet, Brille, Display, Kamera, Objektiv I\u2026\" \/>\n<meta name=\"robots\" content=\"index, follow, max-snippet:-1, max-image-preview:large, max-video-preview:-1\" \/>\n<link rel=\"canonical\" href=\"https:\/\/marktxxl.de\/markt\/produkt\/mikrofasertuch-i-optikerqualitaet-i-30cm-x-30cm-i-brillenptutztuch-i-handyputztuch-i-luxury-i-premiumqualitaet-i-brille-smartphone-tablet-objektiv\/\" \/>\n<meta property=\"og:locale\" content=\"de_DE\" \/>\n<meta property=\"og:type\" content=\"article\" \/>\n<meta property=\"og:title\" content=\"belesi Mikrofasertuch XXL I Optikerqualit\u00e4t, Zur Reinigung von Smartphone, Tablet, Brille, Display, Kamera, Objektiv I\u2026 - Markt-XXL\" \/>\n<meta property=\"og:description\" content=\"Markt-XXL belesi Mikrofasertuch XXL I Optikerqualit\u00e4t, Zur Reinigung von Smartphone, Tablet, Brille, Display, Kamera, Objektiv I\u2026\" \/>\n<meta property=\"og:url\" content=\"https:\/\/marktxxl.de\/markt\/produkt\/mikrofasertuch-i-optikerqualitaet-i-30cm-x-30cm-i-brillenptutztuch-i-handyputztuch-i-luxury-i-premiumqualitaet-i-brille-smartphone-tablet-objektiv\/\" \/>\n<meta property=\"og:site_name\" content=\"Markt-XXL\" \/>\n<meta property=\"article:modified_time\" content=\"2023-04-11T02:54:20+00:00\" \/>\n<meta property=\"og:image\" content=\"https:\/\/m.media-amazon.com\/images\/I\/51uj2dSZn6L._SL500_.jpg\" \/>\n\t<meta property=\"og:image:width\" content=\"500\" \/>\n\t<meta property=\"og:image:height\" content=\"477\" \/>\n\t<meta property=\"og:image:type\" content=\"image\/jpeg\" \/>\n<meta name=\"twitter:card\" content=\"summary_large_image\" \/>\n<meta name=\"twitter:label1\" content=\"Gesch\u00e4tzte Lesezeit\" \/>\n\t<meta name=\"twitter:data1\" content=\"1\u00a0Minute\" \/>\n<script type=\"application\/ld+json\" class=\"yoast-schema-graph\">{\"@context\":\"https:\\\/\\\/schema.org\",\"@graph\":[{\"@type\":\"WebPage\",\"@id\":\"https:\\\/\\\/marktxxl.de\\\/markt\\\/produkt\\\/mikrofasertuch-i-optikerqualitaet-i-30cm-x-30cm-i-brillenptutztuch-i-handyputztuch-i-luxury-i-premiumqualitaet-i-brille-smartphone-tablet-objektiv\\\/\",\"url\":\"https:\\\/\\\/marktxxl.de\\\/markt\\\/produkt\\\/mikrofasertuch-i-optikerqualitaet-i-30cm-x-30cm-i-brillenptutztuch-i-handyputztuch-i-luxury-i-premiumqualitaet-i-brille-smartphone-tablet-objektiv\\\/\",\"name\":\"belesi Mikrofasertuch XXL I Optikerqualit\u00e4t, Zur Reinigung von Smartphone, Tablet, Brille, Display, Kamera, Objektiv I\u2026 - Markt-XXL\",\"isPartOf\":{\"@id\":\"https:\\\/\\\/marktxxl.de\\\/markt\\\/#website\"},\"primaryImageOfPage\":{\"@id\":\"https:\\\/\\\/marktxxl.de\\\/markt\\\/produkt\\\/mikrofasertuch-i-optikerqualitaet-i-30cm-x-30cm-i-brillenptutztuch-i-handyputztuch-i-luxury-i-premiumqualitaet-i-brille-smartphone-tablet-objektiv\\\/#primaryimage\"},\"image\":{\"@id\":\"https:\\\/\\\/marktxxl.de\\\/markt\\\/produkt\\\/mikrofasertuch-i-optikerqualitaet-i-30cm-x-30cm-i-brillenptutztuch-i-handyputztuch-i-luxury-i-premiumqualitaet-i-brille-smartphone-tablet-objektiv\\\/#primaryimage\"},\"thumbnailUrl\":\"https:\\\/\\\/m.media-amazon.com\\\/images\\\/I\\\/51uj2dSZn6L._SL500_.jpg\",\"datePublished\":\"2022-11-11T09:35:44+00:00\",\"dateModified\":\"2023-04-11T02:54:20+00:00\",\"description\":\"Markt-XXL belesi Mikrofasertuch XXL I Optikerqualit\u00e4t, Zur Reinigung von Smartphone, Tablet, Brille, Display, Kamera, Objektiv I\u2026\",\"breadcrumb\":{\"@id\":\"https:\\\/\\\/marktxxl.de\\\/markt\\\/produkt\\\/mikrofasertuch-i-optikerqualitaet-i-30cm-x-30cm-i-brillenptutztuch-i-handyputztuch-i-luxury-i-premiumqualitaet-i-brille-smartphone-tablet-objektiv\\\/#breadcrumb\"},\"inLanguage\":\"de\",\"potentialAction\":[{\"@type\":\"ReadAction\",\"target\":[\"https:\\\/\\\/marktxxl.de\\\/markt\\\/produkt\\\/mikrofasertuch-i-optikerqualitaet-i-30cm-x-30cm-i-brillenptutztuch-i-handyputztuch-i-luxury-i-premiumqualitaet-i-brille-smartphone-tablet-objektiv\\\/\"]}]},{\"@type\":\"ImageObject\",\"inLanguage\":\"de\",\"@id\":\"https:\\\/\\\/marktxxl.de\\\/markt\\\/produkt\\\/mikrofasertuch-i-optikerqualitaet-i-30cm-x-30cm-i-brillenptutztuch-i-handyputztuch-i-luxury-i-premiumqualitaet-i-brille-smartphone-tablet-objektiv\\\/#primaryimage\",\"url\":\"https:\\\/\\\/m.media-amazon.com\\\/images\\\/I\\\/51uj2dSZn6L._SL500_.jpg\",\"contentUrl\":\"https:\\\/\\\/m.media-amazon.com\\\/images\\\/I\\\/51uj2dSZn6L._SL500_.jpg\",\"width\":500,\"height\":477},{\"@type\":\"BreadcrumbList\",\"@id\":\"https:\\\/\\\/marktxxl.de\\\/markt\\\/produkt\\\/mikrofasertuch-i-optikerqualitaet-i-30cm-x-30cm-i-brillenptutztuch-i-handyputztuch-i-luxury-i-premiumqualitaet-i-brille-smartphone-tablet-objektiv\\\/#breadcrumb\",\"itemListElement\":[{\"@type\":\"ListItem\",\"position\":1,\"name\":\"Startseite\",\"item\":\"https:\\\/\\\/marktxxl.de\\\/markt\\\/\"},{\"@type\":\"ListItem\",\"position\":2,\"name\":\"Markt\",\"item\":\"https:\\\/\\\/marktxxl.de\\\/markt\\\/\"},{\"@type\":\"ListItem\",\"position\":3,\"name\":\"belesi Mikrofasertuch XXL I Optikerqualit\u00e4t, Zur Reinigung von Smartphone, Tablet, Brille, Display, Kamera, Objektiv I\u2026\"}]},{\"@type\":\"WebSite\",\"@id\":\"https:\\\/\\\/marktxxl.de\\\/markt\\\/#website\",\"url\":\"https:\\\/\\\/marktxxl.de\\\/markt\\\/\",\"name\":\"Markt-XXL\",\"description\":\"Ihr Markt Online\",\"publisher\":{\"@id\":\"https:\\\/\\\/marktxxl.de\\\/markt\\\/#organization\"},\"potentialAction\":[{\"@type\":\"SearchAction\",\"target\":{\"@type\":\"EntryPoint\",\"urlTemplate\":\"https:\\\/\\\/marktxxl.de\\\/markt\\\/?s={search_term_string}\"},\"query-input\":{\"@type\":\"PropertyValueSpecification\",\"valueRequired\":true,\"valueName\":\"search_term_string\"}}],\"inLanguage\":\"de\"},{\"@type\":\"Organization\",\"@id\":\"https:\\\/\\\/marktxxl.de\\\/markt\\\/#organization\",\"name\":\"Markt-XXL\",\"url\":\"https:\\\/\\\/marktxxl.de\\\/markt\\\/\",\"logo\":{\"@type\":\"ImageObject\",\"inLanguage\":\"de\",\"@id\":\"https:\\\/\\\/marktxxl.de\\\/markt\\\/#\\\/schema\\\/logo\\\/image\\\/\",\"url\":\"https:\\\/\\\/marktxxl.de\\\/markt\\\/wp-content\\\/uploads\\\/sites\\\/3\\\/2020\\\/12\\\/logo.png\",\"contentUrl\":\"https:\\\/\\\/marktxxl.de\\\/markt\\\/wp-content\\\/uploads\\\/sites\\\/3\\\/2020\\\/12\\\/logo.png\",\"width\":200,\"height\":70,\"caption\":\"Markt-XXL\"},\"image\":{\"@id\":\"https:\\\/\\\/marktxxl.de\\\/markt\\\/#\\\/schema\\\/logo\\\/image\\\/\"}}]}<\/script>\n<!-- \/ Yoast SEO plugin. -->","yoast_head_json":{"title":"belesi Mikrofasertuch XXL I Optikerqualit\u00e4t, Zur Reinigung von Smartphone, Tablet, Brille, Display, Kamera, Objektiv I\u2026 - Markt-XXL","description":"Markt-XXL belesi Mikrofasertuch XXL I Optikerqualit\u00e4t, Zur Reinigung von Smartphone, Tablet, Brille, Display, Kamera, Objektiv I\u2026","robots":{"index":"index","follow":"follow","max-snippet":"max-snippet:-1","max-image-preview":"max-image-preview:large","max-video-preview":"max-video-preview:-1"},"canonical":"https:\/\/marktxxl.de\/markt\/produkt\/mikrofasertuch-i-optikerqualitaet-i-30cm-x-30cm-i-brillenptutztuch-i-handyputztuch-i-luxury-i-premiumqualitaet-i-brille-smartphone-tablet-objektiv\/","og_locale":"de_DE","og_type":"article","og_title":"belesi Mikrofasertuch XXL I Optikerqualit\u00e4t, Zur Reinigung von Smartphone, Tablet, Brille, Display, Kamera, Objektiv I\u2026 - Markt-XXL","og_description":"Markt-XXL belesi Mikrofasertuch XXL I Optikerqualit\u00e4t, Zur Reinigung von Smartphone, Tablet, Brille, Display, Kamera, Objektiv I\u2026","og_url":"https:\/\/marktxxl.de\/markt\/produkt\/mikrofasertuch-i-optikerqualitaet-i-30cm-x-30cm-i-brillenptutztuch-i-handyputztuch-i-luxury-i-premiumqualitaet-i-brille-smartphone-tablet-objektiv\/","og_site_name":"Markt-XXL","article_modified_time":"2023-04-11T02:54:20+00:00","og_image":[{"width":500,"height":477,"url":"https:\/\/m.media-amazon.com\/images\/I\/51uj2dSZn6L._SL500_.jpg","type":"image\/jpeg"}],"twitter_card":"summary_large_image","twitter_misc":{"Gesch\u00e4tzte Lesezeit":"1\u00a0Minute"},"schema":{"@context":"https:\/\/schema.org","@graph":[{"@type":"WebPage","@id":"https:\/\/marktxxl.de\/markt\/produkt\/mikrofasertuch-i-optikerqualitaet-i-30cm-x-30cm-i-brillenptutztuch-i-handyputztuch-i-luxury-i-premiumqualitaet-i-brille-smartphone-tablet-objektiv\/","url":"https:\/\/marktxxl.de\/markt\/produkt\/mikrofasertuch-i-optikerqualitaet-i-30cm-x-30cm-i-brillenptutztuch-i-handyputztuch-i-luxury-i-premiumqualitaet-i-brille-smartphone-tablet-objektiv\/","name":"belesi Mikrofasertuch XXL I Optikerqualit\u00e4t, Zur Reinigung von Smartphone, Tablet, Brille, Display, Kamera, Objektiv I\u2026 - Markt-XXL","isPartOf":{"@id":"https:\/\/marktxxl.de\/markt\/#website"},"primaryImageOfPage":{"@id":"https:\/\/marktxxl.de\/markt\/produkt\/mikrofasertuch-i-optikerqualitaet-i-30cm-x-30cm-i-brillenptutztuch-i-handyputztuch-i-luxury-i-premiumqualitaet-i-brille-smartphone-tablet-objektiv\/#primaryimage"},"image":{"@id":"https:\/\/marktxxl.de\/markt\/produkt\/mikrofasertuch-i-optikerqualitaet-i-30cm-x-30cm-i-brillenptutztuch-i-handyputztuch-i-luxury-i-premiumqualitaet-i-brille-smartphone-tablet-objektiv\/#primaryimage"},"thumbnailUrl":"https:\/\/m.media-amazon.com\/images\/I\/51uj2dSZn6L._SL500_.jpg","datePublished":"2022-11-11T09:35:44+00:00","dateModified":"2023-04-11T02:54:20+00:00","description":"Markt-XXL belesi Mikrofasertuch XXL I Optikerqualit\u00e4t, Zur Reinigung von Smartphone, Tablet, Brille, Display, Kamera, Objektiv I\u2026","breadcrumb":{"@id":"https:\/\/marktxxl.de\/markt\/produkt\/mikrofasertuch-i-optikerqualitaet-i-30cm-x-30cm-i-brillenptutztuch-i-handyputztuch-i-luxury-i-premiumqualitaet-i-brille-smartphone-tablet-objektiv\/#breadcrumb"},"inLanguage":"de","potentialAction":[{"@type":"ReadAction","target":["https:\/\/marktxxl.de\/markt\/produkt\/mikrofasertuch-i-optikerqualitaet-i-30cm-x-30cm-i-brillenptutztuch-i-handyputztuch-i-luxury-i-premiumqualitaet-i-brille-smartphone-tablet-objektiv\/"]}]},{"@type":"ImageObject","inLanguage":"de","@id":"https:\/\/marktxxl.de\/markt\/produkt\/mikrofasertuch-i-optikerqualitaet-i-30cm-x-30cm-i-brillenptutztuch-i-handyputztuch-i-luxury-i-premiumqualitaet-i-brille-smartphone-tablet-objektiv\/#primaryimage","url":"https:\/\/m.media-amazon.com\/images\/I\/51uj2dSZn6L._SL500_.jpg","contentUrl":"https:\/\/m.media-amazon.com\/images\/I\/51uj2dSZn6L._SL500_.jpg","width":500,"height":477},{"@type":"BreadcrumbList","@id":"https:\/\/marktxxl.de\/markt\/produkt\/mikrofasertuch-i-optikerqualitaet-i-30cm-x-30cm-i-brillenptutztuch-i-handyputztuch-i-luxury-i-premiumqualitaet-i-brille-smartphone-tablet-objektiv\/#breadcrumb","itemListElement":[{"@type":"ListItem","position":1,"name":"Startseite","item":"https:\/\/marktxxl.de\/markt\/"},{"@type":"ListItem","position":2,"name":"Markt","item":"https:\/\/marktxxl.de\/markt\/"},{"@type":"ListItem","position":3,"name":"belesi Mikrofasertuch XXL I Optikerqualit\u00e4t, Zur Reinigung von Smartphone, Tablet, Brille, Display, Kamera, Objektiv I\u2026"}]},{"@type":"WebSite","@id":"https:\/\/marktxxl.de\/markt\/#website","url":"https:\/\/marktxxl.de\/markt\/","name":"Markt-XXL","description":"Ihr Markt Online","publisher":{"@id":"https:\/\/marktxxl.de\/markt\/#organization"},"potentialAction":[{"@type":"SearchAction","target":{"@type":"EntryPoint","urlTemplate":"https:\/\/marktxxl.de\/markt\/?s={search_term_string}"},"query-input":{"@type":"PropertyValueSpecification","valueRequired":true,"valueName":"search_term_string"}}],"inLanguage":"de"},{"@type":"Organization","@id":"https:\/\/marktxxl.de\/markt\/#organization","name":"Markt-XXL","url":"https:\/\/marktxxl.de\/markt\/","logo":{"@type":"ImageObject","inLanguage":"de","@id":"https:\/\/marktxxl.de\/markt\/#\/schema\/logo\/image\/","url":"https:\/\/marktxxl.de\/markt\/wp-content\/uploads\/sites\/3\/2020\/12\/logo.png","contentUrl":"https:\/\/marktxxl.de\/markt\/wp-content\/uploads\/sites\/3\/2020\/12\/logo.png","width":200,"height":70,"caption":"Markt-XXL"},"image":{"@id":"https:\/\/marktxxl.de\/markt\/#\/schema\/logo\/image\/"}}]}},"_links":{"self":[{"href":"https:\/\/marktxxl.de\/markt\/wp-json\/wp\/v2\/product\/168340","targetHints":{"allow":["GET"]}}],"collection":[{"href":"https:\/\/marktxxl.de\/markt\/wp-json\/wp\/v2\/product"}],"about":[{"href":"https:\/\/marktxxl.de\/markt\/wp-json\/wp\/v2\/types\/product"}],"replies":[{"embeddable":true,"href":"https:\/\/marktxxl.de\/markt\/wp-json\/wp\/v2\/comments?post=168340"}],"wp:featuredmedia":[{"embeddable":true,"href":"https:\/\/marktxxl.de\/markt\/wp-json\/wp\/v2\/media\/168341"}],"wp:attachment":[{"href":"https:\/\/marktxxl.de\/markt\/wp-json\/wp\/v2\/media?parent=168340"}],"wp:term":[{"taxonomy":"product_brand","embeddable":true,"href":"https:\/\/marktxxl.de\/markt\/wp-json\/wp\/v2\/product_brand?post=168340"},{"taxonomy":"product_cat","embeddable":true,"href":"https:\/\/marktxxl.de\/markt\/wp-json\/wp\/v2\/product_cat?post=168340"},{"taxonomy":"product_tag","embeddable":true,"href":"https:\/\/marktxxl.de\/markt\/wp-json\/wp\/v2\/product_tag?post=168340"}],"curies":[{"name":"wp","href":"https:\/\/api.w.org\/{rel}","templated":true}]}}