{"id":168270,"date":"2022-11-11T10:17:38","date_gmt":"2022-11-11T09:17:38","guid":{"rendered":"https:\/\/marktxxl.de\/markt\/produkt\/oalidar-usb-stick-512gb-speicherstick-usb-3-0-wasserdichter-datenspeicher-usb-stick-metall-usb-flash-laufwerk-512gb-memory-stick-mit-schluesselring-fuer-laptop-pc-computer\/"},"modified":"2023-04-11T04:54:19","modified_gmt":"2023-04-11T02:54:19","slug":"oalidar-usb-stick-512gb-speicherstick-usb-3-0-wasserdichter-datenspeicher-usb-stick-metall-usb-flash-laufwerk-512gb-memory-stick-mit-schluesselring-fuer-laptop-pc-computer","status":"publish","type":"product","link":"https:\/\/marktxxl.de\/markt\/produkt\/oalidar-usb-stick-512gb-speicherstick-usb-3-0-wasserdichter-datenspeicher-usb-stick-metall-usb-flash-laufwerk-512gb-memory-stick-mit-schluesselring-fuer-laptop-pc-computer\/","title":{"rendered":"Oalidar USB Stick 512GB Speicherstick USB 3.0 Wasserdichter Datenspeicher USB-Stick Metall USB-Flash-Laufwerk 512GB\u2026"},"content":{"rendered":"<p>\u3010Zuverl\u00e4ssig und sicher\u3011 Das USB-Flash-Laufwerk nimmt eine Metallh\u00fclle an und verwendet im Inneren den neuesten fortschrittlichen Chip-Magnetwiderstand, wasserdicht, hochtemperaturbest\u00e4ndig und r\u00f6ntgenbest\u00e4ndig, wodurch Sie Ihre Daten sicherer speichern k\u00f6nnen, ohne sich Gedanken \u00fcber Datenverlust machen zu m\u00fcssen.<br \/>\n\u3010512 GB Massenspeicher\u3011 USB-Stick 512 GB bietet ausreichend Platz zum \u00dcbertragen und Speichern all Ihrer wichtigen Inhalte. Und der USB 3.0-Speicherstick mit Premium-Chip sorgt f\u00fcr eine schnelle und stabile Daten\u00fcbertragung, ideal f\u00fcr die \u00dcbertragung gro\u00dfer Dateien wie Filme, Videos, Fotos, Musik und Dokumente.<br \/>\n\u3010Plug and Play\u3011USB-Flash-Laufwerk, schlie\u00dfen Sie einfach den USB-Stick an und beginnen Sie dann mit der \u00dcbertragung und Speicherung von Daten zwischen Ger\u00e4ten. (Sie m\u00fcssen keine Software installieren) Kompatibel mit Windows 7\/8\/10\/Vista\/XP\/Unix\/2000\/ME\/NT Linux\/Mac OS und kompatibel mit USB 3.0- und USB 2.0-Anschl\u00fcssen.<br \/>\n\u3010Metallschnalle\u3011 Der Memory Stick hat ein sehr stilvolles und elegantes Design mit einer Legierungsoptik, und jeder enth\u00e4lt eine Metallschlaufe, mit der Sie ihn an Ihren Schl\u00fcsseln oder einem Schl\u00fcsselband befestigen k\u00f6nnen. Die Gr\u00f6\u00dfe des USB-Sticks betr\u00e4gt 48 mm \u00d7 12 mm \u00d7 5 mm, er ist klein und leicht genug, um ihn leicht herumzutragen.<br \/>\n\u3010Ideale Geschenkauswahl\u3011 Sehr langlebiger, kleiner und stilvoller tragbarer Memory Stick, ein durchdachtes Geschenk f\u00fcr Familie, Studenten, Freunde, Kollegen und sogar Kunden.<br \/>\n<div class=\"main-cross-sell\" data-asin=\"B0BKKM6RPQ\">\n\n\t<div class=\"WooZone-cross-sell-loader\">\n\t\t<div>\n\t\t\t<div id=\"floatingBarsG\">\n\t\t\t\t<div class=\"blockG\" id=\"rotateG_01\"><\/div>\n\t\t\t\t<div class=\"blockG\" id=\"rotateG_02\"><\/div>\n\t\t\t\t<div class=\"blockG\" id=\"rotateG_03\"><\/div>\n\t\t\t\t<div class=\"blockG\" id=\"rotateG_04\"><\/div>\n\t\t\t\t<div class=\"blockG\" id=\"rotateG_05\"><\/div>\n\t\t\t\t<div class=\"blockG\" id=\"rotateG_06\"><\/div>\n\t\t\t\t<div class=\"blockG\" id=\"rotateG_07\"><\/div>\n\t\t\t\t<div class=\"blockG\" id=\"rotateG_08\"><\/div>\n\t\t\t<\/div>\n\t\t\t<div class=\"WooZone-cross-sell-loader-text\"><\/div>\n\t\t<\/div>\n\t<\/div>\n\n\t\t\n<\/div>\n<div style=\"clear:both;\"><\/div><\/p>\n","protected":false},"excerpt":{"rendered":"<p>\u3010Zuverl\u00e4ssig und sicher\u3011 Das USB-Flash-Laufwerk nimmt eine Metallh\u00fclle an und verwendet im Inneren den neuesten fortschrittlichen Chip-Magnetwiderstand, wasserdicht, hochtemperaturbest\u00e4ndig und r\u00f6ntgenbest\u00e4ndig, wodurch Sie Ihre Daten sicherer speichern k\u00f6nnen, ohne sich Gedanken \u00fcber Datenverlust machen zu m\u00fcssen.<br \/>\n\u3010512 GB Massenspeicher\u3011 USB-Stick 512 GB bietet ausreichend Platz zum \u00dcbertragen und Speichern all Ihrer wichtigen Inhalte. Und der USB 3.0-Speicherstick mit Premium-Chip sorgt f\u00fcr eine schnelle und stabile Daten\u00fcbertragung, ideal f\u00fcr die \u00dcbertragung gro\u00dfer Dateien wie Filme, Videos, Fotos, Musik und Dokumente.<br \/>\n\u3010Plug and Play\u3011USB-Flash-Laufwerk, schlie\u00dfen Sie einfach den USB-Stick an und beginnen Sie dann mit der \u00dcbertragung und Speicherung von Daten zwischen Ger\u00e4ten. (Sie m\u00fcssen keine Software installieren) Kompatibel mit Windows 7\/8\/10\/Vista\/XP\/Unix\/2000\/ME\/NT Linux\/Mac OS und kompatibel mit USB 3.0- und USB 2.0-Anschl\u00fcssen.<\/p>\n","protected":false},"featured_media":168271,"comment_status":"open","ping_status":"closed","template":"","meta":[],"product_brand":[],"product_cat":[863],"product_tag":[],"class_list":{"0":"post-168270","1":"product","2":"type-product","3":"status-publish","4":"has-post-thumbnail","6":"product_cat-computer-zubehoer","7":"pa_brand-oalidar","8":"pa_color-silver","9":"pa_manufacturer-oalidar","10":"pa_warranty-90-days","11":"pa_weight-0-0220462262-pfund","13":"first","14":"instock","15":"shipping-taxable","16":"purchasable","17":"product-type-simple","18":"customify-col","19":"product-has-gallery"},"yoast_head":"<!-- This site is optimized with the Yoast SEO plugin v27.4 - https:\/\/yoast.com\/product\/yoast-seo-wordpress\/ -->\n<title>Oalidar USB Stick 512GB Speicherstick USB 3.0 Wasserdichter Datenspeicher USB-Stick Metall USB-Flash-Laufwerk 512GB\u2026 - Markt-XXL<\/title>\n<meta name=\"description\" content=\"Markt-XXL Oalidar USB Stick 512GB Speicherstick USB 3.0 Wasserdichter Datenspeicher USB-Stick Metall USB-Flash-Laufwerk 512GB\u2026\" \/>\n<meta name=\"robots\" content=\"index, follow, max-snippet:-1, max-image-preview:large, max-video-preview:-1\" \/>\n<link rel=\"canonical\" href=\"https:\/\/marktxxl.de\/markt\/produkt\/oalidar-usb-stick-512gb-speicherstick-usb-3-0-wasserdichter-datenspeicher-usb-stick-metall-usb-flash-laufwerk-512gb-memory-stick-mit-schluesselring-fuer-laptop-pc-computer\/\" \/>\n<meta property=\"og:locale\" content=\"de_DE\" \/>\n<meta property=\"og:type\" content=\"article\" \/>\n<meta property=\"og:title\" content=\"Oalidar USB Stick 512GB Speicherstick USB 3.0 Wasserdichter Datenspeicher USB-Stick Metall USB-Flash-Laufwerk 512GB\u2026 - Markt-XXL\" \/>\n<meta property=\"og:description\" content=\"Markt-XXL Oalidar USB Stick 512GB Speicherstick USB 3.0 Wasserdichter Datenspeicher USB-Stick Metall USB-Flash-Laufwerk 512GB\u2026\" \/>\n<meta property=\"og:url\" content=\"https:\/\/marktxxl.de\/markt\/produkt\/oalidar-usb-stick-512gb-speicherstick-usb-3-0-wasserdichter-datenspeicher-usb-stick-metall-usb-flash-laufwerk-512gb-memory-stick-mit-schluesselring-fuer-laptop-pc-computer\/\" \/>\n<meta property=\"og:site_name\" content=\"Markt-XXL\" \/>\n<meta property=\"article:modified_time\" content=\"2023-04-11T02:54:19+00:00\" \/>\n<meta property=\"og:image\" content=\"https:\/\/m.media-amazon.com\/images\/I\/317V5u0xExL._SL500_.jpg\" \/>\n\t<meta property=\"og:image:width\" content=\"500\" \/>\n\t<meta property=\"og:image:height\" content=\"500\" \/>\n\t<meta property=\"og:image:type\" content=\"image\/jpeg\" \/>\n<meta name=\"twitter:card\" content=\"summary_large_image\" \/>\n<meta name=\"twitter:label1\" content=\"Gesch\u00e4tzte Lesezeit\" \/>\n\t<meta name=\"twitter:data1\" content=\"1\u00a0Minute\" \/>\n<script type=\"application\/ld+json\" class=\"yoast-schema-graph\">{\"@context\":\"https:\\\/\\\/schema.org\",\"@graph\":[{\"@type\":\"WebPage\",\"@id\":\"https:\\\/\\\/marktxxl.de\\\/markt\\\/produkt\\\/oalidar-usb-stick-512gb-speicherstick-usb-3-0-wasserdichter-datenspeicher-usb-stick-metall-usb-flash-laufwerk-512gb-memory-stick-mit-schluesselring-fuer-laptop-pc-computer\\\/\",\"url\":\"https:\\\/\\\/marktxxl.de\\\/markt\\\/produkt\\\/oalidar-usb-stick-512gb-speicherstick-usb-3-0-wasserdichter-datenspeicher-usb-stick-metall-usb-flash-laufwerk-512gb-memory-stick-mit-schluesselring-fuer-laptop-pc-computer\\\/\",\"name\":\"Oalidar USB Stick 512GB Speicherstick USB 3.0 Wasserdichter Datenspeicher USB-Stick Metall USB-Flash-Laufwerk 512GB\u2026 - Markt-XXL\",\"isPartOf\":{\"@id\":\"https:\\\/\\\/marktxxl.de\\\/markt\\\/#website\"},\"primaryImageOfPage\":{\"@id\":\"https:\\\/\\\/marktxxl.de\\\/markt\\\/produkt\\\/oalidar-usb-stick-512gb-speicherstick-usb-3-0-wasserdichter-datenspeicher-usb-stick-metall-usb-flash-laufwerk-512gb-memory-stick-mit-schluesselring-fuer-laptop-pc-computer\\\/#primaryimage\"},\"image\":{\"@id\":\"https:\\\/\\\/marktxxl.de\\\/markt\\\/produkt\\\/oalidar-usb-stick-512gb-speicherstick-usb-3-0-wasserdichter-datenspeicher-usb-stick-metall-usb-flash-laufwerk-512gb-memory-stick-mit-schluesselring-fuer-laptop-pc-computer\\\/#primaryimage\"},\"thumbnailUrl\":\"https:\\\/\\\/m.media-amazon.com\\\/images\\\/I\\\/317V5u0xExL._SL500_.jpg\",\"datePublished\":\"2022-11-11T09:17:38+00:00\",\"dateModified\":\"2023-04-11T02:54:19+00:00\",\"description\":\"Markt-XXL Oalidar USB Stick 512GB Speicherstick USB 3.0 Wasserdichter Datenspeicher USB-Stick Metall USB-Flash-Laufwerk 512GB\u2026\",\"breadcrumb\":{\"@id\":\"https:\\\/\\\/marktxxl.de\\\/markt\\\/produkt\\\/oalidar-usb-stick-512gb-speicherstick-usb-3-0-wasserdichter-datenspeicher-usb-stick-metall-usb-flash-laufwerk-512gb-memory-stick-mit-schluesselring-fuer-laptop-pc-computer\\\/#breadcrumb\"},\"inLanguage\":\"de\",\"potentialAction\":[{\"@type\":\"ReadAction\",\"target\":[\"https:\\\/\\\/marktxxl.de\\\/markt\\\/produkt\\\/oalidar-usb-stick-512gb-speicherstick-usb-3-0-wasserdichter-datenspeicher-usb-stick-metall-usb-flash-laufwerk-512gb-memory-stick-mit-schluesselring-fuer-laptop-pc-computer\\\/\"]}]},{\"@type\":\"ImageObject\",\"inLanguage\":\"de\",\"@id\":\"https:\\\/\\\/marktxxl.de\\\/markt\\\/produkt\\\/oalidar-usb-stick-512gb-speicherstick-usb-3-0-wasserdichter-datenspeicher-usb-stick-metall-usb-flash-laufwerk-512gb-memory-stick-mit-schluesselring-fuer-laptop-pc-computer\\\/#primaryimage\",\"url\":\"https:\\\/\\\/m.media-amazon.com\\\/images\\\/I\\\/317V5u0xExL._SL500_.jpg\",\"contentUrl\":\"https:\\\/\\\/m.media-amazon.com\\\/images\\\/I\\\/317V5u0xExL._SL500_.jpg\",\"width\":500,\"height\":500},{\"@type\":\"BreadcrumbList\",\"@id\":\"https:\\\/\\\/marktxxl.de\\\/markt\\\/produkt\\\/oalidar-usb-stick-512gb-speicherstick-usb-3-0-wasserdichter-datenspeicher-usb-stick-metall-usb-flash-laufwerk-512gb-memory-stick-mit-schluesselring-fuer-laptop-pc-computer\\\/#breadcrumb\",\"itemListElement\":[{\"@type\":\"ListItem\",\"position\":1,\"name\":\"Startseite\",\"item\":\"https:\\\/\\\/marktxxl.de\\\/markt\\\/\"},{\"@type\":\"ListItem\",\"position\":2,\"name\":\"Markt\",\"item\":\"https:\\\/\\\/marktxxl.de\\\/markt\\\/\"},{\"@type\":\"ListItem\",\"position\":3,\"name\":\"Oalidar USB Stick 512GB Speicherstick USB 3.0 Wasserdichter Datenspeicher USB-Stick Metall USB-Flash-Laufwerk 512GB\u2026\"}]},{\"@type\":\"WebSite\",\"@id\":\"https:\\\/\\\/marktxxl.de\\\/markt\\\/#website\",\"url\":\"https:\\\/\\\/marktxxl.de\\\/markt\\\/\",\"name\":\"Markt-XXL\",\"description\":\"Ihr Markt Online\",\"publisher\":{\"@id\":\"https:\\\/\\\/marktxxl.de\\\/markt\\\/#organization\"},\"potentialAction\":[{\"@type\":\"SearchAction\",\"target\":{\"@type\":\"EntryPoint\",\"urlTemplate\":\"https:\\\/\\\/marktxxl.de\\\/markt\\\/?s={search_term_string}\"},\"query-input\":{\"@type\":\"PropertyValueSpecification\",\"valueRequired\":true,\"valueName\":\"search_term_string\"}}],\"inLanguage\":\"de\"},{\"@type\":\"Organization\",\"@id\":\"https:\\\/\\\/marktxxl.de\\\/markt\\\/#organization\",\"name\":\"Markt-XXL\",\"url\":\"https:\\\/\\\/marktxxl.de\\\/markt\\\/\",\"logo\":{\"@type\":\"ImageObject\",\"inLanguage\":\"de\",\"@id\":\"https:\\\/\\\/marktxxl.de\\\/markt\\\/#\\\/schema\\\/logo\\\/image\\\/\",\"url\":\"https:\\\/\\\/marktxxl.de\\\/markt\\\/wp-content\\\/uploads\\\/sites\\\/3\\\/2020\\\/12\\\/logo.png\",\"contentUrl\":\"https:\\\/\\\/marktxxl.de\\\/markt\\\/wp-content\\\/uploads\\\/sites\\\/3\\\/2020\\\/12\\\/logo.png\",\"width\":200,\"height\":70,\"caption\":\"Markt-XXL\"},\"image\":{\"@id\":\"https:\\\/\\\/marktxxl.de\\\/markt\\\/#\\\/schema\\\/logo\\\/image\\\/\"}}]}<\/script>\n<!-- \/ Yoast SEO plugin. -->","yoast_head_json":{"title":"Oalidar USB Stick 512GB Speicherstick USB 3.0 Wasserdichter Datenspeicher USB-Stick Metall USB-Flash-Laufwerk 512GB\u2026 - Markt-XXL","description":"Markt-XXL Oalidar USB Stick 512GB Speicherstick USB 3.0 Wasserdichter Datenspeicher USB-Stick Metall USB-Flash-Laufwerk 512GB\u2026","robots":{"index":"index","follow":"follow","max-snippet":"max-snippet:-1","max-image-preview":"max-image-preview:large","max-video-preview":"max-video-preview:-1"},"canonical":"https:\/\/marktxxl.de\/markt\/produkt\/oalidar-usb-stick-512gb-speicherstick-usb-3-0-wasserdichter-datenspeicher-usb-stick-metall-usb-flash-laufwerk-512gb-memory-stick-mit-schluesselring-fuer-laptop-pc-computer\/","og_locale":"de_DE","og_type":"article","og_title":"Oalidar USB Stick 512GB Speicherstick USB 3.0 Wasserdichter Datenspeicher USB-Stick Metall USB-Flash-Laufwerk 512GB\u2026 - Markt-XXL","og_description":"Markt-XXL Oalidar USB Stick 512GB Speicherstick USB 3.0 Wasserdichter Datenspeicher USB-Stick Metall USB-Flash-Laufwerk 512GB\u2026","og_url":"https:\/\/marktxxl.de\/markt\/produkt\/oalidar-usb-stick-512gb-speicherstick-usb-3-0-wasserdichter-datenspeicher-usb-stick-metall-usb-flash-laufwerk-512gb-memory-stick-mit-schluesselring-fuer-laptop-pc-computer\/","og_site_name":"Markt-XXL","article_modified_time":"2023-04-11T02:54:19+00:00","og_image":[{"width":500,"height":500,"url":"https:\/\/m.media-amazon.com\/images\/I\/317V5u0xExL._SL500_.jpg","type":"image\/jpeg"}],"twitter_card":"summary_large_image","twitter_misc":{"Gesch\u00e4tzte Lesezeit":"1\u00a0Minute"},"schema":{"@context":"https:\/\/schema.org","@graph":[{"@type":"WebPage","@id":"https:\/\/marktxxl.de\/markt\/produkt\/oalidar-usb-stick-512gb-speicherstick-usb-3-0-wasserdichter-datenspeicher-usb-stick-metall-usb-flash-laufwerk-512gb-memory-stick-mit-schluesselring-fuer-laptop-pc-computer\/","url":"https:\/\/marktxxl.de\/markt\/produkt\/oalidar-usb-stick-512gb-speicherstick-usb-3-0-wasserdichter-datenspeicher-usb-stick-metall-usb-flash-laufwerk-512gb-memory-stick-mit-schluesselring-fuer-laptop-pc-computer\/","name":"Oalidar USB Stick 512GB Speicherstick USB 3.0 Wasserdichter Datenspeicher USB-Stick Metall USB-Flash-Laufwerk 512GB\u2026 - Markt-XXL","isPartOf":{"@id":"https:\/\/marktxxl.de\/markt\/#website"},"primaryImageOfPage":{"@id":"https:\/\/marktxxl.de\/markt\/produkt\/oalidar-usb-stick-512gb-speicherstick-usb-3-0-wasserdichter-datenspeicher-usb-stick-metall-usb-flash-laufwerk-512gb-memory-stick-mit-schluesselring-fuer-laptop-pc-computer\/#primaryimage"},"image":{"@id":"https:\/\/marktxxl.de\/markt\/produkt\/oalidar-usb-stick-512gb-speicherstick-usb-3-0-wasserdichter-datenspeicher-usb-stick-metall-usb-flash-laufwerk-512gb-memory-stick-mit-schluesselring-fuer-laptop-pc-computer\/#primaryimage"},"thumbnailUrl":"https:\/\/m.media-amazon.com\/images\/I\/317V5u0xExL._SL500_.jpg","datePublished":"2022-11-11T09:17:38+00:00","dateModified":"2023-04-11T02:54:19+00:00","description":"Markt-XXL Oalidar USB Stick 512GB Speicherstick USB 3.0 Wasserdichter Datenspeicher USB-Stick Metall USB-Flash-Laufwerk 512GB\u2026","breadcrumb":{"@id":"https:\/\/marktxxl.de\/markt\/produkt\/oalidar-usb-stick-512gb-speicherstick-usb-3-0-wasserdichter-datenspeicher-usb-stick-metall-usb-flash-laufwerk-512gb-memory-stick-mit-schluesselring-fuer-laptop-pc-computer\/#breadcrumb"},"inLanguage":"de","potentialAction":[{"@type":"ReadAction","target":["https:\/\/marktxxl.de\/markt\/produkt\/oalidar-usb-stick-512gb-speicherstick-usb-3-0-wasserdichter-datenspeicher-usb-stick-metall-usb-flash-laufwerk-512gb-memory-stick-mit-schluesselring-fuer-laptop-pc-computer\/"]}]},{"@type":"ImageObject","inLanguage":"de","@id":"https:\/\/marktxxl.de\/markt\/produkt\/oalidar-usb-stick-512gb-speicherstick-usb-3-0-wasserdichter-datenspeicher-usb-stick-metall-usb-flash-laufwerk-512gb-memory-stick-mit-schluesselring-fuer-laptop-pc-computer\/#primaryimage","url":"https:\/\/m.media-amazon.com\/images\/I\/317V5u0xExL._SL500_.jpg","contentUrl":"https:\/\/m.media-amazon.com\/images\/I\/317V5u0xExL._SL500_.jpg","width":500,"height":500},{"@type":"BreadcrumbList","@id":"https:\/\/marktxxl.de\/markt\/produkt\/oalidar-usb-stick-512gb-speicherstick-usb-3-0-wasserdichter-datenspeicher-usb-stick-metall-usb-flash-laufwerk-512gb-memory-stick-mit-schluesselring-fuer-laptop-pc-computer\/#breadcrumb","itemListElement":[{"@type":"ListItem","position":1,"name":"Startseite","item":"https:\/\/marktxxl.de\/markt\/"},{"@type":"ListItem","position":2,"name":"Markt","item":"https:\/\/marktxxl.de\/markt\/"},{"@type":"ListItem","position":3,"name":"Oalidar USB Stick 512GB Speicherstick USB 3.0 Wasserdichter Datenspeicher USB-Stick Metall USB-Flash-Laufwerk 512GB\u2026"}]},{"@type":"WebSite","@id":"https:\/\/marktxxl.de\/markt\/#website","url":"https:\/\/marktxxl.de\/markt\/","name":"Markt-XXL","description":"Ihr Markt Online","publisher":{"@id":"https:\/\/marktxxl.de\/markt\/#organization"},"potentialAction":[{"@type":"SearchAction","target":{"@type":"EntryPoint","urlTemplate":"https:\/\/marktxxl.de\/markt\/?s={search_term_string}"},"query-input":{"@type":"PropertyValueSpecification","valueRequired":true,"valueName":"search_term_string"}}],"inLanguage":"de"},{"@type":"Organization","@id":"https:\/\/marktxxl.de\/markt\/#organization","name":"Markt-XXL","url":"https:\/\/marktxxl.de\/markt\/","logo":{"@type":"ImageObject","inLanguage":"de","@id":"https:\/\/marktxxl.de\/markt\/#\/schema\/logo\/image\/","url":"https:\/\/marktxxl.de\/markt\/wp-content\/uploads\/sites\/3\/2020\/12\/logo.png","contentUrl":"https:\/\/marktxxl.de\/markt\/wp-content\/uploads\/sites\/3\/2020\/12\/logo.png","width":200,"height":70,"caption":"Markt-XXL"},"image":{"@id":"https:\/\/marktxxl.de\/markt\/#\/schema\/logo\/image\/"}}]}},"_links":{"self":[{"href":"https:\/\/marktxxl.de\/markt\/wp-json\/wp\/v2\/product\/168270","targetHints":{"allow":["GET"]}}],"collection":[{"href":"https:\/\/marktxxl.de\/markt\/wp-json\/wp\/v2\/product"}],"about":[{"href":"https:\/\/marktxxl.de\/markt\/wp-json\/wp\/v2\/types\/product"}],"replies":[{"embeddable":true,"href":"https:\/\/marktxxl.de\/markt\/wp-json\/wp\/v2\/comments?post=168270"}],"wp:featuredmedia":[{"embeddable":true,"href":"https:\/\/marktxxl.de\/markt\/wp-json\/wp\/v2\/media\/168271"}],"wp:attachment":[{"href":"https:\/\/marktxxl.de\/markt\/wp-json\/wp\/v2\/media?parent=168270"}],"wp:term":[{"taxonomy":"product_brand","embeddable":true,"href":"https:\/\/marktxxl.de\/markt\/wp-json\/wp\/v2\/product_brand?post=168270"},{"taxonomy":"product_cat","embeddable":true,"href":"https:\/\/marktxxl.de\/markt\/wp-json\/wp\/v2\/product_cat?post=168270"},{"taxonomy":"product_tag","embeddable":true,"href":"https:\/\/marktxxl.de\/markt\/wp-json\/wp\/v2\/product_tag?post=168270"}],"curies":[{"name":"wp","href":"https:\/\/api.w.org\/{rel}","templated":true}]}}