{"id":168226,"date":"2022-11-11T10:16:37","date_gmt":"2022-11-11T09:16:37","guid":{"rendered":"https:\/\/marktxxl.de\/markt\/produkt\/generic-44-zoll-lcd-schreibtafel-elektronische-maltafel-display-doodle-malen-board-mit-anti-clearance-funktion-und-dicke-linien-stift-papierlos-fuer-kinder\/"},"modified":"2023-04-11T04:54:18","modified_gmt":"2023-04-11T02:54:18","slug":"generic-44-zoll-lcd-schreibtafel-elektronische-maltafel-display-doodle-malen-board-mit-anti-clearance-funktion-und-dicke-linien-stift-papierlos-fuer-kinder","status":"publish","type":"product","link":"https:\/\/marktxxl.de\/markt\/produkt\/generic-44-zoll-lcd-schreibtafel-elektronische-maltafel-display-doodle-malen-board-mit-anti-clearance-funktion-und-dicke-linien-stift-papierlos-fuer-kinder\/","title":{"rendered":"Generic 4,4-Zoll LCD Schreibtafel Elektronische Maltafel Display Doodle Malen Board mit Anti-Clearance Funktion und\u2026"},"content":{"rendered":"<p>Das beste Geschenk: Mit einem LCD-Schreibtafel k\u00f6nnen Kinder jederzeit und \u00fcberall ihre nat\u00fcrlichen Instinkte frei loslassen, Malerei, Z\u00e4hlen und Rechtschreibworte genie\u00dfen.Elektronische Schreibtafel ist ein wesentlicher Bestandteil Ihrer Geschenkliste.<br \/>\nHervorragende Technologie: Die druckempfindliche LCD-Schreibfl\u00e4che des Tablets erzeugt je nach Druckkraft unterschiedlich dicke Linien, genau wie das Schreiben mit einem Stift auf Papier.<br \/>\nSicher und tragbar: Das 4.4-Zoll-Zeichenbrett erleichtert das Herausnehmen \u00fcberall. Die LCD-Zeichentafel besteht aus freundlichen Materialien und kann sicher in Schulen und an allen Orten in H\u00e4usern, B\u00fcros und Autos verwendet werden.<br \/>\nUmweltfreundlich und langlebig: Das Zeichentafel f\u00fcr Kinder ist wie ein endloses St\u00fcck Papier!Es kann wiederholt gel\u00f6scht werden,wodurch jedes Jahr mindestens 10.000 Blatt Papier eingespart werden.Das Schreibtafel kann lange arbeiten und verf\u00fcgt \u00fcber eine eingebaute versiegelte Knopfbatterie (austauschbar).<br \/>\nAugen sch\u00fctzen: Der LCD-Bildschirm hat keine Strahlung, keine Blendung, sch\u00fctzt die Augen und Die langfristige Verwendung von LCD-Zeichenbrettern f\u00fcr Kinder ist sicherer und komfortabler.<br \/>\n<div class=\"main-cross-sell\" data-asin=\"B0BLTXQCXC\">\n\n\t<div class=\"WooZone-cross-sell-loader\">\n\t\t<div>\n\t\t\t<div id=\"floatingBarsG\">\n\t\t\t\t<div class=\"blockG\" id=\"rotateG_01\"><\/div>\n\t\t\t\t<div class=\"blockG\" id=\"rotateG_02\"><\/div>\n\t\t\t\t<div class=\"blockG\" id=\"rotateG_03\"><\/div>\n\t\t\t\t<div class=\"blockG\" id=\"rotateG_04\"><\/div>\n\t\t\t\t<div class=\"blockG\" id=\"rotateG_05\"><\/div>\n\t\t\t\t<div class=\"blockG\" id=\"rotateG_06\"><\/div>\n\t\t\t\t<div class=\"blockG\" id=\"rotateG_07\"><\/div>\n\t\t\t\t<div class=\"blockG\" id=\"rotateG_08\"><\/div>\n\t\t\t<\/div>\n\t\t\t<div class=\"WooZone-cross-sell-loader-text\"><\/div>\n\t\t<\/div>\n\t<\/div>\n\n\t\t\n<\/div>\n<div style=\"clear:both;\"><\/div><\/p>\n","protected":false},"excerpt":{"rendered":"<p>Das beste Geschenk: Mit einem LCD-Schreibtafel k\u00f6nnen Kinder jederzeit und \u00fcberall ihre nat\u00fcrlichen Instinkte frei loslassen, Malerei, Z\u00e4hlen und Rechtschreibworte genie\u00dfen.Elektronische Schreibtafel ist ein wesentlicher Bestandteil Ihrer Geschenkliste.<br \/>\nHervorragende Technologie: Die druckempfindliche LCD-Schreibfl\u00e4che des Tablets erzeugt je nach Druckkraft unterschiedlich dicke Linien, genau wie das Schreiben mit einem Stift auf Papier.<br \/>\nSicher und tragbar: Das 4.4-Zoll-Zeichenbrett erleichtert das Herausnehmen \u00fcberall. Die LCD-Zeichentafel besteht aus freundlichen Materialien und kann sicher in Schulen und an allen Orten in H\u00e4usern, B\u00fcros und Autos verwendet werden.<\/p>\n","protected":false},"featured_media":168227,"comment_status":"open","ping_status":"closed","template":"","meta":[],"product_brand":[],"product_cat":[863],"product_tag":[],"class_list":{"0":"post-168226","1":"product","2":"type-product","3":"status-publish","4":"has-post-thumbnail","6":"product_cat-computer-zubehoer","7":"pa_binding-haushaltswaren","8":"pa_brand-generic","9":"pa_color-wie-gezeigt","10":"pa_manufacturer-generic","11":"pa_size-einheitsgroesse","13":"first","14":"instock","15":"shipping-taxable","16":"purchasable","17":"product-type-simple","18":"customify-col","19":"product-has-gallery"},"yoast_head":"<!-- This site is optimized with the Yoast SEO plugin v27.4 - https:\/\/yoast.com\/product\/yoast-seo-wordpress\/ -->\n<title>Generic 4,4-Zoll LCD Schreibtafel Elektronische Maltafel Display Doodle Malen Board mit Anti-Clearance Funktion und\u2026 - Markt-XXL<\/title>\n<meta name=\"description\" content=\"Markt-XXL Generic 4,4-Zoll LCD Schreibtafel Elektronische Maltafel Display Doodle Malen Board mit Anti-Clearance Funktion und\u2026\" \/>\n<meta name=\"robots\" content=\"index, follow, max-snippet:-1, max-image-preview:large, max-video-preview:-1\" \/>\n<link rel=\"canonical\" href=\"https:\/\/marktxxl.de\/markt\/produkt\/generic-44-zoll-lcd-schreibtafel-elektronische-maltafel-display-doodle-malen-board-mit-anti-clearance-funktion-und-dicke-linien-stift-papierlos-fuer-kinder\/\" \/>\n<meta property=\"og:locale\" content=\"de_DE\" \/>\n<meta property=\"og:type\" content=\"article\" \/>\n<meta property=\"og:title\" content=\"Generic 4,4-Zoll LCD Schreibtafel Elektronische Maltafel Display Doodle Malen Board mit Anti-Clearance Funktion und\u2026 - Markt-XXL\" \/>\n<meta property=\"og:description\" content=\"Markt-XXL Generic 4,4-Zoll LCD Schreibtafel Elektronische Maltafel Display Doodle Malen Board mit Anti-Clearance Funktion und\u2026\" \/>\n<meta property=\"og:url\" content=\"https:\/\/marktxxl.de\/markt\/produkt\/generic-44-zoll-lcd-schreibtafel-elektronische-maltafel-display-doodle-malen-board-mit-anti-clearance-funktion-und-dicke-linien-stift-papierlos-fuer-kinder\/\" \/>\n<meta property=\"og:site_name\" content=\"Markt-XXL\" \/>\n<meta property=\"article:modified_time\" content=\"2023-04-11T02:54:18+00:00\" \/>\n<meta property=\"og:image\" content=\"https:\/\/m.media-amazon.com\/images\/I\/31PFa1BnAWL._SL500_.jpg\" \/>\n\t<meta property=\"og:image:width\" content=\"500\" \/>\n\t<meta property=\"og:image:height\" content=\"500\" \/>\n\t<meta property=\"og:image:type\" content=\"image\/jpeg\" \/>\n<meta name=\"twitter:card\" content=\"summary_large_image\" \/>\n<meta name=\"twitter:label1\" content=\"Gesch\u00e4tzte Lesezeit\" \/>\n\t<meta name=\"twitter:data1\" content=\"1\u00a0Minute\" \/>\n<script type=\"application\/ld+json\" class=\"yoast-schema-graph\">{\"@context\":\"https:\\\/\\\/schema.org\",\"@graph\":[{\"@type\":\"WebPage\",\"@id\":\"https:\\\/\\\/marktxxl.de\\\/markt\\\/produkt\\\/generic-44-zoll-lcd-schreibtafel-elektronische-maltafel-display-doodle-malen-board-mit-anti-clearance-funktion-und-dicke-linien-stift-papierlos-fuer-kinder\\\/\",\"url\":\"https:\\\/\\\/marktxxl.de\\\/markt\\\/produkt\\\/generic-44-zoll-lcd-schreibtafel-elektronische-maltafel-display-doodle-malen-board-mit-anti-clearance-funktion-und-dicke-linien-stift-papierlos-fuer-kinder\\\/\",\"name\":\"Generic 4,4-Zoll LCD Schreibtafel Elektronische Maltafel Display Doodle Malen Board mit Anti-Clearance Funktion und\u2026 - Markt-XXL\",\"isPartOf\":{\"@id\":\"https:\\\/\\\/marktxxl.de\\\/markt\\\/#website\"},\"primaryImageOfPage\":{\"@id\":\"https:\\\/\\\/marktxxl.de\\\/markt\\\/produkt\\\/generic-44-zoll-lcd-schreibtafel-elektronische-maltafel-display-doodle-malen-board-mit-anti-clearance-funktion-und-dicke-linien-stift-papierlos-fuer-kinder\\\/#primaryimage\"},\"image\":{\"@id\":\"https:\\\/\\\/marktxxl.de\\\/markt\\\/produkt\\\/generic-44-zoll-lcd-schreibtafel-elektronische-maltafel-display-doodle-malen-board-mit-anti-clearance-funktion-und-dicke-linien-stift-papierlos-fuer-kinder\\\/#primaryimage\"},\"thumbnailUrl\":\"https:\\\/\\\/m.media-amazon.com\\\/images\\\/I\\\/31PFa1BnAWL._SL500_.jpg\",\"datePublished\":\"2022-11-11T09:16:37+00:00\",\"dateModified\":\"2023-04-11T02:54:18+00:00\",\"description\":\"Markt-XXL Generic 4,4-Zoll LCD Schreibtafel Elektronische Maltafel Display Doodle Malen Board mit Anti-Clearance Funktion und\u2026\",\"breadcrumb\":{\"@id\":\"https:\\\/\\\/marktxxl.de\\\/markt\\\/produkt\\\/generic-44-zoll-lcd-schreibtafel-elektronische-maltafel-display-doodle-malen-board-mit-anti-clearance-funktion-und-dicke-linien-stift-papierlos-fuer-kinder\\\/#breadcrumb\"},\"inLanguage\":\"de\",\"potentialAction\":[{\"@type\":\"ReadAction\",\"target\":[\"https:\\\/\\\/marktxxl.de\\\/markt\\\/produkt\\\/generic-44-zoll-lcd-schreibtafel-elektronische-maltafel-display-doodle-malen-board-mit-anti-clearance-funktion-und-dicke-linien-stift-papierlos-fuer-kinder\\\/\"]}]},{\"@type\":\"ImageObject\",\"inLanguage\":\"de\",\"@id\":\"https:\\\/\\\/marktxxl.de\\\/markt\\\/produkt\\\/generic-44-zoll-lcd-schreibtafel-elektronische-maltafel-display-doodle-malen-board-mit-anti-clearance-funktion-und-dicke-linien-stift-papierlos-fuer-kinder\\\/#primaryimage\",\"url\":\"https:\\\/\\\/m.media-amazon.com\\\/images\\\/I\\\/31PFa1BnAWL._SL500_.jpg\",\"contentUrl\":\"https:\\\/\\\/m.media-amazon.com\\\/images\\\/I\\\/31PFa1BnAWL._SL500_.jpg\",\"width\":500,\"height\":500},{\"@type\":\"BreadcrumbList\",\"@id\":\"https:\\\/\\\/marktxxl.de\\\/markt\\\/produkt\\\/generic-44-zoll-lcd-schreibtafel-elektronische-maltafel-display-doodle-malen-board-mit-anti-clearance-funktion-und-dicke-linien-stift-papierlos-fuer-kinder\\\/#breadcrumb\",\"itemListElement\":[{\"@type\":\"ListItem\",\"position\":1,\"name\":\"Startseite\",\"item\":\"https:\\\/\\\/marktxxl.de\\\/markt\\\/\"},{\"@type\":\"ListItem\",\"position\":2,\"name\":\"Markt\",\"item\":\"https:\\\/\\\/marktxxl.de\\\/markt\\\/\"},{\"@type\":\"ListItem\",\"position\":3,\"name\":\"Generic 4,4-Zoll LCD Schreibtafel Elektronische Maltafel Display Doodle Malen Board mit Anti-Clearance Funktion und\u2026\"}]},{\"@type\":\"WebSite\",\"@id\":\"https:\\\/\\\/marktxxl.de\\\/markt\\\/#website\",\"url\":\"https:\\\/\\\/marktxxl.de\\\/markt\\\/\",\"name\":\"Markt-XXL\",\"description\":\"Ihr Markt Online\",\"publisher\":{\"@id\":\"https:\\\/\\\/marktxxl.de\\\/markt\\\/#organization\"},\"potentialAction\":[{\"@type\":\"SearchAction\",\"target\":{\"@type\":\"EntryPoint\",\"urlTemplate\":\"https:\\\/\\\/marktxxl.de\\\/markt\\\/?s={search_term_string}\"},\"query-input\":{\"@type\":\"PropertyValueSpecification\",\"valueRequired\":true,\"valueName\":\"search_term_string\"}}],\"inLanguage\":\"de\"},{\"@type\":\"Organization\",\"@id\":\"https:\\\/\\\/marktxxl.de\\\/markt\\\/#organization\",\"name\":\"Markt-XXL\",\"url\":\"https:\\\/\\\/marktxxl.de\\\/markt\\\/\",\"logo\":{\"@type\":\"ImageObject\",\"inLanguage\":\"de\",\"@id\":\"https:\\\/\\\/marktxxl.de\\\/markt\\\/#\\\/schema\\\/logo\\\/image\\\/\",\"url\":\"https:\\\/\\\/marktxxl.de\\\/markt\\\/wp-content\\\/uploads\\\/sites\\\/3\\\/2020\\\/12\\\/logo.png\",\"contentUrl\":\"https:\\\/\\\/marktxxl.de\\\/markt\\\/wp-content\\\/uploads\\\/sites\\\/3\\\/2020\\\/12\\\/logo.png\",\"width\":200,\"height\":70,\"caption\":\"Markt-XXL\"},\"image\":{\"@id\":\"https:\\\/\\\/marktxxl.de\\\/markt\\\/#\\\/schema\\\/logo\\\/image\\\/\"}}]}<\/script>\n<!-- \/ Yoast SEO plugin. -->","yoast_head_json":{"title":"Generic 4,4-Zoll LCD Schreibtafel Elektronische Maltafel Display Doodle Malen Board mit Anti-Clearance Funktion und\u2026 - Markt-XXL","description":"Markt-XXL Generic 4,4-Zoll LCD Schreibtafel Elektronische Maltafel Display Doodle Malen Board mit Anti-Clearance Funktion und\u2026","robots":{"index":"index","follow":"follow","max-snippet":"max-snippet:-1","max-image-preview":"max-image-preview:large","max-video-preview":"max-video-preview:-1"},"canonical":"https:\/\/marktxxl.de\/markt\/produkt\/generic-44-zoll-lcd-schreibtafel-elektronische-maltafel-display-doodle-malen-board-mit-anti-clearance-funktion-und-dicke-linien-stift-papierlos-fuer-kinder\/","og_locale":"de_DE","og_type":"article","og_title":"Generic 4,4-Zoll LCD Schreibtafel Elektronische Maltafel Display Doodle Malen Board mit Anti-Clearance Funktion und\u2026 - Markt-XXL","og_description":"Markt-XXL Generic 4,4-Zoll LCD Schreibtafel Elektronische Maltafel Display Doodle Malen Board mit Anti-Clearance Funktion und\u2026","og_url":"https:\/\/marktxxl.de\/markt\/produkt\/generic-44-zoll-lcd-schreibtafel-elektronische-maltafel-display-doodle-malen-board-mit-anti-clearance-funktion-und-dicke-linien-stift-papierlos-fuer-kinder\/","og_site_name":"Markt-XXL","article_modified_time":"2023-04-11T02:54:18+00:00","og_image":[{"width":500,"height":500,"url":"https:\/\/m.media-amazon.com\/images\/I\/31PFa1BnAWL._SL500_.jpg","type":"image\/jpeg"}],"twitter_card":"summary_large_image","twitter_misc":{"Gesch\u00e4tzte Lesezeit":"1\u00a0Minute"},"schema":{"@context":"https:\/\/schema.org","@graph":[{"@type":"WebPage","@id":"https:\/\/marktxxl.de\/markt\/produkt\/generic-44-zoll-lcd-schreibtafel-elektronische-maltafel-display-doodle-malen-board-mit-anti-clearance-funktion-und-dicke-linien-stift-papierlos-fuer-kinder\/","url":"https:\/\/marktxxl.de\/markt\/produkt\/generic-44-zoll-lcd-schreibtafel-elektronische-maltafel-display-doodle-malen-board-mit-anti-clearance-funktion-und-dicke-linien-stift-papierlos-fuer-kinder\/","name":"Generic 4,4-Zoll LCD Schreibtafel Elektronische Maltafel Display Doodle Malen Board mit Anti-Clearance Funktion und\u2026 - Markt-XXL","isPartOf":{"@id":"https:\/\/marktxxl.de\/markt\/#website"},"primaryImageOfPage":{"@id":"https:\/\/marktxxl.de\/markt\/produkt\/generic-44-zoll-lcd-schreibtafel-elektronische-maltafel-display-doodle-malen-board-mit-anti-clearance-funktion-und-dicke-linien-stift-papierlos-fuer-kinder\/#primaryimage"},"image":{"@id":"https:\/\/marktxxl.de\/markt\/produkt\/generic-44-zoll-lcd-schreibtafel-elektronische-maltafel-display-doodle-malen-board-mit-anti-clearance-funktion-und-dicke-linien-stift-papierlos-fuer-kinder\/#primaryimage"},"thumbnailUrl":"https:\/\/m.media-amazon.com\/images\/I\/31PFa1BnAWL._SL500_.jpg","datePublished":"2022-11-11T09:16:37+00:00","dateModified":"2023-04-11T02:54:18+00:00","description":"Markt-XXL Generic 4,4-Zoll LCD Schreibtafel Elektronische Maltafel Display Doodle Malen Board mit Anti-Clearance Funktion und\u2026","breadcrumb":{"@id":"https:\/\/marktxxl.de\/markt\/produkt\/generic-44-zoll-lcd-schreibtafel-elektronische-maltafel-display-doodle-malen-board-mit-anti-clearance-funktion-und-dicke-linien-stift-papierlos-fuer-kinder\/#breadcrumb"},"inLanguage":"de","potentialAction":[{"@type":"ReadAction","target":["https:\/\/marktxxl.de\/markt\/produkt\/generic-44-zoll-lcd-schreibtafel-elektronische-maltafel-display-doodle-malen-board-mit-anti-clearance-funktion-und-dicke-linien-stift-papierlos-fuer-kinder\/"]}]},{"@type":"ImageObject","inLanguage":"de","@id":"https:\/\/marktxxl.de\/markt\/produkt\/generic-44-zoll-lcd-schreibtafel-elektronische-maltafel-display-doodle-malen-board-mit-anti-clearance-funktion-und-dicke-linien-stift-papierlos-fuer-kinder\/#primaryimage","url":"https:\/\/m.media-amazon.com\/images\/I\/31PFa1BnAWL._SL500_.jpg","contentUrl":"https:\/\/m.media-amazon.com\/images\/I\/31PFa1BnAWL._SL500_.jpg","width":500,"height":500},{"@type":"BreadcrumbList","@id":"https:\/\/marktxxl.de\/markt\/produkt\/generic-44-zoll-lcd-schreibtafel-elektronische-maltafel-display-doodle-malen-board-mit-anti-clearance-funktion-und-dicke-linien-stift-papierlos-fuer-kinder\/#breadcrumb","itemListElement":[{"@type":"ListItem","position":1,"name":"Startseite","item":"https:\/\/marktxxl.de\/markt\/"},{"@type":"ListItem","position":2,"name":"Markt","item":"https:\/\/marktxxl.de\/markt\/"},{"@type":"ListItem","position":3,"name":"Generic 4,4-Zoll LCD Schreibtafel Elektronische Maltafel Display Doodle Malen Board mit Anti-Clearance Funktion und\u2026"}]},{"@type":"WebSite","@id":"https:\/\/marktxxl.de\/markt\/#website","url":"https:\/\/marktxxl.de\/markt\/","name":"Markt-XXL","description":"Ihr Markt Online","publisher":{"@id":"https:\/\/marktxxl.de\/markt\/#organization"},"potentialAction":[{"@type":"SearchAction","target":{"@type":"EntryPoint","urlTemplate":"https:\/\/marktxxl.de\/markt\/?s={search_term_string}"},"query-input":{"@type":"PropertyValueSpecification","valueRequired":true,"valueName":"search_term_string"}}],"inLanguage":"de"},{"@type":"Organization","@id":"https:\/\/marktxxl.de\/markt\/#organization","name":"Markt-XXL","url":"https:\/\/marktxxl.de\/markt\/","logo":{"@type":"ImageObject","inLanguage":"de","@id":"https:\/\/marktxxl.de\/markt\/#\/schema\/logo\/image\/","url":"https:\/\/marktxxl.de\/markt\/wp-content\/uploads\/sites\/3\/2020\/12\/logo.png","contentUrl":"https:\/\/marktxxl.de\/markt\/wp-content\/uploads\/sites\/3\/2020\/12\/logo.png","width":200,"height":70,"caption":"Markt-XXL"},"image":{"@id":"https:\/\/marktxxl.de\/markt\/#\/schema\/logo\/image\/"}}]}},"_links":{"self":[{"href":"https:\/\/marktxxl.de\/markt\/wp-json\/wp\/v2\/product\/168226","targetHints":{"allow":["GET"]}}],"collection":[{"href":"https:\/\/marktxxl.de\/markt\/wp-json\/wp\/v2\/product"}],"about":[{"href":"https:\/\/marktxxl.de\/markt\/wp-json\/wp\/v2\/types\/product"}],"replies":[{"embeddable":true,"href":"https:\/\/marktxxl.de\/markt\/wp-json\/wp\/v2\/comments?post=168226"}],"wp:featuredmedia":[{"embeddable":true,"href":"https:\/\/marktxxl.de\/markt\/wp-json\/wp\/v2\/media\/168227"}],"wp:attachment":[{"href":"https:\/\/marktxxl.de\/markt\/wp-json\/wp\/v2\/media?parent=168226"}],"wp:term":[{"taxonomy":"product_brand","embeddable":true,"href":"https:\/\/marktxxl.de\/markt\/wp-json\/wp\/v2\/product_brand?post=168226"},{"taxonomy":"product_cat","embeddable":true,"href":"https:\/\/marktxxl.de\/markt\/wp-json\/wp\/v2\/product_cat?post=168226"},{"taxonomy":"product_tag","embeddable":true,"href":"https:\/\/marktxxl.de\/markt\/wp-json\/wp\/v2\/product_tag?post=168226"}],"curies":[{"name":"wp","href":"https:\/\/api.w.org\/{rel}","templated":true}]}}