{"id":168055,"date":"2022-11-11T10:08:26","date_gmt":"2022-11-11T09:08:26","guid":{"rendered":"https:\/\/marktxxl.de\/markt\/produkt\/youngever-5800-belohnungsaufkleber-motivationsaufkleber\/"},"modified":"2023-04-11T04:54:16","modified_gmt":"2023-04-11T02:54:16","slug":"youngever-5800-belohnungsaufkleber-motivationsaufkleber","status":"publish","type":"product","link":"https:\/\/marktxxl.de\/markt\/produkt\/youngever-5800-belohnungsaufkleber-motivationsaufkleber\/","title":{"rendered":"Youngever 5800 Belohnungsaufkleber, Motivationsaufkleber"},"content":{"rendered":"<p>Belohnungsaufkleber Mega-Vorteilspack \u00e2\u20ac\u201c 5800 Lehrer-Aufkleber. 20% MEHR als andere. Eine GIGANTIC Zahl von Aufklebern ist am besten geeignet, um Ihre Sch\u00fcler jeden Alters zu belohnen, zu loben, zu f\u00f6rdern, zu verdienen und zu motivieren. Ideal f\u00fcr die Verwendung in Diagrammen, Berichten, Karten, Zertifikaten und mehr.<br \/>\nEinzigartiges Design und verschiedene Farben \u00e2\u20ac\u201c 10 St\u00fcck 18 B\u00f6gen im einzigartigen Design-Stil, 93 einzigartige Designs, einschlie\u00c3\u0178lich Emojis, Smiley-Gesichter, Smiley-Herzen, Super-Sterne, Smiley-\u00c3\u201epfel, Smiley-Eulen, Regenbogen-Sterne, Herzen, 3D-Sterne, 3D-Herzen, gute Jobs, Smiley-Blumen, Smiley-Cupcakes, Stifte.<br \/>\nGut verpackt \u00e2\u20ac\u201c alle Aufkleber werden in einer hellen farbigen Box geliefert. Es hilft, Aufkleber sauber und organisiert zu halten.<br \/>\nTolles Geschenk \u00e2\u20ac\u201c ein tolles Geschenk f\u00fcr Lehrer und Eltern. Perfekte Gr\u00f6\u00c3\u0178e: Die Aufkleber reichen in der Gr\u00f6\u00c3\u0178e von 1,3 cm bis 2,2 cm.<br \/>\nInternational products have separate terms, are sold from abroad and may differ from local products, including fit, age ratings, and language of product, labeling or instructions.<br \/>\n<div class=\"main-cross-sell\" data-asin=\"B079SSQVML\">\n\n\t<div class=\"WooZone-cross-sell-loader\">\n\t\t<div>\n\t\t\t<div id=\"floatingBarsG\">\n\t\t\t\t<div class=\"blockG\" id=\"rotateG_01\"><\/div>\n\t\t\t\t<div class=\"blockG\" id=\"rotateG_02\"><\/div>\n\t\t\t\t<div class=\"blockG\" id=\"rotateG_03\"><\/div>\n\t\t\t\t<div class=\"blockG\" id=\"rotateG_04\"><\/div>\n\t\t\t\t<div class=\"blockG\" id=\"rotateG_05\"><\/div>\n\t\t\t\t<div class=\"blockG\" id=\"rotateG_06\"><\/div>\n\t\t\t\t<div class=\"blockG\" id=\"rotateG_07\"><\/div>\n\t\t\t\t<div class=\"blockG\" id=\"rotateG_08\"><\/div>\n\t\t\t<\/div>\n\t\t\t<div class=\"WooZone-cross-sell-loader-text\"><\/div>\n\t\t<\/div>\n\t<\/div>\n\n\t\t\n<\/div>\n<div style=\"clear:both;\"><\/div><\/p>\n","protected":false},"excerpt":{"rendered":"<p>Belohnungsaufkleber Mega-Vorteilspack \u00e2\u20ac\u201c 5800 Lehrer-Aufkleber. 20% MEHR als andere. Eine GIGANTIC Zahl von Aufklebern ist am besten geeignet, um Ihre Sch\u00fcler jeden Alters zu belohnen, zu loben, zu f\u00f6rdern, zu verdienen und zu motivieren. Ideal f\u00fcr die Verwendung in Diagrammen, Berichten, Karten, Zertifikaten und mehr.<br \/>\nEinzigartiges Design und verschiedene Farben \u00e2\u20ac\u201c 10 St\u00fcck 18 B\u00f6gen im einzigartigen Design-Stil, 93 einzigartige Designs, einschlie\u00c3\u0178lich Emojis, Smiley-Gesichter, Smiley-Herzen, Super-Sterne, Smiley-\u00c3\u201epfel, Smiley-Eulen, Regenbogen-Sterne, Herzen, 3D-Sterne, 3D-Herzen, gute Jobs, Smiley-Blumen, Smiley-Cupcakes, Stifte.<br \/>\nGut verpackt \u00e2\u20ac\u201c alle Aufkleber werden in einer hellen farbigen Box geliefert. Es hilft, Aufkleber sauber und organisiert zu halten.<\/p>\n","protected":false},"featured_media":168056,"comment_status":"open","ping_status":"closed","template":"","meta":[],"product_brand":[],"product_cat":[504,8631],"product_tag":[],"class_list":{"0":"post-168055","1":"product","2":"type-product","3":"status-publish","4":"has-post-thumbnail","6":"product_cat-buerobedarf-schreibwaren","7":"product_cat-schul-unibedarf","8":"pa_binding-buerobedarf-schreibwaren","9":"pa_brand-youngever","10":"pa_manufacturer-youngever-llc","12":"first","13":"instock","14":"shipping-taxable","15":"purchasable","16":"product-type-simple","17":"customify-col","18":"product-has-gallery"},"yoast_head":"<!-- This site is optimized with the Yoast SEO plugin v27.3 - https:\/\/yoast.com\/product\/yoast-seo-wordpress\/ -->\n<title>Youngever 5800 Belohnungsaufkleber, Motivationsaufkleber - Markt-XXL<\/title>\n<meta name=\"description\" content=\"Markt-XXL Youngever 5800 Belohnungsaufkleber, Motivationsaufkleber\" \/>\n<meta name=\"robots\" content=\"index, follow, max-snippet:-1, max-image-preview:large, max-video-preview:-1\" \/>\n<link rel=\"canonical\" href=\"https:\/\/marktxxl.de\/markt\/produkt\/youngever-5800-belohnungsaufkleber-motivationsaufkleber\/\" \/>\n<meta property=\"og:locale\" content=\"de_DE\" \/>\n<meta property=\"og:type\" content=\"article\" \/>\n<meta property=\"og:title\" content=\"Youngever 5800 Belohnungsaufkleber, Motivationsaufkleber - Markt-XXL\" \/>\n<meta property=\"og:description\" content=\"Markt-XXL Youngever 5800 Belohnungsaufkleber, Motivationsaufkleber\" \/>\n<meta property=\"og:url\" content=\"https:\/\/marktxxl.de\/markt\/produkt\/youngever-5800-belohnungsaufkleber-motivationsaufkleber\/\" \/>\n<meta property=\"og:site_name\" content=\"Markt-XXL\" \/>\n<meta property=\"article:modified_time\" content=\"2023-04-11T02:54:16+00:00\" \/>\n<meta property=\"og:image\" content=\"https:\/\/m.media-amazon.com\/images\/I\/61y6Fx8EgwL._SL500_.jpg\" \/>\n\t<meta property=\"og:image:width\" content=\"500\" \/>\n\t<meta property=\"og:image:height\" content=\"500\" \/>\n\t<meta property=\"og:image:type\" content=\"image\/jpeg\" \/>\n<meta name=\"twitter:card\" content=\"summary_large_image\" \/>\n<meta name=\"twitter:label1\" content=\"Gesch\u00e4tzte Lesezeit\" \/>\n\t<meta name=\"twitter:data1\" content=\"1\u00a0Minute\" \/>\n<script type=\"application\/ld+json\" class=\"yoast-schema-graph\">{\"@context\":\"https:\\\/\\\/schema.org\",\"@graph\":[{\"@type\":\"WebPage\",\"@id\":\"https:\\\/\\\/marktxxl.de\\\/markt\\\/produkt\\\/youngever-5800-belohnungsaufkleber-motivationsaufkleber\\\/\",\"url\":\"https:\\\/\\\/marktxxl.de\\\/markt\\\/produkt\\\/youngever-5800-belohnungsaufkleber-motivationsaufkleber\\\/\",\"name\":\"Youngever 5800 Belohnungsaufkleber, Motivationsaufkleber - Markt-XXL\",\"isPartOf\":{\"@id\":\"https:\\\/\\\/marktxxl.de\\\/markt\\\/#website\"},\"primaryImageOfPage\":{\"@id\":\"https:\\\/\\\/marktxxl.de\\\/markt\\\/produkt\\\/youngever-5800-belohnungsaufkleber-motivationsaufkleber\\\/#primaryimage\"},\"image\":{\"@id\":\"https:\\\/\\\/marktxxl.de\\\/markt\\\/produkt\\\/youngever-5800-belohnungsaufkleber-motivationsaufkleber\\\/#primaryimage\"},\"thumbnailUrl\":\"https:\\\/\\\/m.media-amazon.com\\\/images\\\/I\\\/61y6Fx8EgwL._SL500_.jpg\",\"datePublished\":\"2022-11-11T09:08:26+00:00\",\"dateModified\":\"2023-04-11T02:54:16+00:00\",\"description\":\"Markt-XXL Youngever 5800 Belohnungsaufkleber, Motivationsaufkleber\",\"breadcrumb\":{\"@id\":\"https:\\\/\\\/marktxxl.de\\\/markt\\\/produkt\\\/youngever-5800-belohnungsaufkleber-motivationsaufkleber\\\/#breadcrumb\"},\"inLanguage\":\"de\",\"potentialAction\":[{\"@type\":\"ReadAction\",\"target\":[\"https:\\\/\\\/marktxxl.de\\\/markt\\\/produkt\\\/youngever-5800-belohnungsaufkleber-motivationsaufkleber\\\/\"]}]},{\"@type\":\"ImageObject\",\"inLanguage\":\"de\",\"@id\":\"https:\\\/\\\/marktxxl.de\\\/markt\\\/produkt\\\/youngever-5800-belohnungsaufkleber-motivationsaufkleber\\\/#primaryimage\",\"url\":\"https:\\\/\\\/m.media-amazon.com\\\/images\\\/I\\\/61y6Fx8EgwL._SL500_.jpg\",\"contentUrl\":\"https:\\\/\\\/m.media-amazon.com\\\/images\\\/I\\\/61y6Fx8EgwL._SL500_.jpg\",\"width\":500,\"height\":500},{\"@type\":\"BreadcrumbList\",\"@id\":\"https:\\\/\\\/marktxxl.de\\\/markt\\\/produkt\\\/youngever-5800-belohnungsaufkleber-motivationsaufkleber\\\/#breadcrumb\",\"itemListElement\":[{\"@type\":\"ListItem\",\"position\":1,\"name\":\"Startseite\",\"item\":\"https:\\\/\\\/marktxxl.de\\\/markt\\\/\"},{\"@type\":\"ListItem\",\"position\":2,\"name\":\"Markt\",\"item\":\"https:\\\/\\\/marktxxl.de\\\/markt\\\/\"},{\"@type\":\"ListItem\",\"position\":3,\"name\":\"Youngever 5800 Belohnungsaufkleber, Motivationsaufkleber\"}]},{\"@type\":\"WebSite\",\"@id\":\"https:\\\/\\\/marktxxl.de\\\/markt\\\/#website\",\"url\":\"https:\\\/\\\/marktxxl.de\\\/markt\\\/\",\"name\":\"Markt-XXL\",\"description\":\"Ihr Markt Online\",\"publisher\":{\"@id\":\"https:\\\/\\\/marktxxl.de\\\/markt\\\/#organization\"},\"potentialAction\":[{\"@type\":\"SearchAction\",\"target\":{\"@type\":\"EntryPoint\",\"urlTemplate\":\"https:\\\/\\\/marktxxl.de\\\/markt\\\/?s={search_term_string}\"},\"query-input\":{\"@type\":\"PropertyValueSpecification\",\"valueRequired\":true,\"valueName\":\"search_term_string\"}}],\"inLanguage\":\"de\"},{\"@type\":\"Organization\",\"@id\":\"https:\\\/\\\/marktxxl.de\\\/markt\\\/#organization\",\"name\":\"Markt-XXL\",\"url\":\"https:\\\/\\\/marktxxl.de\\\/markt\\\/\",\"logo\":{\"@type\":\"ImageObject\",\"inLanguage\":\"de\",\"@id\":\"https:\\\/\\\/marktxxl.de\\\/markt\\\/#\\\/schema\\\/logo\\\/image\\\/\",\"url\":\"https:\\\/\\\/marktxxl.de\\\/markt\\\/wp-content\\\/uploads\\\/sites\\\/3\\\/2020\\\/12\\\/logo.png\",\"contentUrl\":\"https:\\\/\\\/marktxxl.de\\\/markt\\\/wp-content\\\/uploads\\\/sites\\\/3\\\/2020\\\/12\\\/logo.png\",\"width\":200,\"height\":70,\"caption\":\"Markt-XXL\"},\"image\":{\"@id\":\"https:\\\/\\\/marktxxl.de\\\/markt\\\/#\\\/schema\\\/logo\\\/image\\\/\"}}]}<\/script>\n<!-- \/ Yoast SEO plugin. -->","yoast_head_json":{"title":"Youngever 5800 Belohnungsaufkleber, Motivationsaufkleber - Markt-XXL","description":"Markt-XXL Youngever 5800 Belohnungsaufkleber, Motivationsaufkleber","robots":{"index":"index","follow":"follow","max-snippet":"max-snippet:-1","max-image-preview":"max-image-preview:large","max-video-preview":"max-video-preview:-1"},"canonical":"https:\/\/marktxxl.de\/markt\/produkt\/youngever-5800-belohnungsaufkleber-motivationsaufkleber\/","og_locale":"de_DE","og_type":"article","og_title":"Youngever 5800 Belohnungsaufkleber, Motivationsaufkleber - Markt-XXL","og_description":"Markt-XXL Youngever 5800 Belohnungsaufkleber, Motivationsaufkleber","og_url":"https:\/\/marktxxl.de\/markt\/produkt\/youngever-5800-belohnungsaufkleber-motivationsaufkleber\/","og_site_name":"Markt-XXL","article_modified_time":"2023-04-11T02:54:16+00:00","og_image":[{"width":500,"height":500,"url":"https:\/\/m.media-amazon.com\/images\/I\/61y6Fx8EgwL._SL500_.jpg","type":"image\/jpeg"}],"twitter_card":"summary_large_image","twitter_misc":{"Gesch\u00e4tzte Lesezeit":"1\u00a0Minute"},"schema":{"@context":"https:\/\/schema.org","@graph":[{"@type":"WebPage","@id":"https:\/\/marktxxl.de\/markt\/produkt\/youngever-5800-belohnungsaufkleber-motivationsaufkleber\/","url":"https:\/\/marktxxl.de\/markt\/produkt\/youngever-5800-belohnungsaufkleber-motivationsaufkleber\/","name":"Youngever 5800 Belohnungsaufkleber, Motivationsaufkleber - Markt-XXL","isPartOf":{"@id":"https:\/\/marktxxl.de\/markt\/#website"},"primaryImageOfPage":{"@id":"https:\/\/marktxxl.de\/markt\/produkt\/youngever-5800-belohnungsaufkleber-motivationsaufkleber\/#primaryimage"},"image":{"@id":"https:\/\/marktxxl.de\/markt\/produkt\/youngever-5800-belohnungsaufkleber-motivationsaufkleber\/#primaryimage"},"thumbnailUrl":"https:\/\/m.media-amazon.com\/images\/I\/61y6Fx8EgwL._SL500_.jpg","datePublished":"2022-11-11T09:08:26+00:00","dateModified":"2023-04-11T02:54:16+00:00","description":"Markt-XXL Youngever 5800 Belohnungsaufkleber, Motivationsaufkleber","breadcrumb":{"@id":"https:\/\/marktxxl.de\/markt\/produkt\/youngever-5800-belohnungsaufkleber-motivationsaufkleber\/#breadcrumb"},"inLanguage":"de","potentialAction":[{"@type":"ReadAction","target":["https:\/\/marktxxl.de\/markt\/produkt\/youngever-5800-belohnungsaufkleber-motivationsaufkleber\/"]}]},{"@type":"ImageObject","inLanguage":"de","@id":"https:\/\/marktxxl.de\/markt\/produkt\/youngever-5800-belohnungsaufkleber-motivationsaufkleber\/#primaryimage","url":"https:\/\/m.media-amazon.com\/images\/I\/61y6Fx8EgwL._SL500_.jpg","contentUrl":"https:\/\/m.media-amazon.com\/images\/I\/61y6Fx8EgwL._SL500_.jpg","width":500,"height":500},{"@type":"BreadcrumbList","@id":"https:\/\/marktxxl.de\/markt\/produkt\/youngever-5800-belohnungsaufkleber-motivationsaufkleber\/#breadcrumb","itemListElement":[{"@type":"ListItem","position":1,"name":"Startseite","item":"https:\/\/marktxxl.de\/markt\/"},{"@type":"ListItem","position":2,"name":"Markt","item":"https:\/\/marktxxl.de\/markt\/"},{"@type":"ListItem","position":3,"name":"Youngever 5800 Belohnungsaufkleber, Motivationsaufkleber"}]},{"@type":"WebSite","@id":"https:\/\/marktxxl.de\/markt\/#website","url":"https:\/\/marktxxl.de\/markt\/","name":"Markt-XXL","description":"Ihr Markt Online","publisher":{"@id":"https:\/\/marktxxl.de\/markt\/#organization"},"potentialAction":[{"@type":"SearchAction","target":{"@type":"EntryPoint","urlTemplate":"https:\/\/marktxxl.de\/markt\/?s={search_term_string}"},"query-input":{"@type":"PropertyValueSpecification","valueRequired":true,"valueName":"search_term_string"}}],"inLanguage":"de"},{"@type":"Organization","@id":"https:\/\/marktxxl.de\/markt\/#organization","name":"Markt-XXL","url":"https:\/\/marktxxl.de\/markt\/","logo":{"@type":"ImageObject","inLanguage":"de","@id":"https:\/\/marktxxl.de\/markt\/#\/schema\/logo\/image\/","url":"https:\/\/marktxxl.de\/markt\/wp-content\/uploads\/sites\/3\/2020\/12\/logo.png","contentUrl":"https:\/\/marktxxl.de\/markt\/wp-content\/uploads\/sites\/3\/2020\/12\/logo.png","width":200,"height":70,"caption":"Markt-XXL"},"image":{"@id":"https:\/\/marktxxl.de\/markt\/#\/schema\/logo\/image\/"}}]}},"_links":{"self":[{"href":"https:\/\/marktxxl.de\/markt\/wp-json\/wp\/v2\/product\/168055","targetHints":{"allow":["GET"]}}],"collection":[{"href":"https:\/\/marktxxl.de\/markt\/wp-json\/wp\/v2\/product"}],"about":[{"href":"https:\/\/marktxxl.de\/markt\/wp-json\/wp\/v2\/types\/product"}],"replies":[{"embeddable":true,"href":"https:\/\/marktxxl.de\/markt\/wp-json\/wp\/v2\/comments?post=168055"}],"wp:featuredmedia":[{"embeddable":true,"href":"https:\/\/marktxxl.de\/markt\/wp-json\/wp\/v2\/media\/168056"}],"wp:attachment":[{"href":"https:\/\/marktxxl.de\/markt\/wp-json\/wp\/v2\/media?parent=168055"}],"wp:term":[{"taxonomy":"product_brand","embeddable":true,"href":"https:\/\/marktxxl.de\/markt\/wp-json\/wp\/v2\/product_brand?post=168055"},{"taxonomy":"product_cat","embeddable":true,"href":"https:\/\/marktxxl.de\/markt\/wp-json\/wp\/v2\/product_cat?post=168055"},{"taxonomy":"product_tag","embeddable":true,"href":"https:\/\/marktxxl.de\/markt\/wp-json\/wp\/v2\/product_tag?post=168055"}],"curies":[{"name":"wp","href":"https:\/\/api.w.org\/{rel}","templated":true}]}}