{"id":167970,"date":"2022-11-11T10:04:26","date_gmt":"2022-11-11T09:04:26","guid":{"rendered":"https:\/\/marktxxl.de\/markt\/produkt\/ohr-und-nasenhaartrimmer-fuer-maenner-und-frauen-wiederaufladbarer-trimmer-mit-doppelklingen-einfache-reinigung-und-reinigung\/"},"modified":"2023-04-11T04:54:13","modified_gmt":"2023-04-11T02:54:13","slug":"ohr-und-nasenhaartrimmer-fuer-maenner-und-frauen-wiederaufladbarer-trimmer-mit-doppelklingen-einfache-reinigung-und-reinigung","status":"publish","type":"product","link":"https:\/\/marktxxl.de\/markt\/produkt\/ohr-und-nasenhaartrimmer-fuer-maenner-und-frauen-wiederaufladbarer-trimmer-mit-doppelklingen-einfache-reinigung-und-reinigung\/","title":{"rendered":"Ohr- und Nasenhaartrimmer f\u00fcr M\u00e4nner und Frauen Wiederaufladbarer Trimmer mit Doppelklingen Einfache Reinigung und\u2026"},"content":{"rendered":"<p>Elektrischer Nasen-\/Ohrenhaartrimmer:Unser Nasenhaartrimmer mit doppelschneidigen Klingen, doppelschneidigem Spinnklingensystem mit Schutzabdeckung, entfernt \u00fcbersch\u00fcssige Haare von Nase und Ohren und verleiht Ihnen einen gepflegten und stilvollen Bartlook.<br \/>\nSicherheit und ger\u00e4uscharmer Betrieb: Der Schneidkopf ist aus rostfreiem Stahl und hypoallergen, so dass Sie sich keine Sorgen um empfindliche Haut machen m\u00fcssen und es ist sicher zu bedienen. Speziell entwickelte Ger\u00e4uschkontrolle, so dass Sie es reibungslos verwenden k\u00f6nnen.<br \/>\nExtrem leicht und leistungsstark: Er wiegt nur 46 Gramm und kann mit einer vollen Ladung 1,5 Stunden lang verwendet werden, was ihn f\u00fcr Reisen und Gesch\u00e4ftsreisen geeignet macht. Der leistungsstarke Motor des 10300 PRM verhindert das Einklemmen von Haaren.<br \/>\nLeicht zu reinigen: Der Ohr- und Nasentrimmer hat einen waschbaren Kopf, um sicherzustellen, dass der Trimmer nach jedem Gebrauch sauber ist (bitte halten Sie ihn trocken, wenn Sie ihn zur\u00fccklegen, der K\u00f6rper ist nicht wasserdicht).<br \/>\nProblemloser Kundendienst: Wir bieten eine 30-Tage-Geld-zur\u00fcck-Garantie und eine 12-monatige Garantie. Wenn Sie irgendwelche Fragen \u00fcber das Produkt haben, z\u00f6gern Sie nicht, uns zu kontaktieren und wir werden Ihnen innerhalb von 24 Stunden antworten.<br \/>\n<div class=\"main-cross-sell\" data-asin=\"B0BJKLW3JM\">\n\n\t<div class=\"WooZone-cross-sell-loader\">\n\t\t<div>\n\t\t\t<div id=\"floatingBarsG\">\n\t\t\t\t<div class=\"blockG\" id=\"rotateG_01\"><\/div>\n\t\t\t\t<div class=\"blockG\" id=\"rotateG_02\"><\/div>\n\t\t\t\t<div class=\"blockG\" id=\"rotateG_03\"><\/div>\n\t\t\t\t<div class=\"blockG\" id=\"rotateG_04\"><\/div>\n\t\t\t\t<div class=\"blockG\" id=\"rotateG_05\"><\/div>\n\t\t\t\t<div class=\"blockG\" id=\"rotateG_06\"><\/div>\n\t\t\t\t<div class=\"blockG\" id=\"rotateG_07\"><\/div>\n\t\t\t\t<div class=\"blockG\" id=\"rotateG_08\"><\/div>\n\t\t\t<\/div>\n\t\t\t<div class=\"WooZone-cross-sell-loader-text\"><\/div>\n\t\t<\/div>\n\t<\/div>\n\n\t\t\n<\/div>\n<div style=\"clear:both;\"><\/div><\/p>\n","protected":false},"excerpt":{"rendered":"<p>Elektrischer Nasen-\/Ohrenhaartrimmer:Unser Nasenhaartrimmer mit doppelschneidigen Klingen, doppelschneidigem Spinnklingensystem mit Schutzabdeckung, entfernt \u00fcbersch\u00fcssige Haare von Nase und Ohren und verleiht Ihnen einen gepflegten und stilvollen Bartlook.<br \/>\nSicherheit und ger\u00e4uscharmer Betrieb: Der Schneidkopf ist aus rostfreiem Stahl und hypoallergen, so dass Sie sich keine Sorgen um empfindliche Haut machen m\u00fcssen und es ist sicher zu bedienen. Speziell entwickelte Ger\u00e4uschkontrolle, so dass Sie es reibungslos verwenden k\u00f6nnen.<br \/>\nExtrem leicht und leistungsstark: Er wiegt nur 46 Gramm und kann mit einer vollen Ladung 1,5 Stunden lang verwendet werden, was ihn f\u00fcr Reisen und Gesch\u00e4ftsreisen geeignet macht. Der leistungsstarke Motor des 10300 PRM verhindert das Einklemmen von Haaren.<\/p>\n","protected":false},"featured_media":167971,"comment_status":"open","ping_status":"closed","template":"","meta":[],"product_brand":[],"product_cat":[566],"product_tag":[],"class_list":{"0":"post-167970","1":"product","2":"type-product","3":"status-publish","4":"has-post-thumbnail","6":"product_cat-drogerie-koerperpflege","7":"pa_brand-setonia","8":"pa_manufacturer-nose-hair-trimmer-shenzhen","10":"first","11":"instock","12":"shipping-taxable","13":"purchasable","14":"product-type-simple","15":"customify-col","16":"product-has-gallery"},"yoast_head":"<!-- This site is optimized with the Yoast SEO plugin v27.4 - https:\/\/yoast.com\/product\/yoast-seo-wordpress\/ -->\n<title>Ohr- und Nasenhaartrimmer f\u00fcr M\u00e4nner und Frauen Wiederaufladbarer Trimmer mit Doppelklingen Einfache Reinigung und\u2026 - Markt-XXL<\/title>\n<meta name=\"description\" content=\"Markt-XXL Ohr- und Nasenhaartrimmer f\u00fcr M\u00e4nner und Frauen Wiederaufladbarer Trimmer mit Doppelklingen Einfache Reinigung und\u2026\" \/>\n<meta name=\"robots\" content=\"index, follow, max-snippet:-1, max-image-preview:large, max-video-preview:-1\" \/>\n<link rel=\"canonical\" href=\"https:\/\/marktxxl.de\/markt\/produkt\/ohr-und-nasenhaartrimmer-fuer-maenner-und-frauen-wiederaufladbarer-trimmer-mit-doppelklingen-einfache-reinigung-und-reinigung\/\" \/>\n<meta property=\"og:locale\" content=\"de_DE\" \/>\n<meta property=\"og:type\" content=\"article\" \/>\n<meta property=\"og:title\" content=\"Ohr- und Nasenhaartrimmer f\u00fcr M\u00e4nner und Frauen Wiederaufladbarer Trimmer mit Doppelklingen Einfache Reinigung und\u2026 - Markt-XXL\" \/>\n<meta property=\"og:description\" content=\"Markt-XXL Ohr- und Nasenhaartrimmer f\u00fcr M\u00e4nner und Frauen Wiederaufladbarer Trimmer mit Doppelklingen Einfache Reinigung und\u2026\" \/>\n<meta property=\"og:url\" content=\"https:\/\/marktxxl.de\/markt\/produkt\/ohr-und-nasenhaartrimmer-fuer-maenner-und-frauen-wiederaufladbarer-trimmer-mit-doppelklingen-einfache-reinigung-und-reinigung\/\" \/>\n<meta property=\"og:site_name\" content=\"Markt-XXL\" \/>\n<meta property=\"article:modified_time\" content=\"2023-04-11T02:54:13+00:00\" \/>\n<meta property=\"og:image\" content=\"https:\/\/m.media-amazon.com\/images\/I\/21wTBIHIDOL._SL500_.jpg\" \/>\n\t<meta property=\"og:image:width\" content=\"178\" \/>\n\t<meta property=\"og:image:height\" content=\"500\" \/>\n\t<meta property=\"og:image:type\" content=\"image\/jpeg\" \/>\n<meta name=\"twitter:card\" content=\"summary_large_image\" \/>\n<meta name=\"twitter:label1\" content=\"Gesch\u00e4tzte Lesezeit\" \/>\n\t<meta name=\"twitter:data1\" content=\"1\u00a0Minute\" \/>\n<script type=\"application\/ld+json\" class=\"yoast-schema-graph\">{\"@context\":\"https:\\\/\\\/schema.org\",\"@graph\":[{\"@type\":\"WebPage\",\"@id\":\"https:\\\/\\\/marktxxl.de\\\/markt\\\/produkt\\\/ohr-und-nasenhaartrimmer-fuer-maenner-und-frauen-wiederaufladbarer-trimmer-mit-doppelklingen-einfache-reinigung-und-reinigung\\\/\",\"url\":\"https:\\\/\\\/marktxxl.de\\\/markt\\\/produkt\\\/ohr-und-nasenhaartrimmer-fuer-maenner-und-frauen-wiederaufladbarer-trimmer-mit-doppelklingen-einfache-reinigung-und-reinigung\\\/\",\"name\":\"Ohr- und Nasenhaartrimmer f\u00fcr M\u00e4nner und Frauen Wiederaufladbarer Trimmer mit Doppelklingen Einfache Reinigung und\u2026 - Markt-XXL\",\"isPartOf\":{\"@id\":\"https:\\\/\\\/marktxxl.de\\\/markt\\\/#website\"},\"primaryImageOfPage\":{\"@id\":\"https:\\\/\\\/marktxxl.de\\\/markt\\\/produkt\\\/ohr-und-nasenhaartrimmer-fuer-maenner-und-frauen-wiederaufladbarer-trimmer-mit-doppelklingen-einfache-reinigung-und-reinigung\\\/#primaryimage\"},\"image\":{\"@id\":\"https:\\\/\\\/marktxxl.de\\\/markt\\\/produkt\\\/ohr-und-nasenhaartrimmer-fuer-maenner-und-frauen-wiederaufladbarer-trimmer-mit-doppelklingen-einfache-reinigung-und-reinigung\\\/#primaryimage\"},\"thumbnailUrl\":\"https:\\\/\\\/m.media-amazon.com\\\/images\\\/I\\\/21wTBIHIDOL._SL500_.jpg\",\"datePublished\":\"2022-11-11T09:04:26+00:00\",\"dateModified\":\"2023-04-11T02:54:13+00:00\",\"description\":\"Markt-XXL Ohr- und Nasenhaartrimmer f\u00fcr M\u00e4nner und Frauen Wiederaufladbarer Trimmer mit Doppelklingen Einfache Reinigung und\u2026\",\"breadcrumb\":{\"@id\":\"https:\\\/\\\/marktxxl.de\\\/markt\\\/produkt\\\/ohr-und-nasenhaartrimmer-fuer-maenner-und-frauen-wiederaufladbarer-trimmer-mit-doppelklingen-einfache-reinigung-und-reinigung\\\/#breadcrumb\"},\"inLanguage\":\"de\",\"potentialAction\":[{\"@type\":\"ReadAction\",\"target\":[\"https:\\\/\\\/marktxxl.de\\\/markt\\\/produkt\\\/ohr-und-nasenhaartrimmer-fuer-maenner-und-frauen-wiederaufladbarer-trimmer-mit-doppelklingen-einfache-reinigung-und-reinigung\\\/\"]}]},{\"@type\":\"ImageObject\",\"inLanguage\":\"de\",\"@id\":\"https:\\\/\\\/marktxxl.de\\\/markt\\\/produkt\\\/ohr-und-nasenhaartrimmer-fuer-maenner-und-frauen-wiederaufladbarer-trimmer-mit-doppelklingen-einfache-reinigung-und-reinigung\\\/#primaryimage\",\"url\":\"https:\\\/\\\/m.media-amazon.com\\\/images\\\/I\\\/21wTBIHIDOL._SL500_.jpg\",\"contentUrl\":\"https:\\\/\\\/m.media-amazon.com\\\/images\\\/I\\\/21wTBIHIDOL._SL500_.jpg\",\"width\":178,\"height\":500},{\"@type\":\"BreadcrumbList\",\"@id\":\"https:\\\/\\\/marktxxl.de\\\/markt\\\/produkt\\\/ohr-und-nasenhaartrimmer-fuer-maenner-und-frauen-wiederaufladbarer-trimmer-mit-doppelklingen-einfache-reinigung-und-reinigung\\\/#breadcrumb\",\"itemListElement\":[{\"@type\":\"ListItem\",\"position\":1,\"name\":\"Startseite\",\"item\":\"https:\\\/\\\/marktxxl.de\\\/markt\\\/\"},{\"@type\":\"ListItem\",\"position\":2,\"name\":\"Markt\",\"item\":\"https:\\\/\\\/marktxxl.de\\\/markt\\\/\"},{\"@type\":\"ListItem\",\"position\":3,\"name\":\"Ohr- und Nasenhaartrimmer f\u00fcr M\u00e4nner und Frauen Wiederaufladbarer Trimmer mit Doppelklingen Einfache Reinigung und\u2026\"}]},{\"@type\":\"WebSite\",\"@id\":\"https:\\\/\\\/marktxxl.de\\\/markt\\\/#website\",\"url\":\"https:\\\/\\\/marktxxl.de\\\/markt\\\/\",\"name\":\"Markt-XXL\",\"description\":\"Ihr Markt Online\",\"publisher\":{\"@id\":\"https:\\\/\\\/marktxxl.de\\\/markt\\\/#organization\"},\"potentialAction\":[{\"@type\":\"SearchAction\",\"target\":{\"@type\":\"EntryPoint\",\"urlTemplate\":\"https:\\\/\\\/marktxxl.de\\\/markt\\\/?s={search_term_string}\"},\"query-input\":{\"@type\":\"PropertyValueSpecification\",\"valueRequired\":true,\"valueName\":\"search_term_string\"}}],\"inLanguage\":\"de\"},{\"@type\":\"Organization\",\"@id\":\"https:\\\/\\\/marktxxl.de\\\/markt\\\/#organization\",\"name\":\"Markt-XXL\",\"url\":\"https:\\\/\\\/marktxxl.de\\\/markt\\\/\",\"logo\":{\"@type\":\"ImageObject\",\"inLanguage\":\"de\",\"@id\":\"https:\\\/\\\/marktxxl.de\\\/markt\\\/#\\\/schema\\\/logo\\\/image\\\/\",\"url\":\"https:\\\/\\\/marktxxl.de\\\/markt\\\/wp-content\\\/uploads\\\/sites\\\/3\\\/2020\\\/12\\\/logo.png\",\"contentUrl\":\"https:\\\/\\\/marktxxl.de\\\/markt\\\/wp-content\\\/uploads\\\/sites\\\/3\\\/2020\\\/12\\\/logo.png\",\"width\":200,\"height\":70,\"caption\":\"Markt-XXL\"},\"image\":{\"@id\":\"https:\\\/\\\/marktxxl.de\\\/markt\\\/#\\\/schema\\\/logo\\\/image\\\/\"}}]}<\/script>\n<!-- \/ Yoast SEO plugin. -->","yoast_head_json":{"title":"Ohr- und Nasenhaartrimmer f\u00fcr M\u00e4nner und Frauen Wiederaufladbarer Trimmer mit Doppelklingen Einfache Reinigung und\u2026 - Markt-XXL","description":"Markt-XXL Ohr- und Nasenhaartrimmer f\u00fcr M\u00e4nner und Frauen Wiederaufladbarer Trimmer mit Doppelklingen Einfache Reinigung und\u2026","robots":{"index":"index","follow":"follow","max-snippet":"max-snippet:-1","max-image-preview":"max-image-preview:large","max-video-preview":"max-video-preview:-1"},"canonical":"https:\/\/marktxxl.de\/markt\/produkt\/ohr-und-nasenhaartrimmer-fuer-maenner-und-frauen-wiederaufladbarer-trimmer-mit-doppelklingen-einfache-reinigung-und-reinigung\/","og_locale":"de_DE","og_type":"article","og_title":"Ohr- und Nasenhaartrimmer f\u00fcr M\u00e4nner und Frauen Wiederaufladbarer Trimmer mit Doppelklingen Einfache Reinigung und\u2026 - Markt-XXL","og_description":"Markt-XXL Ohr- und Nasenhaartrimmer f\u00fcr M\u00e4nner und Frauen Wiederaufladbarer Trimmer mit Doppelklingen Einfache Reinigung und\u2026","og_url":"https:\/\/marktxxl.de\/markt\/produkt\/ohr-und-nasenhaartrimmer-fuer-maenner-und-frauen-wiederaufladbarer-trimmer-mit-doppelklingen-einfache-reinigung-und-reinigung\/","og_site_name":"Markt-XXL","article_modified_time":"2023-04-11T02:54:13+00:00","og_image":[{"width":178,"height":500,"url":"https:\/\/m.media-amazon.com\/images\/I\/21wTBIHIDOL._SL500_.jpg","type":"image\/jpeg"}],"twitter_card":"summary_large_image","twitter_misc":{"Gesch\u00e4tzte Lesezeit":"1\u00a0Minute"},"schema":{"@context":"https:\/\/schema.org","@graph":[{"@type":"WebPage","@id":"https:\/\/marktxxl.de\/markt\/produkt\/ohr-und-nasenhaartrimmer-fuer-maenner-und-frauen-wiederaufladbarer-trimmer-mit-doppelklingen-einfache-reinigung-und-reinigung\/","url":"https:\/\/marktxxl.de\/markt\/produkt\/ohr-und-nasenhaartrimmer-fuer-maenner-und-frauen-wiederaufladbarer-trimmer-mit-doppelklingen-einfache-reinigung-und-reinigung\/","name":"Ohr- und Nasenhaartrimmer f\u00fcr M\u00e4nner und Frauen Wiederaufladbarer Trimmer mit Doppelklingen Einfache Reinigung und\u2026 - Markt-XXL","isPartOf":{"@id":"https:\/\/marktxxl.de\/markt\/#website"},"primaryImageOfPage":{"@id":"https:\/\/marktxxl.de\/markt\/produkt\/ohr-und-nasenhaartrimmer-fuer-maenner-und-frauen-wiederaufladbarer-trimmer-mit-doppelklingen-einfache-reinigung-und-reinigung\/#primaryimage"},"image":{"@id":"https:\/\/marktxxl.de\/markt\/produkt\/ohr-und-nasenhaartrimmer-fuer-maenner-und-frauen-wiederaufladbarer-trimmer-mit-doppelklingen-einfache-reinigung-und-reinigung\/#primaryimage"},"thumbnailUrl":"https:\/\/m.media-amazon.com\/images\/I\/21wTBIHIDOL._SL500_.jpg","datePublished":"2022-11-11T09:04:26+00:00","dateModified":"2023-04-11T02:54:13+00:00","description":"Markt-XXL Ohr- und Nasenhaartrimmer f\u00fcr M\u00e4nner und Frauen Wiederaufladbarer Trimmer mit Doppelklingen Einfache Reinigung und\u2026","breadcrumb":{"@id":"https:\/\/marktxxl.de\/markt\/produkt\/ohr-und-nasenhaartrimmer-fuer-maenner-und-frauen-wiederaufladbarer-trimmer-mit-doppelklingen-einfache-reinigung-und-reinigung\/#breadcrumb"},"inLanguage":"de","potentialAction":[{"@type":"ReadAction","target":["https:\/\/marktxxl.de\/markt\/produkt\/ohr-und-nasenhaartrimmer-fuer-maenner-und-frauen-wiederaufladbarer-trimmer-mit-doppelklingen-einfache-reinigung-und-reinigung\/"]}]},{"@type":"ImageObject","inLanguage":"de","@id":"https:\/\/marktxxl.de\/markt\/produkt\/ohr-und-nasenhaartrimmer-fuer-maenner-und-frauen-wiederaufladbarer-trimmer-mit-doppelklingen-einfache-reinigung-und-reinigung\/#primaryimage","url":"https:\/\/m.media-amazon.com\/images\/I\/21wTBIHIDOL._SL500_.jpg","contentUrl":"https:\/\/m.media-amazon.com\/images\/I\/21wTBIHIDOL._SL500_.jpg","width":178,"height":500},{"@type":"BreadcrumbList","@id":"https:\/\/marktxxl.de\/markt\/produkt\/ohr-und-nasenhaartrimmer-fuer-maenner-und-frauen-wiederaufladbarer-trimmer-mit-doppelklingen-einfache-reinigung-und-reinigung\/#breadcrumb","itemListElement":[{"@type":"ListItem","position":1,"name":"Startseite","item":"https:\/\/marktxxl.de\/markt\/"},{"@type":"ListItem","position":2,"name":"Markt","item":"https:\/\/marktxxl.de\/markt\/"},{"@type":"ListItem","position":3,"name":"Ohr- und Nasenhaartrimmer f\u00fcr M\u00e4nner und Frauen Wiederaufladbarer Trimmer mit Doppelklingen Einfache Reinigung und\u2026"}]},{"@type":"WebSite","@id":"https:\/\/marktxxl.de\/markt\/#website","url":"https:\/\/marktxxl.de\/markt\/","name":"Markt-XXL","description":"Ihr Markt Online","publisher":{"@id":"https:\/\/marktxxl.de\/markt\/#organization"},"potentialAction":[{"@type":"SearchAction","target":{"@type":"EntryPoint","urlTemplate":"https:\/\/marktxxl.de\/markt\/?s={search_term_string}"},"query-input":{"@type":"PropertyValueSpecification","valueRequired":true,"valueName":"search_term_string"}}],"inLanguage":"de"},{"@type":"Organization","@id":"https:\/\/marktxxl.de\/markt\/#organization","name":"Markt-XXL","url":"https:\/\/marktxxl.de\/markt\/","logo":{"@type":"ImageObject","inLanguage":"de","@id":"https:\/\/marktxxl.de\/markt\/#\/schema\/logo\/image\/","url":"https:\/\/marktxxl.de\/markt\/wp-content\/uploads\/sites\/3\/2020\/12\/logo.png","contentUrl":"https:\/\/marktxxl.de\/markt\/wp-content\/uploads\/sites\/3\/2020\/12\/logo.png","width":200,"height":70,"caption":"Markt-XXL"},"image":{"@id":"https:\/\/marktxxl.de\/markt\/#\/schema\/logo\/image\/"}}]}},"_links":{"self":[{"href":"https:\/\/marktxxl.de\/markt\/wp-json\/wp\/v2\/product\/167970","targetHints":{"allow":["GET"]}}],"collection":[{"href":"https:\/\/marktxxl.de\/markt\/wp-json\/wp\/v2\/product"}],"about":[{"href":"https:\/\/marktxxl.de\/markt\/wp-json\/wp\/v2\/types\/product"}],"replies":[{"embeddable":true,"href":"https:\/\/marktxxl.de\/markt\/wp-json\/wp\/v2\/comments?post=167970"}],"wp:featuredmedia":[{"embeddable":true,"href":"https:\/\/marktxxl.de\/markt\/wp-json\/wp\/v2\/media\/167971"}],"wp:attachment":[{"href":"https:\/\/marktxxl.de\/markt\/wp-json\/wp\/v2\/media?parent=167970"}],"wp:term":[{"taxonomy":"product_brand","embeddable":true,"href":"https:\/\/marktxxl.de\/markt\/wp-json\/wp\/v2\/product_brand?post=167970"},{"taxonomy":"product_cat","embeddable":true,"href":"https:\/\/marktxxl.de\/markt\/wp-json\/wp\/v2\/product_cat?post=167970"},{"taxonomy":"product_tag","embeddable":true,"href":"https:\/\/marktxxl.de\/markt\/wp-json\/wp\/v2\/product_tag?post=167970"}],"curies":[{"name":"wp","href":"https:\/\/api.w.org\/{rel}","templated":true}]}}