{"id":167840,"date":"2022-11-11T09:56:15","date_gmt":"2022-11-11T08:56:15","guid":{"rendered":"https:\/\/marktxxl.de\/markt\/produkt\/sinob-beta-alanin-pulver-100-rein-1-x-500g-vegan-und-frei-von-jeglichen-zusaetzen-mit-dosierloeffel-und-dem-kribbeln\/"},"modified":"2023-04-11T04:54:09","modified_gmt":"2023-04-11T02:54:09","slug":"sinob-beta-alanin-pulver-100-rein-1-x-500g-vegan-und-frei-von-jeglichen-zusaetzen-mit-dosierloeffel-und-dem-kribbeln","status":"publish","type":"product","link":"https:\/\/marktxxl.de\/markt\/produkt\/sinob-beta-alanin-pulver-100-rein-1-x-500g-vegan-und-frei-von-jeglichen-zusaetzen-mit-dosierloeffel-und-dem-kribbeln\/","title":{"rendered":"sinob BETA ALANIN Pulver 100% Rein &#8211; 1 x 500g Vegan und Frei von Jeglichen Zus\u00e4tzen mit Dosierl\u00f6ffel und dem Kribbeln"},"content":{"rendered":"<p>100% REINES PULVER &#8211; Unser Beta-Alanin Pulver ist zu 100% rein. Es ist geschmacksneutral und l\u00f6st sich instant im Wasser auf, ohne zu verklumpen. Bestens geeignet um es eurem t\u00e4glichen Shake oder Pre-Workout-Drink hinzuzuf\u00fcgen.<br \/>\nBESSER ALS KAPSELN &#8211; Mit unserem beiliegenden Dosierl\u00f6ffel k\u00f6nnt Ihr eure Tagesdosis von 4g ganz einfach einnehmen ohne 4-8 Kapsel schlucken zu m\u00fcssen und unsere 500g halten ca. 125 Tage.<br \/>\nDAS KRIBBELN &#8211; Hochwertiges Beta Alanin kann ein Kribbeln auf der Haut verursacht. Dieses Kribbeln entsteht durch eine erh\u00f6hte W\u00e4rme auf der Haut, sowie die anschlie\u00dfende Abk\u00fchlung. Wer das nicht mag, kann die Tagesdosis auf 2 oder 3 Einnahmen \u00fcber den Tag verteilen.<br \/>\nVEGAN &amp; FREI von JEGLICHEN ZUS\u00c4TZEN &#8211; Da wir reines Beta-Alanin in Premium Qualit\u00e4t anbieten, ist es selbstverst\u00e4ndlich vegan und frei von allen Zusatz- und F\u00fcllstoffen.<br \/>\nQUALIT\u00c4T UND SERVICE &#8211; Unser Arginin wird zu 100% in Deutschland nach den strengsten Qualit\u00e4tsstandards DIN EN ISO 13485: 2016, IFS FOOD und GMP hergestellt, gepr\u00fcft und abgef\u00fcllt. Wenn Ihr mal unzufrieden seid, schreibt uns einfach bei Amazon an (https:\/\/amzn.to\/2OO7sOb). #Wir helfen euch.<br \/>\n<div class=\"main-cross-sell\" data-asin=\"B07BSS6KMK\">\n\n\t<div class=\"WooZone-cross-sell-loader\">\n\t\t<div>\n\t\t\t<div id=\"floatingBarsG\">\n\t\t\t\t<div class=\"blockG\" id=\"rotateG_01\"><\/div>\n\t\t\t\t<div class=\"blockG\" id=\"rotateG_02\"><\/div>\n\t\t\t\t<div class=\"blockG\" id=\"rotateG_03\"><\/div>\n\t\t\t\t<div class=\"blockG\" id=\"rotateG_04\"><\/div>\n\t\t\t\t<div class=\"blockG\" id=\"rotateG_05\"><\/div>\n\t\t\t\t<div class=\"blockG\" id=\"rotateG_06\"><\/div>\n\t\t\t\t<div class=\"blockG\" id=\"rotateG_07\"><\/div>\n\t\t\t\t<div class=\"blockG\" id=\"rotateG_08\"><\/div>\n\t\t\t<\/div>\n\t\t\t<div class=\"WooZone-cross-sell-loader-text\"><\/div>\n\t\t<\/div>\n\t<\/div>\n\n\t\t\n<\/div>\n<div style=\"clear:both;\"><\/div><\/p>\n","protected":false},"excerpt":{"rendered":"<p>100% REINES PULVER &#8211; Unser Beta-Alanin Pulver ist zu 100% rein. Es ist geschmacksneutral und l\u00f6st sich instant im Wasser auf, ohne zu verklumpen. Bestens geeignet um es eurem t\u00e4glichen Shake oder Pre-Workout-Drink hinzuzuf\u00fcgen.<br \/>\nBESSER ALS KAPSELN &#8211; Mit unserem beiliegenden Dosierl\u00f6ffel k\u00f6nnt Ihr eure Tagesdosis von 4g ganz einfach einnehmen ohne 4-8 Kapsel schlucken zu m\u00fcssen und unsere 500g halten ca. 125 Tage.<br \/>\nDAS KRIBBELN &#8211; Hochwertiges Beta Alanin kann ein Kribbeln auf der Haut verursacht. Dieses Kribbeln entsteht durch eine erh\u00f6hte W\u00e4rme auf der Haut, sowie die anschlie\u00dfende Abk\u00fchlung. Wer das nicht mag, kann die Tagesdosis auf 2 oder 3 Einnahmen \u00fcber den Tag verteilen.<\/p>\n","protected":false},"featured_media":167841,"comment_status":"open","ping_status":"closed","template":"","meta":[],"product_brand":[],"product_cat":[566,6375],"product_tag":[],"class_list":{"0":"post-167840","1":"product","2":"type-product","3":"status-publish","4":"has-post-thumbnail","6":"product_cat-drogerie-koerperpflege","7":"product_cat-vitamine-mineralien-ergaenzungsmittel","8":"pa_brand-sinob","9":"pa_height-5-7874015689-zoll","10":"pa_languages-unbekannt-deutsch-unbekannt-englisch-unbekannt-franzoesisch-unbekannt-italienisch","11":"pa_length-4-1338582635-zoll","12":"pa_manufacturer-sinob-gmbh","13":"pa_size-500-g-1er-pack","14":"pa_weight-1-10231131-pfund","15":"pa_width-4-1338582635-zoll","17":"first","18":"instock","19":"shipping-taxable","20":"purchasable","21":"product-type-simple","22":"customify-col","23":"product-has-gallery"},"yoast_head":"<!-- This site is optimized with the Yoast SEO plugin v27.4 - https:\/\/yoast.com\/product\/yoast-seo-wordpress\/ -->\n<title>sinob BETA ALANIN Pulver 100% Rein - 1 x 500g Vegan und Frei von Jeglichen Zus\u00e4tzen mit Dosierl\u00f6ffel und dem Kribbeln - Markt-XXL<\/title>\n<meta name=\"description\" content=\"Markt-XXL sinob BETA ALANIN Pulver 100% Rein - 1 x 500g Vegan und Frei von Jeglichen Zus\u00e4tzen mit Dosierl\u00f6ffel und dem Kribbeln\" \/>\n<meta name=\"robots\" content=\"index, follow, max-snippet:-1, max-image-preview:large, max-video-preview:-1\" \/>\n<link rel=\"canonical\" href=\"https:\/\/marktxxl.de\/markt\/produkt\/sinob-beta-alanin-pulver-100-rein-1-x-500g-vegan-und-frei-von-jeglichen-zusaetzen-mit-dosierloeffel-und-dem-kribbeln\/\" \/>\n<meta property=\"og:locale\" content=\"de_DE\" \/>\n<meta property=\"og:type\" content=\"article\" \/>\n<meta property=\"og:title\" content=\"sinob BETA ALANIN Pulver 100% Rein - 1 x 500g Vegan und Frei von Jeglichen Zus\u00e4tzen mit Dosierl\u00f6ffel und dem Kribbeln - Markt-XXL\" \/>\n<meta property=\"og:description\" content=\"Markt-XXL sinob BETA ALANIN Pulver 100% Rein - 1 x 500g Vegan und Frei von Jeglichen Zus\u00e4tzen mit Dosierl\u00f6ffel und dem Kribbeln\" \/>\n<meta property=\"og:url\" content=\"https:\/\/marktxxl.de\/markt\/produkt\/sinob-beta-alanin-pulver-100-rein-1-x-500g-vegan-und-frei-von-jeglichen-zusaetzen-mit-dosierloeffel-und-dem-kribbeln\/\" \/>\n<meta property=\"og:site_name\" content=\"Markt-XXL\" \/>\n<meta property=\"article:modified_time\" content=\"2023-04-11T02:54:09+00:00\" \/>\n<meta property=\"og:image\" content=\"https:\/\/m.media-amazon.com\/images\/I\/41bwt1e6bHS._SL500_.jpg\" \/>\n\t<meta property=\"og:image:width\" content=\"298\" \/>\n\t<meta property=\"og:image:height\" content=\"500\" \/>\n\t<meta property=\"og:image:type\" content=\"image\/jpeg\" \/>\n<meta name=\"twitter:card\" content=\"summary_large_image\" \/>\n<meta name=\"twitter:label1\" content=\"Gesch\u00e4tzte Lesezeit\" \/>\n\t<meta name=\"twitter:data1\" content=\"1\u00a0Minute\" \/>\n<script type=\"application\/ld+json\" class=\"yoast-schema-graph\">{\"@context\":\"https:\\\/\\\/schema.org\",\"@graph\":[{\"@type\":\"WebPage\",\"@id\":\"https:\\\/\\\/marktxxl.de\\\/markt\\\/produkt\\\/sinob-beta-alanin-pulver-100-rein-1-x-500g-vegan-und-frei-von-jeglichen-zusaetzen-mit-dosierloeffel-und-dem-kribbeln\\\/\",\"url\":\"https:\\\/\\\/marktxxl.de\\\/markt\\\/produkt\\\/sinob-beta-alanin-pulver-100-rein-1-x-500g-vegan-und-frei-von-jeglichen-zusaetzen-mit-dosierloeffel-und-dem-kribbeln\\\/\",\"name\":\"sinob BETA ALANIN Pulver 100% Rein - 1 x 500g Vegan und Frei von Jeglichen Zus\u00e4tzen mit Dosierl\u00f6ffel und dem Kribbeln - Markt-XXL\",\"isPartOf\":{\"@id\":\"https:\\\/\\\/marktxxl.de\\\/markt\\\/#website\"},\"primaryImageOfPage\":{\"@id\":\"https:\\\/\\\/marktxxl.de\\\/markt\\\/produkt\\\/sinob-beta-alanin-pulver-100-rein-1-x-500g-vegan-und-frei-von-jeglichen-zusaetzen-mit-dosierloeffel-und-dem-kribbeln\\\/#primaryimage\"},\"image\":{\"@id\":\"https:\\\/\\\/marktxxl.de\\\/markt\\\/produkt\\\/sinob-beta-alanin-pulver-100-rein-1-x-500g-vegan-und-frei-von-jeglichen-zusaetzen-mit-dosierloeffel-und-dem-kribbeln\\\/#primaryimage\"},\"thumbnailUrl\":\"https:\\\/\\\/m.media-amazon.com\\\/images\\\/I\\\/41bwt1e6bHS._SL500_.jpg\",\"datePublished\":\"2022-11-11T08:56:15+00:00\",\"dateModified\":\"2023-04-11T02:54:09+00:00\",\"description\":\"Markt-XXL sinob BETA ALANIN Pulver 100% Rein - 1 x 500g Vegan und Frei von Jeglichen Zus\u00e4tzen mit Dosierl\u00f6ffel und dem Kribbeln\",\"breadcrumb\":{\"@id\":\"https:\\\/\\\/marktxxl.de\\\/markt\\\/produkt\\\/sinob-beta-alanin-pulver-100-rein-1-x-500g-vegan-und-frei-von-jeglichen-zusaetzen-mit-dosierloeffel-und-dem-kribbeln\\\/#breadcrumb\"},\"inLanguage\":\"de\",\"potentialAction\":[{\"@type\":\"ReadAction\",\"target\":[\"https:\\\/\\\/marktxxl.de\\\/markt\\\/produkt\\\/sinob-beta-alanin-pulver-100-rein-1-x-500g-vegan-und-frei-von-jeglichen-zusaetzen-mit-dosierloeffel-und-dem-kribbeln\\\/\"]}]},{\"@type\":\"ImageObject\",\"inLanguage\":\"de\",\"@id\":\"https:\\\/\\\/marktxxl.de\\\/markt\\\/produkt\\\/sinob-beta-alanin-pulver-100-rein-1-x-500g-vegan-und-frei-von-jeglichen-zusaetzen-mit-dosierloeffel-und-dem-kribbeln\\\/#primaryimage\",\"url\":\"https:\\\/\\\/m.media-amazon.com\\\/images\\\/I\\\/41bwt1e6bHS._SL500_.jpg\",\"contentUrl\":\"https:\\\/\\\/m.media-amazon.com\\\/images\\\/I\\\/41bwt1e6bHS._SL500_.jpg\",\"width\":298,\"height\":500},{\"@type\":\"BreadcrumbList\",\"@id\":\"https:\\\/\\\/marktxxl.de\\\/markt\\\/produkt\\\/sinob-beta-alanin-pulver-100-rein-1-x-500g-vegan-und-frei-von-jeglichen-zusaetzen-mit-dosierloeffel-und-dem-kribbeln\\\/#breadcrumb\",\"itemListElement\":[{\"@type\":\"ListItem\",\"position\":1,\"name\":\"Startseite\",\"item\":\"https:\\\/\\\/marktxxl.de\\\/markt\\\/\"},{\"@type\":\"ListItem\",\"position\":2,\"name\":\"Markt\",\"item\":\"https:\\\/\\\/marktxxl.de\\\/markt\\\/\"},{\"@type\":\"ListItem\",\"position\":3,\"name\":\"sinob BETA ALANIN Pulver 100% Rein &#8211; 1 x 500g Vegan und Frei von Jeglichen Zus\u00e4tzen mit Dosierl\u00f6ffel und dem Kribbeln\"}]},{\"@type\":\"WebSite\",\"@id\":\"https:\\\/\\\/marktxxl.de\\\/markt\\\/#website\",\"url\":\"https:\\\/\\\/marktxxl.de\\\/markt\\\/\",\"name\":\"Markt-XXL\",\"description\":\"Ihr Markt Online\",\"publisher\":{\"@id\":\"https:\\\/\\\/marktxxl.de\\\/markt\\\/#organization\"},\"potentialAction\":[{\"@type\":\"SearchAction\",\"target\":{\"@type\":\"EntryPoint\",\"urlTemplate\":\"https:\\\/\\\/marktxxl.de\\\/markt\\\/?s={search_term_string}\"},\"query-input\":{\"@type\":\"PropertyValueSpecification\",\"valueRequired\":true,\"valueName\":\"search_term_string\"}}],\"inLanguage\":\"de\"},{\"@type\":\"Organization\",\"@id\":\"https:\\\/\\\/marktxxl.de\\\/markt\\\/#organization\",\"name\":\"Markt-XXL\",\"url\":\"https:\\\/\\\/marktxxl.de\\\/markt\\\/\",\"logo\":{\"@type\":\"ImageObject\",\"inLanguage\":\"de\",\"@id\":\"https:\\\/\\\/marktxxl.de\\\/markt\\\/#\\\/schema\\\/logo\\\/image\\\/\",\"url\":\"https:\\\/\\\/marktxxl.de\\\/markt\\\/wp-content\\\/uploads\\\/sites\\\/3\\\/2020\\\/12\\\/logo.png\",\"contentUrl\":\"https:\\\/\\\/marktxxl.de\\\/markt\\\/wp-content\\\/uploads\\\/sites\\\/3\\\/2020\\\/12\\\/logo.png\",\"width\":200,\"height\":70,\"caption\":\"Markt-XXL\"},\"image\":{\"@id\":\"https:\\\/\\\/marktxxl.de\\\/markt\\\/#\\\/schema\\\/logo\\\/image\\\/\"}}]}<\/script>\n<!-- \/ Yoast SEO plugin. -->","yoast_head_json":{"title":"sinob BETA ALANIN Pulver 100% Rein - 1 x 500g Vegan und Frei von Jeglichen Zus\u00e4tzen mit Dosierl\u00f6ffel und dem Kribbeln - Markt-XXL","description":"Markt-XXL sinob BETA ALANIN Pulver 100% Rein - 1 x 500g Vegan und Frei von Jeglichen Zus\u00e4tzen mit Dosierl\u00f6ffel und dem Kribbeln","robots":{"index":"index","follow":"follow","max-snippet":"max-snippet:-1","max-image-preview":"max-image-preview:large","max-video-preview":"max-video-preview:-1"},"canonical":"https:\/\/marktxxl.de\/markt\/produkt\/sinob-beta-alanin-pulver-100-rein-1-x-500g-vegan-und-frei-von-jeglichen-zusaetzen-mit-dosierloeffel-und-dem-kribbeln\/","og_locale":"de_DE","og_type":"article","og_title":"sinob BETA ALANIN Pulver 100% Rein - 1 x 500g Vegan und Frei von Jeglichen Zus\u00e4tzen mit Dosierl\u00f6ffel und dem Kribbeln - Markt-XXL","og_description":"Markt-XXL sinob BETA ALANIN Pulver 100% Rein - 1 x 500g Vegan und Frei von Jeglichen Zus\u00e4tzen mit Dosierl\u00f6ffel und dem Kribbeln","og_url":"https:\/\/marktxxl.de\/markt\/produkt\/sinob-beta-alanin-pulver-100-rein-1-x-500g-vegan-und-frei-von-jeglichen-zusaetzen-mit-dosierloeffel-und-dem-kribbeln\/","og_site_name":"Markt-XXL","article_modified_time":"2023-04-11T02:54:09+00:00","og_image":[{"width":298,"height":500,"url":"https:\/\/m.media-amazon.com\/images\/I\/41bwt1e6bHS._SL500_.jpg","type":"image\/jpeg"}],"twitter_card":"summary_large_image","twitter_misc":{"Gesch\u00e4tzte Lesezeit":"1\u00a0Minute"},"schema":{"@context":"https:\/\/schema.org","@graph":[{"@type":"WebPage","@id":"https:\/\/marktxxl.de\/markt\/produkt\/sinob-beta-alanin-pulver-100-rein-1-x-500g-vegan-und-frei-von-jeglichen-zusaetzen-mit-dosierloeffel-und-dem-kribbeln\/","url":"https:\/\/marktxxl.de\/markt\/produkt\/sinob-beta-alanin-pulver-100-rein-1-x-500g-vegan-und-frei-von-jeglichen-zusaetzen-mit-dosierloeffel-und-dem-kribbeln\/","name":"sinob BETA ALANIN Pulver 100% Rein - 1 x 500g Vegan und Frei von Jeglichen Zus\u00e4tzen mit Dosierl\u00f6ffel und dem Kribbeln - Markt-XXL","isPartOf":{"@id":"https:\/\/marktxxl.de\/markt\/#website"},"primaryImageOfPage":{"@id":"https:\/\/marktxxl.de\/markt\/produkt\/sinob-beta-alanin-pulver-100-rein-1-x-500g-vegan-und-frei-von-jeglichen-zusaetzen-mit-dosierloeffel-und-dem-kribbeln\/#primaryimage"},"image":{"@id":"https:\/\/marktxxl.de\/markt\/produkt\/sinob-beta-alanin-pulver-100-rein-1-x-500g-vegan-und-frei-von-jeglichen-zusaetzen-mit-dosierloeffel-und-dem-kribbeln\/#primaryimage"},"thumbnailUrl":"https:\/\/m.media-amazon.com\/images\/I\/41bwt1e6bHS._SL500_.jpg","datePublished":"2022-11-11T08:56:15+00:00","dateModified":"2023-04-11T02:54:09+00:00","description":"Markt-XXL sinob BETA ALANIN Pulver 100% Rein - 1 x 500g Vegan und Frei von Jeglichen Zus\u00e4tzen mit Dosierl\u00f6ffel und dem Kribbeln","breadcrumb":{"@id":"https:\/\/marktxxl.de\/markt\/produkt\/sinob-beta-alanin-pulver-100-rein-1-x-500g-vegan-und-frei-von-jeglichen-zusaetzen-mit-dosierloeffel-und-dem-kribbeln\/#breadcrumb"},"inLanguage":"de","potentialAction":[{"@type":"ReadAction","target":["https:\/\/marktxxl.de\/markt\/produkt\/sinob-beta-alanin-pulver-100-rein-1-x-500g-vegan-und-frei-von-jeglichen-zusaetzen-mit-dosierloeffel-und-dem-kribbeln\/"]}]},{"@type":"ImageObject","inLanguage":"de","@id":"https:\/\/marktxxl.de\/markt\/produkt\/sinob-beta-alanin-pulver-100-rein-1-x-500g-vegan-und-frei-von-jeglichen-zusaetzen-mit-dosierloeffel-und-dem-kribbeln\/#primaryimage","url":"https:\/\/m.media-amazon.com\/images\/I\/41bwt1e6bHS._SL500_.jpg","contentUrl":"https:\/\/m.media-amazon.com\/images\/I\/41bwt1e6bHS._SL500_.jpg","width":298,"height":500},{"@type":"BreadcrumbList","@id":"https:\/\/marktxxl.de\/markt\/produkt\/sinob-beta-alanin-pulver-100-rein-1-x-500g-vegan-und-frei-von-jeglichen-zusaetzen-mit-dosierloeffel-und-dem-kribbeln\/#breadcrumb","itemListElement":[{"@type":"ListItem","position":1,"name":"Startseite","item":"https:\/\/marktxxl.de\/markt\/"},{"@type":"ListItem","position":2,"name":"Markt","item":"https:\/\/marktxxl.de\/markt\/"},{"@type":"ListItem","position":3,"name":"sinob BETA ALANIN Pulver 100% Rein &#8211; 1 x 500g Vegan und Frei von Jeglichen Zus\u00e4tzen mit Dosierl\u00f6ffel und dem Kribbeln"}]},{"@type":"WebSite","@id":"https:\/\/marktxxl.de\/markt\/#website","url":"https:\/\/marktxxl.de\/markt\/","name":"Markt-XXL","description":"Ihr Markt Online","publisher":{"@id":"https:\/\/marktxxl.de\/markt\/#organization"},"potentialAction":[{"@type":"SearchAction","target":{"@type":"EntryPoint","urlTemplate":"https:\/\/marktxxl.de\/markt\/?s={search_term_string}"},"query-input":{"@type":"PropertyValueSpecification","valueRequired":true,"valueName":"search_term_string"}}],"inLanguage":"de"},{"@type":"Organization","@id":"https:\/\/marktxxl.de\/markt\/#organization","name":"Markt-XXL","url":"https:\/\/marktxxl.de\/markt\/","logo":{"@type":"ImageObject","inLanguage":"de","@id":"https:\/\/marktxxl.de\/markt\/#\/schema\/logo\/image\/","url":"https:\/\/marktxxl.de\/markt\/wp-content\/uploads\/sites\/3\/2020\/12\/logo.png","contentUrl":"https:\/\/marktxxl.de\/markt\/wp-content\/uploads\/sites\/3\/2020\/12\/logo.png","width":200,"height":70,"caption":"Markt-XXL"},"image":{"@id":"https:\/\/marktxxl.de\/markt\/#\/schema\/logo\/image\/"}}]}},"_links":{"self":[{"href":"https:\/\/marktxxl.de\/markt\/wp-json\/wp\/v2\/product\/167840","targetHints":{"allow":["GET"]}}],"collection":[{"href":"https:\/\/marktxxl.de\/markt\/wp-json\/wp\/v2\/product"}],"about":[{"href":"https:\/\/marktxxl.de\/markt\/wp-json\/wp\/v2\/types\/product"}],"replies":[{"embeddable":true,"href":"https:\/\/marktxxl.de\/markt\/wp-json\/wp\/v2\/comments?post=167840"}],"wp:featuredmedia":[{"embeddable":true,"href":"https:\/\/marktxxl.de\/markt\/wp-json\/wp\/v2\/media\/167841"}],"wp:attachment":[{"href":"https:\/\/marktxxl.de\/markt\/wp-json\/wp\/v2\/media?parent=167840"}],"wp:term":[{"taxonomy":"product_brand","embeddable":true,"href":"https:\/\/marktxxl.de\/markt\/wp-json\/wp\/v2\/product_brand?post=167840"},{"taxonomy":"product_cat","embeddable":true,"href":"https:\/\/marktxxl.de\/markt\/wp-json\/wp\/v2\/product_cat?post=167840"},{"taxonomy":"product_tag","embeddable":true,"href":"https:\/\/marktxxl.de\/markt\/wp-json\/wp\/v2\/product_tag?post=167840"}],"curies":[{"name":"wp","href":"https:\/\/api.w.org\/{rel}","templated":true}]}}