{"id":167822,"date":"2022-11-11T09:55:54","date_gmt":"2022-11-11T08:55:54","guid":{"rendered":"https:\/\/marktxxl.de\/markt\/produkt\/vitamin-d3-k2-tropfen-30ml-laborgepruefte-premium-rohstoffe-997-all-trans-k2vital-hochwertiges-vitamin-d3-vorrat-fuer-510-tage\/"},"modified":"2023-04-11T04:54:09","modified_gmt":"2023-04-11T02:54:09","slug":"vitamin-d3-k2-tropfen-30ml-laborgepruefte-premium-rohstoffe-997-all-trans-k2vital-hochwertiges-vitamin-d3-vorrat-fuer-510-tage","status":"publish","type":"product","link":"https:\/\/marktxxl.de\/markt\/produkt\/vitamin-d3-k2-tropfen-30ml-laborgepruefte-premium-rohstoffe-997-all-trans-k2vital-hochwertiges-vitamin-d3-vorrat-fuer-510-tage\/","title":{"rendered":"Vitamin D3 \/ K2 Tropfen 30 ml | Laborgepr\u00fcfte Premium Rohstoffe: 99% All-Trans (GNOSIS\u00ae) + hochwertiges Vitamin D3\u2026"},"content":{"rendered":"<p>\u00dcBERRAGENDES PREIS-LEISTUNGS VERH\u00c4LTNIS: Perfekter Vorrat an Vitamin D3 \/ K2 in h\u00f6chster Qualit\u00e4t! Eine Flasche Vitamin D3\/K2 Tropfen enth\u00e4lt bei uns 1020 Tropfen (30 ml) und hat eine Mindesthaltbarkeit von 2 Jahren. Bei 2 Tropfen hochwertigem Vitamin D3 pro Tag (25\u00b5g) und 20\u00b5g Vitamin K2 (K2VITAL) reicht dir eine Flasche f\u00fcr 510 Tage. Viele Marken bieten 50ml Flaschen mit 1700 Tagesrationen an, was ca. 4,6 Jahren entspricht und die Haltbarkeit weit \u00fcberschreitet. Warum unn\u00f6tig zu viel kaufen?<br \/>\nPREMIUM ROHSTOFFE: Neben einem hoch bioverf\u00fcgbaren und laborgepr\u00fcften Vitamin D3 Pr\u00e4parat verwenden wir das hochwertigste Vitamin K2 MK7 auf dem Markt von Kappa. Der Hersteller garantiert einen All-Trans-Gehalt von mindestens 99,7%, was weit \u00fcber den Werten anderer Rohstoffhersteller liegt. Kombiniert werden die zwei Hauptelemente mit MCT-\u00d6l aus Kokos f\u00fcr eine optimale Bioverf\u00fcgbarkeit. Vitamin D3 und K2 sind fettl\u00f6sliche Vitamine und werden in dieser Form bestm\u00f6glich vom K\u00f6rper aufgenommen.<br \/>\nLABORGEPR\u00dcFTE MARKENQUALIT\u00c4T MADE IN GERMANY: Leider verlassen sich zu viele Hersteller auf die Spezifikationen der Rohstofflieferanten. Nur die Wenigsten lassen die Produkte spezifisch von einem Labor untersuchen und pr\u00fcfen. Unter h\u00f6chsten Qualit\u00e4tsstandards und streng gepr\u00fcften Anlagen in Deutschland produziert, unterliegen unsere Vitamin D3 \/ K2 Tropfen fortlaufenden Untersuchungen der besten deutschen Labore. Das Analysezertifikat finden Sie in den Produktbildern.<br \/>\nKEINE ZUSATZSTOFFE Das Produkt ist frei von Trennmitteln wie Magnesiumsalze der Speisefetts\u00e4uren (Magnesiumstearat), F\u00fcllstoffen, Aromen, Farbstoffen und Stabilisatoren. Dadurch: laktosefrei, glutenfrei, ohne Konservierungsstoffe und gentechnikver\u00e4nderte Zutaten (GMO frei), da wir von Billion Trees uns f\u00fcr beste und reinste N\u00e4hrstoffe verpflichtet haben.<br \/>\nBEW\u00c4HRTE ZUFRIEDENHEIT ALS VERGLEICHSSIEGER Viele Marken Versprechen hohe Qualit\u00e4t, Reinheit und einen guten Preis. Wir halten es auch nachweislich ein. Die top gerankten und unabh\u00e4ngigen Vergleichs-Plattformen Supplementbibel &amp; Fit For Beach bewerten unser fl\u00fcssiges Vitamin D3 \/ K2 Pr\u00e4parat als das beste in seiner Klasse. Darauf sind wir sehr stolz und f\u00fchlen uns in unserem Ansatz best\u00e4tigt. Sollten Sie einmal nicht zufrieden sein, finden wir eine zufriedenstellende L\u00f6sung &#8211; ohne Wenn und Aber.<br \/>\n<div class=\"main-cross-sell\" data-asin=\"B0992KG1MY\">\n\n\t<div class=\"WooZone-cross-sell-loader\">\n\t\t<div>\n\t\t\t<div id=\"floatingBarsG\">\n\t\t\t\t<div class=\"blockG\" id=\"rotateG_01\"><\/div>\n\t\t\t\t<div class=\"blockG\" id=\"rotateG_02\"><\/div>\n\t\t\t\t<div class=\"blockG\" id=\"rotateG_03\"><\/div>\n\t\t\t\t<div class=\"blockG\" id=\"rotateG_04\"><\/div>\n\t\t\t\t<div class=\"blockG\" id=\"rotateG_05\"><\/div>\n\t\t\t\t<div class=\"blockG\" id=\"rotateG_06\"><\/div>\n\t\t\t\t<div class=\"blockG\" id=\"rotateG_07\"><\/div>\n\t\t\t\t<div class=\"blockG\" id=\"rotateG_08\"><\/div>\n\t\t\t<\/div>\n\t\t\t<div class=\"WooZone-cross-sell-loader-text\"><\/div>\n\t\t<\/div>\n\t<\/div>\n\n\t\t\n<\/div>\n<div style=\"clear:both;\"><\/div><\/p>\n","protected":false},"excerpt":{"rendered":"<p>\u00dcBERRAGENDES PREIS-LEISTUNGS VERH\u00c4LTNIS: Perfekter Vorrat an Vitamin D3 \/ K2 in h\u00f6chster Qualit\u00e4t! Eine Flasche Vitamin D3\/K2 Tropfen enth\u00e4lt bei uns 1020 Tropfen (30 ml) und hat eine Mindesthaltbarkeit von 2 Jahren. Bei 2 Tropfen hochwertigem Vitamin D3 pro Tag (25\u00b5g) und 20\u00b5g Vitamin K2 (K2VITAL) reicht dir eine Flasche f\u00fcr 510 Tage. Viele Marken bieten 50ml Flaschen mit 1700 Tagesrationen an, was ca. 4,6 Jahren entspricht und die Haltbarkeit weit \u00fcberschreitet. Warum unn\u00f6tig zu viel kaufen?<br \/>\nPREMIUM ROHSTOFFE: Neben einem hoch bioverf\u00fcgbaren und laborgepr\u00fcften Vitamin D3 Pr\u00e4parat verwenden wir das hochwertigste Vitamin K2 MK7 auf dem Markt von Kappa. Der Hersteller garantiert einen All-Trans-Gehalt von mindestens 99,7%, was weit \u00fcber den Werten anderer Rohstoffhersteller liegt. Kombiniert werden die zwei Hauptelemente mit MCT-\u00d6l aus Kokos f\u00fcr eine optimale Bioverf\u00fcgbarkeit. Vitamin D3 und K2 sind fettl\u00f6sliche Vitamine und werden in dieser Form bestm\u00f6glich vom K\u00f6rper aufgenommen.<br \/>\nLABORGEPR\u00dcFTE MARKENQUALIT\u00c4T MADE IN GERMANY: Leider verlassen sich zu viele Hersteller auf die Spezifikationen der Rohstofflieferanten. Nur die Wenigsten lassen die Produkte spezifisch von einem Labor untersuchen und pr\u00fcfen. Unter h\u00f6chsten Qualit\u00e4tsstandards und streng gepr\u00fcften Anlagen in Deutschland produziert, unterliegen unsere Vitamin D3 \/ K2 Tropfen fortlaufenden Untersuchungen der besten deutschen Labore. Das Analysezertifikat finden Sie in den Produktbildern.<\/p>\n","protected":false},"featured_media":167823,"comment_status":"open","ping_status":"closed","template":"","meta":[],"product_brand":[],"product_cat":[566,6375],"product_tag":[],"class_list":{"0":"post-167822","1":"product","2":"type-product","3":"status-publish","4":"has-post-thumbnail","6":"product_cat-drogerie-koerperpflege","7":"product_cat-vitamine-mineralien-ergaenzungsmittel","8":"pa_brand-billion-trees","9":"pa_color-transparent","10":"pa_height-4-7244-zoll","11":"pa_languages-unbekannt-deutsch","12":"pa_length-1-5748-zoll","13":"pa_manufacturer-billion-trees","14":"pa_size-30-ml-1er-pack","15":"pa_width-1-5748-zoll","17":"first","18":"instock","19":"shipping-taxable","20":"purchasable","21":"product-type-simple","22":"customify-col","23":"product-has-gallery"},"yoast_head":"<!-- This site is optimized with the Yoast SEO plugin v27.3 - https:\/\/yoast.com\/product\/yoast-seo-wordpress\/ -->\n<title>Vitamin D3 \/ K2 Tropfen 30 ml | Laborgepr\u00fcfte Premium Rohstoffe: 99% All-Trans (GNOSIS\u00ae) + hochwertiges Vitamin D3\u2026 - Markt-XXL<\/title>\n<meta name=\"description\" content=\"Markt-XXL Vitamin D3 \/ K2 Tropfen 30 ml | Laborgepr\u00fcfte Premium Rohstoffe: 99% All-Trans (GNOSIS\u00ae) + hochwertiges Vitamin D3\u2026\" \/>\n<meta name=\"robots\" content=\"index, follow, max-snippet:-1, max-image-preview:large, max-video-preview:-1\" \/>\n<link rel=\"canonical\" href=\"https:\/\/marktxxl.de\/markt\/produkt\/vitamin-d3-k2-tropfen-30ml-laborgepruefte-premium-rohstoffe-997-all-trans-k2vital-hochwertiges-vitamin-d3-vorrat-fuer-510-tage\/\" \/>\n<meta property=\"og:locale\" content=\"de_DE\" \/>\n<meta property=\"og:type\" content=\"article\" \/>\n<meta property=\"og:title\" content=\"Vitamin D3 \/ K2 Tropfen 30 ml | Laborgepr\u00fcfte Premium Rohstoffe: 99% All-Trans (GNOSIS\u00ae) + hochwertiges Vitamin D3\u2026 - Markt-XXL\" \/>\n<meta property=\"og:description\" content=\"Markt-XXL Vitamin D3 \/ K2 Tropfen 30 ml | Laborgepr\u00fcfte Premium Rohstoffe: 99% All-Trans (GNOSIS\u00ae) + hochwertiges Vitamin D3\u2026\" \/>\n<meta property=\"og:url\" content=\"https:\/\/marktxxl.de\/markt\/produkt\/vitamin-d3-k2-tropfen-30ml-laborgepruefte-premium-rohstoffe-997-all-trans-k2vital-hochwertiges-vitamin-d3-vorrat-fuer-510-tage\/\" \/>\n<meta property=\"og:site_name\" content=\"Markt-XXL\" \/>\n<meta property=\"article:modified_time\" content=\"2023-04-11T02:54:09+00:00\" \/>\n<meta property=\"og:image\" content=\"https:\/\/m.media-amazon.com\/images\/I\/414V6xIb0TL._SL500_.jpg\" \/>\n\t<meta property=\"og:image:width\" content=\"500\" \/>\n\t<meta property=\"og:image:height\" content=\"500\" \/>\n\t<meta property=\"og:image:type\" content=\"image\/jpeg\" \/>\n<meta name=\"twitter:card\" content=\"summary_large_image\" \/>\n<meta name=\"twitter:label1\" content=\"Gesch\u00e4tzte Lesezeit\" \/>\n\t<meta name=\"twitter:data1\" content=\"2\u00a0Minuten\" \/>\n<script type=\"application\/ld+json\" class=\"yoast-schema-graph\">{\"@context\":\"https:\\\/\\\/schema.org\",\"@graph\":[{\"@type\":\"WebPage\",\"@id\":\"https:\\\/\\\/marktxxl.de\\\/markt\\\/produkt\\\/vitamin-d3-k2-tropfen-30ml-laborgepruefte-premium-rohstoffe-997-all-trans-k2vital-hochwertiges-vitamin-d3-vorrat-fuer-510-tage\\\/\",\"url\":\"https:\\\/\\\/marktxxl.de\\\/markt\\\/produkt\\\/vitamin-d3-k2-tropfen-30ml-laborgepruefte-premium-rohstoffe-997-all-trans-k2vital-hochwertiges-vitamin-d3-vorrat-fuer-510-tage\\\/\",\"name\":\"Vitamin D3 \\\/ K2 Tropfen 30 ml | Laborgepr\u00fcfte Premium Rohstoffe: 99% All-Trans (GNOSIS\u00ae) + hochwertiges Vitamin D3\u2026 - Markt-XXL\",\"isPartOf\":{\"@id\":\"https:\\\/\\\/marktxxl.de\\\/markt\\\/#website\"},\"primaryImageOfPage\":{\"@id\":\"https:\\\/\\\/marktxxl.de\\\/markt\\\/produkt\\\/vitamin-d3-k2-tropfen-30ml-laborgepruefte-premium-rohstoffe-997-all-trans-k2vital-hochwertiges-vitamin-d3-vorrat-fuer-510-tage\\\/#primaryimage\"},\"image\":{\"@id\":\"https:\\\/\\\/marktxxl.de\\\/markt\\\/produkt\\\/vitamin-d3-k2-tropfen-30ml-laborgepruefte-premium-rohstoffe-997-all-trans-k2vital-hochwertiges-vitamin-d3-vorrat-fuer-510-tage\\\/#primaryimage\"},\"thumbnailUrl\":\"https:\\\/\\\/m.media-amazon.com\\\/images\\\/I\\\/414V6xIb0TL._SL500_.jpg\",\"datePublished\":\"2022-11-11T08:55:54+00:00\",\"dateModified\":\"2023-04-11T02:54:09+00:00\",\"description\":\"Markt-XXL Vitamin D3 \\\/ K2 Tropfen 30 ml | Laborgepr\u00fcfte Premium Rohstoffe: 99% All-Trans (GNOSIS\u00ae) + hochwertiges Vitamin D3\u2026\",\"breadcrumb\":{\"@id\":\"https:\\\/\\\/marktxxl.de\\\/markt\\\/produkt\\\/vitamin-d3-k2-tropfen-30ml-laborgepruefte-premium-rohstoffe-997-all-trans-k2vital-hochwertiges-vitamin-d3-vorrat-fuer-510-tage\\\/#breadcrumb\"},\"inLanguage\":\"de\",\"potentialAction\":[{\"@type\":\"ReadAction\",\"target\":[\"https:\\\/\\\/marktxxl.de\\\/markt\\\/produkt\\\/vitamin-d3-k2-tropfen-30ml-laborgepruefte-premium-rohstoffe-997-all-trans-k2vital-hochwertiges-vitamin-d3-vorrat-fuer-510-tage\\\/\"]}]},{\"@type\":\"ImageObject\",\"inLanguage\":\"de\",\"@id\":\"https:\\\/\\\/marktxxl.de\\\/markt\\\/produkt\\\/vitamin-d3-k2-tropfen-30ml-laborgepruefte-premium-rohstoffe-997-all-trans-k2vital-hochwertiges-vitamin-d3-vorrat-fuer-510-tage\\\/#primaryimage\",\"url\":\"https:\\\/\\\/m.media-amazon.com\\\/images\\\/I\\\/414V6xIb0TL._SL500_.jpg\",\"contentUrl\":\"https:\\\/\\\/m.media-amazon.com\\\/images\\\/I\\\/414V6xIb0TL._SL500_.jpg\",\"width\":500,\"height\":500},{\"@type\":\"BreadcrumbList\",\"@id\":\"https:\\\/\\\/marktxxl.de\\\/markt\\\/produkt\\\/vitamin-d3-k2-tropfen-30ml-laborgepruefte-premium-rohstoffe-997-all-trans-k2vital-hochwertiges-vitamin-d3-vorrat-fuer-510-tage\\\/#breadcrumb\",\"itemListElement\":[{\"@type\":\"ListItem\",\"position\":1,\"name\":\"Startseite\",\"item\":\"https:\\\/\\\/marktxxl.de\\\/markt\\\/\"},{\"@type\":\"ListItem\",\"position\":2,\"name\":\"Markt\",\"item\":\"https:\\\/\\\/marktxxl.de\\\/markt\\\/\"},{\"@type\":\"ListItem\",\"position\":3,\"name\":\"Vitamin D3 \\\/ K2 Tropfen 30 ml | Laborgepr\u00fcfte Premium Rohstoffe: 99% All-Trans (GNOSIS\u00ae) + hochwertiges Vitamin D3\u2026\"}]},{\"@type\":\"WebSite\",\"@id\":\"https:\\\/\\\/marktxxl.de\\\/markt\\\/#website\",\"url\":\"https:\\\/\\\/marktxxl.de\\\/markt\\\/\",\"name\":\"Markt-XXL\",\"description\":\"Ihr Markt Online\",\"publisher\":{\"@id\":\"https:\\\/\\\/marktxxl.de\\\/markt\\\/#organization\"},\"potentialAction\":[{\"@type\":\"SearchAction\",\"target\":{\"@type\":\"EntryPoint\",\"urlTemplate\":\"https:\\\/\\\/marktxxl.de\\\/markt\\\/?s={search_term_string}\"},\"query-input\":{\"@type\":\"PropertyValueSpecification\",\"valueRequired\":true,\"valueName\":\"search_term_string\"}}],\"inLanguage\":\"de\"},{\"@type\":\"Organization\",\"@id\":\"https:\\\/\\\/marktxxl.de\\\/markt\\\/#organization\",\"name\":\"Markt-XXL\",\"url\":\"https:\\\/\\\/marktxxl.de\\\/markt\\\/\",\"logo\":{\"@type\":\"ImageObject\",\"inLanguage\":\"de\",\"@id\":\"https:\\\/\\\/marktxxl.de\\\/markt\\\/#\\\/schema\\\/logo\\\/image\\\/\",\"url\":\"https:\\\/\\\/marktxxl.de\\\/markt\\\/wp-content\\\/uploads\\\/sites\\\/3\\\/2020\\\/12\\\/logo.png\",\"contentUrl\":\"https:\\\/\\\/marktxxl.de\\\/markt\\\/wp-content\\\/uploads\\\/sites\\\/3\\\/2020\\\/12\\\/logo.png\",\"width\":200,\"height\":70,\"caption\":\"Markt-XXL\"},\"image\":{\"@id\":\"https:\\\/\\\/marktxxl.de\\\/markt\\\/#\\\/schema\\\/logo\\\/image\\\/\"}}]}<\/script>\n<!-- \/ Yoast SEO plugin. -->","yoast_head_json":{"title":"Vitamin D3 \/ K2 Tropfen 30 ml | Laborgepr\u00fcfte Premium Rohstoffe: 99% All-Trans (GNOSIS\u00ae) + hochwertiges Vitamin D3\u2026 - Markt-XXL","description":"Markt-XXL Vitamin D3 \/ K2 Tropfen 30 ml | Laborgepr\u00fcfte Premium Rohstoffe: 99% All-Trans (GNOSIS\u00ae) + hochwertiges Vitamin D3\u2026","robots":{"index":"index","follow":"follow","max-snippet":"max-snippet:-1","max-image-preview":"max-image-preview:large","max-video-preview":"max-video-preview:-1"},"canonical":"https:\/\/marktxxl.de\/markt\/produkt\/vitamin-d3-k2-tropfen-30ml-laborgepruefte-premium-rohstoffe-997-all-trans-k2vital-hochwertiges-vitamin-d3-vorrat-fuer-510-tage\/","og_locale":"de_DE","og_type":"article","og_title":"Vitamin D3 \/ K2 Tropfen 30 ml | Laborgepr\u00fcfte Premium Rohstoffe: 99% All-Trans (GNOSIS\u00ae) + hochwertiges Vitamin D3\u2026 - Markt-XXL","og_description":"Markt-XXL Vitamin D3 \/ K2 Tropfen 30 ml | Laborgepr\u00fcfte Premium Rohstoffe: 99% All-Trans (GNOSIS\u00ae) + hochwertiges Vitamin D3\u2026","og_url":"https:\/\/marktxxl.de\/markt\/produkt\/vitamin-d3-k2-tropfen-30ml-laborgepruefte-premium-rohstoffe-997-all-trans-k2vital-hochwertiges-vitamin-d3-vorrat-fuer-510-tage\/","og_site_name":"Markt-XXL","article_modified_time":"2023-04-11T02:54:09+00:00","og_image":[{"width":500,"height":500,"url":"https:\/\/m.media-amazon.com\/images\/I\/414V6xIb0TL._SL500_.jpg","type":"image\/jpeg"}],"twitter_card":"summary_large_image","twitter_misc":{"Gesch\u00e4tzte Lesezeit":"2\u00a0Minuten"},"schema":{"@context":"https:\/\/schema.org","@graph":[{"@type":"WebPage","@id":"https:\/\/marktxxl.de\/markt\/produkt\/vitamin-d3-k2-tropfen-30ml-laborgepruefte-premium-rohstoffe-997-all-trans-k2vital-hochwertiges-vitamin-d3-vorrat-fuer-510-tage\/","url":"https:\/\/marktxxl.de\/markt\/produkt\/vitamin-d3-k2-tropfen-30ml-laborgepruefte-premium-rohstoffe-997-all-trans-k2vital-hochwertiges-vitamin-d3-vorrat-fuer-510-tage\/","name":"Vitamin D3 \/ K2 Tropfen 30 ml | Laborgepr\u00fcfte Premium Rohstoffe: 99% All-Trans (GNOSIS\u00ae) + hochwertiges Vitamin D3\u2026 - Markt-XXL","isPartOf":{"@id":"https:\/\/marktxxl.de\/markt\/#website"},"primaryImageOfPage":{"@id":"https:\/\/marktxxl.de\/markt\/produkt\/vitamin-d3-k2-tropfen-30ml-laborgepruefte-premium-rohstoffe-997-all-trans-k2vital-hochwertiges-vitamin-d3-vorrat-fuer-510-tage\/#primaryimage"},"image":{"@id":"https:\/\/marktxxl.de\/markt\/produkt\/vitamin-d3-k2-tropfen-30ml-laborgepruefte-premium-rohstoffe-997-all-trans-k2vital-hochwertiges-vitamin-d3-vorrat-fuer-510-tage\/#primaryimage"},"thumbnailUrl":"https:\/\/m.media-amazon.com\/images\/I\/414V6xIb0TL._SL500_.jpg","datePublished":"2022-11-11T08:55:54+00:00","dateModified":"2023-04-11T02:54:09+00:00","description":"Markt-XXL Vitamin D3 \/ K2 Tropfen 30 ml | Laborgepr\u00fcfte Premium Rohstoffe: 99% All-Trans (GNOSIS\u00ae) + hochwertiges Vitamin D3\u2026","breadcrumb":{"@id":"https:\/\/marktxxl.de\/markt\/produkt\/vitamin-d3-k2-tropfen-30ml-laborgepruefte-premium-rohstoffe-997-all-trans-k2vital-hochwertiges-vitamin-d3-vorrat-fuer-510-tage\/#breadcrumb"},"inLanguage":"de","potentialAction":[{"@type":"ReadAction","target":["https:\/\/marktxxl.de\/markt\/produkt\/vitamin-d3-k2-tropfen-30ml-laborgepruefte-premium-rohstoffe-997-all-trans-k2vital-hochwertiges-vitamin-d3-vorrat-fuer-510-tage\/"]}]},{"@type":"ImageObject","inLanguage":"de","@id":"https:\/\/marktxxl.de\/markt\/produkt\/vitamin-d3-k2-tropfen-30ml-laborgepruefte-premium-rohstoffe-997-all-trans-k2vital-hochwertiges-vitamin-d3-vorrat-fuer-510-tage\/#primaryimage","url":"https:\/\/m.media-amazon.com\/images\/I\/414V6xIb0TL._SL500_.jpg","contentUrl":"https:\/\/m.media-amazon.com\/images\/I\/414V6xIb0TL._SL500_.jpg","width":500,"height":500},{"@type":"BreadcrumbList","@id":"https:\/\/marktxxl.de\/markt\/produkt\/vitamin-d3-k2-tropfen-30ml-laborgepruefte-premium-rohstoffe-997-all-trans-k2vital-hochwertiges-vitamin-d3-vorrat-fuer-510-tage\/#breadcrumb","itemListElement":[{"@type":"ListItem","position":1,"name":"Startseite","item":"https:\/\/marktxxl.de\/markt\/"},{"@type":"ListItem","position":2,"name":"Markt","item":"https:\/\/marktxxl.de\/markt\/"},{"@type":"ListItem","position":3,"name":"Vitamin D3 \/ K2 Tropfen 30 ml | Laborgepr\u00fcfte Premium Rohstoffe: 99% All-Trans (GNOSIS\u00ae) + hochwertiges Vitamin D3\u2026"}]},{"@type":"WebSite","@id":"https:\/\/marktxxl.de\/markt\/#website","url":"https:\/\/marktxxl.de\/markt\/","name":"Markt-XXL","description":"Ihr Markt Online","publisher":{"@id":"https:\/\/marktxxl.de\/markt\/#organization"},"potentialAction":[{"@type":"SearchAction","target":{"@type":"EntryPoint","urlTemplate":"https:\/\/marktxxl.de\/markt\/?s={search_term_string}"},"query-input":{"@type":"PropertyValueSpecification","valueRequired":true,"valueName":"search_term_string"}}],"inLanguage":"de"},{"@type":"Organization","@id":"https:\/\/marktxxl.de\/markt\/#organization","name":"Markt-XXL","url":"https:\/\/marktxxl.de\/markt\/","logo":{"@type":"ImageObject","inLanguage":"de","@id":"https:\/\/marktxxl.de\/markt\/#\/schema\/logo\/image\/","url":"https:\/\/marktxxl.de\/markt\/wp-content\/uploads\/sites\/3\/2020\/12\/logo.png","contentUrl":"https:\/\/marktxxl.de\/markt\/wp-content\/uploads\/sites\/3\/2020\/12\/logo.png","width":200,"height":70,"caption":"Markt-XXL"},"image":{"@id":"https:\/\/marktxxl.de\/markt\/#\/schema\/logo\/image\/"}}]}},"_links":{"self":[{"href":"https:\/\/marktxxl.de\/markt\/wp-json\/wp\/v2\/product\/167822","targetHints":{"allow":["GET"]}}],"collection":[{"href":"https:\/\/marktxxl.de\/markt\/wp-json\/wp\/v2\/product"}],"about":[{"href":"https:\/\/marktxxl.de\/markt\/wp-json\/wp\/v2\/types\/product"}],"replies":[{"embeddable":true,"href":"https:\/\/marktxxl.de\/markt\/wp-json\/wp\/v2\/comments?post=167822"}],"wp:featuredmedia":[{"embeddable":true,"href":"https:\/\/marktxxl.de\/markt\/wp-json\/wp\/v2\/media\/167823"}],"wp:attachment":[{"href":"https:\/\/marktxxl.de\/markt\/wp-json\/wp\/v2\/media?parent=167822"}],"wp:term":[{"taxonomy":"product_brand","embeddable":true,"href":"https:\/\/marktxxl.de\/markt\/wp-json\/wp\/v2\/product_brand?post=167822"},{"taxonomy":"product_cat","embeddable":true,"href":"https:\/\/marktxxl.de\/markt\/wp-json\/wp\/v2\/product_cat?post=167822"},{"taxonomy":"product_tag","embeddable":true,"href":"https:\/\/marktxxl.de\/markt\/wp-json\/wp\/v2\/product_tag?post=167822"}],"curies":[{"name":"wp","href":"https:\/\/api.w.org\/{rel}","templated":true}]}}