{"id":167737,"date":"2022-11-11T09:52:13","date_gmt":"2022-11-11T08:52:13","guid":{"rendered":"https:\/\/marktxxl.de\/markt\/produkt\/solaray-methyl-b-complex-50-60-kapseln-vegan-glutenfrei-ohne-gentechnik-laborgeprueft-nahrungsergaenzungsmittel-mit-vitamin-b-unterstuetzung-der-energieproduktion-im-stoffwechsel\/"},"modified":"2023-04-11T04:53:34","modified_gmt":"2023-04-11T02:53:34","slug":"solaray-methyl-b-complex-50-60-kapseln-vegan-glutenfrei-ohne-gentechnik-laborgeprueft-nahrungsergaenzungsmittel-mit-vitamin-b-unterstuetzung-der-energieproduktion-im-stoffwechsel","status":"publish","type":"product","link":"https:\/\/marktxxl.de\/markt\/produkt\/solaray-methyl-b-complex-50-60-kapseln-vegan-glutenfrei-ohne-gentechnik-laborgeprueft-nahrungsergaenzungsmittel-mit-vitamin-b-unterstuetzung-der-energieproduktion-im-stoffwechsel\/","title":{"rendered":"Solaray Methyl B-Complex 50 | 60 Kapseln | vegan | glutenfrei | ohne Gentechnik | laborgepr\u00fcft\u2026"},"content":{"rendered":"<p>INHALT: Methyl B-Komplex 50 bietet einen wohldosierten Komplex der essentiellen B-Vitamine. Die B-Vitamine in diesem Komplex sind in ihrer aktivierten Coenzym-Form dargereicht. Abgerundet wird der Komplex durch Cholin, Paba und Inositol.<br \/>\nHOCHWERTIG: Das Produkt ist vegan, glutenfrei, ohne Gentechnik und selbstverst\u00e4ndlich laborgepr\u00fcft. So garantieren wir ein Nahrungserg\u00e4nzungsmittel in hochwertiger Qualit\u00e4t mit Methylcobalamin &amp; Folat.<br \/>\nANWENDUNG: Nehmen Sie eine Kapsel t\u00e4glich mit einer Mahlzeit und mit einem Glas Wasser ein. Zerkauen Sie die Kapsel nicht und \u00fcberschreiten Sie nicht die empfohlene Tagesverzehrsempfehlung. Bitte k\u00fchl und trocken aufbewahren.<br \/>\nWIRKUNG: B-Vitamine erf\u00fcllen viele Aufgaben in unserem K\u00f6rper. Sie sind essentiell f\u00fcr unser Wohlbefinden und entscheidend f\u00fcr die Energieproduktion in unserem Stoffwechsel. Am st\u00e4rksten sie gemeinsam, da sie sich wechselseitig beeinflussen.<br \/>\nSOLARAY: Solaray steht seit 1973 f\u00fcr h\u00f6chste Kompetenz in der Herstellung und Entwicklung echter Premiumnahrungserg\u00e4nzung. Wir sind f\u00fcr innovative, hochqualitative und hochwirksame Nahrungserg\u00e4nzungsmittel bekannt.<br \/>\n<div class=\"main-cross-sell\" data-asin=\"B011ZN8TBC\">\n\n\t<div class=\"WooZone-cross-sell-loader\">\n\t\t<div>\n\t\t\t<div id=\"floatingBarsG\">\n\t\t\t\t<div class=\"blockG\" id=\"rotateG_01\"><\/div>\n\t\t\t\t<div class=\"blockG\" id=\"rotateG_02\"><\/div>\n\t\t\t\t<div class=\"blockG\" id=\"rotateG_03\"><\/div>\n\t\t\t\t<div class=\"blockG\" id=\"rotateG_04\"><\/div>\n\t\t\t\t<div class=\"blockG\" id=\"rotateG_05\"><\/div>\n\t\t\t\t<div class=\"blockG\" id=\"rotateG_06\"><\/div>\n\t\t\t\t<div class=\"blockG\" id=\"rotateG_07\"><\/div>\n\t\t\t\t<div class=\"blockG\" id=\"rotateG_08\"><\/div>\n\t\t\t<\/div>\n\t\t\t<div class=\"WooZone-cross-sell-loader-text\"><\/div>\n\t\t<\/div>\n\t<\/div>\n\n\t\t\n<\/div>\n<div style=\"clear:both;\"><\/div><\/p>\n","protected":false},"excerpt":{"rendered":"<p>INHALT: Methyl B-Komplex 50 bietet einen wohldosierten Komplex der essentiellen B-Vitamine. Die B-Vitamine in diesem Komplex sind in ihrer aktivierten Coenzym-Form dargereicht. Abgerundet wird der Komplex durch Cholin, Paba und Inositol.<br \/>\nHOCHWERTIG: Das Produkt ist vegan, glutenfrei, ohne Gentechnik und selbstverst\u00e4ndlich laborgepr\u00fcft. So garantieren wir ein Nahrungserg\u00e4nzungsmittel in hochwertiger Qualit\u00e4t mit Methylcobalamin &amp; Folat.<br \/>\nANWENDUNG: Nehmen Sie eine Kapsel t\u00e4glich mit einer Mahlzeit und mit einem Glas Wasser ein. Zerkauen Sie die Kapsel nicht und \u00fcberschreiten Sie nicht die empfohlene Tagesverzehrsempfehlung. Bitte k\u00fchl und trocken aufbewahren.<\/p>\n","protected":false},"featured_media":167738,"comment_status":"open","ping_status":"closed","template":"","meta":[],"product_brand":[],"product_cat":[566,6375],"product_tag":[],"class_list":{"0":"post-167737","1":"product","2":"type-product","3":"status-publish","4":"has-post-thumbnail","6":"product_cat-drogerie-koerperpflege","7":"product_cat-vitamine-mineralien-ergaenzungsmittel","8":"pa_binding-badartikel","9":"pa_brand-solaray","10":"pa_color-weiss","11":"pa_height-4-16-zoll","12":"pa_length-2-zoll","13":"pa_manufacturer-solaray","14":"pa_model-44918","15":"pa_size-50-stueck-1er-pack","16":"pa_weight-0-14-pfund","17":"pa_width-2-zoll","19":"first","20":"instock","21":"shipping-taxable","22":"purchasable","23":"product-type-simple","24":"customify-col","25":"product-has-gallery"},"yoast_head":"<!-- This site is optimized with the Yoast SEO plugin v27.4 - https:\/\/yoast.com\/product\/yoast-seo-wordpress\/ -->\n<title>Solaray Methyl B-Complex 50 | 60 Kapseln | vegan | glutenfrei | ohne Gentechnik | laborgepr\u00fcft\u2026 - Markt-XXL<\/title>\n<meta name=\"description\" content=\"Markt-XXL Solaray Methyl B-Complex 50 | 60 Kapseln | vegan | glutenfrei | ohne Gentechnik | laborgepr\u00fcft\u2026\" \/>\n<meta name=\"robots\" content=\"index, follow, max-snippet:-1, max-image-preview:large, max-video-preview:-1\" \/>\n<link rel=\"canonical\" href=\"https:\/\/marktxxl.de\/markt\/produkt\/solaray-methyl-b-complex-50-60-kapseln-vegan-glutenfrei-ohne-gentechnik-laborgeprueft-nahrungsergaenzungsmittel-mit-vitamin-b-unterstuetzung-der-energieproduktion-im-stoffwechsel\/\" \/>\n<meta property=\"og:locale\" content=\"de_DE\" \/>\n<meta property=\"og:type\" content=\"article\" \/>\n<meta property=\"og:title\" content=\"Solaray Methyl B-Complex 50 | 60 Kapseln | vegan | glutenfrei | ohne Gentechnik | laborgepr\u00fcft\u2026 - Markt-XXL\" \/>\n<meta property=\"og:description\" content=\"Markt-XXL Solaray Methyl B-Complex 50 | 60 Kapseln | vegan | glutenfrei | ohne Gentechnik | laborgepr\u00fcft\u2026\" \/>\n<meta property=\"og:url\" content=\"https:\/\/marktxxl.de\/markt\/produkt\/solaray-methyl-b-complex-50-60-kapseln-vegan-glutenfrei-ohne-gentechnik-laborgeprueft-nahrungsergaenzungsmittel-mit-vitamin-b-unterstuetzung-der-energieproduktion-im-stoffwechsel\/\" \/>\n<meta property=\"og:site_name\" content=\"Markt-XXL\" \/>\n<meta property=\"article:modified_time\" content=\"2023-04-11T02:53:34+00:00\" \/>\n<meta property=\"og:image\" content=\"https:\/\/m.media-amazon.com\/images\/I\/41Fx8LiT3jL._SL500_.jpg\" \/>\n\t<meta property=\"og:image:width\" content=\"500\" \/>\n\t<meta property=\"og:image:height\" content=\"500\" \/>\n\t<meta property=\"og:image:type\" content=\"image\/jpeg\" \/>\n<meta name=\"twitter:card\" content=\"summary_large_image\" \/>\n<meta name=\"twitter:label1\" content=\"Gesch\u00e4tzte Lesezeit\" \/>\n\t<meta name=\"twitter:data1\" content=\"1\u00a0Minute\" \/>\n<script type=\"application\/ld+json\" class=\"yoast-schema-graph\">{\"@context\":\"https:\\\/\\\/schema.org\",\"@graph\":[{\"@type\":\"WebPage\",\"@id\":\"https:\\\/\\\/marktxxl.de\\\/markt\\\/produkt\\\/solaray-methyl-b-complex-50-60-kapseln-vegan-glutenfrei-ohne-gentechnik-laborgeprueft-nahrungsergaenzungsmittel-mit-vitamin-b-unterstuetzung-der-energieproduktion-im-stoffwechsel\\\/\",\"url\":\"https:\\\/\\\/marktxxl.de\\\/markt\\\/produkt\\\/solaray-methyl-b-complex-50-60-kapseln-vegan-glutenfrei-ohne-gentechnik-laborgeprueft-nahrungsergaenzungsmittel-mit-vitamin-b-unterstuetzung-der-energieproduktion-im-stoffwechsel\\\/\",\"name\":\"Solaray Methyl B-Complex 50 | 60 Kapseln | vegan | glutenfrei | ohne Gentechnik | laborgepr\u00fcft\u2026 - Markt-XXL\",\"isPartOf\":{\"@id\":\"https:\\\/\\\/marktxxl.de\\\/markt\\\/#website\"},\"primaryImageOfPage\":{\"@id\":\"https:\\\/\\\/marktxxl.de\\\/markt\\\/produkt\\\/solaray-methyl-b-complex-50-60-kapseln-vegan-glutenfrei-ohne-gentechnik-laborgeprueft-nahrungsergaenzungsmittel-mit-vitamin-b-unterstuetzung-der-energieproduktion-im-stoffwechsel\\\/#primaryimage\"},\"image\":{\"@id\":\"https:\\\/\\\/marktxxl.de\\\/markt\\\/produkt\\\/solaray-methyl-b-complex-50-60-kapseln-vegan-glutenfrei-ohne-gentechnik-laborgeprueft-nahrungsergaenzungsmittel-mit-vitamin-b-unterstuetzung-der-energieproduktion-im-stoffwechsel\\\/#primaryimage\"},\"thumbnailUrl\":\"https:\\\/\\\/m.media-amazon.com\\\/images\\\/I\\\/41Fx8LiT3jL._SL500_.jpg\",\"datePublished\":\"2022-11-11T08:52:13+00:00\",\"dateModified\":\"2023-04-11T02:53:34+00:00\",\"description\":\"Markt-XXL Solaray Methyl B-Complex 50 | 60 Kapseln | vegan | glutenfrei | ohne Gentechnik | laborgepr\u00fcft\u2026\",\"breadcrumb\":{\"@id\":\"https:\\\/\\\/marktxxl.de\\\/markt\\\/produkt\\\/solaray-methyl-b-complex-50-60-kapseln-vegan-glutenfrei-ohne-gentechnik-laborgeprueft-nahrungsergaenzungsmittel-mit-vitamin-b-unterstuetzung-der-energieproduktion-im-stoffwechsel\\\/#breadcrumb\"},\"inLanguage\":\"de\",\"potentialAction\":[{\"@type\":\"ReadAction\",\"target\":[\"https:\\\/\\\/marktxxl.de\\\/markt\\\/produkt\\\/solaray-methyl-b-complex-50-60-kapseln-vegan-glutenfrei-ohne-gentechnik-laborgeprueft-nahrungsergaenzungsmittel-mit-vitamin-b-unterstuetzung-der-energieproduktion-im-stoffwechsel\\\/\"]}]},{\"@type\":\"ImageObject\",\"inLanguage\":\"de\",\"@id\":\"https:\\\/\\\/marktxxl.de\\\/markt\\\/produkt\\\/solaray-methyl-b-complex-50-60-kapseln-vegan-glutenfrei-ohne-gentechnik-laborgeprueft-nahrungsergaenzungsmittel-mit-vitamin-b-unterstuetzung-der-energieproduktion-im-stoffwechsel\\\/#primaryimage\",\"url\":\"https:\\\/\\\/m.media-amazon.com\\\/images\\\/I\\\/41Fx8LiT3jL._SL500_.jpg\",\"contentUrl\":\"https:\\\/\\\/m.media-amazon.com\\\/images\\\/I\\\/41Fx8LiT3jL._SL500_.jpg\",\"width\":500,\"height\":500},{\"@type\":\"BreadcrumbList\",\"@id\":\"https:\\\/\\\/marktxxl.de\\\/markt\\\/produkt\\\/solaray-methyl-b-complex-50-60-kapseln-vegan-glutenfrei-ohne-gentechnik-laborgeprueft-nahrungsergaenzungsmittel-mit-vitamin-b-unterstuetzung-der-energieproduktion-im-stoffwechsel\\\/#breadcrumb\",\"itemListElement\":[{\"@type\":\"ListItem\",\"position\":1,\"name\":\"Startseite\",\"item\":\"https:\\\/\\\/marktxxl.de\\\/markt\\\/\"},{\"@type\":\"ListItem\",\"position\":2,\"name\":\"Markt\",\"item\":\"https:\\\/\\\/marktxxl.de\\\/markt\\\/\"},{\"@type\":\"ListItem\",\"position\":3,\"name\":\"Solaray Methyl B-Complex 50 | 60 Kapseln | vegan | glutenfrei | ohne Gentechnik | laborgepr\u00fcft\u2026\"}]},{\"@type\":\"WebSite\",\"@id\":\"https:\\\/\\\/marktxxl.de\\\/markt\\\/#website\",\"url\":\"https:\\\/\\\/marktxxl.de\\\/markt\\\/\",\"name\":\"Markt-XXL\",\"description\":\"Ihr Markt Online\",\"publisher\":{\"@id\":\"https:\\\/\\\/marktxxl.de\\\/markt\\\/#organization\"},\"potentialAction\":[{\"@type\":\"SearchAction\",\"target\":{\"@type\":\"EntryPoint\",\"urlTemplate\":\"https:\\\/\\\/marktxxl.de\\\/markt\\\/?s={search_term_string}\"},\"query-input\":{\"@type\":\"PropertyValueSpecification\",\"valueRequired\":true,\"valueName\":\"search_term_string\"}}],\"inLanguage\":\"de\"},{\"@type\":\"Organization\",\"@id\":\"https:\\\/\\\/marktxxl.de\\\/markt\\\/#organization\",\"name\":\"Markt-XXL\",\"url\":\"https:\\\/\\\/marktxxl.de\\\/markt\\\/\",\"logo\":{\"@type\":\"ImageObject\",\"inLanguage\":\"de\",\"@id\":\"https:\\\/\\\/marktxxl.de\\\/markt\\\/#\\\/schema\\\/logo\\\/image\\\/\",\"url\":\"https:\\\/\\\/marktxxl.de\\\/markt\\\/wp-content\\\/uploads\\\/sites\\\/3\\\/2020\\\/12\\\/logo.png\",\"contentUrl\":\"https:\\\/\\\/marktxxl.de\\\/markt\\\/wp-content\\\/uploads\\\/sites\\\/3\\\/2020\\\/12\\\/logo.png\",\"width\":200,\"height\":70,\"caption\":\"Markt-XXL\"},\"image\":{\"@id\":\"https:\\\/\\\/marktxxl.de\\\/markt\\\/#\\\/schema\\\/logo\\\/image\\\/\"}}]}<\/script>\n<!-- \/ Yoast SEO plugin. -->","yoast_head_json":{"title":"Solaray Methyl B-Complex 50 | 60 Kapseln | vegan | glutenfrei | ohne Gentechnik | laborgepr\u00fcft\u2026 - Markt-XXL","description":"Markt-XXL Solaray Methyl B-Complex 50 | 60 Kapseln | vegan | glutenfrei | ohne Gentechnik | laborgepr\u00fcft\u2026","robots":{"index":"index","follow":"follow","max-snippet":"max-snippet:-1","max-image-preview":"max-image-preview:large","max-video-preview":"max-video-preview:-1"},"canonical":"https:\/\/marktxxl.de\/markt\/produkt\/solaray-methyl-b-complex-50-60-kapseln-vegan-glutenfrei-ohne-gentechnik-laborgeprueft-nahrungsergaenzungsmittel-mit-vitamin-b-unterstuetzung-der-energieproduktion-im-stoffwechsel\/","og_locale":"de_DE","og_type":"article","og_title":"Solaray Methyl B-Complex 50 | 60 Kapseln | vegan | glutenfrei | ohne Gentechnik | laborgepr\u00fcft\u2026 - Markt-XXL","og_description":"Markt-XXL Solaray Methyl B-Complex 50 | 60 Kapseln | vegan | glutenfrei | ohne Gentechnik | laborgepr\u00fcft\u2026","og_url":"https:\/\/marktxxl.de\/markt\/produkt\/solaray-methyl-b-complex-50-60-kapseln-vegan-glutenfrei-ohne-gentechnik-laborgeprueft-nahrungsergaenzungsmittel-mit-vitamin-b-unterstuetzung-der-energieproduktion-im-stoffwechsel\/","og_site_name":"Markt-XXL","article_modified_time":"2023-04-11T02:53:34+00:00","og_image":[{"width":500,"height":500,"url":"https:\/\/m.media-amazon.com\/images\/I\/41Fx8LiT3jL._SL500_.jpg","type":"image\/jpeg"}],"twitter_card":"summary_large_image","twitter_misc":{"Gesch\u00e4tzte Lesezeit":"1\u00a0Minute"},"schema":{"@context":"https:\/\/schema.org","@graph":[{"@type":"WebPage","@id":"https:\/\/marktxxl.de\/markt\/produkt\/solaray-methyl-b-complex-50-60-kapseln-vegan-glutenfrei-ohne-gentechnik-laborgeprueft-nahrungsergaenzungsmittel-mit-vitamin-b-unterstuetzung-der-energieproduktion-im-stoffwechsel\/","url":"https:\/\/marktxxl.de\/markt\/produkt\/solaray-methyl-b-complex-50-60-kapseln-vegan-glutenfrei-ohne-gentechnik-laborgeprueft-nahrungsergaenzungsmittel-mit-vitamin-b-unterstuetzung-der-energieproduktion-im-stoffwechsel\/","name":"Solaray Methyl B-Complex 50 | 60 Kapseln | vegan | glutenfrei | ohne Gentechnik | laborgepr\u00fcft\u2026 - Markt-XXL","isPartOf":{"@id":"https:\/\/marktxxl.de\/markt\/#website"},"primaryImageOfPage":{"@id":"https:\/\/marktxxl.de\/markt\/produkt\/solaray-methyl-b-complex-50-60-kapseln-vegan-glutenfrei-ohne-gentechnik-laborgeprueft-nahrungsergaenzungsmittel-mit-vitamin-b-unterstuetzung-der-energieproduktion-im-stoffwechsel\/#primaryimage"},"image":{"@id":"https:\/\/marktxxl.de\/markt\/produkt\/solaray-methyl-b-complex-50-60-kapseln-vegan-glutenfrei-ohne-gentechnik-laborgeprueft-nahrungsergaenzungsmittel-mit-vitamin-b-unterstuetzung-der-energieproduktion-im-stoffwechsel\/#primaryimage"},"thumbnailUrl":"https:\/\/m.media-amazon.com\/images\/I\/41Fx8LiT3jL._SL500_.jpg","datePublished":"2022-11-11T08:52:13+00:00","dateModified":"2023-04-11T02:53:34+00:00","description":"Markt-XXL Solaray Methyl B-Complex 50 | 60 Kapseln | vegan | glutenfrei | ohne Gentechnik | laborgepr\u00fcft\u2026","breadcrumb":{"@id":"https:\/\/marktxxl.de\/markt\/produkt\/solaray-methyl-b-complex-50-60-kapseln-vegan-glutenfrei-ohne-gentechnik-laborgeprueft-nahrungsergaenzungsmittel-mit-vitamin-b-unterstuetzung-der-energieproduktion-im-stoffwechsel\/#breadcrumb"},"inLanguage":"de","potentialAction":[{"@type":"ReadAction","target":["https:\/\/marktxxl.de\/markt\/produkt\/solaray-methyl-b-complex-50-60-kapseln-vegan-glutenfrei-ohne-gentechnik-laborgeprueft-nahrungsergaenzungsmittel-mit-vitamin-b-unterstuetzung-der-energieproduktion-im-stoffwechsel\/"]}]},{"@type":"ImageObject","inLanguage":"de","@id":"https:\/\/marktxxl.de\/markt\/produkt\/solaray-methyl-b-complex-50-60-kapseln-vegan-glutenfrei-ohne-gentechnik-laborgeprueft-nahrungsergaenzungsmittel-mit-vitamin-b-unterstuetzung-der-energieproduktion-im-stoffwechsel\/#primaryimage","url":"https:\/\/m.media-amazon.com\/images\/I\/41Fx8LiT3jL._SL500_.jpg","contentUrl":"https:\/\/m.media-amazon.com\/images\/I\/41Fx8LiT3jL._SL500_.jpg","width":500,"height":500},{"@type":"BreadcrumbList","@id":"https:\/\/marktxxl.de\/markt\/produkt\/solaray-methyl-b-complex-50-60-kapseln-vegan-glutenfrei-ohne-gentechnik-laborgeprueft-nahrungsergaenzungsmittel-mit-vitamin-b-unterstuetzung-der-energieproduktion-im-stoffwechsel\/#breadcrumb","itemListElement":[{"@type":"ListItem","position":1,"name":"Startseite","item":"https:\/\/marktxxl.de\/markt\/"},{"@type":"ListItem","position":2,"name":"Markt","item":"https:\/\/marktxxl.de\/markt\/"},{"@type":"ListItem","position":3,"name":"Solaray Methyl B-Complex 50 | 60 Kapseln | vegan | glutenfrei | ohne Gentechnik | laborgepr\u00fcft\u2026"}]},{"@type":"WebSite","@id":"https:\/\/marktxxl.de\/markt\/#website","url":"https:\/\/marktxxl.de\/markt\/","name":"Markt-XXL","description":"Ihr Markt Online","publisher":{"@id":"https:\/\/marktxxl.de\/markt\/#organization"},"potentialAction":[{"@type":"SearchAction","target":{"@type":"EntryPoint","urlTemplate":"https:\/\/marktxxl.de\/markt\/?s={search_term_string}"},"query-input":{"@type":"PropertyValueSpecification","valueRequired":true,"valueName":"search_term_string"}}],"inLanguage":"de"},{"@type":"Organization","@id":"https:\/\/marktxxl.de\/markt\/#organization","name":"Markt-XXL","url":"https:\/\/marktxxl.de\/markt\/","logo":{"@type":"ImageObject","inLanguage":"de","@id":"https:\/\/marktxxl.de\/markt\/#\/schema\/logo\/image\/","url":"https:\/\/marktxxl.de\/markt\/wp-content\/uploads\/sites\/3\/2020\/12\/logo.png","contentUrl":"https:\/\/marktxxl.de\/markt\/wp-content\/uploads\/sites\/3\/2020\/12\/logo.png","width":200,"height":70,"caption":"Markt-XXL"},"image":{"@id":"https:\/\/marktxxl.de\/markt\/#\/schema\/logo\/image\/"}}]}},"_links":{"self":[{"href":"https:\/\/marktxxl.de\/markt\/wp-json\/wp\/v2\/product\/167737","targetHints":{"allow":["GET"]}}],"collection":[{"href":"https:\/\/marktxxl.de\/markt\/wp-json\/wp\/v2\/product"}],"about":[{"href":"https:\/\/marktxxl.de\/markt\/wp-json\/wp\/v2\/types\/product"}],"replies":[{"embeddable":true,"href":"https:\/\/marktxxl.de\/markt\/wp-json\/wp\/v2\/comments?post=167737"}],"wp:featuredmedia":[{"embeddable":true,"href":"https:\/\/marktxxl.de\/markt\/wp-json\/wp\/v2\/media\/167738"}],"wp:attachment":[{"href":"https:\/\/marktxxl.de\/markt\/wp-json\/wp\/v2\/media?parent=167737"}],"wp:term":[{"taxonomy":"product_brand","embeddable":true,"href":"https:\/\/marktxxl.de\/markt\/wp-json\/wp\/v2\/product_brand?post=167737"},{"taxonomy":"product_cat","embeddable":true,"href":"https:\/\/marktxxl.de\/markt\/wp-json\/wp\/v2\/product_cat?post=167737"},{"taxonomy":"product_tag","embeddable":true,"href":"https:\/\/marktxxl.de\/markt\/wp-json\/wp\/v2\/product_tag?post=167737"}],"curies":[{"name":"wp","href":"https:\/\/api.w.org\/{rel}","templated":true}]}}