{"id":167726,"date":"2022-11-11T09:50:35","date_gmt":"2022-11-11T08:50:35","guid":{"rendered":"https:\/\/marktxxl.de\/markt\/produkt\/athina-oregano-oel-3-x-10-ml-100-aetherisches-oreganooel-origanum-vulgare-hirtum-aus-griechenland-80-carvacrol-100-kundenzufriedenheit-garantie-oder-geld-zurueck\/"},"modified":"2023-04-11T04:53:34","modified_gmt":"2023-04-11T02:53:34","slug":"athina-oregano-oel-3-x-10-ml-100-aetherisches-oreganooel-origanum-vulgare-hirtum-aus-griechenland-80-carvacrol-100-kundenzufriedenheit-garantie-oder-geld-zurueck","status":"publish","type":"product","link":"https:\/\/marktxxl.de\/markt\/produkt\/athina-oregano-oel-3-x-10-ml-100-aetherisches-oreganooel-origanum-vulgare-hirtum-aus-griechenland-80-carvacrol-100-kundenzufriedenheit-garantie-oder-geld-zurueck\/","title":{"rendered":"Athina Oregano \u00d6l, 3 X 10 ml 100% \u00e4therisches Oregano\u00f6l Origanum vulgare hirtum, aus Griechenland, 80% Carvacrol. 100\u2026"},"content":{"rendered":"<p>BESTE QUALIT\u00c4T &#8211; Wir nutzen f\u00fcr unser Athina Oregano \u00d6l nur rein nat\u00fcrliche Zutaten, das beste Oregano Vulgaris hirtum kommt ausschlie\u00dflich aus Griechenland von kleinen Familienbauernh\u00f6fen vom Berg Olymp und aus Nordgriechenland.<br \/>\nEXPERTEN-WISSEN &#8211; Als Autor des Buches \u201cAlles, was ich \u00fcber Oregano-\u00d6l sagen wollte\u201d habe ich h\u00f6chste Qualit\u00e4tsanspr\u00fcche an meine Produkte und lasse all meine Erfahrung in das Produkt einflie\u00dfen.<br \/>\n100% \u00c4THERISCH &#8211; Das \u00e4therische \u00d6l vor dem Verzehr unbedingt mit Wasser, Oliven\u00f6l, Milch oder Honig verd\u00fcnnen. Das Verd\u00fcnnungsverh\u00e4ltnis sollte mindestens im Rahmen 1:20 &#8211; 1:50 liegen.<br \/>\nWERTVOLLE AUFBEWAHRUNG &#8211; Violett Glas sch\u00fctzt vor Sonneneinstrahlung. Durch das Violett Glas wird die Reinheit und Frische der Vitalstoffe sowie der Schutz vor Oxidation garantiert.<br \/>\nNAT\u00dcRLICH UND OHNE ZUS\u00c4TZE &#8211; Das Athina Oregano \u00d6l ist Aromafrei, Farbstofffrei, 100% aus Naturprodukten und Griechenland, Lactosefrei, Ohne Zus\u00e4tze, GMO Frei, Glutenfrei und ohne Konservierungsstoffe.<br \/>\n<div class=\"main-cross-sell\" data-asin=\"B00O7TBQMQ\">\n\n\t<div class=\"WooZone-cross-sell-loader\">\n\t\t<div>\n\t\t\t<div id=\"floatingBarsG\">\n\t\t\t\t<div class=\"blockG\" id=\"rotateG_01\"><\/div>\n\t\t\t\t<div class=\"blockG\" id=\"rotateG_02\"><\/div>\n\t\t\t\t<div class=\"blockG\" id=\"rotateG_03\"><\/div>\n\t\t\t\t<div class=\"blockG\" id=\"rotateG_04\"><\/div>\n\t\t\t\t<div class=\"blockG\" id=\"rotateG_05\"><\/div>\n\t\t\t\t<div class=\"blockG\" id=\"rotateG_06\"><\/div>\n\t\t\t\t<div class=\"blockG\" id=\"rotateG_07\"><\/div>\n\t\t\t\t<div class=\"blockG\" id=\"rotateG_08\"><\/div>\n\t\t\t<\/div>\n\t\t\t<div class=\"WooZone-cross-sell-loader-text\"><\/div>\n\t\t<\/div>\n\t<\/div>\n\n\t\t\n<\/div>\n<div style=\"clear:both;\"><\/div><\/p>\n","protected":false},"excerpt":{"rendered":"<p>BESTE QUALIT\u00c4T &#8211; Wir nutzen f\u00fcr unser Athina Oregano \u00d6l nur rein nat\u00fcrliche Zutaten, das beste Oregano Vulgaris hirtum kommt ausschlie\u00dflich aus Griechenland von kleinen Familienbauernh\u00f6fen vom Berg Olymp und aus Nordgriechenland.<br \/>\nEXPERTEN-WISSEN &#8211; Als Autor des Buches \u201cAlles, was ich \u00fcber Oregano-\u00d6l sagen wollte\u201d habe ich h\u00f6chste Qualit\u00e4tsanspr\u00fcche an meine Produkte und lasse all meine Erfahrung in das Produkt einflie\u00dfen.<br \/>\n100% \u00c4THERISCH &#8211; Das \u00e4therische \u00d6l vor dem Verzehr unbedingt mit Wasser, Oliven\u00f6l, Milch oder Honig verd\u00fcnnen. Das Verd\u00fcnnungsverh\u00e4ltnis sollte mindestens im Rahmen 1:20 &#8211; 1:50 liegen.<\/p>\n","protected":false},"featured_media":167727,"comment_status":"open","ping_status":"closed","template":"","meta":[],"product_brand":[],"product_cat":[566,6375],"product_tag":[],"class_list":{"0":"post-167726","1":"product","2":"type-product","3":"status-publish","4":"has-post-thumbnail","6":"product_cat-drogerie-koerperpflege","7":"product_cat-vitamine-mineralien-ergaenzungsmittel","8":"pa_brand-athina","9":"pa_manufacturer-in-griechenland-fuer-oregano-oil-de","10":"pa_weight-6-6e-5-pfund","12":"first","13":"instock","14":"shipping-taxable","15":"purchasable","16":"product-type-simple","17":"customify-col","18":"product-has-gallery"},"yoast_head":"<!-- This site is optimized with the Yoast SEO plugin v27.4 - https:\/\/yoast.com\/product\/yoast-seo-wordpress\/ -->\n<title>Athina Oregano \u00d6l, 3 X 10 ml 100% \u00e4therisches Oregano\u00f6l Origanum vulgare hirtum, aus Griechenland, 80% Carvacrol. 100\u2026 - Markt-XXL<\/title>\n<meta name=\"description\" content=\"Markt-XXL Athina Oregano \u00d6l, 3 X 10 ml 100% \u00e4therisches Oregano\u00f6l Origanum vulgare hirtum, aus Griechenland, 80% Carvacrol. 100\u2026\" \/>\n<meta name=\"robots\" content=\"index, follow, max-snippet:-1, max-image-preview:large, max-video-preview:-1\" \/>\n<link rel=\"canonical\" href=\"https:\/\/marktxxl.de\/markt\/produkt\/athina-oregano-oel-3-x-10-ml-100-aetherisches-oreganooel-origanum-vulgare-hirtum-aus-griechenland-80-carvacrol-100-kundenzufriedenheit-garantie-oder-geld-zurueck\/\" \/>\n<meta property=\"og:locale\" content=\"de_DE\" \/>\n<meta property=\"og:type\" content=\"article\" \/>\n<meta property=\"og:title\" content=\"Athina Oregano \u00d6l, 3 X 10 ml 100% \u00e4therisches Oregano\u00f6l Origanum vulgare hirtum, aus Griechenland, 80% Carvacrol. 100\u2026 - Markt-XXL\" \/>\n<meta property=\"og:description\" content=\"Markt-XXL Athina Oregano \u00d6l, 3 X 10 ml 100% \u00e4therisches Oregano\u00f6l Origanum vulgare hirtum, aus Griechenland, 80% Carvacrol. 100\u2026\" \/>\n<meta property=\"og:url\" content=\"https:\/\/marktxxl.de\/markt\/produkt\/athina-oregano-oel-3-x-10-ml-100-aetherisches-oreganooel-origanum-vulgare-hirtum-aus-griechenland-80-carvacrol-100-kundenzufriedenheit-garantie-oder-geld-zurueck\/\" \/>\n<meta property=\"og:site_name\" content=\"Markt-XXL\" \/>\n<meta property=\"article:modified_time\" content=\"2023-04-11T02:53:34+00:00\" \/>\n<meta property=\"og:image\" content=\"https:\/\/m.media-amazon.com\/images\/I\/41H--3PcRbL._SL500_.jpg\" \/>\n\t<meta property=\"og:image:width\" content=\"500\" \/>\n\t<meta property=\"og:image:height\" content=\"333\" \/>\n\t<meta property=\"og:image:type\" content=\"image\/jpeg\" \/>\n<meta name=\"twitter:card\" content=\"summary_large_image\" \/>\n<meta name=\"twitter:label1\" content=\"Gesch\u00e4tzte Lesezeit\" \/>\n\t<meta name=\"twitter:data1\" content=\"1\u00a0Minute\" \/>\n<script type=\"application\/ld+json\" class=\"yoast-schema-graph\">{\"@context\":\"https:\\\/\\\/schema.org\",\"@graph\":[{\"@type\":\"WebPage\",\"@id\":\"https:\\\/\\\/marktxxl.de\\\/markt\\\/produkt\\\/athina-oregano-oel-3-x-10-ml-100-aetherisches-oreganooel-origanum-vulgare-hirtum-aus-griechenland-80-carvacrol-100-kundenzufriedenheit-garantie-oder-geld-zurueck\\\/\",\"url\":\"https:\\\/\\\/marktxxl.de\\\/markt\\\/produkt\\\/athina-oregano-oel-3-x-10-ml-100-aetherisches-oreganooel-origanum-vulgare-hirtum-aus-griechenland-80-carvacrol-100-kundenzufriedenheit-garantie-oder-geld-zurueck\\\/\",\"name\":\"Athina Oregano \u00d6l, 3 X 10 ml 100% \u00e4therisches Oregano\u00f6l Origanum vulgare hirtum, aus Griechenland, 80% Carvacrol. 100\u2026 - Markt-XXL\",\"isPartOf\":{\"@id\":\"https:\\\/\\\/marktxxl.de\\\/markt\\\/#website\"},\"primaryImageOfPage\":{\"@id\":\"https:\\\/\\\/marktxxl.de\\\/markt\\\/produkt\\\/athina-oregano-oel-3-x-10-ml-100-aetherisches-oreganooel-origanum-vulgare-hirtum-aus-griechenland-80-carvacrol-100-kundenzufriedenheit-garantie-oder-geld-zurueck\\\/#primaryimage\"},\"image\":{\"@id\":\"https:\\\/\\\/marktxxl.de\\\/markt\\\/produkt\\\/athina-oregano-oel-3-x-10-ml-100-aetherisches-oreganooel-origanum-vulgare-hirtum-aus-griechenland-80-carvacrol-100-kundenzufriedenheit-garantie-oder-geld-zurueck\\\/#primaryimage\"},\"thumbnailUrl\":\"https:\\\/\\\/m.media-amazon.com\\\/images\\\/I\\\/41H--3PcRbL._SL500_.jpg\",\"datePublished\":\"2022-11-11T08:50:35+00:00\",\"dateModified\":\"2023-04-11T02:53:34+00:00\",\"description\":\"Markt-XXL Athina Oregano \u00d6l, 3 X 10 ml 100% \u00e4therisches Oregano\u00f6l Origanum vulgare hirtum, aus Griechenland, 80% Carvacrol. 100\u2026\",\"breadcrumb\":{\"@id\":\"https:\\\/\\\/marktxxl.de\\\/markt\\\/produkt\\\/athina-oregano-oel-3-x-10-ml-100-aetherisches-oreganooel-origanum-vulgare-hirtum-aus-griechenland-80-carvacrol-100-kundenzufriedenheit-garantie-oder-geld-zurueck\\\/#breadcrumb\"},\"inLanguage\":\"de\",\"potentialAction\":[{\"@type\":\"ReadAction\",\"target\":[\"https:\\\/\\\/marktxxl.de\\\/markt\\\/produkt\\\/athina-oregano-oel-3-x-10-ml-100-aetherisches-oreganooel-origanum-vulgare-hirtum-aus-griechenland-80-carvacrol-100-kundenzufriedenheit-garantie-oder-geld-zurueck\\\/\"]}]},{\"@type\":\"ImageObject\",\"inLanguage\":\"de\",\"@id\":\"https:\\\/\\\/marktxxl.de\\\/markt\\\/produkt\\\/athina-oregano-oel-3-x-10-ml-100-aetherisches-oreganooel-origanum-vulgare-hirtum-aus-griechenland-80-carvacrol-100-kundenzufriedenheit-garantie-oder-geld-zurueck\\\/#primaryimage\",\"url\":\"https:\\\/\\\/m.media-amazon.com\\\/images\\\/I\\\/41H--3PcRbL._SL500_.jpg\",\"contentUrl\":\"https:\\\/\\\/m.media-amazon.com\\\/images\\\/I\\\/41H--3PcRbL._SL500_.jpg\",\"width\":500,\"height\":333},{\"@type\":\"BreadcrumbList\",\"@id\":\"https:\\\/\\\/marktxxl.de\\\/markt\\\/produkt\\\/athina-oregano-oel-3-x-10-ml-100-aetherisches-oreganooel-origanum-vulgare-hirtum-aus-griechenland-80-carvacrol-100-kundenzufriedenheit-garantie-oder-geld-zurueck\\\/#breadcrumb\",\"itemListElement\":[{\"@type\":\"ListItem\",\"position\":1,\"name\":\"Startseite\",\"item\":\"https:\\\/\\\/marktxxl.de\\\/markt\\\/\"},{\"@type\":\"ListItem\",\"position\":2,\"name\":\"Markt\",\"item\":\"https:\\\/\\\/marktxxl.de\\\/markt\\\/\"},{\"@type\":\"ListItem\",\"position\":3,\"name\":\"Athina Oregano \u00d6l, 3 X 10 ml 100% \u00e4therisches Oregano\u00f6l Origanum vulgare hirtum, aus Griechenland, 80% Carvacrol. 100\u2026\"}]},{\"@type\":\"WebSite\",\"@id\":\"https:\\\/\\\/marktxxl.de\\\/markt\\\/#website\",\"url\":\"https:\\\/\\\/marktxxl.de\\\/markt\\\/\",\"name\":\"Markt-XXL\",\"description\":\"Ihr Markt Online\",\"publisher\":{\"@id\":\"https:\\\/\\\/marktxxl.de\\\/markt\\\/#organization\"},\"potentialAction\":[{\"@type\":\"SearchAction\",\"target\":{\"@type\":\"EntryPoint\",\"urlTemplate\":\"https:\\\/\\\/marktxxl.de\\\/markt\\\/?s={search_term_string}\"},\"query-input\":{\"@type\":\"PropertyValueSpecification\",\"valueRequired\":true,\"valueName\":\"search_term_string\"}}],\"inLanguage\":\"de\"},{\"@type\":\"Organization\",\"@id\":\"https:\\\/\\\/marktxxl.de\\\/markt\\\/#organization\",\"name\":\"Markt-XXL\",\"url\":\"https:\\\/\\\/marktxxl.de\\\/markt\\\/\",\"logo\":{\"@type\":\"ImageObject\",\"inLanguage\":\"de\",\"@id\":\"https:\\\/\\\/marktxxl.de\\\/markt\\\/#\\\/schema\\\/logo\\\/image\\\/\",\"url\":\"https:\\\/\\\/marktxxl.de\\\/markt\\\/wp-content\\\/uploads\\\/sites\\\/3\\\/2020\\\/12\\\/logo.png\",\"contentUrl\":\"https:\\\/\\\/marktxxl.de\\\/markt\\\/wp-content\\\/uploads\\\/sites\\\/3\\\/2020\\\/12\\\/logo.png\",\"width\":200,\"height\":70,\"caption\":\"Markt-XXL\"},\"image\":{\"@id\":\"https:\\\/\\\/marktxxl.de\\\/markt\\\/#\\\/schema\\\/logo\\\/image\\\/\"}}]}<\/script>\n<!-- \/ Yoast SEO plugin. -->","yoast_head_json":{"title":"Athina Oregano \u00d6l, 3 X 10 ml 100% \u00e4therisches Oregano\u00f6l Origanum vulgare hirtum, aus Griechenland, 80% Carvacrol. 100\u2026 - Markt-XXL","description":"Markt-XXL Athina Oregano \u00d6l, 3 X 10 ml 100% \u00e4therisches Oregano\u00f6l Origanum vulgare hirtum, aus Griechenland, 80% Carvacrol. 100\u2026","robots":{"index":"index","follow":"follow","max-snippet":"max-snippet:-1","max-image-preview":"max-image-preview:large","max-video-preview":"max-video-preview:-1"},"canonical":"https:\/\/marktxxl.de\/markt\/produkt\/athina-oregano-oel-3-x-10-ml-100-aetherisches-oreganooel-origanum-vulgare-hirtum-aus-griechenland-80-carvacrol-100-kundenzufriedenheit-garantie-oder-geld-zurueck\/","og_locale":"de_DE","og_type":"article","og_title":"Athina Oregano \u00d6l, 3 X 10 ml 100% \u00e4therisches Oregano\u00f6l Origanum vulgare hirtum, aus Griechenland, 80% Carvacrol. 100\u2026 - Markt-XXL","og_description":"Markt-XXL Athina Oregano \u00d6l, 3 X 10 ml 100% \u00e4therisches Oregano\u00f6l Origanum vulgare hirtum, aus Griechenland, 80% Carvacrol. 100\u2026","og_url":"https:\/\/marktxxl.de\/markt\/produkt\/athina-oregano-oel-3-x-10-ml-100-aetherisches-oreganooel-origanum-vulgare-hirtum-aus-griechenland-80-carvacrol-100-kundenzufriedenheit-garantie-oder-geld-zurueck\/","og_site_name":"Markt-XXL","article_modified_time":"2023-04-11T02:53:34+00:00","og_image":[{"width":500,"height":333,"url":"https:\/\/m.media-amazon.com\/images\/I\/41H--3PcRbL._SL500_.jpg","type":"image\/jpeg"}],"twitter_card":"summary_large_image","twitter_misc":{"Gesch\u00e4tzte Lesezeit":"1\u00a0Minute"},"schema":{"@context":"https:\/\/schema.org","@graph":[{"@type":"WebPage","@id":"https:\/\/marktxxl.de\/markt\/produkt\/athina-oregano-oel-3-x-10-ml-100-aetherisches-oreganooel-origanum-vulgare-hirtum-aus-griechenland-80-carvacrol-100-kundenzufriedenheit-garantie-oder-geld-zurueck\/","url":"https:\/\/marktxxl.de\/markt\/produkt\/athina-oregano-oel-3-x-10-ml-100-aetherisches-oreganooel-origanum-vulgare-hirtum-aus-griechenland-80-carvacrol-100-kundenzufriedenheit-garantie-oder-geld-zurueck\/","name":"Athina Oregano \u00d6l, 3 X 10 ml 100% \u00e4therisches Oregano\u00f6l Origanum vulgare hirtum, aus Griechenland, 80% Carvacrol. 100\u2026 - Markt-XXL","isPartOf":{"@id":"https:\/\/marktxxl.de\/markt\/#website"},"primaryImageOfPage":{"@id":"https:\/\/marktxxl.de\/markt\/produkt\/athina-oregano-oel-3-x-10-ml-100-aetherisches-oreganooel-origanum-vulgare-hirtum-aus-griechenland-80-carvacrol-100-kundenzufriedenheit-garantie-oder-geld-zurueck\/#primaryimage"},"image":{"@id":"https:\/\/marktxxl.de\/markt\/produkt\/athina-oregano-oel-3-x-10-ml-100-aetherisches-oreganooel-origanum-vulgare-hirtum-aus-griechenland-80-carvacrol-100-kundenzufriedenheit-garantie-oder-geld-zurueck\/#primaryimage"},"thumbnailUrl":"https:\/\/m.media-amazon.com\/images\/I\/41H--3PcRbL._SL500_.jpg","datePublished":"2022-11-11T08:50:35+00:00","dateModified":"2023-04-11T02:53:34+00:00","description":"Markt-XXL Athina Oregano \u00d6l, 3 X 10 ml 100% \u00e4therisches Oregano\u00f6l Origanum vulgare hirtum, aus Griechenland, 80% Carvacrol. 100\u2026","breadcrumb":{"@id":"https:\/\/marktxxl.de\/markt\/produkt\/athina-oregano-oel-3-x-10-ml-100-aetherisches-oreganooel-origanum-vulgare-hirtum-aus-griechenland-80-carvacrol-100-kundenzufriedenheit-garantie-oder-geld-zurueck\/#breadcrumb"},"inLanguage":"de","potentialAction":[{"@type":"ReadAction","target":["https:\/\/marktxxl.de\/markt\/produkt\/athina-oregano-oel-3-x-10-ml-100-aetherisches-oreganooel-origanum-vulgare-hirtum-aus-griechenland-80-carvacrol-100-kundenzufriedenheit-garantie-oder-geld-zurueck\/"]}]},{"@type":"ImageObject","inLanguage":"de","@id":"https:\/\/marktxxl.de\/markt\/produkt\/athina-oregano-oel-3-x-10-ml-100-aetherisches-oreganooel-origanum-vulgare-hirtum-aus-griechenland-80-carvacrol-100-kundenzufriedenheit-garantie-oder-geld-zurueck\/#primaryimage","url":"https:\/\/m.media-amazon.com\/images\/I\/41H--3PcRbL._SL500_.jpg","contentUrl":"https:\/\/m.media-amazon.com\/images\/I\/41H--3PcRbL._SL500_.jpg","width":500,"height":333},{"@type":"BreadcrumbList","@id":"https:\/\/marktxxl.de\/markt\/produkt\/athina-oregano-oel-3-x-10-ml-100-aetherisches-oreganooel-origanum-vulgare-hirtum-aus-griechenland-80-carvacrol-100-kundenzufriedenheit-garantie-oder-geld-zurueck\/#breadcrumb","itemListElement":[{"@type":"ListItem","position":1,"name":"Startseite","item":"https:\/\/marktxxl.de\/markt\/"},{"@type":"ListItem","position":2,"name":"Markt","item":"https:\/\/marktxxl.de\/markt\/"},{"@type":"ListItem","position":3,"name":"Athina Oregano \u00d6l, 3 X 10 ml 100% \u00e4therisches Oregano\u00f6l Origanum vulgare hirtum, aus Griechenland, 80% Carvacrol. 100\u2026"}]},{"@type":"WebSite","@id":"https:\/\/marktxxl.de\/markt\/#website","url":"https:\/\/marktxxl.de\/markt\/","name":"Markt-XXL","description":"Ihr Markt Online","publisher":{"@id":"https:\/\/marktxxl.de\/markt\/#organization"},"potentialAction":[{"@type":"SearchAction","target":{"@type":"EntryPoint","urlTemplate":"https:\/\/marktxxl.de\/markt\/?s={search_term_string}"},"query-input":{"@type":"PropertyValueSpecification","valueRequired":true,"valueName":"search_term_string"}}],"inLanguage":"de"},{"@type":"Organization","@id":"https:\/\/marktxxl.de\/markt\/#organization","name":"Markt-XXL","url":"https:\/\/marktxxl.de\/markt\/","logo":{"@type":"ImageObject","inLanguage":"de","@id":"https:\/\/marktxxl.de\/markt\/#\/schema\/logo\/image\/","url":"https:\/\/marktxxl.de\/markt\/wp-content\/uploads\/sites\/3\/2020\/12\/logo.png","contentUrl":"https:\/\/marktxxl.de\/markt\/wp-content\/uploads\/sites\/3\/2020\/12\/logo.png","width":200,"height":70,"caption":"Markt-XXL"},"image":{"@id":"https:\/\/marktxxl.de\/markt\/#\/schema\/logo\/image\/"}}]}},"_links":{"self":[{"href":"https:\/\/marktxxl.de\/markt\/wp-json\/wp\/v2\/product\/167726","targetHints":{"allow":["GET"]}}],"collection":[{"href":"https:\/\/marktxxl.de\/markt\/wp-json\/wp\/v2\/product"}],"about":[{"href":"https:\/\/marktxxl.de\/markt\/wp-json\/wp\/v2\/types\/product"}],"replies":[{"embeddable":true,"href":"https:\/\/marktxxl.de\/markt\/wp-json\/wp\/v2\/comments?post=167726"}],"wp:featuredmedia":[{"embeddable":true,"href":"https:\/\/marktxxl.de\/markt\/wp-json\/wp\/v2\/media\/167727"}],"wp:attachment":[{"href":"https:\/\/marktxxl.de\/markt\/wp-json\/wp\/v2\/media?parent=167726"}],"wp:term":[{"taxonomy":"product_brand","embeddable":true,"href":"https:\/\/marktxxl.de\/markt\/wp-json\/wp\/v2\/product_brand?post=167726"},{"taxonomy":"product_cat","embeddable":true,"href":"https:\/\/marktxxl.de\/markt\/wp-json\/wp\/v2\/product_cat?post=167726"},{"taxonomy":"product_tag","embeddable":true,"href":"https:\/\/marktxxl.de\/markt\/wp-json\/wp\/v2\/product_tag?post=167726"}],"curies":[{"name":"wp","href":"https:\/\/api.w.org\/{rel}","templated":true}]}}