{"id":167650,"date":"2022-11-11T09:47:25","date_gmt":"2022-11-11T08:47:25","guid":{"rendered":"https:\/\/marktxxl.de\/markt\/produkt\/ubiquinol-coq10-600-mg-softgelkapseln-aktive-form-von-coq10-plus-vitamin-e-omega-3-6-9-fortschrittliches-antioxidans-coenzym-q10-nahrungsergaenzungsmittel-fuer-herz-gehirn\/"},"modified":"2023-04-11T04:53:31","modified_gmt":"2023-04-11T02:53:31","slug":"ubiquinol-coq10-600-mg-softgelkapseln-aktive-form-von-coq10-plus-vitamin-e-omega-3-6-9-fortschrittliches-antioxidans-coenzym-q10-nahrungsergaenzungsmittel-fuer-herz-gehirn","status":"publish","type":"product","link":"https:\/\/marktxxl.de\/markt\/produkt\/ubiquinol-coq10-600-mg-softgelkapseln-aktive-form-von-coq10-plus-vitamin-e-omega-3-6-9-fortschrittliches-antioxidans-coenzym-q10-nahrungsergaenzungsmittel-fuer-herz-gehirn\/","title":{"rendered":"Ubiquinol CoQ10 600 mg Softgelkapseln &#8211; Aktive Form von CoQ10 Plus Vitamin E &amp; Omega 3 6 9 &#8211; Fortschrittliches\u2026"},"content":{"rendered":"<p>UBIQUINOL &#8211; die aktive Form von CoQ10, ist die Hauptform von CoQ10 im menschlichen K\u00f6rper. Ubiquinon, die konventionelle Form von CoQ10, muss in Ubiquinol umgewandelt werden, um zellul\u00e4re Energie zu erzeugen. Mit dem Alter nimmt die F\u00e4higkeit Ihres K\u00f6rpers Ubiquinone in Ubiquinol umzuwandeln. Ubiquinol wird im Vergleich zu Ubiquinon 3-4 mal besser im K\u00f6rper aufgenommen. Es ist offensichtlich, dass eine Erg\u00e4nzung von CoQ10 in Form von Ubiquinol als effektiver angesehen wird.<br \/>\nEinzigartige Formel \u2013 wir kombinieren das Ubiquinol (das den h\u00f6chsten Gehalt von 600 mg pro Portion hat) mit Vitamin E, gemischten Tocopherolen und Omega-3, 6 und 9 aus Leinsamen\u00f6l. Einige dieser Inhaltsstoffe k\u00f6nnen synergistisch miteinander arbeiten und somit die Wirksamkeit des Kernbestandteils Ubiquinol maximieren! Jeder Inhaltsstoff hat seine eigene positive Wirkung auf den K\u00f6rper. Wir garantieren die genauen Mengen an Inhaltsstoffen f\u00fcr optimale N\u00e4hrwerte und maximale Vorteile.<br \/>\nDie Verbesserung von COQ10 \u2013 Vitamin E kann die wohltuenden Wirkungen von CoQ10 im K\u00f6rper weiter erh\u00f6hen. Weitere Fetts\u00e4uren Omega-3, 6 und 9 wurden ebenfalls zu unserem Ubiquinol CoQ10 Erg\u00e4nzungsmittel hinzugef\u00fcgt, welches f\u00fcr eine gute Herz-Kreislauf-Gesundheit unerl\u00e4sslich ist. Wenn Sie Ubiquinol + Vitamin E + gemischte Tocopherole und Omega-3, 6 und 9 wie Sie es in unserem Supplement tun, erhalten Sie die entsprechenden Proportionen zur Optimierung der kardiovaskul\u00e4ren Unterst\u00fctzung.<br \/>\nMAXIMALE POTENZIALIT\u00c4T &#8211; Cestfilo Ubiquinol wird in Form von Weichgelatinekapseln geliefert, da die Herstellung in Form von Hartschalenkapseln die Absorptionsrate und Bioverf\u00fcgbarkeit des Produkts zu verringern scheint. Unser patentiertes Ubiquinol hat ein gutes Verh\u00e4ltnis zwischen Wasser- und Fettl\u00f6slichkeit, im Gegensatz zu normalem CoQ10, das sich nicht in Wasser und nur sehr schlecht in Fett aufl\u00f6st. Jede Flasche enth\u00e4lt 60 Mini-Softgels mit 600 mg Ubiquinol Q10 f\u00fcr einen Monatsvorrat.<br \/>\nWER SOLLTE UNSER UBIQUINOL Q10 VERWENDEN? &#8211; Menschen, die Schwierigkeiten haben, \u00fcber die Ern\u00e4hrung ausreichend Ubiquinol zu sich zu nehmen; Menschen \u00fcber 40, die h\u00e4ufig unter M\u00fcdigkeit oder gelegentlichen Muskelkr\u00e4mpfen leiden; Menschen, die berufst\u00e4tig sind und einen gesunden Lebensstil f\u00fchren m\u00f6chten; Menschen, die Statine einnehmen&#8230; W\u00e4hlen Sie uns und Sie werden nicht entt\u00e4uscht sein!<br \/>\n<div class=\"main-cross-sell\" data-asin=\"B0BFDTXLPY\">\n\n\t<div class=\"WooZone-cross-sell-loader\">\n\t\t<div>\n\t\t\t<div id=\"floatingBarsG\">\n\t\t\t\t<div class=\"blockG\" id=\"rotateG_01\"><\/div>\n\t\t\t\t<div class=\"blockG\" id=\"rotateG_02\"><\/div>\n\t\t\t\t<div class=\"blockG\" id=\"rotateG_03\"><\/div>\n\t\t\t\t<div class=\"blockG\" id=\"rotateG_04\"><\/div>\n\t\t\t\t<div class=\"blockG\" id=\"rotateG_05\"><\/div>\n\t\t\t\t<div class=\"blockG\" id=\"rotateG_06\"><\/div>\n\t\t\t\t<div class=\"blockG\" id=\"rotateG_07\"><\/div>\n\t\t\t\t<div class=\"blockG\" id=\"rotateG_08\"><\/div>\n\t\t\t<\/div>\n\t\t\t<div class=\"WooZone-cross-sell-loader-text\"><\/div>\n\t\t<\/div>\n\t<\/div>\n\n\t\t\n<\/div>\n<div style=\"clear:both;\"><\/div><\/p>\n","protected":false},"excerpt":{"rendered":"<p>UBIQUINOL &#8211; die aktive Form von CoQ10, ist die Hauptform von CoQ10 im menschlichen K\u00f6rper. Ubiquinon, die konventionelle Form von CoQ10, muss in Ubiquinol umgewandelt werden, um zellul\u00e4re Energie zu erzeugen. Mit dem Alter nimmt die F\u00e4higkeit Ihres K\u00f6rpers Ubiquinone in Ubiquinol umzuwandeln. Ubiquinol wird im Vergleich zu Ubiquinon 3-4 mal besser im K\u00f6rper aufgenommen. Es ist offensichtlich, dass eine Erg\u00e4nzung von CoQ10 in Form von Ubiquinol als effektiver angesehen wird.<br \/>\nEinzigartige Formel \u2013 wir kombinieren das Ubiquinol (das den h\u00f6chsten Gehalt von 600 mg pro Portion hat) mit Vitamin E, gemischten Tocopherolen und Omega-3, 6 und 9 aus Leinsamen\u00f6l. Einige dieser Inhaltsstoffe k\u00f6nnen synergistisch miteinander arbeiten und somit die Wirksamkeit des Kernbestandteils Ubiquinol maximieren! Jeder Inhaltsstoff hat seine eigene positive Wirkung auf den K\u00f6rper. Wir garantieren die genauen Mengen an Inhaltsstoffen f\u00fcr optimale N\u00e4hrwerte und maximale Vorteile.<br \/>\nDie Verbesserung von COQ10 \u2013 Vitamin E kann die wohltuenden Wirkungen von CoQ10 im K\u00f6rper weiter erh\u00f6hen. Weitere Fetts\u00e4uren Omega-3, 6 und 9 wurden ebenfalls zu unserem Ubiquinol CoQ10 Erg\u00e4nzungsmittel hinzugef\u00fcgt, welches f\u00fcr eine gute Herz-Kreislauf-Gesundheit unerl\u00e4sslich ist. Wenn Sie Ubiquinol + Vitamin E + gemischte Tocopherole und Omega-3, 6 und 9 wie Sie es in unserem Supplement tun, erhalten Sie die entsprechenden Proportionen zur Optimierung der kardiovaskul\u00e4ren Unterst\u00fctzung.<\/p>\n","protected":false},"featured_media":167651,"comment_status":"open","ping_status":"closed","template":"","meta":[],"product_brand":[],"product_cat":[566,6375],"product_tag":[],"class_list":{"0":"post-167650","1":"product","2":"type-product","3":"status-publish","4":"has-post-thumbnail","6":"product_cat-drogerie-koerperpflege","7":"product_cat-vitamine-mineralien-ergaenzungsmittel","8":"pa_brand-cestfilo","9":"pa_manufacturer-cestfilo","11":"first","12":"instock","13":"shipping-taxable","14":"purchasable","15":"product-type-simple","16":"customify-col","17":"product-has-gallery"},"yoast_head":"<!-- This site is optimized with the Yoast SEO plugin v27.4 - https:\/\/yoast.com\/product\/yoast-seo-wordpress\/ -->\n<title>Ubiquinol CoQ10 600 mg Softgelkapseln - Aktive Form von CoQ10 Plus Vitamin E &amp; Omega 3 6 9 - Fortschrittliches\u2026 - Markt-XXL<\/title>\n<meta name=\"description\" content=\"Markt-XXL Ubiquinol CoQ10 600 mg Softgelkapseln - Aktive Form von CoQ10 Plus Vitamin E &amp; Omega 3 6 9 - Fortschrittliches\u2026\" \/>\n<meta name=\"robots\" content=\"index, follow, max-snippet:-1, max-image-preview:large, max-video-preview:-1\" \/>\n<link rel=\"canonical\" href=\"https:\/\/marktxxl.de\/markt\/produkt\/ubiquinol-coq10-600-mg-softgelkapseln-aktive-form-von-coq10-plus-vitamin-e-omega-3-6-9-fortschrittliches-antioxidans-coenzym-q10-nahrungsergaenzungsmittel-fuer-herz-gehirn\/\" \/>\n<meta property=\"og:locale\" content=\"de_DE\" \/>\n<meta property=\"og:type\" content=\"article\" \/>\n<meta property=\"og:title\" content=\"Ubiquinol CoQ10 600 mg Softgelkapseln - Aktive Form von CoQ10 Plus Vitamin E &amp; Omega 3 6 9 - Fortschrittliches\u2026 - Markt-XXL\" \/>\n<meta property=\"og:description\" content=\"Markt-XXL Ubiquinol CoQ10 600 mg Softgelkapseln - Aktive Form von CoQ10 Plus Vitamin E &amp; Omega 3 6 9 - Fortschrittliches\u2026\" \/>\n<meta property=\"og:url\" content=\"https:\/\/marktxxl.de\/markt\/produkt\/ubiquinol-coq10-600-mg-softgelkapseln-aktive-form-von-coq10-plus-vitamin-e-omega-3-6-9-fortschrittliches-antioxidans-coenzym-q10-nahrungsergaenzungsmittel-fuer-herz-gehirn\/\" \/>\n<meta property=\"og:site_name\" content=\"Markt-XXL\" \/>\n<meta property=\"article:modified_time\" content=\"2023-04-11T02:53:31+00:00\" \/>\n<meta property=\"og:image\" content=\"https:\/\/m.media-amazon.com\/images\/I\/41q4D8imbhL._SL500_.jpg\" \/>\n\t<meta property=\"og:image:width\" content=\"500\" \/>\n\t<meta property=\"og:image:height\" content=\"500\" \/>\n\t<meta property=\"og:image:type\" content=\"image\/jpeg\" \/>\n<meta name=\"twitter:card\" content=\"summary_large_image\" \/>\n<meta name=\"twitter:label1\" content=\"Gesch\u00e4tzte Lesezeit\" \/>\n\t<meta name=\"twitter:data1\" content=\"2\u00a0Minuten\" \/>\n<script type=\"application\/ld+json\" class=\"yoast-schema-graph\">{\"@context\":\"https:\\\/\\\/schema.org\",\"@graph\":[{\"@type\":\"WebPage\",\"@id\":\"https:\\\/\\\/marktxxl.de\\\/markt\\\/produkt\\\/ubiquinol-coq10-600-mg-softgelkapseln-aktive-form-von-coq10-plus-vitamin-e-omega-3-6-9-fortschrittliches-antioxidans-coenzym-q10-nahrungsergaenzungsmittel-fuer-herz-gehirn\\\/\",\"url\":\"https:\\\/\\\/marktxxl.de\\\/markt\\\/produkt\\\/ubiquinol-coq10-600-mg-softgelkapseln-aktive-form-von-coq10-plus-vitamin-e-omega-3-6-9-fortschrittliches-antioxidans-coenzym-q10-nahrungsergaenzungsmittel-fuer-herz-gehirn\\\/\",\"name\":\"Ubiquinol CoQ10 600 mg Softgelkapseln - Aktive Form von CoQ10 Plus Vitamin E &amp; Omega 3 6 9 - Fortschrittliches\u2026 - Markt-XXL\",\"isPartOf\":{\"@id\":\"https:\\\/\\\/marktxxl.de\\\/markt\\\/#website\"},\"primaryImageOfPage\":{\"@id\":\"https:\\\/\\\/marktxxl.de\\\/markt\\\/produkt\\\/ubiquinol-coq10-600-mg-softgelkapseln-aktive-form-von-coq10-plus-vitamin-e-omega-3-6-9-fortschrittliches-antioxidans-coenzym-q10-nahrungsergaenzungsmittel-fuer-herz-gehirn\\\/#primaryimage\"},\"image\":{\"@id\":\"https:\\\/\\\/marktxxl.de\\\/markt\\\/produkt\\\/ubiquinol-coq10-600-mg-softgelkapseln-aktive-form-von-coq10-plus-vitamin-e-omega-3-6-9-fortschrittliches-antioxidans-coenzym-q10-nahrungsergaenzungsmittel-fuer-herz-gehirn\\\/#primaryimage\"},\"thumbnailUrl\":\"https:\\\/\\\/m.media-amazon.com\\\/images\\\/I\\\/41q4D8imbhL._SL500_.jpg\",\"datePublished\":\"2022-11-11T08:47:25+00:00\",\"dateModified\":\"2023-04-11T02:53:31+00:00\",\"description\":\"Markt-XXL Ubiquinol CoQ10 600 mg Softgelkapseln - Aktive Form von CoQ10 Plus Vitamin E &amp; Omega 3 6 9 - Fortschrittliches\u2026\",\"breadcrumb\":{\"@id\":\"https:\\\/\\\/marktxxl.de\\\/markt\\\/produkt\\\/ubiquinol-coq10-600-mg-softgelkapseln-aktive-form-von-coq10-plus-vitamin-e-omega-3-6-9-fortschrittliches-antioxidans-coenzym-q10-nahrungsergaenzungsmittel-fuer-herz-gehirn\\\/#breadcrumb\"},\"inLanguage\":\"de\",\"potentialAction\":[{\"@type\":\"ReadAction\",\"target\":[\"https:\\\/\\\/marktxxl.de\\\/markt\\\/produkt\\\/ubiquinol-coq10-600-mg-softgelkapseln-aktive-form-von-coq10-plus-vitamin-e-omega-3-6-9-fortschrittliches-antioxidans-coenzym-q10-nahrungsergaenzungsmittel-fuer-herz-gehirn\\\/\"]}]},{\"@type\":\"ImageObject\",\"inLanguage\":\"de\",\"@id\":\"https:\\\/\\\/marktxxl.de\\\/markt\\\/produkt\\\/ubiquinol-coq10-600-mg-softgelkapseln-aktive-form-von-coq10-plus-vitamin-e-omega-3-6-9-fortschrittliches-antioxidans-coenzym-q10-nahrungsergaenzungsmittel-fuer-herz-gehirn\\\/#primaryimage\",\"url\":\"https:\\\/\\\/m.media-amazon.com\\\/images\\\/I\\\/41q4D8imbhL._SL500_.jpg\",\"contentUrl\":\"https:\\\/\\\/m.media-amazon.com\\\/images\\\/I\\\/41q4D8imbhL._SL500_.jpg\",\"width\":500,\"height\":500},{\"@type\":\"BreadcrumbList\",\"@id\":\"https:\\\/\\\/marktxxl.de\\\/markt\\\/produkt\\\/ubiquinol-coq10-600-mg-softgelkapseln-aktive-form-von-coq10-plus-vitamin-e-omega-3-6-9-fortschrittliches-antioxidans-coenzym-q10-nahrungsergaenzungsmittel-fuer-herz-gehirn\\\/#breadcrumb\",\"itemListElement\":[{\"@type\":\"ListItem\",\"position\":1,\"name\":\"Startseite\",\"item\":\"https:\\\/\\\/marktxxl.de\\\/markt\\\/\"},{\"@type\":\"ListItem\",\"position\":2,\"name\":\"Markt\",\"item\":\"https:\\\/\\\/marktxxl.de\\\/markt\\\/\"},{\"@type\":\"ListItem\",\"position\":3,\"name\":\"Ubiquinol CoQ10 600 mg Softgelkapseln &#8211; Aktive Form von CoQ10 Plus Vitamin E &amp; Omega 3 6 9 &#8211; Fortschrittliches\u2026\"}]},{\"@type\":\"WebSite\",\"@id\":\"https:\\\/\\\/marktxxl.de\\\/markt\\\/#website\",\"url\":\"https:\\\/\\\/marktxxl.de\\\/markt\\\/\",\"name\":\"Markt-XXL\",\"description\":\"Ihr Markt Online\",\"publisher\":{\"@id\":\"https:\\\/\\\/marktxxl.de\\\/markt\\\/#organization\"},\"potentialAction\":[{\"@type\":\"SearchAction\",\"target\":{\"@type\":\"EntryPoint\",\"urlTemplate\":\"https:\\\/\\\/marktxxl.de\\\/markt\\\/?s={search_term_string}\"},\"query-input\":{\"@type\":\"PropertyValueSpecification\",\"valueRequired\":true,\"valueName\":\"search_term_string\"}}],\"inLanguage\":\"de\"},{\"@type\":\"Organization\",\"@id\":\"https:\\\/\\\/marktxxl.de\\\/markt\\\/#organization\",\"name\":\"Markt-XXL\",\"url\":\"https:\\\/\\\/marktxxl.de\\\/markt\\\/\",\"logo\":{\"@type\":\"ImageObject\",\"inLanguage\":\"de\",\"@id\":\"https:\\\/\\\/marktxxl.de\\\/markt\\\/#\\\/schema\\\/logo\\\/image\\\/\",\"url\":\"https:\\\/\\\/marktxxl.de\\\/markt\\\/wp-content\\\/uploads\\\/sites\\\/3\\\/2020\\\/12\\\/logo.png\",\"contentUrl\":\"https:\\\/\\\/marktxxl.de\\\/markt\\\/wp-content\\\/uploads\\\/sites\\\/3\\\/2020\\\/12\\\/logo.png\",\"width\":200,\"height\":70,\"caption\":\"Markt-XXL\"},\"image\":{\"@id\":\"https:\\\/\\\/marktxxl.de\\\/markt\\\/#\\\/schema\\\/logo\\\/image\\\/\"}}]}<\/script>\n<!-- \/ Yoast SEO plugin. -->","yoast_head_json":{"title":"Ubiquinol CoQ10 600 mg Softgelkapseln - Aktive Form von CoQ10 Plus Vitamin E &amp; Omega 3 6 9 - Fortschrittliches\u2026 - Markt-XXL","description":"Markt-XXL Ubiquinol CoQ10 600 mg Softgelkapseln - Aktive Form von CoQ10 Plus Vitamin E &amp; Omega 3 6 9 - Fortschrittliches\u2026","robots":{"index":"index","follow":"follow","max-snippet":"max-snippet:-1","max-image-preview":"max-image-preview:large","max-video-preview":"max-video-preview:-1"},"canonical":"https:\/\/marktxxl.de\/markt\/produkt\/ubiquinol-coq10-600-mg-softgelkapseln-aktive-form-von-coq10-plus-vitamin-e-omega-3-6-9-fortschrittliches-antioxidans-coenzym-q10-nahrungsergaenzungsmittel-fuer-herz-gehirn\/","og_locale":"de_DE","og_type":"article","og_title":"Ubiquinol CoQ10 600 mg Softgelkapseln - Aktive Form von CoQ10 Plus Vitamin E &amp; Omega 3 6 9 - Fortschrittliches\u2026 - Markt-XXL","og_description":"Markt-XXL Ubiquinol CoQ10 600 mg Softgelkapseln - Aktive Form von CoQ10 Plus Vitamin E &amp; Omega 3 6 9 - Fortschrittliches\u2026","og_url":"https:\/\/marktxxl.de\/markt\/produkt\/ubiquinol-coq10-600-mg-softgelkapseln-aktive-form-von-coq10-plus-vitamin-e-omega-3-6-9-fortschrittliches-antioxidans-coenzym-q10-nahrungsergaenzungsmittel-fuer-herz-gehirn\/","og_site_name":"Markt-XXL","article_modified_time":"2023-04-11T02:53:31+00:00","og_image":[{"width":500,"height":500,"url":"https:\/\/m.media-amazon.com\/images\/I\/41q4D8imbhL._SL500_.jpg","type":"image\/jpeg"}],"twitter_card":"summary_large_image","twitter_misc":{"Gesch\u00e4tzte Lesezeit":"2\u00a0Minuten"},"schema":{"@context":"https:\/\/schema.org","@graph":[{"@type":"WebPage","@id":"https:\/\/marktxxl.de\/markt\/produkt\/ubiquinol-coq10-600-mg-softgelkapseln-aktive-form-von-coq10-plus-vitamin-e-omega-3-6-9-fortschrittliches-antioxidans-coenzym-q10-nahrungsergaenzungsmittel-fuer-herz-gehirn\/","url":"https:\/\/marktxxl.de\/markt\/produkt\/ubiquinol-coq10-600-mg-softgelkapseln-aktive-form-von-coq10-plus-vitamin-e-omega-3-6-9-fortschrittliches-antioxidans-coenzym-q10-nahrungsergaenzungsmittel-fuer-herz-gehirn\/","name":"Ubiquinol CoQ10 600 mg Softgelkapseln - Aktive Form von CoQ10 Plus Vitamin E &amp; Omega 3 6 9 - Fortschrittliches\u2026 - Markt-XXL","isPartOf":{"@id":"https:\/\/marktxxl.de\/markt\/#website"},"primaryImageOfPage":{"@id":"https:\/\/marktxxl.de\/markt\/produkt\/ubiquinol-coq10-600-mg-softgelkapseln-aktive-form-von-coq10-plus-vitamin-e-omega-3-6-9-fortschrittliches-antioxidans-coenzym-q10-nahrungsergaenzungsmittel-fuer-herz-gehirn\/#primaryimage"},"image":{"@id":"https:\/\/marktxxl.de\/markt\/produkt\/ubiquinol-coq10-600-mg-softgelkapseln-aktive-form-von-coq10-plus-vitamin-e-omega-3-6-9-fortschrittliches-antioxidans-coenzym-q10-nahrungsergaenzungsmittel-fuer-herz-gehirn\/#primaryimage"},"thumbnailUrl":"https:\/\/m.media-amazon.com\/images\/I\/41q4D8imbhL._SL500_.jpg","datePublished":"2022-11-11T08:47:25+00:00","dateModified":"2023-04-11T02:53:31+00:00","description":"Markt-XXL Ubiquinol CoQ10 600 mg Softgelkapseln - Aktive Form von CoQ10 Plus Vitamin E &amp; Omega 3 6 9 - Fortschrittliches\u2026","breadcrumb":{"@id":"https:\/\/marktxxl.de\/markt\/produkt\/ubiquinol-coq10-600-mg-softgelkapseln-aktive-form-von-coq10-plus-vitamin-e-omega-3-6-9-fortschrittliches-antioxidans-coenzym-q10-nahrungsergaenzungsmittel-fuer-herz-gehirn\/#breadcrumb"},"inLanguage":"de","potentialAction":[{"@type":"ReadAction","target":["https:\/\/marktxxl.de\/markt\/produkt\/ubiquinol-coq10-600-mg-softgelkapseln-aktive-form-von-coq10-plus-vitamin-e-omega-3-6-9-fortschrittliches-antioxidans-coenzym-q10-nahrungsergaenzungsmittel-fuer-herz-gehirn\/"]}]},{"@type":"ImageObject","inLanguage":"de","@id":"https:\/\/marktxxl.de\/markt\/produkt\/ubiquinol-coq10-600-mg-softgelkapseln-aktive-form-von-coq10-plus-vitamin-e-omega-3-6-9-fortschrittliches-antioxidans-coenzym-q10-nahrungsergaenzungsmittel-fuer-herz-gehirn\/#primaryimage","url":"https:\/\/m.media-amazon.com\/images\/I\/41q4D8imbhL._SL500_.jpg","contentUrl":"https:\/\/m.media-amazon.com\/images\/I\/41q4D8imbhL._SL500_.jpg","width":500,"height":500},{"@type":"BreadcrumbList","@id":"https:\/\/marktxxl.de\/markt\/produkt\/ubiquinol-coq10-600-mg-softgelkapseln-aktive-form-von-coq10-plus-vitamin-e-omega-3-6-9-fortschrittliches-antioxidans-coenzym-q10-nahrungsergaenzungsmittel-fuer-herz-gehirn\/#breadcrumb","itemListElement":[{"@type":"ListItem","position":1,"name":"Startseite","item":"https:\/\/marktxxl.de\/markt\/"},{"@type":"ListItem","position":2,"name":"Markt","item":"https:\/\/marktxxl.de\/markt\/"},{"@type":"ListItem","position":3,"name":"Ubiquinol CoQ10 600 mg Softgelkapseln &#8211; Aktive Form von CoQ10 Plus Vitamin E &amp; Omega 3 6 9 &#8211; Fortschrittliches\u2026"}]},{"@type":"WebSite","@id":"https:\/\/marktxxl.de\/markt\/#website","url":"https:\/\/marktxxl.de\/markt\/","name":"Markt-XXL","description":"Ihr Markt Online","publisher":{"@id":"https:\/\/marktxxl.de\/markt\/#organization"},"potentialAction":[{"@type":"SearchAction","target":{"@type":"EntryPoint","urlTemplate":"https:\/\/marktxxl.de\/markt\/?s={search_term_string}"},"query-input":{"@type":"PropertyValueSpecification","valueRequired":true,"valueName":"search_term_string"}}],"inLanguage":"de"},{"@type":"Organization","@id":"https:\/\/marktxxl.de\/markt\/#organization","name":"Markt-XXL","url":"https:\/\/marktxxl.de\/markt\/","logo":{"@type":"ImageObject","inLanguage":"de","@id":"https:\/\/marktxxl.de\/markt\/#\/schema\/logo\/image\/","url":"https:\/\/marktxxl.de\/markt\/wp-content\/uploads\/sites\/3\/2020\/12\/logo.png","contentUrl":"https:\/\/marktxxl.de\/markt\/wp-content\/uploads\/sites\/3\/2020\/12\/logo.png","width":200,"height":70,"caption":"Markt-XXL"},"image":{"@id":"https:\/\/marktxxl.de\/markt\/#\/schema\/logo\/image\/"}}]}},"_links":{"self":[{"href":"https:\/\/marktxxl.de\/markt\/wp-json\/wp\/v2\/product\/167650","targetHints":{"allow":["GET"]}}],"collection":[{"href":"https:\/\/marktxxl.de\/markt\/wp-json\/wp\/v2\/product"}],"about":[{"href":"https:\/\/marktxxl.de\/markt\/wp-json\/wp\/v2\/types\/product"}],"replies":[{"embeddable":true,"href":"https:\/\/marktxxl.de\/markt\/wp-json\/wp\/v2\/comments?post=167650"}],"wp:featuredmedia":[{"embeddable":true,"href":"https:\/\/marktxxl.de\/markt\/wp-json\/wp\/v2\/media\/167651"}],"wp:attachment":[{"href":"https:\/\/marktxxl.de\/markt\/wp-json\/wp\/v2\/media?parent=167650"}],"wp:term":[{"taxonomy":"product_brand","embeddable":true,"href":"https:\/\/marktxxl.de\/markt\/wp-json\/wp\/v2\/product_brand?post=167650"},{"taxonomy":"product_cat","embeddable":true,"href":"https:\/\/marktxxl.de\/markt\/wp-json\/wp\/v2\/product_cat?post=167650"},{"taxonomy":"product_tag","embeddable":true,"href":"https:\/\/marktxxl.de\/markt\/wp-json\/wp\/v2\/product_tag?post=167650"}],"curies":[{"name":"wp","href":"https:\/\/api.w.org\/{rel}","templated":true}]}}