{"id":167621,"date":"2022-11-11T09:46:44","date_gmt":"2022-11-11T08:46:44","guid":{"rendered":"https:\/\/marktxxl.de\/markt\/produkt\/centrum-generation-50-hochwertiges-nahrungsergaenzungsmittel-mit-mikronaehrstoffen-fuer-erwachsene-ab-50-jahren-vitamine-mineralstoffe-spurenelemente-1-x-60\/"},"modified":"2023-04-11T04:53:31","modified_gmt":"2023-04-11T02:53:31","slug":"centrum-generation-50-hochwertiges-nahrungsergaenzungsmittel-mit-mikronaehrstoffen-fuer-erwachsene-ab-50-jahren-vitamine-mineralstoffe-spurenelemente-1-x-60","status":"publish","type":"product","link":"https:\/\/marktxxl.de\/markt\/produkt\/centrum-generation-50-hochwertiges-nahrungsergaenzungsmittel-mit-mikronaehrstoffen-fuer-erwachsene-ab-50-jahren-vitamine-mineralstoffe-spurenelemente-1-x-60\/","title":{"rendered":"Centrum Generation 50+ \u2013 Hochwertiges Nahrungserg\u00e4nzungsmittel mit Mikron\u00e4hrstoffen \u2013 F\u00fcr Erwachsene ab 50 Jahren\u2026"},"content":{"rendered":"<p>Mikron\u00e4hrstoffe als t\u00e4gliches Erg\u00e4nzungsmittel f\u00fcr Best Ager &gt; 50 Jahre: Vitamin C, Selen &amp; Zink unterst\u00fctzen Immunsystem und Abwehrkr\u00e4fte, Eisen unterst\u00fctzt das Gehirn und Vitamin A die Augen<br \/>\nA-Z Multimineral-Booster:Calcium, Magnesium und Vitamin D unterst\u00fctzen den Erhalt der Knochen, Vitamin B6, B12 &amp; Mangan den Energiestoffwechsel \/ Au\u00dferdem mit: Vitamin E, K, Biotin, Fols\u00e4ure &amp; Jod<br \/>\nDie Centrum Formulierungen werden auf Grundlage wissenschaftlicher Forschungen entwickelt &amp; von N\u00e4hrstoffexperten formuliert \/ S\u00e4mtliche Mikron\u00e4hrstoffe sind auf Sicherheit gepr\u00fcft &amp; zertifiziert<br \/>\nHochwertiger Allrounder f\u00fcr die Komplettversorgung mit Mikron\u00e4hrstoffen: Centrum ist der Partner f\u00fcr Immun-Schutz, Konzentration &amp; allgemeines Wohlbefinden \/ 1 Tablette am Tag<br \/>\nLieferumfang: 1 x 75g, 60 Tabletten Centrum Generation 50+ \/ Mikron\u00e4hrstoffformel speziell f\u00fcr \u00fcber 50-J\u00e4hrige \/ Deckt den Tagesbedarf vieler Vitamine, Mineralstoffe &amp; Spurenelemente<br \/>\n<div class=\"main-cross-sell\" data-asin=\"B07N7JSBS9\">\n\n\t<div class=\"WooZone-cross-sell-loader\">\n\t\t<div>\n\t\t\t<div id=\"floatingBarsG\">\n\t\t\t\t<div class=\"blockG\" id=\"rotateG_01\"><\/div>\n\t\t\t\t<div class=\"blockG\" id=\"rotateG_02\"><\/div>\n\t\t\t\t<div class=\"blockG\" id=\"rotateG_03\"><\/div>\n\t\t\t\t<div class=\"blockG\" id=\"rotateG_04\"><\/div>\n\t\t\t\t<div class=\"blockG\" id=\"rotateG_05\"><\/div>\n\t\t\t\t<div class=\"blockG\" id=\"rotateG_06\"><\/div>\n\t\t\t\t<div class=\"blockG\" id=\"rotateG_07\"><\/div>\n\t\t\t\t<div class=\"blockG\" id=\"rotateG_08\"><\/div>\n\t\t\t<\/div>\n\t\t\t<div class=\"WooZone-cross-sell-loader-text\"><\/div>\n\t\t<\/div>\n\t<\/div>\n\n\t\t\n<\/div>\n<div style=\"clear:both;\"><\/div><\/p>\n","protected":false},"excerpt":{"rendered":"<p>Mikron\u00e4hrstoffe als t\u00e4gliches Erg\u00e4nzungsmittel f\u00fcr Best Ager &gt; 50 Jahre: Vitamin C, Selen &amp; Zink unterst\u00fctzen Immunsystem und Abwehrkr\u00e4fte, Eisen unterst\u00fctzt das Gehirn und Vitamin A die Augen<br \/>\nA-Z Multimineral-Booster:Calcium, Magnesium und Vitamin D unterst\u00fctzen den Erhalt der Knochen, Vitamin B6, B12 &amp; Mangan den Energiestoffwechsel \/ Au\u00dferdem mit: Vitamin E, K, Biotin, Fols\u00e4ure &amp; Jod<br \/>\nDie Centrum Formulierungen werden auf Grundlage wissenschaftlicher Forschungen entwickelt &amp; von N\u00e4hrstoffexperten formuliert \/ S\u00e4mtliche Mikron\u00e4hrstoffe sind auf Sicherheit gepr\u00fcft &amp; zertifiziert<\/p>\n","protected":false},"featured_media":167622,"comment_status":"open","ping_status":"closed","template":"","meta":[],"product_brand":[],"product_cat":[566,6375],"product_tag":[],"class_list":{"0":"post-167621","1":"product","2":"type-product","3":"status-publish","4":"has-post-thumbnail","6":"product_cat-drogerie-koerperpflege","7":"product_cat-vitamine-mineralien-ergaenzungsmittel","8":"pa_binding-badartikel","9":"pa_brand-centrum","10":"pa_height-3-8188976339-zoll","11":"pa_languages-bestandteile-deutsch-unbekannt-deutsch","12":"pa_length-1-9291338563-zoll","13":"pa_manufacturer-centrum","14":"pa_model-f000029071","15":"pa_size-60-stueck-1er-pack","16":"pa_weight-0-22707612986-pfund","17":"pa_width-3-60236220105-zoll","19":"first","20":"instock","21":"shipping-taxable","22":"purchasable","23":"product-type-simple","24":"customify-col","25":"product-has-gallery"},"yoast_head":"<!-- This site is optimized with the Yoast SEO plugin v27.4 - https:\/\/yoast.com\/product\/yoast-seo-wordpress\/ -->\n<title>Centrum Generation 50+ \u2013 Hochwertiges Nahrungserg\u00e4nzungsmittel mit Mikron\u00e4hrstoffen \u2013 F\u00fcr Erwachsene ab 50 Jahren\u2026 - Markt-XXL<\/title>\n<meta name=\"description\" content=\"Markt-XXL Centrum Generation 50+ \u2013 Hochwertiges Nahrungserg\u00e4nzungsmittel mit Mikron\u00e4hrstoffen \u2013 F\u00fcr Erwachsene ab 50 Jahren\u2026\" \/>\n<meta name=\"robots\" content=\"index, follow, max-snippet:-1, max-image-preview:large, max-video-preview:-1\" \/>\n<link rel=\"canonical\" href=\"https:\/\/marktxxl.de\/markt\/produkt\/centrum-generation-50-hochwertiges-nahrungsergaenzungsmittel-mit-mikronaehrstoffen-fuer-erwachsene-ab-50-jahren-vitamine-mineralstoffe-spurenelemente-1-x-60\/\" \/>\n<meta property=\"og:locale\" content=\"de_DE\" \/>\n<meta property=\"og:type\" content=\"article\" \/>\n<meta property=\"og:title\" content=\"Centrum Generation 50+ \u2013 Hochwertiges Nahrungserg\u00e4nzungsmittel mit Mikron\u00e4hrstoffen \u2013 F\u00fcr Erwachsene ab 50 Jahren\u2026 - Markt-XXL\" \/>\n<meta property=\"og:description\" content=\"Markt-XXL Centrum Generation 50+ \u2013 Hochwertiges Nahrungserg\u00e4nzungsmittel mit Mikron\u00e4hrstoffen \u2013 F\u00fcr Erwachsene ab 50 Jahren\u2026\" \/>\n<meta property=\"og:url\" content=\"https:\/\/marktxxl.de\/markt\/produkt\/centrum-generation-50-hochwertiges-nahrungsergaenzungsmittel-mit-mikronaehrstoffen-fuer-erwachsene-ab-50-jahren-vitamine-mineralstoffe-spurenelemente-1-x-60\/\" \/>\n<meta property=\"og:site_name\" content=\"Markt-XXL\" \/>\n<meta property=\"article:modified_time\" content=\"2023-04-11T02:53:31+00:00\" \/>\n<meta property=\"og:image\" content=\"https:\/\/m.media-amazon.com\/images\/I\/41YYn1CWjgS._SL500_.jpg\" \/>\n\t<meta property=\"og:image:width\" content=\"500\" \/>\n\t<meta property=\"og:image:height\" content=\"500\" \/>\n\t<meta property=\"og:image:type\" content=\"image\/jpeg\" \/>\n<meta name=\"twitter:card\" content=\"summary_large_image\" \/>\n<meta name=\"twitter:label1\" content=\"Gesch\u00e4tzte Lesezeit\" \/>\n\t<meta name=\"twitter:data1\" content=\"1\u00a0Minute\" \/>\n<script type=\"application\/ld+json\" class=\"yoast-schema-graph\">{\"@context\":\"https:\\\/\\\/schema.org\",\"@graph\":[{\"@type\":\"WebPage\",\"@id\":\"https:\\\/\\\/marktxxl.de\\\/markt\\\/produkt\\\/centrum-generation-50-hochwertiges-nahrungsergaenzungsmittel-mit-mikronaehrstoffen-fuer-erwachsene-ab-50-jahren-vitamine-mineralstoffe-spurenelemente-1-x-60\\\/\",\"url\":\"https:\\\/\\\/marktxxl.de\\\/markt\\\/produkt\\\/centrum-generation-50-hochwertiges-nahrungsergaenzungsmittel-mit-mikronaehrstoffen-fuer-erwachsene-ab-50-jahren-vitamine-mineralstoffe-spurenelemente-1-x-60\\\/\",\"name\":\"Centrum Generation 50+ \u2013 Hochwertiges Nahrungserg\u00e4nzungsmittel mit Mikron\u00e4hrstoffen \u2013 F\u00fcr Erwachsene ab 50 Jahren\u2026 - Markt-XXL\",\"isPartOf\":{\"@id\":\"https:\\\/\\\/marktxxl.de\\\/markt\\\/#website\"},\"primaryImageOfPage\":{\"@id\":\"https:\\\/\\\/marktxxl.de\\\/markt\\\/produkt\\\/centrum-generation-50-hochwertiges-nahrungsergaenzungsmittel-mit-mikronaehrstoffen-fuer-erwachsene-ab-50-jahren-vitamine-mineralstoffe-spurenelemente-1-x-60\\\/#primaryimage\"},\"image\":{\"@id\":\"https:\\\/\\\/marktxxl.de\\\/markt\\\/produkt\\\/centrum-generation-50-hochwertiges-nahrungsergaenzungsmittel-mit-mikronaehrstoffen-fuer-erwachsene-ab-50-jahren-vitamine-mineralstoffe-spurenelemente-1-x-60\\\/#primaryimage\"},\"thumbnailUrl\":\"https:\\\/\\\/m.media-amazon.com\\\/images\\\/I\\\/41YYn1CWjgS._SL500_.jpg\",\"datePublished\":\"2022-11-11T08:46:44+00:00\",\"dateModified\":\"2023-04-11T02:53:31+00:00\",\"description\":\"Markt-XXL Centrum Generation 50+ \u2013 Hochwertiges Nahrungserg\u00e4nzungsmittel mit Mikron\u00e4hrstoffen \u2013 F\u00fcr Erwachsene ab 50 Jahren\u2026\",\"breadcrumb\":{\"@id\":\"https:\\\/\\\/marktxxl.de\\\/markt\\\/produkt\\\/centrum-generation-50-hochwertiges-nahrungsergaenzungsmittel-mit-mikronaehrstoffen-fuer-erwachsene-ab-50-jahren-vitamine-mineralstoffe-spurenelemente-1-x-60\\\/#breadcrumb\"},\"inLanguage\":\"de\",\"potentialAction\":[{\"@type\":\"ReadAction\",\"target\":[\"https:\\\/\\\/marktxxl.de\\\/markt\\\/produkt\\\/centrum-generation-50-hochwertiges-nahrungsergaenzungsmittel-mit-mikronaehrstoffen-fuer-erwachsene-ab-50-jahren-vitamine-mineralstoffe-spurenelemente-1-x-60\\\/\"]}]},{\"@type\":\"ImageObject\",\"inLanguage\":\"de\",\"@id\":\"https:\\\/\\\/marktxxl.de\\\/markt\\\/produkt\\\/centrum-generation-50-hochwertiges-nahrungsergaenzungsmittel-mit-mikronaehrstoffen-fuer-erwachsene-ab-50-jahren-vitamine-mineralstoffe-spurenelemente-1-x-60\\\/#primaryimage\",\"url\":\"https:\\\/\\\/m.media-amazon.com\\\/images\\\/I\\\/41YYn1CWjgS._SL500_.jpg\",\"contentUrl\":\"https:\\\/\\\/m.media-amazon.com\\\/images\\\/I\\\/41YYn1CWjgS._SL500_.jpg\",\"width\":500,\"height\":500},{\"@type\":\"BreadcrumbList\",\"@id\":\"https:\\\/\\\/marktxxl.de\\\/markt\\\/produkt\\\/centrum-generation-50-hochwertiges-nahrungsergaenzungsmittel-mit-mikronaehrstoffen-fuer-erwachsene-ab-50-jahren-vitamine-mineralstoffe-spurenelemente-1-x-60\\\/#breadcrumb\",\"itemListElement\":[{\"@type\":\"ListItem\",\"position\":1,\"name\":\"Startseite\",\"item\":\"https:\\\/\\\/marktxxl.de\\\/markt\\\/\"},{\"@type\":\"ListItem\",\"position\":2,\"name\":\"Markt\",\"item\":\"https:\\\/\\\/marktxxl.de\\\/markt\\\/\"},{\"@type\":\"ListItem\",\"position\":3,\"name\":\"Centrum Generation 50+ \u2013 Hochwertiges Nahrungserg\u00e4nzungsmittel mit Mikron\u00e4hrstoffen \u2013 F\u00fcr Erwachsene ab 50 Jahren\u2026\"}]},{\"@type\":\"WebSite\",\"@id\":\"https:\\\/\\\/marktxxl.de\\\/markt\\\/#website\",\"url\":\"https:\\\/\\\/marktxxl.de\\\/markt\\\/\",\"name\":\"Markt-XXL\",\"description\":\"Ihr Markt Online\",\"publisher\":{\"@id\":\"https:\\\/\\\/marktxxl.de\\\/markt\\\/#organization\"},\"potentialAction\":[{\"@type\":\"SearchAction\",\"target\":{\"@type\":\"EntryPoint\",\"urlTemplate\":\"https:\\\/\\\/marktxxl.de\\\/markt\\\/?s={search_term_string}\"},\"query-input\":{\"@type\":\"PropertyValueSpecification\",\"valueRequired\":true,\"valueName\":\"search_term_string\"}}],\"inLanguage\":\"de\"},{\"@type\":\"Organization\",\"@id\":\"https:\\\/\\\/marktxxl.de\\\/markt\\\/#organization\",\"name\":\"Markt-XXL\",\"url\":\"https:\\\/\\\/marktxxl.de\\\/markt\\\/\",\"logo\":{\"@type\":\"ImageObject\",\"inLanguage\":\"de\",\"@id\":\"https:\\\/\\\/marktxxl.de\\\/markt\\\/#\\\/schema\\\/logo\\\/image\\\/\",\"url\":\"https:\\\/\\\/marktxxl.de\\\/markt\\\/wp-content\\\/uploads\\\/sites\\\/3\\\/2020\\\/12\\\/logo.png\",\"contentUrl\":\"https:\\\/\\\/marktxxl.de\\\/markt\\\/wp-content\\\/uploads\\\/sites\\\/3\\\/2020\\\/12\\\/logo.png\",\"width\":200,\"height\":70,\"caption\":\"Markt-XXL\"},\"image\":{\"@id\":\"https:\\\/\\\/marktxxl.de\\\/markt\\\/#\\\/schema\\\/logo\\\/image\\\/\"}}]}<\/script>\n<!-- \/ Yoast SEO plugin. -->","yoast_head_json":{"title":"Centrum Generation 50+ \u2013 Hochwertiges Nahrungserg\u00e4nzungsmittel mit Mikron\u00e4hrstoffen \u2013 F\u00fcr Erwachsene ab 50 Jahren\u2026 - Markt-XXL","description":"Markt-XXL Centrum Generation 50+ \u2013 Hochwertiges Nahrungserg\u00e4nzungsmittel mit Mikron\u00e4hrstoffen \u2013 F\u00fcr Erwachsene ab 50 Jahren\u2026","robots":{"index":"index","follow":"follow","max-snippet":"max-snippet:-1","max-image-preview":"max-image-preview:large","max-video-preview":"max-video-preview:-1"},"canonical":"https:\/\/marktxxl.de\/markt\/produkt\/centrum-generation-50-hochwertiges-nahrungsergaenzungsmittel-mit-mikronaehrstoffen-fuer-erwachsene-ab-50-jahren-vitamine-mineralstoffe-spurenelemente-1-x-60\/","og_locale":"de_DE","og_type":"article","og_title":"Centrum Generation 50+ \u2013 Hochwertiges Nahrungserg\u00e4nzungsmittel mit Mikron\u00e4hrstoffen \u2013 F\u00fcr Erwachsene ab 50 Jahren\u2026 - Markt-XXL","og_description":"Markt-XXL Centrum Generation 50+ \u2013 Hochwertiges Nahrungserg\u00e4nzungsmittel mit Mikron\u00e4hrstoffen \u2013 F\u00fcr Erwachsene ab 50 Jahren\u2026","og_url":"https:\/\/marktxxl.de\/markt\/produkt\/centrum-generation-50-hochwertiges-nahrungsergaenzungsmittel-mit-mikronaehrstoffen-fuer-erwachsene-ab-50-jahren-vitamine-mineralstoffe-spurenelemente-1-x-60\/","og_site_name":"Markt-XXL","article_modified_time":"2023-04-11T02:53:31+00:00","og_image":[{"width":500,"height":500,"url":"https:\/\/m.media-amazon.com\/images\/I\/41YYn1CWjgS._SL500_.jpg","type":"image\/jpeg"}],"twitter_card":"summary_large_image","twitter_misc":{"Gesch\u00e4tzte Lesezeit":"1\u00a0Minute"},"schema":{"@context":"https:\/\/schema.org","@graph":[{"@type":"WebPage","@id":"https:\/\/marktxxl.de\/markt\/produkt\/centrum-generation-50-hochwertiges-nahrungsergaenzungsmittel-mit-mikronaehrstoffen-fuer-erwachsene-ab-50-jahren-vitamine-mineralstoffe-spurenelemente-1-x-60\/","url":"https:\/\/marktxxl.de\/markt\/produkt\/centrum-generation-50-hochwertiges-nahrungsergaenzungsmittel-mit-mikronaehrstoffen-fuer-erwachsene-ab-50-jahren-vitamine-mineralstoffe-spurenelemente-1-x-60\/","name":"Centrum Generation 50+ \u2013 Hochwertiges Nahrungserg\u00e4nzungsmittel mit Mikron\u00e4hrstoffen \u2013 F\u00fcr Erwachsene ab 50 Jahren\u2026 - Markt-XXL","isPartOf":{"@id":"https:\/\/marktxxl.de\/markt\/#website"},"primaryImageOfPage":{"@id":"https:\/\/marktxxl.de\/markt\/produkt\/centrum-generation-50-hochwertiges-nahrungsergaenzungsmittel-mit-mikronaehrstoffen-fuer-erwachsene-ab-50-jahren-vitamine-mineralstoffe-spurenelemente-1-x-60\/#primaryimage"},"image":{"@id":"https:\/\/marktxxl.de\/markt\/produkt\/centrum-generation-50-hochwertiges-nahrungsergaenzungsmittel-mit-mikronaehrstoffen-fuer-erwachsene-ab-50-jahren-vitamine-mineralstoffe-spurenelemente-1-x-60\/#primaryimage"},"thumbnailUrl":"https:\/\/m.media-amazon.com\/images\/I\/41YYn1CWjgS._SL500_.jpg","datePublished":"2022-11-11T08:46:44+00:00","dateModified":"2023-04-11T02:53:31+00:00","description":"Markt-XXL Centrum Generation 50+ \u2013 Hochwertiges Nahrungserg\u00e4nzungsmittel mit Mikron\u00e4hrstoffen \u2013 F\u00fcr Erwachsene ab 50 Jahren\u2026","breadcrumb":{"@id":"https:\/\/marktxxl.de\/markt\/produkt\/centrum-generation-50-hochwertiges-nahrungsergaenzungsmittel-mit-mikronaehrstoffen-fuer-erwachsene-ab-50-jahren-vitamine-mineralstoffe-spurenelemente-1-x-60\/#breadcrumb"},"inLanguage":"de","potentialAction":[{"@type":"ReadAction","target":["https:\/\/marktxxl.de\/markt\/produkt\/centrum-generation-50-hochwertiges-nahrungsergaenzungsmittel-mit-mikronaehrstoffen-fuer-erwachsene-ab-50-jahren-vitamine-mineralstoffe-spurenelemente-1-x-60\/"]}]},{"@type":"ImageObject","inLanguage":"de","@id":"https:\/\/marktxxl.de\/markt\/produkt\/centrum-generation-50-hochwertiges-nahrungsergaenzungsmittel-mit-mikronaehrstoffen-fuer-erwachsene-ab-50-jahren-vitamine-mineralstoffe-spurenelemente-1-x-60\/#primaryimage","url":"https:\/\/m.media-amazon.com\/images\/I\/41YYn1CWjgS._SL500_.jpg","contentUrl":"https:\/\/m.media-amazon.com\/images\/I\/41YYn1CWjgS._SL500_.jpg","width":500,"height":500},{"@type":"BreadcrumbList","@id":"https:\/\/marktxxl.de\/markt\/produkt\/centrum-generation-50-hochwertiges-nahrungsergaenzungsmittel-mit-mikronaehrstoffen-fuer-erwachsene-ab-50-jahren-vitamine-mineralstoffe-spurenelemente-1-x-60\/#breadcrumb","itemListElement":[{"@type":"ListItem","position":1,"name":"Startseite","item":"https:\/\/marktxxl.de\/markt\/"},{"@type":"ListItem","position":2,"name":"Markt","item":"https:\/\/marktxxl.de\/markt\/"},{"@type":"ListItem","position":3,"name":"Centrum Generation 50+ \u2013 Hochwertiges Nahrungserg\u00e4nzungsmittel mit Mikron\u00e4hrstoffen \u2013 F\u00fcr Erwachsene ab 50 Jahren\u2026"}]},{"@type":"WebSite","@id":"https:\/\/marktxxl.de\/markt\/#website","url":"https:\/\/marktxxl.de\/markt\/","name":"Markt-XXL","description":"Ihr Markt Online","publisher":{"@id":"https:\/\/marktxxl.de\/markt\/#organization"},"potentialAction":[{"@type":"SearchAction","target":{"@type":"EntryPoint","urlTemplate":"https:\/\/marktxxl.de\/markt\/?s={search_term_string}"},"query-input":{"@type":"PropertyValueSpecification","valueRequired":true,"valueName":"search_term_string"}}],"inLanguage":"de"},{"@type":"Organization","@id":"https:\/\/marktxxl.de\/markt\/#organization","name":"Markt-XXL","url":"https:\/\/marktxxl.de\/markt\/","logo":{"@type":"ImageObject","inLanguage":"de","@id":"https:\/\/marktxxl.de\/markt\/#\/schema\/logo\/image\/","url":"https:\/\/marktxxl.de\/markt\/wp-content\/uploads\/sites\/3\/2020\/12\/logo.png","contentUrl":"https:\/\/marktxxl.de\/markt\/wp-content\/uploads\/sites\/3\/2020\/12\/logo.png","width":200,"height":70,"caption":"Markt-XXL"},"image":{"@id":"https:\/\/marktxxl.de\/markt\/#\/schema\/logo\/image\/"}}]}},"_links":{"self":[{"href":"https:\/\/marktxxl.de\/markt\/wp-json\/wp\/v2\/product\/167621","targetHints":{"allow":["GET"]}}],"collection":[{"href":"https:\/\/marktxxl.de\/markt\/wp-json\/wp\/v2\/product"}],"about":[{"href":"https:\/\/marktxxl.de\/markt\/wp-json\/wp\/v2\/types\/product"}],"replies":[{"embeddable":true,"href":"https:\/\/marktxxl.de\/markt\/wp-json\/wp\/v2\/comments?post=167621"}],"wp:featuredmedia":[{"embeddable":true,"href":"https:\/\/marktxxl.de\/markt\/wp-json\/wp\/v2\/media\/167622"}],"wp:attachment":[{"href":"https:\/\/marktxxl.de\/markt\/wp-json\/wp\/v2\/media?parent=167621"}],"wp:term":[{"taxonomy":"product_brand","embeddable":true,"href":"https:\/\/marktxxl.de\/markt\/wp-json\/wp\/v2\/product_brand?post=167621"},{"taxonomy":"product_cat","embeddable":true,"href":"https:\/\/marktxxl.de\/markt\/wp-json\/wp\/v2\/product_cat?post=167621"},{"taxonomy":"product_tag","embeddable":true,"href":"https:\/\/marktxxl.de\/markt\/wp-json\/wp\/v2\/product_tag?post=167621"}],"curies":[{"name":"wp","href":"https:\/\/api.w.org\/{rel}","templated":true}]}}