{"id":167348,"date":"2022-11-11T09:18:07","date_gmt":"2022-11-11T08:18:07","guid":{"rendered":"https:\/\/marktxxl.de\/markt\/produkt\/african-american-expressions-wandkalender-2022-monatskalender-fuer-2022-2023-feiert-schwarze-kultur-und-geschichte-305-x-305-cm-zum-aufhaengen-16-monate-all-that-ja\/"},"modified":"2023-04-11T04:53:23","modified_gmt":"2023-04-11T02:53:23","slug":"african-american-expressions-wandkalender-2022-monatskalender-fuer-2022-2023-feiert-schwarze-kultur-und-geschichte-305-x-305-cm-zum-aufhaengen-16-monate-all-that-ja","status":"publish","type":"product","link":"https:\/\/marktxxl.de\/markt\/produkt\/african-american-expressions-wandkalender-2022-monatskalender-fuer-2022-2023-feiert-schwarze-kultur-und-geschichte-305-x-305-cm-zum-aufhaengen-16-monate-all-that-ja\/","title":{"rendered":"African American Expressions Wandkalender 2022 \u2013 Monatskalender f\u00fcr 2022 \u2013 2023, Feiert schwarze Kultur und Geschichte\u2026"},"content":{"rendered":"<p>Lebendige Visuals: Mit Beitr\u00e4gen von schwarzen K\u00fcnstlern und atemberaubender Fotografie jeden Monat dieses Kalenders pr\u00e4sentiert einen einzigartigen inspirierenden Blick auf das schwarze Erlebnis in Amerika.<br \/>\nGro\u00dfer Kalender: Dieser Kalender ist 30,5 x 30,5 cm gefaltet und 30,5 x 61 cm aufgeklappt. Jedes Bild ist 30,5 x 30,5 cm gro\u00df, wie jeder monatliche Datumsabschnitt f\u00fcr eine einfache Betrachtung aus dem ganzen Raum. Halten Sie eine Erinnerung an die Kunstfertigkeit und Geschichte der schwarzen Kultur, die Sie jeden Tag ansehen k\u00f6nnen.<br \/>\n27-monatige Anzeige: Dieser Kalender verf\u00fcgt \u00fcber eine Mini-Ansicht der letzten Monate 2020, dann vollst\u00e4ndige Seitenansichten von 2021. Jeder Monat ist mit wichtigen Feiertagen markiert, mit Platz f\u00fcr Notizen und Erinnerungen an jedem Tag. Diese Wandkalender sind perfekt f\u00fcr Ihr B\u00fcro oder Zuhause.<br \/>\nEine Vielzahl von Ausdr\u00fccken: Diese Kalender verf\u00fcgen \u00fcber eine Vielzahl von Motiven. Wandkalender mit: Michelle und Barack Obama, Phenomenal Women, Maya Angelou, Black History, Jazz, die Kinder von Haiti und mehr. Dies sind inspirierende, afrozentrische Kalender, die Ihren Tag erhellen.<br \/>\nAfrikanische amerikanische Ausdr\u00fccke: AAE ist das weltweit gr\u00f6\u00dfte Unternehmen f\u00fcr Geschenke und Gru\u00dfkarten. Bekannt f\u00fcr auff\u00e4llige Designs und ergreifende Kunstwerke, bietet African American Expressions die Top-Auswahl an kulturell authentischen Geschenken und gibt der Gemeinschaft durch unser Spendenaktions-Programm zur\u00fcck.<br \/>\n<div class=\"main-cross-sell\" data-asin=\"B09HR91VK7\">\n\n\t<div class=\"WooZone-cross-sell-loader\">\n\t\t<div>\n\t\t\t<div id=\"floatingBarsG\">\n\t\t\t\t<div class=\"blockG\" id=\"rotateG_01\"><\/div>\n\t\t\t\t<div class=\"blockG\" id=\"rotateG_02\"><\/div>\n\t\t\t\t<div class=\"blockG\" id=\"rotateG_03\"><\/div>\n\t\t\t\t<div class=\"blockG\" id=\"rotateG_04\"><\/div>\n\t\t\t\t<div class=\"blockG\" id=\"rotateG_05\"><\/div>\n\t\t\t\t<div class=\"blockG\" id=\"rotateG_06\"><\/div>\n\t\t\t\t<div class=\"blockG\" id=\"rotateG_07\"><\/div>\n\t\t\t\t<div class=\"blockG\" id=\"rotateG_08\"><\/div>\n\t\t\t<\/div>\n\t\t\t<div class=\"WooZone-cross-sell-loader-text\"><\/div>\n\t\t<\/div>\n\t<\/div>\n\n\t\t\n<\/div>\n<div style=\"clear:both;\"><\/div><\/p>\n","protected":false},"excerpt":{"rendered":"<p>Lebendige Visuals: Mit Beitr\u00e4gen von schwarzen K\u00fcnstlern und atemberaubender Fotografie jeden Monat dieses Kalenders pr\u00e4sentiert einen einzigartigen inspirierenden Blick auf das schwarze Erlebnis in Amerika.<br \/>\nGro\u00dfer Kalender: Dieser Kalender ist 30,5 x 30,5 cm gefaltet und 30,5 x 61 cm aufgeklappt. Jedes Bild ist 30,5 x 30,5 cm gro\u00df, wie jeder monatliche Datumsabschnitt f\u00fcr eine einfache Betrachtung aus dem ganzen Raum. Halten Sie eine Erinnerung an die Kunstfertigkeit und Geschichte der schwarzen Kultur, die Sie jeden Tag ansehen k\u00f6nnen.<br \/>\n27-monatige Anzeige: Dieser Kalender verf\u00fcgt \u00fcber eine Mini-Ansicht der letzten Monate 2020, dann vollst\u00e4ndige Seitenansichten von 2021. Jeder Monat ist mit wichtigen Feiertagen markiert, mit Platz f\u00fcr Notizen und Erinnerungen an jedem Tag. Diese Wandkalender sind perfekt f\u00fcr Ihr B\u00fcro oder Zuhause.<\/p>\n","protected":false},"featured_media":167349,"comment_status":"open","ping_status":"closed","template":"","meta":[],"product_brand":[],"product_cat":[504,8381],"product_tag":[],"class_list":{"0":"post-167348","1":"product","2":"type-product","3":"status-publish","4":"has-post-thumbnail","6":"product_cat-buerobedarf-schreibwaren","7":"product_cat-kalender-planer-und-organizer","8":"pa_brand-african-american-expressions","9":"pa_height-12-zoll","10":"pa_length-12-zoll","11":"pa_manufacturer-african-american-expressions","12":"pa_size-12-inch-x-12-inch","13":"pa_width-0-3-zoll","15":"first","16":"instock","17":"shipping-taxable","18":"purchasable","19":"product-type-simple","20":"customify-col","21":"product-has-gallery"},"yoast_head":"<!-- This site is optimized with the Yoast SEO plugin v27.4 - https:\/\/yoast.com\/product\/yoast-seo-wordpress\/ -->\n<title>African American Expressions Wandkalender 2022 \u2013 Monatskalender f\u00fcr 2022 \u2013 2023, Feiert schwarze Kultur und Geschichte\u2026 - Markt-XXL<\/title>\n<meta name=\"description\" content=\"Markt-XXL African American Expressions Wandkalender 2022 \u2013 Monatskalender f\u00fcr 2022 \u2013 2023, Feiert schwarze Kultur und Geschichte\u2026\" \/>\n<meta name=\"robots\" content=\"index, follow, max-snippet:-1, max-image-preview:large, max-video-preview:-1\" \/>\n<link rel=\"canonical\" href=\"https:\/\/marktxxl.de\/markt\/produkt\/african-american-expressions-wandkalender-2022-monatskalender-fuer-2022-2023-feiert-schwarze-kultur-und-geschichte-305-x-305-cm-zum-aufhaengen-16-monate-all-that-ja\/\" \/>\n<meta property=\"og:locale\" content=\"de_DE\" \/>\n<meta property=\"og:type\" content=\"article\" \/>\n<meta property=\"og:title\" content=\"African American Expressions Wandkalender 2022 \u2013 Monatskalender f\u00fcr 2022 \u2013 2023, Feiert schwarze Kultur und Geschichte\u2026 - Markt-XXL\" \/>\n<meta property=\"og:description\" content=\"Markt-XXL African American Expressions Wandkalender 2022 \u2013 Monatskalender f\u00fcr 2022 \u2013 2023, Feiert schwarze Kultur und Geschichte\u2026\" \/>\n<meta property=\"og:url\" content=\"https:\/\/marktxxl.de\/markt\/produkt\/african-american-expressions-wandkalender-2022-monatskalender-fuer-2022-2023-feiert-schwarze-kultur-und-geschichte-305-x-305-cm-zum-aufhaengen-16-monate-all-that-ja\/\" \/>\n<meta property=\"og:site_name\" content=\"Markt-XXL\" \/>\n<meta property=\"article:modified_time\" content=\"2023-04-11T02:53:23+00:00\" \/>\n<meta property=\"og:image\" content=\"https:\/\/m.media-amazon.com\/images\/I\/614WRxbMU3L._SL500_.jpg\" \/>\n\t<meta property=\"og:image:width\" content=\"500\" \/>\n\t<meta property=\"og:image:height\" content=\"500\" \/>\n\t<meta property=\"og:image:type\" content=\"image\/jpeg\" \/>\n<meta name=\"twitter:card\" content=\"summary_large_image\" \/>\n<meta name=\"twitter:label1\" content=\"Gesch\u00e4tzte Lesezeit\" \/>\n\t<meta name=\"twitter:data1\" content=\"1\u00a0Minute\" \/>\n<script type=\"application\/ld+json\" class=\"yoast-schema-graph\">{\"@context\":\"https:\\\/\\\/schema.org\",\"@graph\":[{\"@type\":\"WebPage\",\"@id\":\"https:\\\/\\\/marktxxl.de\\\/markt\\\/produkt\\\/african-american-expressions-wandkalender-2022-monatskalender-fuer-2022-2023-feiert-schwarze-kultur-und-geschichte-305-x-305-cm-zum-aufhaengen-16-monate-all-that-ja\\\/\",\"url\":\"https:\\\/\\\/marktxxl.de\\\/markt\\\/produkt\\\/african-american-expressions-wandkalender-2022-monatskalender-fuer-2022-2023-feiert-schwarze-kultur-und-geschichte-305-x-305-cm-zum-aufhaengen-16-monate-all-that-ja\\\/\",\"name\":\"African American Expressions Wandkalender 2022 \u2013 Monatskalender f\u00fcr 2022 \u2013 2023, Feiert schwarze Kultur und Geschichte\u2026 - Markt-XXL\",\"isPartOf\":{\"@id\":\"https:\\\/\\\/marktxxl.de\\\/markt\\\/#website\"},\"primaryImageOfPage\":{\"@id\":\"https:\\\/\\\/marktxxl.de\\\/markt\\\/produkt\\\/african-american-expressions-wandkalender-2022-monatskalender-fuer-2022-2023-feiert-schwarze-kultur-und-geschichte-305-x-305-cm-zum-aufhaengen-16-monate-all-that-ja\\\/#primaryimage\"},\"image\":{\"@id\":\"https:\\\/\\\/marktxxl.de\\\/markt\\\/produkt\\\/african-american-expressions-wandkalender-2022-monatskalender-fuer-2022-2023-feiert-schwarze-kultur-und-geschichte-305-x-305-cm-zum-aufhaengen-16-monate-all-that-ja\\\/#primaryimage\"},\"thumbnailUrl\":\"https:\\\/\\\/m.media-amazon.com\\\/images\\\/I\\\/614WRxbMU3L._SL500_.jpg\",\"datePublished\":\"2022-11-11T08:18:07+00:00\",\"dateModified\":\"2023-04-11T02:53:23+00:00\",\"description\":\"Markt-XXL African American Expressions Wandkalender 2022 \u2013 Monatskalender f\u00fcr 2022 \u2013 2023, Feiert schwarze Kultur und Geschichte\u2026\",\"breadcrumb\":{\"@id\":\"https:\\\/\\\/marktxxl.de\\\/markt\\\/produkt\\\/african-american-expressions-wandkalender-2022-monatskalender-fuer-2022-2023-feiert-schwarze-kultur-und-geschichte-305-x-305-cm-zum-aufhaengen-16-monate-all-that-ja\\\/#breadcrumb\"},\"inLanguage\":\"de\",\"potentialAction\":[{\"@type\":\"ReadAction\",\"target\":[\"https:\\\/\\\/marktxxl.de\\\/markt\\\/produkt\\\/african-american-expressions-wandkalender-2022-monatskalender-fuer-2022-2023-feiert-schwarze-kultur-und-geschichte-305-x-305-cm-zum-aufhaengen-16-monate-all-that-ja\\\/\"]}]},{\"@type\":\"ImageObject\",\"inLanguage\":\"de\",\"@id\":\"https:\\\/\\\/marktxxl.de\\\/markt\\\/produkt\\\/african-american-expressions-wandkalender-2022-monatskalender-fuer-2022-2023-feiert-schwarze-kultur-und-geschichte-305-x-305-cm-zum-aufhaengen-16-monate-all-that-ja\\\/#primaryimage\",\"url\":\"https:\\\/\\\/m.media-amazon.com\\\/images\\\/I\\\/614WRxbMU3L._SL500_.jpg\",\"contentUrl\":\"https:\\\/\\\/m.media-amazon.com\\\/images\\\/I\\\/614WRxbMU3L._SL500_.jpg\",\"width\":500,\"height\":500},{\"@type\":\"BreadcrumbList\",\"@id\":\"https:\\\/\\\/marktxxl.de\\\/markt\\\/produkt\\\/african-american-expressions-wandkalender-2022-monatskalender-fuer-2022-2023-feiert-schwarze-kultur-und-geschichte-305-x-305-cm-zum-aufhaengen-16-monate-all-that-ja\\\/#breadcrumb\",\"itemListElement\":[{\"@type\":\"ListItem\",\"position\":1,\"name\":\"Startseite\",\"item\":\"https:\\\/\\\/marktxxl.de\\\/markt\\\/\"},{\"@type\":\"ListItem\",\"position\":2,\"name\":\"Markt\",\"item\":\"https:\\\/\\\/marktxxl.de\\\/markt\\\/\"},{\"@type\":\"ListItem\",\"position\":3,\"name\":\"African American Expressions Wandkalender 2022 \u2013 Monatskalender f\u00fcr 2022 \u2013 2023, Feiert schwarze Kultur und Geschichte\u2026\"}]},{\"@type\":\"WebSite\",\"@id\":\"https:\\\/\\\/marktxxl.de\\\/markt\\\/#website\",\"url\":\"https:\\\/\\\/marktxxl.de\\\/markt\\\/\",\"name\":\"Markt-XXL\",\"description\":\"Ihr Markt Online\",\"publisher\":{\"@id\":\"https:\\\/\\\/marktxxl.de\\\/markt\\\/#organization\"},\"potentialAction\":[{\"@type\":\"SearchAction\",\"target\":{\"@type\":\"EntryPoint\",\"urlTemplate\":\"https:\\\/\\\/marktxxl.de\\\/markt\\\/?s={search_term_string}\"},\"query-input\":{\"@type\":\"PropertyValueSpecification\",\"valueRequired\":true,\"valueName\":\"search_term_string\"}}],\"inLanguage\":\"de\"},{\"@type\":\"Organization\",\"@id\":\"https:\\\/\\\/marktxxl.de\\\/markt\\\/#organization\",\"name\":\"Markt-XXL\",\"url\":\"https:\\\/\\\/marktxxl.de\\\/markt\\\/\",\"logo\":{\"@type\":\"ImageObject\",\"inLanguage\":\"de\",\"@id\":\"https:\\\/\\\/marktxxl.de\\\/markt\\\/#\\\/schema\\\/logo\\\/image\\\/\",\"url\":\"https:\\\/\\\/marktxxl.de\\\/markt\\\/wp-content\\\/uploads\\\/sites\\\/3\\\/2020\\\/12\\\/logo.png\",\"contentUrl\":\"https:\\\/\\\/marktxxl.de\\\/markt\\\/wp-content\\\/uploads\\\/sites\\\/3\\\/2020\\\/12\\\/logo.png\",\"width\":200,\"height\":70,\"caption\":\"Markt-XXL\"},\"image\":{\"@id\":\"https:\\\/\\\/marktxxl.de\\\/markt\\\/#\\\/schema\\\/logo\\\/image\\\/\"}}]}<\/script>\n<!-- \/ Yoast SEO plugin. -->","yoast_head_json":{"title":"African American Expressions Wandkalender 2022 \u2013 Monatskalender f\u00fcr 2022 \u2013 2023, Feiert schwarze Kultur und Geschichte\u2026 - Markt-XXL","description":"Markt-XXL African American Expressions Wandkalender 2022 \u2013 Monatskalender f\u00fcr 2022 \u2013 2023, Feiert schwarze Kultur und Geschichte\u2026","robots":{"index":"index","follow":"follow","max-snippet":"max-snippet:-1","max-image-preview":"max-image-preview:large","max-video-preview":"max-video-preview:-1"},"canonical":"https:\/\/marktxxl.de\/markt\/produkt\/african-american-expressions-wandkalender-2022-monatskalender-fuer-2022-2023-feiert-schwarze-kultur-und-geschichte-305-x-305-cm-zum-aufhaengen-16-monate-all-that-ja\/","og_locale":"de_DE","og_type":"article","og_title":"African American Expressions Wandkalender 2022 \u2013 Monatskalender f\u00fcr 2022 \u2013 2023, Feiert schwarze Kultur und Geschichte\u2026 - Markt-XXL","og_description":"Markt-XXL African American Expressions Wandkalender 2022 \u2013 Monatskalender f\u00fcr 2022 \u2013 2023, Feiert schwarze Kultur und Geschichte\u2026","og_url":"https:\/\/marktxxl.de\/markt\/produkt\/african-american-expressions-wandkalender-2022-monatskalender-fuer-2022-2023-feiert-schwarze-kultur-und-geschichte-305-x-305-cm-zum-aufhaengen-16-monate-all-that-ja\/","og_site_name":"Markt-XXL","article_modified_time":"2023-04-11T02:53:23+00:00","og_image":[{"width":500,"height":500,"url":"https:\/\/m.media-amazon.com\/images\/I\/614WRxbMU3L._SL500_.jpg","type":"image\/jpeg"}],"twitter_card":"summary_large_image","twitter_misc":{"Gesch\u00e4tzte Lesezeit":"1\u00a0Minute"},"schema":{"@context":"https:\/\/schema.org","@graph":[{"@type":"WebPage","@id":"https:\/\/marktxxl.de\/markt\/produkt\/african-american-expressions-wandkalender-2022-monatskalender-fuer-2022-2023-feiert-schwarze-kultur-und-geschichte-305-x-305-cm-zum-aufhaengen-16-monate-all-that-ja\/","url":"https:\/\/marktxxl.de\/markt\/produkt\/african-american-expressions-wandkalender-2022-monatskalender-fuer-2022-2023-feiert-schwarze-kultur-und-geschichte-305-x-305-cm-zum-aufhaengen-16-monate-all-that-ja\/","name":"African American Expressions Wandkalender 2022 \u2013 Monatskalender f\u00fcr 2022 \u2013 2023, Feiert schwarze Kultur und Geschichte\u2026 - Markt-XXL","isPartOf":{"@id":"https:\/\/marktxxl.de\/markt\/#website"},"primaryImageOfPage":{"@id":"https:\/\/marktxxl.de\/markt\/produkt\/african-american-expressions-wandkalender-2022-monatskalender-fuer-2022-2023-feiert-schwarze-kultur-und-geschichte-305-x-305-cm-zum-aufhaengen-16-monate-all-that-ja\/#primaryimage"},"image":{"@id":"https:\/\/marktxxl.de\/markt\/produkt\/african-american-expressions-wandkalender-2022-monatskalender-fuer-2022-2023-feiert-schwarze-kultur-und-geschichte-305-x-305-cm-zum-aufhaengen-16-monate-all-that-ja\/#primaryimage"},"thumbnailUrl":"https:\/\/m.media-amazon.com\/images\/I\/614WRxbMU3L._SL500_.jpg","datePublished":"2022-11-11T08:18:07+00:00","dateModified":"2023-04-11T02:53:23+00:00","description":"Markt-XXL African American Expressions Wandkalender 2022 \u2013 Monatskalender f\u00fcr 2022 \u2013 2023, Feiert schwarze Kultur und Geschichte\u2026","breadcrumb":{"@id":"https:\/\/marktxxl.de\/markt\/produkt\/african-american-expressions-wandkalender-2022-monatskalender-fuer-2022-2023-feiert-schwarze-kultur-und-geschichte-305-x-305-cm-zum-aufhaengen-16-monate-all-that-ja\/#breadcrumb"},"inLanguage":"de","potentialAction":[{"@type":"ReadAction","target":["https:\/\/marktxxl.de\/markt\/produkt\/african-american-expressions-wandkalender-2022-monatskalender-fuer-2022-2023-feiert-schwarze-kultur-und-geschichte-305-x-305-cm-zum-aufhaengen-16-monate-all-that-ja\/"]}]},{"@type":"ImageObject","inLanguage":"de","@id":"https:\/\/marktxxl.de\/markt\/produkt\/african-american-expressions-wandkalender-2022-monatskalender-fuer-2022-2023-feiert-schwarze-kultur-und-geschichte-305-x-305-cm-zum-aufhaengen-16-monate-all-that-ja\/#primaryimage","url":"https:\/\/m.media-amazon.com\/images\/I\/614WRxbMU3L._SL500_.jpg","contentUrl":"https:\/\/m.media-amazon.com\/images\/I\/614WRxbMU3L._SL500_.jpg","width":500,"height":500},{"@type":"BreadcrumbList","@id":"https:\/\/marktxxl.de\/markt\/produkt\/african-american-expressions-wandkalender-2022-monatskalender-fuer-2022-2023-feiert-schwarze-kultur-und-geschichte-305-x-305-cm-zum-aufhaengen-16-monate-all-that-ja\/#breadcrumb","itemListElement":[{"@type":"ListItem","position":1,"name":"Startseite","item":"https:\/\/marktxxl.de\/markt\/"},{"@type":"ListItem","position":2,"name":"Markt","item":"https:\/\/marktxxl.de\/markt\/"},{"@type":"ListItem","position":3,"name":"African American Expressions Wandkalender 2022 \u2013 Monatskalender f\u00fcr 2022 \u2013 2023, Feiert schwarze Kultur und Geschichte\u2026"}]},{"@type":"WebSite","@id":"https:\/\/marktxxl.de\/markt\/#website","url":"https:\/\/marktxxl.de\/markt\/","name":"Markt-XXL","description":"Ihr Markt Online","publisher":{"@id":"https:\/\/marktxxl.de\/markt\/#organization"},"potentialAction":[{"@type":"SearchAction","target":{"@type":"EntryPoint","urlTemplate":"https:\/\/marktxxl.de\/markt\/?s={search_term_string}"},"query-input":{"@type":"PropertyValueSpecification","valueRequired":true,"valueName":"search_term_string"}}],"inLanguage":"de"},{"@type":"Organization","@id":"https:\/\/marktxxl.de\/markt\/#organization","name":"Markt-XXL","url":"https:\/\/marktxxl.de\/markt\/","logo":{"@type":"ImageObject","inLanguage":"de","@id":"https:\/\/marktxxl.de\/markt\/#\/schema\/logo\/image\/","url":"https:\/\/marktxxl.de\/markt\/wp-content\/uploads\/sites\/3\/2020\/12\/logo.png","contentUrl":"https:\/\/marktxxl.de\/markt\/wp-content\/uploads\/sites\/3\/2020\/12\/logo.png","width":200,"height":70,"caption":"Markt-XXL"},"image":{"@id":"https:\/\/marktxxl.de\/markt\/#\/schema\/logo\/image\/"}}]}},"_links":{"self":[{"href":"https:\/\/marktxxl.de\/markt\/wp-json\/wp\/v2\/product\/167348","targetHints":{"allow":["GET"]}}],"collection":[{"href":"https:\/\/marktxxl.de\/markt\/wp-json\/wp\/v2\/product"}],"about":[{"href":"https:\/\/marktxxl.de\/markt\/wp-json\/wp\/v2\/types\/product"}],"replies":[{"embeddable":true,"href":"https:\/\/marktxxl.de\/markt\/wp-json\/wp\/v2\/comments?post=167348"}],"wp:featuredmedia":[{"embeddable":true,"href":"https:\/\/marktxxl.de\/markt\/wp-json\/wp\/v2\/media\/167349"}],"wp:attachment":[{"href":"https:\/\/marktxxl.de\/markt\/wp-json\/wp\/v2\/media?parent=167348"}],"wp:term":[{"taxonomy":"product_brand","embeddable":true,"href":"https:\/\/marktxxl.de\/markt\/wp-json\/wp\/v2\/product_brand?post=167348"},{"taxonomy":"product_cat","embeddable":true,"href":"https:\/\/marktxxl.de\/markt\/wp-json\/wp\/v2\/product_cat?post=167348"},{"taxonomy":"product_tag","embeddable":true,"href":"https:\/\/marktxxl.de\/markt\/wp-json\/wp\/v2\/product_tag?post=167348"}],"curies":[{"name":"wp","href":"https:\/\/api.w.org\/{rel}","templated":true}]}}