{"id":167205,"date":"2022-11-11T08:50:06","date_gmt":"2022-11-11T07:50:06","guid":{"rendered":"https:\/\/marktxxl.de\/markt\/produkt\/welltouch-bambus-massage-set-11-teiliges-set-inkl-tasche-hilfsmittel-zur-selbstmassage-ganzkoerpermassage-runde-halbrunde-staebe-bambusholz-massiv-lackiert\/"},"modified":"2023-04-11T04:53:20","modified_gmt":"2023-04-11T02:53:20","slug":"welltouch-bambus-massage-set-11-teiliges-set-inkl-tasche-hilfsmittel-zur-selbstmassage-ganzkoerpermassage-runde-halbrunde-staebe-bambusholz-massiv-lackiert","status":"publish","type":"product","link":"https:\/\/marktxxl.de\/markt\/produkt\/welltouch-bambus-massage-set-11-teiliges-set-inkl-tasche-hilfsmittel-zur-selbstmassage-ganzkoerpermassage-runde-halbrunde-staebe-bambusholz-massiv-lackiert\/","title":{"rendered":"WellTouch Bambus Massage Set | 11-teiliges Set inkl. Tasche | Hilfsmittel zur Selbstmassage &amp; Ganzk\u00f6rpermassage | Runde\u2026"},"content":{"rendered":"<p>PROFI-SET: Das 11-teilige Bambus-Set besteht aus 8 runden und 3 halbrunden Massagest\u00e4ben. Die verschiedenen L\u00e4ngen und Dicken unterst\u00fctzen bei der Ganzk\u00f6rpermassage, die verschiedenen K\u00f6rperstellen und Beschwerden gezielt zu massieren und Beschwerden zu lindern. Die Massagesticks werden inklusive einer schwarzen Baumwolltasche zur Aufbewahrung und f\u00fcr den Transport geliefert<br \/>\nENTLASTEND: Das Bambus-Werkzeug vereinfacht die Massage und sorgt f\u00fcr ein kr\u00e4fteschonendes Arbeiten. Die Massage mit den Bambus-Sticks entastest die H\u00e4nde und Finger, wodurch die Massage einfacher und effizienter ist. W\u00e4hrend der Klient von der Tiefenwirkung profitiert, hat der Therapeut ideale Arbeitsbedingungen<br \/>\nFLEXIBEL: Die verschiedenen L\u00e4ngen und Dicken der St\u00e4be erm\u00f6glichen eine vielseitige Massage. Die Fl\u00e4chen der St\u00e4be werden f\u00fcr eine gro\u00dffl\u00e4chige Anwendung und die Enden der St\u00e4be f\u00fcr eine punktuelle Behandlung verwendet. Die vielf\u00e4ltigen Anwendungsm\u00f6glichkeiten helfen gezielt Verspannungen zu l\u00f6sen<br \/>\nTRADITIONELL: Die Bambusmassage z\u00e4hlt zu den Entspannungstherapien und wird seit Jahrhunderten in China, Japan und Indonesien angewendet. Die St\u00e4be sind aus Bambus, wodurch Sie nachhaltig und umweltschonender sind als \u00e4hnliche Produkte aus Plastik<br \/>\nPRODUKTDATEN: 8 runde St\u00e4be &#8211; 1x L 55 cm, \u00d8 3 cm; 2x L 50 cm, \u00d8 1,5 cm; 1x L 40 cm, \u00d8 3 cm; 2x L 17 cm, \u00d8 1,5 cm; 2x L 15 cm, \u00d8 3 cm | 3 halbrunde St\u00e4be &#8211; 1x L 55 cm, H 1,5 cm; 2x 12 cm, H 1,5 cm | Gewicht &#8211; 800 g | inkl. Baumwolltasche | St\u00e4be aus 100% Bambusholz (lackiert)<br \/>\n<div class=\"main-cross-sell\" data-asin=\"B01CI31VWW\">\n\n\t<div class=\"WooZone-cross-sell-loader\">\n\t\t<div>\n\t\t\t<div id=\"floatingBarsG\">\n\t\t\t\t<div class=\"blockG\" id=\"rotateG_01\"><\/div>\n\t\t\t\t<div class=\"blockG\" id=\"rotateG_02\"><\/div>\n\t\t\t\t<div class=\"blockG\" id=\"rotateG_03\"><\/div>\n\t\t\t\t<div class=\"blockG\" id=\"rotateG_04\"><\/div>\n\t\t\t\t<div class=\"blockG\" id=\"rotateG_05\"><\/div>\n\t\t\t\t<div class=\"blockG\" id=\"rotateG_06\"><\/div>\n\t\t\t\t<div class=\"blockG\" id=\"rotateG_07\"><\/div>\n\t\t\t\t<div class=\"blockG\" id=\"rotateG_08\"><\/div>\n\t\t\t<\/div>\n\t\t\t<div class=\"WooZone-cross-sell-loader-text\"><\/div>\n\t\t<\/div>\n\t<\/div>\n\n\t\t\n<\/div>\n<div style=\"clear:both;\"><\/div><\/p>\n","protected":false},"excerpt":{"rendered":"<p>PROFI-SET: Das 11-teilige Bambus-Set besteht aus 8 runden und 3 halbrunden Massagest\u00e4ben. Die verschiedenen L\u00e4ngen und Dicken unterst\u00fctzen bei der Ganzk\u00f6rpermassage, die verschiedenen K\u00f6rperstellen und Beschwerden gezielt zu massieren und Beschwerden zu lindern. Die Massagesticks werden inklusive einer schwarzen Baumwolltasche zur Aufbewahrung und f\u00fcr den Transport geliefert<br \/>\nENTLASTEND: Das Bambus-Werkzeug vereinfacht die Massage und sorgt f\u00fcr ein kr\u00e4fteschonendes Arbeiten. Die Massage mit den Bambus-Sticks entastest die H\u00e4nde und Finger, wodurch die Massage einfacher und effizienter ist. W\u00e4hrend der Klient von der Tiefenwirkung profitiert, hat der Therapeut ideale Arbeitsbedingungen<br \/>\nFLEXIBEL: Die verschiedenen L\u00e4ngen und Dicken der St\u00e4be erm\u00f6glichen eine vielseitige Massage. Die Fl\u00e4chen der St\u00e4be werden f\u00fcr eine gro\u00dffl\u00e4chige Anwendung und die Enden der St\u00e4be f\u00fcr eine punktuelle Behandlung verwendet. Die vielf\u00e4ltigen Anwendungsm\u00f6glichkeiten helfen gezielt Verspannungen zu l\u00f6sen<\/p>\n","protected":false},"featured_media":167206,"comment_status":"open","ping_status":"closed","template":"","meta":[],"product_brand":[],"product_cat":[566,6496],"product_tag":[],"class_list":{"0":"post-167205","1":"product","2":"type-product","3":"status-publish","4":"has-post-thumbnail","6":"product_cat-drogerie-koerperpflege","7":"product_cat-wellness","8":"pa_binding-badartikel","9":"pa_brand-welltouch","10":"pa_color-bambus","11":"pa_height-1-7716535415-zoll","12":"pa_length-23-62204722-zoll","13":"pa_manufacturer-bodynova-gmbh","14":"pa_size-12-stueck-1er-pack","15":"pa_weight-1-763698096-pfund","16":"pa_width-7-2834645595-zoll","18":"first","19":"instock","20":"shipping-taxable","21":"purchasable","22":"product-type-simple","23":"customify-col","24":"product-has-gallery"},"yoast_head":"<!-- This site is optimized with the Yoast SEO plugin v27.3 - https:\/\/yoast.com\/product\/yoast-seo-wordpress\/ -->\n<title>WellTouch Bambus Massage Set | 11-teiliges Set inkl. Tasche | Hilfsmittel zur Selbstmassage &amp; Ganzk\u00f6rpermassage | Runde\u2026 - Markt-XXL<\/title>\n<meta name=\"description\" content=\"Markt-XXL WellTouch Bambus Massage Set | 11-teiliges Set inkl. Tasche | Hilfsmittel zur Selbstmassage &amp; Ganzk\u00f6rpermassage | Runde\u2026\" \/>\n<meta name=\"robots\" content=\"index, follow, max-snippet:-1, max-image-preview:large, max-video-preview:-1\" \/>\n<link rel=\"canonical\" href=\"https:\/\/marktxxl.de\/markt\/produkt\/welltouch-bambus-massage-set-11-teiliges-set-inkl-tasche-hilfsmittel-zur-selbstmassage-ganzkoerpermassage-runde-halbrunde-staebe-bambusholz-massiv-lackiert\/\" \/>\n<meta property=\"og:locale\" content=\"de_DE\" \/>\n<meta property=\"og:type\" content=\"article\" \/>\n<meta property=\"og:title\" content=\"WellTouch Bambus Massage Set | 11-teiliges Set inkl. Tasche | Hilfsmittel zur Selbstmassage &amp; Ganzk\u00f6rpermassage | Runde\u2026 - Markt-XXL\" \/>\n<meta property=\"og:description\" content=\"Markt-XXL WellTouch Bambus Massage Set | 11-teiliges Set inkl. Tasche | Hilfsmittel zur Selbstmassage &amp; Ganzk\u00f6rpermassage | Runde\u2026\" \/>\n<meta property=\"og:url\" content=\"https:\/\/marktxxl.de\/markt\/produkt\/welltouch-bambus-massage-set-11-teiliges-set-inkl-tasche-hilfsmittel-zur-selbstmassage-ganzkoerpermassage-runde-halbrunde-staebe-bambusholz-massiv-lackiert\/\" \/>\n<meta property=\"og:site_name\" content=\"Markt-XXL\" \/>\n<meta property=\"article:modified_time\" content=\"2023-04-11T02:53:20+00:00\" \/>\n<meta property=\"og:image\" content=\"https:\/\/m.media-amazon.com\/images\/I\/41vahzJG-NL._SL500_.jpg\" \/>\n\t<meta property=\"og:image:width\" content=\"500\" \/>\n\t<meta property=\"og:image:height\" content=\"500\" \/>\n\t<meta property=\"og:image:type\" content=\"image\/jpeg\" \/>\n<meta name=\"twitter:card\" content=\"summary_large_image\" \/>\n<meta name=\"twitter:label1\" content=\"Gesch\u00e4tzte Lesezeit\" \/>\n\t<meta name=\"twitter:data1\" content=\"1\u00a0Minute\" \/>\n<script type=\"application\/ld+json\" class=\"yoast-schema-graph\">{\"@context\":\"https:\\\/\\\/schema.org\",\"@graph\":[{\"@type\":\"WebPage\",\"@id\":\"https:\\\/\\\/marktxxl.de\\\/markt\\\/produkt\\\/welltouch-bambus-massage-set-11-teiliges-set-inkl-tasche-hilfsmittel-zur-selbstmassage-ganzkoerpermassage-runde-halbrunde-staebe-bambusholz-massiv-lackiert\\\/\",\"url\":\"https:\\\/\\\/marktxxl.de\\\/markt\\\/produkt\\\/welltouch-bambus-massage-set-11-teiliges-set-inkl-tasche-hilfsmittel-zur-selbstmassage-ganzkoerpermassage-runde-halbrunde-staebe-bambusholz-massiv-lackiert\\\/\",\"name\":\"WellTouch Bambus Massage Set | 11-teiliges Set inkl. Tasche | Hilfsmittel zur Selbstmassage &amp; Ganzk\u00f6rpermassage | Runde\u2026 - Markt-XXL\",\"isPartOf\":{\"@id\":\"https:\\\/\\\/marktxxl.de\\\/markt\\\/#website\"},\"primaryImageOfPage\":{\"@id\":\"https:\\\/\\\/marktxxl.de\\\/markt\\\/produkt\\\/welltouch-bambus-massage-set-11-teiliges-set-inkl-tasche-hilfsmittel-zur-selbstmassage-ganzkoerpermassage-runde-halbrunde-staebe-bambusholz-massiv-lackiert\\\/#primaryimage\"},\"image\":{\"@id\":\"https:\\\/\\\/marktxxl.de\\\/markt\\\/produkt\\\/welltouch-bambus-massage-set-11-teiliges-set-inkl-tasche-hilfsmittel-zur-selbstmassage-ganzkoerpermassage-runde-halbrunde-staebe-bambusholz-massiv-lackiert\\\/#primaryimage\"},\"thumbnailUrl\":\"https:\\\/\\\/m.media-amazon.com\\\/images\\\/I\\\/41vahzJG-NL._SL500_.jpg\",\"datePublished\":\"2022-11-11T07:50:06+00:00\",\"dateModified\":\"2023-04-11T02:53:20+00:00\",\"description\":\"Markt-XXL WellTouch Bambus Massage Set | 11-teiliges Set inkl. Tasche | Hilfsmittel zur Selbstmassage &amp; Ganzk\u00f6rpermassage | Runde\u2026\",\"breadcrumb\":{\"@id\":\"https:\\\/\\\/marktxxl.de\\\/markt\\\/produkt\\\/welltouch-bambus-massage-set-11-teiliges-set-inkl-tasche-hilfsmittel-zur-selbstmassage-ganzkoerpermassage-runde-halbrunde-staebe-bambusholz-massiv-lackiert\\\/#breadcrumb\"},\"inLanguage\":\"de\",\"potentialAction\":[{\"@type\":\"ReadAction\",\"target\":[\"https:\\\/\\\/marktxxl.de\\\/markt\\\/produkt\\\/welltouch-bambus-massage-set-11-teiliges-set-inkl-tasche-hilfsmittel-zur-selbstmassage-ganzkoerpermassage-runde-halbrunde-staebe-bambusholz-massiv-lackiert\\\/\"]}]},{\"@type\":\"ImageObject\",\"inLanguage\":\"de\",\"@id\":\"https:\\\/\\\/marktxxl.de\\\/markt\\\/produkt\\\/welltouch-bambus-massage-set-11-teiliges-set-inkl-tasche-hilfsmittel-zur-selbstmassage-ganzkoerpermassage-runde-halbrunde-staebe-bambusholz-massiv-lackiert\\\/#primaryimage\",\"url\":\"https:\\\/\\\/m.media-amazon.com\\\/images\\\/I\\\/41vahzJG-NL._SL500_.jpg\",\"contentUrl\":\"https:\\\/\\\/m.media-amazon.com\\\/images\\\/I\\\/41vahzJG-NL._SL500_.jpg\",\"width\":500,\"height\":500},{\"@type\":\"BreadcrumbList\",\"@id\":\"https:\\\/\\\/marktxxl.de\\\/markt\\\/produkt\\\/welltouch-bambus-massage-set-11-teiliges-set-inkl-tasche-hilfsmittel-zur-selbstmassage-ganzkoerpermassage-runde-halbrunde-staebe-bambusholz-massiv-lackiert\\\/#breadcrumb\",\"itemListElement\":[{\"@type\":\"ListItem\",\"position\":1,\"name\":\"Startseite\",\"item\":\"https:\\\/\\\/marktxxl.de\\\/markt\\\/\"},{\"@type\":\"ListItem\",\"position\":2,\"name\":\"Markt\",\"item\":\"https:\\\/\\\/marktxxl.de\\\/markt\\\/\"},{\"@type\":\"ListItem\",\"position\":3,\"name\":\"WellTouch Bambus Massage Set | 11-teiliges Set inkl. Tasche | Hilfsmittel zur Selbstmassage &amp; Ganzk\u00f6rpermassage | Runde\u2026\"}]},{\"@type\":\"WebSite\",\"@id\":\"https:\\\/\\\/marktxxl.de\\\/markt\\\/#website\",\"url\":\"https:\\\/\\\/marktxxl.de\\\/markt\\\/\",\"name\":\"Markt-XXL\",\"description\":\"Ihr Markt Online\",\"publisher\":{\"@id\":\"https:\\\/\\\/marktxxl.de\\\/markt\\\/#organization\"},\"potentialAction\":[{\"@type\":\"SearchAction\",\"target\":{\"@type\":\"EntryPoint\",\"urlTemplate\":\"https:\\\/\\\/marktxxl.de\\\/markt\\\/?s={search_term_string}\"},\"query-input\":{\"@type\":\"PropertyValueSpecification\",\"valueRequired\":true,\"valueName\":\"search_term_string\"}}],\"inLanguage\":\"de\"},{\"@type\":\"Organization\",\"@id\":\"https:\\\/\\\/marktxxl.de\\\/markt\\\/#organization\",\"name\":\"Markt-XXL\",\"url\":\"https:\\\/\\\/marktxxl.de\\\/markt\\\/\",\"logo\":{\"@type\":\"ImageObject\",\"inLanguage\":\"de\",\"@id\":\"https:\\\/\\\/marktxxl.de\\\/markt\\\/#\\\/schema\\\/logo\\\/image\\\/\",\"url\":\"https:\\\/\\\/marktxxl.de\\\/markt\\\/wp-content\\\/uploads\\\/sites\\\/3\\\/2020\\\/12\\\/logo.png\",\"contentUrl\":\"https:\\\/\\\/marktxxl.de\\\/markt\\\/wp-content\\\/uploads\\\/sites\\\/3\\\/2020\\\/12\\\/logo.png\",\"width\":200,\"height\":70,\"caption\":\"Markt-XXL\"},\"image\":{\"@id\":\"https:\\\/\\\/marktxxl.de\\\/markt\\\/#\\\/schema\\\/logo\\\/image\\\/\"}}]}<\/script>\n<!-- \/ Yoast SEO plugin. -->","yoast_head_json":{"title":"WellTouch Bambus Massage Set | 11-teiliges Set inkl. Tasche | Hilfsmittel zur Selbstmassage &amp; Ganzk\u00f6rpermassage | Runde\u2026 - Markt-XXL","description":"Markt-XXL WellTouch Bambus Massage Set | 11-teiliges Set inkl. Tasche | Hilfsmittel zur Selbstmassage &amp; Ganzk\u00f6rpermassage | Runde\u2026","robots":{"index":"index","follow":"follow","max-snippet":"max-snippet:-1","max-image-preview":"max-image-preview:large","max-video-preview":"max-video-preview:-1"},"canonical":"https:\/\/marktxxl.de\/markt\/produkt\/welltouch-bambus-massage-set-11-teiliges-set-inkl-tasche-hilfsmittel-zur-selbstmassage-ganzkoerpermassage-runde-halbrunde-staebe-bambusholz-massiv-lackiert\/","og_locale":"de_DE","og_type":"article","og_title":"WellTouch Bambus Massage Set | 11-teiliges Set inkl. Tasche | Hilfsmittel zur Selbstmassage &amp; Ganzk\u00f6rpermassage | Runde\u2026 - Markt-XXL","og_description":"Markt-XXL WellTouch Bambus Massage Set | 11-teiliges Set inkl. Tasche | Hilfsmittel zur Selbstmassage &amp; Ganzk\u00f6rpermassage | Runde\u2026","og_url":"https:\/\/marktxxl.de\/markt\/produkt\/welltouch-bambus-massage-set-11-teiliges-set-inkl-tasche-hilfsmittel-zur-selbstmassage-ganzkoerpermassage-runde-halbrunde-staebe-bambusholz-massiv-lackiert\/","og_site_name":"Markt-XXL","article_modified_time":"2023-04-11T02:53:20+00:00","og_image":[{"width":500,"height":500,"url":"https:\/\/m.media-amazon.com\/images\/I\/41vahzJG-NL._SL500_.jpg","type":"image\/jpeg"}],"twitter_card":"summary_large_image","twitter_misc":{"Gesch\u00e4tzte Lesezeit":"1\u00a0Minute"},"schema":{"@context":"https:\/\/schema.org","@graph":[{"@type":"WebPage","@id":"https:\/\/marktxxl.de\/markt\/produkt\/welltouch-bambus-massage-set-11-teiliges-set-inkl-tasche-hilfsmittel-zur-selbstmassage-ganzkoerpermassage-runde-halbrunde-staebe-bambusholz-massiv-lackiert\/","url":"https:\/\/marktxxl.de\/markt\/produkt\/welltouch-bambus-massage-set-11-teiliges-set-inkl-tasche-hilfsmittel-zur-selbstmassage-ganzkoerpermassage-runde-halbrunde-staebe-bambusholz-massiv-lackiert\/","name":"WellTouch Bambus Massage Set | 11-teiliges Set inkl. Tasche | Hilfsmittel zur Selbstmassage &amp; Ganzk\u00f6rpermassage | Runde\u2026 - Markt-XXL","isPartOf":{"@id":"https:\/\/marktxxl.de\/markt\/#website"},"primaryImageOfPage":{"@id":"https:\/\/marktxxl.de\/markt\/produkt\/welltouch-bambus-massage-set-11-teiliges-set-inkl-tasche-hilfsmittel-zur-selbstmassage-ganzkoerpermassage-runde-halbrunde-staebe-bambusholz-massiv-lackiert\/#primaryimage"},"image":{"@id":"https:\/\/marktxxl.de\/markt\/produkt\/welltouch-bambus-massage-set-11-teiliges-set-inkl-tasche-hilfsmittel-zur-selbstmassage-ganzkoerpermassage-runde-halbrunde-staebe-bambusholz-massiv-lackiert\/#primaryimage"},"thumbnailUrl":"https:\/\/m.media-amazon.com\/images\/I\/41vahzJG-NL._SL500_.jpg","datePublished":"2022-11-11T07:50:06+00:00","dateModified":"2023-04-11T02:53:20+00:00","description":"Markt-XXL WellTouch Bambus Massage Set | 11-teiliges Set inkl. Tasche | Hilfsmittel zur Selbstmassage &amp; Ganzk\u00f6rpermassage | Runde\u2026","breadcrumb":{"@id":"https:\/\/marktxxl.de\/markt\/produkt\/welltouch-bambus-massage-set-11-teiliges-set-inkl-tasche-hilfsmittel-zur-selbstmassage-ganzkoerpermassage-runde-halbrunde-staebe-bambusholz-massiv-lackiert\/#breadcrumb"},"inLanguage":"de","potentialAction":[{"@type":"ReadAction","target":["https:\/\/marktxxl.de\/markt\/produkt\/welltouch-bambus-massage-set-11-teiliges-set-inkl-tasche-hilfsmittel-zur-selbstmassage-ganzkoerpermassage-runde-halbrunde-staebe-bambusholz-massiv-lackiert\/"]}]},{"@type":"ImageObject","inLanguage":"de","@id":"https:\/\/marktxxl.de\/markt\/produkt\/welltouch-bambus-massage-set-11-teiliges-set-inkl-tasche-hilfsmittel-zur-selbstmassage-ganzkoerpermassage-runde-halbrunde-staebe-bambusholz-massiv-lackiert\/#primaryimage","url":"https:\/\/m.media-amazon.com\/images\/I\/41vahzJG-NL._SL500_.jpg","contentUrl":"https:\/\/m.media-amazon.com\/images\/I\/41vahzJG-NL._SL500_.jpg","width":500,"height":500},{"@type":"BreadcrumbList","@id":"https:\/\/marktxxl.de\/markt\/produkt\/welltouch-bambus-massage-set-11-teiliges-set-inkl-tasche-hilfsmittel-zur-selbstmassage-ganzkoerpermassage-runde-halbrunde-staebe-bambusholz-massiv-lackiert\/#breadcrumb","itemListElement":[{"@type":"ListItem","position":1,"name":"Startseite","item":"https:\/\/marktxxl.de\/markt\/"},{"@type":"ListItem","position":2,"name":"Markt","item":"https:\/\/marktxxl.de\/markt\/"},{"@type":"ListItem","position":3,"name":"WellTouch Bambus Massage Set | 11-teiliges Set inkl. Tasche | Hilfsmittel zur Selbstmassage &amp; Ganzk\u00f6rpermassage | Runde\u2026"}]},{"@type":"WebSite","@id":"https:\/\/marktxxl.de\/markt\/#website","url":"https:\/\/marktxxl.de\/markt\/","name":"Markt-XXL","description":"Ihr Markt Online","publisher":{"@id":"https:\/\/marktxxl.de\/markt\/#organization"},"potentialAction":[{"@type":"SearchAction","target":{"@type":"EntryPoint","urlTemplate":"https:\/\/marktxxl.de\/markt\/?s={search_term_string}"},"query-input":{"@type":"PropertyValueSpecification","valueRequired":true,"valueName":"search_term_string"}}],"inLanguage":"de"},{"@type":"Organization","@id":"https:\/\/marktxxl.de\/markt\/#organization","name":"Markt-XXL","url":"https:\/\/marktxxl.de\/markt\/","logo":{"@type":"ImageObject","inLanguage":"de","@id":"https:\/\/marktxxl.de\/markt\/#\/schema\/logo\/image\/","url":"https:\/\/marktxxl.de\/markt\/wp-content\/uploads\/sites\/3\/2020\/12\/logo.png","contentUrl":"https:\/\/marktxxl.de\/markt\/wp-content\/uploads\/sites\/3\/2020\/12\/logo.png","width":200,"height":70,"caption":"Markt-XXL"},"image":{"@id":"https:\/\/marktxxl.de\/markt\/#\/schema\/logo\/image\/"}}]}},"_links":{"self":[{"href":"https:\/\/marktxxl.de\/markt\/wp-json\/wp\/v2\/product\/167205","targetHints":{"allow":["GET"]}}],"collection":[{"href":"https:\/\/marktxxl.de\/markt\/wp-json\/wp\/v2\/product"}],"about":[{"href":"https:\/\/marktxxl.de\/markt\/wp-json\/wp\/v2\/types\/product"}],"replies":[{"embeddable":true,"href":"https:\/\/marktxxl.de\/markt\/wp-json\/wp\/v2\/comments?post=167205"}],"wp:featuredmedia":[{"embeddable":true,"href":"https:\/\/marktxxl.de\/markt\/wp-json\/wp\/v2\/media\/167206"}],"wp:attachment":[{"href":"https:\/\/marktxxl.de\/markt\/wp-json\/wp\/v2\/media?parent=167205"}],"wp:term":[{"taxonomy":"product_brand","embeddable":true,"href":"https:\/\/marktxxl.de\/markt\/wp-json\/wp\/v2\/product_brand?post=167205"},{"taxonomy":"product_cat","embeddable":true,"href":"https:\/\/marktxxl.de\/markt\/wp-json\/wp\/v2\/product_cat?post=167205"},{"taxonomy":"product_tag","embeddable":true,"href":"https:\/\/marktxxl.de\/markt\/wp-json\/wp\/v2\/product_tag?post=167205"}],"curies":[{"name":"wp","href":"https:\/\/api.w.org\/{rel}","templated":true}]}}