{"id":167198,"date":"2022-11-11T08:49:56","date_gmt":"2022-11-11T07:49:56","guid":{"rendered":"https:\/\/marktxxl.de\/markt\/produkt\/lcbbosom-fussmassageroller-holz-zur-zuhause-und-buero-fussmassage-von-stressreduzierung-und-schmerzen-massagegeraet-fuer-fuesse-durch-stimulieren-gezielt-die-fussreflexzonen\/"},"modified":"2023-04-11T04:53:20","modified_gmt":"2023-04-11T02:53:20","slug":"lcbbosom-fussmassageroller-holz-zur-zuhause-und-buero-fussmassage-von-stressreduzierung-und-schmerzen-massagegeraet-fuer-fuesse-durch-stimulieren-gezielt-die-fussreflexzonen","status":"publish","type":"product","link":"https:\/\/marktxxl.de\/markt\/produkt\/lcbbosom-fussmassageroller-holz-zur-zuhause-und-buero-fussmassage-von-stressreduzierung-und-schmerzen-massagegeraet-fuer-fuesse-durch-stimulieren-gezielt-die-fussreflexzonen\/","title":{"rendered":"LCBBOSOM Fu\u00dfmassageroller zur Wellness f\u00fcr zu Hause und B\u00fcro Fu\u00dfmassage von Stressreduzierung und Schmerzen aus\u2026"},"content":{"rendered":"<p>UTENSILIEN F\u00dcR FU\u00dfMASSAGE DER GESUNDHEIT ZULIEBE: Das hochwertige Fu\u00dfmassageger\u00e4t regt die Durchblutung an und dient der Revitalisierung und Belebung der F\u00fc\u00dfe sowie der Lockerung verspannter Muskeln. Mit unseren detaillierten Benutzeranweisungen zur Reflexzonenmassage k\u00f6nnen auch Sie in k\u00fcrzester Zeit eine bessere Fu\u00dfgesundheit und entspannende Massagen bequem von zu Hause genie\u00dfen<br \/>\nFU\u00dfMASSAGEROLLER JEDERZEIT &amp; \u00dcBERALL GENIE\u00dfEN\uff1a Ob Zuhause oder im B\u00fcro &#8211; mit unserem Fussmassageroller genie\u00dft Du nebenbei eine anregende &amp; entspannende Fussmassage &#8211; selbst Erm\u00fcdungserscheinungen wirkst Du entgege<br \/>\nMASSAGEGER\u00c4T AUS HOLZ F\u00dc\u00dfE OPTIMIERTE VERSION: Diese Fu\u00dfmassagerolle bietet ausreichend Platz zur Massage beider F\u00fc\u00dfe und verf\u00fcgt \u00fcber 2 verschiedene Arten von Akupressurnoppen, die jeweils \u00fcber 5 Reihen verteilt sind<br \/>\nFUSSMASSAGEROLLEN HERGESTELLT AUS LANGLEBIGEM HOLZ: Das robuste Fu\u00dfrollenmassageger\u00e4t besteht aus nachhaltigem Holz und verf\u00fcgt \u00fcber rutschfeste Streifen an der Unterseite, die verhindern, dass der Massageroller umkippt<br \/>\nFU\u00dfREFLEXZONEN MASSAGER GESCHENK F\u00dcR WELLNESSFANS: Darf es eine Portion Regeneration und Entspannung zum Geburtstag oder zu Weihnachten sein? Dann ist diese Fussmassageroller die ideale Geschenkidee. Fu\u00dfmassageger\u00e4t eignet sich als Pr\u00e4sent f\u00fcr M\u00e4nner und Frauen gleicherma\u00dfen<br \/>\n<div class=\"main-cross-sell\" data-asin=\"B09SLP2WMT\">\n\n\t<div class=\"WooZone-cross-sell-loader\">\n\t\t<div>\n\t\t\t<div id=\"floatingBarsG\">\n\t\t\t\t<div class=\"blockG\" id=\"rotateG_01\"><\/div>\n\t\t\t\t<div class=\"blockG\" id=\"rotateG_02\"><\/div>\n\t\t\t\t<div class=\"blockG\" id=\"rotateG_03\"><\/div>\n\t\t\t\t<div class=\"blockG\" id=\"rotateG_04\"><\/div>\n\t\t\t\t<div class=\"blockG\" id=\"rotateG_05\"><\/div>\n\t\t\t\t<div class=\"blockG\" id=\"rotateG_06\"><\/div>\n\t\t\t\t<div class=\"blockG\" id=\"rotateG_07\"><\/div>\n\t\t\t\t<div class=\"blockG\" id=\"rotateG_08\"><\/div>\n\t\t\t<\/div>\n\t\t\t<div class=\"WooZone-cross-sell-loader-text\"><\/div>\n\t\t<\/div>\n\t<\/div>\n\n\t\t\n<\/div>\n<div style=\"clear:both;\"><\/div><\/p>\n","protected":false},"excerpt":{"rendered":"<p>UTENSILIEN F\u00dcR FU\u00dfMASSAGE DER GESUNDHEIT ZULIEBE: Das hochwertige Fu\u00dfmassageger\u00e4t regt die Durchblutung an und dient der Revitalisierung und Belebung der F\u00fc\u00dfe sowie der Lockerung verspannter Muskeln. Mit unseren detaillierten Benutzeranweisungen zur Reflexzonenmassage k\u00f6nnen auch Sie in k\u00fcrzester Zeit eine bessere Fu\u00dfgesundheit und entspannende Massagen bequem von zu Hause genie\u00dfen<br \/>\nFU\u00dfMASSAGEROLLER JEDERZEIT &amp; \u00dcBERALL GENIE\u00dfEN\uff1a Ob Zuhause oder im B\u00fcro &#8211; mit unserem Fussmassageroller genie\u00dft Du nebenbei eine anregende &amp; entspannende Fussmassage &#8211; selbst Erm\u00fcdungserscheinungen wirkst Du entgege<br \/>\nMASSAGEGER\u00c4T AUS HOLZ F\u00dc\u00dfE OPTIMIERTE VERSION: Diese Fu\u00dfmassagerolle bietet ausreichend Platz zur Massage beider F\u00fc\u00dfe und verf\u00fcgt \u00fcber 2 verschiedene Arten von Akupressurnoppen, die jeweils \u00fcber 5 Reihen verteilt sind<\/p>\n","protected":false},"featured_media":167199,"comment_status":"open","ping_status":"closed","template":"","meta":[],"product_brand":[],"product_cat":[566,6496],"product_tag":[],"class_list":{"0":"post-167198","1":"product","2":"type-product","3":"status-publish","4":"has-post-thumbnail","6":"product_cat-drogerie-koerperpflege","7":"product_cat-wellness","8":"pa_brand-lcbbosom","9":"pa_color-hellgelb","10":"pa_height-2-0866141711-zoll","11":"pa_languages-unbekannt-deutsch","12":"pa_length-7-1653543234-zoll","13":"pa_manufacturer-lcbbosom","14":"pa_model-lcb018","15":"pa_size-mittel","16":"pa_weight-1-5873282864-pfund","17":"pa_width-6-299212592-zoll","19":"first","20":"instock","21":"shipping-taxable","22":"purchasable","23":"product-type-simple","24":"customify-col","25":"product-has-gallery"},"yoast_head":"<!-- This site is optimized with the Yoast SEO plugin v27.4 - https:\/\/yoast.com\/product\/yoast-seo-wordpress\/ -->\n<title>LCBBOSOM Fu\u00dfmassageroller zur Wellness f\u00fcr zu Hause und B\u00fcro Fu\u00dfmassage von Stressreduzierung und Schmerzen aus\u2026 - Markt-XXL<\/title>\n<meta name=\"description\" content=\"Markt-XXL LCBBOSOM Fu\u00dfmassageroller zur Wellness f\u00fcr zu Hause und B\u00fcro Fu\u00dfmassage von Stressreduzierung und Schmerzen aus\u2026\" \/>\n<meta name=\"robots\" content=\"index, follow, max-snippet:-1, max-image-preview:large, max-video-preview:-1\" \/>\n<link rel=\"canonical\" href=\"https:\/\/marktxxl.de\/markt\/produkt\/lcbbosom-fussmassageroller-holz-zur-zuhause-und-buero-fussmassage-von-stressreduzierung-und-schmerzen-massagegeraet-fuer-fuesse-durch-stimulieren-gezielt-die-fussreflexzonen\/\" \/>\n<meta property=\"og:locale\" content=\"de_DE\" \/>\n<meta property=\"og:type\" content=\"article\" \/>\n<meta property=\"og:title\" content=\"LCBBOSOM Fu\u00dfmassageroller zur Wellness f\u00fcr zu Hause und B\u00fcro Fu\u00dfmassage von Stressreduzierung und Schmerzen aus\u2026 - Markt-XXL\" \/>\n<meta property=\"og:description\" content=\"Markt-XXL LCBBOSOM Fu\u00dfmassageroller zur Wellness f\u00fcr zu Hause und B\u00fcro Fu\u00dfmassage von Stressreduzierung und Schmerzen aus\u2026\" \/>\n<meta property=\"og:url\" content=\"https:\/\/marktxxl.de\/markt\/produkt\/lcbbosom-fussmassageroller-holz-zur-zuhause-und-buero-fussmassage-von-stressreduzierung-und-schmerzen-massagegeraet-fuer-fuesse-durch-stimulieren-gezielt-die-fussreflexzonen\/\" \/>\n<meta property=\"og:site_name\" content=\"Markt-XXL\" \/>\n<meta property=\"article:modified_time\" content=\"2023-04-11T02:53:20+00:00\" \/>\n<meta property=\"og:image\" content=\"https:\/\/m.media-amazon.com\/images\/I\/51BE4RDwBRL._SL500_.jpg\" \/>\n\t<meta property=\"og:image:width\" content=\"500\" \/>\n\t<meta property=\"og:image:height\" content=\"500\" \/>\n\t<meta property=\"og:image:type\" content=\"image\/jpeg\" \/>\n<meta name=\"twitter:card\" content=\"summary_large_image\" \/>\n<meta name=\"twitter:label1\" content=\"Gesch\u00e4tzte Lesezeit\" \/>\n\t<meta name=\"twitter:data1\" content=\"1\u00a0Minute\" \/>\n<script type=\"application\/ld+json\" class=\"yoast-schema-graph\">{\"@context\":\"https:\\\/\\\/schema.org\",\"@graph\":[{\"@type\":\"WebPage\",\"@id\":\"https:\\\/\\\/marktxxl.de\\\/markt\\\/produkt\\\/lcbbosom-fussmassageroller-holz-zur-zuhause-und-buero-fussmassage-von-stressreduzierung-und-schmerzen-massagegeraet-fuer-fuesse-durch-stimulieren-gezielt-die-fussreflexzonen\\\/\",\"url\":\"https:\\\/\\\/marktxxl.de\\\/markt\\\/produkt\\\/lcbbosom-fussmassageroller-holz-zur-zuhause-und-buero-fussmassage-von-stressreduzierung-und-schmerzen-massagegeraet-fuer-fuesse-durch-stimulieren-gezielt-die-fussreflexzonen\\\/\",\"name\":\"LCBBOSOM Fu\u00dfmassageroller zur Wellness f\u00fcr zu Hause und B\u00fcro Fu\u00dfmassage von Stressreduzierung und Schmerzen aus\u2026 - Markt-XXL\",\"isPartOf\":{\"@id\":\"https:\\\/\\\/marktxxl.de\\\/markt\\\/#website\"},\"primaryImageOfPage\":{\"@id\":\"https:\\\/\\\/marktxxl.de\\\/markt\\\/produkt\\\/lcbbosom-fussmassageroller-holz-zur-zuhause-und-buero-fussmassage-von-stressreduzierung-und-schmerzen-massagegeraet-fuer-fuesse-durch-stimulieren-gezielt-die-fussreflexzonen\\\/#primaryimage\"},\"image\":{\"@id\":\"https:\\\/\\\/marktxxl.de\\\/markt\\\/produkt\\\/lcbbosom-fussmassageroller-holz-zur-zuhause-und-buero-fussmassage-von-stressreduzierung-und-schmerzen-massagegeraet-fuer-fuesse-durch-stimulieren-gezielt-die-fussreflexzonen\\\/#primaryimage\"},\"thumbnailUrl\":\"https:\\\/\\\/m.media-amazon.com\\\/images\\\/I\\\/51BE4RDwBRL._SL500_.jpg\",\"datePublished\":\"2022-11-11T07:49:56+00:00\",\"dateModified\":\"2023-04-11T02:53:20+00:00\",\"description\":\"Markt-XXL LCBBOSOM Fu\u00dfmassageroller zur Wellness f\u00fcr zu Hause und B\u00fcro Fu\u00dfmassage von Stressreduzierung und Schmerzen aus\u2026\",\"breadcrumb\":{\"@id\":\"https:\\\/\\\/marktxxl.de\\\/markt\\\/produkt\\\/lcbbosom-fussmassageroller-holz-zur-zuhause-und-buero-fussmassage-von-stressreduzierung-und-schmerzen-massagegeraet-fuer-fuesse-durch-stimulieren-gezielt-die-fussreflexzonen\\\/#breadcrumb\"},\"inLanguage\":\"de\",\"potentialAction\":[{\"@type\":\"ReadAction\",\"target\":[\"https:\\\/\\\/marktxxl.de\\\/markt\\\/produkt\\\/lcbbosom-fussmassageroller-holz-zur-zuhause-und-buero-fussmassage-von-stressreduzierung-und-schmerzen-massagegeraet-fuer-fuesse-durch-stimulieren-gezielt-die-fussreflexzonen\\\/\"]}]},{\"@type\":\"ImageObject\",\"inLanguage\":\"de\",\"@id\":\"https:\\\/\\\/marktxxl.de\\\/markt\\\/produkt\\\/lcbbosom-fussmassageroller-holz-zur-zuhause-und-buero-fussmassage-von-stressreduzierung-und-schmerzen-massagegeraet-fuer-fuesse-durch-stimulieren-gezielt-die-fussreflexzonen\\\/#primaryimage\",\"url\":\"https:\\\/\\\/m.media-amazon.com\\\/images\\\/I\\\/51BE4RDwBRL._SL500_.jpg\",\"contentUrl\":\"https:\\\/\\\/m.media-amazon.com\\\/images\\\/I\\\/51BE4RDwBRL._SL500_.jpg\",\"width\":500,\"height\":500},{\"@type\":\"BreadcrumbList\",\"@id\":\"https:\\\/\\\/marktxxl.de\\\/markt\\\/produkt\\\/lcbbosom-fussmassageroller-holz-zur-zuhause-und-buero-fussmassage-von-stressreduzierung-und-schmerzen-massagegeraet-fuer-fuesse-durch-stimulieren-gezielt-die-fussreflexzonen\\\/#breadcrumb\",\"itemListElement\":[{\"@type\":\"ListItem\",\"position\":1,\"name\":\"Startseite\",\"item\":\"https:\\\/\\\/marktxxl.de\\\/markt\\\/\"},{\"@type\":\"ListItem\",\"position\":2,\"name\":\"Markt\",\"item\":\"https:\\\/\\\/marktxxl.de\\\/markt\\\/\"},{\"@type\":\"ListItem\",\"position\":3,\"name\":\"LCBBOSOM Fu\u00dfmassageroller zur Wellness f\u00fcr zu Hause und B\u00fcro Fu\u00dfmassage von Stressreduzierung und Schmerzen aus\u2026\"}]},{\"@type\":\"WebSite\",\"@id\":\"https:\\\/\\\/marktxxl.de\\\/markt\\\/#website\",\"url\":\"https:\\\/\\\/marktxxl.de\\\/markt\\\/\",\"name\":\"Markt-XXL\",\"description\":\"Ihr Markt Online\",\"publisher\":{\"@id\":\"https:\\\/\\\/marktxxl.de\\\/markt\\\/#organization\"},\"potentialAction\":[{\"@type\":\"SearchAction\",\"target\":{\"@type\":\"EntryPoint\",\"urlTemplate\":\"https:\\\/\\\/marktxxl.de\\\/markt\\\/?s={search_term_string}\"},\"query-input\":{\"@type\":\"PropertyValueSpecification\",\"valueRequired\":true,\"valueName\":\"search_term_string\"}}],\"inLanguage\":\"de\"},{\"@type\":\"Organization\",\"@id\":\"https:\\\/\\\/marktxxl.de\\\/markt\\\/#organization\",\"name\":\"Markt-XXL\",\"url\":\"https:\\\/\\\/marktxxl.de\\\/markt\\\/\",\"logo\":{\"@type\":\"ImageObject\",\"inLanguage\":\"de\",\"@id\":\"https:\\\/\\\/marktxxl.de\\\/markt\\\/#\\\/schema\\\/logo\\\/image\\\/\",\"url\":\"https:\\\/\\\/marktxxl.de\\\/markt\\\/wp-content\\\/uploads\\\/sites\\\/3\\\/2020\\\/12\\\/logo.png\",\"contentUrl\":\"https:\\\/\\\/marktxxl.de\\\/markt\\\/wp-content\\\/uploads\\\/sites\\\/3\\\/2020\\\/12\\\/logo.png\",\"width\":200,\"height\":70,\"caption\":\"Markt-XXL\"},\"image\":{\"@id\":\"https:\\\/\\\/marktxxl.de\\\/markt\\\/#\\\/schema\\\/logo\\\/image\\\/\"}}]}<\/script>\n<!-- \/ Yoast SEO plugin. -->","yoast_head_json":{"title":"LCBBOSOM Fu\u00dfmassageroller zur Wellness f\u00fcr zu Hause und B\u00fcro Fu\u00dfmassage von Stressreduzierung und Schmerzen aus\u2026 - Markt-XXL","description":"Markt-XXL LCBBOSOM Fu\u00dfmassageroller zur Wellness f\u00fcr zu Hause und B\u00fcro Fu\u00dfmassage von Stressreduzierung und Schmerzen aus\u2026","robots":{"index":"index","follow":"follow","max-snippet":"max-snippet:-1","max-image-preview":"max-image-preview:large","max-video-preview":"max-video-preview:-1"},"canonical":"https:\/\/marktxxl.de\/markt\/produkt\/lcbbosom-fussmassageroller-holz-zur-zuhause-und-buero-fussmassage-von-stressreduzierung-und-schmerzen-massagegeraet-fuer-fuesse-durch-stimulieren-gezielt-die-fussreflexzonen\/","og_locale":"de_DE","og_type":"article","og_title":"LCBBOSOM Fu\u00dfmassageroller zur Wellness f\u00fcr zu Hause und B\u00fcro Fu\u00dfmassage von Stressreduzierung und Schmerzen aus\u2026 - Markt-XXL","og_description":"Markt-XXL LCBBOSOM Fu\u00dfmassageroller zur Wellness f\u00fcr zu Hause und B\u00fcro Fu\u00dfmassage von Stressreduzierung und Schmerzen aus\u2026","og_url":"https:\/\/marktxxl.de\/markt\/produkt\/lcbbosom-fussmassageroller-holz-zur-zuhause-und-buero-fussmassage-von-stressreduzierung-und-schmerzen-massagegeraet-fuer-fuesse-durch-stimulieren-gezielt-die-fussreflexzonen\/","og_site_name":"Markt-XXL","article_modified_time":"2023-04-11T02:53:20+00:00","og_image":[{"width":500,"height":500,"url":"https:\/\/m.media-amazon.com\/images\/I\/51BE4RDwBRL._SL500_.jpg","type":"image\/jpeg"}],"twitter_card":"summary_large_image","twitter_misc":{"Gesch\u00e4tzte Lesezeit":"1\u00a0Minute"},"schema":{"@context":"https:\/\/schema.org","@graph":[{"@type":"WebPage","@id":"https:\/\/marktxxl.de\/markt\/produkt\/lcbbosom-fussmassageroller-holz-zur-zuhause-und-buero-fussmassage-von-stressreduzierung-und-schmerzen-massagegeraet-fuer-fuesse-durch-stimulieren-gezielt-die-fussreflexzonen\/","url":"https:\/\/marktxxl.de\/markt\/produkt\/lcbbosom-fussmassageroller-holz-zur-zuhause-und-buero-fussmassage-von-stressreduzierung-und-schmerzen-massagegeraet-fuer-fuesse-durch-stimulieren-gezielt-die-fussreflexzonen\/","name":"LCBBOSOM Fu\u00dfmassageroller zur Wellness f\u00fcr zu Hause und B\u00fcro Fu\u00dfmassage von Stressreduzierung und Schmerzen aus\u2026 - Markt-XXL","isPartOf":{"@id":"https:\/\/marktxxl.de\/markt\/#website"},"primaryImageOfPage":{"@id":"https:\/\/marktxxl.de\/markt\/produkt\/lcbbosom-fussmassageroller-holz-zur-zuhause-und-buero-fussmassage-von-stressreduzierung-und-schmerzen-massagegeraet-fuer-fuesse-durch-stimulieren-gezielt-die-fussreflexzonen\/#primaryimage"},"image":{"@id":"https:\/\/marktxxl.de\/markt\/produkt\/lcbbosom-fussmassageroller-holz-zur-zuhause-und-buero-fussmassage-von-stressreduzierung-und-schmerzen-massagegeraet-fuer-fuesse-durch-stimulieren-gezielt-die-fussreflexzonen\/#primaryimage"},"thumbnailUrl":"https:\/\/m.media-amazon.com\/images\/I\/51BE4RDwBRL._SL500_.jpg","datePublished":"2022-11-11T07:49:56+00:00","dateModified":"2023-04-11T02:53:20+00:00","description":"Markt-XXL LCBBOSOM Fu\u00dfmassageroller zur Wellness f\u00fcr zu Hause und B\u00fcro Fu\u00dfmassage von Stressreduzierung und Schmerzen aus\u2026","breadcrumb":{"@id":"https:\/\/marktxxl.de\/markt\/produkt\/lcbbosom-fussmassageroller-holz-zur-zuhause-und-buero-fussmassage-von-stressreduzierung-und-schmerzen-massagegeraet-fuer-fuesse-durch-stimulieren-gezielt-die-fussreflexzonen\/#breadcrumb"},"inLanguage":"de","potentialAction":[{"@type":"ReadAction","target":["https:\/\/marktxxl.de\/markt\/produkt\/lcbbosom-fussmassageroller-holz-zur-zuhause-und-buero-fussmassage-von-stressreduzierung-und-schmerzen-massagegeraet-fuer-fuesse-durch-stimulieren-gezielt-die-fussreflexzonen\/"]}]},{"@type":"ImageObject","inLanguage":"de","@id":"https:\/\/marktxxl.de\/markt\/produkt\/lcbbosom-fussmassageroller-holz-zur-zuhause-und-buero-fussmassage-von-stressreduzierung-und-schmerzen-massagegeraet-fuer-fuesse-durch-stimulieren-gezielt-die-fussreflexzonen\/#primaryimage","url":"https:\/\/m.media-amazon.com\/images\/I\/51BE4RDwBRL._SL500_.jpg","contentUrl":"https:\/\/m.media-amazon.com\/images\/I\/51BE4RDwBRL._SL500_.jpg","width":500,"height":500},{"@type":"BreadcrumbList","@id":"https:\/\/marktxxl.de\/markt\/produkt\/lcbbosom-fussmassageroller-holz-zur-zuhause-und-buero-fussmassage-von-stressreduzierung-und-schmerzen-massagegeraet-fuer-fuesse-durch-stimulieren-gezielt-die-fussreflexzonen\/#breadcrumb","itemListElement":[{"@type":"ListItem","position":1,"name":"Startseite","item":"https:\/\/marktxxl.de\/markt\/"},{"@type":"ListItem","position":2,"name":"Markt","item":"https:\/\/marktxxl.de\/markt\/"},{"@type":"ListItem","position":3,"name":"LCBBOSOM Fu\u00dfmassageroller zur Wellness f\u00fcr zu Hause und B\u00fcro Fu\u00dfmassage von Stressreduzierung und Schmerzen aus\u2026"}]},{"@type":"WebSite","@id":"https:\/\/marktxxl.de\/markt\/#website","url":"https:\/\/marktxxl.de\/markt\/","name":"Markt-XXL","description":"Ihr Markt Online","publisher":{"@id":"https:\/\/marktxxl.de\/markt\/#organization"},"potentialAction":[{"@type":"SearchAction","target":{"@type":"EntryPoint","urlTemplate":"https:\/\/marktxxl.de\/markt\/?s={search_term_string}"},"query-input":{"@type":"PropertyValueSpecification","valueRequired":true,"valueName":"search_term_string"}}],"inLanguage":"de"},{"@type":"Organization","@id":"https:\/\/marktxxl.de\/markt\/#organization","name":"Markt-XXL","url":"https:\/\/marktxxl.de\/markt\/","logo":{"@type":"ImageObject","inLanguage":"de","@id":"https:\/\/marktxxl.de\/markt\/#\/schema\/logo\/image\/","url":"https:\/\/marktxxl.de\/markt\/wp-content\/uploads\/sites\/3\/2020\/12\/logo.png","contentUrl":"https:\/\/marktxxl.de\/markt\/wp-content\/uploads\/sites\/3\/2020\/12\/logo.png","width":200,"height":70,"caption":"Markt-XXL"},"image":{"@id":"https:\/\/marktxxl.de\/markt\/#\/schema\/logo\/image\/"}}]}},"_links":{"self":[{"href":"https:\/\/marktxxl.de\/markt\/wp-json\/wp\/v2\/product\/167198","targetHints":{"allow":["GET"]}}],"collection":[{"href":"https:\/\/marktxxl.de\/markt\/wp-json\/wp\/v2\/product"}],"about":[{"href":"https:\/\/marktxxl.de\/markt\/wp-json\/wp\/v2\/types\/product"}],"replies":[{"embeddable":true,"href":"https:\/\/marktxxl.de\/markt\/wp-json\/wp\/v2\/comments?post=167198"}],"wp:featuredmedia":[{"embeddable":true,"href":"https:\/\/marktxxl.de\/markt\/wp-json\/wp\/v2\/media\/167199"}],"wp:attachment":[{"href":"https:\/\/marktxxl.de\/markt\/wp-json\/wp\/v2\/media?parent=167198"}],"wp:term":[{"taxonomy":"product_brand","embeddable":true,"href":"https:\/\/marktxxl.de\/markt\/wp-json\/wp\/v2\/product_brand?post=167198"},{"taxonomy":"product_cat","embeddable":true,"href":"https:\/\/marktxxl.de\/markt\/wp-json\/wp\/v2\/product_cat?post=167198"},{"taxonomy":"product_tag","embeddable":true,"href":"https:\/\/marktxxl.de\/markt\/wp-json\/wp\/v2\/product_tag?post=167198"}],"curies":[{"name":"wp","href":"https:\/\/api.w.org\/{rel}","templated":true}]}}