{"id":167160,"date":"2022-11-11T08:47:17","date_gmt":"2022-11-11T07:47:17","guid":{"rendered":"https:\/\/marktxxl.de\/markt\/produkt\/milfech-8443-cm-heizkissen-mit-abschaltautomatik-elektrisch-waermekissen-heiztechnik-6-temperaturstufen4-timing-einstellungheizkissen-gross-sicheres-waermepads-fuer-ruecken-nacken-schulter-gr\/"},"modified":"2023-04-11T04:53:19","modified_gmt":"2023-04-11T02:53:19","slug":"milfech-8443-cm-heizkissen-mit-abschaltautomatik-elektrisch-waermekissen-heiztechnik-6-temperaturstufen4-timing-einstellungheizkissen-gross-sicheres-waermepads-fuer-ruecken-nacken-schulter-gr","status":"publish","type":"product","link":"https:\/\/marktxxl.de\/markt\/produkt\/milfech-8443-cm-heizkissen-mit-abschaltautomatik-elektrisch-waermekissen-heiztechnik-6-temperaturstufen4-timing-einstellungheizkissen-gross-sicheres-waermepads-fuer-ruecken-nacken-schulter-gr\/","title":{"rendered":"MILFECH 84&#215;43 cm Heizkissen mit Abschaltautomatik, Elektrisch W\u00e4rmekissen Schnelle Heiztechnik mit 6 Temperaturstufen&amp;4\u2026"},"content":{"rendered":"<p>[\u00fcberdimensioniert] &#8211; Das 84 x 43 cm gro\u00dfe Heizkissen deckt eine gr\u00f6\u00dfere Fl\u00e4che ab und erw\u00e4rmt einen gr\u00f6\u00dferen Bereich des K\u00f6rpers, um eine angenehme W\u00e4rmetherapie und Linderung von Muskelkater f\u00fcr R\u00fccken, Schultern, Bauch, Beine oder Arme zu bieten. Und wird mit einem 2,2 m langen Netzkabel geliefert, ideal f\u00fcr den Einsatz \u00fcber gro\u00dfe Entfernungen.<br \/>\n[4 Timing &amp; 6 Temperaturstufen] &#8211; Diese Heizkissen Abschaltautomatik verf\u00fcgt \u00fcber eine LED-Display-Steuerung, bietet 4 Timer (30\/60\/90\/120 Minuten) und 6 einstellbare Temperaturstufen (40 \u00b0C-60 \u00b0C) und verf\u00fcgt \u00fcber eine Schnellheiztechnologie, f\u00fcr eine gleichm\u00e4\u00dfigere und schnellere Erw\u00e4rmung.<br \/>\n[Feuchte W\u00e4rmetherapie] &#8211; Spr\u00fchen Sie einfach einen feinen Nebel auf die Oberfl\u00e4che des Elektrisch W\u00e4rmekissens und genie\u00dfen Sie ein hohes Ma\u00df an Muskelentspannung und tiefes Eindringen sowie eine effektivere Linderung von Muskelschmerzen oder Spasmen.<br \/>\n[Waschmaschinenfest] &#8211; Weicher Flanell bietet maximale W\u00e4rme und Komfort. heizkissen gro\u00df ist pflegeleicht und maschinenwaschbar, einfach die Bedienelemente abnehmen und in die Waschmaschine geben. Tipp: W\u00e4rmkissen nicht im Trockner trocknen!<br \/>\n[\u00dcberhitzungsschutz und automatische Abschaltung] &#8211; Unsere W\u00e4rmekissen mit isolierten Heizdr\u00e4hten helfen bei der \u00dcberwachung der Echtzeittemperatur und verhindern \u201e\u00dcberstrom und \u00dcberhitzung\u201c. Wenn die Temperatur \u00fcber das Maximum (60\u00b0C\/140\u00b0F) steigt, schaltet sich die Heizdecke automatisch aus. Bietet Ihnen eine sichere und warme Komfortzone.<br \/>\n<div class=\"main-cross-sell\" data-asin=\"B0B1ZSQL9G\">\n\n\t<div class=\"WooZone-cross-sell-loader\">\n\t\t<div>\n\t\t\t<div id=\"floatingBarsG\">\n\t\t\t\t<div class=\"blockG\" id=\"rotateG_01\"><\/div>\n\t\t\t\t<div class=\"blockG\" id=\"rotateG_02\"><\/div>\n\t\t\t\t<div class=\"blockG\" id=\"rotateG_03\"><\/div>\n\t\t\t\t<div class=\"blockG\" id=\"rotateG_04\"><\/div>\n\t\t\t\t<div class=\"blockG\" id=\"rotateG_05\"><\/div>\n\t\t\t\t<div class=\"blockG\" id=\"rotateG_06\"><\/div>\n\t\t\t\t<div class=\"blockG\" id=\"rotateG_07\"><\/div>\n\t\t\t\t<div class=\"blockG\" id=\"rotateG_08\"><\/div>\n\t\t\t<\/div>\n\t\t\t<div class=\"WooZone-cross-sell-loader-text\"><\/div>\n\t\t<\/div>\n\t<\/div>\n\n\t\t\n<\/div>\n<div style=\"clear:both;\"><\/div><\/p>\n","protected":false},"excerpt":{"rendered":"<p>[\u00fcberdimensioniert] &#8211; Das 84 x 43 cm gro\u00dfe Heizkissen deckt eine gr\u00f6\u00dfere Fl\u00e4che ab und erw\u00e4rmt einen gr\u00f6\u00dferen Bereich des K\u00f6rpers, um eine angenehme W\u00e4rmetherapie und Linderung von Muskelkater f\u00fcr R\u00fccken, Schultern, Bauch, Beine oder Arme zu bieten. Und wird mit einem 2,2 m langen Netzkabel geliefert, ideal f\u00fcr den Einsatz \u00fcber gro\u00dfe Entfernungen.<br \/>\n[4 Timing &amp; 6 Temperaturstufen] &#8211; Diese Heizkissen Abschaltautomatik verf\u00fcgt \u00fcber eine LED-Display-Steuerung, bietet 4 Timer (30\/60\/90\/120 Minuten) und 6 einstellbare Temperaturstufen (40 \u00b0C-60 \u00b0C) und verf\u00fcgt \u00fcber eine Schnellheiztechnologie, f\u00fcr eine gleichm\u00e4\u00dfigere und schnellere Erw\u00e4rmung.<br \/>\n[Feuchte W\u00e4rmetherapie] &#8211; Spr\u00fchen Sie einfach einen feinen Nebel auf die Oberfl\u00e4che des Elektrisch W\u00e4rmekissens und genie\u00dfen Sie ein hohes Ma\u00df an Muskelentspannung und tiefes Eindringen sowie eine effektivere Linderung von Muskelschmerzen oder Spasmen.<\/p>\n","protected":false},"featured_media":167161,"comment_status":"open","ping_status":"closed","template":"","meta":[],"product_brand":[],"product_cat":[566,6496],"product_tag":[],"class_list":{"0":"post-167160","1":"product","2":"type-product","3":"status-publish","4":"has-post-thumbnail","6":"product_cat-drogerie-koerperpflege","7":"product_cat-wellness","8":"pa_brand-milfech","9":"pa_color-grau","10":"pa_height-0-1181102361-zoll","11":"pa_length-33-070866108-zoll","12":"pa_manufacturer-milfech","13":"pa_width-16-929133841-zoll","15":"first","16":"instock","17":"shipping-taxable","18":"purchasable","19":"product-type-simple","20":"customify-col","21":"product-has-gallery"},"yoast_head":"<!-- This site is optimized with the Yoast SEO plugin v27.3 - https:\/\/yoast.com\/product\/yoast-seo-wordpress\/ -->\n<title>MILFECH 84x43 cm Heizkissen mit Abschaltautomatik, Elektrisch W\u00e4rmekissen Schnelle Heiztechnik mit 6 Temperaturstufen&amp;4\u2026 - Markt-XXL<\/title>\n<meta name=\"description\" content=\"Markt-XXL MILFECH 84x43 cm Heizkissen mit Abschaltautomatik, Elektrisch W\u00e4rmekissen Schnelle Heiztechnik mit 6 Temperaturstufen&amp;4\u2026\" \/>\n<meta name=\"robots\" content=\"index, follow, max-snippet:-1, max-image-preview:large, max-video-preview:-1\" \/>\n<link rel=\"canonical\" href=\"https:\/\/marktxxl.de\/markt\/produkt\/milfech-8443-cm-heizkissen-mit-abschaltautomatik-elektrisch-waermekissen-heiztechnik-6-temperaturstufen4-timing-einstellungheizkissen-gross-sicheres-waermepads-fuer-ruecken-nacken-schulter-gr\/\" \/>\n<meta property=\"og:locale\" content=\"de_DE\" \/>\n<meta property=\"og:type\" content=\"article\" \/>\n<meta property=\"og:title\" content=\"MILFECH 84x43 cm Heizkissen mit Abschaltautomatik, Elektrisch W\u00e4rmekissen Schnelle Heiztechnik mit 6 Temperaturstufen&amp;4\u2026 - Markt-XXL\" \/>\n<meta property=\"og:description\" content=\"Markt-XXL MILFECH 84x43 cm Heizkissen mit Abschaltautomatik, Elektrisch W\u00e4rmekissen Schnelle Heiztechnik mit 6 Temperaturstufen&amp;4\u2026\" \/>\n<meta property=\"og:url\" content=\"https:\/\/marktxxl.de\/markt\/produkt\/milfech-8443-cm-heizkissen-mit-abschaltautomatik-elektrisch-waermekissen-heiztechnik-6-temperaturstufen4-timing-einstellungheizkissen-gross-sicheres-waermepads-fuer-ruecken-nacken-schulter-gr\/\" \/>\n<meta property=\"og:site_name\" content=\"Markt-XXL\" \/>\n<meta property=\"article:modified_time\" content=\"2023-04-11T02:53:19+00:00\" \/>\n<meta property=\"og:image\" content=\"https:\/\/m.media-amazon.com\/images\/I\/41WiPJd1dmL._SL500_.jpg\" \/>\n\t<meta property=\"og:image:width\" content=\"500\" \/>\n\t<meta property=\"og:image:height\" content=\"500\" \/>\n\t<meta property=\"og:image:type\" content=\"image\/jpeg\" \/>\n<meta name=\"twitter:card\" content=\"summary_large_image\" \/>\n<meta name=\"twitter:label1\" content=\"Gesch\u00e4tzte Lesezeit\" \/>\n\t<meta name=\"twitter:data1\" content=\"1\u00a0Minute\" \/>\n<script type=\"application\/ld+json\" class=\"yoast-schema-graph\">{\"@context\":\"https:\\\/\\\/schema.org\",\"@graph\":[{\"@type\":\"WebPage\",\"@id\":\"https:\\\/\\\/marktxxl.de\\\/markt\\\/produkt\\\/milfech-8443-cm-heizkissen-mit-abschaltautomatik-elektrisch-waermekissen-heiztechnik-6-temperaturstufen4-timing-einstellungheizkissen-gross-sicheres-waermepads-fuer-ruecken-nacken-schulter-gr\\\/\",\"url\":\"https:\\\/\\\/marktxxl.de\\\/markt\\\/produkt\\\/milfech-8443-cm-heizkissen-mit-abschaltautomatik-elektrisch-waermekissen-heiztechnik-6-temperaturstufen4-timing-einstellungheizkissen-gross-sicheres-waermepads-fuer-ruecken-nacken-schulter-gr\\\/\",\"name\":\"MILFECH 84x43 cm Heizkissen mit Abschaltautomatik, Elektrisch W\u00e4rmekissen Schnelle Heiztechnik mit 6 Temperaturstufen&amp;4\u2026 - Markt-XXL\",\"isPartOf\":{\"@id\":\"https:\\\/\\\/marktxxl.de\\\/markt\\\/#website\"},\"primaryImageOfPage\":{\"@id\":\"https:\\\/\\\/marktxxl.de\\\/markt\\\/produkt\\\/milfech-8443-cm-heizkissen-mit-abschaltautomatik-elektrisch-waermekissen-heiztechnik-6-temperaturstufen4-timing-einstellungheizkissen-gross-sicheres-waermepads-fuer-ruecken-nacken-schulter-gr\\\/#primaryimage\"},\"image\":{\"@id\":\"https:\\\/\\\/marktxxl.de\\\/markt\\\/produkt\\\/milfech-8443-cm-heizkissen-mit-abschaltautomatik-elektrisch-waermekissen-heiztechnik-6-temperaturstufen4-timing-einstellungheizkissen-gross-sicheres-waermepads-fuer-ruecken-nacken-schulter-gr\\\/#primaryimage\"},\"thumbnailUrl\":\"https:\\\/\\\/m.media-amazon.com\\\/images\\\/I\\\/41WiPJd1dmL._SL500_.jpg\",\"datePublished\":\"2022-11-11T07:47:17+00:00\",\"dateModified\":\"2023-04-11T02:53:19+00:00\",\"description\":\"Markt-XXL MILFECH 84x43 cm Heizkissen mit Abschaltautomatik, Elektrisch W\u00e4rmekissen Schnelle Heiztechnik mit 6 Temperaturstufen&amp;4\u2026\",\"breadcrumb\":{\"@id\":\"https:\\\/\\\/marktxxl.de\\\/markt\\\/produkt\\\/milfech-8443-cm-heizkissen-mit-abschaltautomatik-elektrisch-waermekissen-heiztechnik-6-temperaturstufen4-timing-einstellungheizkissen-gross-sicheres-waermepads-fuer-ruecken-nacken-schulter-gr\\\/#breadcrumb\"},\"inLanguage\":\"de\",\"potentialAction\":[{\"@type\":\"ReadAction\",\"target\":[\"https:\\\/\\\/marktxxl.de\\\/markt\\\/produkt\\\/milfech-8443-cm-heizkissen-mit-abschaltautomatik-elektrisch-waermekissen-heiztechnik-6-temperaturstufen4-timing-einstellungheizkissen-gross-sicheres-waermepads-fuer-ruecken-nacken-schulter-gr\\\/\"]}]},{\"@type\":\"ImageObject\",\"inLanguage\":\"de\",\"@id\":\"https:\\\/\\\/marktxxl.de\\\/markt\\\/produkt\\\/milfech-8443-cm-heizkissen-mit-abschaltautomatik-elektrisch-waermekissen-heiztechnik-6-temperaturstufen4-timing-einstellungheizkissen-gross-sicheres-waermepads-fuer-ruecken-nacken-schulter-gr\\\/#primaryimage\",\"url\":\"https:\\\/\\\/m.media-amazon.com\\\/images\\\/I\\\/41WiPJd1dmL._SL500_.jpg\",\"contentUrl\":\"https:\\\/\\\/m.media-amazon.com\\\/images\\\/I\\\/41WiPJd1dmL._SL500_.jpg\",\"width\":500,\"height\":500},{\"@type\":\"BreadcrumbList\",\"@id\":\"https:\\\/\\\/marktxxl.de\\\/markt\\\/produkt\\\/milfech-8443-cm-heizkissen-mit-abschaltautomatik-elektrisch-waermekissen-heiztechnik-6-temperaturstufen4-timing-einstellungheizkissen-gross-sicheres-waermepads-fuer-ruecken-nacken-schulter-gr\\\/#breadcrumb\",\"itemListElement\":[{\"@type\":\"ListItem\",\"position\":1,\"name\":\"Startseite\",\"item\":\"https:\\\/\\\/marktxxl.de\\\/markt\\\/\"},{\"@type\":\"ListItem\",\"position\":2,\"name\":\"Markt\",\"item\":\"https:\\\/\\\/marktxxl.de\\\/markt\\\/\"},{\"@type\":\"ListItem\",\"position\":3,\"name\":\"MILFECH 84&#215;43 cm Heizkissen mit Abschaltautomatik, Elektrisch W\u00e4rmekissen Schnelle Heiztechnik mit 6 Temperaturstufen&amp;4\u2026\"}]},{\"@type\":\"WebSite\",\"@id\":\"https:\\\/\\\/marktxxl.de\\\/markt\\\/#website\",\"url\":\"https:\\\/\\\/marktxxl.de\\\/markt\\\/\",\"name\":\"Markt-XXL\",\"description\":\"Ihr Markt Online\",\"publisher\":{\"@id\":\"https:\\\/\\\/marktxxl.de\\\/markt\\\/#organization\"},\"potentialAction\":[{\"@type\":\"SearchAction\",\"target\":{\"@type\":\"EntryPoint\",\"urlTemplate\":\"https:\\\/\\\/marktxxl.de\\\/markt\\\/?s={search_term_string}\"},\"query-input\":{\"@type\":\"PropertyValueSpecification\",\"valueRequired\":true,\"valueName\":\"search_term_string\"}}],\"inLanguage\":\"de\"},{\"@type\":\"Organization\",\"@id\":\"https:\\\/\\\/marktxxl.de\\\/markt\\\/#organization\",\"name\":\"Markt-XXL\",\"url\":\"https:\\\/\\\/marktxxl.de\\\/markt\\\/\",\"logo\":{\"@type\":\"ImageObject\",\"inLanguage\":\"de\",\"@id\":\"https:\\\/\\\/marktxxl.de\\\/markt\\\/#\\\/schema\\\/logo\\\/image\\\/\",\"url\":\"https:\\\/\\\/marktxxl.de\\\/markt\\\/wp-content\\\/uploads\\\/sites\\\/3\\\/2020\\\/12\\\/logo.png\",\"contentUrl\":\"https:\\\/\\\/marktxxl.de\\\/markt\\\/wp-content\\\/uploads\\\/sites\\\/3\\\/2020\\\/12\\\/logo.png\",\"width\":200,\"height\":70,\"caption\":\"Markt-XXL\"},\"image\":{\"@id\":\"https:\\\/\\\/marktxxl.de\\\/markt\\\/#\\\/schema\\\/logo\\\/image\\\/\"}}]}<\/script>\n<!-- \/ Yoast SEO plugin. -->","yoast_head_json":{"title":"MILFECH 84x43 cm Heizkissen mit Abschaltautomatik, Elektrisch W\u00e4rmekissen Schnelle Heiztechnik mit 6 Temperaturstufen&amp;4\u2026 - Markt-XXL","description":"Markt-XXL MILFECH 84x43 cm Heizkissen mit Abschaltautomatik, Elektrisch W\u00e4rmekissen Schnelle Heiztechnik mit 6 Temperaturstufen&amp;4\u2026","robots":{"index":"index","follow":"follow","max-snippet":"max-snippet:-1","max-image-preview":"max-image-preview:large","max-video-preview":"max-video-preview:-1"},"canonical":"https:\/\/marktxxl.de\/markt\/produkt\/milfech-8443-cm-heizkissen-mit-abschaltautomatik-elektrisch-waermekissen-heiztechnik-6-temperaturstufen4-timing-einstellungheizkissen-gross-sicheres-waermepads-fuer-ruecken-nacken-schulter-gr\/","og_locale":"de_DE","og_type":"article","og_title":"MILFECH 84x43 cm Heizkissen mit Abschaltautomatik, Elektrisch W\u00e4rmekissen Schnelle Heiztechnik mit 6 Temperaturstufen&amp;4\u2026 - Markt-XXL","og_description":"Markt-XXL MILFECH 84x43 cm Heizkissen mit Abschaltautomatik, Elektrisch W\u00e4rmekissen Schnelle Heiztechnik mit 6 Temperaturstufen&amp;4\u2026","og_url":"https:\/\/marktxxl.de\/markt\/produkt\/milfech-8443-cm-heizkissen-mit-abschaltautomatik-elektrisch-waermekissen-heiztechnik-6-temperaturstufen4-timing-einstellungheizkissen-gross-sicheres-waermepads-fuer-ruecken-nacken-schulter-gr\/","og_site_name":"Markt-XXL","article_modified_time":"2023-04-11T02:53:19+00:00","og_image":[{"width":500,"height":500,"url":"https:\/\/m.media-amazon.com\/images\/I\/41WiPJd1dmL._SL500_.jpg","type":"image\/jpeg"}],"twitter_card":"summary_large_image","twitter_misc":{"Gesch\u00e4tzte Lesezeit":"1\u00a0Minute"},"schema":{"@context":"https:\/\/schema.org","@graph":[{"@type":"WebPage","@id":"https:\/\/marktxxl.de\/markt\/produkt\/milfech-8443-cm-heizkissen-mit-abschaltautomatik-elektrisch-waermekissen-heiztechnik-6-temperaturstufen4-timing-einstellungheizkissen-gross-sicheres-waermepads-fuer-ruecken-nacken-schulter-gr\/","url":"https:\/\/marktxxl.de\/markt\/produkt\/milfech-8443-cm-heizkissen-mit-abschaltautomatik-elektrisch-waermekissen-heiztechnik-6-temperaturstufen4-timing-einstellungheizkissen-gross-sicheres-waermepads-fuer-ruecken-nacken-schulter-gr\/","name":"MILFECH 84x43 cm Heizkissen mit Abschaltautomatik, Elektrisch W\u00e4rmekissen Schnelle Heiztechnik mit 6 Temperaturstufen&amp;4\u2026 - Markt-XXL","isPartOf":{"@id":"https:\/\/marktxxl.de\/markt\/#website"},"primaryImageOfPage":{"@id":"https:\/\/marktxxl.de\/markt\/produkt\/milfech-8443-cm-heizkissen-mit-abschaltautomatik-elektrisch-waermekissen-heiztechnik-6-temperaturstufen4-timing-einstellungheizkissen-gross-sicheres-waermepads-fuer-ruecken-nacken-schulter-gr\/#primaryimage"},"image":{"@id":"https:\/\/marktxxl.de\/markt\/produkt\/milfech-8443-cm-heizkissen-mit-abschaltautomatik-elektrisch-waermekissen-heiztechnik-6-temperaturstufen4-timing-einstellungheizkissen-gross-sicheres-waermepads-fuer-ruecken-nacken-schulter-gr\/#primaryimage"},"thumbnailUrl":"https:\/\/m.media-amazon.com\/images\/I\/41WiPJd1dmL._SL500_.jpg","datePublished":"2022-11-11T07:47:17+00:00","dateModified":"2023-04-11T02:53:19+00:00","description":"Markt-XXL MILFECH 84x43 cm Heizkissen mit Abschaltautomatik, Elektrisch W\u00e4rmekissen Schnelle Heiztechnik mit 6 Temperaturstufen&amp;4\u2026","breadcrumb":{"@id":"https:\/\/marktxxl.de\/markt\/produkt\/milfech-8443-cm-heizkissen-mit-abschaltautomatik-elektrisch-waermekissen-heiztechnik-6-temperaturstufen4-timing-einstellungheizkissen-gross-sicheres-waermepads-fuer-ruecken-nacken-schulter-gr\/#breadcrumb"},"inLanguage":"de","potentialAction":[{"@type":"ReadAction","target":["https:\/\/marktxxl.de\/markt\/produkt\/milfech-8443-cm-heizkissen-mit-abschaltautomatik-elektrisch-waermekissen-heiztechnik-6-temperaturstufen4-timing-einstellungheizkissen-gross-sicheres-waermepads-fuer-ruecken-nacken-schulter-gr\/"]}]},{"@type":"ImageObject","inLanguage":"de","@id":"https:\/\/marktxxl.de\/markt\/produkt\/milfech-8443-cm-heizkissen-mit-abschaltautomatik-elektrisch-waermekissen-heiztechnik-6-temperaturstufen4-timing-einstellungheizkissen-gross-sicheres-waermepads-fuer-ruecken-nacken-schulter-gr\/#primaryimage","url":"https:\/\/m.media-amazon.com\/images\/I\/41WiPJd1dmL._SL500_.jpg","contentUrl":"https:\/\/m.media-amazon.com\/images\/I\/41WiPJd1dmL._SL500_.jpg","width":500,"height":500},{"@type":"BreadcrumbList","@id":"https:\/\/marktxxl.de\/markt\/produkt\/milfech-8443-cm-heizkissen-mit-abschaltautomatik-elektrisch-waermekissen-heiztechnik-6-temperaturstufen4-timing-einstellungheizkissen-gross-sicheres-waermepads-fuer-ruecken-nacken-schulter-gr\/#breadcrumb","itemListElement":[{"@type":"ListItem","position":1,"name":"Startseite","item":"https:\/\/marktxxl.de\/markt\/"},{"@type":"ListItem","position":2,"name":"Markt","item":"https:\/\/marktxxl.de\/markt\/"},{"@type":"ListItem","position":3,"name":"MILFECH 84&#215;43 cm Heizkissen mit Abschaltautomatik, Elektrisch W\u00e4rmekissen Schnelle Heiztechnik mit 6 Temperaturstufen&amp;4\u2026"}]},{"@type":"WebSite","@id":"https:\/\/marktxxl.de\/markt\/#website","url":"https:\/\/marktxxl.de\/markt\/","name":"Markt-XXL","description":"Ihr Markt Online","publisher":{"@id":"https:\/\/marktxxl.de\/markt\/#organization"},"potentialAction":[{"@type":"SearchAction","target":{"@type":"EntryPoint","urlTemplate":"https:\/\/marktxxl.de\/markt\/?s={search_term_string}"},"query-input":{"@type":"PropertyValueSpecification","valueRequired":true,"valueName":"search_term_string"}}],"inLanguage":"de"},{"@type":"Organization","@id":"https:\/\/marktxxl.de\/markt\/#organization","name":"Markt-XXL","url":"https:\/\/marktxxl.de\/markt\/","logo":{"@type":"ImageObject","inLanguage":"de","@id":"https:\/\/marktxxl.de\/markt\/#\/schema\/logo\/image\/","url":"https:\/\/marktxxl.de\/markt\/wp-content\/uploads\/sites\/3\/2020\/12\/logo.png","contentUrl":"https:\/\/marktxxl.de\/markt\/wp-content\/uploads\/sites\/3\/2020\/12\/logo.png","width":200,"height":70,"caption":"Markt-XXL"},"image":{"@id":"https:\/\/marktxxl.de\/markt\/#\/schema\/logo\/image\/"}}]}},"_links":{"self":[{"href":"https:\/\/marktxxl.de\/markt\/wp-json\/wp\/v2\/product\/167160","targetHints":{"allow":["GET"]}}],"collection":[{"href":"https:\/\/marktxxl.de\/markt\/wp-json\/wp\/v2\/product"}],"about":[{"href":"https:\/\/marktxxl.de\/markt\/wp-json\/wp\/v2\/types\/product"}],"replies":[{"embeddable":true,"href":"https:\/\/marktxxl.de\/markt\/wp-json\/wp\/v2\/comments?post=167160"}],"wp:featuredmedia":[{"embeddable":true,"href":"https:\/\/marktxxl.de\/markt\/wp-json\/wp\/v2\/media\/167161"}],"wp:attachment":[{"href":"https:\/\/marktxxl.de\/markt\/wp-json\/wp\/v2\/media?parent=167160"}],"wp:term":[{"taxonomy":"product_brand","embeddable":true,"href":"https:\/\/marktxxl.de\/markt\/wp-json\/wp\/v2\/product_brand?post=167160"},{"taxonomy":"product_cat","embeddable":true,"href":"https:\/\/marktxxl.de\/markt\/wp-json\/wp\/v2\/product_cat?post=167160"},{"taxonomy":"product_tag","embeddable":true,"href":"https:\/\/marktxxl.de\/markt\/wp-json\/wp\/v2\/product_tag?post=167160"}],"curies":[{"name":"wp","href":"https:\/\/api.w.org\/{rel}","templated":true}]}}