{"id":166871,"date":"2022-11-11T08:33:27","date_gmt":"2022-11-11T07:33:27","guid":{"rendered":"https:\/\/marktxxl.de\/markt\/produkt\/becemuru-vielseitige-flexible-drehhalterung-mit-1-4-schraubanschluss-dock-kompatibel-mit-philips-avent-scd843-26-scd833-26-scd630-26-video-babyphone\/"},"modified":"2023-04-11T04:52:14","modified_gmt":"2023-04-11T02:52:14","slug":"becemuru-vielseitige-flexible-drehhalterung-mit-1-4-schraubanschluss-dock-kompatibel-mit-philips-avent-scd843-26-scd833-26-scd630-26-video-babyphone","status":"publish","type":"product","link":"https:\/\/marktxxl.de\/markt\/produkt\/becemuru-vielseitige-flexible-drehhalterung-mit-1-4-schraubanschluss-dock-kompatibel-mit-philips-avent-scd843-26-scd833-26-scd630-26-video-babyphone\/","title":{"rendered":"BECEMURU Vielseitige Flexible Drehhalterung mit 1\/4 Schraubanschluss Dock Kompatibel mit Philips Avent SCD843\/26, SCD833\u2026"},"content":{"rendered":"<p>*Wasserdicht: Mit hochwertiger Silikonbeschichtung ist es wasserdicht und rostfrei. Es kann f\u00fcr eine lange Zeit verwendet werden.<br \/>\n*Robust und absolut sicher: Dieser Babyphone-St\u00e4nder besteht aus Edelstahl und Silikon, sieht sauber, schick und robust aus, um ein Herausfallen des Ger\u00e4ts zu verhindern.<br \/>\n*Einfache Installation: Sie m\u00fcssen nur das Tretlager installieren, dann den flexiblen Schwanenhals biegen und drehen, der sich um Stuhl, Stangen und \u00c4ste wickelt, und bietet Ihren Philips AVENT SCD843\/SCD845\/SCD841\/SCD835\/SCD833\/SCD831\/SCD630\/SCD625 \/SCD520Video Babyphone viele Befestigungsm\u00f6glichkeiten.<br \/>\n*Unglaubliche Flexibilit\u00e4t: Diese Halterung besteht aus Edelstahl und Silikonmaterial. Die flexible Twist-Halterung erm\u00f6glicht es Ihnen, das Philips AVENT Video-Babyphone in verschiedenen Winkeln f\u00fcr hervorragende Perspektiven einzustellen. Der Silikonarm kann das Ger\u00e4t sicher in Position halten (wird Ihre Kamera nicht verletzen) und alles erdenkliche greifen, wie z. B. Gel\u00e4nder, Ast und Stuhl. Die Gesamtl\u00e4nge betr\u00e4gt 17,5 Zoll.<br \/>\n*Erhalten Sie die beste Sicht auf Ihr Baby: Mit dieser flexiblenBabyphone-Halterung haben Sie die perfekte Sicht auf Ihr Baby. Diese Babykamerahalterung kann an allen Arten von Kinderbetten befestigt werden, damit Sie Ihr schlafendes Baby vollst\u00e4ndig im Blick haben. Sie k\u00f6nnen es anpassen und biegen, um von fast \u00fcberall im Kinderzimmer den besten Platz zu finden. Ihr Baby wird nie aus dem Sichtfeld rollen. Kein Zur\u00fcckkommen mehr, um den Monitor neu einzustellen.<br \/>\n<div class=\"main-cross-sell\" data-asin=\"B09PGCBHK4\">\n\n\t<div class=\"WooZone-cross-sell-loader\">\n\t\t<div>\n\t\t\t<div id=\"floatingBarsG\">\n\t\t\t\t<div class=\"blockG\" id=\"rotateG_01\"><\/div>\n\t\t\t\t<div class=\"blockG\" id=\"rotateG_02\"><\/div>\n\t\t\t\t<div class=\"blockG\" id=\"rotateG_03\"><\/div>\n\t\t\t\t<div class=\"blockG\" id=\"rotateG_04\"><\/div>\n\t\t\t\t<div class=\"blockG\" id=\"rotateG_05\"><\/div>\n\t\t\t\t<div class=\"blockG\" id=\"rotateG_06\"><\/div>\n\t\t\t\t<div class=\"blockG\" id=\"rotateG_07\"><\/div>\n\t\t\t\t<div class=\"blockG\" id=\"rotateG_08\"><\/div>\n\t\t\t<\/div>\n\t\t\t<div class=\"WooZone-cross-sell-loader-text\"><\/div>\n\t\t<\/div>\n\t<\/div>\n\n\t\t\n<\/div>\n<div style=\"clear:both;\"><\/div><\/p>\n","protected":false},"excerpt":{"rendered":"<p>*Wasserdicht: Mit hochwertiger Silikonbeschichtung ist es wasserdicht und rostfrei. Es kann f\u00fcr eine lange Zeit verwendet werden.<br \/>\n*Robust und absolut sicher: Dieser Babyphone-St\u00e4nder besteht aus Edelstahl und Silikon, sieht sauber, schick und robust aus, um ein Herausfallen des Ger\u00e4ts zu verhindern.<br \/>\n*Einfache Installation: Sie m\u00fcssen nur das Tretlager installieren, dann den flexiblen Schwanenhals biegen und drehen, der sich um Stuhl, Stangen und \u00c4ste wickelt, und bietet Ihren Philips AVENT SCD843\/SCD845\/SCD841\/SCD835\/SCD833\/SCD831\/SCD630\/SCD625 \/SCD520Video Babyphone viele Befestigungsm\u00f6glichkeiten.<\/p>\n","protected":false},"featured_media":166872,"comment_status":"open","ping_status":"closed","template":"","meta":[],"product_brand":[],"product_cat":[21,9378],"product_tag":[],"class_list":{"0":"post-166871","1":"product","2":"type-product","3":"status-publish","4":"has-post-thumbnail","6":"product_cat-baby","7":"product_cat-sicherheit-baby","8":"pa_brand-becemuru","9":"pa_height-0-185039-zoll","10":"pa_length-4-40944-zoll","11":"pa_manufacturer-becemuru","12":"pa_width-4-25196-zoll","14":"first","15":"instock","16":"shipping-taxable","17":"purchasable","18":"product-type-simple","19":"customify-col","20":"product-has-gallery"},"yoast_head":"<!-- This site is optimized with the Yoast SEO plugin v27.4 - https:\/\/yoast.com\/product\/yoast-seo-wordpress\/ -->\n<title>BECEMURU Vielseitige Flexible Drehhalterung mit 1\/4 Schraubanschluss Dock Kompatibel mit Philips Avent SCD843\/26, SCD833\u2026 - Markt-XXL<\/title>\n<meta name=\"description\" content=\"Markt-XXL BECEMURU Vielseitige Flexible Drehhalterung mit 1\/4 Schraubanschluss Dock Kompatibel mit Philips Avent SCD843\/26, SCD833\u2026\" \/>\n<meta name=\"robots\" content=\"index, follow, max-snippet:-1, max-image-preview:large, max-video-preview:-1\" \/>\n<link rel=\"canonical\" href=\"https:\/\/marktxxl.de\/markt\/produkt\/becemuru-vielseitige-flexible-drehhalterung-mit-1-4-schraubanschluss-dock-kompatibel-mit-philips-avent-scd843-26-scd833-26-scd630-26-video-babyphone\/\" \/>\n<meta property=\"og:locale\" content=\"de_DE\" \/>\n<meta property=\"og:type\" content=\"article\" \/>\n<meta property=\"og:title\" content=\"BECEMURU Vielseitige Flexible Drehhalterung mit 1\/4 Schraubanschluss Dock Kompatibel mit Philips Avent SCD843\/26, SCD833\u2026 - Markt-XXL\" \/>\n<meta property=\"og:description\" content=\"Markt-XXL BECEMURU Vielseitige Flexible Drehhalterung mit 1\/4 Schraubanschluss Dock Kompatibel mit Philips Avent SCD843\/26, SCD833\u2026\" \/>\n<meta property=\"og:url\" content=\"https:\/\/marktxxl.de\/markt\/produkt\/becemuru-vielseitige-flexible-drehhalterung-mit-1-4-schraubanschluss-dock-kompatibel-mit-philips-avent-scd843-26-scd833-26-scd630-26-video-babyphone\/\" \/>\n<meta property=\"og:site_name\" content=\"Markt-XXL\" \/>\n<meta property=\"article:modified_time\" content=\"2023-04-11T02:52:14+00:00\" \/>\n<meta property=\"og:image\" content=\"https:\/\/m.media-amazon.com\/images\/I\/412AtRBgNOL._SL500_.jpg\" \/>\n\t<meta property=\"og:image:width\" content=\"500\" \/>\n\t<meta property=\"og:image:height\" content=\"500\" \/>\n\t<meta property=\"og:image:type\" content=\"image\/jpeg\" \/>\n<meta name=\"twitter:card\" content=\"summary_large_image\" \/>\n<meta name=\"twitter:label1\" content=\"Gesch\u00e4tzte Lesezeit\" \/>\n\t<meta name=\"twitter:data1\" content=\"1\u00a0Minute\" \/>\n<script type=\"application\/ld+json\" class=\"yoast-schema-graph\">{\"@context\":\"https:\\\/\\\/schema.org\",\"@graph\":[{\"@type\":\"WebPage\",\"@id\":\"https:\\\/\\\/marktxxl.de\\\/markt\\\/produkt\\\/becemuru-vielseitige-flexible-drehhalterung-mit-1-4-schraubanschluss-dock-kompatibel-mit-philips-avent-scd843-26-scd833-26-scd630-26-video-babyphone\\\/\",\"url\":\"https:\\\/\\\/marktxxl.de\\\/markt\\\/produkt\\\/becemuru-vielseitige-flexible-drehhalterung-mit-1-4-schraubanschluss-dock-kompatibel-mit-philips-avent-scd843-26-scd833-26-scd630-26-video-babyphone\\\/\",\"name\":\"BECEMURU Vielseitige Flexible Drehhalterung mit 1\\\/4 Schraubanschluss Dock Kompatibel mit Philips Avent SCD843\\\/26, SCD833\u2026 - Markt-XXL\",\"isPartOf\":{\"@id\":\"https:\\\/\\\/marktxxl.de\\\/markt\\\/#website\"},\"primaryImageOfPage\":{\"@id\":\"https:\\\/\\\/marktxxl.de\\\/markt\\\/produkt\\\/becemuru-vielseitige-flexible-drehhalterung-mit-1-4-schraubanschluss-dock-kompatibel-mit-philips-avent-scd843-26-scd833-26-scd630-26-video-babyphone\\\/#primaryimage\"},\"image\":{\"@id\":\"https:\\\/\\\/marktxxl.de\\\/markt\\\/produkt\\\/becemuru-vielseitige-flexible-drehhalterung-mit-1-4-schraubanschluss-dock-kompatibel-mit-philips-avent-scd843-26-scd833-26-scd630-26-video-babyphone\\\/#primaryimage\"},\"thumbnailUrl\":\"https:\\\/\\\/m.media-amazon.com\\\/images\\\/I\\\/412AtRBgNOL._SL500_.jpg\",\"datePublished\":\"2022-11-11T07:33:27+00:00\",\"dateModified\":\"2023-04-11T02:52:14+00:00\",\"description\":\"Markt-XXL BECEMURU Vielseitige Flexible Drehhalterung mit 1\\\/4 Schraubanschluss Dock Kompatibel mit Philips Avent SCD843\\\/26, SCD833\u2026\",\"breadcrumb\":{\"@id\":\"https:\\\/\\\/marktxxl.de\\\/markt\\\/produkt\\\/becemuru-vielseitige-flexible-drehhalterung-mit-1-4-schraubanschluss-dock-kompatibel-mit-philips-avent-scd843-26-scd833-26-scd630-26-video-babyphone\\\/#breadcrumb\"},\"inLanguage\":\"de\",\"potentialAction\":[{\"@type\":\"ReadAction\",\"target\":[\"https:\\\/\\\/marktxxl.de\\\/markt\\\/produkt\\\/becemuru-vielseitige-flexible-drehhalterung-mit-1-4-schraubanschluss-dock-kompatibel-mit-philips-avent-scd843-26-scd833-26-scd630-26-video-babyphone\\\/\"]}]},{\"@type\":\"ImageObject\",\"inLanguage\":\"de\",\"@id\":\"https:\\\/\\\/marktxxl.de\\\/markt\\\/produkt\\\/becemuru-vielseitige-flexible-drehhalterung-mit-1-4-schraubanschluss-dock-kompatibel-mit-philips-avent-scd843-26-scd833-26-scd630-26-video-babyphone\\\/#primaryimage\",\"url\":\"https:\\\/\\\/m.media-amazon.com\\\/images\\\/I\\\/412AtRBgNOL._SL500_.jpg\",\"contentUrl\":\"https:\\\/\\\/m.media-amazon.com\\\/images\\\/I\\\/412AtRBgNOL._SL500_.jpg\",\"width\":500,\"height\":500},{\"@type\":\"BreadcrumbList\",\"@id\":\"https:\\\/\\\/marktxxl.de\\\/markt\\\/produkt\\\/becemuru-vielseitige-flexible-drehhalterung-mit-1-4-schraubanschluss-dock-kompatibel-mit-philips-avent-scd843-26-scd833-26-scd630-26-video-babyphone\\\/#breadcrumb\",\"itemListElement\":[{\"@type\":\"ListItem\",\"position\":1,\"name\":\"Startseite\",\"item\":\"https:\\\/\\\/marktxxl.de\\\/markt\\\/\"},{\"@type\":\"ListItem\",\"position\":2,\"name\":\"Markt\",\"item\":\"https:\\\/\\\/marktxxl.de\\\/markt\\\/\"},{\"@type\":\"ListItem\",\"position\":3,\"name\":\"BECEMURU Vielseitige Flexible Drehhalterung mit 1\\\/4 Schraubanschluss Dock Kompatibel mit Philips Avent SCD843\\\/26, SCD833\u2026\"}]},{\"@type\":\"WebSite\",\"@id\":\"https:\\\/\\\/marktxxl.de\\\/markt\\\/#website\",\"url\":\"https:\\\/\\\/marktxxl.de\\\/markt\\\/\",\"name\":\"Markt-XXL\",\"description\":\"Ihr Markt Online\",\"publisher\":{\"@id\":\"https:\\\/\\\/marktxxl.de\\\/markt\\\/#organization\"},\"potentialAction\":[{\"@type\":\"SearchAction\",\"target\":{\"@type\":\"EntryPoint\",\"urlTemplate\":\"https:\\\/\\\/marktxxl.de\\\/markt\\\/?s={search_term_string}\"},\"query-input\":{\"@type\":\"PropertyValueSpecification\",\"valueRequired\":true,\"valueName\":\"search_term_string\"}}],\"inLanguage\":\"de\"},{\"@type\":\"Organization\",\"@id\":\"https:\\\/\\\/marktxxl.de\\\/markt\\\/#organization\",\"name\":\"Markt-XXL\",\"url\":\"https:\\\/\\\/marktxxl.de\\\/markt\\\/\",\"logo\":{\"@type\":\"ImageObject\",\"inLanguage\":\"de\",\"@id\":\"https:\\\/\\\/marktxxl.de\\\/markt\\\/#\\\/schema\\\/logo\\\/image\\\/\",\"url\":\"https:\\\/\\\/marktxxl.de\\\/markt\\\/wp-content\\\/uploads\\\/sites\\\/3\\\/2020\\\/12\\\/logo.png\",\"contentUrl\":\"https:\\\/\\\/marktxxl.de\\\/markt\\\/wp-content\\\/uploads\\\/sites\\\/3\\\/2020\\\/12\\\/logo.png\",\"width\":200,\"height\":70,\"caption\":\"Markt-XXL\"},\"image\":{\"@id\":\"https:\\\/\\\/marktxxl.de\\\/markt\\\/#\\\/schema\\\/logo\\\/image\\\/\"}}]}<\/script>\n<!-- \/ Yoast SEO plugin. -->","yoast_head_json":{"title":"BECEMURU Vielseitige Flexible Drehhalterung mit 1\/4 Schraubanschluss Dock Kompatibel mit Philips Avent SCD843\/26, SCD833\u2026 - Markt-XXL","description":"Markt-XXL BECEMURU Vielseitige Flexible Drehhalterung mit 1\/4 Schraubanschluss Dock Kompatibel mit Philips Avent SCD843\/26, SCD833\u2026","robots":{"index":"index","follow":"follow","max-snippet":"max-snippet:-1","max-image-preview":"max-image-preview:large","max-video-preview":"max-video-preview:-1"},"canonical":"https:\/\/marktxxl.de\/markt\/produkt\/becemuru-vielseitige-flexible-drehhalterung-mit-1-4-schraubanschluss-dock-kompatibel-mit-philips-avent-scd843-26-scd833-26-scd630-26-video-babyphone\/","og_locale":"de_DE","og_type":"article","og_title":"BECEMURU Vielseitige Flexible Drehhalterung mit 1\/4 Schraubanschluss Dock Kompatibel mit Philips Avent SCD843\/26, SCD833\u2026 - Markt-XXL","og_description":"Markt-XXL BECEMURU Vielseitige Flexible Drehhalterung mit 1\/4 Schraubanschluss Dock Kompatibel mit Philips Avent SCD843\/26, SCD833\u2026","og_url":"https:\/\/marktxxl.de\/markt\/produkt\/becemuru-vielseitige-flexible-drehhalterung-mit-1-4-schraubanschluss-dock-kompatibel-mit-philips-avent-scd843-26-scd833-26-scd630-26-video-babyphone\/","og_site_name":"Markt-XXL","article_modified_time":"2023-04-11T02:52:14+00:00","og_image":[{"width":500,"height":500,"url":"https:\/\/m.media-amazon.com\/images\/I\/412AtRBgNOL._SL500_.jpg","type":"image\/jpeg"}],"twitter_card":"summary_large_image","twitter_misc":{"Gesch\u00e4tzte Lesezeit":"1\u00a0Minute"},"schema":{"@context":"https:\/\/schema.org","@graph":[{"@type":"WebPage","@id":"https:\/\/marktxxl.de\/markt\/produkt\/becemuru-vielseitige-flexible-drehhalterung-mit-1-4-schraubanschluss-dock-kompatibel-mit-philips-avent-scd843-26-scd833-26-scd630-26-video-babyphone\/","url":"https:\/\/marktxxl.de\/markt\/produkt\/becemuru-vielseitige-flexible-drehhalterung-mit-1-4-schraubanschluss-dock-kompatibel-mit-philips-avent-scd843-26-scd833-26-scd630-26-video-babyphone\/","name":"BECEMURU Vielseitige Flexible Drehhalterung mit 1\/4 Schraubanschluss Dock Kompatibel mit Philips Avent SCD843\/26, SCD833\u2026 - Markt-XXL","isPartOf":{"@id":"https:\/\/marktxxl.de\/markt\/#website"},"primaryImageOfPage":{"@id":"https:\/\/marktxxl.de\/markt\/produkt\/becemuru-vielseitige-flexible-drehhalterung-mit-1-4-schraubanschluss-dock-kompatibel-mit-philips-avent-scd843-26-scd833-26-scd630-26-video-babyphone\/#primaryimage"},"image":{"@id":"https:\/\/marktxxl.de\/markt\/produkt\/becemuru-vielseitige-flexible-drehhalterung-mit-1-4-schraubanschluss-dock-kompatibel-mit-philips-avent-scd843-26-scd833-26-scd630-26-video-babyphone\/#primaryimage"},"thumbnailUrl":"https:\/\/m.media-amazon.com\/images\/I\/412AtRBgNOL._SL500_.jpg","datePublished":"2022-11-11T07:33:27+00:00","dateModified":"2023-04-11T02:52:14+00:00","description":"Markt-XXL BECEMURU Vielseitige Flexible Drehhalterung mit 1\/4 Schraubanschluss Dock Kompatibel mit Philips Avent SCD843\/26, SCD833\u2026","breadcrumb":{"@id":"https:\/\/marktxxl.de\/markt\/produkt\/becemuru-vielseitige-flexible-drehhalterung-mit-1-4-schraubanschluss-dock-kompatibel-mit-philips-avent-scd843-26-scd833-26-scd630-26-video-babyphone\/#breadcrumb"},"inLanguage":"de","potentialAction":[{"@type":"ReadAction","target":["https:\/\/marktxxl.de\/markt\/produkt\/becemuru-vielseitige-flexible-drehhalterung-mit-1-4-schraubanschluss-dock-kompatibel-mit-philips-avent-scd843-26-scd833-26-scd630-26-video-babyphone\/"]}]},{"@type":"ImageObject","inLanguage":"de","@id":"https:\/\/marktxxl.de\/markt\/produkt\/becemuru-vielseitige-flexible-drehhalterung-mit-1-4-schraubanschluss-dock-kompatibel-mit-philips-avent-scd843-26-scd833-26-scd630-26-video-babyphone\/#primaryimage","url":"https:\/\/m.media-amazon.com\/images\/I\/412AtRBgNOL._SL500_.jpg","contentUrl":"https:\/\/m.media-amazon.com\/images\/I\/412AtRBgNOL._SL500_.jpg","width":500,"height":500},{"@type":"BreadcrumbList","@id":"https:\/\/marktxxl.de\/markt\/produkt\/becemuru-vielseitige-flexible-drehhalterung-mit-1-4-schraubanschluss-dock-kompatibel-mit-philips-avent-scd843-26-scd833-26-scd630-26-video-babyphone\/#breadcrumb","itemListElement":[{"@type":"ListItem","position":1,"name":"Startseite","item":"https:\/\/marktxxl.de\/markt\/"},{"@type":"ListItem","position":2,"name":"Markt","item":"https:\/\/marktxxl.de\/markt\/"},{"@type":"ListItem","position":3,"name":"BECEMURU Vielseitige Flexible Drehhalterung mit 1\/4 Schraubanschluss Dock Kompatibel mit Philips Avent SCD843\/26, SCD833\u2026"}]},{"@type":"WebSite","@id":"https:\/\/marktxxl.de\/markt\/#website","url":"https:\/\/marktxxl.de\/markt\/","name":"Markt-XXL","description":"Ihr Markt Online","publisher":{"@id":"https:\/\/marktxxl.de\/markt\/#organization"},"potentialAction":[{"@type":"SearchAction","target":{"@type":"EntryPoint","urlTemplate":"https:\/\/marktxxl.de\/markt\/?s={search_term_string}"},"query-input":{"@type":"PropertyValueSpecification","valueRequired":true,"valueName":"search_term_string"}}],"inLanguage":"de"},{"@type":"Organization","@id":"https:\/\/marktxxl.de\/markt\/#organization","name":"Markt-XXL","url":"https:\/\/marktxxl.de\/markt\/","logo":{"@type":"ImageObject","inLanguage":"de","@id":"https:\/\/marktxxl.de\/markt\/#\/schema\/logo\/image\/","url":"https:\/\/marktxxl.de\/markt\/wp-content\/uploads\/sites\/3\/2020\/12\/logo.png","contentUrl":"https:\/\/marktxxl.de\/markt\/wp-content\/uploads\/sites\/3\/2020\/12\/logo.png","width":200,"height":70,"caption":"Markt-XXL"},"image":{"@id":"https:\/\/marktxxl.de\/markt\/#\/schema\/logo\/image\/"}}]}},"_links":{"self":[{"href":"https:\/\/marktxxl.de\/markt\/wp-json\/wp\/v2\/product\/166871","targetHints":{"allow":["GET"]}}],"collection":[{"href":"https:\/\/marktxxl.de\/markt\/wp-json\/wp\/v2\/product"}],"about":[{"href":"https:\/\/marktxxl.de\/markt\/wp-json\/wp\/v2\/types\/product"}],"replies":[{"embeddable":true,"href":"https:\/\/marktxxl.de\/markt\/wp-json\/wp\/v2\/comments?post=166871"}],"wp:featuredmedia":[{"embeddable":true,"href":"https:\/\/marktxxl.de\/markt\/wp-json\/wp\/v2\/media\/166872"}],"wp:attachment":[{"href":"https:\/\/marktxxl.de\/markt\/wp-json\/wp\/v2\/media?parent=166871"}],"wp:term":[{"taxonomy":"product_brand","embeddable":true,"href":"https:\/\/marktxxl.de\/markt\/wp-json\/wp\/v2\/product_brand?post=166871"},{"taxonomy":"product_cat","embeddable":true,"href":"https:\/\/marktxxl.de\/markt\/wp-json\/wp\/v2\/product_cat?post=166871"},{"taxonomy":"product_tag","embeddable":true,"href":"https:\/\/marktxxl.de\/markt\/wp-json\/wp\/v2\/product_tag?post=166871"}],"curies":[{"name":"wp","href":"https:\/\/api.w.org\/{rel}","templated":true}]}}