{"id":166829,"date":"2022-11-11T08:32:24","date_gmt":"2022-11-11T07:32:24","guid":{"rendered":"https:\/\/marktxxl.de\/markt\/produkt\/wsky-schutzfolie-b07rlvxv5byu\/"},"modified":"2023-04-11T04:52:13","modified_gmt":"2023-04-11T02:52:13","slug":"wsky-schutzfolie-b07rlvxv5byu","status":"publish","type":"product","link":"https:\/\/marktxxl.de\/markt\/produkt\/wsky-schutzfolie-b07rlvxv5byu\/","title":{"rendered":"AirPods Case, Full Protective Silicone AirPods Accessories Cover Compatible with Apple AirPods 1&amp;2 Wireless and Wired\u2026"},"content":{"rendered":"<p>high premium silikon: satlitog airpods geh\u00e4use ist aus lebensmittelqualit\u00e4t silikon-material, das von anderen gew\u00f6hnlichen silikon fall unterschiedlich ist. auch wenn es f\u00fcr l\u00e4ngere zeit nicht benutzt wird, ist es immer noch komfortabel und altert nicht.<br \/>\n360 \u00b0 vollschutz: satlitog airpods fall das neueste ein st\u00fcck formverfahren und mikro matte technologie auf der oberfl\u00e4che verwenden, keine fingerabdr\u00fccke, antisturz und 100% staubdicht zu verlassen, die schnell ausgewaschen werden kann.<br \/>\nperfekt f\u00fcr ihre airpods: die neu aktualisierten beschlagstechnik, ohne l\u00fccken und unteren staubstecker-design, das ein wundervolles design, das bequemer f\u00fcr ihr leben ist, ob sie unterwegs sind oder im sport.<br \/>\nwas sie erhalten: ein kosteng\u00fcnstiges luxus-paket, erhalten sie: 1xairpods fall 1x karabiner (nicht airpods enthalten)<br \/>\n<div class=\"main-cross-sell\" data-asin=\"B07RLVXV5B\">\n\n\t<div class=\"WooZone-cross-sell-loader\">\n\t\t<div>\n\t\t\t<div id=\"floatingBarsG\">\n\t\t\t\t<div class=\"blockG\" id=\"rotateG_01\"><\/div>\n\t\t\t\t<div class=\"blockG\" id=\"rotateG_02\"><\/div>\n\t\t\t\t<div class=\"blockG\" id=\"rotateG_03\"><\/div>\n\t\t\t\t<div class=\"blockG\" id=\"rotateG_04\"><\/div>\n\t\t\t\t<div class=\"blockG\" id=\"rotateG_05\"><\/div>\n\t\t\t\t<div class=\"blockG\" id=\"rotateG_06\"><\/div>\n\t\t\t\t<div class=\"blockG\" id=\"rotateG_07\"><\/div>\n\t\t\t\t<div class=\"blockG\" id=\"rotateG_08\"><\/div>\n\t\t\t<\/div>\n\t\t\t<div class=\"WooZone-cross-sell-loader-text\"><\/div>\n\t\t<\/div>\n\t<\/div>\n\n\t\t\n<\/div>\n<div style=\"clear:both;\"><\/div><\/p>\n","protected":false},"excerpt":{"rendered":"<p>high premium silikon: satlitog airpods geh\u00e4use ist aus lebensmittelqualit\u00e4t silikon-material, das von anderen gew\u00f6hnlichen silikon fall unterschiedlich ist. auch wenn es f\u00fcr l\u00e4ngere zeit nicht benutzt wird, ist es immer noch komfortabel und altert nicht.<br \/>\n360 \u00b0 vollschutz: satlitog airpods fall das neueste ein st\u00fcck formverfahren und mikro matte technologie auf der oberfl\u00e4che verwenden, keine fingerabdr\u00fccke, antisturz und 100% staubdicht zu verlassen, die schnell ausgewaschen werden kann.<br \/>\nperfekt f\u00fcr ihre airpods: die neu aktualisierten beschlagstechnik, ohne l\u00fccken und unteren staubstecker-design, das ein wundervolles design, das bequemer f\u00fcr ihr leben ist, ob sie unterwegs sind oder im sport.<\/p>\n","protected":false},"featured_media":166830,"comment_status":"open","ping_status":"closed","template":"","meta":[],"product_brand":[],"product_cat":[21,9378],"product_tag":[],"class_list":{"0":"post-166829","1":"product","2":"type-product","3":"status-publish","4":"has-post-thumbnail","6":"product_cat-baby","7":"product_cat-sicherheit-baby","8":"pa_binding-elektronik","9":"pa_brand-satlitog","10":"pa_manufacturer-satlitog","12":"first","13":"instock","14":"shipping-taxable","15":"purchasable","16":"product-type-simple","17":"customify-col","18":"product-has-gallery"},"yoast_head":"<!-- This site is optimized with the Yoast SEO plugin v27.3 - https:\/\/yoast.com\/product\/yoast-seo-wordpress\/ -->\n<title>AirPods Case, Full Protective Silicone AirPods Accessories Cover Compatible with Apple AirPods 1&amp;2 Wireless and Wired\u2026 - Markt-XXL<\/title>\n<meta name=\"description\" content=\"Markt-XXL AirPods Case, Full Protective Silicone AirPods Accessories Cover Compatible with Apple AirPods 1&amp;2 Wireless and Wired\u2026\" \/>\n<meta name=\"robots\" content=\"index, follow, max-snippet:-1, max-image-preview:large, max-video-preview:-1\" \/>\n<link rel=\"canonical\" href=\"https:\/\/marktxxl.de\/markt\/produkt\/wsky-schutzfolie-b07rlvxv5byu\/\" \/>\n<meta property=\"og:locale\" content=\"de_DE\" \/>\n<meta property=\"og:type\" content=\"article\" \/>\n<meta property=\"og:title\" content=\"AirPods Case, Full Protective Silicone AirPods Accessories Cover Compatible with Apple AirPods 1&amp;2 Wireless and Wired\u2026 - Markt-XXL\" \/>\n<meta property=\"og:description\" content=\"Markt-XXL AirPods Case, Full Protective Silicone AirPods Accessories Cover Compatible with Apple AirPods 1&amp;2 Wireless and Wired\u2026\" \/>\n<meta property=\"og:url\" content=\"https:\/\/marktxxl.de\/markt\/produkt\/wsky-schutzfolie-b07rlvxv5byu\/\" \/>\n<meta property=\"og:site_name\" content=\"Markt-XXL\" \/>\n<meta property=\"article:modified_time\" content=\"2023-04-11T02:52:13+00:00\" \/>\n<meta property=\"og:image\" content=\"https:\/\/m.media-amazon.com\/images\/I\/413UtczzjGL._SL500_.jpg\" \/>\n\t<meta property=\"og:image:width\" content=\"500\" \/>\n\t<meta property=\"og:image:height\" content=\"500\" \/>\n\t<meta property=\"og:image:type\" content=\"image\/jpeg\" \/>\n<meta name=\"twitter:card\" content=\"summary_large_image\" \/>\n<meta name=\"twitter:label1\" content=\"Gesch\u00e4tzte Lesezeit\" \/>\n\t<meta name=\"twitter:data1\" content=\"1\u00a0Minute\" \/>\n<script type=\"application\/ld+json\" class=\"yoast-schema-graph\">{\"@context\":\"https:\\\/\\\/schema.org\",\"@graph\":[{\"@type\":\"WebPage\",\"@id\":\"https:\\\/\\\/marktxxl.de\\\/markt\\\/produkt\\\/wsky-schutzfolie-b07rlvxv5byu\\\/\",\"url\":\"https:\\\/\\\/marktxxl.de\\\/markt\\\/produkt\\\/wsky-schutzfolie-b07rlvxv5byu\\\/\",\"name\":\"AirPods Case, Full Protective Silicone AirPods Accessories Cover Compatible with Apple AirPods 1&amp;2 Wireless and Wired\u2026 - Markt-XXL\",\"isPartOf\":{\"@id\":\"https:\\\/\\\/marktxxl.de\\\/markt\\\/#website\"},\"primaryImageOfPage\":{\"@id\":\"https:\\\/\\\/marktxxl.de\\\/markt\\\/produkt\\\/wsky-schutzfolie-b07rlvxv5byu\\\/#primaryimage\"},\"image\":{\"@id\":\"https:\\\/\\\/marktxxl.de\\\/markt\\\/produkt\\\/wsky-schutzfolie-b07rlvxv5byu\\\/#primaryimage\"},\"thumbnailUrl\":\"https:\\\/\\\/m.media-amazon.com\\\/images\\\/I\\\/413UtczzjGL._SL500_.jpg\",\"datePublished\":\"2022-11-11T07:32:24+00:00\",\"dateModified\":\"2023-04-11T02:52:13+00:00\",\"description\":\"Markt-XXL AirPods Case, Full Protective Silicone AirPods Accessories Cover Compatible with Apple AirPods 1&amp;2 Wireless and Wired\u2026\",\"breadcrumb\":{\"@id\":\"https:\\\/\\\/marktxxl.de\\\/markt\\\/produkt\\\/wsky-schutzfolie-b07rlvxv5byu\\\/#breadcrumb\"},\"inLanguage\":\"de\",\"potentialAction\":[{\"@type\":\"ReadAction\",\"target\":[\"https:\\\/\\\/marktxxl.de\\\/markt\\\/produkt\\\/wsky-schutzfolie-b07rlvxv5byu\\\/\"]}]},{\"@type\":\"ImageObject\",\"inLanguage\":\"de\",\"@id\":\"https:\\\/\\\/marktxxl.de\\\/markt\\\/produkt\\\/wsky-schutzfolie-b07rlvxv5byu\\\/#primaryimage\",\"url\":\"https:\\\/\\\/m.media-amazon.com\\\/images\\\/I\\\/413UtczzjGL._SL500_.jpg\",\"contentUrl\":\"https:\\\/\\\/m.media-amazon.com\\\/images\\\/I\\\/413UtczzjGL._SL500_.jpg\",\"width\":500,\"height\":500},{\"@type\":\"BreadcrumbList\",\"@id\":\"https:\\\/\\\/marktxxl.de\\\/markt\\\/produkt\\\/wsky-schutzfolie-b07rlvxv5byu\\\/#breadcrumb\",\"itemListElement\":[{\"@type\":\"ListItem\",\"position\":1,\"name\":\"Startseite\",\"item\":\"https:\\\/\\\/marktxxl.de\\\/markt\\\/\"},{\"@type\":\"ListItem\",\"position\":2,\"name\":\"Markt\",\"item\":\"https:\\\/\\\/marktxxl.de\\\/markt\\\/\"},{\"@type\":\"ListItem\",\"position\":3,\"name\":\"AirPods Case, Full Protective Silicone AirPods Accessories Cover Compatible with Apple AirPods 1&amp;2 Wireless and Wired\u2026\"}]},{\"@type\":\"WebSite\",\"@id\":\"https:\\\/\\\/marktxxl.de\\\/markt\\\/#website\",\"url\":\"https:\\\/\\\/marktxxl.de\\\/markt\\\/\",\"name\":\"Markt-XXL\",\"description\":\"Ihr Markt Online\",\"publisher\":{\"@id\":\"https:\\\/\\\/marktxxl.de\\\/markt\\\/#organization\"},\"potentialAction\":[{\"@type\":\"SearchAction\",\"target\":{\"@type\":\"EntryPoint\",\"urlTemplate\":\"https:\\\/\\\/marktxxl.de\\\/markt\\\/?s={search_term_string}\"},\"query-input\":{\"@type\":\"PropertyValueSpecification\",\"valueRequired\":true,\"valueName\":\"search_term_string\"}}],\"inLanguage\":\"de\"},{\"@type\":\"Organization\",\"@id\":\"https:\\\/\\\/marktxxl.de\\\/markt\\\/#organization\",\"name\":\"Markt-XXL\",\"url\":\"https:\\\/\\\/marktxxl.de\\\/markt\\\/\",\"logo\":{\"@type\":\"ImageObject\",\"inLanguage\":\"de\",\"@id\":\"https:\\\/\\\/marktxxl.de\\\/markt\\\/#\\\/schema\\\/logo\\\/image\\\/\",\"url\":\"https:\\\/\\\/marktxxl.de\\\/markt\\\/wp-content\\\/uploads\\\/sites\\\/3\\\/2020\\\/12\\\/logo.png\",\"contentUrl\":\"https:\\\/\\\/marktxxl.de\\\/markt\\\/wp-content\\\/uploads\\\/sites\\\/3\\\/2020\\\/12\\\/logo.png\",\"width\":200,\"height\":70,\"caption\":\"Markt-XXL\"},\"image\":{\"@id\":\"https:\\\/\\\/marktxxl.de\\\/markt\\\/#\\\/schema\\\/logo\\\/image\\\/\"}}]}<\/script>\n<!-- \/ Yoast SEO plugin. -->","yoast_head_json":{"title":"AirPods Case, Full Protective Silicone AirPods Accessories Cover Compatible with Apple AirPods 1&amp;2 Wireless and Wired\u2026 - Markt-XXL","description":"Markt-XXL AirPods Case, Full Protective Silicone AirPods Accessories Cover Compatible with Apple AirPods 1&amp;2 Wireless and Wired\u2026","robots":{"index":"index","follow":"follow","max-snippet":"max-snippet:-1","max-image-preview":"max-image-preview:large","max-video-preview":"max-video-preview:-1"},"canonical":"https:\/\/marktxxl.de\/markt\/produkt\/wsky-schutzfolie-b07rlvxv5byu\/","og_locale":"de_DE","og_type":"article","og_title":"AirPods Case, Full Protective Silicone AirPods Accessories Cover Compatible with Apple AirPods 1&amp;2 Wireless and Wired\u2026 - Markt-XXL","og_description":"Markt-XXL AirPods Case, Full Protective Silicone AirPods Accessories Cover Compatible with Apple AirPods 1&amp;2 Wireless and Wired\u2026","og_url":"https:\/\/marktxxl.de\/markt\/produkt\/wsky-schutzfolie-b07rlvxv5byu\/","og_site_name":"Markt-XXL","article_modified_time":"2023-04-11T02:52:13+00:00","og_image":[{"width":500,"height":500,"url":"https:\/\/m.media-amazon.com\/images\/I\/413UtczzjGL._SL500_.jpg","type":"image\/jpeg"}],"twitter_card":"summary_large_image","twitter_misc":{"Gesch\u00e4tzte Lesezeit":"1\u00a0Minute"},"schema":{"@context":"https:\/\/schema.org","@graph":[{"@type":"WebPage","@id":"https:\/\/marktxxl.de\/markt\/produkt\/wsky-schutzfolie-b07rlvxv5byu\/","url":"https:\/\/marktxxl.de\/markt\/produkt\/wsky-schutzfolie-b07rlvxv5byu\/","name":"AirPods Case, Full Protective Silicone AirPods Accessories Cover Compatible with Apple AirPods 1&amp;2 Wireless and Wired\u2026 - Markt-XXL","isPartOf":{"@id":"https:\/\/marktxxl.de\/markt\/#website"},"primaryImageOfPage":{"@id":"https:\/\/marktxxl.de\/markt\/produkt\/wsky-schutzfolie-b07rlvxv5byu\/#primaryimage"},"image":{"@id":"https:\/\/marktxxl.de\/markt\/produkt\/wsky-schutzfolie-b07rlvxv5byu\/#primaryimage"},"thumbnailUrl":"https:\/\/m.media-amazon.com\/images\/I\/413UtczzjGL._SL500_.jpg","datePublished":"2022-11-11T07:32:24+00:00","dateModified":"2023-04-11T02:52:13+00:00","description":"Markt-XXL AirPods Case, Full Protective Silicone AirPods Accessories Cover Compatible with Apple AirPods 1&amp;2 Wireless and Wired\u2026","breadcrumb":{"@id":"https:\/\/marktxxl.de\/markt\/produkt\/wsky-schutzfolie-b07rlvxv5byu\/#breadcrumb"},"inLanguage":"de","potentialAction":[{"@type":"ReadAction","target":["https:\/\/marktxxl.de\/markt\/produkt\/wsky-schutzfolie-b07rlvxv5byu\/"]}]},{"@type":"ImageObject","inLanguage":"de","@id":"https:\/\/marktxxl.de\/markt\/produkt\/wsky-schutzfolie-b07rlvxv5byu\/#primaryimage","url":"https:\/\/m.media-amazon.com\/images\/I\/413UtczzjGL._SL500_.jpg","contentUrl":"https:\/\/m.media-amazon.com\/images\/I\/413UtczzjGL._SL500_.jpg","width":500,"height":500},{"@type":"BreadcrumbList","@id":"https:\/\/marktxxl.de\/markt\/produkt\/wsky-schutzfolie-b07rlvxv5byu\/#breadcrumb","itemListElement":[{"@type":"ListItem","position":1,"name":"Startseite","item":"https:\/\/marktxxl.de\/markt\/"},{"@type":"ListItem","position":2,"name":"Markt","item":"https:\/\/marktxxl.de\/markt\/"},{"@type":"ListItem","position":3,"name":"AirPods Case, Full Protective Silicone AirPods Accessories Cover Compatible with Apple AirPods 1&amp;2 Wireless and Wired\u2026"}]},{"@type":"WebSite","@id":"https:\/\/marktxxl.de\/markt\/#website","url":"https:\/\/marktxxl.de\/markt\/","name":"Markt-XXL","description":"Ihr Markt Online","publisher":{"@id":"https:\/\/marktxxl.de\/markt\/#organization"},"potentialAction":[{"@type":"SearchAction","target":{"@type":"EntryPoint","urlTemplate":"https:\/\/marktxxl.de\/markt\/?s={search_term_string}"},"query-input":{"@type":"PropertyValueSpecification","valueRequired":true,"valueName":"search_term_string"}}],"inLanguage":"de"},{"@type":"Organization","@id":"https:\/\/marktxxl.de\/markt\/#organization","name":"Markt-XXL","url":"https:\/\/marktxxl.de\/markt\/","logo":{"@type":"ImageObject","inLanguage":"de","@id":"https:\/\/marktxxl.de\/markt\/#\/schema\/logo\/image\/","url":"https:\/\/marktxxl.de\/markt\/wp-content\/uploads\/sites\/3\/2020\/12\/logo.png","contentUrl":"https:\/\/marktxxl.de\/markt\/wp-content\/uploads\/sites\/3\/2020\/12\/logo.png","width":200,"height":70,"caption":"Markt-XXL"},"image":{"@id":"https:\/\/marktxxl.de\/markt\/#\/schema\/logo\/image\/"}}]}},"_links":{"self":[{"href":"https:\/\/marktxxl.de\/markt\/wp-json\/wp\/v2\/product\/166829","targetHints":{"allow":["GET"]}}],"collection":[{"href":"https:\/\/marktxxl.de\/markt\/wp-json\/wp\/v2\/product"}],"about":[{"href":"https:\/\/marktxxl.de\/markt\/wp-json\/wp\/v2\/types\/product"}],"replies":[{"embeddable":true,"href":"https:\/\/marktxxl.de\/markt\/wp-json\/wp\/v2\/comments?post=166829"}],"wp:featuredmedia":[{"embeddable":true,"href":"https:\/\/marktxxl.de\/markt\/wp-json\/wp\/v2\/media\/166830"}],"wp:attachment":[{"href":"https:\/\/marktxxl.de\/markt\/wp-json\/wp\/v2\/media?parent=166829"}],"wp:term":[{"taxonomy":"product_brand","embeddable":true,"href":"https:\/\/marktxxl.de\/markt\/wp-json\/wp\/v2\/product_brand?post=166829"},{"taxonomy":"product_cat","embeddable":true,"href":"https:\/\/marktxxl.de\/markt\/wp-json\/wp\/v2\/product_cat?post=166829"},{"taxonomy":"product_tag","embeddable":true,"href":"https:\/\/marktxxl.de\/markt\/wp-json\/wp\/v2\/product_tag?post=166829"}],"curies":[{"name":"wp","href":"https:\/\/api.w.org\/{rel}","templated":true}]}}