{"id":166637,"date":"2022-11-11T08:19:35","date_gmt":"2022-11-11T07:19:35","guid":{"rendered":"https:\/\/marktxxl.de\/markt\/produkt\/dreamade-10-20-30m-led-lichterschlauch-aussen-lichterkette-mit-360-720-1080-leds-lichtschlauch-15000h-fuer-weihnachten-hochzeit-party-und-fest\/"},"modified":"2023-04-11T04:52:10","modified_gmt":"2023-04-11T02:52:10","slug":"dreamade-10-20-30m-led-lichterschlauch-aussen-lichterkette-mit-360-720-1080-leds-lichtschlauch-15000h-fuer-weihnachten-hochzeit-party-und-fest","status":"publish","type":"product","link":"https:\/\/marktxxl.de\/markt\/produkt\/dreamade-10-20-30m-led-lichterschlauch-aussen-lichterkette-mit-360-720-1080-leds-lichtschlauch-15000h-fuer-weihnachten-hochzeit-party-und-fest\/","title":{"rendered":"DREAMADE 30M LED Lichterschlauch Au\u00dfen, Lichterkette mit1080 LEDS, Lichtschlauch 15000h f\u00fcr Weihnachten, Hochzeit, Party\u2026"},"content":{"rendered":"<p>Bereite Anwendbarkeit &#8211; Dieser Lichterschlauch ist erf\u00f6rderlich f\u00fcr die ideale Party- und Festbeleuchtung, denn der Lichterschlauch kann schnell montiert und in alle Richtungen gebogen werden. Und mit dem Lichterschlauch setzen Sie Ihre eigenen Lichtakzente und schm\u00fccken Sie z.B. Ihr Haus, den Balkon oder den Garten.<br \/>\nErstklassiges Design &#8211; Der Lichterschlauch hat gutaussehende \u00e4u\u00dfere Erscheinung und steht den Benutzer drei Farbe- Wei\u00df, Warmwei\u00df, Bunt zur Verf\u00fcgung. Und der verf\u00fcgt hochwertige Lichtstreifen und Chips, hohe Helligkeit und gutes Licht. Es ist empfehlenswert f\u00fcr diejenigen, die auf Details achten.<br \/>\nGute Dauerbest\u00e4ndigkeit &#8211; Die beiden Dr\u00e4hte von dem Lichterschlauch sind vollst\u00e4ndig versiegelt, so dass die Kupferteile in Wasser getaucht und f\u00fcr den Au\u00dfenbereich geeignet sind. Und Aufgrund ihres Isoliermaterials ist es unemfindlich gegen Verschlei\u00df und hat eine lange Lebensdauer.<br \/>\nHohe Lichtdurchl\u00e4ssigkeit &#8211; Dieses Regenbogenrohr hat LED-Chips und hat eine hohe Durchschlagsdauer. Es verwendet PVC-Weichkleber und hat gute Flexibilit\u00e4t. Und sein Licht ist weich, gleichm\u00e4\u00dfig verteilt, bequem und nicht blendend.<br \/>\nEnergieeinsparung &#8211; Dieser originelle LED-Lichtschlauch mit intelligentem elektrischen Widerstand ist in der Lager, stabiler zu betreiben. Und es gibt keine stroboskopischen Probleme, so dass es sparsam und umweltfreundlich.<br \/>\n<div class=\"main-cross-sell\" data-asin=\"B0BGN59G5K\">\n\n\t<div class=\"WooZone-cross-sell-loader\">\n\t\t<div>\n\t\t\t<div id=\"floatingBarsG\">\n\t\t\t\t<div class=\"blockG\" id=\"rotateG_01\"><\/div>\n\t\t\t\t<div class=\"blockG\" id=\"rotateG_02\"><\/div>\n\t\t\t\t<div class=\"blockG\" id=\"rotateG_03\"><\/div>\n\t\t\t\t<div class=\"blockG\" id=\"rotateG_04\"><\/div>\n\t\t\t\t<div class=\"blockG\" id=\"rotateG_05\"><\/div>\n\t\t\t\t<div class=\"blockG\" id=\"rotateG_06\"><\/div>\n\t\t\t\t<div class=\"blockG\" id=\"rotateG_07\"><\/div>\n\t\t\t\t<div class=\"blockG\" id=\"rotateG_08\"><\/div>\n\t\t\t<\/div>\n\t\t\t<div class=\"WooZone-cross-sell-loader-text\"><\/div>\n\t\t<\/div>\n\t<\/div>\n\n\t\t\n<\/div>\n<div style=\"clear:both;\"><\/div><\/p>\n","protected":false},"excerpt":{"rendered":"<p>Bereite Anwendbarkeit &#8211; Dieser Lichterschlauch ist erf\u00f6rderlich f\u00fcr die ideale Party- und Festbeleuchtung, denn der Lichterschlauch kann schnell montiert und in alle Richtungen gebogen werden. Und mit dem Lichterschlauch setzen Sie Ihre eigenen Lichtakzente und schm\u00fccken Sie z.B. Ihr Haus, den Balkon oder den Garten.<br \/>\nErstklassiges Design &#8211; Der Lichterschlauch hat gutaussehende \u00e4u\u00dfere Erscheinung und steht den Benutzer drei Farbe- Wei\u00df, Warmwei\u00df, Bunt zur Verf\u00fcgung. Und der verf\u00fcgt hochwertige Lichtstreifen und Chips, hohe Helligkeit und gutes Licht. Es ist empfehlenswert f\u00fcr diejenigen, die auf Details achten.<br \/>\nGute Dauerbest\u00e4ndigkeit &#8211; Die beiden Dr\u00e4hte von dem Lichterschlauch sind vollst\u00e4ndig versiegelt, so dass die Kupferteile in Wasser getaucht und f\u00fcr den Au\u00dfenbereich geeignet sind. Und Aufgrund ihres Isoliermaterials ist es unemfindlich gegen Verschlei\u00df und hat eine lange Lebensdauer.<\/p>\n","protected":false},"featured_media":166638,"comment_status":"open","ping_status":"closed","template":"","meta":[],"product_brand":[],"product_cat":[2108,15623],"product_tag":[],"class_list":{"0":"post-166637","1":"product","2":"type-product","3":"status-publish","4":"has-post-thumbnail","6":"product_cat-beleuchtung","7":"product_cat-lichtschlaeuche","8":"pa_brand-dreamade","9":"pa_manufacturer-dreamade","11":"first","12":"instock","13":"shipping-taxable","14":"purchasable","15":"product-type-simple","16":"customify-col","17":"product-has-gallery"},"yoast_head":"<!-- This site is optimized with the Yoast SEO plugin v27.4 - https:\/\/yoast.com\/product\/yoast-seo-wordpress\/ -->\n<title>DREAMADE 30M LED Lichterschlauch Au\u00dfen, Lichterkette mit1080 LEDS, Lichtschlauch 15000h f\u00fcr Weihnachten, Hochzeit, Party\u2026 - Markt-XXL<\/title>\n<meta name=\"description\" content=\"Markt-XXL DREAMADE 30M LED Lichterschlauch Au\u00dfen, Lichterkette mit1080 LEDS, Lichtschlauch 15000h f\u00fcr Weihnachten, Hochzeit, Party\u2026\" \/>\n<meta name=\"robots\" content=\"index, follow, max-snippet:-1, max-image-preview:large, max-video-preview:-1\" \/>\n<link rel=\"canonical\" href=\"https:\/\/marktxxl.de\/markt\/produkt\/dreamade-10-20-30m-led-lichterschlauch-aussen-lichterkette-mit-360-720-1080-leds-lichtschlauch-15000h-fuer-weihnachten-hochzeit-party-und-fest\/\" \/>\n<meta property=\"og:locale\" content=\"de_DE\" \/>\n<meta property=\"og:type\" content=\"article\" \/>\n<meta property=\"og:title\" content=\"DREAMADE 30M LED Lichterschlauch Au\u00dfen, Lichterkette mit1080 LEDS, Lichtschlauch 15000h f\u00fcr Weihnachten, Hochzeit, Party\u2026 - Markt-XXL\" \/>\n<meta property=\"og:description\" content=\"Markt-XXL DREAMADE 30M LED Lichterschlauch Au\u00dfen, Lichterkette mit1080 LEDS, Lichtschlauch 15000h f\u00fcr Weihnachten, Hochzeit, Party\u2026\" \/>\n<meta property=\"og:url\" content=\"https:\/\/marktxxl.de\/markt\/produkt\/dreamade-10-20-30m-led-lichterschlauch-aussen-lichterkette-mit-360-720-1080-leds-lichtschlauch-15000h-fuer-weihnachten-hochzeit-party-und-fest\/\" \/>\n<meta property=\"og:site_name\" content=\"Markt-XXL\" \/>\n<meta property=\"article:modified_time\" content=\"2023-04-11T02:52:10+00:00\" \/>\n<meta property=\"og:image\" content=\"https:\/\/m.media-amazon.com\/images\/I\/61QA0hlm5UL._SL500_.jpg\" \/>\n\t<meta property=\"og:image:width\" content=\"500\" \/>\n\t<meta property=\"og:image:height\" content=\"500\" \/>\n\t<meta property=\"og:image:type\" content=\"image\/jpeg\" \/>\n<meta name=\"twitter:card\" content=\"summary_large_image\" \/>\n<meta name=\"twitter:label1\" content=\"Gesch\u00e4tzte Lesezeit\" \/>\n\t<meta name=\"twitter:data1\" content=\"1\u00a0Minute\" \/>\n<script type=\"application\/ld+json\" class=\"yoast-schema-graph\">{\"@context\":\"https:\\\/\\\/schema.org\",\"@graph\":[{\"@type\":\"WebPage\",\"@id\":\"https:\\\/\\\/marktxxl.de\\\/markt\\\/produkt\\\/dreamade-10-20-30m-led-lichterschlauch-aussen-lichterkette-mit-360-720-1080-leds-lichtschlauch-15000h-fuer-weihnachten-hochzeit-party-und-fest\\\/\",\"url\":\"https:\\\/\\\/marktxxl.de\\\/markt\\\/produkt\\\/dreamade-10-20-30m-led-lichterschlauch-aussen-lichterkette-mit-360-720-1080-leds-lichtschlauch-15000h-fuer-weihnachten-hochzeit-party-und-fest\\\/\",\"name\":\"DREAMADE 30M LED Lichterschlauch Au\u00dfen, Lichterkette mit1080 LEDS, Lichtschlauch 15000h f\u00fcr Weihnachten, Hochzeit, Party\u2026 - Markt-XXL\",\"isPartOf\":{\"@id\":\"https:\\\/\\\/marktxxl.de\\\/markt\\\/#website\"},\"primaryImageOfPage\":{\"@id\":\"https:\\\/\\\/marktxxl.de\\\/markt\\\/produkt\\\/dreamade-10-20-30m-led-lichterschlauch-aussen-lichterkette-mit-360-720-1080-leds-lichtschlauch-15000h-fuer-weihnachten-hochzeit-party-und-fest\\\/#primaryimage\"},\"image\":{\"@id\":\"https:\\\/\\\/marktxxl.de\\\/markt\\\/produkt\\\/dreamade-10-20-30m-led-lichterschlauch-aussen-lichterkette-mit-360-720-1080-leds-lichtschlauch-15000h-fuer-weihnachten-hochzeit-party-und-fest\\\/#primaryimage\"},\"thumbnailUrl\":\"https:\\\/\\\/m.media-amazon.com\\\/images\\\/I\\\/61QA0hlm5UL._SL500_.jpg\",\"datePublished\":\"2022-11-11T07:19:35+00:00\",\"dateModified\":\"2023-04-11T02:52:10+00:00\",\"description\":\"Markt-XXL DREAMADE 30M LED Lichterschlauch Au\u00dfen, Lichterkette mit1080 LEDS, Lichtschlauch 15000h f\u00fcr Weihnachten, Hochzeit, Party\u2026\",\"breadcrumb\":{\"@id\":\"https:\\\/\\\/marktxxl.de\\\/markt\\\/produkt\\\/dreamade-10-20-30m-led-lichterschlauch-aussen-lichterkette-mit-360-720-1080-leds-lichtschlauch-15000h-fuer-weihnachten-hochzeit-party-und-fest\\\/#breadcrumb\"},\"inLanguage\":\"de\",\"potentialAction\":[{\"@type\":\"ReadAction\",\"target\":[\"https:\\\/\\\/marktxxl.de\\\/markt\\\/produkt\\\/dreamade-10-20-30m-led-lichterschlauch-aussen-lichterkette-mit-360-720-1080-leds-lichtschlauch-15000h-fuer-weihnachten-hochzeit-party-und-fest\\\/\"]}]},{\"@type\":\"ImageObject\",\"inLanguage\":\"de\",\"@id\":\"https:\\\/\\\/marktxxl.de\\\/markt\\\/produkt\\\/dreamade-10-20-30m-led-lichterschlauch-aussen-lichterkette-mit-360-720-1080-leds-lichtschlauch-15000h-fuer-weihnachten-hochzeit-party-und-fest\\\/#primaryimage\",\"url\":\"https:\\\/\\\/m.media-amazon.com\\\/images\\\/I\\\/61QA0hlm5UL._SL500_.jpg\",\"contentUrl\":\"https:\\\/\\\/m.media-amazon.com\\\/images\\\/I\\\/61QA0hlm5UL._SL500_.jpg\",\"width\":500,\"height\":500},{\"@type\":\"BreadcrumbList\",\"@id\":\"https:\\\/\\\/marktxxl.de\\\/markt\\\/produkt\\\/dreamade-10-20-30m-led-lichterschlauch-aussen-lichterkette-mit-360-720-1080-leds-lichtschlauch-15000h-fuer-weihnachten-hochzeit-party-und-fest\\\/#breadcrumb\",\"itemListElement\":[{\"@type\":\"ListItem\",\"position\":1,\"name\":\"Startseite\",\"item\":\"https:\\\/\\\/marktxxl.de\\\/markt\\\/\"},{\"@type\":\"ListItem\",\"position\":2,\"name\":\"Markt\",\"item\":\"https:\\\/\\\/marktxxl.de\\\/markt\\\/\"},{\"@type\":\"ListItem\",\"position\":3,\"name\":\"DREAMADE 30M LED Lichterschlauch Au\u00dfen, Lichterkette mit1080 LEDS, Lichtschlauch 15000h f\u00fcr Weihnachten, Hochzeit, Party\u2026\"}]},{\"@type\":\"WebSite\",\"@id\":\"https:\\\/\\\/marktxxl.de\\\/markt\\\/#website\",\"url\":\"https:\\\/\\\/marktxxl.de\\\/markt\\\/\",\"name\":\"Markt-XXL\",\"description\":\"Ihr Markt Online\",\"publisher\":{\"@id\":\"https:\\\/\\\/marktxxl.de\\\/markt\\\/#organization\"},\"potentialAction\":[{\"@type\":\"SearchAction\",\"target\":{\"@type\":\"EntryPoint\",\"urlTemplate\":\"https:\\\/\\\/marktxxl.de\\\/markt\\\/?s={search_term_string}\"},\"query-input\":{\"@type\":\"PropertyValueSpecification\",\"valueRequired\":true,\"valueName\":\"search_term_string\"}}],\"inLanguage\":\"de\"},{\"@type\":\"Organization\",\"@id\":\"https:\\\/\\\/marktxxl.de\\\/markt\\\/#organization\",\"name\":\"Markt-XXL\",\"url\":\"https:\\\/\\\/marktxxl.de\\\/markt\\\/\",\"logo\":{\"@type\":\"ImageObject\",\"inLanguage\":\"de\",\"@id\":\"https:\\\/\\\/marktxxl.de\\\/markt\\\/#\\\/schema\\\/logo\\\/image\\\/\",\"url\":\"https:\\\/\\\/marktxxl.de\\\/markt\\\/wp-content\\\/uploads\\\/sites\\\/3\\\/2020\\\/12\\\/logo.png\",\"contentUrl\":\"https:\\\/\\\/marktxxl.de\\\/markt\\\/wp-content\\\/uploads\\\/sites\\\/3\\\/2020\\\/12\\\/logo.png\",\"width\":200,\"height\":70,\"caption\":\"Markt-XXL\"},\"image\":{\"@id\":\"https:\\\/\\\/marktxxl.de\\\/markt\\\/#\\\/schema\\\/logo\\\/image\\\/\"}}]}<\/script>\n<!-- \/ Yoast SEO plugin. -->","yoast_head_json":{"title":"DREAMADE 30M LED Lichterschlauch Au\u00dfen, Lichterkette mit1080 LEDS, Lichtschlauch 15000h f\u00fcr Weihnachten, Hochzeit, Party\u2026 - Markt-XXL","description":"Markt-XXL DREAMADE 30M LED Lichterschlauch Au\u00dfen, Lichterkette mit1080 LEDS, Lichtschlauch 15000h f\u00fcr Weihnachten, Hochzeit, Party\u2026","robots":{"index":"index","follow":"follow","max-snippet":"max-snippet:-1","max-image-preview":"max-image-preview:large","max-video-preview":"max-video-preview:-1"},"canonical":"https:\/\/marktxxl.de\/markt\/produkt\/dreamade-10-20-30m-led-lichterschlauch-aussen-lichterkette-mit-360-720-1080-leds-lichtschlauch-15000h-fuer-weihnachten-hochzeit-party-und-fest\/","og_locale":"de_DE","og_type":"article","og_title":"DREAMADE 30M LED Lichterschlauch Au\u00dfen, Lichterkette mit1080 LEDS, Lichtschlauch 15000h f\u00fcr Weihnachten, Hochzeit, Party\u2026 - Markt-XXL","og_description":"Markt-XXL DREAMADE 30M LED Lichterschlauch Au\u00dfen, Lichterkette mit1080 LEDS, Lichtschlauch 15000h f\u00fcr Weihnachten, Hochzeit, Party\u2026","og_url":"https:\/\/marktxxl.de\/markt\/produkt\/dreamade-10-20-30m-led-lichterschlauch-aussen-lichterkette-mit-360-720-1080-leds-lichtschlauch-15000h-fuer-weihnachten-hochzeit-party-und-fest\/","og_site_name":"Markt-XXL","article_modified_time":"2023-04-11T02:52:10+00:00","og_image":[{"width":500,"height":500,"url":"https:\/\/m.media-amazon.com\/images\/I\/61QA0hlm5UL._SL500_.jpg","type":"image\/jpeg"}],"twitter_card":"summary_large_image","twitter_misc":{"Gesch\u00e4tzte Lesezeit":"1\u00a0Minute"},"schema":{"@context":"https:\/\/schema.org","@graph":[{"@type":"WebPage","@id":"https:\/\/marktxxl.de\/markt\/produkt\/dreamade-10-20-30m-led-lichterschlauch-aussen-lichterkette-mit-360-720-1080-leds-lichtschlauch-15000h-fuer-weihnachten-hochzeit-party-und-fest\/","url":"https:\/\/marktxxl.de\/markt\/produkt\/dreamade-10-20-30m-led-lichterschlauch-aussen-lichterkette-mit-360-720-1080-leds-lichtschlauch-15000h-fuer-weihnachten-hochzeit-party-und-fest\/","name":"DREAMADE 30M LED Lichterschlauch Au\u00dfen, Lichterkette mit1080 LEDS, Lichtschlauch 15000h f\u00fcr Weihnachten, Hochzeit, Party\u2026 - Markt-XXL","isPartOf":{"@id":"https:\/\/marktxxl.de\/markt\/#website"},"primaryImageOfPage":{"@id":"https:\/\/marktxxl.de\/markt\/produkt\/dreamade-10-20-30m-led-lichterschlauch-aussen-lichterkette-mit-360-720-1080-leds-lichtschlauch-15000h-fuer-weihnachten-hochzeit-party-und-fest\/#primaryimage"},"image":{"@id":"https:\/\/marktxxl.de\/markt\/produkt\/dreamade-10-20-30m-led-lichterschlauch-aussen-lichterkette-mit-360-720-1080-leds-lichtschlauch-15000h-fuer-weihnachten-hochzeit-party-und-fest\/#primaryimage"},"thumbnailUrl":"https:\/\/m.media-amazon.com\/images\/I\/61QA0hlm5UL._SL500_.jpg","datePublished":"2022-11-11T07:19:35+00:00","dateModified":"2023-04-11T02:52:10+00:00","description":"Markt-XXL DREAMADE 30M LED Lichterschlauch Au\u00dfen, Lichterkette mit1080 LEDS, Lichtschlauch 15000h f\u00fcr Weihnachten, Hochzeit, Party\u2026","breadcrumb":{"@id":"https:\/\/marktxxl.de\/markt\/produkt\/dreamade-10-20-30m-led-lichterschlauch-aussen-lichterkette-mit-360-720-1080-leds-lichtschlauch-15000h-fuer-weihnachten-hochzeit-party-und-fest\/#breadcrumb"},"inLanguage":"de","potentialAction":[{"@type":"ReadAction","target":["https:\/\/marktxxl.de\/markt\/produkt\/dreamade-10-20-30m-led-lichterschlauch-aussen-lichterkette-mit-360-720-1080-leds-lichtschlauch-15000h-fuer-weihnachten-hochzeit-party-und-fest\/"]}]},{"@type":"ImageObject","inLanguage":"de","@id":"https:\/\/marktxxl.de\/markt\/produkt\/dreamade-10-20-30m-led-lichterschlauch-aussen-lichterkette-mit-360-720-1080-leds-lichtschlauch-15000h-fuer-weihnachten-hochzeit-party-und-fest\/#primaryimage","url":"https:\/\/m.media-amazon.com\/images\/I\/61QA0hlm5UL._SL500_.jpg","contentUrl":"https:\/\/m.media-amazon.com\/images\/I\/61QA0hlm5UL._SL500_.jpg","width":500,"height":500},{"@type":"BreadcrumbList","@id":"https:\/\/marktxxl.de\/markt\/produkt\/dreamade-10-20-30m-led-lichterschlauch-aussen-lichterkette-mit-360-720-1080-leds-lichtschlauch-15000h-fuer-weihnachten-hochzeit-party-und-fest\/#breadcrumb","itemListElement":[{"@type":"ListItem","position":1,"name":"Startseite","item":"https:\/\/marktxxl.de\/markt\/"},{"@type":"ListItem","position":2,"name":"Markt","item":"https:\/\/marktxxl.de\/markt\/"},{"@type":"ListItem","position":3,"name":"DREAMADE 30M LED Lichterschlauch Au\u00dfen, Lichterkette mit1080 LEDS, Lichtschlauch 15000h f\u00fcr Weihnachten, Hochzeit, Party\u2026"}]},{"@type":"WebSite","@id":"https:\/\/marktxxl.de\/markt\/#website","url":"https:\/\/marktxxl.de\/markt\/","name":"Markt-XXL","description":"Ihr Markt Online","publisher":{"@id":"https:\/\/marktxxl.de\/markt\/#organization"},"potentialAction":[{"@type":"SearchAction","target":{"@type":"EntryPoint","urlTemplate":"https:\/\/marktxxl.de\/markt\/?s={search_term_string}"},"query-input":{"@type":"PropertyValueSpecification","valueRequired":true,"valueName":"search_term_string"}}],"inLanguage":"de"},{"@type":"Organization","@id":"https:\/\/marktxxl.de\/markt\/#organization","name":"Markt-XXL","url":"https:\/\/marktxxl.de\/markt\/","logo":{"@type":"ImageObject","inLanguage":"de","@id":"https:\/\/marktxxl.de\/markt\/#\/schema\/logo\/image\/","url":"https:\/\/marktxxl.de\/markt\/wp-content\/uploads\/sites\/3\/2020\/12\/logo.png","contentUrl":"https:\/\/marktxxl.de\/markt\/wp-content\/uploads\/sites\/3\/2020\/12\/logo.png","width":200,"height":70,"caption":"Markt-XXL"},"image":{"@id":"https:\/\/marktxxl.de\/markt\/#\/schema\/logo\/image\/"}}]}},"_links":{"self":[{"href":"https:\/\/marktxxl.de\/markt\/wp-json\/wp\/v2\/product\/166637","targetHints":{"allow":["GET"]}}],"collection":[{"href":"https:\/\/marktxxl.de\/markt\/wp-json\/wp\/v2\/product"}],"about":[{"href":"https:\/\/marktxxl.de\/markt\/wp-json\/wp\/v2\/types\/product"}],"replies":[{"embeddable":true,"href":"https:\/\/marktxxl.de\/markt\/wp-json\/wp\/v2\/comments?post=166637"}],"wp:featuredmedia":[{"embeddable":true,"href":"https:\/\/marktxxl.de\/markt\/wp-json\/wp\/v2\/media\/166638"}],"wp:attachment":[{"href":"https:\/\/marktxxl.de\/markt\/wp-json\/wp\/v2\/media?parent=166637"}],"wp:term":[{"taxonomy":"product_brand","embeddable":true,"href":"https:\/\/marktxxl.de\/markt\/wp-json\/wp\/v2\/product_brand?post=166637"},{"taxonomy":"product_cat","embeddable":true,"href":"https:\/\/marktxxl.de\/markt\/wp-json\/wp\/v2\/product_cat?post=166637"},{"taxonomy":"product_tag","embeddable":true,"href":"https:\/\/marktxxl.de\/markt\/wp-json\/wp\/v2\/product_tag?post=166637"}],"curies":[{"name":"wp","href":"https:\/\/api.w.org\/{rel}","templated":true}]}}