{"id":166629,"date":"2022-11-11T08:17:47","date_gmt":"2022-11-11T07:17:47","guid":{"rendered":"https:\/\/marktxxl.de\/markt\/produkt\/cbk-ms-maritime-shabby-dekoration-holz-anker-blau-weiss-mit-seil-und-led-beleuchtung-12-leds-warmweiss\/"},"modified":"2023-04-11T04:52:10","modified_gmt":"2023-04-11T02:52:10","slug":"cbk-ms-maritime-shabby-dekoration-holz-anker-blau-weiss-mit-seil-und-led-beleuchtung-12-leds-warmweiss","status":"publish","type":"product","link":"https:\/\/marktxxl.de\/markt\/produkt\/cbk-ms-maritime-shabby-dekoration-holz-anker-blau-weiss-mit-seil-und-led-beleuchtung-12-leds-warmweiss\/","title":{"rendered":"CBK-MS. Maritime Shabby Dekoration Holz Anker blau\/Weiss mit Seil und LED Beleuchtung 12 LEDs warmweiss"},"content":{"rendered":"<p>Sie lieben Strand, Meer und maritimes Flair ? Holen sich ein bisschen maritimes Flair in den Alltag.<br \/>\nWer also das Strand-Feeling von der letzten Reise an die K\u00fcste wiederfinden m\u00f6chte, bekommt mit diesen h\u00fcbschen Produkt einen gute Hilfe. Diese maritime Deko pa\u00dft auch wunderbar zur Strand-Party und wird alle Blicke auf sich ziehen.<br \/>\nDieser Anker mit 12 LEDs eignet sich sehr sch\u00f6n f\u00fcr die maritime Dekoration in der Wohnung, im Wintergarten, Partyraum usw.<br \/>\nMit seinen 12 LEDs ist er eine wundersch\u00f6ne indirekte Beleuchtung f\u00fcr Ihre Wohnung.<br \/>\n12 LEDs &#8211; Leuchtfarbe: warm wei\u00df &#8211; Ma\u00dfe: H\u00f6he ca.33,5 cm , Breite ca. 23 cm &#8211; Material: Holz \/ Jute &#8211; Farbe: wei\u00df \/ blau &#8211; Batteriebetrieb<br \/>\n<div class=\"main-cross-sell\" data-asin=\"B07KNHDDT7\">\n\n\t<div class=\"WooZone-cross-sell-loader\">\n\t\t<div>\n\t\t\t<div id=\"floatingBarsG\">\n\t\t\t\t<div class=\"blockG\" id=\"rotateG_01\"><\/div>\n\t\t\t\t<div class=\"blockG\" id=\"rotateG_02\"><\/div>\n\t\t\t\t<div class=\"blockG\" id=\"rotateG_03\"><\/div>\n\t\t\t\t<div class=\"blockG\" id=\"rotateG_04\"><\/div>\n\t\t\t\t<div class=\"blockG\" id=\"rotateG_05\"><\/div>\n\t\t\t\t<div class=\"blockG\" id=\"rotateG_06\"><\/div>\n\t\t\t\t<div class=\"blockG\" id=\"rotateG_07\"><\/div>\n\t\t\t\t<div class=\"blockG\" id=\"rotateG_08\"><\/div>\n\t\t\t<\/div>\n\t\t\t<div class=\"WooZone-cross-sell-loader-text\"><\/div>\n\t\t<\/div>\n\t<\/div>\n\n\t\t\n<\/div>\n<div style=\"clear:both;\"><\/div><\/p>\n","protected":false},"excerpt":{"rendered":"<p>Sie lieben Strand, Meer und maritimes Flair ? Holen sich ein bisschen maritimes Flair in den Alltag.<br \/>\nWer also das Strand-Feeling von der letzten Reise an die K\u00fcste wiederfinden m\u00f6chte, bekommt mit diesen h\u00fcbschen Produkt einen gute Hilfe. Diese maritime Deko pa\u00dft auch wunderbar zur Strand-Party und wird alle Blicke auf sich ziehen.<br \/>\nDieser Anker mit 12 LEDs eignet sich sehr sch\u00f6n f\u00fcr die maritime Dekoration in der Wohnung, im Wintergarten, Partyraum usw.<\/p>\n","protected":false},"featured_media":166630,"comment_status":"open","ping_status":"closed","template":"","meta":[],"product_brand":[],"product_cat":[2108,15623],"product_tag":[],"class_list":{"0":"post-166629","1":"product","2":"type-product","3":"status-publish","4":"has-post-thumbnail","6":"product_cat-beleuchtung","7":"product_cat-lichtschlaeuche","8":"pa_binding-haushaltswaren","9":"pa_brand-cbk-ms","10":"pa_manufacturer-ootb","12":"first","13":"instock","14":"shipping-taxable","15":"purchasable","16":"product-type-simple","17":"customify-col","18":"product-has-gallery"},"yoast_head":"<!-- This site is optimized with the Yoast SEO plugin v27.4 - https:\/\/yoast.com\/product\/yoast-seo-wordpress\/ -->\n<title>CBK-MS. Maritime Shabby Dekoration Holz Anker blau\/Weiss mit Seil und LED Beleuchtung 12 LEDs warmweiss - Markt-XXL<\/title>\n<meta name=\"description\" content=\"Markt-XXL CBK-MS. Maritime Shabby Dekoration Holz Anker blau\/Weiss mit Seil und LED Beleuchtung 12 LEDs warmweiss\" \/>\n<meta name=\"robots\" content=\"index, follow, max-snippet:-1, max-image-preview:large, max-video-preview:-1\" \/>\n<link rel=\"canonical\" href=\"https:\/\/marktxxl.de\/markt\/produkt\/cbk-ms-maritime-shabby-dekoration-holz-anker-blau-weiss-mit-seil-und-led-beleuchtung-12-leds-warmweiss\/\" \/>\n<meta property=\"og:locale\" content=\"de_DE\" \/>\n<meta property=\"og:type\" content=\"article\" \/>\n<meta property=\"og:title\" content=\"CBK-MS. Maritime Shabby Dekoration Holz Anker blau\/Weiss mit Seil und LED Beleuchtung 12 LEDs warmweiss - Markt-XXL\" \/>\n<meta property=\"og:description\" content=\"Markt-XXL CBK-MS. Maritime Shabby Dekoration Holz Anker blau\/Weiss mit Seil und LED Beleuchtung 12 LEDs warmweiss\" \/>\n<meta property=\"og:url\" content=\"https:\/\/marktxxl.de\/markt\/produkt\/cbk-ms-maritime-shabby-dekoration-holz-anker-blau-weiss-mit-seil-und-led-beleuchtung-12-leds-warmweiss\/\" \/>\n<meta property=\"og:site_name\" content=\"Markt-XXL\" \/>\n<meta property=\"article:modified_time\" content=\"2023-04-11T02:52:10+00:00\" \/>\n<meta property=\"og:image\" content=\"https:\/\/m.media-amazon.com\/images\/I\/41IxpFPMr2L._SL500_.jpg\" \/>\n\t<meta property=\"og:image:width\" content=\"367\" \/>\n\t<meta property=\"og:image:height\" content=\"500\" \/>\n\t<meta property=\"og:image:type\" content=\"image\/jpeg\" \/>\n<meta name=\"twitter:card\" content=\"summary_large_image\" \/>\n<meta name=\"twitter:label1\" content=\"Gesch\u00e4tzte Lesezeit\" \/>\n\t<meta name=\"twitter:data1\" content=\"1\u00a0Minute\" \/>\n<script type=\"application\/ld+json\" class=\"yoast-schema-graph\">{\"@context\":\"https:\\\/\\\/schema.org\",\"@graph\":[{\"@type\":\"WebPage\",\"@id\":\"https:\\\/\\\/marktxxl.de\\\/markt\\\/produkt\\\/cbk-ms-maritime-shabby-dekoration-holz-anker-blau-weiss-mit-seil-und-led-beleuchtung-12-leds-warmweiss\\\/\",\"url\":\"https:\\\/\\\/marktxxl.de\\\/markt\\\/produkt\\\/cbk-ms-maritime-shabby-dekoration-holz-anker-blau-weiss-mit-seil-und-led-beleuchtung-12-leds-warmweiss\\\/\",\"name\":\"CBK-MS. Maritime Shabby Dekoration Holz Anker blau\\\/Weiss mit Seil und LED Beleuchtung 12 LEDs warmweiss - Markt-XXL\",\"isPartOf\":{\"@id\":\"https:\\\/\\\/marktxxl.de\\\/markt\\\/#website\"},\"primaryImageOfPage\":{\"@id\":\"https:\\\/\\\/marktxxl.de\\\/markt\\\/produkt\\\/cbk-ms-maritime-shabby-dekoration-holz-anker-blau-weiss-mit-seil-und-led-beleuchtung-12-leds-warmweiss\\\/#primaryimage\"},\"image\":{\"@id\":\"https:\\\/\\\/marktxxl.de\\\/markt\\\/produkt\\\/cbk-ms-maritime-shabby-dekoration-holz-anker-blau-weiss-mit-seil-und-led-beleuchtung-12-leds-warmweiss\\\/#primaryimage\"},\"thumbnailUrl\":\"https:\\\/\\\/m.media-amazon.com\\\/images\\\/I\\\/41IxpFPMr2L._SL500_.jpg\",\"datePublished\":\"2022-11-11T07:17:47+00:00\",\"dateModified\":\"2023-04-11T02:52:10+00:00\",\"description\":\"Markt-XXL CBK-MS. Maritime Shabby Dekoration Holz Anker blau\\\/Weiss mit Seil und LED Beleuchtung 12 LEDs warmweiss\",\"breadcrumb\":{\"@id\":\"https:\\\/\\\/marktxxl.de\\\/markt\\\/produkt\\\/cbk-ms-maritime-shabby-dekoration-holz-anker-blau-weiss-mit-seil-und-led-beleuchtung-12-leds-warmweiss\\\/#breadcrumb\"},\"inLanguage\":\"de\",\"potentialAction\":[{\"@type\":\"ReadAction\",\"target\":[\"https:\\\/\\\/marktxxl.de\\\/markt\\\/produkt\\\/cbk-ms-maritime-shabby-dekoration-holz-anker-blau-weiss-mit-seil-und-led-beleuchtung-12-leds-warmweiss\\\/\"]}]},{\"@type\":\"ImageObject\",\"inLanguage\":\"de\",\"@id\":\"https:\\\/\\\/marktxxl.de\\\/markt\\\/produkt\\\/cbk-ms-maritime-shabby-dekoration-holz-anker-blau-weiss-mit-seil-und-led-beleuchtung-12-leds-warmweiss\\\/#primaryimage\",\"url\":\"https:\\\/\\\/m.media-amazon.com\\\/images\\\/I\\\/41IxpFPMr2L._SL500_.jpg\",\"contentUrl\":\"https:\\\/\\\/m.media-amazon.com\\\/images\\\/I\\\/41IxpFPMr2L._SL500_.jpg\",\"width\":367,\"height\":500},{\"@type\":\"BreadcrumbList\",\"@id\":\"https:\\\/\\\/marktxxl.de\\\/markt\\\/produkt\\\/cbk-ms-maritime-shabby-dekoration-holz-anker-blau-weiss-mit-seil-und-led-beleuchtung-12-leds-warmweiss\\\/#breadcrumb\",\"itemListElement\":[{\"@type\":\"ListItem\",\"position\":1,\"name\":\"Startseite\",\"item\":\"https:\\\/\\\/marktxxl.de\\\/markt\\\/\"},{\"@type\":\"ListItem\",\"position\":2,\"name\":\"Markt\",\"item\":\"https:\\\/\\\/marktxxl.de\\\/markt\\\/\"},{\"@type\":\"ListItem\",\"position\":3,\"name\":\"CBK-MS. Maritime Shabby Dekoration Holz Anker blau\\\/Weiss mit Seil und LED Beleuchtung 12 LEDs warmweiss\"}]},{\"@type\":\"WebSite\",\"@id\":\"https:\\\/\\\/marktxxl.de\\\/markt\\\/#website\",\"url\":\"https:\\\/\\\/marktxxl.de\\\/markt\\\/\",\"name\":\"Markt-XXL\",\"description\":\"Ihr Markt Online\",\"publisher\":{\"@id\":\"https:\\\/\\\/marktxxl.de\\\/markt\\\/#organization\"},\"potentialAction\":[{\"@type\":\"SearchAction\",\"target\":{\"@type\":\"EntryPoint\",\"urlTemplate\":\"https:\\\/\\\/marktxxl.de\\\/markt\\\/?s={search_term_string}\"},\"query-input\":{\"@type\":\"PropertyValueSpecification\",\"valueRequired\":true,\"valueName\":\"search_term_string\"}}],\"inLanguage\":\"de\"},{\"@type\":\"Organization\",\"@id\":\"https:\\\/\\\/marktxxl.de\\\/markt\\\/#organization\",\"name\":\"Markt-XXL\",\"url\":\"https:\\\/\\\/marktxxl.de\\\/markt\\\/\",\"logo\":{\"@type\":\"ImageObject\",\"inLanguage\":\"de\",\"@id\":\"https:\\\/\\\/marktxxl.de\\\/markt\\\/#\\\/schema\\\/logo\\\/image\\\/\",\"url\":\"https:\\\/\\\/marktxxl.de\\\/markt\\\/wp-content\\\/uploads\\\/sites\\\/3\\\/2020\\\/12\\\/logo.png\",\"contentUrl\":\"https:\\\/\\\/marktxxl.de\\\/markt\\\/wp-content\\\/uploads\\\/sites\\\/3\\\/2020\\\/12\\\/logo.png\",\"width\":200,\"height\":70,\"caption\":\"Markt-XXL\"},\"image\":{\"@id\":\"https:\\\/\\\/marktxxl.de\\\/markt\\\/#\\\/schema\\\/logo\\\/image\\\/\"}}]}<\/script>\n<!-- \/ Yoast SEO plugin. -->","yoast_head_json":{"title":"CBK-MS. Maritime Shabby Dekoration Holz Anker blau\/Weiss mit Seil und LED Beleuchtung 12 LEDs warmweiss - Markt-XXL","description":"Markt-XXL CBK-MS. Maritime Shabby Dekoration Holz Anker blau\/Weiss mit Seil und LED Beleuchtung 12 LEDs warmweiss","robots":{"index":"index","follow":"follow","max-snippet":"max-snippet:-1","max-image-preview":"max-image-preview:large","max-video-preview":"max-video-preview:-1"},"canonical":"https:\/\/marktxxl.de\/markt\/produkt\/cbk-ms-maritime-shabby-dekoration-holz-anker-blau-weiss-mit-seil-und-led-beleuchtung-12-leds-warmweiss\/","og_locale":"de_DE","og_type":"article","og_title":"CBK-MS. Maritime Shabby Dekoration Holz Anker blau\/Weiss mit Seil und LED Beleuchtung 12 LEDs warmweiss - Markt-XXL","og_description":"Markt-XXL CBK-MS. Maritime Shabby Dekoration Holz Anker blau\/Weiss mit Seil und LED Beleuchtung 12 LEDs warmweiss","og_url":"https:\/\/marktxxl.de\/markt\/produkt\/cbk-ms-maritime-shabby-dekoration-holz-anker-blau-weiss-mit-seil-und-led-beleuchtung-12-leds-warmweiss\/","og_site_name":"Markt-XXL","article_modified_time":"2023-04-11T02:52:10+00:00","og_image":[{"width":367,"height":500,"url":"https:\/\/m.media-amazon.com\/images\/I\/41IxpFPMr2L._SL500_.jpg","type":"image\/jpeg"}],"twitter_card":"summary_large_image","twitter_misc":{"Gesch\u00e4tzte Lesezeit":"1\u00a0Minute"},"schema":{"@context":"https:\/\/schema.org","@graph":[{"@type":"WebPage","@id":"https:\/\/marktxxl.de\/markt\/produkt\/cbk-ms-maritime-shabby-dekoration-holz-anker-blau-weiss-mit-seil-und-led-beleuchtung-12-leds-warmweiss\/","url":"https:\/\/marktxxl.de\/markt\/produkt\/cbk-ms-maritime-shabby-dekoration-holz-anker-blau-weiss-mit-seil-und-led-beleuchtung-12-leds-warmweiss\/","name":"CBK-MS. Maritime Shabby Dekoration Holz Anker blau\/Weiss mit Seil und LED Beleuchtung 12 LEDs warmweiss - Markt-XXL","isPartOf":{"@id":"https:\/\/marktxxl.de\/markt\/#website"},"primaryImageOfPage":{"@id":"https:\/\/marktxxl.de\/markt\/produkt\/cbk-ms-maritime-shabby-dekoration-holz-anker-blau-weiss-mit-seil-und-led-beleuchtung-12-leds-warmweiss\/#primaryimage"},"image":{"@id":"https:\/\/marktxxl.de\/markt\/produkt\/cbk-ms-maritime-shabby-dekoration-holz-anker-blau-weiss-mit-seil-und-led-beleuchtung-12-leds-warmweiss\/#primaryimage"},"thumbnailUrl":"https:\/\/m.media-amazon.com\/images\/I\/41IxpFPMr2L._SL500_.jpg","datePublished":"2022-11-11T07:17:47+00:00","dateModified":"2023-04-11T02:52:10+00:00","description":"Markt-XXL CBK-MS. Maritime Shabby Dekoration Holz Anker blau\/Weiss mit Seil und LED Beleuchtung 12 LEDs warmweiss","breadcrumb":{"@id":"https:\/\/marktxxl.de\/markt\/produkt\/cbk-ms-maritime-shabby-dekoration-holz-anker-blau-weiss-mit-seil-und-led-beleuchtung-12-leds-warmweiss\/#breadcrumb"},"inLanguage":"de","potentialAction":[{"@type":"ReadAction","target":["https:\/\/marktxxl.de\/markt\/produkt\/cbk-ms-maritime-shabby-dekoration-holz-anker-blau-weiss-mit-seil-und-led-beleuchtung-12-leds-warmweiss\/"]}]},{"@type":"ImageObject","inLanguage":"de","@id":"https:\/\/marktxxl.de\/markt\/produkt\/cbk-ms-maritime-shabby-dekoration-holz-anker-blau-weiss-mit-seil-und-led-beleuchtung-12-leds-warmweiss\/#primaryimage","url":"https:\/\/m.media-amazon.com\/images\/I\/41IxpFPMr2L._SL500_.jpg","contentUrl":"https:\/\/m.media-amazon.com\/images\/I\/41IxpFPMr2L._SL500_.jpg","width":367,"height":500},{"@type":"BreadcrumbList","@id":"https:\/\/marktxxl.de\/markt\/produkt\/cbk-ms-maritime-shabby-dekoration-holz-anker-blau-weiss-mit-seil-und-led-beleuchtung-12-leds-warmweiss\/#breadcrumb","itemListElement":[{"@type":"ListItem","position":1,"name":"Startseite","item":"https:\/\/marktxxl.de\/markt\/"},{"@type":"ListItem","position":2,"name":"Markt","item":"https:\/\/marktxxl.de\/markt\/"},{"@type":"ListItem","position":3,"name":"CBK-MS. Maritime Shabby Dekoration Holz Anker blau\/Weiss mit Seil und LED Beleuchtung 12 LEDs warmweiss"}]},{"@type":"WebSite","@id":"https:\/\/marktxxl.de\/markt\/#website","url":"https:\/\/marktxxl.de\/markt\/","name":"Markt-XXL","description":"Ihr Markt Online","publisher":{"@id":"https:\/\/marktxxl.de\/markt\/#organization"},"potentialAction":[{"@type":"SearchAction","target":{"@type":"EntryPoint","urlTemplate":"https:\/\/marktxxl.de\/markt\/?s={search_term_string}"},"query-input":{"@type":"PropertyValueSpecification","valueRequired":true,"valueName":"search_term_string"}}],"inLanguage":"de"},{"@type":"Organization","@id":"https:\/\/marktxxl.de\/markt\/#organization","name":"Markt-XXL","url":"https:\/\/marktxxl.de\/markt\/","logo":{"@type":"ImageObject","inLanguage":"de","@id":"https:\/\/marktxxl.de\/markt\/#\/schema\/logo\/image\/","url":"https:\/\/marktxxl.de\/markt\/wp-content\/uploads\/sites\/3\/2020\/12\/logo.png","contentUrl":"https:\/\/marktxxl.de\/markt\/wp-content\/uploads\/sites\/3\/2020\/12\/logo.png","width":200,"height":70,"caption":"Markt-XXL"},"image":{"@id":"https:\/\/marktxxl.de\/markt\/#\/schema\/logo\/image\/"}}]}},"_links":{"self":[{"href":"https:\/\/marktxxl.de\/markt\/wp-json\/wp\/v2\/product\/166629","targetHints":{"allow":["GET"]}}],"collection":[{"href":"https:\/\/marktxxl.de\/markt\/wp-json\/wp\/v2\/product"}],"about":[{"href":"https:\/\/marktxxl.de\/markt\/wp-json\/wp\/v2\/types\/product"}],"replies":[{"embeddable":true,"href":"https:\/\/marktxxl.de\/markt\/wp-json\/wp\/v2\/comments?post=166629"}],"wp:featuredmedia":[{"embeddable":true,"href":"https:\/\/marktxxl.de\/markt\/wp-json\/wp\/v2\/media\/166630"}],"wp:attachment":[{"href":"https:\/\/marktxxl.de\/markt\/wp-json\/wp\/v2\/media?parent=166629"}],"wp:term":[{"taxonomy":"product_brand","embeddable":true,"href":"https:\/\/marktxxl.de\/markt\/wp-json\/wp\/v2\/product_brand?post=166629"},{"taxonomy":"product_cat","embeddable":true,"href":"https:\/\/marktxxl.de\/markt\/wp-json\/wp\/v2\/product_cat?post=166629"},{"taxonomy":"product_tag","embeddable":true,"href":"https:\/\/marktxxl.de\/markt\/wp-json\/wp\/v2\/product_tag?post=166629"}],"curies":[{"name":"wp","href":"https:\/\/api.w.org\/{rel}","templated":true}]}}