{"id":166394,"date":"2022-11-11T07:45:21","date_gmt":"2022-11-11T06:45:21","guid":{"rendered":"https:\/\/marktxxl.de\/markt\/produkt\/moxled-solar-flammenlicht-4-stueck-solarleuchten-fuer-aussen-garten-mit-realistischen-fackeln-und-automatische-ein-aus-ip65-wasserdichte-solarlampen-fuer-aussen-hinterhoefe-gaerten-rasen-beleucht\/"},"modified":"2023-04-11T04:52:06","modified_gmt":"2023-04-11T02:52:06","slug":"moxled-solar-flammenlicht-4-stueck-solarleuchten-fuer-aussen-garten-mit-realistischen-fackeln-und-automatische-ein-aus-ip65-wasserdichte-solarlampen-fuer-aussen-hinterhoefe-gaerten-rasen-beleucht","status":"publish","type":"product","link":"https:\/\/marktxxl.de\/markt\/produkt\/moxled-solar-flammenlicht-4-stueck-solarleuchten-fuer-aussen-garten-mit-realistischen-fackeln-und-automatische-ein-aus-ip65-wasserdichte-solarlampen-fuer-aussen-hinterhoefe-gaerten-rasen-beleucht\/","title":{"rendered":"Moxled Solar Flammenlicht, 4 St\u00fcck Solarleuchten f\u00fcr Au\u00dfen Garten mit Realistischen Fackeln und Automatische Ein\/Aus\u2026"},"content":{"rendered":"<p>\ud83d\udd25\u3010Solarleuchten f\u00fcr Au\u00dfen Garten\u3011Moxled Solarleuchten Garten mit 33 LEDs bietet Ihnen einen realistischen flackernden Flammen Effekt. Jede Leuchte flackert warmwei\u00df Lichter, imitiert extrem realistische und nat\u00fcrliche Tanzflammen. Mit der hellen Strahlung ist sie ein optimaler Begleiter f\u00fcr die Veranstaltungen im Freien wie die Familienfeiern, Grillpartys und Campings.<br \/>\n\ud83d\udd25\u3010Solarlampen mit Automatisches EIN\/Aus\u3011Dieses solarlampen f\u00fcr au\u00dfen sammelt den ganzen Tag Sonnenenergie unter direkter Sonneneinstrahlung, schaltet sich dann in der D\u00e4mmerung automatisch ein und im Morgengrauen aus.<br \/>\n\ud83d\udd25\u3010IP65 Wasserdicht und Weit Verbreitete\u3011Hergestellt aus hochwertigem ABS Kunststoff sind die kompakten solar fackeln, Entworfen mit schutzart ip65, die das ganze Jahr \u00fcber allen Wetterbedingungen standhalten. Sie k\u00f6nnen es in Wege, Pool, Garten, Bank, Terrasse, Zaun, Deck, Party, Grillfeste, Camping, Hochzeit oder jeder outdoor-umgebung verwenden.<br \/>\n\ud83d\udd25\u3010Einfach zu Installieren\u3011Keine Verkabelung, Vor dem Einsetzen in den Boden dr\u00fccken Sie bitte die Taste &#8220;ON&#8221; auf der R\u00fcckseite. Installieren Sie es einfach auf Rasen, Balkon, Hinterhof, Jeder Ort, an dem Sie die Sonne bekommen k\u00f6nnen, der eine direkte Sonneneinstrahlung auf dem Panel erm\u00f6glicht. Jede solarlampen f\u00fcr au\u00dfen garten &#8220;brennt&#8221; bis zu 8-10 Stunden, nachdem sie 6-8 Stunden lang aufgeladen wurde (Die Arbeitszeit wird an Wintertagen verk\u00fcrzt).<br \/>\n\ud83d\udd25\u3010Kundenservice\u3011Wir bieten 30 tage volle r\u00fcckerstattung und 12 monate qualit\u00e4tsgarantie und 24 stunden freundlicher kundendienst. Wenn sie probleme mit ihrem Solar Flammenlicht, z\u00f6gern sie nicht, uns zu kontaktieren. Wir werden unser Bestes geben, um Ihnen ein angenehmes Einkaufserlebnis zu garantieren.<br \/>\n<div class=\"main-cross-sell\" data-asin=\"B09PFZ6QQW\">\n\n\t<div class=\"WooZone-cross-sell-loader\">\n\t\t<div>\n\t\t\t<div id=\"floatingBarsG\">\n\t\t\t\t<div class=\"blockG\" id=\"rotateG_01\"><\/div>\n\t\t\t\t<div class=\"blockG\" id=\"rotateG_02\"><\/div>\n\t\t\t\t<div class=\"blockG\" id=\"rotateG_03\"><\/div>\n\t\t\t\t<div class=\"blockG\" id=\"rotateG_04\"><\/div>\n\t\t\t\t<div class=\"blockG\" id=\"rotateG_05\"><\/div>\n\t\t\t\t<div class=\"blockG\" id=\"rotateG_06\"><\/div>\n\t\t\t\t<div class=\"blockG\" id=\"rotateG_07\"><\/div>\n\t\t\t\t<div class=\"blockG\" id=\"rotateG_08\"><\/div>\n\t\t\t<\/div>\n\t\t\t<div class=\"WooZone-cross-sell-loader-text\"><\/div>\n\t\t<\/div>\n\t<\/div>\n\n\t\t\n<\/div>\n<div style=\"clear:both;\"><\/div><\/p>\n","protected":false},"excerpt":{"rendered":"<p>\ud83d\udd25\u3010Solarleuchten f\u00fcr Au\u00dfen Garten\u3011Moxled Solarleuchten Garten mit 33 LEDs bietet Ihnen einen realistischen flackernden Flammen Effekt. Jede Leuchte flackert warmwei\u00df Lichter, imitiert extrem realistische und nat\u00fcrliche Tanzflammen. Mit der hellen Strahlung ist sie ein optimaler Begleiter f\u00fcr die Veranstaltungen im Freien wie die Familienfeiern, Grillpartys und Campings.<br \/>\n\ud83d\udd25\u3010Solarlampen mit Automatisches EIN\/Aus\u3011Dieses solarlampen f\u00fcr au\u00dfen sammelt den ganzen Tag Sonnenenergie unter direkter Sonneneinstrahlung, schaltet sich dann in der D\u00e4mmerung automatisch ein und im Morgengrauen aus.<br \/>\n\ud83d\udd25\u3010IP65 Wasserdicht und Weit Verbreitete\u3011Hergestellt aus hochwertigem ABS Kunststoff sind die kompakten solar fackeln, Entworfen mit schutzart ip65, die das ganze Jahr \u00fcber allen Wetterbedingungen standhalten. Sie k\u00f6nnen es in Wege, Pool, Garten, Bank, Terrasse, Zaun, Deck, Party, Grillfeste, Camping, Hochzeit oder jeder outdoor-umgebung verwenden.<\/p>\n","protected":false},"featured_media":166395,"comment_status":"open","ping_status":"closed","template":"","meta":[],"product_brand":[],"product_cat":[11446,2108],"product_tag":[],"class_list":{"0":"post-166394","1":"product","2":"type-product","3":"status-publish","4":"has-post-thumbnail","6":"product_cat-aussenbeleuchtung","7":"product_cat-beleuchtung","8":"pa_brand-moxled","9":"pa_manufacturer-moxled","10":"pa_model-25199","11":"pa_size-60cm","12":"pa_weight-1-0141264052-pfund","14":"first","15":"instock","16":"shipping-taxable","17":"purchasable","18":"product-type-simple","19":"customify-col","20":"product-has-gallery"},"yoast_head":"<!-- This site is optimized with the Yoast SEO plugin v27.4 - https:\/\/yoast.com\/product\/yoast-seo-wordpress\/ -->\n<title>Moxled Solar Flammenlicht, 4 St\u00fcck Solarleuchten f\u00fcr Au\u00dfen Garten mit Realistischen Fackeln und Automatische Ein\/Aus\u2026 - Markt-XXL<\/title>\n<meta name=\"description\" content=\"Markt-XXL Moxled Solar Flammenlicht, 4 St\u00fcck Solarleuchten f\u00fcr Au\u00dfen Garten mit Realistischen Fackeln und Automatische Ein\/Aus\u2026\" \/>\n<meta name=\"robots\" content=\"index, follow, max-snippet:-1, max-image-preview:large, max-video-preview:-1\" \/>\n<link rel=\"canonical\" href=\"https:\/\/marktxxl.de\/markt\/produkt\/moxled-solar-flammenlicht-4-stueck-solarleuchten-fuer-aussen-garten-mit-realistischen-fackeln-und-automatische-ein-aus-ip65-wasserdichte-solarlampen-fuer-aussen-hinterhoefe-gaerten-rasen-beleucht\/\" \/>\n<meta property=\"og:locale\" content=\"de_DE\" \/>\n<meta property=\"og:type\" content=\"article\" \/>\n<meta property=\"og:title\" content=\"Moxled Solar Flammenlicht, 4 St\u00fcck Solarleuchten f\u00fcr Au\u00dfen Garten mit Realistischen Fackeln und Automatische Ein\/Aus\u2026 - Markt-XXL\" \/>\n<meta property=\"og:description\" content=\"Markt-XXL Moxled Solar Flammenlicht, 4 St\u00fcck Solarleuchten f\u00fcr Au\u00dfen Garten mit Realistischen Fackeln und Automatische Ein\/Aus\u2026\" \/>\n<meta property=\"og:url\" content=\"https:\/\/marktxxl.de\/markt\/produkt\/moxled-solar-flammenlicht-4-stueck-solarleuchten-fuer-aussen-garten-mit-realistischen-fackeln-und-automatische-ein-aus-ip65-wasserdichte-solarlampen-fuer-aussen-hinterhoefe-gaerten-rasen-beleucht\/\" \/>\n<meta property=\"og:site_name\" content=\"Markt-XXL\" \/>\n<meta property=\"article:modified_time\" content=\"2023-04-11T02:52:06+00:00\" \/>\n<meta property=\"og:image\" content=\"https:\/\/m.media-amazon.com\/images\/I\/614kRjce1yL._SL500_.jpg\" \/>\n\t<meta property=\"og:image:width\" content=\"500\" \/>\n\t<meta property=\"og:image:height\" content=\"500\" \/>\n\t<meta property=\"og:image:type\" content=\"image\/jpeg\" \/>\n<meta name=\"twitter:card\" content=\"summary_large_image\" \/>\n<meta name=\"twitter:label1\" content=\"Gesch\u00e4tzte Lesezeit\" \/>\n\t<meta name=\"twitter:data1\" content=\"1\u00a0Minute\" \/>\n<script type=\"application\/ld+json\" class=\"yoast-schema-graph\">{\"@context\":\"https:\\\/\\\/schema.org\",\"@graph\":[{\"@type\":\"WebPage\",\"@id\":\"https:\\\/\\\/marktxxl.de\\\/markt\\\/produkt\\\/moxled-solar-flammenlicht-4-stueck-solarleuchten-fuer-aussen-garten-mit-realistischen-fackeln-und-automatische-ein-aus-ip65-wasserdichte-solarlampen-fuer-aussen-hinterhoefe-gaerten-rasen-beleucht\\\/\",\"url\":\"https:\\\/\\\/marktxxl.de\\\/markt\\\/produkt\\\/moxled-solar-flammenlicht-4-stueck-solarleuchten-fuer-aussen-garten-mit-realistischen-fackeln-und-automatische-ein-aus-ip65-wasserdichte-solarlampen-fuer-aussen-hinterhoefe-gaerten-rasen-beleucht\\\/\",\"name\":\"Moxled Solar Flammenlicht, 4 St\u00fcck Solarleuchten f\u00fcr Au\u00dfen Garten mit Realistischen Fackeln und Automatische Ein\\\/Aus\u2026 - Markt-XXL\",\"isPartOf\":{\"@id\":\"https:\\\/\\\/marktxxl.de\\\/markt\\\/#website\"},\"primaryImageOfPage\":{\"@id\":\"https:\\\/\\\/marktxxl.de\\\/markt\\\/produkt\\\/moxled-solar-flammenlicht-4-stueck-solarleuchten-fuer-aussen-garten-mit-realistischen-fackeln-und-automatische-ein-aus-ip65-wasserdichte-solarlampen-fuer-aussen-hinterhoefe-gaerten-rasen-beleucht\\\/#primaryimage\"},\"image\":{\"@id\":\"https:\\\/\\\/marktxxl.de\\\/markt\\\/produkt\\\/moxled-solar-flammenlicht-4-stueck-solarleuchten-fuer-aussen-garten-mit-realistischen-fackeln-und-automatische-ein-aus-ip65-wasserdichte-solarlampen-fuer-aussen-hinterhoefe-gaerten-rasen-beleucht\\\/#primaryimage\"},\"thumbnailUrl\":\"https:\\\/\\\/m.media-amazon.com\\\/images\\\/I\\\/614kRjce1yL._SL500_.jpg\",\"datePublished\":\"2022-11-11T06:45:21+00:00\",\"dateModified\":\"2023-04-11T02:52:06+00:00\",\"description\":\"Markt-XXL Moxled Solar Flammenlicht, 4 St\u00fcck Solarleuchten f\u00fcr Au\u00dfen Garten mit Realistischen Fackeln und Automatische Ein\\\/Aus\u2026\",\"breadcrumb\":{\"@id\":\"https:\\\/\\\/marktxxl.de\\\/markt\\\/produkt\\\/moxled-solar-flammenlicht-4-stueck-solarleuchten-fuer-aussen-garten-mit-realistischen-fackeln-und-automatische-ein-aus-ip65-wasserdichte-solarlampen-fuer-aussen-hinterhoefe-gaerten-rasen-beleucht\\\/#breadcrumb\"},\"inLanguage\":\"de\",\"potentialAction\":[{\"@type\":\"ReadAction\",\"target\":[\"https:\\\/\\\/marktxxl.de\\\/markt\\\/produkt\\\/moxled-solar-flammenlicht-4-stueck-solarleuchten-fuer-aussen-garten-mit-realistischen-fackeln-und-automatische-ein-aus-ip65-wasserdichte-solarlampen-fuer-aussen-hinterhoefe-gaerten-rasen-beleucht\\\/\"]}]},{\"@type\":\"ImageObject\",\"inLanguage\":\"de\",\"@id\":\"https:\\\/\\\/marktxxl.de\\\/markt\\\/produkt\\\/moxled-solar-flammenlicht-4-stueck-solarleuchten-fuer-aussen-garten-mit-realistischen-fackeln-und-automatische-ein-aus-ip65-wasserdichte-solarlampen-fuer-aussen-hinterhoefe-gaerten-rasen-beleucht\\\/#primaryimage\",\"url\":\"https:\\\/\\\/m.media-amazon.com\\\/images\\\/I\\\/614kRjce1yL._SL500_.jpg\",\"contentUrl\":\"https:\\\/\\\/m.media-amazon.com\\\/images\\\/I\\\/614kRjce1yL._SL500_.jpg\",\"width\":500,\"height\":500},{\"@type\":\"BreadcrumbList\",\"@id\":\"https:\\\/\\\/marktxxl.de\\\/markt\\\/produkt\\\/moxled-solar-flammenlicht-4-stueck-solarleuchten-fuer-aussen-garten-mit-realistischen-fackeln-und-automatische-ein-aus-ip65-wasserdichte-solarlampen-fuer-aussen-hinterhoefe-gaerten-rasen-beleucht\\\/#breadcrumb\",\"itemListElement\":[{\"@type\":\"ListItem\",\"position\":1,\"name\":\"Startseite\",\"item\":\"https:\\\/\\\/marktxxl.de\\\/markt\\\/\"},{\"@type\":\"ListItem\",\"position\":2,\"name\":\"Markt\",\"item\":\"https:\\\/\\\/marktxxl.de\\\/markt\\\/\"},{\"@type\":\"ListItem\",\"position\":3,\"name\":\"Moxled Solar Flammenlicht, 4 St\u00fcck Solarleuchten f\u00fcr Au\u00dfen Garten mit Realistischen Fackeln und Automatische Ein\\\/Aus\u2026\"}]},{\"@type\":\"WebSite\",\"@id\":\"https:\\\/\\\/marktxxl.de\\\/markt\\\/#website\",\"url\":\"https:\\\/\\\/marktxxl.de\\\/markt\\\/\",\"name\":\"Markt-XXL\",\"description\":\"Ihr Markt Online\",\"publisher\":{\"@id\":\"https:\\\/\\\/marktxxl.de\\\/markt\\\/#organization\"},\"potentialAction\":[{\"@type\":\"SearchAction\",\"target\":{\"@type\":\"EntryPoint\",\"urlTemplate\":\"https:\\\/\\\/marktxxl.de\\\/markt\\\/?s={search_term_string}\"},\"query-input\":{\"@type\":\"PropertyValueSpecification\",\"valueRequired\":true,\"valueName\":\"search_term_string\"}}],\"inLanguage\":\"de\"},{\"@type\":\"Organization\",\"@id\":\"https:\\\/\\\/marktxxl.de\\\/markt\\\/#organization\",\"name\":\"Markt-XXL\",\"url\":\"https:\\\/\\\/marktxxl.de\\\/markt\\\/\",\"logo\":{\"@type\":\"ImageObject\",\"inLanguage\":\"de\",\"@id\":\"https:\\\/\\\/marktxxl.de\\\/markt\\\/#\\\/schema\\\/logo\\\/image\\\/\",\"url\":\"https:\\\/\\\/marktxxl.de\\\/markt\\\/wp-content\\\/uploads\\\/sites\\\/3\\\/2020\\\/12\\\/logo.png\",\"contentUrl\":\"https:\\\/\\\/marktxxl.de\\\/markt\\\/wp-content\\\/uploads\\\/sites\\\/3\\\/2020\\\/12\\\/logo.png\",\"width\":200,\"height\":70,\"caption\":\"Markt-XXL\"},\"image\":{\"@id\":\"https:\\\/\\\/marktxxl.de\\\/markt\\\/#\\\/schema\\\/logo\\\/image\\\/\"}}]}<\/script>\n<!-- \/ Yoast SEO plugin. -->","yoast_head_json":{"title":"Moxled Solar Flammenlicht, 4 St\u00fcck Solarleuchten f\u00fcr Au\u00dfen Garten mit Realistischen Fackeln und Automatische Ein\/Aus\u2026 - Markt-XXL","description":"Markt-XXL Moxled Solar Flammenlicht, 4 St\u00fcck Solarleuchten f\u00fcr Au\u00dfen Garten mit Realistischen Fackeln und Automatische Ein\/Aus\u2026","robots":{"index":"index","follow":"follow","max-snippet":"max-snippet:-1","max-image-preview":"max-image-preview:large","max-video-preview":"max-video-preview:-1"},"canonical":"https:\/\/marktxxl.de\/markt\/produkt\/moxled-solar-flammenlicht-4-stueck-solarleuchten-fuer-aussen-garten-mit-realistischen-fackeln-und-automatische-ein-aus-ip65-wasserdichte-solarlampen-fuer-aussen-hinterhoefe-gaerten-rasen-beleucht\/","og_locale":"de_DE","og_type":"article","og_title":"Moxled Solar Flammenlicht, 4 St\u00fcck Solarleuchten f\u00fcr Au\u00dfen Garten mit Realistischen Fackeln und Automatische Ein\/Aus\u2026 - Markt-XXL","og_description":"Markt-XXL Moxled Solar Flammenlicht, 4 St\u00fcck Solarleuchten f\u00fcr Au\u00dfen Garten mit Realistischen Fackeln und Automatische Ein\/Aus\u2026","og_url":"https:\/\/marktxxl.de\/markt\/produkt\/moxled-solar-flammenlicht-4-stueck-solarleuchten-fuer-aussen-garten-mit-realistischen-fackeln-und-automatische-ein-aus-ip65-wasserdichte-solarlampen-fuer-aussen-hinterhoefe-gaerten-rasen-beleucht\/","og_site_name":"Markt-XXL","article_modified_time":"2023-04-11T02:52:06+00:00","og_image":[{"width":500,"height":500,"url":"https:\/\/m.media-amazon.com\/images\/I\/614kRjce1yL._SL500_.jpg","type":"image\/jpeg"}],"twitter_card":"summary_large_image","twitter_misc":{"Gesch\u00e4tzte Lesezeit":"1\u00a0Minute"},"schema":{"@context":"https:\/\/schema.org","@graph":[{"@type":"WebPage","@id":"https:\/\/marktxxl.de\/markt\/produkt\/moxled-solar-flammenlicht-4-stueck-solarleuchten-fuer-aussen-garten-mit-realistischen-fackeln-und-automatische-ein-aus-ip65-wasserdichte-solarlampen-fuer-aussen-hinterhoefe-gaerten-rasen-beleucht\/","url":"https:\/\/marktxxl.de\/markt\/produkt\/moxled-solar-flammenlicht-4-stueck-solarleuchten-fuer-aussen-garten-mit-realistischen-fackeln-und-automatische-ein-aus-ip65-wasserdichte-solarlampen-fuer-aussen-hinterhoefe-gaerten-rasen-beleucht\/","name":"Moxled Solar Flammenlicht, 4 St\u00fcck Solarleuchten f\u00fcr Au\u00dfen Garten mit Realistischen Fackeln und Automatische Ein\/Aus\u2026 - Markt-XXL","isPartOf":{"@id":"https:\/\/marktxxl.de\/markt\/#website"},"primaryImageOfPage":{"@id":"https:\/\/marktxxl.de\/markt\/produkt\/moxled-solar-flammenlicht-4-stueck-solarleuchten-fuer-aussen-garten-mit-realistischen-fackeln-und-automatische-ein-aus-ip65-wasserdichte-solarlampen-fuer-aussen-hinterhoefe-gaerten-rasen-beleucht\/#primaryimage"},"image":{"@id":"https:\/\/marktxxl.de\/markt\/produkt\/moxled-solar-flammenlicht-4-stueck-solarleuchten-fuer-aussen-garten-mit-realistischen-fackeln-und-automatische-ein-aus-ip65-wasserdichte-solarlampen-fuer-aussen-hinterhoefe-gaerten-rasen-beleucht\/#primaryimage"},"thumbnailUrl":"https:\/\/m.media-amazon.com\/images\/I\/614kRjce1yL._SL500_.jpg","datePublished":"2022-11-11T06:45:21+00:00","dateModified":"2023-04-11T02:52:06+00:00","description":"Markt-XXL Moxled Solar Flammenlicht, 4 St\u00fcck Solarleuchten f\u00fcr Au\u00dfen Garten mit Realistischen Fackeln und Automatische Ein\/Aus\u2026","breadcrumb":{"@id":"https:\/\/marktxxl.de\/markt\/produkt\/moxled-solar-flammenlicht-4-stueck-solarleuchten-fuer-aussen-garten-mit-realistischen-fackeln-und-automatische-ein-aus-ip65-wasserdichte-solarlampen-fuer-aussen-hinterhoefe-gaerten-rasen-beleucht\/#breadcrumb"},"inLanguage":"de","potentialAction":[{"@type":"ReadAction","target":["https:\/\/marktxxl.de\/markt\/produkt\/moxled-solar-flammenlicht-4-stueck-solarleuchten-fuer-aussen-garten-mit-realistischen-fackeln-und-automatische-ein-aus-ip65-wasserdichte-solarlampen-fuer-aussen-hinterhoefe-gaerten-rasen-beleucht\/"]}]},{"@type":"ImageObject","inLanguage":"de","@id":"https:\/\/marktxxl.de\/markt\/produkt\/moxled-solar-flammenlicht-4-stueck-solarleuchten-fuer-aussen-garten-mit-realistischen-fackeln-und-automatische-ein-aus-ip65-wasserdichte-solarlampen-fuer-aussen-hinterhoefe-gaerten-rasen-beleucht\/#primaryimage","url":"https:\/\/m.media-amazon.com\/images\/I\/614kRjce1yL._SL500_.jpg","contentUrl":"https:\/\/m.media-amazon.com\/images\/I\/614kRjce1yL._SL500_.jpg","width":500,"height":500},{"@type":"BreadcrumbList","@id":"https:\/\/marktxxl.de\/markt\/produkt\/moxled-solar-flammenlicht-4-stueck-solarleuchten-fuer-aussen-garten-mit-realistischen-fackeln-und-automatische-ein-aus-ip65-wasserdichte-solarlampen-fuer-aussen-hinterhoefe-gaerten-rasen-beleucht\/#breadcrumb","itemListElement":[{"@type":"ListItem","position":1,"name":"Startseite","item":"https:\/\/marktxxl.de\/markt\/"},{"@type":"ListItem","position":2,"name":"Markt","item":"https:\/\/marktxxl.de\/markt\/"},{"@type":"ListItem","position":3,"name":"Moxled Solar Flammenlicht, 4 St\u00fcck Solarleuchten f\u00fcr Au\u00dfen Garten mit Realistischen Fackeln und Automatische Ein\/Aus\u2026"}]},{"@type":"WebSite","@id":"https:\/\/marktxxl.de\/markt\/#website","url":"https:\/\/marktxxl.de\/markt\/","name":"Markt-XXL","description":"Ihr Markt Online","publisher":{"@id":"https:\/\/marktxxl.de\/markt\/#organization"},"potentialAction":[{"@type":"SearchAction","target":{"@type":"EntryPoint","urlTemplate":"https:\/\/marktxxl.de\/markt\/?s={search_term_string}"},"query-input":{"@type":"PropertyValueSpecification","valueRequired":true,"valueName":"search_term_string"}}],"inLanguage":"de"},{"@type":"Organization","@id":"https:\/\/marktxxl.de\/markt\/#organization","name":"Markt-XXL","url":"https:\/\/marktxxl.de\/markt\/","logo":{"@type":"ImageObject","inLanguage":"de","@id":"https:\/\/marktxxl.de\/markt\/#\/schema\/logo\/image\/","url":"https:\/\/marktxxl.de\/markt\/wp-content\/uploads\/sites\/3\/2020\/12\/logo.png","contentUrl":"https:\/\/marktxxl.de\/markt\/wp-content\/uploads\/sites\/3\/2020\/12\/logo.png","width":200,"height":70,"caption":"Markt-XXL"},"image":{"@id":"https:\/\/marktxxl.de\/markt\/#\/schema\/logo\/image\/"}}]}},"_links":{"self":[{"href":"https:\/\/marktxxl.de\/markt\/wp-json\/wp\/v2\/product\/166394","targetHints":{"allow":["GET"]}}],"collection":[{"href":"https:\/\/marktxxl.de\/markt\/wp-json\/wp\/v2\/product"}],"about":[{"href":"https:\/\/marktxxl.de\/markt\/wp-json\/wp\/v2\/types\/product"}],"replies":[{"embeddable":true,"href":"https:\/\/marktxxl.de\/markt\/wp-json\/wp\/v2\/comments?post=166394"}],"wp:featuredmedia":[{"embeddable":true,"href":"https:\/\/marktxxl.de\/markt\/wp-json\/wp\/v2\/media\/166395"}],"wp:attachment":[{"href":"https:\/\/marktxxl.de\/markt\/wp-json\/wp\/v2\/media?parent=166394"}],"wp:term":[{"taxonomy":"product_brand","embeddable":true,"href":"https:\/\/marktxxl.de\/markt\/wp-json\/wp\/v2\/product_brand?post=166394"},{"taxonomy":"product_cat","embeddable":true,"href":"https:\/\/marktxxl.de\/markt\/wp-json\/wp\/v2\/product_cat?post=166394"},{"taxonomy":"product_tag","embeddable":true,"href":"https:\/\/marktxxl.de\/markt\/wp-json\/wp\/v2\/product_tag?post=166394"}],"curies":[{"name":"wp","href":"https:\/\/api.w.org\/{rel}","templated":true}]}}