{"id":166282,"date":"2022-11-11T07:40:21","date_gmt":"2022-11-11T06:40:21","guid":{"rendered":"https:\/\/marktxxl.de\/markt\/produkt\/emnt-camping-lampe-led-15000mah-mit-usb-aufladbar-campinglampe-wasserdicht-camping-licht-mit-taschenlampe-funktion-fuer-wandern-outdoor-notfall\/"},"modified":"2023-04-11T04:51:21","modified_gmt":"2023-04-11T02:51:21","slug":"emnt-camping-lampe-led-15000mah-mit-usb-aufladbar-campinglampe-wasserdicht-camping-licht-mit-taschenlampe-funktion-fuer-wandern-outdoor-notfall","status":"publish","type":"product","link":"https:\/\/marktxxl.de\/markt\/produkt\/emnt-camping-lampe-led-15000mah-mit-usb-aufladbar-campinglampe-wasserdicht-camping-licht-mit-taschenlampe-funktion-fuer-wandern-outdoor-notfall\/","title":{"rendered":"EMNT LED Campinglampe 15000mAh mit USB Aufladbar Camping Laterne Tragbar Wasserdicht, Camping Licht mit 4 Lichtmodi f\u00fcr\u2026"},"content":{"rendered":"<p>Wiederaufladbare USB\/ Zeltlampe &amp; Powerbank Funktion: Die eingebaute 15000mAh Lithiumbatterie erm\u00f6glicht das Aufladen der Laterne \u00fcber ein USB-Kabel. Sie m\u00fcssen kein Geld f\u00fcr Batterien ausgeben. Es kann auch als Energiebank fungieren, um Ihr Telefon oder Ihren Laptop vor\u00fcbergehend aufzuladen.<br \/>\n4 Lichtmodi: Campinglicht mit Wei\u00df, Kaltwei\u00df, Warmwei\u00df. Perfekter Einsatz in allen dunklen Szenen, insbesondere f\u00fcr Indoor, Camping, Picknick, Wandern, Nachtangeln, Jagen usw. Dar\u00fcber hinaus kann der blinkend rote Modus als klarer visueller Alarm-SOS verwendet werden.<br \/>\nLED Laterne Camping: Mit einer Helligkeit von bis zu 500 Lumen und einem 360-Grad-Strahlwinkel kann diese Laterne ausreichende Helligkeit f\u00fcr Outdoor-Aktivit\u00e4ten oder pl\u00f6tzliche Stromausf\u00e4lle liefern.<br \/>\nIP66 wasserdichter Doppelschalter: LED zeltlampe haben die IP66-Zertifizierung f\u00fcr Wasserdichtigkeit und Staubdichtigkeit bestanden. Es ist rundum wasserdicht und versiegelt, keine Angst vor starkem Regen, Wind und Schnee.<br \/>\nWasserdicht Camping Beleuchtung: Die Camping Lampe mit ihrem innovativen und praktischen Haken zum Aufh\u00e4ngen-Design ist mit einem robusten Geh\u00e4use ausgestattet. Die Campingleuchte ist spritzwassergesch\u00fctzt und somit ideal f\u00fcr jeden Einsatzbereich, ideal f\u00fcr den Arbeitseinsatz, Camping, Picknick, Balkon, Terrasse, Radfahren, Klettern und andere Outdoor-Aktivit\u00e4ten sowie als Hilfs- bzw. Notlicht<br \/>\n<div class=\"main-cross-sell\" data-asin=\"B08HV57LYY\">\n\n\t<div class=\"WooZone-cross-sell-loader\">\n\t\t<div>\n\t\t\t<div id=\"floatingBarsG\">\n\t\t\t\t<div class=\"blockG\" id=\"rotateG_01\"><\/div>\n\t\t\t\t<div class=\"blockG\" id=\"rotateG_02\"><\/div>\n\t\t\t\t<div class=\"blockG\" id=\"rotateG_03\"><\/div>\n\t\t\t\t<div class=\"blockG\" id=\"rotateG_04\"><\/div>\n\t\t\t\t<div class=\"blockG\" id=\"rotateG_05\"><\/div>\n\t\t\t\t<div class=\"blockG\" id=\"rotateG_06\"><\/div>\n\t\t\t\t<div class=\"blockG\" id=\"rotateG_07\"><\/div>\n\t\t\t\t<div class=\"blockG\" id=\"rotateG_08\"><\/div>\n\t\t\t<\/div>\n\t\t\t<div class=\"WooZone-cross-sell-loader-text\"><\/div>\n\t\t<\/div>\n\t<\/div>\n\n\t\t\n<\/div>\n<div style=\"clear:both;\"><\/div><\/p>\n","protected":false},"excerpt":{"rendered":"<p>Wiederaufladbare USB\/ Zeltlampe &amp; Powerbank Funktion: Die eingebaute 15000mAh Lithiumbatterie erm\u00f6glicht das Aufladen der Laterne \u00fcber ein USB-Kabel. Sie m\u00fcssen kein Geld f\u00fcr Batterien ausgeben. Es kann auch als Energiebank fungieren, um Ihr Telefon oder Ihren Laptop vor\u00fcbergehend aufzuladen.<br \/>\n4 Lichtmodi: Campinglicht mit Wei\u00df, Kaltwei\u00df, Warmwei\u00df. Perfekter Einsatz in allen dunklen Szenen, insbesondere f\u00fcr Indoor, Camping, Picknick, Wandern, Nachtangeln, Jagen usw. Dar\u00fcber hinaus kann der blinkend rote Modus als klarer visueller Alarm-SOS verwendet werden.<br \/>\nLED Laterne Camping: Mit einer Helligkeit von bis zu 500 Lumen und einem 360-Grad-Strahlwinkel kann diese Laterne ausreichende Helligkeit f\u00fcr Outdoor-Aktivit\u00e4ten oder pl\u00f6tzliche Stromausf\u00e4lle liefern.<\/p>\n","protected":false},"featured_media":166283,"comment_status":"open","ping_status":"closed","template":"","meta":[],"product_brand":[],"product_cat":[2108],"product_tag":[],"class_list":{"0":"post-166282","1":"product","2":"type-product","3":"status-publish","4":"has-post-thumbnail","6":"product_cat-beleuchtung","7":"pa_brand-emnt","8":"pa_color-militaergruen","9":"pa_manufacturer-shenzhen-jiezhihe-technology-co-ltd","10":"pa_model-c8","12":"first","13":"instock","14":"shipping-taxable","15":"purchasable","16":"product-type-simple","17":"customify-col","18":"product-has-gallery"},"yoast_head":"<!-- This site is optimized with the Yoast SEO plugin v27.4 - https:\/\/yoast.com\/product\/yoast-seo-wordpress\/ -->\n<title>EMNT LED Campinglampe 15000mAh mit USB Aufladbar Camping Laterne Tragbar Wasserdicht, Camping Licht mit 4 Lichtmodi f\u00fcr\u2026 - Markt-XXL<\/title>\n<meta name=\"description\" content=\"Markt-XXL EMNT LED Campinglampe 15000mAh mit USB Aufladbar Camping Laterne Tragbar Wasserdicht, Camping Licht mit 4 Lichtmodi f\u00fcr\u2026\" \/>\n<meta name=\"robots\" content=\"index, follow, max-snippet:-1, max-image-preview:large, max-video-preview:-1\" \/>\n<link rel=\"canonical\" href=\"https:\/\/marktxxl.de\/markt\/produkt\/emnt-camping-lampe-led-15000mah-mit-usb-aufladbar-campinglampe-wasserdicht-camping-licht-mit-taschenlampe-funktion-fuer-wandern-outdoor-notfall\/\" \/>\n<meta property=\"og:locale\" content=\"de_DE\" \/>\n<meta property=\"og:type\" content=\"article\" \/>\n<meta property=\"og:title\" content=\"EMNT LED Campinglampe 15000mAh mit USB Aufladbar Camping Laterne Tragbar Wasserdicht, Camping Licht mit 4 Lichtmodi f\u00fcr\u2026 - Markt-XXL\" \/>\n<meta property=\"og:description\" content=\"Markt-XXL EMNT LED Campinglampe 15000mAh mit USB Aufladbar Camping Laterne Tragbar Wasserdicht, Camping Licht mit 4 Lichtmodi f\u00fcr\u2026\" \/>\n<meta property=\"og:url\" content=\"https:\/\/marktxxl.de\/markt\/produkt\/emnt-camping-lampe-led-15000mah-mit-usb-aufladbar-campinglampe-wasserdicht-camping-licht-mit-taschenlampe-funktion-fuer-wandern-outdoor-notfall\/\" \/>\n<meta property=\"og:site_name\" content=\"Markt-XXL\" \/>\n<meta property=\"article:modified_time\" content=\"2023-04-11T02:51:21+00:00\" \/>\n<meta property=\"og:image\" content=\"https:\/\/m.media-amazon.com\/images\/I\/31HZcm4rerL._SL500_.jpg\" \/>\n\t<meta property=\"og:image:width\" content=\"500\" \/>\n\t<meta property=\"og:image:height\" content=\"500\" \/>\n\t<meta property=\"og:image:type\" content=\"image\/jpeg\" \/>\n<meta name=\"twitter:card\" content=\"summary_large_image\" \/>\n<meta name=\"twitter:label1\" content=\"Gesch\u00e4tzte Lesezeit\" \/>\n\t<meta name=\"twitter:data1\" content=\"1\u00a0Minute\" \/>\n<script type=\"application\/ld+json\" class=\"yoast-schema-graph\">{\"@context\":\"https:\\\/\\\/schema.org\",\"@graph\":[{\"@type\":\"WebPage\",\"@id\":\"https:\\\/\\\/marktxxl.de\\\/markt\\\/produkt\\\/emnt-camping-lampe-led-15000mah-mit-usb-aufladbar-campinglampe-wasserdicht-camping-licht-mit-taschenlampe-funktion-fuer-wandern-outdoor-notfall\\\/\",\"url\":\"https:\\\/\\\/marktxxl.de\\\/markt\\\/produkt\\\/emnt-camping-lampe-led-15000mah-mit-usb-aufladbar-campinglampe-wasserdicht-camping-licht-mit-taschenlampe-funktion-fuer-wandern-outdoor-notfall\\\/\",\"name\":\"EMNT LED Campinglampe 15000mAh mit USB Aufladbar Camping Laterne Tragbar Wasserdicht, Camping Licht mit 4 Lichtmodi f\u00fcr\u2026 - Markt-XXL\",\"isPartOf\":{\"@id\":\"https:\\\/\\\/marktxxl.de\\\/markt\\\/#website\"},\"primaryImageOfPage\":{\"@id\":\"https:\\\/\\\/marktxxl.de\\\/markt\\\/produkt\\\/emnt-camping-lampe-led-15000mah-mit-usb-aufladbar-campinglampe-wasserdicht-camping-licht-mit-taschenlampe-funktion-fuer-wandern-outdoor-notfall\\\/#primaryimage\"},\"image\":{\"@id\":\"https:\\\/\\\/marktxxl.de\\\/markt\\\/produkt\\\/emnt-camping-lampe-led-15000mah-mit-usb-aufladbar-campinglampe-wasserdicht-camping-licht-mit-taschenlampe-funktion-fuer-wandern-outdoor-notfall\\\/#primaryimage\"},\"thumbnailUrl\":\"https:\\\/\\\/m.media-amazon.com\\\/images\\\/I\\\/31HZcm4rerL._SL500_.jpg\",\"datePublished\":\"2022-11-11T06:40:21+00:00\",\"dateModified\":\"2023-04-11T02:51:21+00:00\",\"description\":\"Markt-XXL EMNT LED Campinglampe 15000mAh mit USB Aufladbar Camping Laterne Tragbar Wasserdicht, Camping Licht mit 4 Lichtmodi f\u00fcr\u2026\",\"breadcrumb\":{\"@id\":\"https:\\\/\\\/marktxxl.de\\\/markt\\\/produkt\\\/emnt-camping-lampe-led-15000mah-mit-usb-aufladbar-campinglampe-wasserdicht-camping-licht-mit-taschenlampe-funktion-fuer-wandern-outdoor-notfall\\\/#breadcrumb\"},\"inLanguage\":\"de\",\"potentialAction\":[{\"@type\":\"ReadAction\",\"target\":[\"https:\\\/\\\/marktxxl.de\\\/markt\\\/produkt\\\/emnt-camping-lampe-led-15000mah-mit-usb-aufladbar-campinglampe-wasserdicht-camping-licht-mit-taschenlampe-funktion-fuer-wandern-outdoor-notfall\\\/\"]}]},{\"@type\":\"ImageObject\",\"inLanguage\":\"de\",\"@id\":\"https:\\\/\\\/marktxxl.de\\\/markt\\\/produkt\\\/emnt-camping-lampe-led-15000mah-mit-usb-aufladbar-campinglampe-wasserdicht-camping-licht-mit-taschenlampe-funktion-fuer-wandern-outdoor-notfall\\\/#primaryimage\",\"url\":\"https:\\\/\\\/m.media-amazon.com\\\/images\\\/I\\\/31HZcm4rerL._SL500_.jpg\",\"contentUrl\":\"https:\\\/\\\/m.media-amazon.com\\\/images\\\/I\\\/31HZcm4rerL._SL500_.jpg\",\"width\":500,\"height\":500},{\"@type\":\"BreadcrumbList\",\"@id\":\"https:\\\/\\\/marktxxl.de\\\/markt\\\/produkt\\\/emnt-camping-lampe-led-15000mah-mit-usb-aufladbar-campinglampe-wasserdicht-camping-licht-mit-taschenlampe-funktion-fuer-wandern-outdoor-notfall\\\/#breadcrumb\",\"itemListElement\":[{\"@type\":\"ListItem\",\"position\":1,\"name\":\"Startseite\",\"item\":\"https:\\\/\\\/marktxxl.de\\\/markt\\\/\"},{\"@type\":\"ListItem\",\"position\":2,\"name\":\"Markt\",\"item\":\"https:\\\/\\\/marktxxl.de\\\/markt\\\/\"},{\"@type\":\"ListItem\",\"position\":3,\"name\":\"EMNT LED Campinglampe 15000mAh mit USB Aufladbar Camping Laterne Tragbar Wasserdicht, Camping Licht mit 4 Lichtmodi f\u00fcr\u2026\"}]},{\"@type\":\"WebSite\",\"@id\":\"https:\\\/\\\/marktxxl.de\\\/markt\\\/#website\",\"url\":\"https:\\\/\\\/marktxxl.de\\\/markt\\\/\",\"name\":\"Markt-XXL\",\"description\":\"Ihr Markt Online\",\"publisher\":{\"@id\":\"https:\\\/\\\/marktxxl.de\\\/markt\\\/#organization\"},\"potentialAction\":[{\"@type\":\"SearchAction\",\"target\":{\"@type\":\"EntryPoint\",\"urlTemplate\":\"https:\\\/\\\/marktxxl.de\\\/markt\\\/?s={search_term_string}\"},\"query-input\":{\"@type\":\"PropertyValueSpecification\",\"valueRequired\":true,\"valueName\":\"search_term_string\"}}],\"inLanguage\":\"de\"},{\"@type\":\"Organization\",\"@id\":\"https:\\\/\\\/marktxxl.de\\\/markt\\\/#organization\",\"name\":\"Markt-XXL\",\"url\":\"https:\\\/\\\/marktxxl.de\\\/markt\\\/\",\"logo\":{\"@type\":\"ImageObject\",\"inLanguage\":\"de\",\"@id\":\"https:\\\/\\\/marktxxl.de\\\/markt\\\/#\\\/schema\\\/logo\\\/image\\\/\",\"url\":\"https:\\\/\\\/marktxxl.de\\\/markt\\\/wp-content\\\/uploads\\\/sites\\\/3\\\/2020\\\/12\\\/logo.png\",\"contentUrl\":\"https:\\\/\\\/marktxxl.de\\\/markt\\\/wp-content\\\/uploads\\\/sites\\\/3\\\/2020\\\/12\\\/logo.png\",\"width\":200,\"height\":70,\"caption\":\"Markt-XXL\"},\"image\":{\"@id\":\"https:\\\/\\\/marktxxl.de\\\/markt\\\/#\\\/schema\\\/logo\\\/image\\\/\"}}]}<\/script>\n<!-- \/ Yoast SEO plugin. -->","yoast_head_json":{"title":"EMNT LED Campinglampe 15000mAh mit USB Aufladbar Camping Laterne Tragbar Wasserdicht, Camping Licht mit 4 Lichtmodi f\u00fcr\u2026 - Markt-XXL","description":"Markt-XXL EMNT LED Campinglampe 15000mAh mit USB Aufladbar Camping Laterne Tragbar Wasserdicht, Camping Licht mit 4 Lichtmodi f\u00fcr\u2026","robots":{"index":"index","follow":"follow","max-snippet":"max-snippet:-1","max-image-preview":"max-image-preview:large","max-video-preview":"max-video-preview:-1"},"canonical":"https:\/\/marktxxl.de\/markt\/produkt\/emnt-camping-lampe-led-15000mah-mit-usb-aufladbar-campinglampe-wasserdicht-camping-licht-mit-taschenlampe-funktion-fuer-wandern-outdoor-notfall\/","og_locale":"de_DE","og_type":"article","og_title":"EMNT LED Campinglampe 15000mAh mit USB Aufladbar Camping Laterne Tragbar Wasserdicht, Camping Licht mit 4 Lichtmodi f\u00fcr\u2026 - Markt-XXL","og_description":"Markt-XXL EMNT LED Campinglampe 15000mAh mit USB Aufladbar Camping Laterne Tragbar Wasserdicht, Camping Licht mit 4 Lichtmodi f\u00fcr\u2026","og_url":"https:\/\/marktxxl.de\/markt\/produkt\/emnt-camping-lampe-led-15000mah-mit-usb-aufladbar-campinglampe-wasserdicht-camping-licht-mit-taschenlampe-funktion-fuer-wandern-outdoor-notfall\/","og_site_name":"Markt-XXL","article_modified_time":"2023-04-11T02:51:21+00:00","og_image":[{"width":500,"height":500,"url":"https:\/\/m.media-amazon.com\/images\/I\/31HZcm4rerL._SL500_.jpg","type":"image\/jpeg"}],"twitter_card":"summary_large_image","twitter_misc":{"Gesch\u00e4tzte Lesezeit":"1\u00a0Minute"},"schema":{"@context":"https:\/\/schema.org","@graph":[{"@type":"WebPage","@id":"https:\/\/marktxxl.de\/markt\/produkt\/emnt-camping-lampe-led-15000mah-mit-usb-aufladbar-campinglampe-wasserdicht-camping-licht-mit-taschenlampe-funktion-fuer-wandern-outdoor-notfall\/","url":"https:\/\/marktxxl.de\/markt\/produkt\/emnt-camping-lampe-led-15000mah-mit-usb-aufladbar-campinglampe-wasserdicht-camping-licht-mit-taschenlampe-funktion-fuer-wandern-outdoor-notfall\/","name":"EMNT LED Campinglampe 15000mAh mit USB Aufladbar Camping Laterne Tragbar Wasserdicht, Camping Licht mit 4 Lichtmodi f\u00fcr\u2026 - Markt-XXL","isPartOf":{"@id":"https:\/\/marktxxl.de\/markt\/#website"},"primaryImageOfPage":{"@id":"https:\/\/marktxxl.de\/markt\/produkt\/emnt-camping-lampe-led-15000mah-mit-usb-aufladbar-campinglampe-wasserdicht-camping-licht-mit-taschenlampe-funktion-fuer-wandern-outdoor-notfall\/#primaryimage"},"image":{"@id":"https:\/\/marktxxl.de\/markt\/produkt\/emnt-camping-lampe-led-15000mah-mit-usb-aufladbar-campinglampe-wasserdicht-camping-licht-mit-taschenlampe-funktion-fuer-wandern-outdoor-notfall\/#primaryimage"},"thumbnailUrl":"https:\/\/m.media-amazon.com\/images\/I\/31HZcm4rerL._SL500_.jpg","datePublished":"2022-11-11T06:40:21+00:00","dateModified":"2023-04-11T02:51:21+00:00","description":"Markt-XXL EMNT LED Campinglampe 15000mAh mit USB Aufladbar Camping Laterne Tragbar Wasserdicht, Camping Licht mit 4 Lichtmodi f\u00fcr\u2026","breadcrumb":{"@id":"https:\/\/marktxxl.de\/markt\/produkt\/emnt-camping-lampe-led-15000mah-mit-usb-aufladbar-campinglampe-wasserdicht-camping-licht-mit-taschenlampe-funktion-fuer-wandern-outdoor-notfall\/#breadcrumb"},"inLanguage":"de","potentialAction":[{"@type":"ReadAction","target":["https:\/\/marktxxl.de\/markt\/produkt\/emnt-camping-lampe-led-15000mah-mit-usb-aufladbar-campinglampe-wasserdicht-camping-licht-mit-taschenlampe-funktion-fuer-wandern-outdoor-notfall\/"]}]},{"@type":"ImageObject","inLanguage":"de","@id":"https:\/\/marktxxl.de\/markt\/produkt\/emnt-camping-lampe-led-15000mah-mit-usb-aufladbar-campinglampe-wasserdicht-camping-licht-mit-taschenlampe-funktion-fuer-wandern-outdoor-notfall\/#primaryimage","url":"https:\/\/m.media-amazon.com\/images\/I\/31HZcm4rerL._SL500_.jpg","contentUrl":"https:\/\/m.media-amazon.com\/images\/I\/31HZcm4rerL._SL500_.jpg","width":500,"height":500},{"@type":"BreadcrumbList","@id":"https:\/\/marktxxl.de\/markt\/produkt\/emnt-camping-lampe-led-15000mah-mit-usb-aufladbar-campinglampe-wasserdicht-camping-licht-mit-taschenlampe-funktion-fuer-wandern-outdoor-notfall\/#breadcrumb","itemListElement":[{"@type":"ListItem","position":1,"name":"Startseite","item":"https:\/\/marktxxl.de\/markt\/"},{"@type":"ListItem","position":2,"name":"Markt","item":"https:\/\/marktxxl.de\/markt\/"},{"@type":"ListItem","position":3,"name":"EMNT LED Campinglampe 15000mAh mit USB Aufladbar Camping Laterne Tragbar Wasserdicht, Camping Licht mit 4 Lichtmodi f\u00fcr\u2026"}]},{"@type":"WebSite","@id":"https:\/\/marktxxl.de\/markt\/#website","url":"https:\/\/marktxxl.de\/markt\/","name":"Markt-XXL","description":"Ihr Markt Online","publisher":{"@id":"https:\/\/marktxxl.de\/markt\/#organization"},"potentialAction":[{"@type":"SearchAction","target":{"@type":"EntryPoint","urlTemplate":"https:\/\/marktxxl.de\/markt\/?s={search_term_string}"},"query-input":{"@type":"PropertyValueSpecification","valueRequired":true,"valueName":"search_term_string"}}],"inLanguage":"de"},{"@type":"Organization","@id":"https:\/\/marktxxl.de\/markt\/#organization","name":"Markt-XXL","url":"https:\/\/marktxxl.de\/markt\/","logo":{"@type":"ImageObject","inLanguage":"de","@id":"https:\/\/marktxxl.de\/markt\/#\/schema\/logo\/image\/","url":"https:\/\/marktxxl.de\/markt\/wp-content\/uploads\/sites\/3\/2020\/12\/logo.png","contentUrl":"https:\/\/marktxxl.de\/markt\/wp-content\/uploads\/sites\/3\/2020\/12\/logo.png","width":200,"height":70,"caption":"Markt-XXL"},"image":{"@id":"https:\/\/marktxxl.de\/markt\/#\/schema\/logo\/image\/"}}]}},"_links":{"self":[{"href":"https:\/\/marktxxl.de\/markt\/wp-json\/wp\/v2\/product\/166282","targetHints":{"allow":["GET"]}}],"collection":[{"href":"https:\/\/marktxxl.de\/markt\/wp-json\/wp\/v2\/product"}],"about":[{"href":"https:\/\/marktxxl.de\/markt\/wp-json\/wp\/v2\/types\/product"}],"replies":[{"embeddable":true,"href":"https:\/\/marktxxl.de\/markt\/wp-json\/wp\/v2\/comments?post=166282"}],"wp:featuredmedia":[{"embeddable":true,"href":"https:\/\/marktxxl.de\/markt\/wp-json\/wp\/v2\/media\/166283"}],"wp:attachment":[{"href":"https:\/\/marktxxl.de\/markt\/wp-json\/wp\/v2\/media?parent=166282"}],"wp:term":[{"taxonomy":"product_brand","embeddable":true,"href":"https:\/\/marktxxl.de\/markt\/wp-json\/wp\/v2\/product_brand?post=166282"},{"taxonomy":"product_cat","embeddable":true,"href":"https:\/\/marktxxl.de\/markt\/wp-json\/wp\/v2\/product_cat?post=166282"},{"taxonomy":"product_tag","embeddable":true,"href":"https:\/\/marktxxl.de\/markt\/wp-json\/wp\/v2\/product_tag?post=166282"}],"curies":[{"name":"wp","href":"https:\/\/api.w.org\/{rel}","templated":true}]}}